{"id":14826,"date":"2026-01-13T20:31:24","date_gmt":"2026-01-13T19:31:24","guid":{"rendered":"https:\/\/oponyauto.shop\/xef5\/produkt\/2x-opony-225-75r16-general-grabber-x3-115-112q\/"},"modified":"2026-01-13T20:31:26","modified_gmt":"2026-01-13T19:31:26","slug":"2x-opony-225-75r16-general-grabber-x3-115-112q","status":"publish","type":"product","link":"https:\/\/oponixo.shop\/tire\/produkt\/2x-opony-225-75r16-general-grabber-x3-115-112q\/","title":{"rendered":"2x opony 225\/75R16 GENERAL GRABBER X3 115\/112Q"},"content":{"rendered":"<div style=\"font-family: Arial, sans-serif; line-height: 1.6; color: #333; padding: 20px; clear: both; display: block; width: 100%; float: none; position: static; overflow: hidden;\">\n<div style=\"clear: both; display: block; margin: 10px 0;\">\n<div style=\"clear: both; display: block; margin: 10px 0;\">\n<div style=\"clear: both; display: block; margin: 10px 0;\">\n<h2>Opona letnia General Grabber X3 225\/75R16 115 Q rant ochronny<\/h2>\n<p style=\"margin: 15px 0; line-height: 1.8; clear: both; display: block; width: 100%; float: none; position: static;\">Opona letnia General Grabber X3 225\/75R16 115 Q rant ochronny<\/p>\n<p style=\"margin: 15px 0; line-height: 1.8; clear: both; display: block; width: 100%; float: none; position: static;\">Cechy produktu:<\/p>\n<ul style=\"margin: 15px 0; padding-left: 20px; clear: both; display: block; width: 100%; float: none; position: static;\">\n<li style=\"margin: 5px 0; padding: 2px 0; clear: both; display: list-item; float: none; position: static;\">sezon: letnie<\/li>\n<li style=\"margin: 5px 0; padding: 2px 0; clear: both; display: list-item; float: none; position: static;\">szeroko\u015b\u0107\/profil\/\u015brednica: 225\/75R16<\/li>\n<li style=\"margin: 5px 0; padding: 2px 0; clear: both; display: list-item; float: none; position: static;\">indeks no\u015bno\u015bci: 115 &#8211; 1215 kg<\/li>\n<li style=\"margin: 5px 0; padding: 2px 0; clear: both; display: list-item; float: none; position: static;\">indeks pr\u0119dko\u015bci: Q do 160 km\/h<\/li>\n<li style=\"margin: 5px 0; padding: 2px 0; clear: both; display: list-item; float: none; position: static;\">rant ochronny<\/li>\n<\/ul>\n<\/div>\n<\/div>\n<div style=\"clear: both; display: block; margin: 10px 0;\">\n<div style=\"clear: both; display: block; margin: 10px 0;\">\n<div  style=\"max-width:920px;max-height:1120px\">\n<div style=\"clear: both; display: block; margin: 10px 0;\">\n<div style=\"clear: both; width: 100%; display: block; margin: 20px 0; padding: 0; float: none; position: static; text-align: center;\"><img decoding=\"async\"  src=\"https:\/\/a.allegroimg.com\/original\/11890b\/5be04ed9438cac1735d906a5e1db\/2x-opony-225-75R16-GENERAL-GRABBER-X3-115-112Q\" srcset=\"https:\/\/a.allegroimg.com\/original\/11890b\/5be04ed9438cac1735d906a5e1db\/2x-opony-225-75R16-GENERAL-GRABBER-X3-115-112Q 295w,https:\/\/a.allegroimg.com\/original\/11890b\/5be04ed9438cac1735d906a5e1db\/2x-opony-225-75R16-GENERAL-GRABBER-X3-115-112Q 591w,https:\/\/a.allegroimg.com\/original\/11890b\/5be04ed9438cac1735d906a5e1db\/2x-opony-225-75R16-GENERAL-GRABBER-X3-115-112Q 841w,https:\/\/a.allegroimg.com\/original\/11890b\/5be04ed9438cac1735d906a5e1db\/2x-opony-225-75R16-GENERAL-GRABBER-X3-115-112Q 920w,https:\/\/a.allegroimg.com\/original\/11890b\/5be04ed9438cac1735d906a5e1db\/2x-opony-225-75R16-GENERAL-GRABBER-X3-115-112Q 920w\" sizes=\"(min-width: 1200px) 560px, (min-width: 992px) 50vw, 100vw\" width=\"920px\" alt=\"2x opony 225\/75R16 GENERAL GRABBER X3 115\/112Q\" style=\"max-width: 100%; height: auto; display: block; margin: 0 auto;\"><\/div>\n<\/div>\n<\/div>\n<\/div>\n<\/div>\n<\/div>\n<div style=\"clear: both; display: block; margin: 10px 0;\">\n<div style=\"clear: both; display: block; margin: 10px 0;\">\n<div style=\"clear: both; display: block; margin: 10px 0;\">\n<h3 style=\"color: #2c5aa0; font-size: 18px; margin: 30px 0 15px 0; font-weight: bold; clear: both; display: block; width: 100%; float: none; position: static;\">Informacje dodatkowe:<\/h3>\n<ul style=\"margin: 15px 0; padding-left: 20px; clear: both; display: block; width: 100%; float: none; position: static;\">\n<li style=\"margin: 5px 0; padding: 2px 0; clear: both; display: list-item; float: none; position: static;\">rok produkcji: 2024\/2025 (kupuj\u0105c z tej oferty otrzymasz opony fabrycznie nowe, pe\u0142nowarto\u015bciowe) <\/li>\n<li style=\"margin: 5px 0; padding: 2px 0; clear: both; display: list-item; float: none; position: static;\">stan: fabrycznie nowe <\/li>\n<\/ul>\n<\/div>\n<\/div>\n<\/div>\n<div style=\"clear: both; display: block; margin: 10px 0;\">\n<div style=\"clear: both; display: block; margin: 10px 0;\">\n<div style=\"clear: both; display: block; margin: 10px 0;\">\n<div  style=\"max-width:920px;max-height:1120px\">\n<div style=\"clear: both; display: block; margin: 10px 0;\">\n<div style=\"clear: both; width: 100%; display: block; margin: 20px 0; padding: 0; float: none; position: static; text-align: center;\"><img decoding=\"async\"  src=\"https:\/\/a.allegroimg.com\/original\/11890b\/5be04ed9438cac1735d906a5e1db\/2x-opony-225-75R16-GENERAL-GRABBER-X3-115-112Q\" srcset=\"https:\/\/a.allegroimg.com\/original\/11890b\/5be04ed9438cac1735d906a5e1db\/2x-opony-225-75R16-GENERAL-GRABBER-X3-115-112Q 295w,https:\/\/a.allegroimg.com\/original\/11890b\/5be04ed9438cac1735d906a5e1db\/2x-opony-225-75R16-GENERAL-GRABBER-X3-115-112Q 591w,https:\/\/a.allegroimg.com\/original\/11890b\/5be04ed9438cac1735d906a5e1db\/2x-opony-225-75R16-GENERAL-GRABBER-X3-115-112Q 841w,https:\/\/a.allegroimg.com\/original\/11890b\/5be04ed9438cac1735d906a5e1db\/2x-opony-225-75R16-GENERAL-GRABBER-X3-115-112Q 920w,https:\/\/a.allegroimg.com\/original\/11890b\/5be04ed9438cac1735d906a5e1db\/2x-opony-225-75R16-GENERAL-GRABBER-X3-115-112Q 920w\" sizes=\"100vw\" width=\"920px\" alt=\"2x opony 225\/75R16 GENERAL GRABBER X3 115\/112Q\" style=\"max-width: 100%; height: auto; display: block; margin: 0 auto;\"><\/div>\n<\/div>\n<\/div>\n<\/div>\n<\/div>\n<\/div>\n<\/div>\n<\/div>\n<\/div>\n<div style=\"clear: both; display: block; margin: 10px 0;\">\n","protected":false},"excerpt":{"rendered":"<p>Opona letnia General Grabber X3 225\/75R16 115 Q rant ochronny<\/p>\n<p>Opona letnia General Grabber X3 225\/75R16 115 Q rant ochronny<\/p>\n<p>Cechy produktu:<\/p>\n<p>sezon: letnie<\/p>\n<p>szeroko\u015b\u0107\/profil\/\u015brednica: 225\/75R16<\/p>\n<p>indeks no\u015bno\u015bci: 115 &#8211; 1215 kg<\/p>\n<p>indeks pr\u0119dko\u015bci: Q do 160 km\/h<\/p>\n<p>rant ochronny<\/p>\n","protected":false},"featured_media":14827,"template":"","meta":{"_uag_custom_page_level_css":""},"product_brand":[481],"product_cat":[414,418,413,412],"product_tag":[],"class_list":{"0":"post-14826","1":"product","2":"type-product","3":"status-publish","4":"has-post-thumbnail","6":"product_brand-general","7":"product_cat-do-samochodow-osobowych-i-suv","8":"product_cat-letnie","9":"product_cat-opony","10":"product_cat-opony-i-felgi","12":"first","13":"instock","14":"shipping-taxable","15":"purchasable","16":"product-type-simple"},"uagb_featured_image_src":{"full":["https:\/\/oponixo.shop\/tire\/wp-content\/uploads\/2026\/01\/allegro-image-14826.jpg",920,1120,false],"thumbnail":["https:\/\/oponixo.shop\/tire\/wp-content\/uploads\/2026\/01\/allegro-image-14826-150x150.jpg",150,150,true],"medium":["https:\/\/oponixo.shop\/tire\/wp-content\/uploads\/2026\/01\/allegro-image-14826-246x300.jpg",246,300,true],"medium_large":["https:\/\/oponixo.shop\/tire\/wp-content\/uploads\/2026\/01\/allegro-image-14826-768x935.jpg",768,935,true],"large":["https:\/\/oponixo.shop\/tire\/wp-content\/uploads\/2026\/01\/allegro-image-14826-841x1024.jpg",841,1024,true],"1536x1536":["https:\/\/oponixo.shop\/tire\/wp-content\/uploads\/2026\/01\/allegro-image-14826.jpg",920,1120,false],"2048x2048":["https:\/\/oponixo.shop\/tire\/wp-content\/uploads\/2026\/01\/allegro-image-14826.jpg",920,1120,false],"woocommerce_thumbnail":["https:\/\/oponixo.shop\/tire\/wp-content\/uploads\/2026\/01\/allegro-image-14826-300x300.jpg",300,300,true],"woocommerce_single":["https:\/\/oponixo.shop\/tire\/wp-content\/uploads\/2026\/01\/allegro-image-14826-600x730.jpg",600,730,true],"woocommerce_gallery_thumbnail":["https:\/\/oponixo.shop\/tire\/wp-content\/uploads\/2026\/01\/allegro-image-14826-100x100.jpg",100,100,true]},"uagb_author_info":{"display_name":"admin","author_link":"https:\/\/oponixo.shop\/tire\/author\/"},"uagb_comment_info":0,"uagb_excerpt":"Opona letnia General Grabber X3 225\/75R16 115 Q rant ochronny Opona letnia General Grabber X3 225\/75R16 115 Q rant ochronny Cechy produktu: sezon: letnie szeroko\u015b\u0107\/profil\/\u015brednica: 225\/75R16 indeks no\u015bno\u015bci: 115 - 1215 kg indeks pr\u0119dko\u015bci: Q do 160 km\/h rant ochronny","_links":{"self":[{"href":"https:\/\/oponixo.shop\/tire\/wp-json\/wp\/v2\/product\/14826","targetHints":{"allow":["GET"]}}],"collection":[{"href":"https:\/\/oponixo.shop\/tire\/wp-json\/wp\/v2\/product"}],"about":[{"href":"https:\/\/oponixo.shop\/tire\/wp-json\/wp\/v2\/types\/product"}],"wp:featuredmedia":[{"embeddable":true,"href":"https:\/\/oponixo.shop\/tire\/wp-json\/wp\/v2\/media\/14827"}],"wp:attachment":[{"href":"https:\/\/oponixo.shop\/tire\/wp-json\/wp\/v2\/media?parent=14826"}],"wp:term":[{"taxonomy":"product_brand","embeddable":true,"href":"https:\/\/oponixo.shop\/tire\/wp-json\/wp\/v2\/product_brand?post=14826"},{"taxonomy":"product_cat","embeddable":true,"href":"https:\/\/oponixo.shop\/tire\/wp-json\/wp\/v2\/product_cat?post=14826"},{"taxonomy":"product_tag","embeddable":true,"href":"https:\/\/oponixo.shop\/tire\/wp-json\/wp\/v2\/product_tag?post=14826"}],"curies":[{"name":"wp","href":"https:\/\/api.w.org\/{rel}","templated":true}]}}