{"id":14608,"date":"2026-01-12T01:54:25","date_gmt":"2026-01-12T00:54:25","guid":{"rendered":"https:\/\/oponyspeed.shop\/xef5\/produkt\/2x-185-55r16-yokohama-bluearth-es-es32-83v-2024r-3lata-gwar\/"},"modified":"2026-01-12T01:54:26","modified_gmt":"2026-01-12T00:54:26","slug":"2x-185-55r16-yokohama-bluearth-es-es32-83v-2024r-3lata-gwar","status":"publish","type":"product","link":"https:\/\/oponixo.shop\/tire\/produkt\/2x-185-55r16-yokohama-bluearth-es-es32-83v-2024r-3lata-gwar\/","title":{"rendered":"2x 185\/55R16 Yokohama BluEarth-ES ES32 83V 2024r 3lata gwar."},"content":{"rendered":"<div style=\"font-family: Arial, sans-serif; line-height: 1.6; color: #333; padding: 20px; clear: both; display: block; width: 100%; float: none; position: static; overflow: hidden;\">\n<div style=\"clear: both; display: block; margin: 10px 0;\">\n<div style=\"clear: both; display: block; margin: 10px 0;\">\n<div style=\"clear: both; display: block; margin: 10px 0;\">\n<h1>Kategoria: opony osobowe .<\/h1>\n<ul style=\"margin: 15px 0; padding-left: 20px; clear: both; display: block; width: 100%; float: none; position: static;\">\n<li style=\"margin: 5px 0; padding: 2px 0; clear: both; display: list-item; float: none; position: static;\">Sezon: lato<\/li>\n<li style=\"margin: 5px 0; padding: 2px 0; clear: both; display: list-item; float: none; position: static;\">Rozmiar opon: 185\/55R16<\/li>\n<li style=\"margin: 5px 0; padding: 2px 0; clear: both; display: list-item; float: none; position: static;\">Marka i model: Yokohama BluEarth ES32<\/li>\n<li style=\"margin: 5px 0; padding: 2px 0; clear: both; display: list-item; float: none; position: static;\">Rok produkcji opon : 2024r<\/li>\n<li style=\"margin: 5px 0; padding: 2px 0; clear: both; display: list-item; float: none; position: static;\">Indeks pr\u0119dko\u015bci i no\u015bno\u015bci: 83V<\/li>\n<li style=\"margin: 5px 0; padding: 2px 0; clear: both; display: list-item; float: none; position: static;\">Ilo\u015b\u0107: para &#8211; 2 sztuki, cena za par\u0119.<\/li>\n<\/ul>\n<h1>Magazyn: : K24-27<\/h1>\n<h1>Parametry techniczne:<\/h1>\n<ul style=\"margin: 15px 0; padding-left: 20px; clear: both; display: block; width: 100%; float: none; position: static;\">\n<li style=\"margin: 5px 0; padding: 2px 0; clear: both; display: list-item; float: none; position: static;\">Efektywno\u015b\u0107 paliwowa: C<\/li>\n<li style=\"margin: 5px 0; padding: 2px 0; clear: both; display: list-item; float: none; position: static;\">Przyczepno\u015b\u0107 na mokrej nawierzchni: C<\/li>\n<li style=\"margin: 5px 0; padding: 2px 0; clear: both; display: list-item; float: none; position: static;\">Emisja ha\u0142asu: 68dB<\/li>\n<\/ul>\n<p style=\"margin: 15px 0; line-height: 1.8; clear: both; display: block; width: 100%; float: none; position: static;\">Oryginalne opony nowe pochodz\u0105ce z nowego auta salonowego. S\u0105 to opony z tzw. &#8222;pierwszego monta\u017cu&#8221; charakteryzuj\u0105ce si\u0119 wy\u017csz\u0105 jako\u015bci\u0105 wykonania ni\u017c opony dedykowane na drugi i kolejny monta\u017c. Opony nie maj\u0105 etykiet informacyjnych, kt\u00f3re s\u0105 usuwane przy monta\u017cu opon na felg\u0119, posiadaj\u0105 natomiast znaczniki nowo\u015bci (tzw.kropki lub paski, mniej lub bardziej wyraziste w zale\u017cno\u015bci od tego jaka jest trwa\u0142o\u015b\u0107 znacznik\u00f3w stosowanych przez producenta) i obj\u0119te s\u0105 pe\u0142n\u0105 gwarancj\u0105. Opony s\u0105 gotowe do monta\u017cu. Uprzedzaj\u0105c Pa\u0144stwa pytania opony trafiaj\u0105 do nas w sytuacjach kiedy np. klient kupuj\u0105cy nowe auto w salonie \u017cyczy sobie zestaw opon ca\u0142orocznych lub zestaw wi\u0119kszych k\u00f3\u0142 aluminiowych itp.-w\u00f3wczas opony trafiaj\u0105 do dalszej sprzeda\u017cy w atrakcyjnych cenach \ud83d\ude42<\/p>\n<h1>Zapraszamy \ud83d\ude42<\/h1>\n<\/div>\n<\/div>\n<\/div>\n<div style=\"clear: both; display: block; margin: 10px 0;\">\n<div style=\"clear: both; display: block; margin: 10px 0;\">\n<div style=\"clear: both; display: block; margin: 10px 0;\">\n<div  style=\"max-width:2000px;max-height:1318px\">\n<div style=\"clear: both; display: block; margin: 10px 0;\">\n<div style=\"clear: both; width: 100%; display: block; margin: 20px 0; padding: 0; float: none; position: static; text-align: center;\"><img decoding=\"async\"  src=\"https:\/\/a.allegroimg.com\/original\/11653e\/0294c1184e00aaf1d78a195f135a\/2x-185-55R16-Yokohama-BluEarth-ES-ES32-83V-2024r-3lata-gwar\" srcset=\"https:\/\/a.allegroimg.com\/original\/11653e\/0294c1184e00aaf1d78a195f135a\/2x-185-55R16-Yokohama-BluEarth-ES-ES32-83V-2024r-3lata-gwar 360w,https:\/\/a.allegroimg.com\/original\/11653e\/0294c1184e00aaf1d78a195f135a\/2x-185-55R16-Yokohama-BluEarth-ES-ES32-83V-2024r-3lata-gwar 720w,https:\/\/a.allegroimg.com\/original\/11653e\/0294c1184e00aaf1d78a195f135a\/2x-185-55R16-Yokohama-BluEarth-ES-ES32-83V-2024r-3lata-gwar 1024w,https:\/\/a.allegroimg.com\/original\/11653e\/0294c1184e00aaf1d78a195f135a\/2x-185-55R16-Yokohama-BluEarth-ES-ES32-83V-2024r-3lata-gwar 1440w,https:\/\/a.allegroimg.com\/original\/11653e\/0294c1184e00aaf1d78a195f135a\/2x-185-55R16-Yokohama-BluEarth-ES-ES32-83V-2024r-3lata-gwar 2000w\" sizes=\"100vw\" width=\"2000px\" alt=\"2x 185\/55R16 Yokohama BluEarth-ES ES32 83V 2024r 3lata gwar.\" style=\"max-width: 100%; height: auto; display: block; margin: 0 auto;\"><\/div>\n<\/div>\n<\/div>\n<\/div>\n<\/div>\n<\/div>\n<div style=\"clear: both; display: block; margin: 10px 0;\">\n<div style=\"clear: both; display: block; margin: 10px 0;\">\n<div style=\"clear: both; display: block; margin: 10px 0;\">\n<div  style=\"max-width:505px;max-height:642px\">\n<div style=\"clear: both; display: block; margin: 10px 0;\">\n<div style=\"clear: both; width: 100%; display: block; margin: 20px 0; padding: 0; float: none; position: static; text-align: center;\"><img decoding=\"async\"  src=\"https:\/\/a.allegroimg.com\/original\/1196c4\/5c66ba054c4b81c908007a10f3ab\/2x-185-55R16-Yokohama-BluEarth-ES-ES32-83V-2024r-3lata-gwar-Rok-produkcji-2024\" srcset=\"https:\/\/a.allegroimg.com\/original\/1196c4\/5c66ba054c4b81c908007a10f3ab\/2x-185-55R16-Yokohama-BluEarth-ES-ES32-83V-2024r-3lata-gwar-Rok-produkcji-2024 283w,https:\/\/a.allegroimg.com\/original\/1196c4\/5c66ba054c4b81c908007a10f3ab\/2x-185-55R16-Yokohama-BluEarth-ES-ES32-83V-2024r-3lata-gwar-Rok-produkcji-2024 505w,https:\/\/a.allegroimg.com\/original\/1196c4\/5c66ba054c4b81c908007a10f3ab\/2x-185-55R16-Yokohama-BluEarth-ES-ES32-83V-2024r-3lata-gwar-Rok-produkcji-2024 505w\" sizes=\"100vw\" width=\"505px\" alt=\"2x 185\/55R16 Yokohama BluEarth-ES ES32 83V 2024r 3lata gwar. Rok produkcji 2024\" style=\"max-width: 100%; height: auto; display: block; margin: 0 auto;\"><\/div>\n<\/div>\n<\/div>\n<\/div>\n<\/div>\n<\/div>\n<div style=\"clear: both; display: block; margin: 10px 0;\">\n<div style=\"clear: both; display: block; margin: 10px 0;\">\n<div style=\"clear: both; display: block; margin: 10px 0;\">\n<div  style=\"max-width:2000px;max-height:1726px\">\n<div style=\"clear: both; display: block; margin: 10px 0;\">\n<div style=\"clear: both; width: 100%; display: block; margin: 20px 0; padding: 0; float: none; position: static; text-align: center;\"><img decoding=\"async\"  src=\"https:\/\/a.allegroimg.com\/original\/1147f3\/d6eb61254d9881daeafebe070458\/2x-185-55R16-Yokohama-BluEarth-ES-ES32-83V-2024r-3lata-gwar-Liczba-opon-w-ofercie-2-szt\" srcset=\"https:\/\/a.allegroimg.com\/original\/1147f3\/d6eb61254d9881daeafebe070458\/2x-185-55R16-Yokohama-BluEarth-ES-ES32-83V-2024r-3lata-gwar-Liczba-opon-w-ofercie-2-szt 360w,https:\/\/a.allegroimg.com\/original\/1147f3\/d6eb61254d9881daeafebe070458\/2x-185-55R16-Yokohama-BluEarth-ES-ES32-83V-2024r-3lata-gwar-Liczba-opon-w-ofercie-2-szt 720w,https:\/\/a.allegroimg.com\/original\/1147f3\/d6eb61254d9881daeafebe070458\/2x-185-55R16-Yokohama-BluEarth-ES-ES32-83V-2024r-3lata-gwar-Liczba-opon-w-ofercie-2-szt 1024w,https:\/\/a.allegroimg.com\/original\/1147f3\/d6eb61254d9881daeafebe070458\/2x-185-55R16-Yokohama-BluEarth-ES-ES32-83V-2024r-3lata-gwar-Liczba-opon-w-ofercie-2-szt 1440w,https:\/\/a.allegroimg.com\/original\/1147f3\/d6eb61254d9881daeafebe070458\/2x-185-55R16-Yokohama-BluEarth-ES-ES32-83V-2024r-3lata-gwar-Liczba-opon-w-ofercie-2-szt 2000w\" sizes=\"100vw\" width=\"2000px\" alt=\"2x 185\/55R16 Yokohama BluEarth-ES ES32 83V 2024r 3lata gwar. Liczba opon w ofercie 2 szt.\" style=\"max-width: 100%; height: auto; display: block; margin: 0 auto;\"><\/div>\n<\/div>\n<\/div>\n<\/div>\n<\/div>\n<\/div>\n<div style=\"clear: both; display: block; margin: 10px 0;\">\n<div style=\"clear: both; display: block; margin: 10px 0;\">\n<div style=\"clear: both; display: block; margin: 10px 0;\">\n<div  style=\"max-width:2000px;max-height:1644px\">\n<div style=\"clear: both; display: block; margin: 10px 0;\">\n<div style=\"clear: both; width: 100%; display: block; margin: 20px 0; padding: 0; float: none; position: static; text-align: center;\"><img decoding=\"async\"  src=\"https:\/\/a.allegroimg.com\/original\/118c77\/311f11824ffa802004d87bb55948\/2x-185-55R16-Yokohama-BluEarth-ES-ES32-83V-2024r-3lata-gwar-Marka-Yokohama\" srcset=\"https:\/\/a.allegroimg.com\/original\/118c77\/311f11824ffa802004d87bb55948\/2x-185-55R16-Yokohama-BluEarth-ES-ES32-83V-2024r-3lata-gwar-Marka-Yokohama 360w,https:\/\/a.allegroimg.com\/original\/118c77\/311f11824ffa802004d87bb55948\/2x-185-55R16-Yokohama-BluEarth-ES-ES32-83V-2024r-3lata-gwar-Marka-Yokohama 720w,https:\/\/a.allegroimg.com\/original\/118c77\/311f11824ffa802004d87bb55948\/2x-185-55R16-Yokohama-BluEarth-ES-ES32-83V-2024r-3lata-gwar-Marka-Yokohama 1024w,https:\/\/a.allegroimg.com\/original\/118c77\/311f11824ffa802004d87bb55948\/2x-185-55R16-Yokohama-BluEarth-ES-ES32-83V-2024r-3lata-gwar-Marka-Yokohama 1440w,https:\/\/a.allegroimg.com\/original\/118c77\/311f11824ffa802004d87bb55948\/2x-185-55R16-Yokohama-BluEarth-ES-ES32-83V-2024r-3lata-gwar-Marka-Yokohama 2000w\" sizes=\"100vw\" width=\"2000px\" alt=\"2x 185\/55R16 Yokohama BluEarth-ES ES32 83V 2024r 3lata gwar. Marka Yokohama\" style=\"max-width: 100%; height: auto; display: block; margin: 0 auto;\"><\/div>\n<\/div>\n<\/div>\n<\/div>\n<\/div>\n<\/div>\n<div style=\"clear: both; display: block; margin: 10px 0;\">\n<div style=\"clear: both; display: block; margin: 10px 0;\">\n<div style=\"clear: both; display: block; margin: 10px 0;\">\n<div  style=\"max-width:2000px;max-height:1666px\">\n<div style=\"clear: both; display: block; margin: 10px 0;\">\n<div style=\"clear: both; width: 100%; display: block; margin: 20px 0; padding: 0; float: none; position: static; text-align: center;\"><img decoding=\"async\"  src=\"https:\/\/a.allegroimg.com\/original\/116dfc\/6add690642f0861d28ff31fcb6ae\/2x-185-55R16-Yokohama-BluEarth-ES-ES32-83V-2024r-3lata-gwar-Szerokosc-opony-185-mm\" srcset=\"https:\/\/a.allegroimg.com\/original\/116dfc\/6add690642f0861d28ff31fcb6ae\/2x-185-55R16-Yokohama-BluEarth-ES-ES32-83V-2024r-3lata-gwar-Szerokosc-opony-185-mm 360w,https:\/\/a.allegroimg.com\/original\/116dfc\/6add690642f0861d28ff31fcb6ae\/2x-185-55R16-Yokohama-BluEarth-ES-ES32-83V-2024r-3lata-gwar-Szerokosc-opony-185-mm 720w,https:\/\/a.allegroimg.com\/original\/116dfc\/6add690642f0861d28ff31fcb6ae\/2x-185-55R16-Yokohama-BluEarth-ES-ES32-83V-2024r-3lata-gwar-Szerokosc-opony-185-mm 1024w,https:\/\/a.allegroimg.com\/original\/116dfc\/6add690642f0861d28ff31fcb6ae\/2x-185-55R16-Yokohama-BluEarth-ES-ES32-83V-2024r-3lata-gwar-Szerokosc-opony-185-mm 1440w,https:\/\/a.allegroimg.com\/original\/116dfc\/6add690642f0861d28ff31fcb6ae\/2x-185-55R16-Yokohama-BluEarth-ES-ES32-83V-2024r-3lata-gwar-Szerokosc-opony-185-mm 2000w\" sizes=\"100vw\" width=\"2000px\" alt=\"2x 185\/55R16 Yokohama BluEarth-ES ES32 83V 2024r 3lata gwar. Szeroko\u015b\u0107 opony 185 mm\" style=\"max-width: 100%; height: auto; display: block; margin: 0 auto;\"><\/div>\n<\/div>\n<\/div>\n<\/div>\n<\/div>\n<\/div>\n<div style=\"clear: both; display: block; margin: 10px 0;\">\n<div style=\"clear: both; display: block; margin: 10px 0;\">\n<div style=\"clear: both; display: block; margin: 10px 0;\">\n<div  style=\"max-width:2000px;max-height:1645px\">\n<div style=\"clear: both; display: block; margin: 10px 0;\">\n<div style=\"clear: both; width: 100%; display: block; margin: 20px 0; padding: 0; float: none; position: static; text-align: center;\"><img decoding=\"async\"  src=\"https:\/\/a.allegroimg.com\/original\/117622\/730096174886a9ed721db501de7d\/2x-185-55R16-Yokohama-BluEarth-ES-ES32-83V-2024r-3lata-gwar-Profil-opony-55\" srcset=\"https:\/\/a.allegroimg.com\/original\/117622\/730096174886a9ed721db501de7d\/2x-185-55R16-Yokohama-BluEarth-ES-ES32-83V-2024r-3lata-gwar-Profil-opony-55 360w,https:\/\/a.allegroimg.com\/original\/117622\/730096174886a9ed721db501de7d\/2x-185-55R16-Yokohama-BluEarth-ES-ES32-83V-2024r-3lata-gwar-Profil-opony-55 720w,https:\/\/a.allegroimg.com\/original\/117622\/730096174886a9ed721db501de7d\/2x-185-55R16-Yokohama-BluEarth-ES-ES32-83V-2024r-3lata-gwar-Profil-opony-55 1024w,https:\/\/a.allegroimg.com\/original\/117622\/730096174886a9ed721db501de7d\/2x-185-55R16-Yokohama-BluEarth-ES-ES32-83V-2024r-3lata-gwar-Profil-opony-55 1440w,https:\/\/a.allegroimg.com\/original\/117622\/730096174886a9ed721db501de7d\/2x-185-55R16-Yokohama-BluEarth-ES-ES32-83V-2024r-3lata-gwar-Profil-opony-55 2000w\" sizes=\"100vw\" width=\"2000px\" alt=\"2x 185\/55R16 Yokohama BluEarth-ES ES32 83V 2024r 3lata gwar. Profil opony 55\" style=\"max-width: 100%; height: auto; display: block; margin: 0 auto;\"><\/div>\n<\/div>\n<\/div>\n<\/div>\n<\/div>\n<\/div>\n<div style=\"clear: both; display: block; margin: 10px 0;\">\n<div style=\"clear: both; display: block; margin: 10px 0;\">\n<div style=\"clear: both; display: block; margin: 10px 0;\">\n<div  style=\"max-width:2000px;max-height:757px\">\n<div style=\"clear: both; display: block; margin: 10px 0;\">\n<div style=\"clear: both; width: 100%; display: block; margin: 20px 0; padding: 0; float: none; position: static; text-align: center;\"><img decoding=\"async\"  src=\"https:\/\/a.allegroimg.com\/original\/110064\/81ff41fd4f219d6f70184cbc0167\/2x-185-55R16-Yokohama-BluEarth-ES-ES32-83V-2024r-3lata-gwar-Srednica-16\" srcset=\"https:\/\/a.allegroimg.com\/original\/110064\/81ff41fd4f219d6f70184cbc0167\/2x-185-55R16-Yokohama-BluEarth-ES-ES32-83V-2024r-3lata-gwar-Srednica-16 360w,https:\/\/a.allegroimg.com\/original\/110064\/81ff41fd4f219d6f70184cbc0167\/2x-185-55R16-Yokohama-BluEarth-ES-ES32-83V-2024r-3lata-gwar-Srednica-16 720w,https:\/\/a.allegroimg.com\/original\/110064\/81ff41fd4f219d6f70184cbc0167\/2x-185-55R16-Yokohama-BluEarth-ES-ES32-83V-2024r-3lata-gwar-Srednica-16 1024w,https:\/\/a.allegroimg.com\/original\/110064\/81ff41fd4f219d6f70184cbc0167\/2x-185-55R16-Yokohama-BluEarth-ES-ES32-83V-2024r-3lata-gwar-Srednica-16 1440w,https:\/\/a.allegroimg.com\/original\/110064\/81ff41fd4f219d6f70184cbc0167\/2x-185-55R16-Yokohama-BluEarth-ES-ES32-83V-2024r-3lata-gwar-Srednica-16 2000w\" sizes=\"100vw\" width=\"2000px\" alt=\"2x 185\/55R16 Yokohama BluEarth-ES ES32 83V 2024r 3lata gwar. \u015arednica 16&quot;\" style=\"max-width: 100%; height: auto; display: block; margin: 0 auto;\"><\/div>\n<\/div>\n<\/div>\n<\/div>\n<\/div>\n<\/div>\n<div style=\"clear: both; display: block; margin: 10px 0;\">\n<div style=\"clear: both; display: block; margin: 10px 0;\">\n<div style=\"clear: both; display: block; margin: 10px 0;\">\n<div  style=\"max-width:2000px;max-height:764px\">\n<div style=\"clear: both; display: block; margin: 10px 0;\">\n<div style=\"clear: both; width: 100%; display: block; margin: 20px 0; padding: 0; float: none; position: static; text-align: center;\"><img decoding=\"async\"  src=\"https:\/\/a.allegroimg.com\/original\/114ecc\/b3f298874856a5529ba3ba50a161\/2x-185-55R16-Yokohama-BluEarth-ES-ES32-83V-2024r-3lata-gwar-Klasa-premium\" srcset=\"https:\/\/a.allegroimg.com\/original\/114ecc\/b3f298874856a5529ba3ba50a161\/2x-185-55R16-Yokohama-BluEarth-ES-ES32-83V-2024r-3lata-gwar-Klasa-premium 360w,https:\/\/a.allegroimg.com\/original\/114ecc\/b3f298874856a5529ba3ba50a161\/2x-185-55R16-Yokohama-BluEarth-ES-ES32-83V-2024r-3lata-gwar-Klasa-premium 720w,https:\/\/a.allegroimg.com\/original\/114ecc\/b3f298874856a5529ba3ba50a161\/2x-185-55R16-Yokohama-BluEarth-ES-ES32-83V-2024r-3lata-gwar-Klasa-premium 1024w,https:\/\/a.allegroimg.com\/original\/114ecc\/b3f298874856a5529ba3ba50a161\/2x-185-55R16-Yokohama-BluEarth-ES-ES32-83V-2024r-3lata-gwar-Klasa-premium 1440w,https:\/\/a.allegroimg.com\/original\/114ecc\/b3f298874856a5529ba3ba50a161\/2x-185-55R16-Yokohama-BluEarth-ES-ES32-83V-2024r-3lata-gwar-Klasa-premium 2000w\" sizes=\"100vw\" width=\"2000px\" alt=\"2x 185\/55R16 Yokohama BluEarth-ES ES32 83V 2024r 3lata gwar. Klasa premium\" style=\"max-width: 100%; height: auto; display: block; margin: 0 auto;\"><\/div>\n<\/div>\n<\/div>\n<\/div>\n<\/div>\n<\/div>\n<\/div>\n<\/div>\n<\/div>\n<div style=\"clear: both; display: block; margin: 10px 0;\">\n","protected":false},"excerpt":{"rendered":"<p>Kategoria: opony osobowe .<\/p>\n<p>Sezon: lato<\/p>\n<p>Rozmiar opon: 185\/55R16<\/p>\n<p>Marka i model: Yokohama BluEarth ES32<\/p>\n<p>Rok produkcji opon : 2024r<\/p>\n<p>Indeks pr\u0119dko\u015bci i no\u015bno\u015bci: 83V<\/p>\n<p>Ilo\u015b\u0107: para &#8211; 2 sztuki, cena za par\u0119.<\/p>\n<p>Magazyn: : K24-27<\/p>\n","protected":false},"featured_media":14609,"template":"","meta":{"_uag_custom_page_level_css":""},"product_brand":[410],"product_cat":[414,418,413,412],"product_tag":[],"class_list":{"0":"post-14608","1":"product","2":"type-product","3":"status-publish","4":"has-post-thumbnail","6":"product_brand-yokohama","7":"product_cat-do-samochodow-osobowych-i-suv","8":"product_cat-letnie","9":"product_cat-opony","10":"product_cat-opony-i-felgi","12":"first","13":"instock","14":"shipping-taxable","15":"purchasable","16":"product-type-simple"},"uagb_featured_image_src":{"full":["https:\/\/oponixo.shop\/tire\/wp-content\/uploads\/2026\/01\/allegro-image-14608.jpg",2000,1318,false],"thumbnail":["https:\/\/oponixo.shop\/tire\/wp-content\/uploads\/2026\/01\/allegro-image-14608-150x150.jpg",150,150,true],"medium":["https:\/\/oponixo.shop\/tire\/wp-content\/uploads\/2026\/01\/allegro-image-14608-300x198.jpg",300,198,true],"medium_large":["https:\/\/oponixo.shop\/tire\/wp-content\/uploads\/2026\/01\/allegro-image-14608-768x506.jpg",768,506,true],"large":["https:\/\/oponixo.shop\/tire\/wp-content\/uploads\/2026\/01\/allegro-image-14608-1024x675.jpg",1024,675,true],"1536x1536":["https:\/\/oponixo.shop\/tire\/wp-content\/uploads\/2026\/01\/allegro-image-14608-1536x1012.jpg",1536,1012,true],"2048x2048":["https:\/\/oponixo.shop\/tire\/wp-content\/uploads\/2026\/01\/allegro-image-14608.jpg",2000,1318,false],"woocommerce_thumbnail":["https:\/\/oponixo.shop\/tire\/wp-content\/uploads\/2026\/01\/allegro-image-14608-300x300.jpg",300,300,true],"woocommerce_single":["https:\/\/oponixo.shop\/tire\/wp-content\/uploads\/2026\/01\/allegro-image-14608-600x395.jpg",600,395,true],"woocommerce_gallery_thumbnail":["https:\/\/oponixo.shop\/tire\/wp-content\/uploads\/2026\/01\/allegro-image-14608-100x100.jpg",100,100,true]},"uagb_author_info":{"display_name":"admin","author_link":"https:\/\/oponixo.shop\/tire\/author\/"},"uagb_comment_info":0,"uagb_excerpt":"Kategoria: opony osobowe . Sezon: lato Rozmiar opon: 185\/55R16 Marka i model: Yokohama BluEarth ES32 Rok produkcji opon : 2024r Indeks pr\u0119dko\u015bci i no\u015bno\u015bci: 83V Ilo\u015b\u0107: para - 2 sztuki, cena za par\u0119. Magazyn: : K24-27","_links":{"self":[{"href":"https:\/\/oponixo.shop\/tire\/wp-json\/wp\/v2\/product\/14608","targetHints":{"allow":["GET"]}}],"collection":[{"href":"https:\/\/oponixo.shop\/tire\/wp-json\/wp\/v2\/product"}],"about":[{"href":"https:\/\/oponixo.shop\/tire\/wp-json\/wp\/v2\/types\/product"}],"wp:featuredmedia":[{"embeddable":true,"href":"https:\/\/oponixo.shop\/tire\/wp-json\/wp\/v2\/media\/14609"}],"wp:attachment":[{"href":"https:\/\/oponixo.shop\/tire\/wp-json\/wp\/v2\/media?parent=14608"}],"wp:term":[{"taxonomy":"product_brand","embeddable":true,"href":"https:\/\/oponixo.shop\/tire\/wp-json\/wp\/v2\/product_brand?post=14608"},{"taxonomy":"product_cat","embeddable":true,"href":"https:\/\/oponixo.shop\/tire\/wp-json\/wp\/v2\/product_cat?post=14608"},{"taxonomy":"product_tag","embeddable":true,"href":"https:\/\/oponixo.shop\/tire\/wp-json\/wp\/v2\/product_tag?post=14608"}],"curies":[{"name":"wp","href":"https:\/\/api.w.org\/{rel}","templated":true}]}}