{"id":14582,"date":"2026-01-12T01:54:18","date_gmt":"2026-01-12T00:54:18","guid":{"rendered":"https:\/\/oponyspeed.shop\/xef5\/produkt\/2x-opony-205-60r16-nokian-wetproof-1-92-h\/"},"modified":"2026-01-12T01:54:20","modified_gmt":"2026-01-12T00:54:20","slug":"2x-opony-205-60r16-nokian-wetproof-1-92-h","status":"publish","type":"product","link":"https:\/\/oponixo.shop\/tire\/produkt\/2x-opony-205-60r16-nokian-wetproof-1-92-h\/","title":{"rendered":"2x opony 205\/60R16 NOKIAN WETPROOF 1 92 H"},"content":{"rendered":"<div style=\"font-family: Arial, sans-serif; line-height: 1.6; color: #333; padding: 20px; clear: both; display: block; width: 100%; float: none; position: static; overflow: hidden;\">\n<div style=\"clear: both; display: block; margin: 10px 0;\">\n<div style=\"clear: both; display: block; margin: 10px 0;\">\n<div style=\"clear: both; display: block; margin: 10px 0;\">\n<h2>Opona letnia Nokian Tyres Wetproof 1 205\/60R16 92 H<\/h2>\n<p style=\"margin: 15px 0; line-height: 1.8; clear: both; display: block; width: 100%; float: none; position: static;\">Opona letnia Nokian Wetproof 1 205\/60R16 92 H<\/p>\n<p style=\"margin: 15px 0; line-height: 1.8; clear: both; display: block; width: 100%; float: none; position: static;\">Cechy produktu:<\/p>\n<ul style=\"margin: 15px 0; padding-left: 20px; clear: both; display: block; width: 100%; float: none; position: static;\">\n<li style=\"margin: 5px 0; padding: 2px 0; clear: both; display: list-item; float: none; position: static;\">sezon: letnie<\/li>\n<li style=\"margin: 5px 0; padding: 2px 0; clear: both; display: list-item; float: none; position: static;\">szeroko\u015b\u0107\/profil\/\u015brednica: 205\/60R16<\/li>\n<li style=\"margin: 5px 0; padding: 2px 0; clear: both; display: list-item; float: none; position: static;\">indeks no\u015bno\u015bci: 92 &#8211; 630 kg<\/li>\n<li style=\"margin: 5px 0; padding: 2px 0; clear: both; display: list-item; float: none; position: static;\">indeks pr\u0119dko\u015bci: H do 210 km\/h<\/li>\n<\/ul>\n<\/div>\n<\/div>\n<div style=\"clear: both; display: block; margin: 10px 0;\">\n<div style=\"clear: both; display: block; margin: 10px 0;\">\n<div  style=\"max-width:1507px;max-height:2084px\">\n<div style=\"clear: both; display: block; margin: 10px 0;\">\n<div style=\"clear: both; width: 100%; display: block; margin: 20px 0; padding: 0; float: none; position: static; text-align: center;\"><img decoding=\"async\"  src=\"https:\/\/a.allegroimg.com\/original\/2973f8\/851e0bd7444e8dcfe181bada5275\/2x-opony-205-60R16-NOKIAN-WETPROOF-1-92-H\" srcset=\"https:\/\/a.allegroimg.com\/original\/2973f8\/851e0bd7444e8dcfe181bada5275\/2x-opony-205-60R16-NOKIAN-WETPROOF-1-92-H 260w,https:\/\/a.allegroimg.com\/original\/2973f8\/851e0bd7444e8dcfe181bada5275\/2x-opony-205-60R16-NOKIAN-WETPROOF-1-92-H 520w,https:\/\/a.allegroimg.com\/original\/2973f8\/851e0bd7444e8dcfe181bada5275\/2x-opony-205-60R16-NOKIAN-WETPROOF-1-92-H 740w,https:\/\/a.allegroimg.com\/original\/2973f8\/851e0bd7444e8dcfe181bada5275\/2x-opony-205-60R16-NOKIAN-WETPROOF-1-92-H 1041w,https:\/\/a.allegroimg.com\/original\/2973f8\/851e0bd7444e8dcfe181bada5275\/2x-opony-205-60R16-NOKIAN-WETPROOF-1-92-H 1507w\" sizes=\"(min-width: 1200px) 560px, (min-width: 992px) 50vw, 100vw\" width=\"1507px\" alt=\"2x opony 205\/60R16 NOKIAN WETPROOF 1 92 H\" style=\"max-width: 100%; height: auto; display: block; margin: 0 auto;\"><\/div>\n<\/div>\n<\/div>\n<\/div>\n<\/div>\n<\/div>\n<div style=\"clear: both; display: block; margin: 10px 0;\">\n<div style=\"clear: both; display: block; margin: 10px 0;\">\n<div style=\"clear: both; display: block; margin: 10px 0;\">\n<h3 style=\"color: #2c5aa0; font-size: 18px; margin: 30px 0 15px 0; font-weight: bold; clear: both; display: block; width: 100%; float: none; position: static;\">Informacje dodatkowe:<\/h3>\n<ul style=\"margin: 15px 0; padding-left: 20px; clear: both; display: block; width: 100%; float: none; position: static;\">\n<li style=\"margin: 5px 0; padding: 2px 0; clear: both; display: list-item; float: none; position: static;\">rok produkcji: 2024 <\/li>\n<li style=\"margin: 5px 0; padding: 2px 0; clear: both; display: list-item; float: none; position: static;\">stan: fabrycznie nowe <\/li>\n<\/ul>\n<\/div>\n<\/div>\n<\/div>\n<div style=\"clear: both; display: block; margin: 10px 0;\">\n<div style=\"clear: both; display: block; margin: 10px 0;\">\n<div style=\"clear: both; display: block; margin: 10px 0;\">\n<div  style=\"max-width:1507px;max-height:2084px\">\n<div style=\"clear: both; display: block; margin: 10px 0;\">\n<div style=\"clear: both; width: 100%; display: block; margin: 20px 0; padding: 0; float: none; position: static; text-align: center;\"><img decoding=\"async\"  src=\"https:\/\/a.allegroimg.com\/original\/2973f8\/851e0bd7444e8dcfe181bada5275\/2x-opony-205-60R16-NOKIAN-WETPROOF-1-92-H\" srcset=\"https:\/\/a.allegroimg.com\/original\/2973f8\/851e0bd7444e8dcfe181bada5275\/2x-opony-205-60R16-NOKIAN-WETPROOF-1-92-H 260w,https:\/\/a.allegroimg.com\/original\/2973f8\/851e0bd7444e8dcfe181bada5275\/2x-opony-205-60R16-NOKIAN-WETPROOF-1-92-H 520w,https:\/\/a.allegroimg.com\/original\/2973f8\/851e0bd7444e8dcfe181bada5275\/2x-opony-205-60R16-NOKIAN-WETPROOF-1-92-H 740w,https:\/\/a.allegroimg.com\/original\/2973f8\/851e0bd7444e8dcfe181bada5275\/2x-opony-205-60R16-NOKIAN-WETPROOF-1-92-H 1041w,https:\/\/a.allegroimg.com\/original\/2973f8\/851e0bd7444e8dcfe181bada5275\/2x-opony-205-60R16-NOKIAN-WETPROOF-1-92-H 1507w\" sizes=\"100vw\" width=\"1507px\" alt=\"2x opony 205\/60R16 NOKIAN WETPROOF 1 92 H\" style=\"max-width: 100%; height: auto; display: block; margin: 0 auto;\"><\/div>\n<\/div>\n<\/div>\n<\/div>\n<\/div>\n<\/div>\n<\/div>\n<\/div>\n<\/div>\n<div style=\"clear: both; display: block; margin: 10px 0;\">\n","protected":false},"excerpt":{"rendered":"<p>Opona letnia Nokian Tyres Wetproof 1 205\/60R16 92 H<\/p>\n<p>Opona letnia Nokian Wetproof 1 205\/60R16 92 H<\/p>\n<p>Cechy produktu:<\/p>\n<p>sezon: letnie<\/p>\n<p>szeroko\u015b\u0107\/profil\/\u015brednica: 205\/60R16<\/p>\n<p>indeks no\u015bno\u015bci: 92 &#8211; 630 kg<\/p>\n<p>indeks pr\u0119dko\u015bci: H do 210 km\/h<\/p>\n<p>Informacje dodatkowe:<\/p>\n","protected":false},"featured_media":14583,"template":"","meta":{"_uag_custom_page_level_css":""},"product_brand":[387],"product_cat":[414,418,413,412],"product_tag":[],"class_list":{"0":"post-14582","1":"product","2":"type-product","3":"status-publish","4":"has-post-thumbnail","6":"product_brand-nokian-tyres","7":"product_cat-do-samochodow-osobowych-i-suv","8":"product_cat-letnie","9":"product_cat-opony","10":"product_cat-opony-i-felgi","12":"first","13":"instock","14":"shipping-taxable","15":"purchasable","16":"product-type-simple"},"uagb_featured_image_src":{"full":["https:\/\/oponixo.shop\/tire\/wp-content\/uploads\/2026\/01\/allegro-image-14582.jpg",1507,2084,false],"thumbnail":["https:\/\/oponixo.shop\/tire\/wp-content\/uploads\/2026\/01\/allegro-image-14582-150x150.jpg",150,150,true],"medium":["https:\/\/oponixo.shop\/tire\/wp-content\/uploads\/2026\/01\/allegro-image-14582-217x300.jpg",217,300,true],"medium_large":["https:\/\/oponixo.shop\/tire\/wp-content\/uploads\/2026\/01\/allegro-image-14582-768x1062.jpg",768,1062,true],"large":["https:\/\/oponixo.shop\/tire\/wp-content\/uploads\/2026\/01\/allegro-image-14582-740x1024.jpg",740,1024,true],"1536x1536":["https:\/\/oponixo.shop\/tire\/wp-content\/uploads\/2026\/01\/allegro-image-14582-1111x1536.jpg",1111,1536,true],"2048x2048":["https:\/\/oponixo.shop\/tire\/wp-content\/uploads\/2026\/01\/allegro-image-14582-1481x2048.jpg",1481,2048,true],"woocommerce_thumbnail":["https:\/\/oponixo.shop\/tire\/wp-content\/uploads\/2026\/01\/allegro-image-14582-300x300.jpg",300,300,true],"woocommerce_single":["https:\/\/oponixo.shop\/tire\/wp-content\/uploads\/2026\/01\/allegro-image-14582-600x830.jpg",600,830,true],"woocommerce_gallery_thumbnail":["https:\/\/oponixo.shop\/tire\/wp-content\/uploads\/2026\/01\/allegro-image-14582-100x100.jpg",100,100,true]},"uagb_author_info":{"display_name":"admin","author_link":"https:\/\/oponixo.shop\/tire\/author\/"},"uagb_comment_info":0,"uagb_excerpt":"Opona letnia Nokian Tyres Wetproof 1 205\/60R16 92 H Opona letnia Nokian Wetproof 1 205\/60R16 92 H Cechy produktu: sezon: letnie szeroko\u015b\u0107\/profil\/\u015brednica: 205\/60R16 indeks no\u015bno\u015bci: 92 - 630 kg indeks pr\u0119dko\u015bci: H do 210 km\/h Informacje dodatkowe:","_links":{"self":[{"href":"https:\/\/oponixo.shop\/tire\/wp-json\/wp\/v2\/product\/14582","targetHints":{"allow":["GET"]}}],"collection":[{"href":"https:\/\/oponixo.shop\/tire\/wp-json\/wp\/v2\/product"}],"about":[{"href":"https:\/\/oponixo.shop\/tire\/wp-json\/wp\/v2\/types\/product"}],"wp:featuredmedia":[{"embeddable":true,"href":"https:\/\/oponixo.shop\/tire\/wp-json\/wp\/v2\/media\/14583"}],"wp:attachment":[{"href":"https:\/\/oponixo.shop\/tire\/wp-json\/wp\/v2\/media?parent=14582"}],"wp:term":[{"taxonomy":"product_brand","embeddable":true,"href":"https:\/\/oponixo.shop\/tire\/wp-json\/wp\/v2\/product_brand?post=14582"},{"taxonomy":"product_cat","embeddable":true,"href":"https:\/\/oponixo.shop\/tire\/wp-json\/wp\/v2\/product_cat?post=14582"},{"taxonomy":"product_tag","embeddable":true,"href":"https:\/\/oponixo.shop\/tire\/wp-json\/wp\/v2\/product_tag?post=14582"}],"curies":[{"name":"wp","href":"https:\/\/api.w.org\/{rel}","templated":true}]}}