{"id":14576,"date":"2026-01-12T01:54:16","date_gmt":"2026-01-12T00:54:16","guid":{"rendered":"https:\/\/oponyspeed.shop\/xef5\/produkt\/zestaw-x2-debica-245-40-r18-presto-uhp-2-97-y-xl-fp-dot2022\/"},"modified":"2026-01-12T01:54:17","modified_gmt":"2026-01-12T00:54:17","slug":"zestaw-x2-debica-245-40-r18-presto-uhp-2-97-y-xl-fp-dot2022","status":"publish","type":"product","link":"https:\/\/oponexa.shop\/tire\/produkt\/zestaw-x2-debica-245-40-r18-presto-uhp-2-97-y-xl-fp-dot2022\/","title":{"rendered":"ZESTAW x2 D\u0118BICA 245\/40 R18 PRESTO UHP 2 [97] Y XL FP DOT2022"},"content":{"rendered":"<div style=\"font-family: Arial, sans-serif; line-height: 1.6; color: #333; padding: 20px; clear: both; display: block; width: 100%; float: none; position: static; overflow: hidden;\">\n<div style=\"clear: both; display: block; margin: 10px 0;\">\n<div style=\"clear: both; display: block; margin: 10px 0;\">\n<div style=\"clear: both; display: block; margin: 10px 0;\">\n<p style=\"margin: 15px 0; line-height: 1.8; clear: both; display: block; width: 100%; float: none; position: static;\">D\u0118BICA 245\/40  R18  PRESTO UHP 2  [97] Y  XL  FP  DOT2022<\/p>\n<p style=\"margin: 15px 0; line-height: 1.8; clear: both; display: block; width: 100%; float: none; position: static;\">numer katalogowy: 579474W2022<\/p>\n<p style=\"margin: 15px 0; line-height: 1.8; clear: both; display: block; width: 100%; float: none; position: static;\">Wszystkie oferowane przez nas opony, o ile nie wskazano inaczej w tytule oferty, pochodz\u0105 z poprzedniego lub w wi\u0119kszo\u015bci z bie\u017c\u0105cego roku produkcji, co gwarantuje ich wysok\u0105 jako\u015b\u0107 i pe\u0142n\u0105 funkcjonalno\u015b\u0107.<\/p>\n<\/div>\n<\/div>\n<div style=\"clear: both; display: block; margin: 10px 0;\">\n<div style=\"clear: both; display: block; margin: 10px 0;\">\n<div  style=\"max-width:1823px;max-height:2500px\">\n<div style=\"clear: both; display: block; margin: 10px 0;\">\n<div style=\"clear: both; width: 100%; display: block; margin: 20px 0; padding: 0; float: none; position: static; text-align: center;\"><img decoding=\"async\"  src=\"https:\/\/3.allegroimg.com\/original\/009854\/2ef851954984b709e1ebe5e6c9d3\/ZESTAW-x2-DEBICA-245-40-R18-PRESTO-UHP-2-97-Y-XL-FP-DOT2022\" srcset=\"https:\/\/3.allegroimg.com\/original\/009854\/2ef851954984b709e1ebe5e6c9d3\/ZESTAW-x2-DEBICA-245-40-R18-PRESTO-UHP-2-97-Y-XL-FP-DOT2022 262w,https:\/\/3.allegroimg.com\/original\/009854\/2ef851954984b709e1ebe5e6c9d3\/ZESTAW-x2-DEBICA-245-40-R18-PRESTO-UHP-2-97-Y-XL-FP-DOT2022 525w,https:\/\/3.allegroimg.com\/original\/009854\/2ef851954984b709e1ebe5e6c9d3\/ZESTAW-x2-DEBICA-245-40-R18-PRESTO-UHP-2-97-Y-XL-FP-DOT2022 746w,https:\/\/3.allegroimg.com\/original\/009854\/2ef851954984b709e1ebe5e6c9d3\/ZESTAW-x2-DEBICA-245-40-R18-PRESTO-UHP-2-97-Y-XL-FP-DOT2022 1050w,https:\/\/3.allegroimg.com\/original\/009854\/2ef851954984b709e1ebe5e6c9d3\/ZESTAW-x2-DEBICA-245-40-R18-PRESTO-UHP-2-97-Y-XL-FP-DOT2022 1823w\" sizes=\"(min-width: 1200px) 560px, (min-width: 992px) 50vw, 100vw\" width=\"1823px\" alt=\"ZESTAW x2 D\u0118BICA 245\/40 R18 PRESTO UHP 2 [97] Y XL FP DOT2022\" style=\"max-width: 100%; height: auto; display: block; margin: 0 auto;\"><\/div>\n<\/div>\n<\/div>\n<\/div>\n<\/div>\n<\/div>\n<div style=\"clear: both; display: block; margin: 10px 0;\">\n<div style=\"clear: both; display: block; margin: 10px 0;\">\n<div style=\"clear: both; display: block; margin: 10px 0;\">\n<div  style=\"max-width:1225px;max-height:2500px\">\n<div style=\"clear: both; display: block; margin: 10px 0;\">\n<div style=\"clear: both; width: 100%; display: block; margin: 20px 0; padding: 0; float: none; position: static; text-align: center;\"><img decoding=\"async\"  src=\"https:\/\/3.allegroimg.com\/original\/00eabb\/49d3dc3b4ac7b621c078d49f2303\/ZESTAW-x2-DEBICA-245-40-R18-PRESTO-UHP-2-97-Y-XL-FP-DOT2022-Liczba-opon-w-ofercie-2-szt\" srcset=\"https:\/\/3.allegroimg.com\/original\/00eabb\/49d3dc3b4ac7b621c078d49f2303\/ZESTAW-x2-DEBICA-245-40-R18-PRESTO-UHP-2-97-Y-XL-FP-DOT2022-Liczba-opon-w-ofercie-2-szt 176w,https:\/\/3.allegroimg.com\/original\/00eabb\/49d3dc3b4ac7b621c078d49f2303\/ZESTAW-x2-DEBICA-245-40-R18-PRESTO-UHP-2-97-Y-XL-FP-DOT2022-Liczba-opon-w-ofercie-2-szt 352w,https:\/\/3.allegroimg.com\/original\/00eabb\/49d3dc3b4ac7b621c078d49f2303\/ZESTAW-x2-DEBICA-245-40-R18-PRESTO-UHP-2-97-Y-XL-FP-DOT2022-Liczba-opon-w-ofercie-2-szt 501w,https:\/\/3.allegroimg.com\/original\/00eabb\/49d3dc3b4ac7b621c078d49f2303\/ZESTAW-x2-DEBICA-245-40-R18-PRESTO-UHP-2-97-Y-XL-FP-DOT2022-Liczba-opon-w-ofercie-2-szt 705w,https:\/\/3.allegroimg.com\/original\/00eabb\/49d3dc3b4ac7b621c078d49f2303\/ZESTAW-x2-DEBICA-245-40-R18-PRESTO-UHP-2-97-Y-XL-FP-DOT2022-Liczba-opon-w-ofercie-2-szt 1225w\" sizes=\"(min-width: 1200px) 560px, (min-width: 992px) 50vw, 100vw\" width=\"1225px\" alt=\"ZESTAW x2 D\u0118BICA 245\/40 R18 PRESTO UHP 2 [97] Y XL FP DOT2022 Liczba opon w ofercie 2 szt.\" style=\"max-width: 100%; height: auto; display: block; margin: 0 auto;\"><\/div>\n<\/div>\n<\/div>\n<\/div>\n<\/div>\n<div style=\"clear: both; display: block; margin: 10px 0;\">\n<div style=\"clear: both; display: block; margin: 10px 0;\">\n<div  style=\"max-width:2500px;max-height:2500px\">\n<div style=\"clear: both; display: block; margin: 10px 0;\">\n<div style=\"clear: both; width: 100%; display: block; margin: 20px 0; padding: 0; float: none; position: static; text-align: center;\"><img decoding=\"async\"  src=\"https:\/\/5.allegroimg.com\/original\/006c22\/eb52a67f475aabfd260b74ca93d5\/ZESTAW-x2-DEBICA-245-40-R18-PRESTO-UHP-2-97-Y-XL-FP-DOT2022-Marka-Debica\" srcset=\"https:\/\/5.allegroimg.com\/original\/006c22\/eb52a67f475aabfd260b74ca93d5\/ZESTAW-x2-DEBICA-245-40-R18-PRESTO-UHP-2-97-Y-XL-FP-DOT2022-Marka-Debica 360w,https:\/\/5.allegroimg.com\/original\/006c22\/eb52a67f475aabfd260b74ca93d5\/ZESTAW-x2-DEBICA-245-40-R18-PRESTO-UHP-2-97-Y-XL-FP-DOT2022-Marka-Debica 720w,https:\/\/5.allegroimg.com\/original\/006c22\/eb52a67f475aabfd260b74ca93d5\/ZESTAW-x2-DEBICA-245-40-R18-PRESTO-UHP-2-97-Y-XL-FP-DOT2022-Marka-Debica 1024w,https:\/\/5.allegroimg.com\/original\/006c22\/eb52a67f475aabfd260b74ca93d5\/ZESTAW-x2-DEBICA-245-40-R18-PRESTO-UHP-2-97-Y-XL-FP-DOT2022-Marka-Debica 1440w,https:\/\/5.allegroimg.com\/original\/006c22\/eb52a67f475aabfd260b74ca93d5\/ZESTAW-x2-DEBICA-245-40-R18-PRESTO-UHP-2-97-Y-XL-FP-DOT2022-Marka-Debica 2500w\" sizes=\"(min-width: 1200px) 560px, (min-width: 992px) 50vw, 100vw\" width=\"2500px\" alt=\"ZESTAW x2 D\u0118BICA 245\/40 R18 PRESTO UHP 2 [97] Y XL FP DOT2022 Marka D\u0119bica\" style=\"max-width: 100%; height: auto; display: block; margin: 0 auto;\"><\/div>\n<\/div>\n<\/div>\n<\/div>\n<\/div>\n<\/div>\n<\/div>\n<\/div>\n<\/div>\n<div style=\"clear: both; display: block; margin: 10px 0;\">\n","protected":false},"excerpt":{"rendered":"<p>D\u0118BICA 245\/40 R18 PRESTO UHP 2 [97] Y XL FP DOT2022<\/p>\n<p>numer katalogowy: 579474W2022<\/p>\n<p>Wszystkie oferowane przez nas opony, o ile nie wskazano inaczej w tytule oferty, pochodz\u0105 z poprzedniego lub w wi\u0119kszo\u015bci z bie\u017c\u0105cego roku produkcji, co gwarantuje ich wysok\u0105 jako\u015b\u0107 i pe\u0142n\u0105 funkcjonalno\u015b\u0107.<\/p>\n","protected":false},"featured_media":14577,"template":"","meta":{"_uag_custom_page_level_css":""},"product_brand":[378],"product_cat":[414,418,413,412],"product_tag":[],"class_list":{"0":"post-14576","1":"product","2":"type-product","3":"status-publish","4":"has-post-thumbnail","6":"product_brand-debica","7":"product_cat-do-samochodow-osobowych-i-suv","8":"product_cat-letnie","9":"product_cat-opony","10":"product_cat-opony-i-felgi","12":"first","13":"instock","14":"shipping-taxable","15":"purchasable","16":"product-type-simple"},"uagb_featured_image_src":{"full":["https:\/\/oponexa.shop\/tire\/wp-content\/uploads\/2026\/01\/allegro-image-14576.jpg",1823,2500,false],"thumbnail":["https:\/\/oponexa.shop\/tire\/wp-content\/uploads\/2026\/01\/allegro-image-14576-150x150.jpg",150,150,true],"medium":["https:\/\/oponexa.shop\/tire\/wp-content\/uploads\/2026\/01\/allegro-image-14576-219x300.jpg",219,300,true],"medium_large":["https:\/\/oponexa.shop\/tire\/wp-content\/uploads\/2026\/01\/allegro-image-14576-768x1053.jpg",768,1053,true],"large":["https:\/\/oponexa.shop\/tire\/wp-content\/uploads\/2026\/01\/allegro-image-14576-747x1024.jpg",747,1024,true],"1536x1536":["https:\/\/oponexa.shop\/tire\/wp-content\/uploads\/2026\/01\/allegro-image-14576-1120x1536.jpg",1120,1536,true],"2048x2048":["https:\/\/oponexa.shop\/tire\/wp-content\/uploads\/2026\/01\/allegro-image-14576-1493x2048.jpg",1493,2048,true],"woocommerce_thumbnail":["https:\/\/oponexa.shop\/tire\/wp-content\/uploads\/2026\/01\/allegro-image-14576-300x300.jpg",300,300,true],"woocommerce_single":["https:\/\/oponexa.shop\/tire\/wp-content\/uploads\/2026\/01\/allegro-image-14576-600x823.jpg",600,823,true],"woocommerce_gallery_thumbnail":["https:\/\/oponexa.shop\/tire\/wp-content\/uploads\/2026\/01\/allegro-image-14576-100x100.jpg",100,100,true]},"uagb_author_info":{"display_name":"admin","author_link":"https:\/\/oponexa.shop\/tire\/author\/"},"uagb_comment_info":0,"uagb_excerpt":"D\u0118BICA 245\/40 R18 PRESTO UHP 2 [97] Y XL FP DOT2022 numer katalogowy: 579474W2022 Wszystkie oferowane przez nas opony, o ile nie wskazano inaczej w tytule oferty, pochodz\u0105 z poprzedniego lub w wi\u0119kszo\u015bci z bie\u017c\u0105cego roku produkcji, co gwarantuje ich wysok\u0105 jako\u015b\u0107 i pe\u0142n\u0105 funkcjonalno\u015b\u0107.","_links":{"self":[{"href":"https:\/\/oponexa.shop\/tire\/wp-json\/wp\/v2\/product\/14576","targetHints":{"allow":["GET"]}}],"collection":[{"href":"https:\/\/oponexa.shop\/tire\/wp-json\/wp\/v2\/product"}],"about":[{"href":"https:\/\/oponexa.shop\/tire\/wp-json\/wp\/v2\/types\/product"}],"wp:featuredmedia":[{"embeddable":true,"href":"https:\/\/oponexa.shop\/tire\/wp-json\/wp\/v2\/media\/14577"}],"wp:attachment":[{"href":"https:\/\/oponexa.shop\/tire\/wp-json\/wp\/v2\/media?parent=14576"}],"wp:term":[{"taxonomy":"product_brand","embeddable":true,"href":"https:\/\/oponexa.shop\/tire\/wp-json\/wp\/v2\/product_brand?post=14576"},{"taxonomy":"product_cat","embeddable":true,"href":"https:\/\/oponexa.shop\/tire\/wp-json\/wp\/v2\/product_cat?post=14576"},{"taxonomy":"product_tag","embeddable":true,"href":"https:\/\/oponexa.shop\/tire\/wp-json\/wp\/v2\/product_tag?post=14576"}],"curies":[{"name":"wp","href":"https:\/\/api.w.org\/{rel}","templated":true}]}}