{"id":14568,"date":"2026-01-12T01:54:13","date_gmt":"2026-01-12T00:54:13","guid":{"rendered":"https:\/\/oponyspeed.shop\/xef5\/produkt\/4x-opony-letnie-235-40r19-96y-xl-uhp-kormoran-2025\/"},"modified":"2026-01-12T01:54:14","modified_gmt":"2026-01-12T00:54:14","slug":"4x-opony-letnie-235-40r19-96y-xl-uhp-kormoran-2025","status":"publish","type":"product","link":"https:\/\/oponexa.shop\/tire\/produkt\/4x-opony-letnie-235-40r19-96y-xl-uhp-kormoran-2025\/","title":{"rendered":"4x Opony letnie 235\/40R19 96Y XL UHP KORMORAN 2025"},"content":{"rendered":"<div style=\"font-family: Arial, sans-serif; line-height: 1.6; color: #333; padding: 20px; clear: both; display: block; width: 100%; float: none; position: static; overflow: hidden;\">\n<div style=\"clear: both; display: block; margin: 10px 0;\">\n<div style=\"clear: both; display: block; margin: 10px 0;\">\n<div style=\"clear: both; display: block; margin: 10px 0;\">\n<h1>4x Opony letnie 235\/40R19 96Y XL UHP KORMORAN 2025<\/h1>\n<\/div>\n<\/div>\n<\/div>\n<div style=\"clear: both; display: block; margin: 10px 0;\">\n<div style=\"clear: both; display: block; margin: 10px 0;\">\n<div style=\"clear: both; display: block; margin: 10px 0;\">\n<div  style=\"max-width:1440px;max-height:100px\">\n<div style=\"clear: both; display: block; margin: 10px 0;\">\n<div style=\"clear: both; width: 100%; display: block; margin: 20px 0; padding: 0; float: none; position: static; text-align: center;\"><img decoding=\"async\"  src=\"https:\/\/a.allegroimg.com\/original\/111655\/62c5d54f4d3fad62c9155a8cd98a\/4x-Opony-letnie-235-40R19-96Y-XL-UHP-KORMORAN-2025-Kod-EPREL-408856\" srcset=\"https:\/\/a.allegroimg.com\/original\/111655\/62c5d54f4d3fad62c9155a8cd98a\/4x-Opony-letnie-235-40R19-96Y-XL-UHP-KORMORAN-2025-Kod-EPREL-408856 360w,https:\/\/a.allegroimg.com\/original\/111655\/62c5d54f4d3fad62c9155a8cd98a\/4x-Opony-letnie-235-40R19-96Y-XL-UHP-KORMORAN-2025-Kod-EPREL-408856 720w,https:\/\/a.allegroimg.com\/original\/111655\/62c5d54f4d3fad62c9155a8cd98a\/4x-Opony-letnie-235-40R19-96Y-XL-UHP-KORMORAN-2025-Kod-EPREL-408856 1024w,https:\/\/a.allegroimg.com\/original\/111655\/62c5d54f4d3fad62c9155a8cd98a\/4x-Opony-letnie-235-40R19-96Y-XL-UHP-KORMORAN-2025-Kod-EPREL-408856 1440w,https:\/\/a.allegroimg.com\/original\/111655\/62c5d54f4d3fad62c9155a8cd98a\/4x-Opony-letnie-235-40R19-96Y-XL-UHP-KORMORAN-2025-Kod-EPREL-408856 1440w\" sizes=\"100vw\" width=\"1440px\" alt=\"4x Opony letnie 235\/40R19 96Y XL UHP KORMORAN 2025 Kod EPREL 408856\" style=\"max-width: 100%; height: auto; display: block; margin: 0 auto;\"><\/div>\n<\/div>\n<\/div>\n<\/div>\n<\/div>\n<\/div>\n<div style=\"clear: both; display: block; margin: 10px 0;\">\n<div style=\"clear: both; display: block; margin: 10px 0;\">\n<div style=\"clear: both; display: block; margin: 10px 0;\">\n<div  style=\"max-width:1514px;max-height:2560px\">\n<div style=\"clear: both; display: block; margin: 10px 0;\">\n<div style=\"clear: both; width: 100%; display: block; margin: 20px 0; padding: 0; float: none; position: static; text-align: center;\"><img decoding=\"async\"  src=\"https:\/\/a.allegroimg.com\/original\/11cf9a\/aed89e524f88b2443345a9095180\/4x-Opony-letnie-235-40R19-96Y-XL-UHP-KORMORAN-2025-Liczba-opon-w-ofercie-Komplet-4-szt\" srcset=\"https:\/\/a.allegroimg.com\/original\/11cf9a\/aed89e524f88b2443345a9095180\/4x-Opony-letnie-235-40R19-96Y-XL-UHP-KORMORAN-2025-Liczba-opon-w-ofercie-Komplet-4-szt 212w,https:\/\/a.allegroimg.com\/original\/11cf9a\/aed89e524f88b2443345a9095180\/4x-Opony-letnie-235-40R19-96Y-XL-UHP-KORMORAN-2025-Liczba-opon-w-ofercie-Komplet-4-szt 425w,https:\/\/a.allegroimg.com\/original\/11cf9a\/aed89e524f88b2443345a9095180\/4x-Opony-letnie-235-40R19-96Y-XL-UHP-KORMORAN-2025-Liczba-opon-w-ofercie-Komplet-4-szt 605w,https:\/\/a.allegroimg.com\/original\/11cf9a\/aed89e524f88b2443345a9095180\/4x-Opony-letnie-235-40R19-96Y-XL-UHP-KORMORAN-2025-Liczba-opon-w-ofercie-Komplet-4-szt 851w,https:\/\/a.allegroimg.com\/original\/11cf9a\/aed89e524f88b2443345a9095180\/4x-Opony-letnie-235-40R19-96Y-XL-UHP-KORMORAN-2025-Liczba-opon-w-ofercie-Komplet-4-szt 1514w\" sizes=\"(min-width: 1200px) 560px, (min-width: 992px) 50vw, 100vw\" width=\"1514px\" alt=\"4x Opony letnie 235\/40R19 96Y XL UHP KORMORAN 2025 Liczba opon w ofercie Komplet 4 szt.\" style=\"max-width: 100%; height: auto; display: block; margin: 0 auto;\"><\/div>\n<\/div>\n<\/div>\n<\/div>\n<\/div>\n<div style=\"clear: both; display: block; margin: 10px 0;\">\n<div style=\"clear: both; display: block; margin: 10px 0;\">\n<h1>KORMORAN Ultra High Performance 235\/40R19<\/h1>\n<h3 style=\"color: #2c5aa0; font-size: 18px; margin: 30px 0 15px 0; font-weight: bold; clear: both; display: block; width: 100%; float: none; position: static;\">Dane podstawowe<\/h3>\n<p style=\"margin: 15px 0; line-height: 1.8; clear: both; display: block; width: 100%; float: none; position: static;\"><b>Stan:<\/b> Opony fabrycznie nowe<\/p>\n<p style=\"margin: 15px 0; line-height: 1.8; clear: both; display: block; width: 100%; float: none; position: static;\"><b>Producent:<\/b> KORMORAN<\/p>\n<p style=\"margin: 15px 0; line-height: 1.8; clear: both; display: block; width: 100%; float: none; position: static;\"><b>Model:<\/b> Ultra High Performance<\/p>\n<p style=\"margin: 15px 0; line-height: 1.8; clear: both; display: block; width: 100%; float: none; position: static;\"><b>Klasa opon:<\/b> Ekonomiczna<\/p>\n<p style=\"margin: 15px 0; line-height: 1.8; clear: both; display: block; width: 100%; float: none; position: static;\"><b>Sezon:<\/b> Opony letnie<\/p>\n<p style=\"margin: 15px 0; line-height: 1.8; clear: both; display: block; width: 100%; float: none; position: static;\"><b>Szeroko\u015b\u0107:<\/b> 235<\/p>\n<p style=\"margin: 15px 0; line-height: 1.8; clear: both; display: block; width: 100%; float: none; position: static;\"><b>Profil:<\/b> 40<\/p>\n<p style=\"margin: 15px 0; line-height: 1.8; clear: both; display: block; width: 100%; float: none; position: static;\"><b>\u015arednica:<\/b> 19<\/p>\n<p style=\"margin: 15px 0; line-height: 1.8; clear: both; display: block; width: 100%; float: none; position: static;\"><b>Indeks pr\u0119dko\u015bci:<\/b> Y &#8211; do 300 km\/h<\/p>\n<p style=\"margin: 15px 0; line-height: 1.8; clear: both; display: block; width: 100%; float: none; position: static;\"><b>Indeks no\u015bno\u015bci:<\/b> 96 &#8211; 710 kg na opon\u0119<\/p>\n<p style=\"margin: 15px 0; line-height: 1.8; clear: both; display: block; width: 100%; float: none; position: static;\"><b>Rok produkcji:<\/b> 2025<\/p>\n<\/div>\n<\/div>\n<\/div>\n<div style=\"clear: both; display: block; margin: 10px 0;\">\n<div style=\"clear: both; display: block; margin: 10px 0;\">\n<div style=\"clear: both; display: block; margin: 10px 0;\">\n<div  style=\"max-width:2560px;max-height:2560px\">\n<div style=\"clear: both; display: block; margin: 10px 0;\">\n<div style=\"clear: both; width: 100%; display: block; margin: 20px 0; padding: 0; float: none; position: static; text-align: center;\"><img decoding=\"async\"  src=\"https:\/\/a.allegroimg.com\/original\/110cca\/2fba80b5432ca34d2c744f73c8b9\/4x-Opony-letnie-235-40R19-96Y-XL-UHP-KORMORAN-2025-Rok-produkcji-2025\" srcset=\"https:\/\/a.allegroimg.com\/original\/110cca\/2fba80b5432ca34d2c744f73c8b9\/4x-Opony-letnie-235-40R19-96Y-XL-UHP-KORMORAN-2025-Rok-produkcji-2025 360w,https:\/\/a.allegroimg.com\/original\/110cca\/2fba80b5432ca34d2c744f73c8b9\/4x-Opony-letnie-235-40R19-96Y-XL-UHP-KORMORAN-2025-Rok-produkcji-2025 720w,https:\/\/a.allegroimg.com\/original\/110cca\/2fba80b5432ca34d2c744f73c8b9\/4x-Opony-letnie-235-40R19-96Y-XL-UHP-KORMORAN-2025-Rok-produkcji-2025 1024w,https:\/\/a.allegroimg.com\/original\/110cca\/2fba80b5432ca34d2c744f73c8b9\/4x-Opony-letnie-235-40R19-96Y-XL-UHP-KORMORAN-2025-Rok-produkcji-2025 1440w,https:\/\/a.allegroimg.com\/original\/110cca\/2fba80b5432ca34d2c744f73c8b9\/4x-Opony-letnie-235-40R19-96Y-XL-UHP-KORMORAN-2025-Rok-produkcji-2025 2560w\" sizes=\"(min-width: 1200px) 560px, (min-width: 992px) 50vw, 100vw\" width=\"2560px\" alt=\"4x Opony letnie 235\/40R19 96Y XL UHP KORMORAN 2025 Rok produkcji 2025\" style=\"max-width: 100%; height: auto; display: block; margin: 0 auto;\"><\/div>\n<\/div>\n<\/div>\n<\/div>\n<\/div>\n<div style=\"clear: both; display: block; margin: 10px 0;\">\n<div style=\"clear: both; display: block; margin: 10px 0;\">\n<h3 style=\"color: #2c5aa0; font-size: 18px; margin: 30px 0 15px 0; font-weight: bold; clear: both; display: block; width: 100%; float: none; position: static;\">Informacje szczeg\u00f3\u0142owe<\/h3>\n<p style=\"margin: 15px 0; line-height: 1.8; clear: both; display: block; width: 100%; float: none; position: static;\"><b>Op\u00f3r toczenia: <\/b>Klasa C<\/p>\n<p style=\"margin: 15px 0; line-height: 1.8; clear: both; display: block; width: 100%; float: none; position: static;\"><b>Przyczepno\u015b\u0107 na mokrej nawierzchni: <\/b>Klasa C<\/p>\n<p style=\"margin: 15px 0; line-height: 1.8; clear: both; display: block; width: 100%; float: none; position: static;\"><b>Poziom ha\u0142asu zewn\u0119trznego: <\/b>Klasa B<\/p>\n<p style=\"margin: 15px 0; line-height: 1.8; clear: both; display: block; width: 100%; float: none; position: static;\"><b>Ha\u0142as zewn\u0119trzny: <\/b>72 dB<\/p>\n<p style=\"margin: 15px 0; line-height: 1.8; clear: both; display: block; width: 100%; float: none; position: static;\"><b>Opona posiada rant ochronny: <\/b>Tak<\/p>\n<p style=\"margin: 15px 0; line-height: 1.8; clear: both; display: block; width: 100%; float: none; position: static;\"><b>Opona o podwy\u017cszonym wska\u017aniku no\u015bno\u015bci: <\/b>XL<\/p>\n<p style=\"margin: 15px 0; line-height: 1.8; clear: both; display: block; width: 100%; float: none; position: static;\"><b>Przeznaczenie: <\/b>Opona do samochod\u00f3w osobowych, SUV oraz z nap\u0119dem 4&#215;4<\/p>\n<p style=\"margin: 15px 0; line-height: 1.8; clear: both; display: block; width: 100%; float: none; position: static;\"><b>Kod producenta: <\/b>120788<\/p>\n<p style=\"margin: 15px 0; line-height: 1.8; clear: both; display: block; width: 100%; float: none; position: static;\"><b>Kod QR: <\/b>eprel.ec.europa.eu\/qr\/408856<\/p>\n<p style=\"margin: 15px 0; line-height: 1.8; clear: both; display: block; width: 100%; float: none; position: static;\"><b>Waga opony: <\/b>10.1 kg<\/p>\n<\/div>\n<\/div>\n<\/div>\n<div style=\"clear: both; display: block; margin: 10px 0;\">\n<div style=\"clear: both; display: block; margin: 10px 0;\">\n<div style=\"clear: both; display: block; margin: 10px 0;\">\n<p style=\"margin: 15px 0; line-height: 1.8; clear: both; display: block; width: 100%; float: none; position: static;\">*Zdj\u0119cia przedstawione w ofercie maj\u0105 <b>charakter pogl\u0105dowy<\/b>. Rzeczywisty wygl\u0105d mo\u017ce r\u00f3\u017cni\u0107 si\u0119 od prezentowanego w zale\u017cno\u015bci od rozmiaru produktu.<\/p>\n<\/div>\n<\/div>\n<\/div>\n<div style=\"clear: both; display: block; margin: 10px 0;\">\n<div style=\"clear: both; display: block; margin: 10px 0;\">\n<div style=\"clear: both; display: block; margin: 10px 0;\">\n<h1>Ultra High Performance<\/h1>\n<h3 style=\"color: #2c5aa0; font-size: 18px; margin: 30px 0 15px 0; font-weight: bold; clear: both; display: block; width: 100%; float: none; position: static;\">\u0141atwa do kontrolowania, nawet przy du\u017cych pr\u0119dko\u015bciach<\/h3>\n<ul style=\"margin: 15px 0; padding-left: 20px; clear: both; display: block; width: 100%; float: none; position: static;\">\n<li style=\"margin: 5px 0; padding: 2px 0; clear: both; display: list-item; float: none; position: static;\">Asymetryczny wz\u00f3r bie\u017cnika<\/li>\n<\/ul>\n<h3 style=\"color: #2c5aa0; font-size: 18px; margin: 30px 0 15px 0; font-weight: bold; clear: both; display: block; width: 100%; float: none; position: static;\">Ulepszona wydajno\u015b\u0107<\/h3>\n<ul style=\"margin: 15px 0; padding-left: 20px; clear: both; display: block; width: 100%; float: none; position: static;\">\n<li style=\"margin: 5px 0; padding: 2px 0; clear: both; display: list-item; float: none; position: static;\">No\u015bno\u015b\u0107: Zoptymalizowana konstrukcja obudowy, sztywno\u015b\u0107 bie\u017cnika, nowy zwi\u0105zek krzemionki<\/li>\n<li style=\"margin: 5px 0; padding: 2px 0; clear: both; display: list-item; float: none; position: static;\">Op\u00f3r toczenia i trakcja na mokro: nowy zwi\u0105zek krzemionki<\/li>\n<\/ul>\n<\/div>\n<\/div>\n<\/div>\n<div style=\"clear: both; display: block; margin: 10px 0;\">\n<div style=\"clear: both; display: block; margin: 10px 0;\">\n<div style=\"clear: both; display: block; margin: 10px 0;\">\n<div  style=\"max-width:1000px;max-height:300px\">\n<div style=\"clear: both; display: block; margin: 10px 0;\">\n<div style=\"clear: both; width: 100%; display: block; margin: 20px 0; padding: 0; float: none; position: static; text-align: center;\"><img decoding=\"async\"  src=\"https:\/\/a.allegroimg.com\/original\/11b09f\/adab1b2f48b6945317e9e3495688\/4x-Opony-letnie-235-40R19-96Y-XL-UHP-KORMORAN-2025-Szerokosc-opony-235-mm\" srcset=\"https:\/\/a.allegroimg.com\/original\/11b09f\/adab1b2f48b6945317e9e3495688\/4x-Opony-letnie-235-40R19-96Y-XL-UHP-KORMORAN-2025-Szerokosc-opony-235-mm 360w,https:\/\/a.allegroimg.com\/original\/11b09f\/adab1b2f48b6945317e9e3495688\/4x-Opony-letnie-235-40R19-96Y-XL-UHP-KORMORAN-2025-Szerokosc-opony-235-mm 720w,https:\/\/a.allegroimg.com\/original\/11b09f\/adab1b2f48b6945317e9e3495688\/4x-Opony-letnie-235-40R19-96Y-XL-UHP-KORMORAN-2025-Szerokosc-opony-235-mm 1000w,https:\/\/a.allegroimg.com\/original\/11b09f\/adab1b2f48b6945317e9e3495688\/4x-Opony-letnie-235-40R19-96Y-XL-UHP-KORMORAN-2025-Szerokosc-opony-235-mm 1000w\" sizes=\"100vw\" width=\"1000px\" alt=\"4x Opony letnie 235\/40R19 96Y XL UHP KORMORAN 2025 Szeroko\u015b\u0107 opony 235 mm\" style=\"max-width: 100%; height: auto; display: block; margin: 0 auto;\"><\/div>\n<\/div>\n<\/div>\n<\/div>\n<\/div>\n<\/div>\n<div style=\"clear: both; display: block; margin: 10px 0;\">\n<div style=\"clear: both; display: block; margin: 10px 0;\">\n<div style=\"clear: both; display: block; margin: 10px 0;\">\n<h1>O producencie opon Kormoran<\/h1>\n<p style=\"margin: 15px 0; line-height: 1.8; clear: both; display: block; width: 100%; float: none; position: static;\">Kormoran to marka opon z polskimi korzeniami, powsta\u0142a w 1994 roku jako cz\u0119\u015b\u0107 Olszty\u0144skich Zak\u0142ad\u00f3w Opon Samochodowych (OZOS), kt\u00f3re dzia\u0142a\u0142y od 1961 roku. W 1995 roku wi\u0119kszo\u015bciowym udzia\u0142owcem zosta\u0142 Michelin, wprowadzaj\u0105c nowoczesne technologie i europejskie standardy jako\u015bci. Opony Kormoran s\u0105 produkowane w Europie, oferuj\u0105c dobry stosunek ceny do jako\u015bci, trwa\u0142o\u015b\u0107 i bezpiecze\u0144stwo na ka\u017cd\u0105 drog\u0119.<\/p>\n<ul style=\"margin: 15px 0; padding-left: 20px; clear: both; display: block; width: 100%; float: none; position: static;\">\n<li style=\"margin: 5px 0; padding: 2px 0; clear: both; display: list-item; float: none; position: static;\">Polska marka z tradycjami<\/li>\n<li style=\"margin: 5px 0; padding: 2px 0; clear: both; display: list-item; float: none; position: static;\">Europejska produkcja<\/li>\n<li style=\"margin: 5px 0; padding: 2px 0; clear: both; display: list-item; float: none; position: static;\">Gwarancja Michelin<\/li>\n<li style=\"margin: 5px 0; padding: 2px 0; clear: both; display: list-item; float: none; position: static;\">Doskona\u0142y stosunek ceny do jako\u015bci<\/li>\n<\/ul>\n<\/div>\n<\/div>\n<\/div>\n<div style=\"clear: both; display: block; margin: 10px 0;\">\n<div style=\"clear: both; display: block; margin: 10px 0;\">\n<div style=\"clear: both; display: block; margin: 10px 0;\">\n<div  style=\"max-width:886px;max-height:1299px\">\n<div style=\"clear: both; display: block; margin: 10px 0;\">\n<div style=\"clear: both; width: 100%; display: block; margin: 20px 0; padding: 0; float: none; position: static; text-align: center;\"><img decoding=\"async\"  src=\"https:\/\/a.allegroimg.com\/original\/11474e\/ecf517bb49be93d0aec9a5da6375\/4x-Opony-letnie-235-40R19-96Y-XL-UHP-KORMORAN-2025-Waga-produktu-z-opakowaniem-jednostkowym-36-kg\" srcset=\"https:\/\/a.allegroimg.com\/original\/11474e\/ecf517bb49be93d0aec9a5da6375\/4x-Opony-letnie-235-40R19-96Y-XL-UHP-KORMORAN-2025-Waga-produktu-z-opakowaniem-jednostkowym-36-kg 245w,https:\/\/a.allegroimg.com\/original\/11474e\/ecf517bb49be93d0aec9a5da6375\/4x-Opony-letnie-235-40R19-96Y-XL-UHP-KORMORAN-2025-Waga-produktu-z-opakowaniem-jednostkowym-36-kg 491w,https:\/\/a.allegroimg.com\/original\/11474e\/ecf517bb49be93d0aec9a5da6375\/4x-Opony-letnie-235-40R19-96Y-XL-UHP-KORMORAN-2025-Waga-produktu-z-opakowaniem-jednostkowym-36-kg 698w,https:\/\/a.allegroimg.com\/original\/11474e\/ecf517bb49be93d0aec9a5da6375\/4x-Opony-letnie-235-40R19-96Y-XL-UHP-KORMORAN-2025-Waga-produktu-z-opakowaniem-jednostkowym-36-kg 886w,https:\/\/a.allegroimg.com\/original\/11474e\/ecf517bb49be93d0aec9a5da6375\/4x-Opony-letnie-235-40R19-96Y-XL-UHP-KORMORAN-2025-Waga-produktu-z-opakowaniem-jednostkowym-36-kg 886w\" sizes=\"(min-width: 1200px) 560px, (min-width: 992px) 50vw, 100vw\" width=\"886px\" alt=\"4x Opony letnie 235\/40R19 96Y XL UHP KORMORAN 2025 Waga produktu z opakowaniem jednostkowym 36 kg\" style=\"max-width: 100%; height: auto; display: block; margin: 0 auto;\"><\/div>\n<\/div>\n<\/div>\n<\/div>\n<\/div>\n<div style=\"clear: both; display: block; margin: 10px 0;\">\n<div style=\"clear: both; display: block; margin: 10px 0;\">\n<p style=\"margin: 15px 0; line-height: 1.8; clear: both; display: block; width: 100%; float: none; position: static;\"><b>Etykiety Unijne na oponach<\/b> pomagaj\u0105 konsumentom w podj\u0119ciu \u015bwiadomej decyzji o zakupie.<\/p>\n<p style=\"margin: 15px 0; line-height: 1.8; clear: both; display: block; width: 100%; float: none; position: static;\"><b>Op\u00f3r toczenia<\/b> w oponie jest wska\u017anikiem jej efektywno\u015bci energetycznej, co ma wp\u0142yw na zu\u017cycie paliwa oraz emisj\u0119 spalin. Klasa oporu toczenia waha si\u0119 od A (najwydajniejsza) do E (najni\u017csza).<\/p>\n<p style=\"margin: 15px 0; line-height: 1.8; clear: both; display: block; width: 100%; float: none; position: static;\"><b>Droga hamowania na mokrej nawierzchni<\/b> zale\u017cy od zdolno\u015bci opony do trzymania si\u0119 drogi na mokrej nawierzchni. Klasa A okre\u015bla najkr\u00f3tsz\u0105 drog\u0119, za\u015b E najd\u0142u\u017csz\u0105. Opona z etykiet\u0105 E hamuje 18 metr\u00f3w dalej w por\u00f3wnaniu z opon\u0105 z etykiet\u0105 A (procedura testowa, w kt\u00f3rej mierzy si\u0119 drog\u0119 hamowania od 80 km\/h do 5 km\/h na drodze pokrytej wod\u0105).<\/p>\n<p style=\"margin: 15px 0; line-height: 1.8; clear: both; display: block; width: 100%; float: none; position: static;\"><b>Ha\u0142as zewn\u0119trzny<\/b> odnosi si\u0119 do ha\u0142asu wytwarzanego przez opon\u0119 podczas przejazdu samochodu i jest mierzony w dB (decybelach). Ha\u0142as opon mierzony jest na zewn\u0105trz pojazdu co ma za zadanie ograniczy\u0107 negatywny wp\u0142yw na otoczenie.<\/p>\n<\/div>\n<\/div>\n<\/div>\n<\/div>\n<\/div>\n<\/div>\n<div style=\"clear: both; display: block; margin: 10px 0;\">\n","protected":false},"excerpt":{"rendered":"<p>4x Opony letnie 235\/40R19 96Y XL UHP KORMORAN 2025<\/p>\n<p>KORMORAN Ultra High Performance 235\/40R19<\/p>\n<p>Dane podstawowe<\/p>\n<p>Stan: Opony fabrycznie nowe<\/p>\n<p>Producent: KORMORAN<\/p>\n<p>Model: Ultra High Performance<\/p>\n<p>Klasa opon: Ekonomiczna<\/p>\n<p>Sezon: Opony letnie<\/p>\n","protected":false},"featured_media":14569,"template":"","meta":{"_uag_custom_page_level_css":""},"product_brand":[382],"product_cat":[414,418,413,412],"product_tag":[],"class_list":{"0":"post-14568","1":"product","2":"type-product","3":"status-publish","4":"has-post-thumbnail","6":"product_brand-kormoran","7":"product_cat-do-samochodow-osobowych-i-suv","8":"product_cat-letnie","9":"product_cat-opony","10":"product_cat-opony-i-felgi","12":"first","13":"instock","14":"shipping-taxable","15":"purchasable","16":"product-type-simple"},"uagb_featured_image_src":{"full":["https:\/\/oponexa.shop\/tire\/wp-content\/uploads\/2026\/01\/allegro-image-14568.jpg",2560,2560,false],"thumbnail":["https:\/\/oponexa.shop\/tire\/wp-content\/uploads\/2026\/01\/allegro-image-14568-150x150.jpg",150,150,true],"medium":["https:\/\/oponexa.shop\/tire\/wp-content\/uploads\/2026\/01\/allegro-image-14568-300x300.jpg",300,300,true],"medium_large":["https:\/\/oponexa.shop\/tire\/wp-content\/uploads\/2026\/01\/allegro-image-14568-768x768.jpg",768,768,true],"large":["https:\/\/oponexa.shop\/tire\/wp-content\/uploads\/2026\/01\/allegro-image-14568-1024x1024.jpg",1024,1024,true],"1536x1536":["https:\/\/oponexa.shop\/tire\/wp-content\/uploads\/2026\/01\/allegro-image-14568-1536x1536.jpg",1536,1536,true],"2048x2048":["https:\/\/oponexa.shop\/tire\/wp-content\/uploads\/2026\/01\/allegro-image-14568-2048x2048.jpg",2048,2048,true],"woocommerce_thumbnail":["https:\/\/oponexa.shop\/tire\/wp-content\/uploads\/2026\/01\/allegro-image-14568-300x300.jpg",300,300,true],"woocommerce_single":["https:\/\/oponexa.shop\/tire\/wp-content\/uploads\/2026\/01\/allegro-image-14568-600x600.jpg",600,600,true],"woocommerce_gallery_thumbnail":["https:\/\/oponexa.shop\/tire\/wp-content\/uploads\/2026\/01\/allegro-image-14568-100x100.jpg",100,100,true]},"uagb_author_info":{"display_name":"admin","author_link":"https:\/\/oponexa.shop\/tire\/author\/"},"uagb_comment_info":0,"uagb_excerpt":"4x Opony letnie 235\/40R19 96Y XL UHP KORMORAN 2025 KORMORAN Ultra High Performance 235\/40R19 Dane podstawowe Stan: Opony fabrycznie nowe Producent: KORMORAN Model: Ultra High Performance Klasa opon: Ekonomiczna Sezon: Opony letnie","_links":{"self":[{"href":"https:\/\/oponexa.shop\/tire\/wp-json\/wp\/v2\/product\/14568","targetHints":{"allow":["GET"]}}],"collection":[{"href":"https:\/\/oponexa.shop\/tire\/wp-json\/wp\/v2\/product"}],"about":[{"href":"https:\/\/oponexa.shop\/tire\/wp-json\/wp\/v2\/types\/product"}],"wp:featuredmedia":[{"embeddable":true,"href":"https:\/\/oponexa.shop\/tire\/wp-json\/wp\/v2\/media\/14569"}],"wp:attachment":[{"href":"https:\/\/oponexa.shop\/tire\/wp-json\/wp\/v2\/media?parent=14568"}],"wp:term":[{"taxonomy":"product_brand","embeddable":true,"href":"https:\/\/oponexa.shop\/tire\/wp-json\/wp\/v2\/product_brand?post=14568"},{"taxonomy":"product_cat","embeddable":true,"href":"https:\/\/oponexa.shop\/tire\/wp-json\/wp\/v2\/product_cat?post=14568"},{"taxonomy":"product_tag","embeddable":true,"href":"https:\/\/oponexa.shop\/tire\/wp-json\/wp\/v2\/product_tag?post=14568"}],"curies":[{"name":"wp","href":"https:\/\/api.w.org\/{rel}","templated":true}]}}