{"id":14502,"date":"2026-01-12T01:46:29","date_gmt":"2026-01-12T00:46:29","guid":{"rendered":"https:\/\/oponyspeed.shop\/xef5\/produkt\/4x-opony-letnie-205-55r16-91v-hectorra-5-matador\/"},"modified":"2026-01-12T01:46:30","modified_gmt":"2026-01-12T00:46:30","slug":"4x-opony-letnie-205-55r16-91v-hectorra-5-matador","status":"publish","type":"product","link":"https:\/\/oponixo.shop\/tire\/produkt\/4x-opony-letnie-205-55r16-91v-hectorra-5-matador\/","title":{"rendered":"4x Opony letnie 205\/55R16 91V Hectorra 5 MATADOR"},"content":{"rendered":"<div style=\"font-family: Arial, sans-serif; line-height: 1.6; color: #333; padding: 20px; clear: both; display: block; width: 100%; float: none; position: static; overflow: hidden;\">\n<div style=\"clear: both; display: block; margin: 10px 0;\">\n<div style=\"clear: both; display: block; margin: 10px 0;\">\n<div style=\"clear: both; display: block; margin: 10px 0;\">\n<h1>4x Opony letnie 205\/55R16 91V Hectorra 5 MATADOR<\/h1>\n<\/div>\n<\/div>\n<\/div>\n<div style=\"clear: both; display: block; margin: 10px 0;\">\n<div style=\"clear: both; display: block; margin: 10px 0;\">\n<div style=\"clear: both; display: block; margin: 10px 0;\">\n<div  style=\"max-width:1440px;max-height:100px\">\n<div style=\"clear: both; display: block; margin: 10px 0;\">\n<div style=\"clear: both; width: 100%; display: block; margin: 20px 0; padding: 0; float: none; position: static; text-align: center;\"><img decoding=\"async\"  src=\"https:\/\/a.allegroimg.com\/original\/11c086\/7a8691cc417c8b8fcc9acad38ced\/4x-Opony-letnie-205-55R16-91V-Hectorra-5-MATADOR-Profil-opony-55\" srcset=\"https:\/\/a.allegroimg.com\/original\/11c086\/7a8691cc417c8b8fcc9acad38ced\/4x-Opony-letnie-205-55R16-91V-Hectorra-5-MATADOR-Profil-opony-55 360w,https:\/\/a.allegroimg.com\/original\/11c086\/7a8691cc417c8b8fcc9acad38ced\/4x-Opony-letnie-205-55R16-91V-Hectorra-5-MATADOR-Profil-opony-55 720w,https:\/\/a.allegroimg.com\/original\/11c086\/7a8691cc417c8b8fcc9acad38ced\/4x-Opony-letnie-205-55R16-91V-Hectorra-5-MATADOR-Profil-opony-55 1024w,https:\/\/a.allegroimg.com\/original\/11c086\/7a8691cc417c8b8fcc9acad38ced\/4x-Opony-letnie-205-55R16-91V-Hectorra-5-MATADOR-Profil-opony-55 1440w,https:\/\/a.allegroimg.com\/original\/11c086\/7a8691cc417c8b8fcc9acad38ced\/4x-Opony-letnie-205-55R16-91V-Hectorra-5-MATADOR-Profil-opony-55 1440w\" sizes=\"100vw\" width=\"1440px\" alt=\"4x Opony letnie 205\/55R16 91V Hectorra 5 MATADOR Profil opony 55\" style=\"max-width: 100%; height: auto; display: block; margin: 0 auto;\"><\/div>\n<\/div>\n<\/div>\n<\/div>\n<\/div>\n<\/div>\n<div style=\"clear: both; display: block; margin: 10px 0;\">\n<div style=\"clear: both; display: block; margin: 10px 0;\">\n<div style=\"clear: both; display: block; margin: 10px 0;\">\n<div  style=\"max-width:1781px;max-height:2560px\">\n<div style=\"clear: both; display: block; margin: 10px 0;\">\n<div style=\"clear: both; width: 100%; display: block; margin: 20px 0; padding: 0; float: none; position: static; text-align: center;\"><img decoding=\"async\"  src=\"https:\/\/a.allegroimg.com\/original\/115931\/1a0c80064f0ea4cc95b3477a6171\/4x-Opony-letnie-205-55R16-91V-Hectorra-5-MATADOR-Liczba-opon-w-ofercie-Komplet-4-szt\" srcset=\"https:\/\/a.allegroimg.com\/original\/115931\/1a0c80064f0ea4cc95b3477a6171\/4x-Opony-letnie-205-55R16-91V-Hectorra-5-MATADOR-Liczba-opon-w-ofercie-Komplet-4-szt 250w,https:\/\/a.allegroimg.com\/original\/115931\/1a0c80064f0ea4cc95b3477a6171\/4x-Opony-letnie-205-55R16-91V-Hectorra-5-MATADOR-Liczba-opon-w-ofercie-Komplet-4-szt 500w,https:\/\/a.allegroimg.com\/original\/115931\/1a0c80064f0ea4cc95b3477a6171\/4x-Opony-letnie-205-55R16-91V-Hectorra-5-MATADOR-Liczba-opon-w-ofercie-Komplet-4-szt 712w,https:\/\/a.allegroimg.com\/original\/115931\/1a0c80064f0ea4cc95b3477a6171\/4x-Opony-letnie-205-55R16-91V-Hectorra-5-MATADOR-Liczba-opon-w-ofercie-Komplet-4-szt 1001w,https:\/\/a.allegroimg.com\/original\/115931\/1a0c80064f0ea4cc95b3477a6171\/4x-Opony-letnie-205-55R16-91V-Hectorra-5-MATADOR-Liczba-opon-w-ofercie-Komplet-4-szt 1781w\" sizes=\"(min-width: 1200px) 560px, (min-width: 992px) 50vw, 100vw\" width=\"1781px\" alt=\"4x Opony letnie 205\/55R16 91V Hectorra 5 MATADOR Liczba opon w ofercie Komplet 4 szt.\" style=\"max-width: 100%; height: auto; display: block; margin: 0 auto;\"><\/div>\n<\/div>\n<\/div>\n<\/div>\n<\/div>\n<div style=\"clear: both; display: block; margin: 10px 0;\">\n<div style=\"clear: both; display: block; margin: 10px 0;\">\n<h1>MATADOR Hectorra 5 205\/55R16<\/h1>\n<h3 style=\"color: #2c5aa0; font-size: 18px; margin: 30px 0 15px 0; font-weight: bold; clear: both; display: block; width: 100%; float: none; position: static;\">Dane podstawowe<\/h3>\n<p style=\"margin: 15px 0; line-height: 1.8; clear: both; display: block; width: 100%; float: none; position: static;\"><b>Stan:<\/b> Opony fabrycznie nowe<\/p>\n<p style=\"margin: 15px 0; line-height: 1.8; clear: both; display: block; width: 100%; float: none; position: static;\"><b>Producent:<\/b> MATADOR<\/p>\n<p style=\"margin: 15px 0; line-height: 1.8; clear: both; display: block; width: 100%; float: none; position: static;\"><b>Model:<\/b> Hectorra 5<\/p>\n<p style=\"margin: 15px 0; line-height: 1.8; clear: both; display: block; width: 100%; float: none; position: static;\"><b>Klasa opon:<\/b> Ekonomiczna<\/p>\n<p style=\"margin: 15px 0; line-height: 1.8; clear: both; display: block; width: 100%; float: none; position: static;\"><b>Sezon:<\/b> Opony letnie<\/p>\n<p style=\"margin: 15px 0; line-height: 1.8; clear: both; display: block; width: 100%; float: none; position: static;\"><b>Szeroko\u015b\u0107:<\/b> 205<\/p>\n<p style=\"margin: 15px 0; line-height: 1.8; clear: both; display: block; width: 100%; float: none; position: static;\"><b>Profil:<\/b> 55<\/p>\n<p style=\"margin: 15px 0; line-height: 1.8; clear: both; display: block; width: 100%; float: none; position: static;\"><b>\u015arednica:<\/b> 16<\/p>\n<p style=\"margin: 15px 0; line-height: 1.8; clear: both; display: block; width: 100%; float: none; position: static;\"><b>Indeks pr\u0119dko\u015bci:<\/b> V &#8211; do 240 km\/h<\/p>\n<p style=\"margin: 15px 0; line-height: 1.8; clear: both; display: block; width: 100%; float: none; position: static;\"><b>Indeks no\u015bno\u015bci:<\/b> 91 &#8211; 615 kg na opon\u0119<\/p>\n<p style=\"margin: 15px 0; line-height: 1.8; clear: both; display: block; width: 100%; float: none; position: static;\"><b>Rok produkcji:<\/b> 2025<\/p>\n<\/div>\n<\/div>\n<\/div>\n<div style=\"clear: both; display: block; margin: 10px 0;\">\n<div style=\"clear: both; display: block; margin: 10px 0;\">\n<div style=\"clear: both; display: block; margin: 10px 0;\">\n<div  style=\"max-width:2560px;max-height:2560px\">\n<div style=\"clear: both; display: block; margin: 10px 0;\">\n<div style=\"clear: both; width: 100%; display: block; margin: 20px 0; padding: 0; float: none; position: static; text-align: center;\"><img decoding=\"async\"  src=\"https:\/\/a.allegroimg.com\/original\/1135d5\/8f2dd2c64824aefca20d749743fa\/4x-Opony-letnie-205-55R16-91V-Hectorra-5-MATADOR-Rok-produkcji-2025\" srcset=\"https:\/\/a.allegroimg.com\/original\/1135d5\/8f2dd2c64824aefca20d749743fa\/4x-Opony-letnie-205-55R16-91V-Hectorra-5-MATADOR-Rok-produkcji-2025 360w,https:\/\/a.allegroimg.com\/original\/1135d5\/8f2dd2c64824aefca20d749743fa\/4x-Opony-letnie-205-55R16-91V-Hectorra-5-MATADOR-Rok-produkcji-2025 720w,https:\/\/a.allegroimg.com\/original\/1135d5\/8f2dd2c64824aefca20d749743fa\/4x-Opony-letnie-205-55R16-91V-Hectorra-5-MATADOR-Rok-produkcji-2025 1024w,https:\/\/a.allegroimg.com\/original\/1135d5\/8f2dd2c64824aefca20d749743fa\/4x-Opony-letnie-205-55R16-91V-Hectorra-5-MATADOR-Rok-produkcji-2025 1440w,https:\/\/a.allegroimg.com\/original\/1135d5\/8f2dd2c64824aefca20d749743fa\/4x-Opony-letnie-205-55R16-91V-Hectorra-5-MATADOR-Rok-produkcji-2025 2560w\" sizes=\"(min-width: 1200px) 560px, (min-width: 992px) 50vw, 100vw\" width=\"2560px\" alt=\"4x Opony letnie 205\/55R16 91V Hectorra 5 MATADOR Rok produkcji 2025\" style=\"max-width: 100%; height: auto; display: block; margin: 0 auto;\"><\/div>\n<\/div>\n<\/div>\n<\/div>\n<\/div>\n<div style=\"clear: both; display: block; margin: 10px 0;\">\n<div style=\"clear: both; display: block; margin: 10px 0;\">\n<h3 style=\"color: #2c5aa0; font-size: 18px; margin: 30px 0 15px 0; font-weight: bold; clear: both; display: block; width: 100%; float: none; position: static;\">Informacje szczeg\u00f3\u0142owe<\/h3>\n<p style=\"margin: 15px 0; line-height: 1.8; clear: both; display: block; width: 100%; float: none; position: static;\"><b>Op\u00f3r toczenia: <\/b>Klasa C<\/p>\n<p style=\"margin: 15px 0; line-height: 1.8; clear: both; display: block; width: 100%; float: none; position: static;\"><b>Przyczepno\u015b\u0107 na mokrej nawierzchni: <\/b>Klasa B<\/p>\n<p style=\"margin: 15px 0; line-height: 1.8; clear: both; display: block; width: 100%; float: none; position: static;\"><b>Poziom ha\u0142asu zewn\u0119trznego: <\/b>Klasa B<\/p>\n<p style=\"margin: 15px 0; line-height: 1.8; clear: both; display: block; width: 100%; float: none; position: static;\"><b>Ha\u0142as zewn\u0119trzny: <\/b>71 dB<\/p>\n<p style=\"margin: 15px 0; line-height: 1.8; clear: both; display: block; width: 100%; float: none; position: static;\"><b>Przeznaczenie: <\/b>Opona do samochod\u00f3w osobowych, SUV oraz z nap\u0119dem 4&#215;4<\/p>\n<p style=\"margin: 15px 0; line-height: 1.8; clear: both; display: block; width: 100%; float: none; position: static;\"><b>Kod producenta: <\/b>15811330000<\/p>\n<p style=\"margin: 15px 0; line-height: 1.8; clear: both; display: block; width: 100%; float: none; position: static;\"><b>Kod QR: <\/b>eprel.ec.europa.eu\/qr\/1205396<\/p>\n<p style=\"margin: 15px 0; line-height: 1.8; clear: both; display: block; width: 100%; float: none; position: static;\"><b>Waga opony: <\/b>8.55 kg<\/p>\n<\/div>\n<\/div>\n<\/div>\n<div style=\"clear: both; display: block; margin: 10px 0;\">\n<div style=\"clear: both; display: block; margin: 10px 0;\">\n<div style=\"clear: both; display: block; margin: 10px 0;\">\n<p style=\"margin: 15px 0; line-height: 1.8; clear: both; display: block; width: 100%; float: none; position: static;\">*Zdj\u0119cia przedstawione w ofercie maj\u0105 <b>charakter pogl\u0105dowy<\/b>. Rzeczywisty wygl\u0105d mo\u017ce r\u00f3\u017cni\u0107 si\u0119 od prezentowanego w zale\u017cno\u015bci od rozmiaru produktu.<\/p>\n<\/div>\n<\/div>\n<\/div>\n<div style=\"clear: both; display: block; margin: 10px 0;\">\n<div style=\"clear: both; display: block; margin: 10px 0;\">\n<div style=\"clear: both; display: block; margin: 10px 0;\">\n<h1>Matador Hectorra 5<\/h1>\n<p style=\"margin: 15px 0; line-height: 1.8; clear: both; display: block; width: 100%; float: none; position: static;\"><b>Komfort<\/b>, <b>oszcz\u0119dno\u015b\u0107<\/b> i <b>bezpiecze\u0144stwo<\/b> w ka\u017cdych warunkach.<\/p>\n<ul style=\"margin: 15px 0; padding-left: 20px; clear: both; display: block; width: 100%; float: none; position: static;\">\n<li style=\"margin: 5px 0; padding: 2px 0; clear: both; display: list-item; float: none; position: static;\"><b>Cicha jazda<\/b> dzi\u0119ki zoptymalizowanemu bie\u017cnikowi<\/li>\n<li style=\"margin: 5px 0; padding: 2px 0; clear: both; display: list-item; float: none; position: static;\"><b>Niskie opory toczenia<\/b> i d\u0142uga \u017cywotno\u015b\u0107<\/li>\n<li style=\"margin: 5px 0; padding: 2px 0; clear: both; display: list-item; float: none; position: static;\"><b>Skuteczne hamowanie<\/b> na mokrej nawierzchni<\/li>\n<\/ul>\n<\/div>\n<\/div>\n<\/div>\n<div style=\"clear: both; display: block; margin: 10px 0;\">\n<div style=\"clear: both; display: block; margin: 10px 0;\">\n<div style=\"clear: both; display: block; margin: 10px 0;\">\n<h1>W\u0142a\u015bciwo\u015bci opon Matador Hectorra 5<\/h1>\n<\/div>\n<\/div>\n<\/div>\n<div style=\"clear: both; display: block; margin: 10px 0;\">\n<div style=\"clear: both; display: block; margin: 10px 0;\">\n<div style=\"clear: both; display: block; margin: 10px 0;\">\n<div  style=\"max-width:682px;max-height:474px\">\n<div style=\"clear: both; display: block; margin: 10px 0;\">\n<div style=\"clear: both; width: 100%; display: block; margin: 20px 0; padding: 0; float: none; position: static; text-align: center;\"><img decoding=\"async\"  src=\"https:\/\/a.allegroimg.com\/original\/11681c\/77b6883848409089de230fe237b0\/4x-Opony-letnie-205-55R16-91V-Hectorra-5-MATADOR-Kod-producenta-15811330000\" srcset=\"https:\/\/a.allegroimg.com\/original\/11681c\/77b6883848409089de230fe237b0\/4x-Opony-letnie-205-55R16-91V-Hectorra-5-MATADOR-Kod-producenta-15811330000 360w,https:\/\/a.allegroimg.com\/original\/11681c\/77b6883848409089de230fe237b0\/4x-Opony-letnie-205-55R16-91V-Hectorra-5-MATADOR-Kod-producenta-15811330000 682w,https:\/\/a.allegroimg.com\/original\/11681c\/77b6883848409089de230fe237b0\/4x-Opony-letnie-205-55R16-91V-Hectorra-5-MATADOR-Kod-producenta-15811330000 682w\" sizes=\"(min-width: 1200px) 560px, (min-width: 992px) 50vw, 100vw\" width=\"682px\" alt=\"4x Opony letnie 205\/55R16 91V Hectorra 5 MATADOR Kod producenta 15811330000\" style=\"max-width: 100%; height: auto; display: block; margin: 0 auto;\"><\/div>\n<\/div>\n<\/div>\n<\/div>\n<\/div>\n<div style=\"clear: both; display: block; margin: 10px 0;\">\n<div style=\"clear: both; display: block; margin: 10px 0;\">\n<h2>Niezawodna wydajno\u015b\u0107 na mokrej nawierzchni<\/h2>\n<p style=\"margin: 15px 0; line-height: 1.8; clear: both; display: block; width: 100%; float: none; position: static;\">Skuteczniejsze hamowanie na mokrej nawierzchni dzi\u0119ki g\u0142\u0119bszym kraw\u0119dziom bocznym<\/p>\n<p style=\"margin: 15px 0; line-height: 1.8; clear: both; display: block; width: 100%; float: none; position: static;\">Lepsza przyczepno\u015b\u0107 podczas manewr\u00f3w na mokrej nawierzchni dzi\u0119ki dodatkowym kraw\u0119dziom wzd\u0142u\u017cnym<\/p>\n<\/div>\n<\/div>\n<\/div>\n<div style=\"clear: both; display: block; margin: 10px 0;\">\n<div style=\"clear: both; display: block; margin: 10px 0;\">\n<div style=\"clear: both; display: block; margin: 10px 0;\">\n<div  style=\"max-width:682px;max-height:474px\">\n<div style=\"clear: both; display: block; margin: 10px 0;\">\n<div style=\"clear: both; width: 100%; display: block; margin: 20px 0; padding: 0; float: none; position: static; text-align: center;\"><img decoding=\"async\"  src=\"https:\/\/a.allegroimg.com\/original\/11413f\/dc6bed1c424e8ff9f0dd53239cc9\/4x-Opony-letnie-205-55R16-91V-Hectorra-5-MATADOR-Waga-produktu-z-opakowaniem-jednostkowym-36-kg\" srcset=\"https:\/\/a.allegroimg.com\/original\/11413f\/dc6bed1c424e8ff9f0dd53239cc9\/4x-Opony-letnie-205-55R16-91V-Hectorra-5-MATADOR-Waga-produktu-z-opakowaniem-jednostkowym-36-kg 360w,https:\/\/a.allegroimg.com\/original\/11413f\/dc6bed1c424e8ff9f0dd53239cc9\/4x-Opony-letnie-205-55R16-91V-Hectorra-5-MATADOR-Waga-produktu-z-opakowaniem-jednostkowym-36-kg 682w,https:\/\/a.allegroimg.com\/original\/11413f\/dc6bed1c424e8ff9f0dd53239cc9\/4x-Opony-letnie-205-55R16-91V-Hectorra-5-MATADOR-Waga-produktu-z-opakowaniem-jednostkowym-36-kg 682w\" sizes=\"(min-width: 1200px) 560px, (min-width: 992px) 50vw, 100vw\" width=\"682px\" alt=\"4x Opony letnie 205\/55R16 91V Hectorra 5 MATADOR Waga produktu z opakowaniem jednostkowym 36 kg\" style=\"max-width: 100%; height: auto; display: block; margin: 0 auto;\"><\/div>\n<\/div>\n<\/div>\n<\/div>\n<\/div>\n<div style=\"clear: both; display: block; margin: 10px 0;\">\n<div style=\"clear: both; display: block; margin: 10px 0;\">\n<h2>Niski poziom ha\u0142asu i wysoki komfort<\/h2>\n<p style=\"margin: 15px 0; line-height: 1.8; clear: both; display: block; width: 100%; float: none; position: static;\">Pozytywne oddzia\u0142ywanie element\u00f3w bie\u017cnika w \u015brodkowych \u017cebrach zmniejsza poziom ha\u0142asu i zwi\u0119ksza komfort akustyczny<\/p>\n<p style=\"margin: 15px 0; line-height: 1.8; clear: both; display: block; width: 100%; float: none; position: static;\">W\u0105skie rowki w po\u0142\u0105czeniu z systemem lameli skierowanych w stron\u0119 poprzeczn\u0105 w \u015brodkowych \u017cebrach.<\/p>\n<\/div>\n<\/div>\n<\/div>\n<div style=\"clear: both; display: block; margin: 10px 0;\">\n<div style=\"clear: both; display: block; margin: 10px 0;\">\n<div style=\"clear: both; display: block; margin: 10px 0;\">\n<div  style=\"max-width:682px;max-height:474px\">\n<div style=\"clear: both; display: block; margin: 10px 0;\">\n<div style=\"clear: both; width: 100%; display: block; margin: 20px 0; padding: 0; float: none; position: static; text-align: center;\"><img decoding=\"async\"  src=\"https:\/\/a.allegroimg.com\/original\/113207\/116227cf4061b0f403f0c66d1763\/4x-Opony-letnie-205-55R16-91V-Hectorra-5-MATADOR-Kod-EPREL-1205396\" srcset=\"https:\/\/a.allegroimg.com\/original\/113207\/116227cf4061b0f403f0c66d1763\/4x-Opony-letnie-205-55R16-91V-Hectorra-5-MATADOR-Kod-EPREL-1205396 360w,https:\/\/a.allegroimg.com\/original\/113207\/116227cf4061b0f403f0c66d1763\/4x-Opony-letnie-205-55R16-91V-Hectorra-5-MATADOR-Kod-EPREL-1205396 682w,https:\/\/a.allegroimg.com\/original\/113207\/116227cf4061b0f403f0c66d1763\/4x-Opony-letnie-205-55R16-91V-Hectorra-5-MATADOR-Kod-EPREL-1205396 682w\" sizes=\"(min-width: 1200px) 560px, (min-width: 992px) 50vw, 100vw\" width=\"682px\" alt=\"4x Opony letnie 205\/55R16 91V Hectorra 5 MATADOR Kod EPREL 1205396\" style=\"max-width: 100%; height: auto; display: block; margin: 0 auto;\"><\/div>\n<\/div>\n<\/div>\n<\/div>\n<\/div>\n<div style=\"clear: both; display: block; margin: 10px 0;\">\n<div style=\"clear: both; display: block; margin: 10px 0;\">\n<h2>Niskie opory toczenia i wysoki przebieg<\/h2>\n<p style=\"margin: 15px 0; line-height: 1.8; clear: both; display: block; width: 100%; float: none; position: static;\">Wysoka wytrzyma\u0142o\u015b\u0107 opony, kt\u00f3ra dzi\u0119ki swoim parametrom jest r\u00f3wnie\u017c przyjazna dla \u015brodowiska.<\/p>\n<p style=\"margin: 15px 0; line-height: 1.8; clear: both; display: block; width: 100%; float: none; position: static;\">Nowa generacja wzbogaconej krzemionk\u0105 mieszanki bie\u017cnika z wykorzystaniem najnowszej technologii polimerowej zapewnia wysokie przebiegi i zmniejszone opory toczenia<\/p>\n<\/div>\n<\/div>\n<\/div>\n<div style=\"clear: both; display: block; margin: 10px 0;\">\n<div style=\"clear: both; display: block; margin: 10px 0;\">\n<div style=\"clear: both; display: block; margin: 10px 0;\">\n<div  style=\"max-width:489px;max-height:72px\">\n<div style=\"clear: both; display: block; margin: 10px 0;\">\n<div style=\"clear: both; width: 100%; display: block; margin: 20px 0; padding: 0; float: none; position: static; text-align: center;\"><img decoding=\"async\"  src=\"https:\/\/a.allegroimg.com\/original\/11785b\/bf1a16ff4f43a7f5e6fa969b4a63\/4x-Opony-letnie-205-55R16-91V-Hectorra-5-MATADOR-Indeks-nosnosci-91-615-kg\" srcset=\"https:\/\/a.allegroimg.com\/original\/11785b\/bf1a16ff4f43a7f5e6fa969b4a63\/4x-Opony-letnie-205-55R16-91V-Hectorra-5-MATADOR-Indeks-nosnosci-91-615-kg 360w,https:\/\/a.allegroimg.com\/original\/11785b\/bf1a16ff4f43a7f5e6fa969b4a63\/4x-Opony-letnie-205-55R16-91V-Hectorra-5-MATADOR-Indeks-nosnosci-91-615-kg 489w,https:\/\/a.allegroimg.com\/original\/11785b\/bf1a16ff4f43a7f5e6fa969b4a63\/4x-Opony-letnie-205-55R16-91V-Hectorra-5-MATADOR-Indeks-nosnosci-91-615-kg 489w\" sizes=\"100vw\" width=\"489px\" alt=\"4x Opony letnie 205\/55R16 91V Hectorra 5 MATADOR Indeks no\u015bno\u015bci 91 - 615 kg\" style=\"max-width: 100%; height: auto; display: block; margin: 0 auto;\"><\/div>\n<\/div>\n<\/div>\n<\/div>\n<\/div>\n<\/div>\n<div style=\"clear: both; display: block; margin: 10px 0;\">\n<div style=\"clear: both; display: block; margin: 10px 0;\">\n<div style=\"clear: both; display: block; margin: 10px 0;\">\n<h1>O producencie opon Matador<\/h1>\n<p style=\"margin: 15px 0; line-height: 1.8; clear: both; display: block; width: 100%; float: none; position: static;\">Matador posiada ponad 115 lat do\u015bwiadczenia w bran\u017cy oponiarskiej. Reprezentuje dynamicznie rozwijaj\u0105c\u0105 si\u0119 S\u0142owack\u0105 firm\u0119, kt\u00f3ra powsta\u0142a na pocz\u0105tku dwudziestego wieku. Aktualnie marka nale\u017cy do presti\u017cowej Grupy Continental, dzi\u0119ki czemu opony Matador, sta\u0142y si\u0119 dost\u0119pne na ca\u0142ym \u015bwiecie. Dzi\u0119ki technologii Continental oraz bogatemu do\u015bwiadczeniu Matador jest w stanie sprosta\u0107 wymaganiom milion\u00f3w kierowc\u00f3w w ka\u017cdych warunkach.<\/p>\n<\/div>\n<\/div>\n<\/div>\n<div style=\"clear: both; display: block; margin: 10px 0;\">\n<div style=\"clear: both; display: block; margin: 10px 0;\">\n<div style=\"clear: both; display: block; margin: 10px 0;\">\n<div  style=\"max-width:852px;max-height:1248px\">\n<div style=\"clear: both; display: block; margin: 10px 0;\">\n<div style=\"clear: both; width: 100%; display: block; margin: 20px 0; padding: 0; float: none; position: static; text-align: center;\"><img decoding=\"async\"  src=\"https:\/\/a.allegroimg.com\/original\/11b41f\/91a3461648bc9ecdf65072c6c1ba\/4x-Opony-letnie-205-55R16-91V-Hectorra-5-MATADOR-Szerokosc-opony-205-mm\" srcset=\"https:\/\/a.allegroimg.com\/original\/11b41f\/91a3461648bc9ecdf65072c6c1ba\/4x-Opony-letnie-205-55R16-91V-Hectorra-5-MATADOR-Szerokosc-opony-205-mm 245w,https:\/\/a.allegroimg.com\/original\/11b41f\/91a3461648bc9ecdf65072c6c1ba\/4x-Opony-letnie-205-55R16-91V-Hectorra-5-MATADOR-Szerokosc-opony-205-mm 491w,https:\/\/a.allegroimg.com\/original\/11b41f\/91a3461648bc9ecdf65072c6c1ba\/4x-Opony-letnie-205-55R16-91V-Hectorra-5-MATADOR-Szerokosc-opony-205-mm 699w,https:\/\/a.allegroimg.com\/original\/11b41f\/91a3461648bc9ecdf65072c6c1ba\/4x-Opony-letnie-205-55R16-91V-Hectorra-5-MATADOR-Szerokosc-opony-205-mm 852w,https:\/\/a.allegroimg.com\/original\/11b41f\/91a3461648bc9ecdf65072c6c1ba\/4x-Opony-letnie-205-55R16-91V-Hectorra-5-MATADOR-Szerokosc-opony-205-mm 852w\" sizes=\"(min-width: 1200px) 560px, (min-width: 992px) 50vw, 100vw\" width=\"852px\" alt=\"4x Opony letnie 205\/55R16 91V Hectorra 5 MATADOR Szeroko\u015b\u0107 opony 205 mm\" style=\"max-width: 100%; height: auto; display: block; margin: 0 auto;\"><\/div>\n<\/div>\n<\/div>\n<\/div>\n<\/div>\n<div style=\"clear: both; display: block; margin: 10px 0;\">\n<div style=\"clear: both; display: block; margin: 10px 0;\">\n<p style=\"margin: 15px 0; line-height: 1.8; clear: both; display: block; width: 100%; float: none; position: static;\"><b>Etykiety Unijne na oponach<\/b> pomagaj\u0105 konsumentom w podj\u0119ciu \u015bwiadomej decyzji o zakupie.<\/p>\n<p style=\"margin: 15px 0; line-height: 1.8; clear: both; display: block; width: 100%; float: none; position: static;\"><b>Op\u00f3r toczenia<\/b> w oponie jest wska\u017anikiem jej efektywno\u015bci energetycznej, co ma wp\u0142yw na zu\u017cycie paliwa oraz emisj\u0119 spalin. Klasa oporu toczenia waha si\u0119 od A (najwydajniejsza) do E (najni\u017csza).<\/p>\n<p style=\"margin: 15px 0; line-height: 1.8; clear: both; display: block; width: 100%; float: none; position: static;\"><b>Droga hamowania na mokrej nawierzchni<\/b> zale\u017cy od zdolno\u015bci opony do trzymania si\u0119 drogi na mokrej nawierzchni. Klasa A okre\u015bla najkr\u00f3tsz\u0105 drog\u0119, za\u015b E najd\u0142u\u017csz\u0105. Opona z etykiet\u0105 E hamuje 18 metr\u00f3w dalej w por\u00f3wnaniu z opon\u0105 z etykiet\u0105 A (procedura testowa, w kt\u00f3rej mierzy si\u0119 drog\u0119 hamowania od 80 km\/h do 5 km\/h na drodze pokrytej wod\u0105).<\/p>\n<p style=\"margin: 15px 0; line-height: 1.8; clear: both; display: block; width: 100%; float: none; position: static;\"><b>Ha\u0142as zewn\u0119trzny<\/b> odnosi si\u0119 do ha\u0142asu wytwarzanego przez opon\u0119 podczas przejazdu samochodu i jest mierzony w dB (decybelach). Ha\u0142as opon mierzony jest na zewn\u0105trz pojazdu co ma za zadanie ograniczy\u0107 negatywny wp\u0142yw na otoczenie.<\/p>\n<\/div>\n<\/div>\n<\/div>\n<\/div>\n<\/div>\n<\/div>\n<div style=\"clear: both; display: block; margin: 10px 0;\">\n","protected":false},"excerpt":{"rendered":"<p>4x Opony letnie 205\/55R16 91V Hectorra 5 MATADOR<\/p>\n<p>MATADOR Hectorra 5 205\/55R16<\/p>\n<p>Dane podstawowe<\/p>\n<p>Stan: Opony fabrycznie nowe<\/p>\n<p>Producent: MATADOR<\/p>\n<p>Model: Hectorra 5<\/p>\n<p>Klasa opon: Ekonomiczna<\/p>\n<p>Sezon: Opony letnie<\/p>\n","protected":false},"featured_media":14503,"template":"","meta":{"_uag_custom_page_level_css":""},"product_brand":[373],"product_cat":[414,418,413,412],"product_tag":[],"class_list":{"0":"post-14502","1":"product","2":"type-product","3":"status-publish","4":"has-post-thumbnail","6":"product_brand-matador","7":"product_cat-do-samochodow-osobowych-i-suv","8":"product_cat-letnie","9":"product_cat-opony","10":"product_cat-opony-i-felgi","12":"first","13":"instock","14":"shipping-taxable","15":"purchasable","16":"product-type-simple"},"uagb_featured_image_src":{"full":["https:\/\/oponixo.shop\/tire\/wp-content\/uploads\/2026\/01\/allegro-image-14502.jpg",2560,2560,false],"thumbnail":["https:\/\/oponixo.shop\/tire\/wp-content\/uploads\/2026\/01\/allegro-image-14502-150x150.jpg",150,150,true],"medium":["https:\/\/oponixo.shop\/tire\/wp-content\/uploads\/2026\/01\/allegro-image-14502-300x300.jpg",300,300,true],"medium_large":["https:\/\/oponixo.shop\/tire\/wp-content\/uploads\/2026\/01\/allegro-image-14502-768x768.jpg",768,768,true],"large":["https:\/\/oponixo.shop\/tire\/wp-content\/uploads\/2026\/01\/allegro-image-14502-1024x1024.jpg",1024,1024,true],"1536x1536":["https:\/\/oponixo.shop\/tire\/wp-content\/uploads\/2026\/01\/allegro-image-14502-1536x1536.jpg",1536,1536,true],"2048x2048":["https:\/\/oponixo.shop\/tire\/wp-content\/uploads\/2026\/01\/allegro-image-14502-2048x2048.jpg",2048,2048,true],"woocommerce_thumbnail":["https:\/\/oponixo.shop\/tire\/wp-content\/uploads\/2026\/01\/allegro-image-14502-300x300.jpg",300,300,true],"woocommerce_single":["https:\/\/oponixo.shop\/tire\/wp-content\/uploads\/2026\/01\/allegro-image-14502-600x600.jpg",600,600,true],"woocommerce_gallery_thumbnail":["https:\/\/oponixo.shop\/tire\/wp-content\/uploads\/2026\/01\/allegro-image-14502-100x100.jpg",100,100,true]},"uagb_author_info":{"display_name":"admin","author_link":"https:\/\/oponixo.shop\/tire\/author\/"},"uagb_comment_info":0,"uagb_excerpt":"4x Opony letnie 205\/55R16 91V Hectorra 5 MATADOR MATADOR Hectorra 5 205\/55R16 Dane podstawowe Stan: Opony fabrycznie nowe Producent: MATADOR Model: Hectorra 5 Klasa opon: Ekonomiczna Sezon: Opony letnie","_links":{"self":[{"href":"https:\/\/oponixo.shop\/tire\/wp-json\/wp\/v2\/product\/14502","targetHints":{"allow":["GET"]}}],"collection":[{"href":"https:\/\/oponixo.shop\/tire\/wp-json\/wp\/v2\/product"}],"about":[{"href":"https:\/\/oponixo.shop\/tire\/wp-json\/wp\/v2\/types\/product"}],"wp:featuredmedia":[{"embeddable":true,"href":"https:\/\/oponixo.shop\/tire\/wp-json\/wp\/v2\/media\/14503"}],"wp:attachment":[{"href":"https:\/\/oponixo.shop\/tire\/wp-json\/wp\/v2\/media?parent=14502"}],"wp:term":[{"taxonomy":"product_brand","embeddable":true,"href":"https:\/\/oponixo.shop\/tire\/wp-json\/wp\/v2\/product_brand?post=14502"},{"taxonomy":"product_cat","embeddable":true,"href":"https:\/\/oponixo.shop\/tire\/wp-json\/wp\/v2\/product_cat?post=14502"},{"taxonomy":"product_tag","embeddable":true,"href":"https:\/\/oponixo.shop\/tire\/wp-json\/wp\/v2\/product_tag?post=14502"}],"curies":[{"name":"wp","href":"https:\/\/api.w.org\/{rel}","templated":true}]}}