{"id":14460,"date":"2026-01-12T01:46:14","date_gmt":"2026-01-12T00:46:14","guid":{"rendered":"https:\/\/oponyspeed.shop\/xef5\/produkt\/2x-debica-215-50-r17-presto-uhp-2-w-xl-fp-95w-opona-letnia\/"},"modified":"2026-01-12T01:46:15","modified_gmt":"2026-01-12T00:46:15","slug":"2x-debica-215-50-r17-presto-uhp-2-w-xl-fp-95w-opona-letnia","status":"publish","type":"product","link":"https:\/\/oponexa.shop\/tire\/produkt\/2x-debica-215-50-r17-presto-uhp-2-w-xl-fp-95w-opona-letnia\/","title":{"rendered":"2x D\u0119bica 215\/50 R17 PRESTO UHP 2 W XL FP 95W opona LETNIA"},"content":{"rendered":"<div style=\"font-family: Arial, sans-serif; line-height: 1.6; color: #333; padding: 20px; clear: both; display: block; width: 100%; float: none; position: static; overflow: hidden;\">\n<div style=\"clear: both; display: block; margin: 10px 0;\">\n<div style=\"clear: both; display: block; margin: 10px 0;\">\n<div style=\"clear: both; display: block; margin: 10px 0;\">\n<div  style=\"max-width:1253px;max-height:227px\">\n<div style=\"clear: both; display: block; margin: 10px 0;\">\n<div style=\"clear: both; width: 100%; display: block; margin: 20px 0; padding: 0; float: none; position: static; text-align: center;\"><img decoding=\"async\"  src=\"https:\/\/a.allegroimg.com\/original\/11ea0e\/3609ec0443c19323bae83dbdadd5\/2x-Debica-215-50-R17-PRESTO-UHP-2-W-XL-FP-95W-opona-LETNIA-Rok-produkcji-2022\" srcset=\"https:\/\/a.allegroimg.com\/original\/11ea0e\/3609ec0443c19323bae83dbdadd5\/2x-Debica-215-50-R17-PRESTO-UHP-2-W-XL-FP-95W-opona-LETNIA-Rok-produkcji-2022 360w,https:\/\/a.allegroimg.com\/original\/11ea0e\/3609ec0443c19323bae83dbdadd5\/2x-Debica-215-50-R17-PRESTO-UHP-2-W-XL-FP-95W-opona-LETNIA-Rok-produkcji-2022 720w,https:\/\/a.allegroimg.com\/original\/11ea0e\/3609ec0443c19323bae83dbdadd5\/2x-Debica-215-50-R17-PRESTO-UHP-2-W-XL-FP-95W-opona-LETNIA-Rok-produkcji-2022 1024w,https:\/\/a.allegroimg.com\/original\/11ea0e\/3609ec0443c19323bae83dbdadd5\/2x-Debica-215-50-R17-PRESTO-UHP-2-W-XL-FP-95W-opona-LETNIA-Rok-produkcji-2022 1253w,https:\/\/a.allegroimg.com\/original\/11ea0e\/3609ec0443c19323bae83dbdadd5\/2x-Debica-215-50-R17-PRESTO-UHP-2-W-XL-FP-95W-opona-LETNIA-Rok-produkcji-2022 1253w\" sizes=\"(min-width: 1200px) 560px, (min-width: 992px) 50vw, 100vw\" width=\"1253px\" alt=\"2x D\u0119bica 215\/50 R17 PRESTO UHP 2 W XL FP 95W opona LETNIA Rok produkcji 2022\" style=\"max-width: 100%; height: auto; display: block; margin: 0 auto;\"><\/div>\n<\/div>\n<\/div>\n<\/div>\n<\/div>\n<div style=\"clear: both; display: block; margin: 10px 0;\">\n<div style=\"clear: both; display: block; margin: 10px 0;\">\n<h1>PRZEDMIOTEM OFERTY JEST:<\/h1>\n<h1>D\u0119bica 215\/50  R17  PRESTO UHP 2   W  XL  FP 95W opona LETNIA<\/h1>\n<\/div>\n<\/div>\n<\/div>\n<div style=\"clear: both; display: block; margin: 10px 0;\">\n<div style=\"clear: both; display: block; margin: 10px 0;\">\n<div style=\"clear: both; display: block; margin: 10px 0;\">\n<div  style=\"max-width:348px;max-height:500px\">\n<div style=\"clear: both; display: block; margin: 10px 0;\">\n<div style=\"clear: both; width: 100%; display: block; margin: 20px 0; padding: 0; float: none; position: static; text-align: center;\"><img decoding=\"async\"  src=\"https:\/\/a.allegroimg.com\/original\/11d02f\/981f70484196bba3d55000cb4d4e\/2x-Debica-215-50-R17-PRESTO-UHP-2-W-XL-FP-95W-opona-LETNIA\" srcset=\"https:\/\/a.allegroimg.com\/original\/11d02f\/981f70484196bba3d55000cb4d4e\/2x-Debica-215-50-R17-PRESTO-UHP-2-W-XL-FP-95W-opona-LETNIA 250w,https:\/\/a.allegroimg.com\/original\/11d02f\/981f70484196bba3d55000cb4d4e\/2x-Debica-215-50-R17-PRESTO-UHP-2-W-XL-FP-95W-opona-LETNIA 348w,https:\/\/a.allegroimg.com\/original\/11d02f\/981f70484196bba3d55000cb4d4e\/2x-Debica-215-50-R17-PRESTO-UHP-2-W-XL-FP-95W-opona-LETNIA 348w\" sizes=\"(min-width: 1200px) 560px, (min-width: 992px) 50vw, 100vw\" width=\"348px\" alt=\"2x D\u0119bica 215\/50 R17 PRESTO UHP 2 W XL FP 95W opona LETNIA\" style=\"max-width: 100%; height: auto; display: block; margin: 0 auto;\"><\/div>\n<\/div>\n<\/div>\n<\/div>\n<\/div>\n<div style=\"clear: both; display: block; margin: 10px 0;\">\n<div style=\"clear: both; display: block; margin: 10px 0;\">\n<h1>SPECYFIKACJA:<\/h1>\n<ol>\n<li style=\"margin: 5px 0; padding: 2px 0; clear: both; display: list-item; float: none; position: static;\">PRODUCENT: D\u0119bica<\/li>\n<li style=\"margin: 5px 0; padding: 2px 0; clear: both; display: list-item; float: none; position: static;\">MODEL: PRESTO UHP 2<\/li>\n<li style=\"margin: 5px 0; padding: 2px 0; clear: both; display: list-item; float: none; position: static;\">CENA DOTYCZY: pary (2 sztuki)<\/li>\n<li style=\"margin: 5px 0; padding: 2px 0; clear: both; display: list-item; float: none; position: static;\">ROK PRODUKCJI: 2022<\/li>\n<li style=\"margin: 5px 0; padding: 2px 0; clear: both; display: list-item; float: none; position: static;\">SEZON: LETNIA<\/li>\n<li style=\"margin: 5px 0; padding: 2px 0; clear: both; display: list-item; float: none; position: static;\">TYP OPONY: OSOBOWA<\/li>\n<li style=\"margin: 5px 0; padding: 2px 0; clear: both; display: list-item; float: none; position: static;\">SZEROKO\u015a\u0106: 215<\/li>\n<li style=\"margin: 5px 0; padding: 2px 0; clear: both; display: list-item; float: none; position: static;\">PROFIL: 50<\/li>\n<li style=\"margin: 5px 0; padding: 2px 0; clear: both; display: list-item; float: none; position: static;\">\u015aREDNICA: 17<\/li>\n<li style=\"margin: 5px 0; padding: 2px 0; clear: both; display: list-item; float: none; position: static;\">INDEKS NO\u015aNO\u015aCI: 95<\/li>\n<li style=\"margin: 5px 0; padding: 2px 0; clear: both; display: list-item; float: none; position: static;\">INDEKS PR\u0118DKO\u015aCI: W<\/li>\n<li style=\"margin: 5px 0; padding: 2px 0; clear: both; display: list-item; float: none; position: static;\">OPORY TOCZENIA: C<\/li>\n<li style=\"margin: 5px 0; padding: 2px 0; clear: both; display: list-item; float: none; position: static;\">PRZYCZEPNO\u015a\u0106 NA MOKRYM: A<\/li>\n<li style=\"margin: 5px 0; padding: 2px 0; clear: both; display: list-item; float: none; position: static;\">HA\u0141AS ZEWN\u0118TRZNY: 71<\/li>\n<li style=\"margin: 5px 0; padding: 2px 0; clear: both; display: list-item; float: none; position: static;\">OPONA WZMACNIANA: TAK &#8211; XL<\/li>\n<li style=\"margin: 5px 0; padding: 2px 0; clear: both; display: list-item; float: none; position: static;\">RANT OCHRONNY: TAK &#8211; FP<\/li>\n<li style=\"margin: 5px 0; padding: 2px 0; clear: both; display: list-item; float: none; position: static;\">RUN FLAT: NIE<\/li>\n<li style=\"margin: 5px 0; padding: 2px 0; clear: both; display: list-item; float: none; position: static;\">HOMOLOGACJA PRODUCENTA: <\/li>\n<\/ol>\n<\/div>\n<\/div>\n<\/div>\n<div style=\"clear: both; display: block; margin: 10px 0;\">\n<div style=\"clear: both; display: block; margin: 10px 0;\">\n<div style=\"clear: both; display: block; margin: 10px 0;\">\n<h1>OPIS PRODUKTU:<\/h1>\n<p style=\"margin: 15px 0; line-height: 1.8; clear: both; display: block; width: 100%; float: none; position: static;\">D\u0119bica zapewnia zr\u00f3wnowa\u017cone osi\u0105gi na mokrej i suchej nawierzchni. Opon\u0119 wyposa\u017cono w bie\u017cnik, dzi\u0119ki kt\u00f3remu prowadzenie jest zawsze precyzyjne i bezpieczne. Dbaj\u0105 o to szerokie rowki i liczne naci\u0119cia, kt\u00f3rych zadaniem jest efektywne odprowadzanie wody. W efekcie powierzchnia modelu szybko si\u0119 osusza, a Ty mo\u017cesz cieszy\u0107 si\u0119 pe\u0142nowarto\u015bciow\u0105 jazd\u0105.<\/p>\n<p style=\"margin: 15px 0; line-height: 1.8; clear: both; display: block; width: 100%; float: none; position: static;\">Za dobre osi\u0105gi opony odpowiada r\u00f3wnie\u017c mieszanka gumowa gwarantuj\u0105ca odpowiedni\u0105 elastyczno\u015b\u0107 w szerokim zakresie temperatur. W efekcie jej zastosowania bie\u017cnik \u015bciera si\u0119 powoli i r\u00f3wnomiernie, a przebiegi ulegaj\u0105 wyd\u0142u\u017ceniu. Wszystko to wp\u0142ywa pozytywnie na bezpiecze\u0144stwo jazdy i komfort podr\u00f3\u017cowania.<\/p>\n<\/div>\n<\/div>\n<\/div>\n<\/div>\n<\/div>\n<\/div>\n<div style=\"clear: both; display: block; margin: 10px 0;\">\n","protected":false},"excerpt":{"rendered":"<p>PRZEDMIOTEM OFERTY JEST:<\/p>\n<p>D\u0119bica 215\/50 R17 PRESTO UHP 2 W XL FP 95W opona LETNIA<\/p>\n<p>SPECYFIKACJA:<\/p>\n<p>PRODUCENT: D\u0119bica<\/p>\n<p>MODEL: PRESTO UHP 2<\/p>\n<p>CENA DOTYCZY: pary (2 sztuki)<\/p>\n<p>ROK PRODUKCJI: 2022<\/p>\n<p>SEZON: LETNIA<\/p>\n","protected":false},"featured_media":14461,"template":"","meta":{"_uag_custom_page_level_css":""},"product_brand":[378],"product_cat":[414,418,413,412],"product_tag":[],"class_list":{"0":"post-14460","1":"product","2":"type-product","3":"status-publish","4":"has-post-thumbnail","6":"product_brand-debica","7":"product_cat-do-samochodow-osobowych-i-suv","8":"product_cat-letnie","9":"product_cat-opony","10":"product_cat-opony-i-felgi","12":"first","13":"instock","14":"shipping-taxable","15":"purchasable","16":"product-type-simple"},"uagb_featured_image_src":{"full":["https:\/\/oponexa.shop\/tire\/wp-content\/uploads\/2026\/01\/allegro-image-14460.jpg",348,500,false],"thumbnail":["https:\/\/oponexa.shop\/tire\/wp-content\/uploads\/2026\/01\/allegro-image-14460-150x150.jpg",150,150,true],"medium":["https:\/\/oponexa.shop\/tire\/wp-content\/uploads\/2026\/01\/allegro-image-14460-209x300.jpg",209,300,true],"medium_large":["https:\/\/oponexa.shop\/tire\/wp-content\/uploads\/2026\/01\/allegro-image-14460.jpg",348,500,false],"large":["https:\/\/oponexa.shop\/tire\/wp-content\/uploads\/2026\/01\/allegro-image-14460.jpg",348,500,false],"1536x1536":["https:\/\/oponexa.shop\/tire\/wp-content\/uploads\/2026\/01\/allegro-image-14460.jpg",348,500,false],"2048x2048":["https:\/\/oponexa.shop\/tire\/wp-content\/uploads\/2026\/01\/allegro-image-14460.jpg",348,500,false],"woocommerce_thumbnail":["https:\/\/oponexa.shop\/tire\/wp-content\/uploads\/2026\/01\/allegro-image-14460-300x300.jpg",300,300,true],"woocommerce_single":["https:\/\/oponexa.shop\/tire\/wp-content\/uploads\/2026\/01\/allegro-image-14460.jpg",348,500,false],"woocommerce_gallery_thumbnail":["https:\/\/oponexa.shop\/tire\/wp-content\/uploads\/2026\/01\/allegro-image-14460-100x100.jpg",100,100,true]},"uagb_author_info":{"display_name":"admin","author_link":"https:\/\/oponexa.shop\/tire\/author\/"},"uagb_comment_info":0,"uagb_excerpt":"PRZEDMIOTEM OFERTY JEST: D\u0119bica 215\/50 R17 PRESTO UHP 2 W XL FP 95W opona LETNIA SPECYFIKACJA: PRODUCENT: D\u0119bica MODEL: PRESTO UHP 2 CENA DOTYCZY: pary (2 sztuki) ROK PRODUKCJI: 2022 SEZON: LETNIA","_links":{"self":[{"href":"https:\/\/oponexa.shop\/tire\/wp-json\/wp\/v2\/product\/14460","targetHints":{"allow":["GET"]}}],"collection":[{"href":"https:\/\/oponexa.shop\/tire\/wp-json\/wp\/v2\/product"}],"about":[{"href":"https:\/\/oponexa.shop\/tire\/wp-json\/wp\/v2\/types\/product"}],"wp:featuredmedia":[{"embeddable":true,"href":"https:\/\/oponexa.shop\/tire\/wp-json\/wp\/v2\/media\/14461"}],"wp:attachment":[{"href":"https:\/\/oponexa.shop\/tire\/wp-json\/wp\/v2\/media?parent=14460"}],"wp:term":[{"taxonomy":"product_brand","embeddable":true,"href":"https:\/\/oponexa.shop\/tire\/wp-json\/wp\/v2\/product_brand?post=14460"},{"taxonomy":"product_cat","embeddable":true,"href":"https:\/\/oponexa.shop\/tire\/wp-json\/wp\/v2\/product_cat?post=14460"},{"taxonomy":"product_tag","embeddable":true,"href":"https:\/\/oponexa.shop\/tire\/wp-json\/wp\/v2\/product_tag?post=14460"}],"curies":[{"name":"wp","href":"https:\/\/api.w.org\/{rel}","templated":true}]}}