{"id":14438,"date":"2026-01-12T01:46:06","date_gmt":"2026-01-12T00:46:06","guid":{"rendered":"https:\/\/oponyspeed.shop\/xef5\/produkt\/4x-opony-letnie-215-50r17-95w-xl-presto-uhp2-debica-2022\/"},"modified":"2026-01-12T01:46:07","modified_gmt":"2026-01-12T00:46:07","slug":"4x-opony-letnie-215-50r17-95w-xl-presto-uhp2-debica-2022","status":"publish","type":"product","link":"https:\/\/oponexa.shop\/tire\/produkt\/4x-opony-letnie-215-50r17-95w-xl-presto-uhp2-debica-2022\/","title":{"rendered":"4x Opony letnie 215\/50R17 95W XL Presto UHP2 D\u0118BICA 2022"},"content":{"rendered":"<div style=\"font-family: Arial, sans-serif; line-height: 1.6; color: #333; padding: 20px; clear: both; display: block; width: 100%; float: none; position: static; overflow: hidden;\">\n<div style=\"clear: both; display: block; margin: 10px 0;\">\n<div style=\"clear: both; display: block; margin: 10px 0;\">\n<div style=\"clear: both; display: block; margin: 10px 0;\">\n<h1>4x Opony letnie 215\/50R17 95W XL Presto UHP2 D\u0118BICA 2022<\/h1>\n<\/div>\n<\/div>\n<\/div>\n<div style=\"clear: both; display: block; margin: 10px 0;\">\n<div style=\"clear: both; display: block; margin: 10px 0;\">\n<div style=\"clear: both; display: block; margin: 10px 0;\">\n<div  style=\"max-width:1440px;max-height:100px\">\n<div style=\"clear: both; display: block; margin: 10px 0;\">\n<div style=\"clear: both; width: 100%; display: block; margin: 20px 0; padding: 0; float: none; position: static; text-align: center;\"><img decoding=\"async\"  src=\"https:\/\/a.allegroimg.com\/original\/11945b\/f49e3d644004bb94e1912b421d1c\/4x-Opony-letnie-215-50R17-95W-XL-Presto-UHP2-DEBICA-2022-Kod-EPREL-611838\" srcset=\"https:\/\/a.allegroimg.com\/original\/11945b\/f49e3d644004bb94e1912b421d1c\/4x-Opony-letnie-215-50R17-95W-XL-Presto-UHP2-DEBICA-2022-Kod-EPREL-611838 360w,https:\/\/a.allegroimg.com\/original\/11945b\/f49e3d644004bb94e1912b421d1c\/4x-Opony-letnie-215-50R17-95W-XL-Presto-UHP2-DEBICA-2022-Kod-EPREL-611838 720w,https:\/\/a.allegroimg.com\/original\/11945b\/f49e3d644004bb94e1912b421d1c\/4x-Opony-letnie-215-50R17-95W-XL-Presto-UHP2-DEBICA-2022-Kod-EPREL-611838 1024w,https:\/\/a.allegroimg.com\/original\/11945b\/f49e3d644004bb94e1912b421d1c\/4x-Opony-letnie-215-50R17-95W-XL-Presto-UHP2-DEBICA-2022-Kod-EPREL-611838 1440w,https:\/\/a.allegroimg.com\/original\/11945b\/f49e3d644004bb94e1912b421d1c\/4x-Opony-letnie-215-50R17-95W-XL-Presto-UHP2-DEBICA-2022-Kod-EPREL-611838 1440w\" sizes=\"100vw\" width=\"1440px\" alt=\"4x Opony letnie 215\/50R17 95W XL Presto UHP2 D\u0118BICA 2022 Kod EPREL 611838\" style=\"max-width: 100%; height: auto; display: block; margin: 0 auto;\"><\/div>\n<\/div>\n<\/div>\n<\/div>\n<\/div>\n<\/div>\n<div style=\"clear: both; display: block; margin: 10px 0;\">\n<div style=\"clear: both; display: block; margin: 10px 0;\">\n<div style=\"clear: both; display: block; margin: 10px 0;\">\n<div  style=\"max-width:1638px;max-height:2560px\">\n<div style=\"clear: both; display: block; margin: 10px 0;\">\n<div style=\"clear: both; width: 100%; display: block; margin: 20px 0; padding: 0; float: none; position: static; text-align: center;\"><img decoding=\"async\"  src=\"https:\/\/a.allegroimg.com\/original\/113dec\/13c0753d46f687a8a09376800bde\/4x-Opony-letnie-215-50R17-95W-XL-Presto-UHP2-DEBICA-2022-Liczba-opon-w-ofercie-Komplet-4-szt\" srcset=\"https:\/\/a.allegroimg.com\/original\/113dec\/13c0753d46f687a8a09376800bde\/4x-Opony-letnie-215-50R17-95W-XL-Presto-UHP2-DEBICA-2022-Liczba-opon-w-ofercie-Komplet-4-szt 230w,https:\/\/a.allegroimg.com\/original\/113dec\/13c0753d46f687a8a09376800bde\/4x-Opony-letnie-215-50R17-95W-XL-Presto-UHP2-DEBICA-2022-Liczba-opon-w-ofercie-Komplet-4-szt 460w,https:\/\/a.allegroimg.com\/original\/113dec\/13c0753d46f687a8a09376800bde\/4x-Opony-letnie-215-50R17-95W-XL-Presto-UHP2-DEBICA-2022-Liczba-opon-w-ofercie-Komplet-4-szt 655w,https:\/\/a.allegroimg.com\/original\/113dec\/13c0753d46f687a8a09376800bde\/4x-Opony-letnie-215-50R17-95W-XL-Presto-UHP2-DEBICA-2022-Liczba-opon-w-ofercie-Komplet-4-szt 921w,https:\/\/a.allegroimg.com\/original\/113dec\/13c0753d46f687a8a09376800bde\/4x-Opony-letnie-215-50R17-95W-XL-Presto-UHP2-DEBICA-2022-Liczba-opon-w-ofercie-Komplet-4-szt 1638w\" sizes=\"(min-width: 1200px) 560px, (min-width: 992px) 50vw, 100vw\" width=\"1638px\" alt=\"4x Opony letnie 215\/50R17 95W XL Presto UHP2 D\u0118BICA 2022 Liczba opon w ofercie Komplet 4 szt.\" style=\"max-width: 100%; height: auto; display: block; margin: 0 auto;\"><\/div>\n<\/div>\n<\/div>\n<\/div>\n<\/div>\n<div style=\"clear: both; display: block; margin: 10px 0;\">\n<div style=\"clear: both; display: block; margin: 10px 0;\">\n<h1>D\u0118BICA Presto UHP2 215\/50R17<\/h1>\n<h3 style=\"color: #2c5aa0; font-size: 18px; margin: 30px 0 15px 0; font-weight: bold; clear: both; display: block; width: 100%; float: none; position: static;\">Dane podstawowe<\/h3>\n<p style=\"margin: 15px 0; line-height: 1.8; clear: both; display: block; width: 100%; float: none; position: static;\"><b>Stan:<\/b> Opony fabrycznie nowe<\/p>\n<p style=\"margin: 15px 0; line-height: 1.8; clear: both; display: block; width: 100%; float: none; position: static;\"><b>Producent:<\/b> D\u0118BICA<\/p>\n<p style=\"margin: 15px 0; line-height: 1.8; clear: both; display: block; width: 100%; float: none; position: static;\"><b>Model:<\/b> Presto UHP2<\/p>\n<p style=\"margin: 15px 0; line-height: 1.8; clear: both; display: block; width: 100%; float: none; position: static;\"><b>Klasa opon:<\/b> Ekonomiczna<\/p>\n<p style=\"margin: 15px 0; line-height: 1.8; clear: both; display: block; width: 100%; float: none; position: static;\"><b>Sezon:<\/b> Opony letnie<\/p>\n<p style=\"margin: 15px 0; line-height: 1.8; clear: both; display: block; width: 100%; float: none; position: static;\"><b>Szeroko\u015b\u0107:<\/b> 215<\/p>\n<p style=\"margin: 15px 0; line-height: 1.8; clear: both; display: block; width: 100%; float: none; position: static;\"><b>Profil:<\/b> 50<\/p>\n<p style=\"margin: 15px 0; line-height: 1.8; clear: both; display: block; width: 100%; float: none; position: static;\"><b>\u015arednica:<\/b> 17<\/p>\n<p style=\"margin: 15px 0; line-height: 1.8; clear: both; display: block; width: 100%; float: none; position: static;\"><b>Indeks pr\u0119dko\u015bci:<\/b> W &#8211; do 270 km\/h<\/p>\n<p style=\"margin: 15px 0; line-height: 1.8; clear: both; display: block; width: 100%; float: none; position: static;\"><b>Indeks no\u015bno\u015bci:<\/b> 95 &#8211; 690 kg na opon\u0119<\/p>\n<p style=\"margin: 15px 0; line-height: 1.8; clear: both; display: block; width: 100%; float: none; position: static;\"><b>Rok produkcji:<\/b> 2022<\/p>\n<\/div>\n<\/div>\n<\/div>\n<div style=\"clear: both; display: block; margin: 10px 0;\">\n<div style=\"clear: both; display: block; margin: 10px 0;\">\n<div style=\"clear: both; display: block; margin: 10px 0;\">\n<div  style=\"max-width:2560px;max-height:2560px\">\n<div style=\"clear: both; display: block; margin: 10px 0;\">\n<div style=\"clear: both; width: 100%; display: block; margin: 20px 0; padding: 0; float: none; position: static; text-align: center;\"><img decoding=\"async\"  src=\"https:\/\/a.allegroimg.com\/original\/1148fe\/e7938b00440f88943a2b74f3e3ea\/4x-Opony-letnie-215-50R17-95W-XL-Presto-UHP2-DEBICA-2022-Rok-produkcji-2022\" srcset=\"https:\/\/a.allegroimg.com\/original\/1148fe\/e7938b00440f88943a2b74f3e3ea\/4x-Opony-letnie-215-50R17-95W-XL-Presto-UHP2-DEBICA-2022-Rok-produkcji-2022 360w,https:\/\/a.allegroimg.com\/original\/1148fe\/e7938b00440f88943a2b74f3e3ea\/4x-Opony-letnie-215-50R17-95W-XL-Presto-UHP2-DEBICA-2022-Rok-produkcji-2022 720w,https:\/\/a.allegroimg.com\/original\/1148fe\/e7938b00440f88943a2b74f3e3ea\/4x-Opony-letnie-215-50R17-95W-XL-Presto-UHP2-DEBICA-2022-Rok-produkcji-2022 1024w,https:\/\/a.allegroimg.com\/original\/1148fe\/e7938b00440f88943a2b74f3e3ea\/4x-Opony-letnie-215-50R17-95W-XL-Presto-UHP2-DEBICA-2022-Rok-produkcji-2022 1440w,https:\/\/a.allegroimg.com\/original\/1148fe\/e7938b00440f88943a2b74f3e3ea\/4x-Opony-letnie-215-50R17-95W-XL-Presto-UHP2-DEBICA-2022-Rok-produkcji-2022 2560w\" sizes=\"(min-width: 1200px) 560px, (min-width: 992px) 50vw, 100vw\" width=\"2560px\" alt=\"4x Opony letnie 215\/50R17 95W XL Presto UHP2 D\u0118BICA 2022 Rok produkcji 2022\" style=\"max-width: 100%; height: auto; display: block; margin: 0 auto;\"><\/div>\n<\/div>\n<\/div>\n<\/div>\n<\/div>\n<div style=\"clear: both; display: block; margin: 10px 0;\">\n<div style=\"clear: both; display: block; margin: 10px 0;\">\n<h3 style=\"color: #2c5aa0; font-size: 18px; margin: 30px 0 15px 0; font-weight: bold; clear: both; display: block; width: 100%; float: none; position: static;\">Informacje szczeg\u00f3\u0142owe<\/h3>\n<p style=\"margin: 15px 0; line-height: 1.8; clear: both; display: block; width: 100%; float: none; position: static;\"><b>Op\u00f3r toczenia: <\/b>Klasa C<\/p>\n<p style=\"margin: 15px 0; line-height: 1.8; clear: both; display: block; width: 100%; float: none; position: static;\"><b>Przyczepno\u015b\u0107 na mokrej nawierzchni: <\/b>Klasa A<\/p>\n<p style=\"margin: 15px 0; line-height: 1.8; clear: both; display: block; width: 100%; float: none; position: static;\"><b>Poziom ha\u0142asu zewn\u0119trznego: <\/b>Klasa B<\/p>\n<p style=\"margin: 15px 0; line-height: 1.8; clear: both; display: block; width: 100%; float: none; position: static;\"><b>Ha\u0142as zewn\u0119trzny: <\/b>71 dB<\/p>\n<p style=\"margin: 15px 0; line-height: 1.8; clear: both; display: block; width: 100%; float: none; position: static;\"><b>Opona posiada rant ochronny: <\/b>Tak<\/p>\n<p style=\"margin: 15px 0; line-height: 1.8; clear: both; display: block; width: 100%; float: none; position: static;\"><b>Opona o podwy\u017cszonym wska\u017aniku no\u015bno\u015bci: <\/b>XL<\/p>\n<p style=\"margin: 15px 0; line-height: 1.8; clear: both; display: block; width: 100%; float: none; position: static;\"><b>Przeznaczenie: <\/b>Opona do samochod\u00f3w osobowych, SUV oraz z nap\u0119dem 4&#215;4<\/p>\n<p style=\"margin: 15px 0; line-height: 1.8; clear: both; display: block; width: 100%; float: none; position: static;\"><b>Kod producenta: <\/b>579469<\/p>\n<p style=\"margin: 15px 0; line-height: 1.8; clear: both; display: block; width: 100%; float: none; position: static;\"><b>Kod QR: <\/b>eprel.ec.europa.eu\/qr\/611838<\/p>\n<p style=\"margin: 15px 0; line-height: 1.8; clear: both; display: block; width: 100%; float: none; position: static;\"><b>Waga opony: <\/b>9.53 kg<\/p>\n<\/div>\n<\/div>\n<\/div>\n<div style=\"clear: both; display: block; margin: 10px 0;\">\n<div style=\"clear: both; display: block; margin: 10px 0;\">\n<div style=\"clear: both; display: block; margin: 10px 0;\">\n<p style=\"margin: 15px 0; line-height: 1.8; clear: both; display: block; width: 100%; float: none; position: static;\">*Zdj\u0119cia przedstawione w ofercie maj\u0105 <b>charakter pogl\u0105dowy<\/b>. Rzeczywisty wygl\u0105d mo\u017ce r\u00f3\u017cni\u0107 si\u0119 od prezentowanego w zale\u017cno\u015bci od rozmiaru produktu.<\/p>\n<\/div>\n<\/div>\n<\/div>\n<div style=\"clear: both; display: block; margin: 10px 0;\">\n<div style=\"clear: both; display: block; margin: 10px 0;\">\n<div style=\"clear: both; display: block; margin: 10px 0;\">\n<h1>Presto UHP 2<\/h1>\n<h2>Opona o ultra wysokich osi\u0105gach wyposa\u017cona w szereg rozwi\u0105za\u0144 technologicznych, kt\u00f3ra dostarcza pewno\u015b\u0107 sportowej jazdy oraz charakteryzuje si\u0119 d\u0142ugim przebiegiem. D\u0119bica Presto UHP2 z nowym asymetrycznym bie\u017cnikiem oraz konkurencyjnymi parametrami na etykiecie odpowiada na oczekiwania najbardziej wymagaj\u0105cych klient\u00f3w, kt\u00f3rzy szukaj\u0105 opon dla samochod\u00f3w osobowych o wi\u0119kszych mocach silnika za rozs\u0105dn\u0105 cen\u0119.<\/h2>\n<ul style=\"margin: 15px 0; padding-left: 20px; clear: both; display: block; width: 100%; float: none; position: static;\">\n<li style=\"margin: 5px 0; padding: 2px 0; clear: both; display: list-item; float: none; position: static;\">Du\u017ca liczba kraw\u0119dzi tn\u0105cych odprowadza wod\u0119 zapewniaj\u0105c lepsz\u0105 przyczepno\u015b\u0107 na mokrych drogach.<\/li>\n<li style=\"margin: 5px 0; padding: 2px 0; clear: both; display: list-item; float: none; position: static;\">Asymetryczny wz\u00f3r bie\u017cnika oraz usztywnione zewn\u0119trzne \u017cebro zapewniaj\u0105 dobre prowadzenie oraz osi\u0105gi na suchej nawierzchni przy wysokiej pr\u0119dko\u015bci.<\/li>\n<li style=\"margin: 5px 0; padding: 2px 0; clear: both; display: list-item; float: none; position: static;\">Zaokr\u0105glone kraw\u0119dzie bark\u00f3w bie\u017cnika skutecznie odprowadzaj\u0105 wod\u0119 i zapewniaj\u0105 wysok\u0105 odporno\u015b\u0107 na zjawisko aquaplaningu.<\/li>\n<li style=\"margin: 5px 0; padding: 2px 0; clear: both; display: list-item; float: none; position: static;\">R\u00f3wnomiernie rozprowadzenie ci\u015bnienia w oponie przek\u0142ada si\u0119 na zwi\u0119kszon\u0105 trwa\u0142o\u015b\u0107 i d\u0142ugie przebiegi.<\/li>\n<li style=\"margin: 5px 0; padding: 2px 0; clear: both; display: list-item; float: none; position: static;\">Nowa mieszanka gumowa w stopce redukuje utrat\u0119 energii i obni\u017ca opory toczenia.<\/li>\n<\/ul>\n<\/div>\n<\/div>\n<\/div>\n<div style=\"clear: both; display: block; margin: 10px 0;\">\n<div style=\"clear: both; display: block; margin: 10px 0;\">\n<div style=\"clear: both; display: block; margin: 10px 0;\">\n<div  style=\"max-width:999px;max-height:152px\">\n<div style=\"clear: both; display: block; margin: 10px 0;\">\n<div style=\"clear: both; width: 100%; display: block; margin: 20px 0; padding: 0; float: none; position: static; text-align: center;\"><img decoding=\"async\"  src=\"https:\/\/a.allegroimg.com\/original\/11dc9b\/72620e9e4d3ba8cc78f04f43d66e\/4x-Opony-letnie-215-50R17-95W-XL-Presto-UHP2-DEBICA-2022-Szerokosc-opony-215-mm\" srcset=\"https:\/\/a.allegroimg.com\/original\/11dc9b\/72620e9e4d3ba8cc78f04f43d66e\/4x-Opony-letnie-215-50R17-95W-XL-Presto-UHP2-DEBICA-2022-Szerokosc-opony-215-mm 360w,https:\/\/a.allegroimg.com\/original\/11dc9b\/72620e9e4d3ba8cc78f04f43d66e\/4x-Opony-letnie-215-50R17-95W-XL-Presto-UHP2-DEBICA-2022-Szerokosc-opony-215-mm 720w,https:\/\/a.allegroimg.com\/original\/11dc9b\/72620e9e4d3ba8cc78f04f43d66e\/4x-Opony-letnie-215-50R17-95W-XL-Presto-UHP2-DEBICA-2022-Szerokosc-opony-215-mm 999w,https:\/\/a.allegroimg.com\/original\/11dc9b\/72620e9e4d3ba8cc78f04f43d66e\/4x-Opony-letnie-215-50R17-95W-XL-Presto-UHP2-DEBICA-2022-Szerokosc-opony-215-mm 999w\" sizes=\"100vw\" width=\"999px\" alt=\"4x Opony letnie 215\/50R17 95W XL Presto UHP2 D\u0118BICA 2022 Szeroko\u015b\u0107 opony 215 mm\" style=\"max-width: 100%; height: auto; display: block; margin: 0 auto;\"><\/div>\n<\/div>\n<\/div>\n<\/div>\n<\/div>\n<\/div>\n<div style=\"clear: both; display: block; margin: 10px 0;\">\n<div style=\"clear: both; display: block; margin: 10px 0;\">\n<div style=\"clear: both; display: block; margin: 10px 0;\">\n<h1>O producencie opon D\u0119bica<\/h1>\n<p style=\"margin: 15px 0; line-height: 1.8; clear: both; display: block; width: 100%; float: none; position: static;\">Firma Oponiarska D\u0119bica to polski producent ogumienia, kt\u00f3ry rozpocz\u0105\u0142 swoj\u0105 dzia\u0142alno\u015b\u0107 w 1937 roku w ramach Centralnego Okr\u0119gu Przemys\u0142owego. Po wojnie firma zosta\u0142a upa\u0144stwowiona. W 1991 roku firm\u0119 sprywatyzowano, a w 1995 roku D\u0119bica sta\u0142a si\u0119 cz\u0119\u015bci\u0105 koncernu oponiarskiego The Goodyear Tire and Rubber Company.<\/p>\n<\/div>\n<\/div>\n<\/div>\n<div style=\"clear: both; display: block; margin: 10px 0;\">\n<div style=\"clear: both; display: block; margin: 10px 0;\">\n<div style=\"clear: both; display: block; margin: 10px 0;\">\n<div  style=\"max-width:886px;max-height:1299px\">\n<div style=\"clear: both; display: block; margin: 10px 0;\">\n<div style=\"clear: both; width: 100%; display: block; margin: 20px 0; padding: 0; float: none; position: static; text-align: center;\"><img decoding=\"async\"  src=\"https:\/\/a.allegroimg.com\/original\/1158b3\/6b1604de46018deab8131aeeca1d\/4x-Opony-letnie-215-50R17-95W-XL-Presto-UHP2-DEBICA-2022-Waga-produktu-z-opakowaniem-jednostkowym-36-kg\" srcset=\"https:\/\/a.allegroimg.com\/original\/1158b3\/6b1604de46018deab8131aeeca1d\/4x-Opony-letnie-215-50R17-95W-XL-Presto-UHP2-DEBICA-2022-Waga-produktu-z-opakowaniem-jednostkowym-36-kg 245w,https:\/\/a.allegroimg.com\/original\/1158b3\/6b1604de46018deab8131aeeca1d\/4x-Opony-letnie-215-50R17-95W-XL-Presto-UHP2-DEBICA-2022-Waga-produktu-z-opakowaniem-jednostkowym-36-kg 491w,https:\/\/a.allegroimg.com\/original\/1158b3\/6b1604de46018deab8131aeeca1d\/4x-Opony-letnie-215-50R17-95W-XL-Presto-UHP2-DEBICA-2022-Waga-produktu-z-opakowaniem-jednostkowym-36-kg 698w,https:\/\/a.allegroimg.com\/original\/1158b3\/6b1604de46018deab8131aeeca1d\/4x-Opony-letnie-215-50R17-95W-XL-Presto-UHP2-DEBICA-2022-Waga-produktu-z-opakowaniem-jednostkowym-36-kg 886w,https:\/\/a.allegroimg.com\/original\/1158b3\/6b1604de46018deab8131aeeca1d\/4x-Opony-letnie-215-50R17-95W-XL-Presto-UHP2-DEBICA-2022-Waga-produktu-z-opakowaniem-jednostkowym-36-kg 886w\" sizes=\"(min-width: 1200px) 560px, (min-width: 992px) 50vw, 100vw\" width=\"886px\" alt=\"4x Opony letnie 215\/50R17 95W XL Presto UHP2 D\u0118BICA 2022 Waga produktu z opakowaniem jednostkowym 36 kg\" style=\"max-width: 100%; height: auto; display: block; margin: 0 auto;\"><\/div>\n<\/div>\n<\/div>\n<\/div>\n<\/div>\n<div style=\"clear: both; display: block; margin: 10px 0;\">\n<div style=\"clear: both; display: block; margin: 10px 0;\">\n<p style=\"margin: 15px 0; line-height: 1.8; clear: both; display: block; width: 100%; float: none; position: static;\"><b>Etykiety Unijne na oponach<\/b> pomagaj\u0105 konsumentom w podj\u0119ciu \u015bwiadomej decyzji o zakupie.<\/p>\n<p style=\"margin: 15px 0; line-height: 1.8; clear: both; display: block; width: 100%; float: none; position: static;\"><b>Op\u00f3r toczenia<\/b> w oponie jest wska\u017anikiem jej efektywno\u015bci energetycznej, co ma wp\u0142yw na zu\u017cycie paliwa oraz emisj\u0119 spalin. Klasa oporu toczenia waha si\u0119 od A (najwydajniejsza) do E (najni\u017csza).<\/p>\n<p style=\"margin: 15px 0; line-height: 1.8; clear: both; display: block; width: 100%; float: none; position: static;\"><b>Droga hamowania na mokrej nawierzchni<\/b> zale\u017cy od zdolno\u015bci opony do trzymania si\u0119 drogi na mokrej nawierzchni. Klasa A okre\u015bla najkr\u00f3tsz\u0105 drog\u0119, za\u015b E najd\u0142u\u017csz\u0105. Opona z etykiet\u0105 E hamuje 18 metr\u00f3w dalej w por\u00f3wnaniu z opon\u0105 z etykiet\u0105 A (procedura testowa, w kt\u00f3rej mierzy si\u0119 drog\u0119 hamowania od 80 km\/h do 5 km\/h na drodze pokrytej wod\u0105).<\/p>\n<p style=\"margin: 15px 0; line-height: 1.8; clear: both; display: block; width: 100%; float: none; position: static;\"><b>Ha\u0142as zewn\u0119trzny<\/b> odnosi si\u0119 do ha\u0142asu wytwarzanego przez opon\u0119 podczas przejazdu samochodu i jest mierzony w dB (decybelach). Ha\u0142as opon mierzony jest na zewn\u0105trz pojazdu co ma za zadanie ograniczy\u0107 negatywny wp\u0142yw na otoczenie.<\/p>\n<\/div>\n<\/div>\n<\/div>\n<\/div>\n<\/div>\n<\/div>\n<div style=\"clear: both; display: block; margin: 10px 0;\">\n","protected":false},"excerpt":{"rendered":"<p>4x Opony letnie 215\/50R17 95W XL Presto UHP2 D\u0118BICA 2022<\/p>\n<p>D\u0118BICA Presto UHP2 215\/50R17<\/p>\n<p>Dane podstawowe<\/p>\n<p>Stan: Opony fabrycznie nowe<\/p>\n<p>Producent: D\u0118BICA<\/p>\n<p>Model: Presto UHP2<\/p>\n<p>Klasa opon: Ekonomiczna<\/p>\n<p>Sezon: Opony letnie<\/p>\n","protected":false},"featured_media":14439,"template":"","meta":{"_uag_custom_page_level_css":""},"product_brand":[378],"product_cat":[414,418,413,412],"product_tag":[],"class_list":{"0":"post-14438","1":"product","2":"type-product","3":"status-publish","4":"has-post-thumbnail","6":"product_brand-debica","7":"product_cat-do-samochodow-osobowych-i-suv","8":"product_cat-letnie","9":"product_cat-opony","10":"product_cat-opony-i-felgi","12":"first","13":"instock","14":"shipping-taxable","15":"purchasable","16":"product-type-simple"},"uagb_featured_image_src":{"full":["https:\/\/oponexa.shop\/tire\/wp-content\/uploads\/2026\/01\/allegro-image-14438.jpg",2560,2560,false],"thumbnail":["https:\/\/oponexa.shop\/tire\/wp-content\/uploads\/2026\/01\/allegro-image-14438-150x150.jpg",150,150,true],"medium":["https:\/\/oponexa.shop\/tire\/wp-content\/uploads\/2026\/01\/allegro-image-14438-300x300.jpg",300,300,true],"medium_large":["https:\/\/oponexa.shop\/tire\/wp-content\/uploads\/2026\/01\/allegro-image-14438-768x768.jpg",768,768,true],"large":["https:\/\/oponexa.shop\/tire\/wp-content\/uploads\/2026\/01\/allegro-image-14438-1024x1024.jpg",1024,1024,true],"1536x1536":["https:\/\/oponexa.shop\/tire\/wp-content\/uploads\/2026\/01\/allegro-image-14438-1536x1536.jpg",1536,1536,true],"2048x2048":["https:\/\/oponexa.shop\/tire\/wp-content\/uploads\/2026\/01\/allegro-image-14438-2048x2048.jpg",2048,2048,true],"woocommerce_thumbnail":["https:\/\/oponexa.shop\/tire\/wp-content\/uploads\/2026\/01\/allegro-image-14438-300x300.jpg",300,300,true],"woocommerce_single":["https:\/\/oponexa.shop\/tire\/wp-content\/uploads\/2026\/01\/allegro-image-14438-600x600.jpg",600,600,true],"woocommerce_gallery_thumbnail":["https:\/\/oponexa.shop\/tire\/wp-content\/uploads\/2026\/01\/allegro-image-14438-100x100.jpg",100,100,true]},"uagb_author_info":{"display_name":"admin","author_link":"https:\/\/oponexa.shop\/tire\/author\/"},"uagb_comment_info":0,"uagb_excerpt":"4x Opony letnie 215\/50R17 95W XL Presto UHP2 D\u0118BICA 2022 D\u0118BICA Presto UHP2 215\/50R17 Dane podstawowe Stan: Opony fabrycznie nowe Producent: D\u0118BICA Model: Presto UHP2 Klasa opon: Ekonomiczna Sezon: Opony letnie","_links":{"self":[{"href":"https:\/\/oponexa.shop\/tire\/wp-json\/wp\/v2\/product\/14438","targetHints":{"allow":["GET"]}}],"collection":[{"href":"https:\/\/oponexa.shop\/tire\/wp-json\/wp\/v2\/product"}],"about":[{"href":"https:\/\/oponexa.shop\/tire\/wp-json\/wp\/v2\/types\/product"}],"wp:featuredmedia":[{"embeddable":true,"href":"https:\/\/oponexa.shop\/tire\/wp-json\/wp\/v2\/media\/14439"}],"wp:attachment":[{"href":"https:\/\/oponexa.shop\/tire\/wp-json\/wp\/v2\/media?parent=14438"}],"wp:term":[{"taxonomy":"product_brand","embeddable":true,"href":"https:\/\/oponexa.shop\/tire\/wp-json\/wp\/v2\/product_brand?post=14438"},{"taxonomy":"product_cat","embeddable":true,"href":"https:\/\/oponexa.shop\/tire\/wp-json\/wp\/v2\/product_cat?post=14438"},{"taxonomy":"product_tag","embeddable":true,"href":"https:\/\/oponexa.shop\/tire\/wp-json\/wp\/v2\/product_tag?post=14438"}],"curies":[{"name":"wp","href":"https:\/\/api.w.org\/{rel}","templated":true}]}}