{"id":14426,"date":"2026-01-12T01:46:02","date_gmt":"2026-01-12T00:46:02","guid":{"rendered":"https:\/\/oponyspeed.shop\/xef5\/produkt\/zestaw-x2-debica-165-70-r14-passio-2-81-t-dot2022\/"},"modified":"2026-01-12T01:46:03","modified_gmt":"2026-01-12T00:46:03","slug":"zestaw-x2-debica-165-70-r14-passio-2-81-t-dot2022","status":"publish","type":"product","link":"https:\/\/oponexa.shop\/tire\/produkt\/zestaw-x2-debica-165-70-r14-passio-2-81-t-dot2022\/","title":{"rendered":"ZESTAW x2 D\u0118BICA 165\/70 R14 PASSIO 2 [81] T DOT2022"},"content":{"rendered":"<div style=\"font-family: Arial, sans-serif; line-height: 1.6; color: #333; padding: 20px; clear: both; display: block; width: 100%; float: none; position: static; overflow: hidden;\">\n<div style=\"clear: both; display: block; margin: 10px 0;\">\n<div style=\"clear: both; display: block; margin: 10px 0;\">\n<div style=\"clear: both; display: block; margin: 10px 0;\">\n<p style=\"margin: 15px 0; line-height: 1.8; clear: both; display: block; width: 100%; float: none; position: static;\">D\u0118BICA 165\/70  R14  PASSIO 2  [81] T  DOT2022<\/p>\n<p style=\"margin: 15px 0; line-height: 1.8; clear: both; display: block; width: 100%; float: none; position: static;\">numer katalogowy: 547578W2022<\/p>\n<p style=\"margin: 15px 0; line-height: 1.8; clear: both; display: block; width: 100%; float: none; position: static;\">Wszystkie oferowane przez nas opony, o ile nie wskazano inaczej w tytule oferty, pochodz\u0105 z poprzedniego lub w wi\u0119kszo\u015bci z bie\u017c\u0105cego roku produkcji, co gwarantuje ich wysok\u0105 jako\u015b\u0107 i pe\u0142n\u0105 funkcjonalno\u015b\u0107.<\/p>\n<\/div>\n<\/div>\n<div style=\"clear: both; display: block; margin: 10px 0;\">\n<div style=\"clear: both; display: block; margin: 10px 0;\">\n<div  style=\"max-width:1200px;max-height:1200px\">\n<div style=\"clear: both; display: block; margin: 10px 0;\">\n<div style=\"clear: both; width: 100%; display: block; margin: 20px 0; padding: 0; float: none; position: static; text-align: center;\"><img decoding=\"async\"  src=\"https:\/\/a.allegroimg.com\/original\/116e72\/18d423db476bb0048830504aaf8b\/ZESTAW-x2-DEBICA-165-70-R14-PASSIO-2-81-T-DOT2022\" srcset=\"https:\/\/a.allegroimg.com\/original\/116e72\/18d423db476bb0048830504aaf8b\/ZESTAW-x2-DEBICA-165-70-R14-PASSIO-2-81-T-DOT2022 360w,https:\/\/a.allegroimg.com\/original\/116e72\/18d423db476bb0048830504aaf8b\/ZESTAW-x2-DEBICA-165-70-R14-PASSIO-2-81-T-DOT2022 720w,https:\/\/a.allegroimg.com\/original\/116e72\/18d423db476bb0048830504aaf8b\/ZESTAW-x2-DEBICA-165-70-R14-PASSIO-2-81-T-DOT2022 1024w,https:\/\/a.allegroimg.com\/original\/116e72\/18d423db476bb0048830504aaf8b\/ZESTAW-x2-DEBICA-165-70-R14-PASSIO-2-81-T-DOT2022 1200w,https:\/\/a.allegroimg.com\/original\/116e72\/18d423db476bb0048830504aaf8b\/ZESTAW-x2-DEBICA-165-70-R14-PASSIO-2-81-T-DOT2022 1200w\" sizes=\"(min-width: 1200px) 560px, (min-width: 992px) 50vw, 100vw\" width=\"1200px\" alt=\"ZESTAW x2 D\u0118BICA 165\/70 R14 PASSIO 2 [81] T DOT2022\" style=\"max-width: 100%; height: auto; display: block; margin: 0 auto;\"><\/div>\n<\/div>\n<\/div>\n<\/div>\n<\/div>\n<\/div>\n<\/div>\n<\/div>\n<\/div>\n<div style=\"clear: both; display: block; margin: 10px 0;\">\n","protected":false},"excerpt":{"rendered":"<p>D\u0118BICA 165\/70 R14 PASSIO 2 [81] T DOT2022<\/p>\n<p>numer katalogowy: 547578W2022<\/p>\n<p>Wszystkie oferowane przez nas opony, o ile nie wskazano inaczej w tytule oferty, pochodz\u0105 z poprzedniego lub w wi\u0119kszo\u015bci z bie\u017c\u0105cego roku produkcji, co gwarantuje ich wysok\u0105 jako\u015b\u0107 i pe\u0142n\u0105 funkcjonalno\u015b\u0107.<\/p>\n","protected":false},"featured_media":14427,"template":"","meta":{"_uag_custom_page_level_css":""},"product_brand":[378],"product_cat":[414,418,413,412],"product_tag":[],"class_list":{"0":"post-14426","1":"product","2":"type-product","3":"status-publish","4":"has-post-thumbnail","6":"product_brand-debica","7":"product_cat-do-samochodow-osobowych-i-suv","8":"product_cat-letnie","9":"product_cat-opony","10":"product_cat-opony-i-felgi","12":"first","13":"instock","14":"shipping-taxable","15":"purchasable","16":"product-type-simple"},"uagb_featured_image_src":{"full":["https:\/\/oponexa.shop\/tire\/wp-content\/uploads\/2026\/01\/allegro-image-14426.jpg",1200,1200,false],"thumbnail":["https:\/\/oponexa.shop\/tire\/wp-content\/uploads\/2026\/01\/allegro-image-14426-150x150.jpg",150,150,true],"medium":["https:\/\/oponexa.shop\/tire\/wp-content\/uploads\/2026\/01\/allegro-image-14426-300x300.jpg",300,300,true],"medium_large":["https:\/\/oponexa.shop\/tire\/wp-content\/uploads\/2026\/01\/allegro-image-14426-768x768.jpg",768,768,true],"large":["https:\/\/oponexa.shop\/tire\/wp-content\/uploads\/2026\/01\/allegro-image-14426-1024x1024.jpg",1024,1024,true],"1536x1536":["https:\/\/oponexa.shop\/tire\/wp-content\/uploads\/2026\/01\/allegro-image-14426.jpg",1200,1200,false],"2048x2048":["https:\/\/oponexa.shop\/tire\/wp-content\/uploads\/2026\/01\/allegro-image-14426.jpg",1200,1200,false],"woocommerce_thumbnail":["https:\/\/oponexa.shop\/tire\/wp-content\/uploads\/2026\/01\/allegro-image-14426-300x300.jpg",300,300,true],"woocommerce_single":["https:\/\/oponexa.shop\/tire\/wp-content\/uploads\/2026\/01\/allegro-image-14426-600x600.jpg",600,600,true],"woocommerce_gallery_thumbnail":["https:\/\/oponexa.shop\/tire\/wp-content\/uploads\/2026\/01\/allegro-image-14426-100x100.jpg",100,100,true]},"uagb_author_info":{"display_name":"admin","author_link":"https:\/\/oponexa.shop\/tire\/author\/"},"uagb_comment_info":0,"uagb_excerpt":"D\u0118BICA 165\/70 R14 PASSIO 2 [81] T DOT2022 numer katalogowy: 547578W2022 Wszystkie oferowane przez nas opony, o ile nie wskazano inaczej w tytule oferty, pochodz\u0105 z poprzedniego lub w wi\u0119kszo\u015bci z bie\u017c\u0105cego roku produkcji, co gwarantuje ich wysok\u0105 jako\u015b\u0107 i pe\u0142n\u0105 funkcjonalno\u015b\u0107.","_links":{"self":[{"href":"https:\/\/oponexa.shop\/tire\/wp-json\/wp\/v2\/product\/14426","targetHints":{"allow":["GET"]}}],"collection":[{"href":"https:\/\/oponexa.shop\/tire\/wp-json\/wp\/v2\/product"}],"about":[{"href":"https:\/\/oponexa.shop\/tire\/wp-json\/wp\/v2\/types\/product"}],"wp:featuredmedia":[{"embeddable":true,"href":"https:\/\/oponexa.shop\/tire\/wp-json\/wp\/v2\/media\/14427"}],"wp:attachment":[{"href":"https:\/\/oponexa.shop\/tire\/wp-json\/wp\/v2\/media?parent=14426"}],"wp:term":[{"taxonomy":"product_brand","embeddable":true,"href":"https:\/\/oponexa.shop\/tire\/wp-json\/wp\/v2\/product_brand?post=14426"},{"taxonomy":"product_cat","embeddable":true,"href":"https:\/\/oponexa.shop\/tire\/wp-json\/wp\/v2\/product_cat?post=14426"},{"taxonomy":"product_tag","embeddable":true,"href":"https:\/\/oponexa.shop\/tire\/wp-json\/wp\/v2\/product_tag?post=14426"}],"curies":[{"name":"wp","href":"https:\/\/api.w.org\/{rel}","templated":true}]}}