{"id":14416,"date":"2026-01-12T01:45:58","date_gmt":"2026-01-12T00:45:58","guid":{"rendered":"https:\/\/oponyspeed.shop\/xef5\/produkt\/2x-185-65r15-goodride-zupereco-z-107-88h-rok-2025\/"},"modified":"2026-01-12T01:45:59","modified_gmt":"2026-01-12T00:45:59","slug":"2x-185-65r15-goodride-zupereco-z-107-88h-rok-2025","status":"publish","type":"product","link":"https:\/\/oponexa.shop\/tire\/produkt\/2x-185-65r15-goodride-zupereco-z-107-88h-rok-2025\/","title":{"rendered":"2x 185\/65R15 Goodride ZuperEco Z-107 88H rok 2025"},"content":{"rendered":"<div style=\"font-family: Arial, sans-serif; line-height: 1.6; color: #333; padding: 20px; clear: both; display: block; width: 100%; float: none; position: static; overflow: hidden;\">\n<div style=\"clear: both; display: block; margin: 10px 0;\">\n<div style=\"clear: both; display: block; margin: 10px 0;\">\n<div style=\"clear: both; display: block; margin: 10px 0;\">\n<div  style=\"max-width:1920px;max-height:350px\">\n<div style=\"clear: both; display: block; margin: 10px 0;\">\n<div style=\"clear: both; width: 100%; display: block; margin: 20px 0; padding: 0; float: none; position: static; text-align: center;\"><img decoding=\"async\"  src=\"https:\/\/a.allegroimg.com\/original\/115a39\/2211a71b4248b337d2df47cccce5\/2x-185-65R15-Goodride-ZuperEco-Z-107-88H-rok-2025-Profil-opony-65\" srcset=\"https:\/\/a.allegroimg.com\/original\/115a39\/2211a71b4248b337d2df47cccce5\/2x-185-65R15-Goodride-ZuperEco-Z-107-88H-rok-2025-Profil-opony-65 360w,https:\/\/a.allegroimg.com\/original\/115a39\/2211a71b4248b337d2df47cccce5\/2x-185-65R15-Goodride-ZuperEco-Z-107-88H-rok-2025-Profil-opony-65 720w,https:\/\/a.allegroimg.com\/original\/115a39\/2211a71b4248b337d2df47cccce5\/2x-185-65R15-Goodride-ZuperEco-Z-107-88H-rok-2025-Profil-opony-65 1024w,https:\/\/a.allegroimg.com\/original\/115a39\/2211a71b4248b337d2df47cccce5\/2x-185-65R15-Goodride-ZuperEco-Z-107-88H-rok-2025-Profil-opony-65 1440w,https:\/\/a.allegroimg.com\/original\/115a39\/2211a71b4248b337d2df47cccce5\/2x-185-65R15-Goodride-ZuperEco-Z-107-88H-rok-2025-Profil-opony-65 1920w\" sizes=\"100vw\" width=\"1920px\" alt=\"2x 185\/65R15 Goodride ZuperEco Z-107 88H rok 2025 Profil opony 65\" style=\"max-width: 100%; height: auto; display: block; margin: 0 auto;\"><\/div>\n<\/div>\n<\/div>\n<\/div>\n<\/div>\n<\/div>\n<div style=\"clear: both; display: block; margin: 10px 0;\">\n<div style=\"clear: both; display: block; margin: 10px 0;\">\n<div style=\"clear: both; display: block; margin: 10px 0;\">\n<div  style=\"max-width:1195px;max-height:2560px\">\n<div style=\"clear: both; display: block; margin: 10px 0;\">\n<div style=\"clear: both; width: 100%; display: block; margin: 20px 0; padding: 0; float: none; position: static; text-align: center;\"><img decoding=\"async\"  src=\"https:\/\/a.allegroimg.com\/original\/11f587\/9ace62bf4f90938ab334d9b46283\/2x-185-65R15-Goodride-ZuperEco-Z-107-88H-rok-2025-Model-ZuperEco-Z-107\" srcset=\"https:\/\/a.allegroimg.com\/original\/11f587\/9ace62bf4f90938ab334d9b46283\/2x-185-65R15-Goodride-ZuperEco-Z-107-88H-rok-2025-Model-ZuperEco-Z-107 168w,https:\/\/a.allegroimg.com\/original\/11f587\/9ace62bf4f90938ab334d9b46283\/2x-185-65R15-Goodride-ZuperEco-Z-107-88H-rok-2025-Model-ZuperEco-Z-107 336w,https:\/\/a.allegroimg.com\/original\/11f587\/9ace62bf4f90938ab334d9b46283\/2x-185-65R15-Goodride-ZuperEco-Z-107-88H-rok-2025-Model-ZuperEco-Z-107 478w,https:\/\/a.allegroimg.com\/original\/11f587\/9ace62bf4f90938ab334d9b46283\/2x-185-65R15-Goodride-ZuperEco-Z-107-88H-rok-2025-Model-ZuperEco-Z-107 672w,https:\/\/a.allegroimg.com\/original\/11f587\/9ace62bf4f90938ab334d9b46283\/2x-185-65R15-Goodride-ZuperEco-Z-107-88H-rok-2025-Model-ZuperEco-Z-107 1195w\" sizes=\"(min-width: 1200px) 560px, (min-width: 992px) 50vw, 100vw\" width=\"1195px\" alt=\"2x 185\/65R15 Goodride ZuperEco Z-107 88H rok 2025 Model ZuperEco Z-107\" style=\"max-width: 100%; height: auto; display: block; margin: 0 auto;\"><\/div>\n<\/div>\n<\/div>\n<\/div>\n<\/div>\n<div style=\"clear: both; display: block; margin: 10px 0;\">\n<div style=\"clear: both; display: block; margin: 10px 0;\">\n<h2>Przedmiot aukcji: zestaw 2 sztuk fabrycznie nowych opon<\/h2>\n<p style=\"margin: 15px 0; line-height: 1.8; clear: both; display: block; width: 100%; float: none; position: static;\">Rozmiar: <b>185\/65R15<\/b><\/p>\n<p style=\"margin: 15px 0; line-height: 1.8; clear: both; display: block; width: 100%; float: none; position: static;\">Indeksy pr\u0119dko\u015bci i no\u015bno\u015bci: <b>88H (do 210km\/h)<\/b><\/p>\n<p style=\"margin: 15px 0; line-height: 1.8; clear: both; display: block; width: 100%; float: none; position: static;\">Marka:&nbsp;<b>Goodride<\/b><\/p>\n<h1>Rok produkcji: 2025<\/h1>\n<p style=\"margin: 15px 0; line-height: 1.8; clear: both; display: block; width: 100%; float: none; position: static;\">Sezon:&nbsp;<b>opony letnie<\/b><\/p>\n<p style=\"margin: 15px 0; line-height: 1.8; clear: both; display: block; width: 100%; float: none; position: static;\">Segment:&nbsp;<b>klasa ekonomiczna<\/b><\/p>\n<h1>Nowoczesna, asymetryczna, atrakcyjna wizualnie rze\u017aba bie\u017cnika.<\/h1>\n<p style=\"margin: 15px 0; line-height: 1.8; clear: both; display: block; width: 100%; float: none; position: static;\">zalety:<\/p>\n<p style=\"margin: 15px 0; line-height: 1.8; clear: both; display: block; width: 100%; float: none; position: static;\">Bardzo dobre odprowadzanie wody z czo\u0142a opony<\/p>\n<p style=\"margin: 15px 0; line-height: 1.8; clear: both; display: block; width: 100%; float: none; position: static;\">R\u00f3wnomierny rozk\u0142ad obci\u0105\u017ce\u0144<\/p>\n<p style=\"margin: 15px 0; line-height: 1.8; clear: both; display: block; width: 100%; float: none; position: static;\">Niski op\u00f3r toczenia<\/p>\n<p style=\"margin: 15px 0; line-height: 1.8; clear: both; display: block; width: 100%; float: none; position: static;\">Bardzo dobra kierowalno\u015b\u0107<\/p>\n<\/div>\n<\/div>\n<\/div>\n<div style=\"clear: both; display: block; margin: 10px 0;\">\n<div style=\"clear: both; display: block; margin: 10px 0;\">\n<div style=\"clear: both; display: block; margin: 10px 0;\">\n<div  style=\"max-width:2232px;max-height:602px\">\n<div style=\"clear: both; display: block; margin: 10px 0;\">\n<div style=\"clear: both; width: 100%; display: block; margin: 20px 0; padding: 0; float: none; position: static; text-align: center;\"><img decoding=\"async\"  src=\"https:\/\/a.allegroimg.com\/original\/11e7bb\/c3adfba047b587adeeef1fe8c794\/2x-185-65R15-Goodride-ZuperEco-Z-107-88H-rok-2025-Srednica-15\" srcset=\"https:\/\/a.allegroimg.com\/original\/11e7bb\/c3adfba047b587adeeef1fe8c794\/2x-185-65R15-Goodride-ZuperEco-Z-107-88H-rok-2025-Srednica-15 360w,https:\/\/a.allegroimg.com\/original\/11e7bb\/c3adfba047b587adeeef1fe8c794\/2x-185-65R15-Goodride-ZuperEco-Z-107-88H-rok-2025-Srednica-15 720w,https:\/\/a.allegroimg.com\/original\/11e7bb\/c3adfba047b587adeeef1fe8c794\/2x-185-65R15-Goodride-ZuperEco-Z-107-88H-rok-2025-Srednica-15 1024w,https:\/\/a.allegroimg.com\/original\/11e7bb\/c3adfba047b587adeeef1fe8c794\/2x-185-65R15-Goodride-ZuperEco-Z-107-88H-rok-2025-Srednica-15 1440w,https:\/\/a.allegroimg.com\/original\/11e7bb\/c3adfba047b587adeeef1fe8c794\/2x-185-65R15-Goodride-ZuperEco-Z-107-88H-rok-2025-Srednica-15 2232w\" sizes=\"100vw\" width=\"2232px\" alt=\"2x 185\/65R15 Goodride ZuperEco Z-107 88H rok 2025 \u015arednica 15&quot;\" style=\"max-width: 100%; height: auto; display: block; margin: 0 auto;\"><\/div>\n<\/div>\n<\/div>\n<\/div>\n<\/div>\n<\/div>\n<div style=\"clear: both; display: block; margin: 10px 0;\">\n<div style=\"clear: both; display: block; margin: 10px 0;\">\n<div style=\"clear: both; display: block; margin: 10px 0;\">\n<div  style=\"max-width:1195px;max-height:2560px\">\n<div style=\"clear: both; display: block; margin: 10px 0;\">\n<div style=\"clear: both; width: 100%; display: block; margin: 20px 0; padding: 0; float: none; position: static; text-align: center;\"><img decoding=\"async\"  src=\"https:\/\/a.allegroimg.com\/original\/11f587\/9ace62bf4f90938ab334d9b46283\/2x-185-65R15-Goodride-ZuperEco-Z-107-88H-rok-2025-Model-ZuperEco-Z-107\" srcset=\"https:\/\/a.allegroimg.com\/original\/11f587\/9ace62bf4f90938ab334d9b46283\/2x-185-65R15-Goodride-ZuperEco-Z-107-88H-rok-2025-Model-ZuperEco-Z-107 168w,https:\/\/a.allegroimg.com\/original\/11f587\/9ace62bf4f90938ab334d9b46283\/2x-185-65R15-Goodride-ZuperEco-Z-107-88H-rok-2025-Model-ZuperEco-Z-107 336w,https:\/\/a.allegroimg.com\/original\/11f587\/9ace62bf4f90938ab334d9b46283\/2x-185-65R15-Goodride-ZuperEco-Z-107-88H-rok-2025-Model-ZuperEco-Z-107 478w,https:\/\/a.allegroimg.com\/original\/11f587\/9ace62bf4f90938ab334d9b46283\/2x-185-65R15-Goodride-ZuperEco-Z-107-88H-rok-2025-Model-ZuperEco-Z-107 672w,https:\/\/a.allegroimg.com\/original\/11f587\/9ace62bf4f90938ab334d9b46283\/2x-185-65R15-Goodride-ZuperEco-Z-107-88H-rok-2025-Model-ZuperEco-Z-107 1195w\" sizes=\"100vw\" width=\"1195px\" alt=\"2x 185\/65R15 Goodride ZuperEco Z-107 88H rok 2025 Model ZuperEco Z-107\" style=\"max-width: 100%; height: auto; display: block; margin: 0 auto;\"><\/div>\n<\/div>\n<\/div>\n<\/div>\n<\/div>\n<\/div>\n<div style=\"clear: both; display: block; margin: 10px 0;\">\n<div style=\"clear: both; display: block; margin: 10px 0;\">\n<div style=\"clear: both; display: block; margin: 10px 0;\">\n<div  style=\"max-width:1920px;max-height:350px\">\n<div style=\"clear: both; display: block; margin: 10px 0;\">\n<div style=\"clear: both; width: 100%; display: block; margin: 20px 0; padding: 0; float: none; position: static; text-align: center;\"><img decoding=\"async\"  src=\"https:\/\/a.allegroimg.com\/original\/115a39\/2211a71b4248b337d2df47cccce5\/2x-185-65R15-Goodride-ZuperEco-Z-107-88H-rok-2025-Profil-opony-65\" srcset=\"https:\/\/a.allegroimg.com\/original\/115a39\/2211a71b4248b337d2df47cccce5\/2x-185-65R15-Goodride-ZuperEco-Z-107-88H-rok-2025-Profil-opony-65 360w,https:\/\/a.allegroimg.com\/original\/115a39\/2211a71b4248b337d2df47cccce5\/2x-185-65R15-Goodride-ZuperEco-Z-107-88H-rok-2025-Profil-opony-65 720w,https:\/\/a.allegroimg.com\/original\/115a39\/2211a71b4248b337d2df47cccce5\/2x-185-65R15-Goodride-ZuperEco-Z-107-88H-rok-2025-Profil-opony-65 1024w,https:\/\/a.allegroimg.com\/original\/115a39\/2211a71b4248b337d2df47cccce5\/2x-185-65R15-Goodride-ZuperEco-Z-107-88H-rok-2025-Profil-opony-65 1440w,https:\/\/a.allegroimg.com\/original\/115a39\/2211a71b4248b337d2df47cccce5\/2x-185-65R15-Goodride-ZuperEco-Z-107-88H-rok-2025-Profil-opony-65 1920w\" sizes=\"100vw\" width=\"1920px\" alt=\"2x 185\/65R15 Goodride ZuperEco Z-107 88H rok 2025 Profil opony 65\" style=\"max-width: 100%; height: auto; display: block; margin: 0 auto;\"><\/div>\n<\/div>\n<\/div>\n<\/div>\n<\/div>\n<\/div>\n<div style=\"clear: both; display: block; margin: 10px 0;\">\n<div style=\"clear: both; display: block; margin: 10px 0;\">\n<div style=\"clear: both; display: block; margin: 10px 0;\">\n<h2>Zhongce Rubber Group Co., Ltd.<\/h2>\n<p style=\"margin: 15px 0; line-height: 1.8; clear: both; display: block; width: 100%; float: none; position: static;\">jest producentem opon marki Goodride<\/p>\n<h3 style=\"color: #2c5aa0; font-size: 18px; margin: 30px 0 15px 0; font-weight: bold; clear: both; display: block; width: 100%; float: none; position: static;\">Najwa\u017cniejsze informacje:<\/h3>\n<p style=\"margin: 15px 0; line-height: 1.8; clear: both; display: block; width: 100%; float: none; position: static;\">Najwi\u0119kszy producent opon w Chinach<\/p>\n<p style=\"margin: 15px 0; line-height: 1.8; clear: both; display: block; width: 100%; float: none; position: static;\">Sta\u0142a dost\u0119pno\u015b\u0107 w Polsce od 16 lat<\/p>\n<h1>Opony na tej aukcji sprzedaje<\/h1>\n<h1>Oficjalny Sklep Goodride.<\/h1>\n<\/div>\n<\/div>\n<div style=\"clear: both; display: block; margin: 10px 0;\">\n<div style=\"clear: both; display: block; margin: 10px 0;\">\n<div  style=\"max-width:600px;max-height:600px\">\n<div style=\"clear: both; display: block; margin: 10px 0;\">\n<div style=\"clear: both; width: 100%; display: block; margin: 20px 0; padding: 0; float: none; position: static; text-align: center;\"><img decoding=\"async\"  src=\"https:\/\/a.allegroimg.com\/original\/119f85\/03e523e345b7beb27f213a47ac32\/2x-185-65R15-Goodride-ZuperEco-Z-107-88H-rok-2025-Liczba-opon-w-ofercie-2-szt\" srcset=\"https:\/\/a.allegroimg.com\/original\/119f85\/03e523e345b7beb27f213a47ac32\/2x-185-65R15-Goodride-ZuperEco-Z-107-88H-rok-2025-Liczba-opon-w-ofercie-2-szt 360w,https:\/\/a.allegroimg.com\/original\/119f85\/03e523e345b7beb27f213a47ac32\/2x-185-65R15-Goodride-ZuperEco-Z-107-88H-rok-2025-Liczba-opon-w-ofercie-2-szt 600w,https:\/\/a.allegroimg.com\/original\/119f85\/03e523e345b7beb27f213a47ac32\/2x-185-65R15-Goodride-ZuperEco-Z-107-88H-rok-2025-Liczba-opon-w-ofercie-2-szt 600w\" sizes=\"(min-width: 1200px) 560px, (min-width: 992px) 50vw, 100vw\" width=\"600px\" alt=\"2x 185\/65R15 Goodride ZuperEco Z-107 88H rok 2025 Liczba opon w ofercie 2 szt.\" style=\"max-width: 100%; height: auto; display: block; margin: 0 auto;\"><\/div>\n<\/div>\n<\/div>\n<\/div>\n<\/div>\n<\/div>\n<div style=\"clear: both; display: block; margin: 10px 0;\">\n<div style=\"clear: both; display: block; margin: 10px 0;\">\n<div style=\"clear: both; display: block; margin: 10px 0;\">\n<p style=\"margin: 15px 0; line-height: 1.8; clear: both; display: block; width: 100%; float: none; position: static;\">[185\/65R15HZ107][185\/65R15HZ107]<\/p>\n<\/div>\n<\/div>\n<\/div>\n<\/div>\n<\/div>\n<\/div>\n<div style=\"clear: both; display: block; margin: 10px 0;\">\n","protected":false},"excerpt":{"rendered":"<p>Przedmiot aukcji: zestaw 2 sztuk fabrycznie nowych opon<\/p>\n<p>Rozmiar: 185\/65R15<\/p>\n<p>Indeksy pr\u0119dko\u015bci i no\u015bno\u015bci: 88H (do 210km\/h)<\/p>\n<p>Marka:&nbsp;Goodride<\/p>\n<p>Rok produkcji: 2025<\/p>\n<p>Sezon:&nbsp;opony letnie<\/p>\n<p>Segment:&nbsp;klasa ekonomiczna<\/p>\n<p>Nowoczesna, asymetryczna, atrakcyjna wizualnie rze\u017aba bie\u017cnika.<\/p>\n","protected":false},"featured_media":14417,"template":"","meta":{"_uag_custom_page_level_css":""},"product_brand":[379],"product_cat":[414,418,413,412],"product_tag":[],"class_list":{"0":"post-14416","1":"product","2":"type-product","3":"status-publish","4":"has-post-thumbnail","6":"product_brand-goodride","7":"product_cat-do-samochodow-osobowych-i-suv","8":"product_cat-letnie","9":"product_cat-opony","10":"product_cat-opony-i-felgi","12":"first","13":"instock","14":"shipping-taxable","15":"purchasable","16":"product-type-simple"},"uagb_featured_image_src":{"full":["https:\/\/oponexa.shop\/tire\/wp-content\/uploads\/2026\/01\/allegro-image-14416.jpg",2000,2000,false],"thumbnail":["https:\/\/oponexa.shop\/tire\/wp-content\/uploads\/2026\/01\/allegro-image-14416-150x150.jpg",150,150,true],"medium":["https:\/\/oponexa.shop\/tire\/wp-content\/uploads\/2026\/01\/allegro-image-14416-300x300.jpg",300,300,true],"medium_large":["https:\/\/oponexa.shop\/tire\/wp-content\/uploads\/2026\/01\/allegro-image-14416-768x768.jpg",768,768,true],"large":["https:\/\/oponexa.shop\/tire\/wp-content\/uploads\/2026\/01\/allegro-image-14416-1024x1024.jpg",1024,1024,true],"1536x1536":["https:\/\/oponexa.shop\/tire\/wp-content\/uploads\/2026\/01\/allegro-image-14416-1536x1536.jpg",1536,1536,true],"2048x2048":["https:\/\/oponexa.shop\/tire\/wp-content\/uploads\/2026\/01\/allegro-image-14416.jpg",2000,2000,false],"woocommerce_thumbnail":["https:\/\/oponexa.shop\/tire\/wp-content\/uploads\/2026\/01\/allegro-image-14416-300x300.jpg",300,300,true],"woocommerce_single":["https:\/\/oponexa.shop\/tire\/wp-content\/uploads\/2026\/01\/allegro-image-14416-600x600.jpg",600,600,true],"woocommerce_gallery_thumbnail":["https:\/\/oponexa.shop\/tire\/wp-content\/uploads\/2026\/01\/allegro-image-14416-100x100.jpg",100,100,true]},"uagb_author_info":{"display_name":"admin","author_link":"https:\/\/oponexa.shop\/tire\/author\/"},"uagb_comment_info":0,"uagb_excerpt":"Przedmiot aukcji: zestaw 2 sztuk fabrycznie nowych opon Rozmiar: 185\/65R15 Indeksy pr\u0119dko\u015bci i no\u015bno\u015bci: 88H (do 210km\/h) Marka:&nbsp;Goodride Rok produkcji: 2025 Sezon:&nbsp;opony letnie Segment:&nbsp;klasa ekonomiczna Nowoczesna, asymetryczna, atrakcyjna wizualnie rze\u017aba bie\u017cnika.","_links":{"self":[{"href":"https:\/\/oponexa.shop\/tire\/wp-json\/wp\/v2\/product\/14416","targetHints":{"allow":["GET"]}}],"collection":[{"href":"https:\/\/oponexa.shop\/tire\/wp-json\/wp\/v2\/product"}],"about":[{"href":"https:\/\/oponexa.shop\/tire\/wp-json\/wp\/v2\/types\/product"}],"wp:featuredmedia":[{"embeddable":true,"href":"https:\/\/oponexa.shop\/tire\/wp-json\/wp\/v2\/media\/14417"}],"wp:attachment":[{"href":"https:\/\/oponexa.shop\/tire\/wp-json\/wp\/v2\/media?parent=14416"}],"wp:term":[{"taxonomy":"product_brand","embeddable":true,"href":"https:\/\/oponexa.shop\/tire\/wp-json\/wp\/v2\/product_brand?post=14416"},{"taxonomy":"product_cat","embeddable":true,"href":"https:\/\/oponexa.shop\/tire\/wp-json\/wp\/v2\/product_cat?post=14416"},{"taxonomy":"product_tag","embeddable":true,"href":"https:\/\/oponexa.shop\/tire\/wp-json\/wp\/v2\/product_tag?post=14416"}],"curies":[{"name":"wp","href":"https:\/\/api.w.org\/{rel}","templated":true}]}}