{"id":14412,"date":"2026-01-12T01:45:57","date_gmt":"2026-01-12T00:45:57","guid":{"rendered":"https:\/\/oponyspeed.shop\/xef5\/produkt\/4x-opony-letnie-uniroyal-rainsport-5-225-40r18-92y\/"},"modified":"2026-01-12T01:45:57","modified_gmt":"2026-01-12T00:45:57","slug":"4x-opony-letnie-uniroyal-rainsport-5-225-40r18-92y","status":"publish","type":"product","link":"https:\/\/oponexa.shop\/tire\/produkt\/4x-opony-letnie-uniroyal-rainsport-5-225-40r18-92y\/","title":{"rendered":"4x opony letnie Uniroyal RainSport 5 225\/40R18 92Y"},"content":{"rendered":"<div style=\"font-family: Arial, sans-serif; line-height: 1.6; color: #333; padding: 20px; clear: both; display: block; width: 100%; float: none; position: static; overflow: hidden;\">\n<div style=\"clear: both; display: block; margin: 10px 0;\">\n<div style=\"clear: both; display: block; margin: 10px 0;\">\n<div style=\"clear: both; display: block; margin: 10px 0;\">\n<h1>4x nowe opony letnie UNIROYAL RAINSPORT 5 225\/40R18 92Y<\/h1>\n<p style=\"margin: 15px 0; line-height: 1.8; clear: both; display: block; width: 100%; float: none; position: static;\">Cechy produktu<\/p>\n<ul style=\"margin: 15px 0; padding-left: 20px; clear: both; display: block; width: 100%; float: none; position: static;\">\n<li style=\"margin: 5px 0; padding: 2px 0; clear: both; display: list-item; float: none; position: static;\">Marka: Uniroyal<\/li>\n<li style=\"margin: 5px 0; padding: 2px 0; clear: both; display: list-item; float: none; position: static;\">Model: RainSport 5<\/li>\n<li style=\"margin: 5px 0; padding: 2px 0; clear: both; display: list-item; float: none; position: static;\">Szeroko\u015b\u0107\/profil\/\u015brednica: 225\/40R18<\/li>\n<li style=\"margin: 5px 0; padding: 2px 0; clear: both; display: list-item; float: none; position: static;\">Indeks no\u015bno\u015bci: do 92 (630 kg na opon\u0119)<\/li>\n<li style=\"margin: 5px 0; padding: 2px 0; clear: both; display: list-item; float: none; position: static;\">Indeks pr\u0119dko\u015bci: Y (do 300 km\/h)<\/li>\n<li style=\"margin: 5px 0; padding: 2px 0; clear: both; display: list-item; float: none; position: static;\">Sezon: letnie<\/li>\n<li style=\"margin: 5px 0; padding: 2px 0; clear: both; display: list-item; float: none; position: static;\">Typ pojazdu: osobowy<\/li>\n<li style=\"margin: 5px 0; padding: 2px 0; clear: both; display: list-item; float: none; position: static;\">Klasa energetyczna: C<\/li>\n<li style=\"margin: 5px 0; padding: 2px 0; clear: both; display: list-item; float: none; position: static;\">Klasa przyczepno\u015bci: A<\/li>\n<li style=\"margin: 5px 0; padding: 2px 0; clear: both; display: list-item; float: none; position: static;\">Poziom ha\u0142asu: 72<\/li>\n<li style=\"margin: 5px 0; padding: 2px 0; clear: both; display: list-item; float: none; position: static;\">Klasa ha\u0142asu: B<\/li>\n<li style=\"margin: 5px 0; padding: 2px 0; clear: both; display: list-item; float: none; position: static;\"><b>Rok produkcji: GRUDZIE\u0143 2024\/2025<\/b><\/li>\n<li style=\"margin: 5px 0; padding: 2px 0; clear: both; display: list-item; float: none; position: static;\">Oznaczenia_dodatkowe: XL<\/li>\n<\/ul>\n<\/div>\n<\/div>\n<div style=\"clear: both; display: block; margin: 10px 0;\">\n<div style=\"clear: both; display: block; margin: 10px 0;\">\n<div  style=\"max-width:623px;max-height:800px\">\n<div style=\"clear: both; display: block; margin: 10px 0;\">\n<div style=\"clear: both; width: 100%; display: block; margin: 20px 0; padding: 0; float: none; position: static; text-align: center;\"><img decoding=\"async\"  src=\"https:\/\/a.allegroimg.com\/original\/118254\/fd5343df466aabcd67ef969df4be\/4x-opony-letnie-Uniroyal-RainSport-5-225-40R18-92Y\" srcset=\"https:\/\/a.allegroimg.com\/original\/118254\/fd5343df466aabcd67ef969df4be\/4x-opony-letnie-Uniroyal-RainSport-5-225-40R18-92Y 280w,https:\/\/a.allegroimg.com\/original\/118254\/fd5343df466aabcd67ef969df4be\/4x-opony-letnie-Uniroyal-RainSport-5-225-40R18-92Y 560w,https:\/\/a.allegroimg.com\/original\/118254\/fd5343df466aabcd67ef969df4be\/4x-opony-letnie-Uniroyal-RainSport-5-225-40R18-92Y 623w,https:\/\/a.allegroimg.com\/original\/118254\/fd5343df466aabcd67ef969df4be\/4x-opony-letnie-Uniroyal-RainSport-5-225-40R18-92Y 623w\" sizes=\"(min-width: 1200px) 560px, (min-width: 992px) 50vw, 100vw\" width=\"623px\" alt=\"4x opony letnie Uniroyal RainSport 5 225\/40R18 92Y\" style=\"max-width: 100%; height: auto; display: block; margin: 0 auto;\"><\/div>\n<\/div>\n<\/div>\n<\/div>\n<\/div>\n<\/div>\n<div style=\"clear: both; display: block; margin: 10px 0;\">\n<div style=\"clear: both; display: block; margin: 10px 0;\">\n<div style=\"clear: both; display: block; margin: 10px 0;\">\n<div  style=\"max-width:212px;max-height:305px\">\n<div style=\"clear: both; display: block; margin: 10px 0;\">\n<div style=\"clear: both; width: 100%; display: block; margin: 20px 0; padding: 0; float: none; position: static; text-align: center;\"><img decoding=\"async\"  src=\"https:\/\/a.allegroimg.com\/original\/11efdf\/4668a5cb41a5a892a11a3e410605\/4x-opony-letnie-Uniroyal-RainSport-5-225-40R18-92Y-EAN-GTIN-4024068003083\" srcset=\"https:\/\/a.allegroimg.com\/original\/11efdf\/4668a5cb41a5a892a11a3e410605\/4x-opony-letnie-Uniroyal-RainSport-5-225-40R18-92Y-EAN-GTIN-4024068003083 212w,https:\/\/a.allegroimg.com\/original\/11efdf\/4668a5cb41a5a892a11a3e410605\/4x-opony-letnie-Uniroyal-RainSport-5-225-40R18-92Y-EAN-GTIN-4024068003083 212w\" sizes=\"(min-width: 1200px) 560px, (min-width: 992px) 50vw, 100vw\" width=\"212px\" alt=\"4x opony letnie Uniroyal RainSport 5 225\/40R18 92Y EAN (GTIN) 4024068003083\" style=\"max-width: 100%; height: auto; display: block; margin: 0 auto;\"><\/div>\n<\/div>\n<\/div>\n<\/div>\n<\/div>\n<div style=\"clear: both; display: block; margin: 10px 0;\">\n<div style=\"clear: both; display: block; margin: 10px 0;\">\n<div  style=\"max-width:2467px;max-height:1349px\">\n<div style=\"clear: both; display: block; margin: 10px 0;\">\n<div style=\"clear: both; width: 100%; display: block; margin: 20px 0; padding: 0; float: none; position: static; text-align: center;\"><img decoding=\"async\"  src=\"https:\/\/a.allegroimg.com\/original\/11e4d6\/33e3262f4dd8b46aa24be9466a63\/4x-opony-letnie-Uniroyal-RainSport-5-225-40R18-92Y-Kod-producenta-3610540000\" srcset=\"https:\/\/a.allegroimg.com\/original\/11e4d6\/33e3262f4dd8b46aa24be9466a63\/4x-opony-letnie-Uniroyal-RainSport-5-225-40R18-92Y-Kod-producenta-3610540000 360w,https:\/\/a.allegroimg.com\/original\/11e4d6\/33e3262f4dd8b46aa24be9466a63\/4x-opony-letnie-Uniroyal-RainSport-5-225-40R18-92Y-Kod-producenta-3610540000 720w,https:\/\/a.allegroimg.com\/original\/11e4d6\/33e3262f4dd8b46aa24be9466a63\/4x-opony-letnie-Uniroyal-RainSport-5-225-40R18-92Y-Kod-producenta-3610540000 1024w,https:\/\/a.allegroimg.com\/original\/11e4d6\/33e3262f4dd8b46aa24be9466a63\/4x-opony-letnie-Uniroyal-RainSport-5-225-40R18-92Y-Kod-producenta-3610540000 1440w,https:\/\/a.allegroimg.com\/original\/11e4d6\/33e3262f4dd8b46aa24be9466a63\/4x-opony-letnie-Uniroyal-RainSport-5-225-40R18-92Y-Kod-producenta-3610540000 2467w\" sizes=\"(min-width: 1200px) 560px, (min-width: 992px) 50vw, 100vw\" width=\"2467px\" alt=\"4x opony letnie Uniroyal RainSport 5 225\/40R18 92Y Kod producenta 3610540000\" style=\"max-width: 100%; height: auto; display: block; margin: 0 auto;\"><\/div>\n<\/div>\n<\/div>\n<\/div>\n<\/div>\n<\/div>\n<div style=\"clear: both; display: block; margin: 10px 0;\">\n<div style=\"clear: both; display: block; margin: 10px 0;\">\n<div style=\"clear: both; display: block; margin: 10px 0;\">\n<p style=\"margin: 15px 0; line-height: 1.8; clear: both; display: block; width: 100%; float: none; position: static;\">W\u0142a\u015bcicielem marki Uniroyal w Europie jest niemiecki koncern Continental. Marka Uniroyal zawsze by\u0142a innowatorem w bran\u017cy gumowej, a jej pocz\u0105tki si\u0119gaj\u0105 1868 roku. To pierwszy producentem, kt\u00f3ry wprowadzi\u0142 (w 1912 roku) zapobiegaj\u0105cy \u015blizganiu zygzakowy wz\u00f3r bie\u017cnika do swoich opon. W 1969 roku Uniroyal wynalaz\u0142 \u201eopon\u0119 przeciwdeszczow\u0105\u201d i odkry\u0142 jako pierwsza firma zalety kierunkowego bie\u017cnika w kszta\u0142cie litery V. Zesp\u00f3\u0142 badawczo-rozwojowy firmy praktykuje inteligentne podej\u015bcie do projektowania, znajduj\u0105c inspiracj\u0119 w najmniej spodziewanych miejscach. Ta otwarto\u015b\u0107 umys\u0142u  doprowadzi\u0142a mark\u0119 Uniroyal do  technologii Shark Skin, kt\u00f3ra w oparciu o metody biomimikry odtworzy\u0142a zdolno\u015b\u0107 rekin\u00f3w do rozpraszania wody i zredukowania oporu do minimum. Opony Uniroyal s\u0105 obecnie zaliczane do grona najlepszych opon do jazdy w deszczowych warunkach<\/p>\n<\/div>\n<\/div>\n<\/div>\n<\/div>\n<\/div>\n<\/div>\n<div style=\"clear: both; display: block; margin: 10px 0;\">\n","protected":false},"excerpt":{"rendered":"<p>4x nowe opony letnie UNIROYAL RAINSPORT 5 225\/40R18 92Y<\/p>\n<p>Cechy produktu<\/p>\n<p>Marka: Uniroyal<\/p>\n<p>Model: RainSport 5<\/p>\n<p>Szeroko\u015b\u0107\/profil\/\u015brednica: 225\/40R18<\/p>\n<p>Indeks no\u015bno\u015bci: do 92 (630 kg na opon\u0119)<\/p>\n<p>Indeks pr\u0119dko\u015bci: Y (do 300 km\/h)<\/p>\n<p>Sezon: letnie<\/p>\n","protected":false},"featured_media":14413,"template":"","meta":{"_uag_custom_page_level_css":""},"product_brand":[394],"product_cat":[414,418,413,412],"product_tag":[],"class_list":{"0":"post-14412","1":"product","2":"type-product","3":"status-publish","4":"has-post-thumbnail","6":"product_brand-uniroyal","7":"product_cat-do-samochodow-osobowych-i-suv","8":"product_cat-letnie","9":"product_cat-opony","10":"product_cat-opony-i-felgi","12":"first","13":"instock","14":"shipping-taxable","15":"purchasable","16":"product-type-simple"},"uagb_featured_image_src":{"full":["https:\/\/oponexa.shop\/tire\/wp-content\/uploads\/2026\/01\/allegro-image-14412.jpg",623,800,false],"thumbnail":["https:\/\/oponexa.shop\/tire\/wp-content\/uploads\/2026\/01\/allegro-image-14412-150x150.jpg",150,150,true],"medium":["https:\/\/oponexa.shop\/tire\/wp-content\/uploads\/2026\/01\/allegro-image-14412-234x300.jpg",234,300,true],"medium_large":["https:\/\/oponexa.shop\/tire\/wp-content\/uploads\/2026\/01\/allegro-image-14412.jpg",623,800,false],"large":["https:\/\/oponexa.shop\/tire\/wp-content\/uploads\/2026\/01\/allegro-image-14412.jpg",623,800,false],"1536x1536":["https:\/\/oponexa.shop\/tire\/wp-content\/uploads\/2026\/01\/allegro-image-14412.jpg",623,800,false],"2048x2048":["https:\/\/oponexa.shop\/tire\/wp-content\/uploads\/2026\/01\/allegro-image-14412.jpg",623,800,false],"woocommerce_thumbnail":["https:\/\/oponexa.shop\/tire\/wp-content\/uploads\/2026\/01\/allegro-image-14412-300x300.jpg",300,300,true],"woocommerce_single":["https:\/\/oponexa.shop\/tire\/wp-content\/uploads\/2026\/01\/allegro-image-14412-600x770.jpg",600,770,true],"woocommerce_gallery_thumbnail":["https:\/\/oponexa.shop\/tire\/wp-content\/uploads\/2026\/01\/allegro-image-14412-100x100.jpg",100,100,true]},"uagb_author_info":{"display_name":"admin","author_link":"https:\/\/oponexa.shop\/tire\/author\/"},"uagb_comment_info":0,"uagb_excerpt":"4x nowe opony letnie UNIROYAL RAINSPORT 5 225\/40R18 92Y Cechy produktu Marka: Uniroyal Model: RainSport 5 Szeroko\u015b\u0107\/profil\/\u015brednica: 225\/40R18 Indeks no\u015bno\u015bci: do 92 (630 kg na opon\u0119) Indeks pr\u0119dko\u015bci: Y (do 300 km\/h) Sezon: letnie","_links":{"self":[{"href":"https:\/\/oponexa.shop\/tire\/wp-json\/wp\/v2\/product\/14412","targetHints":{"allow":["GET"]}}],"collection":[{"href":"https:\/\/oponexa.shop\/tire\/wp-json\/wp\/v2\/product"}],"about":[{"href":"https:\/\/oponexa.shop\/tire\/wp-json\/wp\/v2\/types\/product"}],"wp:featuredmedia":[{"embeddable":true,"href":"https:\/\/oponexa.shop\/tire\/wp-json\/wp\/v2\/media\/14413"}],"wp:attachment":[{"href":"https:\/\/oponexa.shop\/tire\/wp-json\/wp\/v2\/media?parent=14412"}],"wp:term":[{"taxonomy":"product_brand","embeddable":true,"href":"https:\/\/oponexa.shop\/tire\/wp-json\/wp\/v2\/product_brand?post=14412"},{"taxonomy":"product_cat","embeddable":true,"href":"https:\/\/oponexa.shop\/tire\/wp-json\/wp\/v2\/product_cat?post=14412"},{"taxonomy":"product_tag","embeddable":true,"href":"https:\/\/oponexa.shop\/tire\/wp-json\/wp\/v2\/product_tag?post=14412"}],"curies":[{"name":"wp","href":"https:\/\/api.w.org\/{rel}","templated":true}]}}