{"id":14408,"date":"2026-01-12T01:45:55","date_gmt":"2026-01-12T00:45:55","guid":{"rendered":"https:\/\/oponyspeed.shop\/xef5\/produkt\/4x-opony-letnie-nokian-tyres-wetproof-1-205-55r16-91h-2024\/"},"modified":"2026-01-12T01:45:56","modified_gmt":"2026-01-12T00:45:56","slug":"4x-opony-letnie-nokian-tyres-wetproof-1-205-55r16-91h-2024","status":"publish","type":"product","link":"https:\/\/oponixo.shop\/tire\/produkt\/4x-opony-letnie-nokian-tyres-wetproof-1-205-55r16-91h-2024\/","title":{"rendered":"4x opony letnie Nokian Tyres Wetproof 1 205\/55R16 91H 2024"},"content":{"rendered":"<div style=\"font-family: Arial, sans-serif; line-height: 1.6; color: #333; padding: 20px; clear: both; display: block; width: 100%; float: none; position: static; overflow: hidden;\">\n<div style=\"clear: both; display: block; margin: 10px 0;\">\n<div style=\"clear: both; display: block; margin: 10px 0;\">\n<div style=\"clear: both; display: block; margin: 10px 0;\">\n<h1>4x nowe opony letnie NOKIAN TYRES WETPROOF 1 205\/55R16 91H<\/h1>\n<p style=\"margin: 15px 0; line-height: 1.8; clear: both; display: block; width: 100%; float: none; position: static;\">Cechy produktu<\/p>\n<ul style=\"margin: 15px 0; padding-left: 20px; clear: both; display: block; width: 100%; float: none; position: static;\">\n<li style=\"margin: 5px 0; padding: 2px 0; clear: both; display: list-item; float: none; position: static;\">Marka: Nokian<\/li>\n<li style=\"margin: 5px 0; padding: 2px 0; clear: both; display: list-item; float: none; position: static;\">Model: Tyres Wetproof 1<\/li>\n<li style=\"margin: 5px 0; padding: 2px 0; clear: both; display: list-item; float: none; position: static;\">Szeroko\u015b\u0107\/profil\/\u015brednica: 205\/55R16<\/li>\n<li style=\"margin: 5px 0; padding: 2px 0; clear: both; display: list-item; float: none; position: static;\">Indeks no\u015bno\u015bci: do 91 (615 kg na opon\u0119)<\/li>\n<li style=\"margin: 5px 0; padding: 2px 0; clear: both; display: list-item; float: none; position: static;\">Indeks pr\u0119dko\u015bci: H (do 210 km\/h)<\/li>\n<li style=\"margin: 5px 0; padding: 2px 0; clear: both; display: list-item; float: none; position: static;\">Sezon: letnie<\/li>\n<li style=\"margin: 5px 0; padding: 2px 0; clear: both; display: list-item; float: none; position: static;\">Typ pojazdu: osobowy<\/li>\n<li style=\"margin: 5px 0; padding: 2px 0; clear: both; display: list-item; float: none; position: static;\">Klasa energetyczna: C<\/li>\n<li style=\"margin: 5px 0; padding: 2px 0; clear: both; display: list-item; float: none; position: static;\">Klasa przyczepno\u015bci: A<\/li>\n<li style=\"margin: 5px 0; padding: 2px 0; clear: both; display: list-item; float: none; position: static;\">Poziom ha\u0142asu: 68<\/li>\n<li style=\"margin: 5px 0; padding: 2px 0; clear: both; display: list-item; float: none; position: static;\">Klasa ha\u0142asu: A<\/li>\n<li style=\"margin: 5px 0; padding: 2px 0; clear: both; display: list-item; float: none; position: static;\">Rok produkcji: 2024<\/li>\n<\/ul>\n<\/div>\n<\/div>\n<div style=\"clear: both; display: block; margin: 10px 0;\">\n<div style=\"clear: both; display: block; margin: 10px 0;\">\n<div  style=\"max-width:570px;max-height:800px\">\n<div style=\"clear: both; display: block; margin: 10px 0;\">\n<div style=\"clear: both; width: 100%; display: block; margin: 20px 0; padding: 0; float: none; position: static; text-align: center;\"><img decoding=\"async\"  src=\"https:\/\/a.allegroimg.com\/original\/11d933\/8268f63c424282260566ad71324a\/4x-opony-letnie-Nokian-Tyres-Wetproof-1-205-55R16-91H-2024\" srcset=\"https:\/\/a.allegroimg.com\/original\/11d933\/8268f63c424282260566ad71324a\/4x-opony-letnie-Nokian-Tyres-Wetproof-1-205-55R16-91H-2024 256w,https:\/\/a.allegroimg.com\/original\/11d933\/8268f63c424282260566ad71324a\/4x-opony-letnie-Nokian-Tyres-Wetproof-1-205-55R16-91H-2024 513w,https:\/\/a.allegroimg.com\/original\/11d933\/8268f63c424282260566ad71324a\/4x-opony-letnie-Nokian-Tyres-Wetproof-1-205-55R16-91H-2024 570w,https:\/\/a.allegroimg.com\/original\/11d933\/8268f63c424282260566ad71324a\/4x-opony-letnie-Nokian-Tyres-Wetproof-1-205-55R16-91H-2024 570w\" sizes=\"(min-width: 1200px) 560px, (min-width: 992px) 50vw, 100vw\" width=\"570px\" alt=\"4x opony letnie Nokian Tyres Wetproof 1 205\/55R16 91H 2024\" style=\"max-width: 100%; height: auto; display: block; margin: 0 auto;\"><\/div>\n<\/div>\n<\/div>\n<\/div>\n<\/div>\n<\/div>\n<div style=\"clear: both; display: block; margin: 10px 0;\">\n<div style=\"clear: both; display: block; margin: 10px 0;\">\n<div style=\"clear: both; display: block; margin: 10px 0;\">\n<div  style=\"max-width:212px;max-height:305px\">\n<div style=\"clear: both; display: block; margin: 10px 0;\">\n<div style=\"clear: both; width: 100%; display: block; margin: 20px 0; padding: 0; float: none; position: static; text-align: center;\"><img decoding=\"async\"  src=\"https:\/\/a.allegroimg.com\/original\/116c49\/59b0c0304e58aa46c0e7bce3430b\/4x-opony-letnie-Nokian-Tyres-Wetproof-1-205-55R16-91H-2024-EAN-GTIN-6419440576992\" srcset=\"https:\/\/a.allegroimg.com\/original\/116c49\/59b0c0304e58aa46c0e7bce3430b\/4x-opony-letnie-Nokian-Tyres-Wetproof-1-205-55R16-91H-2024-EAN-GTIN-6419440576992 212w,https:\/\/a.allegroimg.com\/original\/116c49\/59b0c0304e58aa46c0e7bce3430b\/4x-opony-letnie-Nokian-Tyres-Wetproof-1-205-55R16-91H-2024-EAN-GTIN-6419440576992 212w\" sizes=\"(min-width: 1200px) 560px, (min-width: 992px) 50vw, 100vw\" width=\"212px\" alt=\"4x opony letnie Nokian Tyres Wetproof 1 205\/55R16 91H 2024 EAN (GTIN) 6419440576992\" style=\"max-width: 100%; height: auto; display: block; margin: 0 auto;\"><\/div>\n<\/div>\n<\/div>\n<\/div>\n<\/div>\n<div style=\"clear: both; display: block; margin: 10px 0;\">\n<div style=\"clear: both; display: block; margin: 10px 0;\">\n<div  style=\"max-width:800px;max-height:400px\">\n<div style=\"clear: both; display: block; margin: 10px 0;\">\n<div style=\"clear: both; width: 100%; display: block; margin: 20px 0; padding: 0; float: none; position: static; text-align: center;\"><img decoding=\"async\"  src=\"https:\/\/a.allegroimg.com\/original\/1104db\/0468f5fc471cb3e7eefeb0da772c\/4x-opony-letnie-Nokian-Tyres-Wetproof-1-205-55R16-91H-2024-Kod-producenta-T432934\" srcset=\"https:\/\/a.allegroimg.com\/original\/1104db\/0468f5fc471cb3e7eefeb0da772c\/4x-opony-letnie-Nokian-Tyres-Wetproof-1-205-55R16-91H-2024-Kod-producenta-T432934 360w,https:\/\/a.allegroimg.com\/original\/1104db\/0468f5fc471cb3e7eefeb0da772c\/4x-opony-letnie-Nokian-Tyres-Wetproof-1-205-55R16-91H-2024-Kod-producenta-T432934 720w,https:\/\/a.allegroimg.com\/original\/1104db\/0468f5fc471cb3e7eefeb0da772c\/4x-opony-letnie-Nokian-Tyres-Wetproof-1-205-55R16-91H-2024-Kod-producenta-T432934 800w,https:\/\/a.allegroimg.com\/original\/1104db\/0468f5fc471cb3e7eefeb0da772c\/4x-opony-letnie-Nokian-Tyres-Wetproof-1-205-55R16-91H-2024-Kod-producenta-T432934 800w\" sizes=\"(min-width: 1200px) 560px, (min-width: 992px) 50vw, 100vw\" width=\"800px\" alt=\"4x opony letnie Nokian Tyres Wetproof 1 205\/55R16 91H 2024 Kod producenta T432934\" style=\"max-width: 100%; height: auto; display: block; margin: 0 auto;\"><\/div>\n<\/div>\n<\/div>\n<\/div>\n<\/div>\n<\/div>\n<div style=\"clear: both; display: block; margin: 10px 0;\">\n<div style=\"clear: both; display: block; margin: 10px 0;\">\n<div style=\"clear: both; display: block; margin: 10px 0;\">\n<p style=\"margin: 15px 0; line-height: 1.8; clear: both; display: block; width: 100%; float: none; position: static;\">Fi\u0144ska firma Nokian Tyres jest jedynym producentem opon na \u015bwiecie, kt\u00f3ry koncentruje si\u0119 na produktach i us\u0142ugach zapewniaj\u0105cym bezpieczn\u0105 jazd\u0119 w warunkach panuj\u0105cych na P\u00f3\u0142nocy. Innowacyjne opony do pojazd\u00f3w osobowych i ci\u0119\u017carowych oraz ci\u0119\u017ckich maszyn u\u017cytkowych oferowane s\u0105 g\u0142\u00f3wnie na rynkach w krajach, w kt\u00f3rych opr\u00f3cz \u015bniegu i las\u00f3w wymagaj\u0105ce warunki drogowe obejmuj\u0105 r\u00f3wnie\u017c zmiany zwi\u0105zane z porami roku. Nokian Tyres udoskonala swoje produkty maj\u0105c na uwadze bezpiecze\u0144stwo i przyjazno\u015b\u0107 dla \u015brodowiska w ca\u0142ym cyklu \u017cycia produktu<\/p>\n<p style=\"margin: 15px 0; line-height: 1.8; clear: both; display: block; width: 100%; float: none; position: static;\">W latach 2005-2022 opony Nokian by\u0142y produkowane mi\u0119dzy innymi w Rosji, jednak w zwi\u0105zku z agresj\u0105 na Ukrain\u0119 produkcja w tym kraju zosta\u0142a zako\u0144czona. W 2023 roku na terenie Unii Europejskiej rozpocz\u0119to budow\u0119 nowej fabryki, kt\u00f3ra b\u0119dzie gotowa w 2024-2025 roku<\/p>\n<\/div>\n<\/div>\n<\/div>\n<\/div>\n<\/div>\n<\/div>\n<div style=\"clear: both; display: block; margin: 10px 0;\">\n","protected":false},"excerpt":{"rendered":"<p>4x nowe opony letnie NOKIAN TYRES WETPROOF 1 205\/55R16 91H<\/p>\n<p>Cechy produktu<\/p>\n<p>Marka: Nokian<\/p>\n<p>Model: Tyres Wetproof 1<\/p>\n<p>Szeroko\u015b\u0107\/profil\/\u015brednica: 205\/55R16<\/p>\n<p>Indeks no\u015bno\u015bci: do 91 (615 kg na opon\u0119)<\/p>\n<p>Indeks pr\u0119dko\u015bci: H (do 210 km\/h)<\/p>\n<p>Sezon: letnie<\/p>\n","protected":false},"featured_media":14409,"template":"","meta":{"_uag_custom_page_level_css":""},"product_brand":[387],"product_cat":[414,418,413,412],"product_tag":[],"class_list":{"0":"post-14408","1":"product","2":"type-product","3":"status-publish","4":"has-post-thumbnail","6":"product_brand-nokian-tyres","7":"product_cat-do-samochodow-osobowych-i-suv","8":"product_cat-letnie","9":"product_cat-opony","10":"product_cat-opony-i-felgi","12":"first","13":"instock","14":"shipping-taxable","15":"purchasable","16":"product-type-simple"},"uagb_featured_image_src":{"full":["https:\/\/oponixo.shop\/tire\/wp-content\/uploads\/2026\/01\/allegro-image-14408.jpg",570,800,false],"thumbnail":["https:\/\/oponixo.shop\/tire\/wp-content\/uploads\/2026\/01\/allegro-image-14408-150x150.jpg",150,150,true],"medium":["https:\/\/oponixo.shop\/tire\/wp-content\/uploads\/2026\/01\/allegro-image-14408-214x300.jpg",214,300,true],"medium_large":["https:\/\/oponixo.shop\/tire\/wp-content\/uploads\/2026\/01\/allegro-image-14408.jpg",570,800,false],"large":["https:\/\/oponixo.shop\/tire\/wp-content\/uploads\/2026\/01\/allegro-image-14408.jpg",570,800,false],"1536x1536":["https:\/\/oponixo.shop\/tire\/wp-content\/uploads\/2026\/01\/allegro-image-14408.jpg",570,800,false],"2048x2048":["https:\/\/oponixo.shop\/tire\/wp-content\/uploads\/2026\/01\/allegro-image-14408.jpg",570,800,false],"woocommerce_thumbnail":["https:\/\/oponixo.shop\/tire\/wp-content\/uploads\/2026\/01\/allegro-image-14408-300x300.jpg",300,300,true],"woocommerce_single":["https:\/\/oponixo.shop\/tire\/wp-content\/uploads\/2026\/01\/allegro-image-14408.jpg",570,800,false],"woocommerce_gallery_thumbnail":["https:\/\/oponixo.shop\/tire\/wp-content\/uploads\/2026\/01\/allegro-image-14408-100x100.jpg",100,100,true]},"uagb_author_info":{"display_name":"admin","author_link":"https:\/\/oponixo.shop\/tire\/author\/"},"uagb_comment_info":0,"uagb_excerpt":"4x nowe opony letnie NOKIAN TYRES WETPROOF 1 205\/55R16 91H Cechy produktu Marka: Nokian Model: Tyres Wetproof 1 Szeroko\u015b\u0107\/profil\/\u015brednica: 205\/55R16 Indeks no\u015bno\u015bci: do 91 (615 kg na opon\u0119) Indeks pr\u0119dko\u015bci: H (do 210 km\/h) Sezon: letnie","_links":{"self":[{"href":"https:\/\/oponixo.shop\/tire\/wp-json\/wp\/v2\/product\/14408","targetHints":{"allow":["GET"]}}],"collection":[{"href":"https:\/\/oponixo.shop\/tire\/wp-json\/wp\/v2\/product"}],"about":[{"href":"https:\/\/oponixo.shop\/tire\/wp-json\/wp\/v2\/types\/product"}],"wp:featuredmedia":[{"embeddable":true,"href":"https:\/\/oponixo.shop\/tire\/wp-json\/wp\/v2\/media\/14409"}],"wp:attachment":[{"href":"https:\/\/oponixo.shop\/tire\/wp-json\/wp\/v2\/media?parent=14408"}],"wp:term":[{"taxonomy":"product_brand","embeddable":true,"href":"https:\/\/oponixo.shop\/tire\/wp-json\/wp\/v2\/product_brand?post=14408"},{"taxonomy":"product_cat","embeddable":true,"href":"https:\/\/oponixo.shop\/tire\/wp-json\/wp\/v2\/product_cat?post=14408"},{"taxonomy":"product_tag","embeddable":true,"href":"https:\/\/oponixo.shop\/tire\/wp-json\/wp\/v2\/product_tag?post=14408"}],"curies":[{"name":"wp","href":"https:\/\/api.w.org\/{rel}","templated":true}]}}