{"id":14403,"date":"2026-01-12T01:45:55","date_gmt":"2026-01-12T00:45:55","guid":{"rendered":"https:\/\/oponyspeed.shop\/xef5\/produkt\/4x-nokian-205-55-r16-wetproof-1-v-91v-opona-letnia\/"},"modified":"2026-01-12T01:45:55","modified_gmt":"2026-01-12T00:45:55","slug":"4x-nokian-205-55-r16-wetproof-1-v-91v-opona-letnia","status":"publish","type":"product","link":"https:\/\/oponixo.shop\/tire\/produkt\/4x-nokian-205-55-r16-wetproof-1-v-91v-opona-letnia\/","title":{"rendered":"4x Nokian 205\/55 R16 WETPROOF 1 V 91V opona LETNIA"},"content":{"rendered":"<div style=\"font-family: Arial, sans-serif; line-height: 1.6; color: #333; padding: 20px; clear: both; display: block; width: 100%; float: none; position: static; overflow: hidden;\">\n<div style=\"clear: both; display: block; margin: 10px 0;\">\n<div style=\"clear: both; display: block; margin: 10px 0;\">\n<div style=\"clear: both; display: block; margin: 10px 0;\">\n<div  style=\"max-width:2560px;max-height:1163px\">\n<div style=\"clear: both; display: block; margin: 10px 0;\">\n<div style=\"clear: both; width: 100%; display: block; margin: 20px 0; padding: 0; float: none; position: static; text-align: center;\"><img decoding=\"async\"  src=\"https:\/\/a.allegroimg.com\/original\/110bbe\/18cd98064747a5b996dd9f3b3b9c\/4x-Nokian-205-55-R16-WETPROOF-1-V-91V-opona-LETNIA-Rok-produkcji-2023\" srcset=\"https:\/\/a.allegroimg.com\/original\/110bbe\/18cd98064747a5b996dd9f3b3b9c\/4x-Nokian-205-55-R16-WETPROOF-1-V-91V-opona-LETNIA-Rok-produkcji-2023 360w,https:\/\/a.allegroimg.com\/original\/110bbe\/18cd98064747a5b996dd9f3b3b9c\/4x-Nokian-205-55-R16-WETPROOF-1-V-91V-opona-LETNIA-Rok-produkcji-2023 720w,https:\/\/a.allegroimg.com\/original\/110bbe\/18cd98064747a5b996dd9f3b3b9c\/4x-Nokian-205-55-R16-WETPROOF-1-V-91V-opona-LETNIA-Rok-produkcji-2023 1024w,https:\/\/a.allegroimg.com\/original\/110bbe\/18cd98064747a5b996dd9f3b3b9c\/4x-Nokian-205-55-R16-WETPROOF-1-V-91V-opona-LETNIA-Rok-produkcji-2023 1440w,https:\/\/a.allegroimg.com\/original\/110bbe\/18cd98064747a5b996dd9f3b3b9c\/4x-Nokian-205-55-R16-WETPROOF-1-V-91V-opona-LETNIA-Rok-produkcji-2023 2560w\" sizes=\"(min-width: 1200px) 560px, (min-width: 992px) 50vw, 100vw\" width=\"2560px\" alt=\"4x Nokian 205\/55 R16 WETPROOF 1 V 91V opona LETNIA Rok produkcji 2023\" style=\"max-width: 100%; height: auto; display: block; margin: 0 auto;\"><\/div>\n<\/div>\n<\/div>\n<\/div>\n<\/div>\n<div style=\"clear: both; display: block; margin: 10px 0;\">\n<div style=\"clear: both; display: block; margin: 10px 0;\">\n<h1>PRZEDMIOTEM OFERTY JEST:<\/h1>\n<h1>4x Nokian 205\/55  R16  WETPROOF 1   V 91V opona LETNIA<\/h1>\n<\/div>\n<\/div>\n<\/div>\n<div style=\"clear: both; display: block; margin: 10px 0;\">\n<div style=\"clear: both; display: block; margin: 10px 0;\">\n<div style=\"clear: both; display: block; margin: 10px 0;\">\n<div  style=\"max-width:416px;max-height:600px\">\n<div style=\"clear: both; display: block; margin: 10px 0;\">\n<div style=\"clear: both; width: 100%; display: block; margin: 20px 0; padding: 0; float: none; position: static; text-align: center;\"><img decoding=\"async\"  src=\"https:\/\/a.allegroimg.com\/original\/11ce6e\/19abd11f4b009203b8482a4c19d8\/4x-Nokian-205-55-R16-WETPROOF-1-V-91V-opona-LETNIA\" srcset=\"https:\/\/a.allegroimg.com\/original\/11ce6e\/19abd11f4b009203b8482a4c19d8\/4x-Nokian-205-55-R16-WETPROOF-1-V-91V-opona-LETNIA 249w,https:\/\/a.allegroimg.com\/original\/11ce6e\/19abd11f4b009203b8482a4c19d8\/4x-Nokian-205-55-R16-WETPROOF-1-V-91V-opona-LETNIA 416w,https:\/\/a.allegroimg.com\/original\/11ce6e\/19abd11f4b009203b8482a4c19d8\/4x-Nokian-205-55-R16-WETPROOF-1-V-91V-opona-LETNIA 416w\" sizes=\"(min-width: 1200px) 560px, (min-width: 992px) 50vw, 100vw\" width=\"416px\" alt=\"4x Nokian 205\/55 R16 WETPROOF 1 V 91V opona LETNIA\" style=\"max-width: 100%; height: auto; display: block; margin: 0 auto;\"><\/div>\n<\/div>\n<\/div>\n<\/div>\n<\/div>\n<div style=\"clear: both; display: block; margin: 10px 0;\">\n<div style=\"clear: both; display: block; margin: 10px 0;\">\n<h1>SPECYFIKACJA:<\/h1>\n<ol>\n<li style=\"margin: 5px 0; padding: 2px 0; clear: both; display: list-item; float: none; position: static;\">PRODUCENT: <b>NOKIAN<\/b><\/li>\n<li style=\"margin: 5px 0; padding: 2px 0; clear: both; display: list-item; float: none; position: static;\">MODEL: <b>WETPROOF 1<\/b><\/li>\n<li style=\"margin: 5px 0; padding: 2px 0; clear: both; display: list-item; float: none; position: static;\">CENA DOTYCZY: <b>komplet (4 sztuki)<\/b><\/li>\n<li style=\"margin: 5px 0; padding: 2px 0; clear: both; display: list-item; float: none; position: static;\">ROK PRODUKCJI: <b>2023<\/b><\/li>\n<li style=\"margin: 5px 0; padding: 2px 0; clear: both; display: list-item; float: none; position: static;\">SEZON: <b>LETNIA<\/b><\/li>\n<li style=\"margin: 5px 0; padding: 2px 0; clear: both; display: list-item; float: none; position: static;\">TYP OPONY:<b> OSOBOWA<\/b><\/li>\n<li style=\"margin: 5px 0; padding: 2px 0; clear: both; display: list-item; float: none; position: static;\">SZEROKO\u015a\u0106: <b>205<\/b><\/li>\n<li style=\"margin: 5px 0; padding: 2px 0; clear: both; display: list-item; float: none; position: static;\">PROFIL: <b>55<\/b><\/li>\n<li style=\"margin: 5px 0; padding: 2px 0; clear: both; display: list-item; float: none; position: static;\">\u015aREDNICA: <b>16<\/b><\/li>\n<li style=\"margin: 5px 0; padding: 2px 0; clear: both; display: list-item; float: none; position: static;\">INDEKS NO\u015aNO\u015aCI: <b>91<\/b><\/li>\n<li style=\"margin: 5px 0; padding: 2px 0; clear: both; display: list-item; float: none; position: static;\">INDEKS PR\u0118DKO\u015aCI: <b>V<\/b><\/li>\n<li style=\"margin: 5px 0; padding: 2px 0; clear: both; display: list-item; float: none; position: static;\">OPORY TOCZENIA: <b>C<\/b><\/li>\n<li style=\"margin: 5px 0; padding: 2px 0; clear: both; display: list-item; float: none; position: static;\">PRZYCZEPNO\u015a\u0106 NA MOKRYM: <b>A<\/b><\/li>\n<li style=\"margin: 5px 0; padding: 2px 0; clear: both; display: list-item; float: none; position: static;\">HA\u0141AS ZEWN\u0118TRZNY:<b> 68<\/b><\/li>\n<li style=\"margin: 5px 0; padding: 2px 0; clear: both; display: list-item; float: none; position: static;\">OPONA WZMACNIANA: <b>NIE<\/b><\/li>\n<li style=\"margin: 5px 0; padding: 2px 0; clear: both; display: list-item; float: none; position: static;\">RANT OCHRONNY: <b>NIE<\/b><\/li>\n<li style=\"margin: 5px 0; padding: 2px 0; clear: both; display: list-item; float: none; position: static;\">RUN FLAT: <b>NIE<\/b><\/li>\n<li style=\"margin: 5px 0; padding: 2px 0; clear: both; display: list-item; float: none; position: static;\">HOMOLOGACJA PRODUCENTA: <b><\/b><\/li>\n<\/ol>\n<\/div>\n<\/div>\n<\/div>\n<div style=\"clear: both; display: block; margin: 10px 0;\">\n<div style=\"clear: both; display: block; margin: 10px 0;\">\n<div style=\"clear: both; display: block; margin: 10px 0;\">\n<h1>OPIS PRODUKTU:<\/h1>\n<p style=\"margin: 15px 0; line-height: 1.8; clear: both; display: block; width: 100%; float: none; position: static;\"><b>NOKIAN<\/b> to najwy\u017cszej klasy opony premium, kt\u00f3re \u015bwietnie sprawdzaj\u0105ce si\u0119 na ka\u017cdego rodzaju nawierzchni.<\/p>\n<p style=\"margin: 15px 0; line-height: 1.8; clear: both; display: block; width: 100%; float: none; position: static;\">Korzystaj z kr\u00f3tkiej drogi hamowania na suchej nawierzchni i wy\u015bmienitej kontroli na nawierzchni mokrej. Ciesz si\u0119 r\u00f3wnie\u017c mniejszym zu\u017cyciem paliwa.<\/p>\n<h3 style=\"color: #2c5aa0; font-size: 18px; margin: 30px 0 15px 0; font-weight: bold; clear: both; display: block; width: 100%; float: none; position: static;\">Mo\u017cliwo\u015b\u0107 sportowej jazdy na suchej i mokrej nawierzchni<\/h3>\n<h3 style=\"color: #2c5aa0; font-size: 18px; margin: 30px 0 15px 0; font-weight: bold; clear: both; display: block; width: 100%; float: none; position: static;\">Zoptymalizowany kontakt bie\u017cnika z nawierzchni\u0105 zapewniaj\u0105cy wysoki przebieg<\/h3>\n<h3 style=\"color: #2c5aa0; font-size: 18px; margin: 30px 0 15px 0; font-weight: bold; clear: both; display: block; width: 100%; float: none; position: static;\">Najlepsza technologia w korzystnej cenie<\/h3>\n<h3 style=\"color: #2c5aa0; font-size: 18px; margin: 30px 0 15px 0; font-weight: bold; clear: both; display: block; width: 100%; float: none; position: static;\">Kr\u00f3tka droga hamowania na suchej nawierzchni<\/h3>\n<p style=\"margin: 15px 0; line-height: 1.8; clear: both; display: block; width: 100%; float: none; position: static;\">Hamowanie wtedy, kiedy jest to potrzebne. Zaawansowana struktura bie\u017cnika zapewniaj\u0105ca r\u00f3wnomierny rozk\u0142ad nacisku na ca\u0142ym bie\u017cniku, co pozwala na optymalny kontakt opony z drog\u0105.<\/p>\n<h3 style=\"color: #2c5aa0; font-size: 18px; margin: 30px 0 15px 0; font-weight: bold; clear: both; display: block; width: 100%; float: none; position: static;\">Doskona\u0142a kontrola na mokrej nawierzchni.<\/h3>\n<p style=\"margin: 15px 0; line-height: 1.8; clear: both; display: block; width: 100%; float: none; position: static;\">Pewna jazda wtedy, gdy ma to najwi\u0119ksze znaczenie. Rowkowanie umo\u017cliwia wydajne usuwanie wody, podczas gdy specjalnie zaprojektowana krzemionkowa mieszanka bie\u017cnika zapewnia przyczepno\u015b\u0107 na mokrych drogach.<\/p>\n<p style=\"margin: 15px 0; line-height: 1.8; clear: both; display: block; width: 100%; float: none; position: static;\">Sportowa jazda na suchych drogach<\/p>\n<p style=\"margin: 15px 0; line-height: 1.8; clear: both; display: block; width: 100%; float: none; position: static;\">Zmaksymalizuj osi\u0105gi swojego samochodu wyczynowego. Szerokie i sztywne barki zewn\u0119trzne zmniejszaj\u0105 odkszta\u0142canie bie\u017cnika opony, zapewniaj\u0105c wi\u0119ksz\u0105 precyzj\u0119 kierowania na zakr\u0119tach.<\/p>\n<h3 style=\"color: #2c5aa0; font-size: 18px; margin: 30px 0 15px 0; font-weight: bold; clear: both; display: block; width: 100%; float: none; position: static;\">D\u0142ugie przebiegi<\/h3>\n<p style=\"margin: 15px 0; line-height: 1.8; clear: both; display: block; width: 100%; float: none; position: static;\">Zoptymalizowany kontakt bie\u017cnika z nawierzchni\u0105 i budowa wn\u0119trza opony umo\u017cliwiaj\u0105 r\u00f3wnomierne zu\u017cywanie bie\u017cnika, zapewniaj\u0105c wysoki przebieg.<\/p>\n<h3 style=\"color: #2c5aa0; font-size: 18px; margin: 30px 0 15px 0; font-weight: bold; clear: both; display: block; width: 100%; float: none; position: static;\">Mniejsze zu\u017cycie paliwa<\/h3>\n<p style=\"margin: 15px 0; line-height: 1.8; clear: both; display: block; width: 100%; float: none; position: static;\">Lekka konstrukcja i technologia mieszanki zaprojektowana specjalnie dla tej opony pomagaj\u0105 ogranicza\u0107 straty energii i umo\u017cliwiaj\u0105 zmniejszenie koszt\u00f3w w okresie eksploatacji opony.<\/p>\n<\/div>\n<\/div>\n<\/div>\n<\/div>\n<\/div>\n<\/div>\n<div style=\"clear: both; display: block; margin: 10px 0;\">\n","protected":false},"excerpt":{"rendered":"<p>PRZEDMIOTEM OFERTY JEST:<\/p>\n<p>4x Nokian 205\/55 R16 WETPROOF 1 V 91V opona LETNIA<\/p>\n<p>SPECYFIKACJA:<\/p>\n<p>PRODUCENT: NOKIAN<\/p>\n<p>MODEL: WETPROOF 1<\/p>\n<p>CENA DOTYCZY: komplet (4 sztuki)<\/p>\n<p>ROK PRODUKCJI: 2023<\/p>\n<p>SEZON: LETNIA<\/p>\n","protected":false},"featured_media":14404,"template":"","meta":{"_uag_custom_page_level_css":""},"product_brand":[387],"product_cat":[414,418,413,412],"product_tag":[],"class_list":{"0":"post-14403","1":"product","2":"type-product","3":"status-publish","4":"has-post-thumbnail","6":"product_brand-nokian-tyres","7":"product_cat-do-samochodow-osobowych-i-suv","8":"product_cat-letnie","9":"product_cat-opony","10":"product_cat-opony-i-felgi","12":"first","13":"instock","14":"shipping-taxable","15":"purchasable","16":"product-type-simple"},"uagb_featured_image_src":{"full":["https:\/\/oponixo.shop\/tire\/wp-content\/uploads\/2026\/01\/allegro-image-14403.jpg",416,600,false],"thumbnail":["https:\/\/oponixo.shop\/tire\/wp-content\/uploads\/2026\/01\/allegro-image-14403-150x150.jpg",150,150,true],"medium":["https:\/\/oponixo.shop\/tire\/wp-content\/uploads\/2026\/01\/allegro-image-14403-208x300.jpg",208,300,true],"medium_large":["https:\/\/oponixo.shop\/tire\/wp-content\/uploads\/2026\/01\/allegro-image-14403.jpg",416,600,false],"large":["https:\/\/oponixo.shop\/tire\/wp-content\/uploads\/2026\/01\/allegro-image-14403.jpg",416,600,false],"1536x1536":["https:\/\/oponixo.shop\/tire\/wp-content\/uploads\/2026\/01\/allegro-image-14403.jpg",416,600,false],"2048x2048":["https:\/\/oponixo.shop\/tire\/wp-content\/uploads\/2026\/01\/allegro-image-14403.jpg",416,600,false],"woocommerce_thumbnail":["https:\/\/oponixo.shop\/tire\/wp-content\/uploads\/2026\/01\/allegro-image-14403-300x300.jpg",300,300,true],"woocommerce_single":["https:\/\/oponixo.shop\/tire\/wp-content\/uploads\/2026\/01\/allegro-image-14403.jpg",416,600,false],"woocommerce_gallery_thumbnail":["https:\/\/oponixo.shop\/tire\/wp-content\/uploads\/2026\/01\/allegro-image-14403-100x100.jpg",100,100,true]},"uagb_author_info":{"display_name":"admin","author_link":"https:\/\/oponixo.shop\/tire\/author\/"},"uagb_comment_info":0,"uagb_excerpt":"PRZEDMIOTEM OFERTY JEST: 4x Nokian 205\/55 R16 WETPROOF 1 V 91V opona LETNIA SPECYFIKACJA: PRODUCENT: NOKIAN MODEL: WETPROOF 1 CENA DOTYCZY: komplet (4 sztuki) ROK PRODUKCJI: 2023 SEZON: LETNIA","_links":{"self":[{"href":"https:\/\/oponixo.shop\/tire\/wp-json\/wp\/v2\/product\/14403","targetHints":{"allow":["GET"]}}],"collection":[{"href":"https:\/\/oponixo.shop\/tire\/wp-json\/wp\/v2\/product"}],"about":[{"href":"https:\/\/oponixo.shop\/tire\/wp-json\/wp\/v2\/types\/product"}],"wp:featuredmedia":[{"embeddable":true,"href":"https:\/\/oponixo.shop\/tire\/wp-json\/wp\/v2\/media\/14404"}],"wp:attachment":[{"href":"https:\/\/oponixo.shop\/tire\/wp-json\/wp\/v2\/media?parent=14403"}],"wp:term":[{"taxonomy":"product_brand","embeddable":true,"href":"https:\/\/oponixo.shop\/tire\/wp-json\/wp\/v2\/product_brand?post=14403"},{"taxonomy":"product_cat","embeddable":true,"href":"https:\/\/oponixo.shop\/tire\/wp-json\/wp\/v2\/product_cat?post=14403"},{"taxonomy":"product_tag","embeddable":true,"href":"https:\/\/oponixo.shop\/tire\/wp-json\/wp\/v2\/product_tag?post=14403"}],"curies":[{"name":"wp","href":"https:\/\/api.w.org\/{rel}","templated":true}]}}