{"id":14395,"date":"2026-01-12T01:45:52","date_gmt":"2026-01-12T00:45:52","guid":{"rendered":"https:\/\/oponyspeed.shop\/xef5\/produkt\/2-opony-letnie-225-45r17-kormoran-uhp-ultra-high-performance\/"},"modified":"2026-01-12T01:45:53","modified_gmt":"2026-01-12T00:45:53","slug":"2-opony-letnie-225-45r17-kormoran-uhp-ultra-high-performance","status":"publish","type":"product","link":"https:\/\/oponexa.shop\/tire\/produkt\/2-opony-letnie-225-45r17-kormoran-uhp-ultra-high-performance\/","title":{"rendered":"2 Opony letnie 225\/45R17 KORMORAN UHP Ultra High Performance"},"content":{"rendered":"<div style=\"font-family: Arial, sans-serif; line-height: 1.6; color: #333; padding: 20px; clear: both; display: block; width: 100%; float: none; position: static; overflow: hidden;\">\n<div style=\"clear: both; display: block; margin: 10px 0;\">\n<div style=\"clear: both; display: block; margin: 10px 0;\">\n<div style=\"clear: both; display: block; margin: 10px 0;\">\n<div  style=\"max-width:1748px;max-height:537px\">\n<div style=\"clear: both; display: block; margin: 10px 0;\">\n<div style=\"clear: both; width: 100%; display: block; margin: 20px 0; padding: 0; float: none; position: static; text-align: center;\"><img decoding=\"async\"  src=\"https:\/\/a.allegroimg.com\/original\/1195bd\/976cd3794441ae6b6ac226e15f25\/2-Opony-letnie-225-45R17-KORMORAN-UHP-Ultra-High-Performance-Szerokosc-opony-225-mm\" srcset=\"https:\/\/a.allegroimg.com\/original\/1195bd\/976cd3794441ae6b6ac226e15f25\/2-Opony-letnie-225-45R17-KORMORAN-UHP-Ultra-High-Performance-Szerokosc-opony-225-mm 360w,https:\/\/a.allegroimg.com\/original\/1195bd\/976cd3794441ae6b6ac226e15f25\/2-Opony-letnie-225-45R17-KORMORAN-UHP-Ultra-High-Performance-Szerokosc-opony-225-mm 720w,https:\/\/a.allegroimg.com\/original\/1195bd\/976cd3794441ae6b6ac226e15f25\/2-Opony-letnie-225-45R17-KORMORAN-UHP-Ultra-High-Performance-Szerokosc-opony-225-mm 1024w,https:\/\/a.allegroimg.com\/original\/1195bd\/976cd3794441ae6b6ac226e15f25\/2-Opony-letnie-225-45R17-KORMORAN-UHP-Ultra-High-Performance-Szerokosc-opony-225-mm 1440w,https:\/\/a.allegroimg.com\/original\/1195bd\/976cd3794441ae6b6ac226e15f25\/2-Opony-letnie-225-45R17-KORMORAN-UHP-Ultra-High-Performance-Szerokosc-opony-225-mm 1748w\" sizes=\"100vw\" width=\"1748px\" alt=\"2 Opony letnie 225\/45R17 KORMORAN UHP Ultra High Performance Szeroko\u015b\u0107 opony 225 mm\" style=\"max-width: 100%; height: auto; display: block; margin: 0 auto;\"><\/div>\n<\/div>\n<\/div>\n<\/div>\n<\/div>\n<\/div>\n<div style=\"clear: both; display: block; margin: 10px 0;\">\n<div style=\"clear: both; display: block; margin: 10px 0;\">\n<div style=\"clear: both; display: block; margin: 10px 0;\">\n<h1>Dane techniczne<\/h1>\n<ul style=\"margin: 15px 0; padding-left: 20px; clear: both; display: block; width: 100%; float: none; position: static;\">\n<li style=\"margin: 5px 0; padding: 2px 0; clear: both; display: list-item; float: none; position: static;\">Sezon: <b>Letnie<\/b><\/li>\n<li style=\"margin: 5px 0; padding: 2px 0; clear: both; display: list-item; float: none; position: static;\">Rozmiar:<b> 225\/45 R17 XL<\/b><\/li>\n<li style=\"margin: 5px 0; padding: 2px 0; clear: both; display: list-item; float: none; position: static;\">Producent:<b> KORMORAN<\/b><\/li>\n<li style=\"margin: 5px 0; padding: 2px 0; clear: both; display: list-item; float: none; position: static;\">Model:<b> ULTRA HIGH PERFORMANCE<\/b><\/li>\n<li style=\"margin: 5px 0; padding: 2px 0; clear: both; display: list-item; float: none; position: static;\">Produkcja:<b> nie starsze ni\u017c 2025 r<\/b><\/li>\n<li style=\"margin: 5px 0; padding: 2px 0; clear: both; display: list-item; float: none; position: static;\">Indeks:<b> 94V<\/b><\/li>\n<\/ul>\n<p style=\"margin: 15px 0; line-height: 1.8; clear: both; display: block; width: 100%; float: none; position: static;\">Etykieta UE:<\/p>\n<ul style=\"margin: 15px 0; padding-left: 20px; clear: both; display: block; width: 100%; float: none; position: static;\">\n<li style=\"margin: 5px 0; padding: 2px 0; clear: both; display: list-item; float: none; position: static;\">Op\u00f3r toczenia:<b> C<\/b><\/li>\n<li style=\"margin: 5px 0; padding: 2px 0; clear: both; display: list-item; float: none; position: static;\">Przyczepno\u015b\u0107 na mokrym:<b> C<\/b><\/li>\n<li style=\"margin: 5px 0; padding: 2px 0; clear: both; display: list-item; float: none; position: static;\">Poziom ha\u0142asu:<b> B (72 dB)<\/b><\/li>\n<\/ul>\n<\/div>\n<\/div>\n<div style=\"clear: both; display: block; margin: 10px 0;\">\n<div style=\"clear: both; display: block; margin: 10px 0;\">\n<div  style=\"max-width:2000px;max-height:1500px\">\n<div style=\"clear: both; display: block; margin: 10px 0;\">\n<div style=\"clear: both; width: 100%; display: block; margin: 20px 0; padding: 0; float: none; position: static; text-align: center;\"><img decoding=\"async\"  src=\"https:\/\/a.allegroimg.com\/original\/11d8db\/ba8b51ba4bdf9db9b677e205f052\/2-Opony-letnie-225-45R17-KORMORAN-UHP-Ultra-High-Performance-Kod-producenta-445759\" srcset=\"https:\/\/a.allegroimg.com\/original\/11d8db\/ba8b51ba4bdf9db9b677e205f052\/2-Opony-letnie-225-45R17-KORMORAN-UHP-Ultra-High-Performance-Kod-producenta-445759 360w,https:\/\/a.allegroimg.com\/original\/11d8db\/ba8b51ba4bdf9db9b677e205f052\/2-Opony-letnie-225-45R17-KORMORAN-UHP-Ultra-High-Performance-Kod-producenta-445759 720w,https:\/\/a.allegroimg.com\/original\/11d8db\/ba8b51ba4bdf9db9b677e205f052\/2-Opony-letnie-225-45R17-KORMORAN-UHP-Ultra-High-Performance-Kod-producenta-445759 1024w,https:\/\/a.allegroimg.com\/original\/11d8db\/ba8b51ba4bdf9db9b677e205f052\/2-Opony-letnie-225-45R17-KORMORAN-UHP-Ultra-High-Performance-Kod-producenta-445759 1440w,https:\/\/a.allegroimg.com\/original\/11d8db\/ba8b51ba4bdf9db9b677e205f052\/2-Opony-letnie-225-45R17-KORMORAN-UHP-Ultra-High-Performance-Kod-producenta-445759 2000w\" sizes=\"(min-width: 1200px) 560px, (min-width: 992px) 50vw, 100vw\" width=\"2000px\" alt=\"2 Opony letnie 225\/45R17 KORMORAN UHP Ultra High Performance Kod producenta 445759\" style=\"max-width: 100%; height: auto; display: block; margin: 0 auto;\"><\/div>\n<\/div>\n<\/div>\n<\/div>\n<\/div>\n<\/div>\n<div style=\"clear: both; display: block; margin: 10px 0;\">\n<div style=\"clear: both; display: block; margin: 10px 0;\">\n<div style=\"clear: both; display: block; margin: 10px 0;\">\n<div  style=\"max-width:2000px;max-height:1500px\">\n<div style=\"clear: both; display: block; margin: 10px 0;\">\n<div style=\"clear: both; width: 100%; display: block; margin: 20px 0; padding: 0; float: none; position: static; text-align: center;\"><img decoding=\"async\"  src=\"https:\/\/a.allegroimg.com\/original\/11fedc\/18e714754595963278e65b7ab2d9\/2-Opony-letnie-225-45R17-KORMORAN-UHP-Ultra-High-Performance-Marka-Kormoran\" srcset=\"https:\/\/a.allegroimg.com\/original\/11fedc\/18e714754595963278e65b7ab2d9\/2-Opony-letnie-225-45R17-KORMORAN-UHP-Ultra-High-Performance-Marka-Kormoran 360w,https:\/\/a.allegroimg.com\/original\/11fedc\/18e714754595963278e65b7ab2d9\/2-Opony-letnie-225-45R17-KORMORAN-UHP-Ultra-High-Performance-Marka-Kormoran 720w,https:\/\/a.allegroimg.com\/original\/11fedc\/18e714754595963278e65b7ab2d9\/2-Opony-letnie-225-45R17-KORMORAN-UHP-Ultra-High-Performance-Marka-Kormoran 1024w,https:\/\/a.allegroimg.com\/original\/11fedc\/18e714754595963278e65b7ab2d9\/2-Opony-letnie-225-45R17-KORMORAN-UHP-Ultra-High-Performance-Marka-Kormoran 1440w,https:\/\/a.allegroimg.com\/original\/11fedc\/18e714754595963278e65b7ab2d9\/2-Opony-letnie-225-45R17-KORMORAN-UHP-Ultra-High-Performance-Marka-Kormoran 2000w\" sizes=\"(min-width: 1200px) 560px, (min-width: 992px) 50vw, 100vw\" width=\"2000px\" alt=\"2 Opony letnie 225\/45R17 KORMORAN UHP Ultra High Performance Marka Kormoran\" style=\"max-width: 100%; height: auto; display: block; margin: 0 auto;\"><\/div>\n<\/div>\n<\/div>\n<\/div>\n<\/div>\n<div style=\"clear: both; display: block; margin: 10px 0;\">\n<div style=\"clear: both; display: block; margin: 10px 0;\">\n<h1>Dlaczego warto kupi\u0107 te opony<\/h1>\n<ul style=\"margin: 15px 0; padding-left: 20px; clear: both; display: block; width: 100%; float: none; position: static;\">\n<li style=\"margin: 5px 0; padding: 2px 0; clear: both; display: list-item; float: none; position: static;\">Opony Kormoran &#8211; polska marka, dobra jako\u015b\u0107, niska cena. Opona letnia przeznaczona do samochod\u00f3w klasy \u015bredniej i wy\u017cszej.Model Ultra High Performance &#8211; nowo\u015b\u0107 marki Kormoran.<\/li>\n<li style=\"margin: 5px 0; padding: 2px 0; clear: both; display: list-item; float: none; position: static;\">Nowoczesny asymetryczny bie\u017cnik &#8211; doskona\u0142e prowadzenie w zakr\u0119tach jak r\u00f3wnie\u017c odprowadzenie wody na mokrych drogach.<\/li>\n<li style=\"margin: 5px 0; padding: 2px 0; clear: both; display: list-item; float: none; position: static;\">Nowa mieszanka gumowa &#8211; zmniejszone opory toczenia oraz poprawiona trakcja na mokrych nawierzchniach.<\/li>\n<\/ul>\n<h2>Sprzedajemy tylko nowe produkty. Opony s\u0105 pierwszego gatunku, posiadaj\u0105 homologacje.<\/h2>\n<\/div>\n<\/div>\n<\/div>\n<div style=\"clear: both; display: block; margin: 10px 0;\">\n<div style=\"clear: both; display: block; margin: 10px 0;\">\n<div style=\"clear: both; display: block; margin: 10px 0;\">\n<div  style=\"max-width:2000px;max-height:1500px\">\n<div style=\"clear: both; display: block; margin: 10px 0;\">\n<div style=\"clear: both; width: 100%; display: block; margin: 20px 0; padding: 0; float: none; position: static; text-align: center;\"><img decoding=\"async\"  src=\"https:\/\/a.allegroimg.com\/original\/11d8db\/ba8b51ba4bdf9db9b677e205f052\/2-Opony-letnie-225-45R17-KORMORAN-UHP-Ultra-High-Performance-Kod-producenta-445759\" srcset=\"https:\/\/a.allegroimg.com\/original\/11d8db\/ba8b51ba4bdf9db9b677e205f052\/2-Opony-letnie-225-45R17-KORMORAN-UHP-Ultra-High-Performance-Kod-producenta-445759 360w,https:\/\/a.allegroimg.com\/original\/11d8db\/ba8b51ba4bdf9db9b677e205f052\/2-Opony-letnie-225-45R17-KORMORAN-UHP-Ultra-High-Performance-Kod-producenta-445759 720w,https:\/\/a.allegroimg.com\/original\/11d8db\/ba8b51ba4bdf9db9b677e205f052\/2-Opony-letnie-225-45R17-KORMORAN-UHP-Ultra-High-Performance-Kod-producenta-445759 1024w,https:\/\/a.allegroimg.com\/original\/11d8db\/ba8b51ba4bdf9db9b677e205f052\/2-Opony-letnie-225-45R17-KORMORAN-UHP-Ultra-High-Performance-Kod-producenta-445759 1440w,https:\/\/a.allegroimg.com\/original\/11d8db\/ba8b51ba4bdf9db9b677e205f052\/2-Opony-letnie-225-45R17-KORMORAN-UHP-Ultra-High-Performance-Kod-producenta-445759 2000w\" sizes=\"100vw\" width=\"2000px\" alt=\"2 Opony letnie 225\/45R17 KORMORAN UHP Ultra High Performance Kod producenta 445759\" style=\"max-width: 100%; height: auto; display: block; margin: 0 auto;\"><\/div>\n<\/div>\n<\/div>\n<\/div>\n<\/div>\n<\/div>\n<div style=\"clear: both; display: block; margin: 10px 0;\">\n<div style=\"clear: both; display: block; margin: 10px 0;\">\n<div style=\"clear: both; display: block; margin: 10px 0;\">\n<div  style=\"max-width:2000px;max-height:1500px\">\n<div style=\"clear: both; display: block; margin: 10px 0;\">\n<div style=\"clear: both; width: 100%; display: block; margin: 20px 0; padding: 0; float: none; position: static; text-align: center;\"><img decoding=\"async\"  src=\"https:\/\/a.allegroimg.com\/original\/11ee28\/0f29ec8c43e3bcff42f77555fafc\/2-Opony-letnie-225-45R17-KORMORAN-UHP-Ultra-High-Performance-Model-Ultra-High-Performance\" srcset=\"https:\/\/a.allegroimg.com\/original\/11ee28\/0f29ec8c43e3bcff42f77555fafc\/2-Opony-letnie-225-45R17-KORMORAN-UHP-Ultra-High-Performance-Model-Ultra-High-Performance 360w,https:\/\/a.allegroimg.com\/original\/11ee28\/0f29ec8c43e3bcff42f77555fafc\/2-Opony-letnie-225-45R17-KORMORAN-UHP-Ultra-High-Performance-Model-Ultra-High-Performance 720w,https:\/\/a.allegroimg.com\/original\/11ee28\/0f29ec8c43e3bcff42f77555fafc\/2-Opony-letnie-225-45R17-KORMORAN-UHP-Ultra-High-Performance-Model-Ultra-High-Performance 1024w,https:\/\/a.allegroimg.com\/original\/11ee28\/0f29ec8c43e3bcff42f77555fafc\/2-Opony-letnie-225-45R17-KORMORAN-UHP-Ultra-High-Performance-Model-Ultra-High-Performance 1440w,https:\/\/a.allegroimg.com\/original\/11ee28\/0f29ec8c43e3bcff42f77555fafc\/2-Opony-letnie-225-45R17-KORMORAN-UHP-Ultra-High-Performance-Model-Ultra-High-Performance 2000w\" sizes=\"100vw\" width=\"2000px\" alt=\"2 Opony letnie 225\/45R17 KORMORAN UHP Ultra High Performance Model Ultra High Performance\" style=\"max-width: 100%; height: auto; display: block; margin: 0 auto;\"><\/div>\n<\/div>\n<\/div>\n<\/div>\n<\/div>\n<\/div>\n<div style=\"clear: both; display: block; margin: 10px 0;\">\n<div style=\"clear: both; display: block; margin: 10px 0;\">\n<div style=\"clear: both; display: block; margin: 10px 0;\">\n<div  style=\"max-width:2000px;max-height:1500px\">\n<div style=\"clear: both; display: block; margin: 10px 0;\">\n<div style=\"clear: both; width: 100%; display: block; margin: 20px 0; padding: 0; float: none; position: static; text-align: center;\"><img decoding=\"async\"  src=\"https:\/\/a.allegroimg.com\/original\/11a1ae\/39e89e0d4019b352159852d96e3a\/2-Opony-letnie-225-45R17-KORMORAN-UHP-Ultra-High-Performance-Klasa-ekonomiczna\" srcset=\"https:\/\/a.allegroimg.com\/original\/11a1ae\/39e89e0d4019b352159852d96e3a\/2-Opony-letnie-225-45R17-KORMORAN-UHP-Ultra-High-Performance-Klasa-ekonomiczna 360w,https:\/\/a.allegroimg.com\/original\/11a1ae\/39e89e0d4019b352159852d96e3a\/2-Opony-letnie-225-45R17-KORMORAN-UHP-Ultra-High-Performance-Klasa-ekonomiczna 720w,https:\/\/a.allegroimg.com\/original\/11a1ae\/39e89e0d4019b352159852d96e3a\/2-Opony-letnie-225-45R17-KORMORAN-UHP-Ultra-High-Performance-Klasa-ekonomiczna 1024w,https:\/\/a.allegroimg.com\/original\/11a1ae\/39e89e0d4019b352159852d96e3a\/2-Opony-letnie-225-45R17-KORMORAN-UHP-Ultra-High-Performance-Klasa-ekonomiczna 1440w,https:\/\/a.allegroimg.com\/original\/11a1ae\/39e89e0d4019b352159852d96e3a\/2-Opony-letnie-225-45R17-KORMORAN-UHP-Ultra-High-Performance-Klasa-ekonomiczna 2000w\" sizes=\"100vw\" width=\"2000px\" alt=\"2 Opony letnie 225\/45R17 KORMORAN UHP Ultra High Performance Klasa ekonomiczna\" style=\"max-width: 100%; height: auto; display: block; margin: 0 auto;\"><\/div>\n<\/div>\n<\/div>\n<\/div>\n<\/div>\n<\/div>\n<\/div>\n<\/div>\n<\/div>\n<div style=\"clear: both; display: block; margin: 10px 0;\">\n","protected":false},"excerpt":{"rendered":"<p>Dane techniczne<\/p>\n<p>Sezon: Letnie<\/p>\n<p>Rozmiar: 225\/45 R17 XL<\/p>\n<p>Producent: KORMORAN<\/p>\n<p>Model: ULTRA HIGH PERFORMANCE<\/p>\n<p>Produkcja: nie starsze ni\u017c 2025 r<\/p>\n<p>Indeks: 94V<\/p>\n<p>Etykieta UE:<\/p>\n","protected":false},"featured_media":14396,"template":"","meta":{"_uag_custom_page_level_css":""},"product_brand":[382],"product_cat":[414,418,413,412],"product_tag":[],"class_list":{"0":"post-14395","1":"product","2":"type-product","3":"status-publish","4":"has-post-thumbnail","6":"product_brand-kormoran","7":"product_cat-do-samochodow-osobowych-i-suv","8":"product_cat-letnie","9":"product_cat-opony","10":"product_cat-opony-i-felgi","12":"first","13":"instock","14":"shipping-taxable","15":"purchasable","16":"product-type-simple"},"uagb_featured_image_src":{"full":["https:\/\/oponexa.shop\/tire\/wp-content\/uploads\/2026\/01\/allegro-image-14395.jpg",2000,1500,false],"thumbnail":["https:\/\/oponexa.shop\/tire\/wp-content\/uploads\/2026\/01\/allegro-image-14395-150x150.jpg",150,150,true],"medium":["https:\/\/oponexa.shop\/tire\/wp-content\/uploads\/2026\/01\/allegro-image-14395-300x225.jpg",300,225,true],"medium_large":["https:\/\/oponexa.shop\/tire\/wp-content\/uploads\/2026\/01\/allegro-image-14395-768x576.jpg",768,576,true],"large":["https:\/\/oponexa.shop\/tire\/wp-content\/uploads\/2026\/01\/allegro-image-14395-1024x768.jpg",1024,768,true],"1536x1536":["https:\/\/oponexa.shop\/tire\/wp-content\/uploads\/2026\/01\/allegro-image-14395-1536x1152.jpg",1536,1152,true],"2048x2048":["https:\/\/oponexa.shop\/tire\/wp-content\/uploads\/2026\/01\/allegro-image-14395.jpg",2000,1500,false],"woocommerce_thumbnail":["https:\/\/oponexa.shop\/tire\/wp-content\/uploads\/2026\/01\/allegro-image-14395-300x300.jpg",300,300,true],"woocommerce_single":["https:\/\/oponexa.shop\/tire\/wp-content\/uploads\/2026\/01\/allegro-image-14395-600x450.jpg",600,450,true],"woocommerce_gallery_thumbnail":["https:\/\/oponexa.shop\/tire\/wp-content\/uploads\/2026\/01\/allegro-image-14395-100x100.jpg",100,100,true]},"uagb_author_info":{"display_name":"admin","author_link":"https:\/\/oponexa.shop\/tire\/author\/"},"uagb_comment_info":0,"uagb_excerpt":"Dane techniczne Sezon: Letnie Rozmiar: 225\/45 R17 XL Producent: KORMORAN Model: ULTRA HIGH PERFORMANCE Produkcja: nie starsze ni\u017c 2025 r Indeks: 94V Etykieta UE:","_links":{"self":[{"href":"https:\/\/oponexa.shop\/tire\/wp-json\/wp\/v2\/product\/14395","targetHints":{"allow":["GET"]}}],"collection":[{"href":"https:\/\/oponexa.shop\/tire\/wp-json\/wp\/v2\/product"}],"about":[{"href":"https:\/\/oponexa.shop\/tire\/wp-json\/wp\/v2\/types\/product"}],"wp:featuredmedia":[{"embeddable":true,"href":"https:\/\/oponexa.shop\/tire\/wp-json\/wp\/v2\/media\/14396"}],"wp:attachment":[{"href":"https:\/\/oponexa.shop\/tire\/wp-json\/wp\/v2\/media?parent=14395"}],"wp:term":[{"taxonomy":"product_brand","embeddable":true,"href":"https:\/\/oponexa.shop\/tire\/wp-json\/wp\/v2\/product_brand?post=14395"},{"taxonomy":"product_cat","embeddable":true,"href":"https:\/\/oponexa.shop\/tire\/wp-json\/wp\/v2\/product_cat?post=14395"},{"taxonomy":"product_tag","embeddable":true,"href":"https:\/\/oponexa.shop\/tire\/wp-json\/wp\/v2\/product_tag?post=14395"}],"curies":[{"name":"wp","href":"https:\/\/api.w.org\/{rel}","templated":true}]}}