{"id":14389,"date":"2026-01-12T01:45:49","date_gmt":"2026-01-12T00:45:49","guid":{"rendered":"https:\/\/oponyspeed.shop\/xef5\/produkt\/2x-opony-letnie-225-55r17-kormoran-ultra-high-performance\/"},"modified":"2026-01-12T01:45:50","modified_gmt":"2026-01-12T00:45:50","slug":"2x-opony-letnie-225-55r17-kormoran-ultra-high-performance","status":"publish","type":"product","link":"https:\/\/oponixo.shop\/tire\/produkt\/2x-opony-letnie-225-55r17-kormoran-ultra-high-performance\/","title":{"rendered":"2x opony letnie 225\/55R17 Kormoran ULTRA HIGH PERFORMANCE"},"content":{"rendered":"<div style=\"font-family: Arial, sans-serif; line-height: 1.6; color: #333; padding: 20px; clear: both; display: block; width: 100%; float: none; position: static; overflow: hidden;\">\n<div style=\"clear: both; display: block; margin: 10px 0;\">\n<div style=\"clear: both; display: block; margin: 10px 0;\">\n<div style=\"clear: both; display: block; margin: 10px 0;\">\n<div  style=\"max-width:1748px;max-height:445px\">\n<div style=\"clear: both; display: block; margin: 10px 0;\">\n<div style=\"clear: both; width: 100%; display: block; margin: 20px 0; padding: 0; float: none; position: static; text-align: center;\"><img decoding=\"async\"  src=\"https:\/\/a.allegroimg.com\/original\/11a1c9\/e6afdf964c2ab2fc21f1d47b0cb0\/2x-opony-letnie-225-55R17-Kormoran-ULTRA-HIGH-PERFORMANCE-Rok-produkcji-2024\" srcset=\"https:\/\/a.allegroimg.com\/original\/11a1c9\/e6afdf964c2ab2fc21f1d47b0cb0\/2x-opony-letnie-225-55R17-Kormoran-ULTRA-HIGH-PERFORMANCE-Rok-produkcji-2024 360w,https:\/\/a.allegroimg.com\/original\/11a1c9\/e6afdf964c2ab2fc21f1d47b0cb0\/2x-opony-letnie-225-55R17-Kormoran-ULTRA-HIGH-PERFORMANCE-Rok-produkcji-2024 720w,https:\/\/a.allegroimg.com\/original\/11a1c9\/e6afdf964c2ab2fc21f1d47b0cb0\/2x-opony-letnie-225-55R17-Kormoran-ULTRA-HIGH-PERFORMANCE-Rok-produkcji-2024 1024w,https:\/\/a.allegroimg.com\/original\/11a1c9\/e6afdf964c2ab2fc21f1d47b0cb0\/2x-opony-letnie-225-55R17-Kormoran-ULTRA-HIGH-PERFORMANCE-Rok-produkcji-2024 1440w,https:\/\/a.allegroimg.com\/original\/11a1c9\/e6afdf964c2ab2fc21f1d47b0cb0\/2x-opony-letnie-225-55R17-Kormoran-ULTRA-HIGH-PERFORMANCE-Rok-produkcji-2024 1748w\" sizes=\"100vw\" width=\"1748px\" alt=\"2x opony letnie 225\/55R17 Kormoran ULTRA HIGH PERFORMANCE Rok produkcji 2024\" style=\"max-width: 100%; height: auto; display: block; margin: 0 auto;\"><\/div>\n<\/div>\n<\/div>\n<\/div>\n<\/div>\n<\/div>\n<div style=\"clear: both; display: block; margin: 10px 0;\">\n<div style=\"clear: both; display: block; margin: 10px 0;\">\n<div style=\"clear: both; display: block; margin: 10px 0;\">\n<div  style=\"max-width:776px;max-height:1200px\">\n<div style=\"clear: both; display: block; margin: 10px 0;\">\n<div style=\"clear: both; width: 100%; display: block; margin: 20px 0; padding: 0; float: none; position: static; text-align: center;\"><img decoding=\"async\"  src=\"https:\/\/a.allegroimg.com\/original\/11cde4\/8c37bf6d46d68618316811de7a97\/2x-opony-letnie-225-55R17-Kormoran-ULTRA-HIGH-PERFORMANCE\" srcset=\"https:\/\/a.allegroimg.com\/original\/11cde4\/8c37bf6d46d68618316811de7a97\/2x-opony-letnie-225-55R17-Kormoran-ULTRA-HIGH-PERFORMANCE 232w,https:\/\/a.allegroimg.com\/original\/11cde4\/8c37bf6d46d68618316811de7a97\/2x-opony-letnie-225-55R17-Kormoran-ULTRA-HIGH-PERFORMANCE 465w,https:\/\/a.allegroimg.com\/original\/11cde4\/8c37bf6d46d68618316811de7a97\/2x-opony-letnie-225-55R17-Kormoran-ULTRA-HIGH-PERFORMANCE 662w,https:\/\/a.allegroimg.com\/original\/11cde4\/8c37bf6d46d68618316811de7a97\/2x-opony-letnie-225-55R17-Kormoran-ULTRA-HIGH-PERFORMANCE 776w,https:\/\/a.allegroimg.com\/original\/11cde4\/8c37bf6d46d68618316811de7a97\/2x-opony-letnie-225-55R17-Kormoran-ULTRA-HIGH-PERFORMANCE 776w\" sizes=\"(min-width: 1200px) 560px, (min-width: 992px) 50vw, 100vw\" width=\"776px\" alt=\"2x opony letnie 225\/55R17 Kormoran ULTRA HIGH PERFORMANCE\" style=\"max-width: 100%; height: auto; display: block; margin: 0 auto;\"><\/div>\n<\/div>\n<\/div>\n<\/div>\n<\/div>\n<div style=\"clear: both; display: block; margin: 10px 0;\">\n<div style=\"clear: both; display: block; margin: 10px 0;\">\n<h1>Cechy Opony:<\/h1>\n<ul style=\"margin: 15px 0; padding-left: 20px; clear: both; display: block; width: 100%; float: none; position: static;\">\n<li style=\"margin: 5px 0; padding: 2px 0; clear: both; display: list-item; float: none; position: static;\">Stan: <b>Fabrycznie nowa<\/b><\/li>\n<\/ul>\n<ul style=\"margin: 15px 0; padding-left: 20px; clear: both; display: block; width: 100%; float: none; position: static;\">\n<li style=\"margin: 5px 0; padding: 2px 0; clear: both; display: list-item; float: none; position: static;\">Dystrybucja: <b>Oficjalny dystrybutor w Polsce<\/b><\/li>\n<\/ul>\n<ul style=\"margin: 15px 0; padding-left: 20px; clear: both; display: block; width: 100%; float: none; position: static;\">\n<li style=\"margin: 5px 0; padding: 2px 0; clear: both; display: list-item; float: none; position: static;\">Sezon: <b>letnie<\/b><\/li>\n<\/ul>\n<ul style=\"margin: 15px 0; padding-left: 20px; clear: both; display: block; width: 100%; float: none; position: static;\">\n<li style=\"margin: 5px 0; padding: 2px 0; clear: both; display: list-item; float: none; position: static;\">Producent: <b>Kormoran<\/b><\/li>\n<\/ul>\n<ul style=\"margin: 15px 0; padding-left: 20px; clear: both; display: block; width: 100%; float: none; position: static;\">\n<li style=\"margin: 5px 0; padding: 2px 0; clear: both; display: list-item; float: none; position: static;\">Bie\u017cnik: <b>ULTRA HIGH PERFORMANCE<\/b><\/li>\n<\/ul>\n<ul style=\"margin: 15px 0; padding-left: 20px; clear: both; display: block; width: 100%; float: none; position: static;\">\n<li style=\"margin: 5px 0; padding: 2px 0; clear: both; display: list-item; float: none; position: static;\">Rozmiar: <b>225\/55R17<\/b><\/li>\n<\/ul>\n<ul style=\"margin: 15px 0; padding-left: 20px; clear: both; display: block; width: 100%; float: none; position: static;\">\n<li style=\"margin: 5px 0; padding: 2px 0; clear: both; display: list-item; float: none; position: static;\">Indeks no\u015bno\u015bci: <b>101<\/b><\/li>\n<\/ul>\n<ul style=\"margin: 15px 0; padding-left: 20px; clear: both; display: block; width: 100%; float: none; position: static;\">\n<li style=\"margin: 5px 0; padding: 2px 0; clear: both; display: list-item; float: none; position: static;\">Indeks pr\u0119dko\u015bci: <b>Y<\/b><\/li>\n<\/ul>\n<ul style=\"margin: 15px 0; padding-left: 20px; clear: both; display: block; width: 100%; float: none; position: static;\">\n<li style=\"margin: 5px 0; padding: 2px 0; clear: both; display: list-item; float: none; position: static;\">Rok produkcji:<b> 2025\/2024 &#8211; Decyduj\u0105c si\u0119 na zakup z tej oferty, otrzymasz fabrycznie nowe, pe\u0142nowarto\u015bciowe opony, wyprodukowane w bie\u017c\u0105cym lub poprzednim roku kalendarzowym.<\/b><\/li>\n<\/ul>\n<ul style=\"margin: 15px 0; padding-left: 20px; clear: both; display: block; width: 100%; float: none; position: static;\">\n<li style=\"margin: 5px 0; padding: 2px 0; clear: both; display: list-item; float: none; position: static;\">EAN: <b>3528707403025<\/b><\/li>\n<\/ul>\n<ul style=\"margin: 15px 0; padding-left: 20px; clear: both; display: block; width: 100%; float: none; position: static;\">\n<li style=\"margin: 5px 0; padding: 2px 0; clear: both; display: list-item; float: none; position: static;\">Wzmocniona konstrukcja (XL): <b>Tak<\/b><\/li>\n<\/ul>\n<ul style=\"margin: 15px 0; padding-left: 20px; clear: both; display: block; width: 100%; float: none; position: static;\">\n<li style=\"margin: 5px 0; padding: 2px 0; clear: both; display: list-item; float: none; position: static;\">Rant ochronny na felg\u0119: <b>Tak<\/b><\/li>\n<\/ul><\/div>\n<\/div>\n<\/div>\n<div style=\"clear: both; display: block; margin: 10px 0;\">\n<div style=\"clear: both; display: block; margin: 10px 0;\">\n<div style=\"clear: both; display: block; margin: 10px 0;\">\n<h2>Zu\u017cycie paliwa \/ opory toczenia<\/h2>\n<p style=\"margin: 15px 0; line-height: 1.8; clear: both; display: block; width: 100%; float: none; position: static;\">Klasa A okre\u015bla opony o najmniejszych oporach toczenia, klasa E o najwi\u0119kszych. Op\u00f3r toczenia wp\u0142ywa na zu\u017cycie paliwa oraz emisj\u0119 spalin przez samoch\u00f3d. Im ni\u017cszy op\u00f3r toczenia, tym wi\u0119ksza oszcz\u0119dno\u015b\u0107 paliwa i mniejszy wp\u0142yw na \u015brodowisko.<\/p>\n<p style=\"margin: 15px 0; line-height: 1.8; clear: both; display: block; width: 100%; float: none; position: static;\">\n<h2>Przyczepno\u015b\u0107 na mokrej nawierzchni \/ droga hamowania<\/h2>\n<p style=\"margin: 15px 0; line-height: 1.8; clear: both; display: block; width: 100%; float: none; position: static;\">Klasa A oznacza najkr\u00f3tsz\u0105, a E najd\u0142u\u017csz\u0105 drog\u0119 hamowania na mokrej nawierzchni. Parametr ten zwi\u0105zany jest z przyczepno\u015bci\u0105 opony podczas jazdy po mokrej drodze, co ma znaczenie dla bezpiecze\u0144stwa podr\u00f3\u017cowania. Im wy\u017csza klasa, tym lepsze w\u0142a\u015bciwo\u015bci ogumienia.<\/p>\n<p style=\"margin: 15px 0; line-height: 1.8; clear: both; display: block; width: 100%; float: none; position: static;\">\n<h2>Zewn\u0119trzny ha\u0142as toczenia \/ emisja ha\u0142asu<\/h2>\n<p style=\"margin: 15px 0; line-height: 1.8; clear: both; display: block; width: 100%; float: none; position: static;\">Klasa A przeznaczona jest dla najcichszych opon, B i C \u2013 dla g\u0142o\u015bniejszych. Wp\u0142ywa na komfort podr\u00f3\u017cowania samochodem. Ha\u0142as, kt\u00f3ry powstaje przy toczeniu si\u0119 opony jest wyra\u017cony w decybelach. Im ni\u017csza liczba tym cichsza opona.<\/p>\n<p style=\"margin: 15px 0; line-height: 1.8; clear: both; display: block; width: 100%; float: none; position: static;\">\n<\/div>\n<\/div>\n<div style=\"clear: both; display: block; margin: 10px 0;\">\n<div style=\"clear: both; display: block; margin: 10px 0;\">\n<div  style=\"max-width:738px;max-height:1082px\">\n<div style=\"clear: both; display: block; margin: 10px 0;\">\n<div style=\"clear: both; width: 100%; display: block; margin: 20px 0; padding: 0; float: none; position: static; text-align: center;\"><img decoding=\"async\"  src=\"https:\/\/a.allegroimg.com\/original\/1120d9\/6737904a49f68c4aea0e4af15cf2\/2x-opony-letnie-225-55R17-Kormoran-ULTRA-HIGH-PERFORMANCE-Liczba-opon-w-ofercie-2-szt\" srcset=\"https:\/\/a.allegroimg.com\/original\/1120d9\/6737904a49f68c4aea0e4af15cf2\/2x-opony-letnie-225-55R17-Kormoran-ULTRA-HIGH-PERFORMANCE-Liczba-opon-w-ofercie-2-szt 245w,https:\/\/a.allegroimg.com\/original\/1120d9\/6737904a49f68c4aea0e4af15cf2\/2x-opony-letnie-225-55R17-Kormoran-ULTRA-HIGH-PERFORMANCE-Liczba-opon-w-ofercie-2-szt 491w,https:\/\/a.allegroimg.com\/original\/1120d9\/6737904a49f68c4aea0e4af15cf2\/2x-opony-letnie-225-55R17-Kormoran-ULTRA-HIGH-PERFORMANCE-Liczba-opon-w-ofercie-2-szt 698w,https:\/\/a.allegroimg.com\/original\/1120d9\/6737904a49f68c4aea0e4af15cf2\/2x-opony-letnie-225-55R17-Kormoran-ULTRA-HIGH-PERFORMANCE-Liczba-opon-w-ofercie-2-szt 738w,https:\/\/a.allegroimg.com\/original\/1120d9\/6737904a49f68c4aea0e4af15cf2\/2x-opony-letnie-225-55R17-Kormoran-ULTRA-HIGH-PERFORMANCE-Liczba-opon-w-ofercie-2-szt 738w\" sizes=\"(min-width: 1200px) 560px, (min-width: 992px) 50vw, 100vw\" width=\"738px\" alt=\"2x opony letnie 225\/55R17 Kormoran ULTRA HIGH PERFORMANCE Liczba opon w ofercie 2 szt.\" style=\"max-width: 100%; height: auto; display: block; margin: 0 auto;\"><\/div>\n<\/div>\n<\/div>\n<\/div>\n<\/div>\n<\/div>\n<div style=\"clear: both; display: block; margin: 10px 0;\">\n<div style=\"clear: both; display: block; margin: 10px 0;\">\n<div style=\"clear: both; display: block; margin: 10px 0;\">\n<div  style=\"max-width:1748px;max-height:445px\">\n<div style=\"clear: both; display: block; margin: 10px 0;\">\n<div style=\"clear: both; width: 100%; display: block; margin: 20px 0; padding: 0; float: none; position: static; text-align: center;\"><img decoding=\"async\"  src=\"https:\/\/a.allegroimg.com\/original\/11a1c9\/e6afdf964c2ab2fc21f1d47b0cb0\/2x-opony-letnie-225-55R17-Kormoran-ULTRA-HIGH-PERFORMANCE-Rok-produkcji-2024\" srcset=\"https:\/\/a.allegroimg.com\/original\/11a1c9\/e6afdf964c2ab2fc21f1d47b0cb0\/2x-opony-letnie-225-55R17-Kormoran-ULTRA-HIGH-PERFORMANCE-Rok-produkcji-2024 360w,https:\/\/a.allegroimg.com\/original\/11a1c9\/e6afdf964c2ab2fc21f1d47b0cb0\/2x-opony-letnie-225-55R17-Kormoran-ULTRA-HIGH-PERFORMANCE-Rok-produkcji-2024 720w,https:\/\/a.allegroimg.com\/original\/11a1c9\/e6afdf964c2ab2fc21f1d47b0cb0\/2x-opony-letnie-225-55R17-Kormoran-ULTRA-HIGH-PERFORMANCE-Rok-produkcji-2024 1024w,https:\/\/a.allegroimg.com\/original\/11a1c9\/e6afdf964c2ab2fc21f1d47b0cb0\/2x-opony-letnie-225-55R17-Kormoran-ULTRA-HIGH-PERFORMANCE-Rok-produkcji-2024 1440w,https:\/\/a.allegroimg.com\/original\/11a1c9\/e6afdf964c2ab2fc21f1d47b0cb0\/2x-opony-letnie-225-55R17-Kormoran-ULTRA-HIGH-PERFORMANCE-Rok-produkcji-2024 1748w\" sizes=\"(min-width: 1200px) 560px, (min-width: 992px) 50vw, 100vw\" width=\"1748px\" alt=\"2x opony letnie 225\/55R17 Kormoran ULTRA HIGH PERFORMANCE Rok produkcji 2024\" style=\"max-width: 100%; height: auto; display: block; margin: 0 auto;\"><\/div>\n<\/div>\n<\/div>\n<\/div>\n<\/div>\n<div style=\"clear: both; display: block; margin: 10px 0;\">\n<div style=\"clear: both; display: block; margin: 10px 0;\">\n<h2>O producencie<\/h2>\n<p style=\"margin: 15px 0; line-height: 1.8; clear: both; display: block; width: 100%; float: none; position: static;\">Kormoran to uznana marka oponiarska, kt\u00f3ra powsta\u0142a w Polsce, a dok\u0142adnie w Olsztynie w 1999 roku w fabryce Stomil. Pod koniec lat dziewi\u0119\u0107dziesi\u0105tych zosta\u0142a zakupiona przez koncern Michelin, kt\u00f3ry zdecydowa\u0142 si\u0119 kontynuowa\u0107 jej polskie tradycje. Od pocz\u0105tku swojej dzia\u0142alno\u015bci specjalizuje si\u0119 w produkcji opon przeznaczonych do jazdy ekonomicznej, kt\u00f3re ze wzgl\u0119du na bardzo dobre parametry zdoby\u0142y rzesz\u0119 wiernych klient\u00f3w. W fabryce Kormoran s\u0105 produkowane opony przeznaczone do samochod\u00f3w osobowych, dostawczych, aut typu SUV i samochod\u00f3w ci\u0119\u017carowych. Obecnie marka Kormoran jest jednym z lider\u00f3w polskiego rynku oponiarskiego, a fabryka w Olsztynie nadal bardzo dobrze si\u0119 rozwija i jest jedn\u0105 z wa\u017cniejszych fabryk Michelin w uj\u0119ciu \u015bwiatowym. Dzi\u0119ki temu zyska\u0142a te\u017c wielu zadowolonych klient\u00f3w w Europie.<\/p>\n<\/div>\n<\/div>\n<\/div>\n<\/div>\n<\/div>\n<\/div>\n<div style=\"clear: both; display: block; margin: 10px 0;\">\n","protected":false},"excerpt":{"rendered":"<p>Cechy Opony:<\/p>\n<p>Stan: Fabrycznie nowa<\/p>\n<p>Dystrybucja: Oficjalny dystrybutor w Polsce<\/p>\n<p>Sezon: letnie<\/p>\n<p>Producent: Kormoran<\/p>\n<p>Bie\u017cnik: ULTRA HIGH PERFORMANCE<\/p>\n<p>Rozmiar: 225\/55R17<\/p>\n<p>Indeks no\u015bno\u015bci: 101<\/p>\n","protected":false},"featured_media":14390,"template":"","meta":{"_uag_custom_page_level_css":""},"product_brand":[382],"product_cat":[414,418,413,412],"product_tag":[],"class_list":{"0":"post-14389","1":"product","2":"type-product","3":"status-publish","4":"has-post-thumbnail","6":"product_brand-kormoran","7":"product_cat-do-samochodow-osobowych-i-suv","8":"product_cat-letnie","9":"product_cat-opony","10":"product_cat-opony-i-felgi","12":"first","13":"instock","14":"shipping-taxable","15":"purchasable","16":"product-type-simple"},"uagb_featured_image_src":{"full":["https:\/\/oponixo.shop\/tire\/wp-content\/uploads\/2026\/01\/allegro-image-14389.jpg",776,1200,false],"thumbnail":["https:\/\/oponixo.shop\/tire\/wp-content\/uploads\/2026\/01\/allegro-image-14389-150x150.jpg",150,150,true],"medium":["https:\/\/oponixo.shop\/tire\/wp-content\/uploads\/2026\/01\/allegro-image-14389-194x300.jpg",194,300,true],"medium_large":["https:\/\/oponixo.shop\/tire\/wp-content\/uploads\/2026\/01\/allegro-image-14389-768x1188.jpg",768,1188,true],"large":["https:\/\/oponixo.shop\/tire\/wp-content\/uploads\/2026\/01\/allegro-image-14389-662x1024.jpg",662,1024,true],"1536x1536":["https:\/\/oponixo.shop\/tire\/wp-content\/uploads\/2026\/01\/allegro-image-14389.jpg",776,1200,false],"2048x2048":["https:\/\/oponixo.shop\/tire\/wp-content\/uploads\/2026\/01\/allegro-image-14389.jpg",776,1200,false],"woocommerce_thumbnail":["https:\/\/oponixo.shop\/tire\/wp-content\/uploads\/2026\/01\/allegro-image-14389-300x300.jpg",300,300,true],"woocommerce_single":["https:\/\/oponixo.shop\/tire\/wp-content\/uploads\/2026\/01\/allegro-image-14389-600x928.jpg",600,928,true],"woocommerce_gallery_thumbnail":["https:\/\/oponixo.shop\/tire\/wp-content\/uploads\/2026\/01\/allegro-image-14389-100x100.jpg",100,100,true]},"uagb_author_info":{"display_name":"admin","author_link":"https:\/\/oponixo.shop\/tire\/author\/"},"uagb_comment_info":0,"uagb_excerpt":"Cechy Opony: Stan: Fabrycznie nowa Dystrybucja: Oficjalny dystrybutor w Polsce Sezon: letnie Producent: Kormoran Bie\u017cnik: ULTRA HIGH PERFORMANCE Rozmiar: 225\/55R17 Indeks no\u015bno\u015bci: 101","_links":{"self":[{"href":"https:\/\/oponixo.shop\/tire\/wp-json\/wp\/v2\/product\/14389","targetHints":{"allow":["GET"]}}],"collection":[{"href":"https:\/\/oponixo.shop\/tire\/wp-json\/wp\/v2\/product"}],"about":[{"href":"https:\/\/oponixo.shop\/tire\/wp-json\/wp\/v2\/types\/product"}],"wp:featuredmedia":[{"embeddable":true,"href":"https:\/\/oponixo.shop\/tire\/wp-json\/wp\/v2\/media\/14390"}],"wp:attachment":[{"href":"https:\/\/oponixo.shop\/tire\/wp-json\/wp\/v2\/media?parent=14389"}],"wp:term":[{"taxonomy":"product_brand","embeddable":true,"href":"https:\/\/oponixo.shop\/tire\/wp-json\/wp\/v2\/product_brand?post=14389"},{"taxonomy":"product_cat","embeddable":true,"href":"https:\/\/oponixo.shop\/tire\/wp-json\/wp\/v2\/product_cat?post=14389"},{"taxonomy":"product_tag","embeddable":true,"href":"https:\/\/oponixo.shop\/tire\/wp-json\/wp\/v2\/product_tag?post=14389"}],"curies":[{"name":"wp","href":"https:\/\/api.w.org\/{rel}","templated":true}]}}