{"id":14347,"date":"2026-01-12T01:45:37","date_gmt":"2026-01-12T00:45:37","guid":{"rendered":"https:\/\/oponyspeed.shop\/xef5\/produkt\/2x-michelin-e-primacy-205-55r16-91-h\/"},"modified":"2026-01-12T01:45:37","modified_gmt":"2026-01-12T00:45:37","slug":"2x-michelin-e-primacy-205-55r16-91-h","status":"publish","type":"product","link":"https:\/\/oponexa.shop\/tire\/produkt\/2x-michelin-e-primacy-205-55r16-91-h\/","title":{"rendered":"2x MICHELIN E PRIMACY 205\/55R16 91 H"},"content":{"rendered":"<div style=\"font-family: Arial, sans-serif; line-height: 1.6; color: #333; padding: 20px; clear: both; display: block; width: 100%; float: none; position: static; overflow: hidden;\">\n<div style=\"clear: both; display: block; margin: 10px 0;\">\n<div style=\"clear: both; display: block; margin: 10px 0;\">\n<div style=\"clear: both; display: block; margin: 10px 0;\">\n<h2>2x MICHELIN E PRIMACY 205\/55R16 91 H<\/h2>\n<\/div>\n<\/div>\n<\/div>\n<div style=\"clear: both; display: block; margin: 10px 0;\">\n<div style=\"clear: both; display: block; margin: 10px 0;\">\n<div style=\"clear: both; display: block; margin: 10px 0;\">\n<div  style=\"max-width:920px;max-height:1120px\">\n<div style=\"clear: both; display: block; margin: 10px 0;\">\n<div style=\"clear: both; width: 100%; display: block; margin: 20px 0; padding: 0; float: none; position: static; text-align: center;\"><img decoding=\"async\"  src=\"https:\/\/a.allegroimg.com\/original\/114770\/ee3aae2b48528137ae8277d6d28f\/2x-MICHELIN-E-PRIMACY-205-55R16-91-H\" srcset=\"https:\/\/a.allegroimg.com\/original\/114770\/ee3aae2b48528137ae8277d6d28f\/2x-MICHELIN-E-PRIMACY-205-55R16-91-H 295w,https:\/\/a.allegroimg.com\/original\/114770\/ee3aae2b48528137ae8277d6d28f\/2x-MICHELIN-E-PRIMACY-205-55R16-91-H 591w,https:\/\/a.allegroimg.com\/original\/114770\/ee3aae2b48528137ae8277d6d28f\/2x-MICHELIN-E-PRIMACY-205-55R16-91-H 841w,https:\/\/a.allegroimg.com\/original\/114770\/ee3aae2b48528137ae8277d6d28f\/2x-MICHELIN-E-PRIMACY-205-55R16-91-H 920w,https:\/\/a.allegroimg.com\/original\/114770\/ee3aae2b48528137ae8277d6d28f\/2x-MICHELIN-E-PRIMACY-205-55R16-91-H 920w\" sizes=\"(min-width: 1200px) 560px, (min-width: 992px) 50vw, 100vw\" width=\"920px\" alt=\"2x MICHELIN E PRIMACY 205\/55R16 91 H\" style=\"max-width: 100%; height: auto; display: block; margin: 0 auto;\"><\/div>\n<\/div>\n<\/div>\n<\/div>\n<\/div>\n<div style=\"clear: both; display: block; margin: 10px 0;\">\n<div style=\"clear: both; display: block; margin: 10px 0;\">\n<h2>Letnie opony MICHELIN E PRIMACY 205\/55 R16 91 H<\/h2>\n<p style=\"margin: 15px 0; line-height: 1.8; clear: both; display: block; width: 100%; float: none; position: static;\">Opony MICHELIN E PRIMACY to znacz\u0105cy model w portfolio producenta.&nbsp;<\/p>\n<p style=\"margin: 15px 0; line-height: 1.8; clear: both; display: block; width: 100%; float: none; position: static;\">Charakteryzuje si\u0119 bardzo niskim oporem toczenia Opony klasy Premium s\u0105 wytwarzane z zastosowaniem najbardziej zaawansowanych technologii na \u015bwiecie.<\/p>\n<ul style=\"margin: 15px 0; padding-left: 20px; clear: both; display: block; width: 100%; float: none; position: static;\">\n<li style=\"margin: 5px 0; padding: 2px 0; clear: both; display: list-item; float: none; position: static;\"><b>Stan:<\/b>&nbsp;Nowy<\/li>\n<li style=\"margin: 5px 0; padding: 2px 0; clear: both; display: list-item; float: none; position: static;\"><b>EAN:<\/b>&nbsp;3528709207898<\/li>\n<li style=\"margin: 5px 0; padding: 2px 0; clear: both; display: list-item; float: none; position: static;\"><b>Producent:<\/b> MICHELIN<\/li>\n<li style=\"margin: 5px 0; padding: 2px 0; clear: both; display: list-item; float: none; position: static;\"><b>Model:<\/b> E PRIMACY<\/li>\n<li style=\"margin: 5px 0; padding: 2px 0; clear: both; display: list-item; float: none; position: static;\"><b>Rozmiar:<\/b> 205\/55 R16<\/li>\n<li style=\"margin: 5px 0; padding: 2px 0; clear: both; display: list-item; float: none; position: static;\"><b>Indeks no\u015bno\u015bci:<\/b> 91<\/li>\n<li style=\"margin: 5px 0; padding: 2px 0; clear: both; display: list-item; float: none; position: static;\"><b>Indeks pr\u0119dko\u015bci:<\/b> H<\/li>\n<li style=\"margin: 5px 0; padding: 2px 0; clear: both; display: list-item; float: none; position: static;\"><b>Ha\u0142as db:<\/b>&nbsp;69<\/li>\n<li style=\"margin: 5px 0; padding: 2px 0; clear: both; display: list-item; float: none; position: static;\"><b>Sezon:<\/b> Letnie<\/li>\n<li style=\"margin: 5px 0; padding: 2px 0; clear: both; display: list-item; float: none; position: static;\"><b>Rok produkcji:<\/b> 2024<\/li>\n<li style=\"margin: 5px 0; padding: 2px 0; clear: both; display: list-item; float: none; position: static;\"><b>Przeznaczenie:<\/b> Osobowe<\/li>\n<li style=\"margin: 5px 0; padding: 2px 0; clear: both; display: list-item; float: none; position: static;\"><b>Kl. przycz. na mokrej naw.:<\/b>&nbsp;A<\/li>\n<li style=\"margin: 5px 0; padding: 2px 0; clear: both; display: list-item; float: none; position: static;\"><b>Kl. efekt. paliwowej:&nbsp;<\/b>A<\/li>\n<\/ul>\n<p style=\"margin: 15px 0; line-height: 1.8; clear: both; display: block; width: 100%; float: none; position: static;\">Primacy to komfortowa opona letnia z segmentu turystycznego, opracowana z my\u015bl\u0105 o codziennej je\u017adzie. Jej <b>symetryczny bie\u017cnik<\/b> posiada szerokie rowki wzd\u0142u\u017cne i liczne naci\u0119cia, kt\u00f3re skutecznie odprowadzaj\u0105 wod\u0119 i zwi\u0119kszaj\u0105 odporno\u015b\u0107 na aquaplaning. Kluczow\u0105 technologi\u0105 jest <b>EverGrip<\/b>, kt\u00f3ra sprawia, \u017ce opona utrzymuje wysoki poziom bezpiecze\u0144stwa nawet w zaawansowanej fazie zu\u017cycia \u2013 rowki s\u0105 projektowane tak, aby zachowa\u0107 efektywno\u015b\u0107 drena\u017cu nawet przy mniejszej g\u0142\u0119boko\u015bci bie\u017cnika. Konstrukcja <b>MaxTouch<\/b> r\u00f3wnomiernie rozk\u0142ada si\u0142y dzia\u0142aj\u0105ce na opon\u0119, co przek\u0142ada si\u0119 na d\u0142u\u017cszy przebieg.<\/p>\n<h3 style=\"color: #2c5aa0; font-size: 18px; margin: 30px 0 15px 0; font-weight: bold; clear: both; display: block; width: 100%; float: none; position: static;\">Zalety:<\/h3>\n<ul style=\"margin: 15px 0; padding-left: 20px; clear: both; display: block; width: 100%; float: none; position: static;\">\n<li style=\"margin: 5px 0; padding: 2px 0; clear: both; display: list-item; float: none; position: static;\">Kr\u00f3tkie drogi hamowania na mokrej nawierzchni, tak\u017ce przy zu\u017cytym bie\u017cniku.<\/li>\n<li style=\"margin: 5px 0; padding: 2px 0; clear: both; display: list-item; float: none; position: static;\">Bardzo d\u0142uga \u017cywotno\u015b\u0107 (o ok. 20% d\u0142u\u017csza ni\u017c w Primacy 3).<\/li>\n<li style=\"margin: 5px 0; padding: 2px 0; clear: both; display: list-item; float: none; position: static;\">Komfortowa i cicha jazda.<\/li>\n<li style=\"margin: 5px 0; padding: 2px 0; clear: both; display: list-item; float: none; position: static;\">Ni\u017csze zu\u017cycie paliwa dzi\u0119ki obni\u017conym oporom toczenia.<\/li>\n<\/ul>\n<\/div>\n<\/div>\n<\/div>\n<div style=\"clear: both; display: block; margin: 10px 0;\">\n<div style=\"clear: both; display: block; margin: 10px 0;\">\n<div style=\"clear: both; display: block; margin: 10px 0;\">\n<div  style=\"max-width:800px;max-height:450px\">\n<div style=\"clear: both; display: block; margin: 10px 0;\">\n<div style=\"clear: both; width: 100%; display: block; margin: 20px 0; padding: 0; float: none; position: static; text-align: center;\"><img decoding=\"async\"  src=\"https:\/\/a.allegroimg.com\/original\/119261\/e16022bb412abe5724366d14fffa\/2x-MICHELIN-E-PRIMACY-205-55R16-91-H-Liczba-opon-w-ofercie-2-szt\" srcset=\"https:\/\/a.allegroimg.com\/original\/119261\/e16022bb412abe5724366d14fffa\/2x-MICHELIN-E-PRIMACY-205-55R16-91-H-Liczba-opon-w-ofercie-2-szt 360w,https:\/\/a.allegroimg.com\/original\/119261\/e16022bb412abe5724366d14fffa\/2x-MICHELIN-E-PRIMACY-205-55R16-91-H-Liczba-opon-w-ofercie-2-szt 720w,https:\/\/a.allegroimg.com\/original\/119261\/e16022bb412abe5724366d14fffa\/2x-MICHELIN-E-PRIMACY-205-55R16-91-H-Liczba-opon-w-ofercie-2-szt 800w,https:\/\/a.allegroimg.com\/original\/119261\/e16022bb412abe5724366d14fffa\/2x-MICHELIN-E-PRIMACY-205-55R16-91-H-Liczba-opon-w-ofercie-2-szt 800w\" sizes=\"100vw\" width=\"800px\" alt=\"2x MICHELIN E PRIMACY 205\/55R16 91 H Liczba opon w ofercie 2 szt.\" style=\"max-width: 100%; height: auto; display: block; margin: 0 auto;\"><\/div>\n<\/div>\n<\/div>\n<\/div>\n<\/div>\n<\/div>\n<div style=\"clear: both; display: block; margin: 10px 0;\">\n<div style=\"clear: both; display: block; margin: 10px 0;\">\n<div style=\"clear: both; display: block; margin: 10px 0;\">\n<p style=\"margin: 15px 0; line-height: 1.8; clear: both; display: block; width: 100%; float: none; position: static;\">Od wczesnych lat XX wieku Michelin zdoby\u0142 uznanie jako producent wysokiej klasy opon do samochod\u00f3w wy\u015bcigowych. Od 2011 roku&nbsp;Michelin pe\u0142ni r\u00f3wnie\u017c rol\u0119 dostawcy opon do samochod\u00f3w Formu\u0142y 1, co jest potwierdzeniem wysokiej jako\u015bci i zaanga\u017cowania marki.<\/p>\n<p style=\"margin: 15px 0; line-height: 1.8; clear: both; display: block; width: 100%; float: none; position: static;\">Opony&nbsp;Michelin s\u0105 obecnie uwa\u017cane za produkty premium, kt\u00f3re s\u0142yn\u0105 z przewidywalnego zachowania na drodze. Wybieraj\u0105c ogumienie w\u0142oskiego producenta, mo\u017cna oczekiwa\u0107 pewnego prowadzenia pojazdu, kr\u00f3tkiej drogi hamowania i odpowiedniego trzymania si\u0119 auta w zakr\u0119tach. Pirelli jest znane z dba\u0142o\u015bci o wysok\u0105 jako\u015b\u0107, trwa\u0142o\u015b\u0107 i doskona\u0142e osi\u0105gi swoich produkt\u00f3w.<\/p>\n<p style=\"margin: 15px 0; line-height: 1.8; clear: both; display: block; width: 100%; float: none; position: static;\">Dzi\u0119ki bogatej historii i zaanga\u017cowaniu w innowacje,&nbsp;Michelin zdoby\u0142 zaufanie klient\u00f3w na ca\u0142ym \u015bwiecie i cieszy si\u0119 uznaniem w bran\u017cy oponiarskiej. Marka jest symbolem jako\u015bci i doskona\u0142ej wydajno\u015bci, co potwierdza liczne nagrody i wyr\u00f3\u017cnienia, kt\u00f3re zdoby\u0142a na przestrzeni lat<\/p>\n<\/div>\n<\/div>\n<\/div>\n<div style=\"clear: both; display: block; margin: 10px 0;\">\n<div style=\"clear: both; display: block; margin: 10px 0;\">\n<div style=\"clear: both; display: block; margin: 10px 0;\">\n<div  style=\"max-width:1200px;max-height:1758px\">\n<div style=\"clear: both; display: block; margin: 10px 0;\">\n<div style=\"clear: both; width: 100%; display: block; margin: 20px 0; padding: 0; float: none; position: static; text-align: center;\"><img decoding=\"async\"  src=\"https:\/\/a.allegroimg.com\/original\/112690\/4450a7354f318930e855f90f6458\/2x-MICHELIN-E-PRIMACY-205-55R16-91-H-Rok-produkcji-2024\" srcset=\"https:\/\/a.allegroimg.com\/original\/112690\/4450a7354f318930e855f90f6458\/2x-MICHELIN-E-PRIMACY-205-55R16-91-H-Rok-produkcji-2024 245w,https:\/\/a.allegroimg.com\/original\/112690\/4450a7354f318930e855f90f6458\/2x-MICHELIN-E-PRIMACY-205-55R16-91-H-Rok-produkcji-2024 491w,https:\/\/a.allegroimg.com\/original\/112690\/4450a7354f318930e855f90f6458\/2x-MICHELIN-E-PRIMACY-205-55R16-91-H-Rok-produkcji-2024 698w,https:\/\/a.allegroimg.com\/original\/112690\/4450a7354f318930e855f90f6458\/2x-MICHELIN-E-PRIMACY-205-55R16-91-H-Rok-produkcji-2024 982w,https:\/\/a.allegroimg.com\/original\/112690\/4450a7354f318930e855f90f6458\/2x-MICHELIN-E-PRIMACY-205-55R16-91-H-Rok-produkcji-2024 1200w\" sizes=\"(min-width: 1200px) 560px, (min-width: 992px) 50vw, 100vw\" width=\"1200px\" alt=\"2x MICHELIN E PRIMACY 205\/55R16 91 H Rok produkcji 2024\" style=\"max-width: 100%; height: auto; display: block; margin: 0 auto;\"><\/div>\n<\/div>\n<\/div>\n<\/div>\n<\/div>\n<div style=\"clear: both; display: block; margin: 10px 0;\">\n<div style=\"clear: both; display: block; margin: 10px 0;\">\n<p style=\"margin: 15px 0; line-height: 1.8; clear: both; display: block; width: 100%; float: none; position: static;\">Dlaczego warto kupowa\u0107 u Nas ?<\/p>\n<p style=\"margin: 15px 0; line-height: 1.8; clear: both; display: block; width: 100%; float: none; position: static;\">Jeste\u015bmy firm\u0105, kt\u00f3ra na podstawie wieloletniego do\u015bwiadczenia z zaanga\u017cowaniem pomaga klientom w doborze oraz kupnie opon.<\/p>\n<p style=\"margin: 15px 0; line-height: 1.8; clear: both; display: block; width: 100%; float: none; position: static;\">Posiadamy szerok\u0105 game opon do aut osobowych, dostawczych, cie\u017carowych, motocyki jak i opon przemys\u0142owych.<\/p>\n<p style=\"margin: 15px 0; line-height: 1.8; clear: both; display: block; width: 100%; float: none; position: static;\">Gwarancja satysfakcjii oraz bezpiecznie przejechanych kilometr\u00f3w.<\/p>\n<p style=\"margin: 15px 0; line-height: 1.8; clear: both; display: block; width: 100%; float: none; position: static;\">Zosta\u0144 naszym kolejnym zadowolonym klientem.<\/p>\n<p style=\"margin: 15px 0; line-height: 1.8; clear: both; display: block; width: 100%; float: none; position: static;\">ZAPRASZAMY DO ZAKUP\u00d3W.<\/p>\n<\/div>\n<\/div>\n<\/div>\n<\/div>\n<\/div>\n<\/div>\n<div style=\"clear: both; display: block; margin: 10px 0;\">\n","protected":false},"excerpt":{"rendered":"<p>2x MICHELIN E PRIMACY 205\/55R16 91 H<\/p>\n<p>Letnie opony MICHELIN E PRIMACY 205\/55 R16 91 H<\/p>\n<p>Opony MICHELIN E PRIMACY to znacz\u0105cy model w portfolio producenta.&nbsp;<\/p>\n<p>Charakteryzuje si\u0119 bardzo niskim oporem toczenia Opony klasy Premium s\u0105 wytwarzane z zastosowaniem najbardziej zaawansowanych technologii na \u015bwiecie.<\/p>\n<p>Stan:&nbsp;Nowy<\/p>\n<p>EAN:&nbsp;3528709207898<\/p>\n<p>Producent: MICHELIN<\/p>\n<p>Model: E PRIMACY<\/p>\n","protected":false},"featured_media":14348,"template":"","meta":{"_uag_custom_page_level_css":""},"product_brand":[429],"product_cat":[414,418,413,412],"product_tag":[],"class_list":{"0":"post-14347","1":"product","2":"type-product","3":"status-publish","4":"has-post-thumbnail","6":"product_brand-michelin","7":"product_cat-do-samochodow-osobowych-i-suv","8":"product_cat-letnie","9":"product_cat-opony","10":"product_cat-opony-i-felgi","12":"first","13":"instock","14":"shipping-taxable","15":"purchasable","16":"product-type-simple"},"uagb_featured_image_src":{"full":["https:\/\/oponexa.shop\/tire\/wp-content\/uploads\/2026\/01\/allegro-image-14347.jpg",920,1120,false],"thumbnail":["https:\/\/oponexa.shop\/tire\/wp-content\/uploads\/2026\/01\/allegro-image-14347-150x150.jpg",150,150,true],"medium":["https:\/\/oponexa.shop\/tire\/wp-content\/uploads\/2026\/01\/allegro-image-14347-246x300.jpg",246,300,true],"medium_large":["https:\/\/oponexa.shop\/tire\/wp-content\/uploads\/2026\/01\/allegro-image-14347-768x935.jpg",768,935,true],"large":["https:\/\/oponexa.shop\/tire\/wp-content\/uploads\/2026\/01\/allegro-image-14347-841x1024.jpg",841,1024,true],"1536x1536":["https:\/\/oponexa.shop\/tire\/wp-content\/uploads\/2026\/01\/allegro-image-14347.jpg",920,1120,false],"2048x2048":["https:\/\/oponexa.shop\/tire\/wp-content\/uploads\/2026\/01\/allegro-image-14347.jpg",920,1120,false],"woocommerce_thumbnail":["https:\/\/oponexa.shop\/tire\/wp-content\/uploads\/2026\/01\/allegro-image-14347-300x300.jpg",300,300,true],"woocommerce_single":["https:\/\/oponexa.shop\/tire\/wp-content\/uploads\/2026\/01\/allegro-image-14347-600x730.jpg",600,730,true],"woocommerce_gallery_thumbnail":["https:\/\/oponexa.shop\/tire\/wp-content\/uploads\/2026\/01\/allegro-image-14347-100x100.jpg",100,100,true]},"uagb_author_info":{"display_name":"admin","author_link":"https:\/\/oponexa.shop\/tire\/author\/"},"uagb_comment_info":0,"uagb_excerpt":"2x MICHELIN E PRIMACY 205\/55R16 91 H Letnie opony MICHELIN E PRIMACY 205\/55 R16 91 H Opony MICHELIN E PRIMACY to znacz\u0105cy model w portfolio producenta.&nbsp; Charakteryzuje si\u0119 bardzo niskim oporem toczenia Opony klasy Premium s\u0105 wytwarzane z zastosowaniem najbardziej zaawansowanych technologii na \u015bwiecie. Stan:&nbsp;Nowy EAN:&nbsp;3528709207898 Producent: MICHELIN Model: E PRIMACY","_links":{"self":[{"href":"https:\/\/oponexa.shop\/tire\/wp-json\/wp\/v2\/product\/14347","targetHints":{"allow":["GET"]}}],"collection":[{"href":"https:\/\/oponexa.shop\/tire\/wp-json\/wp\/v2\/product"}],"about":[{"href":"https:\/\/oponexa.shop\/tire\/wp-json\/wp\/v2\/types\/product"}],"wp:featuredmedia":[{"embeddable":true,"href":"https:\/\/oponexa.shop\/tire\/wp-json\/wp\/v2\/media\/14348"}],"wp:attachment":[{"href":"https:\/\/oponexa.shop\/tire\/wp-json\/wp\/v2\/media?parent=14347"}],"wp:term":[{"taxonomy":"product_brand","embeddable":true,"href":"https:\/\/oponexa.shop\/tire\/wp-json\/wp\/v2\/product_brand?post=14347"},{"taxonomy":"product_cat","embeddable":true,"href":"https:\/\/oponexa.shop\/tire\/wp-json\/wp\/v2\/product_cat?post=14347"},{"taxonomy":"product_tag","embeddable":true,"href":"https:\/\/oponexa.shop\/tire\/wp-json\/wp\/v2\/product_tag?post=14347"}],"curies":[{"name":"wp","href":"https:\/\/api.w.org\/{rel}","templated":true}]}}