{"id":14341,"date":"2026-01-12T01:45:35","date_gmt":"2026-01-12T00:45:35","guid":{"rendered":"https:\/\/oponyspeed.shop\/xef5\/produkt\/2x-mirage-205-55r16-mr-162-91-v-dot2023-letnie\/"},"modified":"2026-01-12T01:45:35","modified_gmt":"2026-01-12T00:45:35","slug":"2x-mirage-205-55r16-mr-162-91-v-dot2023-letnie","status":"publish","type":"product","link":"https:\/\/oponixo.shop\/tire\/produkt\/2x-mirage-205-55r16-mr-162-91-v-dot2023-letnie\/","title":{"rendered":"2x MIRAGE 205\/55R16 MR-162 91 V DOT2023 letnie"},"content":{"rendered":"<div style=\"font-family: Arial, sans-serif; line-height: 1.6; color: #333; padding: 20px; clear: both; display: block; width: 100%; float: none; position: static; overflow: hidden;\">\n<div style=\"clear: both; display: block; margin: 10px 0;\">\n<div style=\"clear: both; display: block; margin: 10px 0;\">\n<div style=\"clear: both; display: block; margin: 10px 0;\">\n<h2>Przedmiotem oferty s\u0105 opony 2x MIRAGE 205\/55R16 MR-162 91 V DOT2023 letnie<\/h2>\n<\/div>\n<\/div>\n<\/div>\n<div style=\"clear: both; display: block; margin: 10px 0;\">\n<div style=\"clear: both; display: block; margin: 10px 0;\">\n<div style=\"clear: both; display: block; margin: 10px 0;\">\n<h3 style=\"color: #2c5aa0; font-size: 18px; margin: 30px 0 15px 0; font-weight: bold; clear: both; display: block; width: 100%; float: none; position: static;\">Parametry:<\/h3>\n<p style=\"margin: 15px 0; line-height: 1.8; clear: both; display: block; width: 100%; float: none; position: static;\">Marka: <b>MIRAGE<\/b><\/p>\n<p style=\"margin: 15px 0; line-height: 1.8; clear: both; display: block; width: 100%; float: none; position: static;\">Szeroko\u015b\u0107 opony: <b> 205 mm<\/b><\/p>\n<p style=\"margin: 15px 0; line-height: 1.8; clear: both; display: block; width: 100%; float: none; position: static;\">Profil opony:  <b>55<\/b><\/p>\n<p style=\"margin: 15px 0; line-height: 1.8; clear: both; display: block; width: 100%; float: none; position: static;\">\u015arednica:  <b>16&#8243;<\/b><\/p>\n<p style=\"margin: 15px 0; line-height: 1.8; clear: both; display: block; width: 100%; float: none; position: static;\">Model:  <b>MR-162<\/b><\/p>\n<p style=\"margin: 15px 0; line-height: 1.8; clear: both; display: block; width: 100%; float: none; position: static;\">Kod producenta:  <b>200M2015W2023<\/b><\/p>\n<p style=\"margin: 15px 0; line-height: 1.8; clear: both; display: block; width: 100%; float: none; position: static;\">Indeks pr\u0119dko\u015bci:  <b>V  &#8211;  240 km\/h<\/b><\/p>\n<p style=\"margin: 15px 0; line-height: 1.8; clear: both; display: block; width: 100%; float: none; position: static;\">Indeks no\u015bno\u015bci:  <b>91<\/b><\/p>\n<p style=\"margin: 15px 0; line-height: 1.8; clear: both; display: block; width: 100%; float: none; position: static;\">Op\u00f3r toczenia:  <b>Klasa D<\/b><\/p>\n<p style=\"margin: 15px 0; line-height: 1.8; clear: both; display: block; width: 100%; float: none; position: static;\">Przyczepno\u015b\u0107 na mokrej nawierzchni:  <b>Klasa D<\/b><\/p>\n<p style=\"margin: 15px 0; line-height: 1.8; clear: both; display: block; width: 100%; float: none; position: static;\">Ha\u0142as zewn\u0119trzny:  <b>71dB<\/b><\/p>\n<\/div>\n<\/div>\n<div style=\"clear: both; display: block; margin: 10px 0;\">\n<div style=\"clear: both; display: block; margin: 10px 0;\">\n<div  style=\"max-width:316px;max-height:500px\">\n<div style=\"clear: both; display: block; margin: 10px 0;\">\n<div style=\"clear: both; width: 100%; display: block; margin: 20px 0; padding: 0; float: none; position: static; text-align: center;\"><img decoding=\"async\"  src=\"https:\/\/a.allegroimg.com\/original\/11e2fc\/272c11f847b2bbb452ad44f79b9d\/2x-MIRAGE-205-55R16-MR-162-91-V-DOT2023-letnie\" srcset=\"https:\/\/a.allegroimg.com\/original\/11e2fc\/272c11f847b2bbb452ad44f79b9d\/2x-MIRAGE-205-55R16-MR-162-91-V-DOT2023-letnie 227w,https:\/\/a.allegroimg.com\/original\/11e2fc\/272c11f847b2bbb452ad44f79b9d\/2x-MIRAGE-205-55R16-MR-162-91-V-DOT2023-letnie 316w,https:\/\/a.allegroimg.com\/original\/11e2fc\/272c11f847b2bbb452ad44f79b9d\/2x-MIRAGE-205-55R16-MR-162-91-V-DOT2023-letnie 316w\" sizes=\"(min-width: 1200px) 560px, (min-width: 992px) 50vw, 100vw\" width=\"316px\" alt=\"2x MIRAGE 205\/55R16 MR-162 91 V DOT2023 letnie\" style=\"max-width: 100%; height: auto; display: block; margin: 0 auto;\"><\/div>\n<\/div>\n<\/div>\n<\/div>\n<\/div>\n<\/div>\n<div style=\"clear: both; display: block; margin: 10px 0;\">\n<div style=\"clear: both; display: block; margin: 10px 0;\">\n<div style=\"clear: both; display: block; margin: 10px 0;\">\n<h2>MIRAGE<\/h2>\n<p style=\"margin: 15px 0; line-height: 1.8; clear: both; display: block; width: 100%; float: none; position: static;\">Opony <b>MIRAGE<\/b> stanowi\u0105 jedn\u0105 z g\u0142\u00f3wnych marek firmy Shandong Hengfeng Rubber &amp; Plastic Co., Ltd.&nbsp;Przedsi\u0119biorstwo jest jednym z najwi\u0119kszych producent\u00f3w opon w Chinach, zosta\u0142o za\u0142o\u017cone w 1995 r. i jest zlokalizowane na powierzchni ok. 2 km2. Hengfeng szczyci si\u0119 swoim do\u015bwiadczonym zespo\u0142em dzia\u0142aj\u0105cym w dziedzinie Bada\u0144 i Rozwoju oraz zaawansowanymi urz\u0105dzeniami testowymi, kt\u00f3re zapewniaj\u0105 doskona\u0142\u0105 i stabiln\u0105 jako\u015b\u0107 jej produkt\u00f3w. Wiele urz\u0105dze\u0144 produkcyjnych firmy Hengfeng jest importowanych z Europy, Stan\u00f3w Zjednoczonych i Japonii.<\/p>\n<\/div>\n<\/div>\n<\/div>\n<div style=\"clear: both; display: block; margin: 10px 0;\">\n<div style=\"clear: both; display: block; margin: 10px 0;\">\n<div style=\"clear: both; display: block; margin: 10px 0;\">\n<div  style=\"max-width:1454px;max-height:333px\">\n<div style=\"clear: both; display: block; margin: 10px 0;\">\n<div style=\"clear: both; width: 100%; display: block; margin: 20px 0; padding: 0; float: none; position: static; text-align: center;\"><img decoding=\"async\"  src=\"https:\/\/a.allegroimg.com\/original\/1123ca\/e8572ba74e08b5bde2119d07114d\/2x-MIRAGE-205-55R16-MR-162-91-V-DOT2023-letnie-Marka-Mirage\" srcset=\"https:\/\/a.allegroimg.com\/original\/1123ca\/e8572ba74e08b5bde2119d07114d\/2x-MIRAGE-205-55R16-MR-162-91-V-DOT2023-letnie-Marka-Mirage 360w,https:\/\/a.allegroimg.com\/original\/1123ca\/e8572ba74e08b5bde2119d07114d\/2x-MIRAGE-205-55R16-MR-162-91-V-DOT2023-letnie-Marka-Mirage 720w,https:\/\/a.allegroimg.com\/original\/1123ca\/e8572ba74e08b5bde2119d07114d\/2x-MIRAGE-205-55R16-MR-162-91-V-DOT2023-letnie-Marka-Mirage 1024w,https:\/\/a.allegroimg.com\/original\/1123ca\/e8572ba74e08b5bde2119d07114d\/2x-MIRAGE-205-55R16-MR-162-91-V-DOT2023-letnie-Marka-Mirage 1440w,https:\/\/a.allegroimg.com\/original\/1123ca\/e8572ba74e08b5bde2119d07114d\/2x-MIRAGE-205-55R16-MR-162-91-V-DOT2023-letnie-Marka-Mirage 1454w\" sizes=\"100vw\" width=\"1454px\" alt=\"2x MIRAGE 205\/55R16 MR-162 91 V DOT2023 letnie Marka Mirage\" style=\"max-width: 100%; height: auto; display: block; margin: 0 auto;\"><\/div>\n<\/div>\n<\/div>\n<\/div>\n<\/div>\n<\/div>\n<\/div>\n<\/div>\n<\/div>\n<div style=\"clear: both; display: block; margin: 10px 0;\">\n","protected":false},"excerpt":{"rendered":"<p>Przedmiotem oferty s\u0105 opony 2x MIRAGE 205\/55R16 MR-162 91 V DOT2023 letnie<\/p>\n<p>Parametry:<\/p>\n<p>Marka: MIRAGE<\/p>\n<p>Szeroko\u015b\u0107 opony: 205 mm<\/p>\n<p>Profil opony: 55<\/p>\n<p>\u015arednica: 16&quot;<\/p>\n<p>Model: MR-162<\/p>\n<p>Kod producenta: 200M2015W2023<\/p>\n","protected":false},"featured_media":14342,"template":"","meta":{"_uag_custom_page_level_css":""},"product_brand":[494],"product_cat":[414,418,413,412],"product_tag":[],"class_list":{"0":"post-14341","1":"product","2":"type-product","3":"status-publish","4":"has-post-thumbnail","6":"product_brand-mirage","7":"product_cat-do-samochodow-osobowych-i-suv","8":"product_cat-letnie","9":"product_cat-opony","10":"product_cat-opony-i-felgi","12":"first","13":"instock","14":"shipping-taxable","15":"purchasable","16":"product-type-simple"},"uagb_featured_image_src":{"full":["https:\/\/oponixo.shop\/tire\/wp-content\/uploads\/2026\/01\/allegro-image-14341.jpg",316,500,false],"thumbnail":["https:\/\/oponixo.shop\/tire\/wp-content\/uploads\/2026\/01\/allegro-image-14341-150x150.jpg",150,150,true],"medium":["https:\/\/oponixo.shop\/tire\/wp-content\/uploads\/2026\/01\/allegro-image-14341-190x300.jpg",190,300,true],"medium_large":["https:\/\/oponixo.shop\/tire\/wp-content\/uploads\/2026\/01\/allegro-image-14341.jpg",316,500,false],"large":["https:\/\/oponixo.shop\/tire\/wp-content\/uploads\/2026\/01\/allegro-image-14341.jpg",316,500,false],"1536x1536":["https:\/\/oponixo.shop\/tire\/wp-content\/uploads\/2026\/01\/allegro-image-14341.jpg",316,500,false],"2048x2048":["https:\/\/oponixo.shop\/tire\/wp-content\/uploads\/2026\/01\/allegro-image-14341.jpg",316,500,false],"woocommerce_thumbnail":["https:\/\/oponixo.shop\/tire\/wp-content\/uploads\/2026\/01\/allegro-image-14341-300x300.jpg",300,300,true],"woocommerce_single":["https:\/\/oponixo.shop\/tire\/wp-content\/uploads\/2026\/01\/allegro-image-14341.jpg",316,500,false],"woocommerce_gallery_thumbnail":["https:\/\/oponixo.shop\/tire\/wp-content\/uploads\/2026\/01\/allegro-image-14341-100x100.jpg",100,100,true]},"uagb_author_info":{"display_name":"admin","author_link":"https:\/\/oponixo.shop\/tire\/author\/"},"uagb_comment_info":0,"uagb_excerpt":"Przedmiotem oferty s\u0105 opony 2x MIRAGE 205\/55R16 MR-162 91 V DOT2023 letnie Parametry: Marka: MIRAGE Szeroko\u015b\u0107 opony: 205 mm Profil opony: 55 \u015arednica: 16&quot; Model: MR-162 Kod producenta: 200M2015W2023","_links":{"self":[{"href":"https:\/\/oponixo.shop\/tire\/wp-json\/wp\/v2\/product\/14341","targetHints":{"allow":["GET"]}}],"collection":[{"href":"https:\/\/oponixo.shop\/tire\/wp-json\/wp\/v2\/product"}],"about":[{"href":"https:\/\/oponixo.shop\/tire\/wp-json\/wp\/v2\/types\/product"}],"wp:featuredmedia":[{"embeddable":true,"href":"https:\/\/oponixo.shop\/tire\/wp-json\/wp\/v2\/media\/14342"}],"wp:attachment":[{"href":"https:\/\/oponixo.shop\/tire\/wp-json\/wp\/v2\/media?parent=14341"}],"wp:term":[{"taxonomy":"product_brand","embeddable":true,"href":"https:\/\/oponixo.shop\/tire\/wp-json\/wp\/v2\/product_brand?post=14341"},{"taxonomy":"product_cat","embeddable":true,"href":"https:\/\/oponixo.shop\/tire\/wp-json\/wp\/v2\/product_cat?post=14341"},{"taxonomy":"product_tag","embeddable":true,"href":"https:\/\/oponixo.shop\/tire\/wp-json\/wp\/v2\/product_tag?post=14341"}],"curies":[{"name":"wp","href":"https:\/\/api.w.org\/{rel}","templated":true}]}}