{"id":14314,"date":"2026-01-12T01:35:24","date_gmt":"2026-01-12T00:35:24","guid":{"rendered":"https:\/\/oponyspeed.shop\/xef5\/produkt\/2x-opona-letnia-uniroyal-rainsport-5-225-45r17-91y-fr\/"},"modified":"2026-01-12T01:35:24","modified_gmt":"2026-01-12T00:35:24","slug":"2x-opona-letnia-uniroyal-rainsport-5-225-45r17-91y-fr","status":"publish","type":"product","link":"https:\/\/oponixo.shop\/tire\/produkt\/2x-opona-letnia-uniroyal-rainsport-5-225-45r17-91y-fr\/","title":{"rendered":"2x Opona letnia Uniroyal RAINSPORT 5 225\/45R17 91Y FR"},"content":{"rendered":"<div style=\"font-family: Arial, sans-serif; line-height: 1.6; color: #333; padding: 20px; clear: both; display: block; width: 100%; float: none; position: static; overflow: hidden;\">\n<div style=\"clear: both; display: block; margin: 10px 0;\">\n<div style=\"clear: both; display: block; margin: 10px 0;\">\n<div style=\"clear: both; display: block; margin: 10px 0;\">\n<h3 style=\"color: #2c5aa0; font-size: 18px; margin: 30px 0 15px 0; font-weight: bold; clear: both; display: block; width: 100%; float: none; position: static;\">2x Opona letnia Uniroyal RAINSPORT 5 225\/45R17 91Y FR<\/h3>\n<\/div>\n<\/div>\n<\/div>\n<div style=\"clear: both; display: block; margin: 10px 0;\">\n<div style=\"clear: both; display: block; margin: 10px 0;\">\n<div style=\"clear: both; display: block; margin: 10px 0;\">\n<div  style=\"max-width:500px;max-height:500px\">\n<div style=\"clear: both; display: block; margin: 10px 0;\">\n<div style=\"clear: both; width: 100%; display: block; margin: 20px 0; padding: 0; float: none; position: static; text-align: center;\"><img decoding=\"async\"  src=\"https:\/\/a.allegroimg.com\/original\/117ccd\/3fa36afc4cd2a39e1f4514f1d42d\/2x-Opona-letnia-Uniroyal-RAINSPORT-5-225-45R17-91Y-FR\" srcset=\"https:\/\/a.allegroimg.com\/original\/117ccd\/3fa36afc4cd2a39e1f4514f1d42d\/2x-Opona-letnia-Uniroyal-RAINSPORT-5-225-45R17-91Y-FR 360w,https:\/\/a.allegroimg.com\/original\/117ccd\/3fa36afc4cd2a39e1f4514f1d42d\/2x-Opona-letnia-Uniroyal-RAINSPORT-5-225-45R17-91Y-FR 500w,https:\/\/a.allegroimg.com\/original\/117ccd\/3fa36afc4cd2a39e1f4514f1d42d\/2x-Opona-letnia-Uniroyal-RAINSPORT-5-225-45R17-91Y-FR 500w\" sizes=\"(min-width: 1200px) 560px, (min-width: 992px) 50vw, 100vw\" width=\"500px\" alt=\"2x Opona letnia Uniroyal RAINSPORT 5 225\/45R17 91Y FR\" style=\"max-width: 100%; height: auto; display: block; margin: 0 auto;\"><\/div>\n<\/div>\n<\/div>\n<\/div>\n<\/div>\n<div style=\"clear: both; display: block; margin: 10px 0;\">\n<div style=\"clear: both; display: block; margin: 10px 0;\">\n<ul style=\"margin: 15px 0; padding-left: 20px; clear: both; display: block; width: 100%; float: none; position: static;\">\n<li style=\"margin: 5px 0; padding: 2px 0; clear: both; display: list-item; float: none; position: static;\">Marka: <b>Uniroyal<\/b><\/li>\n<li style=\"margin: 5px 0; padding: 2px 0; clear: both; display: list-item; float: none; position: static;\">Marka koncernu: <b>Continental<\/b><\/li>\n<li style=\"margin: 5px 0; padding: 2px 0; clear: both; display: list-item; float: none; position: static;\">Liczba opon w ofercie: <b>2 szt.<\/b><\/li>\n<li style=\"margin: 5px 0; padding: 2px 0; clear: both; display: list-item; float: none; position: static;\">Sezon: <b>Letnie<\/b><\/li>\n<li style=\"margin: 5px 0; padding: 2px 0; clear: both; display: list-item; float: none; position: static;\">Model: <b>RainSport 5<\/b><\/li>\n<li style=\"margin: 5px 0; padding: 2px 0; clear: both; display: list-item; float: none; position: static;\">Szeroko\u015b\u0107: <b>225<\/b><\/li>\n<li style=\"margin: 5px 0; padding: 2px 0; clear: both; display: list-item; float: none; position: static;\">Profil: <b>45<\/b><\/li>\n<li style=\"margin: 5px 0; padding: 2px 0; clear: both; display: list-item; float: none; position: static;\">\u015arednica: <b>17<\/b><\/li>\n<li style=\"margin: 5px 0; padding: 2px 0; clear: both; display: list-item; float: none; position: static;\">Index no\u015bno\u015bci: <b>91<\/b><\/li>\n<li style=\"margin: 5px 0; padding: 2px 0; clear: both; display: list-item; float: none; position: static;\">Index pr\u0119dko\u015bci: <b>Y<\/b><\/li>\n<li style=\"margin: 5px 0; padding: 2px 0; clear: both; display: list-item; float: none; position: static;\">Hamowanie na mokrym: <b>A<\/b><\/li>\n<li style=\"margin: 5px 0; padding: 2px 0; clear: both; display: list-item; float: none; position: static;\">Op\u00f3r toczenia: <b>C<\/b><\/li>\n<li style=\"margin: 5px 0; padding: 2px 0; clear: both; display: list-item; float: none; position: static;\">Ha\u0142as zewn\u0119trzny: <b>71dB<\/b><\/li>\n<li style=\"margin: 5px 0; padding: 2px 0; clear: both; display: list-item; float: none; position: static;\">SAP: <b>03610560000<\/b><\/li>\n<li style=\"margin: 5px 0; padding: 2px 0; clear: both; display: list-item; float: none; position: static;\">EAN: <b>4024068002659<\/b><\/li>\n<\/ul>\n<\/div>\n<\/div>\n<\/div>\n<div style=\"clear: both; display: block; margin: 10px 0;\">\n<div style=\"clear: both; display: block; margin: 10px 0;\">\n<div style=\"clear: both; display: block; margin: 10px 0;\">\n<h3 style=\"color: #2c5aa0; font-size: 18px; margin: 30px 0 15px 0; font-weight: bold; clear: both; display: block; width: 100%; float: none; position: static;\">Rok produkcji (DOT): 2025\/2024 &#8211; kupuj\u0105c z tej oferty otrzymasz opony fabrycznie nowe.<\/h3>\n<p style=\"margin: 15px 0; line-height: 1.8; clear: both; display: block; width: 100%; float: none; position: static;\">Specjali\u015bci z Polskiego Zwi\u0105zku Przemys\u0142u Oponiarskiego (PZPO) podkre\u015blaj\u0105, \u017ce nowe opony, przechowywane w odpowiednich warunkach, zachowuj\u0105 pe\u0142n\u0105 warto\u015b\u0107 i nie r\u00f3\u017cni\u0105 si\u0119 jako\u015bciowo od tych pochodz\u0105cych z bie\u017c\u0105cej produkcji. Wynika to z faktu, \u017ce proces starzenia si\u0119 opon nast\u0119puje wy\u0142\u0105cznie podczas ich eksploatacji, a nie w trakcie przechowywania.<\/p>\n<\/div>\n<\/div>\n<\/div>\n<div style=\"clear: both; display: block; margin: 10px 0;\">\n<div style=\"clear: both; display: block; margin: 10px 0;\">\n<div style=\"clear: both; display: block; margin: 10px 0;\">\n<h3 style=\"color: #2c5aa0; font-size: 18px; margin: 30px 0 15px 0; font-weight: bold; clear: both; display: block; width: 100%; float: none; position: static;\">Rok produkcji opony znajdziesz na jej boku, przy oznaczeniu DOT. Cztery ostatnie cyfry m\u00f3wi\u0105, kiedy opona zosta\u0142a wyprodukowana:<\/h3>\n<ul style=\"margin: 15px 0; padding-left: 20px; clear: both; display: block; width: 100%; float: none; position: static;\">\n<li style=\"margin: 5px 0; padding: 2px 0; clear: both; display: list-item; float: none; position: static;\">Pierwsze dwie \u2013 tydzie\u0144 produkcji,<\/li>\n<li style=\"margin: 5px 0; padding: 2px 0; clear: both; display: list-item; float: none; position: static;\">Ostatnie dwie \u2013 rok produkcji.&nbsp;<\/li>\n<\/ul>\n<p style=\"margin: 15px 0; line-height: 1.8; clear: both; display: block; width: 100%; float: none; position: static;\">Przyk\u0142ad: 1924 oznacza, \u017ce opona zosta\u0142a wyprodukowana w 19 tygodniu 2024 roku.<\/p>\n<\/div>\n<\/div>\n<\/div>\n<div style=\"clear: both; display: block; margin: 10px 0;\">\n<div style=\"clear: both; display: block; margin: 10px 0;\">\n<div style=\"clear: both; display: block; margin: 10px 0;\">\n<p style=\"margin: 15px 0; line-height: 1.8; clear: both; display: block; width: 100%; float: none; position: static;\"><b>Uniroyal RainSport 5 &#8211; gwarancja bezpiecze\u0144stwa!<\/b> Opona letnia klasy \u015bredniej. Dost\u0119pna jest w rozmiarach od 15 do 21 cali. Sprawdzi si\u0119 idealnie w samochodach kompaktowych oraz autach \u015bredniej i wy\u017cszej klasy, SUV-ach jak r\u00f3wnie\u017c luksusowych modelach sportowych.<\/p>\n<ul style=\"margin: 15px 0; padding-left: 20px; clear: both; display: block; width: 100%; float: none; position: static;\">\n<li style=\"margin: 5px 0; padding: 2px 0; clear: both; display: list-item; float: none; position: static;\">Uniroyal to specjalista od opon deszczowych od roku 1969, a model RainSport 5 to nowa linia opon letnich, kt\u00f3ra zosta\u0142a opracowana w celu po\u0142\u0105czenia <b>najlepszych<\/b> w swojej klasie osi\u0105g\u00f3w na mokrej nawierzchni, wi\u0119kszego przebiegu i doskona\u0142ej kontroli prowadzenia. Model zapewnia d\u0142ug\u0105 oraz bezpieczn\u0105 podr\u00f3\u017c w ka\u017cdych warunkach pogodowych. Aby sprosta\u0107 sportowym aspiracjom, a tak\u017ce przyjemno\u015bci prowadzenia, opona RainSport 5 zapewnia nam lepsz\u0105 kontrol\u0119 na suchej nawierzchni.<\/li>\n<li style=\"margin: 5px 0; padding: 2px 0; clear: both; display: list-item; float: none; position: static;\"><b>Bie\u017cnik asymetryczny<\/b> cechuj\u0105 szerokie dwukierunkowe rowki w centrum, kt\u00f3re pozwalaj\u0105 na szybkie odprowadzanie wody z powierzchni opony, nowe lamele <b>Aqua-Twist<\/b> (podczas zu\u017cywania opony lamela otwiera si\u0119 i rozszerza aby zapewni\u0107 sta\u0142y poziom bezpiecze\u0144stwa nawet przy ni\u017cszej g\u0142\u0119boko\u015bci bie\u017cnika) oraz <b>Shark Skin Technology<\/b> &#8211; we wzorze bie\u017cnika zastosowano mikrostruktur\u0119 powierzchniow\u0105, kt\u00f3ra imituje \u0142uski rekina. Zapobiega to skutecznie efektowi aquaplaningu. Nowoczesna mieszanka gumy posiada niski wsp\u00f3\u0142czynnik \u015bcierania, a zwi\u0119kszona sztywno\u015b\u0107 konstrukcji bie\u017cnika w cz\u0119\u015bci barkowej zapewnia mniejsze opory toczenia i redukcj\u0119 ha\u0142asu zewn\u0119trznego. Szerokie, dodatkowo wzmocnione \u017cebro centralne zapewnia doskona\u0142\u0105 precyzj\u0119 kierowania, a tak\u017ce stabilno\u015b\u0107 opony.<\/li>\n<li style=\"margin: 5px 0; padding: 2px 0; clear: both; display: list-item; float: none; position: static;\">Dzi\u0119ki unikalnemu projektowi i innowacyjnym technologiom RainSport 5 zapewnia wyj\u0105tkow\u0105 wydajno\u015b\u0107 na mokrej nawierzchni, o czym \u015bwiadczy osi\u0105gni\u0119cie <b>warto\u015bci A na etykiecie UE.<\/b><\/li>\n<\/ul>\n<h3 style=\"color: #2c5aa0; font-size: 18px; margin: 30px 0 15px 0; font-weight: bold; clear: both; display: block; width: 100%; float: none; position: static;\">Nowa Uniroyal RainSport 5 \u0142\u0105czy najlepsze w swojej klasie osi\u0105gi na mokrej nawierzchni, zwi\u0119kszony przebieg i doskona\u0142\u0105 kontrol\u0119 prowadzenia.<\/h3>\n<\/div>\n<\/div>\n<\/div>\n<\/div>\n<\/div>\n<\/div>\n<div style=\"clear: both; display: block; margin: 10px 0;\">\n","protected":false},"excerpt":{"rendered":"<p>2x Opona letnia Uniroyal RAINSPORT 5 225\/45R17 91Y FR<\/p>\n<p>Marka: Uniroyal<\/p>\n<p>Marka koncernu: Continental<\/p>\n<p>Liczba opon w ofercie: 2 szt.<\/p>\n<p>Sezon: Letnie<\/p>\n<p>Model: RainSport 5<\/p>\n<p>Szeroko\u015b\u0107: 225<\/p>\n<p>Profil: 45<\/p>\n","protected":false},"featured_media":14315,"template":"","meta":{"_uag_custom_page_level_css":""},"product_brand":[394],"product_cat":[414,418,413,412],"product_tag":[],"class_list":{"0":"post-14314","1":"product","2":"type-product","3":"status-publish","4":"has-post-thumbnail","6":"product_brand-uniroyal","7":"product_cat-do-samochodow-osobowych-i-suv","8":"product_cat-letnie","9":"product_cat-opony","10":"product_cat-opony-i-felgi","12":"first","13":"instock","14":"shipping-taxable","15":"purchasable","16":"product-type-simple"},"uagb_featured_image_src":{"full":["https:\/\/oponixo.shop\/tire\/wp-content\/uploads\/2026\/01\/allegro-image-14314.jpg",500,500,false],"thumbnail":["https:\/\/oponixo.shop\/tire\/wp-content\/uploads\/2026\/01\/allegro-image-14314-150x150.jpg",150,150,true],"medium":["https:\/\/oponixo.shop\/tire\/wp-content\/uploads\/2026\/01\/allegro-image-14314-300x300.jpg",300,300,true],"medium_large":["https:\/\/oponixo.shop\/tire\/wp-content\/uploads\/2026\/01\/allegro-image-14314.jpg",500,500,false],"large":["https:\/\/oponixo.shop\/tire\/wp-content\/uploads\/2026\/01\/allegro-image-14314.jpg",500,500,false],"1536x1536":["https:\/\/oponixo.shop\/tire\/wp-content\/uploads\/2026\/01\/allegro-image-14314.jpg",500,500,false],"2048x2048":["https:\/\/oponixo.shop\/tire\/wp-content\/uploads\/2026\/01\/allegro-image-14314.jpg",500,500,false],"woocommerce_thumbnail":["https:\/\/oponixo.shop\/tire\/wp-content\/uploads\/2026\/01\/allegro-image-14314-300x300.jpg",300,300,true],"woocommerce_single":["https:\/\/oponixo.shop\/tire\/wp-content\/uploads\/2026\/01\/allegro-image-14314.jpg",500,500,false],"woocommerce_gallery_thumbnail":["https:\/\/oponixo.shop\/tire\/wp-content\/uploads\/2026\/01\/allegro-image-14314-100x100.jpg",100,100,true]},"uagb_author_info":{"display_name":"admin","author_link":"https:\/\/oponixo.shop\/tire\/author\/"},"uagb_comment_info":0,"uagb_excerpt":"2x Opona letnia Uniroyal RAINSPORT 5 225\/45R17 91Y FR Marka: Uniroyal Marka koncernu: Continental Liczba opon w ofercie: 2 szt. Sezon: Letnie Model: RainSport 5 Szeroko\u015b\u0107: 225 Profil: 45","_links":{"self":[{"href":"https:\/\/oponixo.shop\/tire\/wp-json\/wp\/v2\/product\/14314","targetHints":{"allow":["GET"]}}],"collection":[{"href":"https:\/\/oponixo.shop\/tire\/wp-json\/wp\/v2\/product"}],"about":[{"href":"https:\/\/oponixo.shop\/tire\/wp-json\/wp\/v2\/types\/product"}],"wp:featuredmedia":[{"embeddable":true,"href":"https:\/\/oponixo.shop\/tire\/wp-json\/wp\/v2\/media\/14315"}],"wp:attachment":[{"href":"https:\/\/oponixo.shop\/tire\/wp-json\/wp\/v2\/media?parent=14314"}],"wp:term":[{"taxonomy":"product_brand","embeddable":true,"href":"https:\/\/oponixo.shop\/tire\/wp-json\/wp\/v2\/product_brand?post=14314"},{"taxonomy":"product_cat","embeddable":true,"href":"https:\/\/oponixo.shop\/tire\/wp-json\/wp\/v2\/product_cat?post=14314"},{"taxonomy":"product_tag","embeddable":true,"href":"https:\/\/oponixo.shop\/tire\/wp-json\/wp\/v2\/product_tag?post=14314"}],"curies":[{"name":"wp","href":"https:\/\/api.w.org\/{rel}","templated":true}]}}