{"id":14302,"date":"2026-01-12T01:35:21","date_gmt":"2026-01-12T00:35:21","guid":{"rendered":"https:\/\/oponyspeed.shop\/xef5\/produkt\/2x-debica-235-45r17-presto-uhp-2-97-y-xl-fp-dot2022-letnie\/"},"modified":"2026-01-12T01:35:21","modified_gmt":"2026-01-12T00:35:21","slug":"2x-debica-235-45r17-presto-uhp-2-97-y-xl-fp-dot2022-letnie","status":"publish","type":"product","link":"https:\/\/oponexa.shop\/tire\/produkt\/2x-debica-235-45r17-presto-uhp-2-97-y-xl-fp-dot2022-letnie\/","title":{"rendered":"2x D\u0118BICA 235\/45R17 PRESTO UHP 2 97 Y XL FP DOT2022 letnie"},"content":{"rendered":"<div style=\"font-family: Arial, sans-serif; line-height: 1.6; color: #333; padding: 20px; clear: both; display: block; width: 100%; float: none; position: static; overflow: hidden;\">\n<div style=\"clear: both; display: block; margin: 10px 0;\">\n<div style=\"clear: both; display: block; margin: 10px 0;\">\n<div style=\"clear: both; display: block; margin: 10px 0;\">\n<h2>Przedmiotem oferty s\u0105 opony 2x D\u0118BICA 235\/45R17 PRESTO UHP 2 97 Y XL FP DO letnie<\/h2>\n<\/div>\n<\/div>\n<\/div>\n<div style=\"clear: both; display: block; margin: 10px 0;\">\n<div style=\"clear: both; display: block; margin: 10px 0;\">\n<div style=\"clear: both; display: block; margin: 10px 0;\">\n<h3 style=\"color: #2c5aa0; font-size: 18px; margin: 30px 0 15px 0; font-weight: bold; clear: both; display: block; width: 100%; float: none; position: static;\">Parametry:<\/h3>\n<p style=\"margin: 15px 0; line-height: 1.8; clear: both; display: block; width: 100%; float: none; position: static;\">Marka: <b>D\u0118BICA<\/b><\/p>\n<p style=\"margin: 15px 0; line-height: 1.8; clear: both; display: block; width: 100%; float: none; position: static;\">Szeroko\u015b\u0107 opony: <b> 235 mm<\/b><\/p>\n<p style=\"margin: 15px 0; line-height: 1.8; clear: both; display: block; width: 100%; float: none; position: static;\">Profil opony:  <b>45<\/b><\/p>\n<p style=\"margin: 15px 0; line-height: 1.8; clear: both; display: block; width: 100%; float: none; position: static;\">\u015arednica:  <b>17&#8243;<\/b><\/p>\n<p style=\"margin: 15px 0; line-height: 1.8; clear: both; display: block; width: 100%; float: none; position: static;\">Model:  <b>PRESTO UHP 2<\/b><\/p>\n<p style=\"margin: 15px 0; line-height: 1.8; clear: both; display: block; width: 100%; float: none; position: static;\">Kod producenta:  <b>575957W2022<\/b><\/p>\n<p style=\"margin: 15px 0; line-height: 1.8; clear: both; display: block; width: 100%; float: none; position: static;\">Indeks pr\u0119dko\u015bci:  <b>Y  &#8211;  300 km\/h<\/b><\/p>\n<p style=\"margin: 15px 0; line-height: 1.8; clear: both; display: block; width: 100%; float: none; position: static;\">Indeks no\u015bno\u015bci:  <b>97<\/b><\/p>\n<p style=\"margin: 15px 0; line-height: 1.8; clear: both; display: block; width: 100%; float: none; position: static;\">Op\u00f3r toczenia:  <b>Klasa C<\/b><\/p>\n<p style=\"margin: 15px 0; line-height: 1.8; clear: both; display: block; width: 100%; float: none; position: static;\">Przyczepno\u015b\u0107 na mokrej nawierzchni:  <b>Klasa A<\/b><\/p>\n<p style=\"margin: 15px 0; line-height: 1.8; clear: both; display: block; width: 100%; float: none; position: static;\">Ha\u0142as zewn\u0119trzny:  <b>71dB<\/b><\/p>\n<\/div>\n<\/div>\n<div style=\"clear: both; display: block; margin: 10px 0;\">\n<div style=\"clear: both; display: block; margin: 10px 0;\">\n<div  style=\"max-width:348px;max-height:500px\">\n<div style=\"clear: both; display: block; margin: 10px 0;\">\n<div style=\"clear: both; width: 100%; display: block; margin: 20px 0; padding: 0; float: none; position: static; text-align: center;\"><img decoding=\"async\"  src=\"https:\/\/a.allegroimg.com\/original\/11b167\/3b2de606437c8240a02ff9e34bb8\/2x-DEBICA-235-45R17-PRESTO-UHP-2-97-Y-XL-FP-DOT2022-letnie\" srcset=\"https:\/\/a.allegroimg.com\/original\/11b167\/3b2de606437c8240a02ff9e34bb8\/2x-DEBICA-235-45R17-PRESTO-UHP-2-97-Y-XL-FP-DOT2022-letnie 250w,https:\/\/a.allegroimg.com\/original\/11b167\/3b2de606437c8240a02ff9e34bb8\/2x-DEBICA-235-45R17-PRESTO-UHP-2-97-Y-XL-FP-DOT2022-letnie 348w,https:\/\/a.allegroimg.com\/original\/11b167\/3b2de606437c8240a02ff9e34bb8\/2x-DEBICA-235-45R17-PRESTO-UHP-2-97-Y-XL-FP-DOT2022-letnie 348w\" sizes=\"(min-width: 1200px) 560px, (min-width: 992px) 50vw, 100vw\" width=\"348px\" alt=\"2x D\u0118BICA 235\/45R17 PRESTO UHP 2 97 Y XL FP DOT2022 letnie\" style=\"max-width: 100%; height: auto; display: block; margin: 0 auto;\"><\/div>\n<\/div>\n<\/div>\n<\/div>\n<\/div>\n<\/div>\n<div style=\"clear: both; display: block; margin: 10px 0;\">\n<div style=\"clear: both; display: block; margin: 10px 0;\">\n<div style=\"clear: both; display: block; margin: 10px 0;\">\n<div  style=\"max-width:257px;max-height:550px\">\n<div style=\"clear: both; display: block; margin: 10px 0;\">\n<div style=\"clear: both; width: 100%; display: block; margin: 20px 0; padding: 0; float: none; position: static; text-align: center;\"><img decoding=\"async\"  src=\"https:\/\/a.allegroimg.com\/original\/110600\/973c4b5849e1b6a5c5c946d62d41\/2x-DEBICA-235-45R17-PRESTO-UHP-2-97-Y-XL-FP-DOT2022-letnie-Liczba-opon-w-ofercie-2-szt\" srcset=\"https:\/\/a.allegroimg.com\/original\/110600\/973c4b5849e1b6a5c5c946d62d41\/2x-DEBICA-235-45R17-PRESTO-UHP-2-97-Y-XL-FP-DOT2022-letnie-Liczba-opon-w-ofercie-2-szt 168w,https:\/\/a.allegroimg.com\/original\/110600\/973c4b5849e1b6a5c5c946d62d41\/2x-DEBICA-235-45R17-PRESTO-UHP-2-97-Y-XL-FP-DOT2022-letnie-Liczba-opon-w-ofercie-2-szt 257w,https:\/\/a.allegroimg.com\/original\/110600\/973c4b5849e1b6a5c5c946d62d41\/2x-DEBICA-235-45R17-PRESTO-UHP-2-97-Y-XL-FP-DOT2022-letnie-Liczba-opon-w-ofercie-2-szt 257w\" sizes=\"(min-width: 1200px) 560px, (min-width: 992px) 50vw, 100vw\" width=\"257px\" alt=\"2x D\u0118BICA 235\/45R17 PRESTO UHP 2 97 Y XL FP DOT2022 letnie Liczba opon w ofercie 2 szt.\" style=\"max-width: 100%; height: auto; display: block; margin: 0 auto;\"><\/div>\n<\/div>\n<\/div>\n<\/div>\n<\/div>\n<div style=\"clear: both; display: block; margin: 10px 0;\">\n<div style=\"clear: both; display: block; margin: 10px 0;\">\n<h1>Presto UHP 2<\/h1>\n<p style=\"margin: 15px 0; line-height: 1.8; clear: both; display: block; width: 100%; float: none; position: static;\">Opona o ultra wysokich osi\u0105gach wyposa\u017cona w szereg rozwi\u0105za\u0144 technologicznych, kt\u00f3ra dostarcza pewno\u015b\u0107 sportowej jazdy oraz charakteryzuje si\u0119 d\u0142ugim przebiegiem. <b>D\u0119bica Presto UHP2<\/b> z nowym asymetrycznym bie\u017cnikiem oraz konkurencyjnymi parametrami na etykiecie odpowiada na oczekiwania najbardziej wymagaj\u0105cych klient\u00f3w, kt\u00f3rzy szukaj\u0105 opon dla samochod\u00f3w osobowych o wi\u0119kszych mocach silnika za rozs\u0105dn\u0105 cen\u0119.<\/p>\n<ul style=\"margin: 15px 0; padding-left: 20px; clear: both; display: block; width: 100%; float: none; position: static;\">\n<li style=\"margin: 5px 0; padding: 2px 0; clear: both; display: list-item; float: none; position: static;\">Du\u017ca liczba kraw\u0119dzi tn\u0105cych odprowadza wod\u0119 zapewniaj\u0105c&nbsp;<b>lepsz\u0105 przyczepno\u015b\u0107 na mokrych drogach.<\/b><\/li>\n<li style=\"margin: 5px 0; padding: 2px 0; clear: both; display: list-item; float: none; position: static;\">Asymetryczny wz\u00f3r bie\u017cnika oraz usztywnione zewn\u0119trzne \u017cebro zapewniaj\u0105&nbsp;<b>dobre prowadzenie oraz osi\u0105gi na suchej nawierzchni&nbsp;przy wysokiej pr\u0119dko\u015bci.<\/b><\/li>\n<li style=\"margin: 5px 0; padding: 2px 0; clear: both; display: list-item; float: none; position: static;\">Zaokr\u0105glone kraw\u0119dzie bark\u00f3w bie\u017cnika skutecznie odprowadzaj\u0105 wod\u0119 i zapewniaj\u0105&nbsp;<b>wysok\u0105 odporno\u015b\u0107 na zjawisko aquaplaningu.<\/b><\/li>\n<li style=\"margin: 5px 0; padding: 2px 0; clear: both; display: list-item; float: none; position: static;\">R\u00f3wnomiernie rozprowadzenie ci\u015bnienia w oponie przek\u0142ada si\u0119 na zwi\u0119kszon\u0105 trwa\u0142o\u015b\u0107 i&nbsp;<b>d\u0142ugie przebiegi.<\/b><\/li>\n<li style=\"margin: 5px 0; padding: 2px 0; clear: both; display: list-item; float: none; position: static;\">Nowa mieszanka gumowa w stopce redukuje utrat\u0119 energii i&nbsp;<b>obni\u017ca opory toczenia.<\/b><\/li>\n<\/ul>\n<\/div>\n<\/div>\n<\/div>\n<div style=\"clear: both; display: block; margin: 10px 0;\">\n<div style=\"clear: both; display: block; margin: 10px 0;\">\n<div style=\"clear: both; display: block; margin: 10px 0;\">\n<h2>D\u0118BICA<\/h2>\n<p style=\"margin: 15px 0; line-height: 1.8; clear: both; display: block; width: 100%; float: none; position: static;\"><b>Firma Oponiarska D\u0119bica S.A. <\/b>to wiod\u0105cy na polskim rynku producent opon do samochod\u00f3w osobowych, dostawczych i ci\u0119\u017carowych.<\/p>\n<p style=\"margin: 15px 0; line-height: 1.8; clear: both; display: block; width: 100%; float: none; position: static;\">Od 1995 roku inwestorem strategicznym w Sp\u00f3\u0142ce jest ameryka\u0144ski koncern The Goodyear Tire &amp; Rubber Company, kt\u00f3ry aktualnie poprzez Goodyear Holdings S.\u00e0r. l z siedzib\u0105 w Luksemburgu posiada po\u015brednio ok. 87,251% kapita\u0142u zak\u0142adowego Sp\u00f3\u0142ki. Sp\u00f3\u0142ka produkuje opony zar\u00f3wno pod w\u0142asn\u0105 mark\u0105 D\u0119bica, jak i innych marek nale\u017c\u0105cych do koncernu Goodyear, m.in.: Goodyear, Dunlop, Fulda, Sava. Ponadto opony marki D\u0119bica s\u0105 produkowane przez inne zak\u0142ady produkcyjne nale\u017c\u0105ce do koncernu Goodyear.<\/p>\n<p style=\"margin: 15px 0; line-height: 1.8; clear: both; display: block; width: 100%; float: none; position: static;\">Firma Oponiarska<b> D\u0119bica S.A.<\/b> jest tak\u017ce producentem membran wulkanizacyjnych przeznaczonych do produkcji opon.<\/p>\n<\/div>\n<\/div>\n<\/div>\n<div style=\"clear: both; display: block; margin: 10px 0;\">\n<div style=\"clear: both; display: block; margin: 10px 0;\">\n<div style=\"clear: both; display: block; margin: 10px 0;\">\n<div  style=\"max-width:1200px;max-height:219px\">\n<div style=\"clear: both; display: block; margin: 10px 0;\">\n<div style=\"clear: both; width: 100%; display: block; margin: 20px 0; padding: 0; float: none; position: static; text-align: center;\"><img decoding=\"async\"  src=\"https:\/\/a.allegroimg.com\/original\/1162c1\/6e1616fd4d0ca982c113446791ec\/2x-DEBICA-235-45R17-PRESTO-UHP-2-97-Y-XL-FP-DOT2022-letnie-Marka-Debica\" srcset=\"https:\/\/a.allegroimg.com\/original\/1162c1\/6e1616fd4d0ca982c113446791ec\/2x-DEBICA-235-45R17-PRESTO-UHP-2-97-Y-XL-FP-DOT2022-letnie-Marka-Debica 360w,https:\/\/a.allegroimg.com\/original\/1162c1\/6e1616fd4d0ca982c113446791ec\/2x-DEBICA-235-45R17-PRESTO-UHP-2-97-Y-XL-FP-DOT2022-letnie-Marka-Debica 720w,https:\/\/a.allegroimg.com\/original\/1162c1\/6e1616fd4d0ca982c113446791ec\/2x-DEBICA-235-45R17-PRESTO-UHP-2-97-Y-XL-FP-DOT2022-letnie-Marka-Debica 1024w,https:\/\/a.allegroimg.com\/original\/1162c1\/6e1616fd4d0ca982c113446791ec\/2x-DEBICA-235-45R17-PRESTO-UHP-2-97-Y-XL-FP-DOT2022-letnie-Marka-Debica 1200w,https:\/\/a.allegroimg.com\/original\/1162c1\/6e1616fd4d0ca982c113446791ec\/2x-DEBICA-235-45R17-PRESTO-UHP-2-97-Y-XL-FP-DOT2022-letnie-Marka-Debica 1200w\" sizes=\"100vw\" width=\"1200px\" alt=\"2x D\u0118BICA 235\/45R17 PRESTO UHP 2 97 Y XL FP DOT2022 letnie Marka D\u0119bica\" style=\"max-width: 100%; height: auto; display: block; margin: 0 auto;\"><\/div>\n<\/div>\n<\/div>\n<\/div>\n<\/div>\n<\/div>\n<\/div>\n<\/div>\n<\/div>\n<div style=\"clear: both; display: block; margin: 10px 0;\">\n","protected":false},"excerpt":{"rendered":"<p>Przedmiotem oferty s\u0105 opony 2x D\u0118BICA 235\/45R17 PRESTO UHP 2 97 Y XL FP DO letnie<\/p>\n<p>Parametry:<\/p>\n<p>Marka: D\u0118BICA<\/p>\n<p>Szeroko\u015b\u0107 opony: 235 mm<\/p>\n<p>Profil opony: 45<\/p>\n<p>\u015arednica: 17&quot;<\/p>\n<p>Model: PRESTO UHP 2<\/p>\n<p>Kod producenta: 575957W2022<\/p>\n","protected":false},"featured_media":14303,"template":"","meta":{"_uag_custom_page_level_css":""},"product_brand":[378],"product_cat":[414,418,413,412],"product_tag":[],"class_list":{"0":"post-14302","1":"product","2":"type-product","3":"status-publish","4":"has-post-thumbnail","6":"product_brand-debica","7":"product_cat-do-samochodow-osobowych-i-suv","8":"product_cat-letnie","9":"product_cat-opony","10":"product_cat-opony-i-felgi","12":"first","13":"instock","14":"shipping-taxable","15":"purchasable","16":"product-type-simple"},"uagb_featured_image_src":{"full":["https:\/\/oponexa.shop\/tire\/wp-content\/uploads\/2026\/01\/allegro-image-14302.jpg",348,500,false],"thumbnail":["https:\/\/oponexa.shop\/tire\/wp-content\/uploads\/2026\/01\/allegro-image-14302-150x150.jpg",150,150,true],"medium":["https:\/\/oponexa.shop\/tire\/wp-content\/uploads\/2026\/01\/allegro-image-14302-209x300.jpg",209,300,true],"medium_large":["https:\/\/oponexa.shop\/tire\/wp-content\/uploads\/2026\/01\/allegro-image-14302.jpg",348,500,false],"large":["https:\/\/oponexa.shop\/tire\/wp-content\/uploads\/2026\/01\/allegro-image-14302.jpg",348,500,false],"1536x1536":["https:\/\/oponexa.shop\/tire\/wp-content\/uploads\/2026\/01\/allegro-image-14302.jpg",348,500,false],"2048x2048":["https:\/\/oponexa.shop\/tire\/wp-content\/uploads\/2026\/01\/allegro-image-14302.jpg",348,500,false],"woocommerce_thumbnail":["https:\/\/oponexa.shop\/tire\/wp-content\/uploads\/2026\/01\/allegro-image-14302-300x300.jpg",300,300,true],"woocommerce_single":["https:\/\/oponexa.shop\/tire\/wp-content\/uploads\/2026\/01\/allegro-image-14302.jpg",348,500,false],"woocommerce_gallery_thumbnail":["https:\/\/oponexa.shop\/tire\/wp-content\/uploads\/2026\/01\/allegro-image-14302-100x100.jpg",100,100,true]},"uagb_author_info":{"display_name":"admin","author_link":"https:\/\/oponexa.shop\/tire\/author\/"},"uagb_comment_info":0,"uagb_excerpt":"Przedmiotem oferty s\u0105 opony 2x D\u0118BICA 235\/45R17 PRESTO UHP 2 97 Y XL FP DO letnie Parametry: Marka: D\u0118BICA Szeroko\u015b\u0107 opony: 235 mm Profil opony: 45 \u015arednica: 17&quot; Model: PRESTO UHP 2 Kod producenta: 575957W2022","_links":{"self":[{"href":"https:\/\/oponexa.shop\/tire\/wp-json\/wp\/v2\/product\/14302","targetHints":{"allow":["GET"]}}],"collection":[{"href":"https:\/\/oponexa.shop\/tire\/wp-json\/wp\/v2\/product"}],"about":[{"href":"https:\/\/oponexa.shop\/tire\/wp-json\/wp\/v2\/types\/product"}],"wp:featuredmedia":[{"embeddable":true,"href":"https:\/\/oponexa.shop\/tire\/wp-json\/wp\/v2\/media\/14303"}],"wp:attachment":[{"href":"https:\/\/oponexa.shop\/tire\/wp-json\/wp\/v2\/media?parent=14302"}],"wp:term":[{"taxonomy":"product_brand","embeddable":true,"href":"https:\/\/oponexa.shop\/tire\/wp-json\/wp\/v2\/product_brand?post=14302"},{"taxonomy":"product_cat","embeddable":true,"href":"https:\/\/oponexa.shop\/tire\/wp-json\/wp\/v2\/product_cat?post=14302"},{"taxonomy":"product_tag","embeddable":true,"href":"https:\/\/oponexa.shop\/tire\/wp-json\/wp\/v2\/product_tag?post=14302"}],"curies":[{"name":"wp","href":"https:\/\/api.w.org\/{rel}","templated":true}]}}