{"id":14250,"date":"2026-01-12T01:35:07","date_gmt":"2026-01-12T00:35:07","guid":{"rendered":"https:\/\/oponyspeed.shop\/xef5\/produkt\/2x-255-45-20-y-sailun-atrezzo-zsr-2-10-lat-gwarancji\/"},"modified":"2026-01-12T01:35:08","modified_gmt":"2026-01-12T00:35:08","slug":"2x-255-45-20-y-sailun-atrezzo-zsr-2-10-lat-gwarancji","status":"publish","type":"product","link":"https:\/\/oponixo.shop\/tire\/produkt\/2x-255-45-20-y-sailun-atrezzo-zsr-2-10-lat-gwarancji\/","title":{"rendered":"2x 255\/45\/20 Y Sailun ATREZZO ZSR 2 &#8211; 10 lat gwarancji"},"content":{"rendered":"<div style=\"font-family: Arial, sans-serif; line-height: 1.6; color: #333; padding: 20px; clear: both; display: block; width: 100%; float: none; position: static; overflow: hidden;\">\n<div style=\"clear: both; display: block; margin: 10px 0;\">\n<div style=\"clear: both; display: block; margin: 10px 0;\">\n<div style=\"clear: both; display: block; margin: 10px 0;\">\n<div  style=\"max-width:552px;max-height:800px\">\n<div style=\"clear: both; display: block; margin: 10px 0;\">\n<div style=\"clear: both; width: 100%; display: block; margin: 20px 0; padding: 0; float: none; position: static; text-align: center;\"><img decoding=\"async\"  src=\"https:\/\/a.allegroimg.com\/original\/1172f1\/ec0601214eb887f43655434ba1e0\/2x-255-45-20-Y-Sailun-ATREZZO-ZSR-2-10-lat-gwarancji-Liczba-opon-w-ofercie-2-szt\" srcset=\"https:\/\/a.allegroimg.com\/original\/1172f1\/ec0601214eb887f43655434ba1e0\/2x-255-45-20-Y-Sailun-ATREZZO-ZSR-2-10-lat-gwarancji-Liczba-opon-w-ofercie-2-szt 248w,https:\/\/a.allegroimg.com\/original\/1172f1\/ec0601214eb887f43655434ba1e0\/2x-255-45-20-Y-Sailun-ATREZZO-ZSR-2-10-lat-gwarancji-Liczba-opon-w-ofercie-2-szt 496w,https:\/\/a.allegroimg.com\/original\/1172f1\/ec0601214eb887f43655434ba1e0\/2x-255-45-20-Y-Sailun-ATREZZO-ZSR-2-10-lat-gwarancji-Liczba-opon-w-ofercie-2-szt 552w,https:\/\/a.allegroimg.com\/original\/1172f1\/ec0601214eb887f43655434ba1e0\/2x-255-45-20-Y-Sailun-ATREZZO-ZSR-2-10-lat-gwarancji-Liczba-opon-w-ofercie-2-szt 552w\" sizes=\"(min-width: 1200px) 560px, (min-width: 992px) 50vw, 100vw\" width=\"552px\" alt=\"2x 255\/45\/20 Y Sailun ATREZZO ZSR 2 - 10 lat gwarancji Liczba opon w ofercie 2 szt.\" style=\"max-width: 100%; height: auto; display: block; margin: 0 auto;\"><\/div>\n<\/div>\n<\/div>\n<\/div>\n<\/div>\n<div style=\"clear: both; display: block; margin: 10px 0;\">\n<div style=\"clear: both; display: block; margin: 10px 0;\">\n<h1>SPECYFIKACJA PRODUKTU<\/h1>\n<p style=\"margin: 15px 0; line-height: 1.8; clear: both; display: block; width: 100%; float: none; position: static;\"><b>sezon:<\/b> letnie<\/p>\n<p style=\"margin: 15px 0; line-height: 1.8; clear: both; display: block; width: 100%; float: none; position: static;\"><b>typ pojazdu:<\/b> osobowe<\/p>\n<p style=\"margin: 15px 0; line-height: 1.8; clear: both; display: block; width: 100%; float: none; position: static;\"><b>producent:<\/b> Sailun<\/p>\n<p style=\"margin: 15px 0; line-height: 1.8; clear: both; display: block; width: 100%; float: none; position: static;\"><b>model \/ rozmiar:<\/b> 255\/45 R20<\/p>\n<p style=\"margin: 15px 0; line-height: 1.8; clear: both; display: block; width: 100%; float: none; position: static;\"><b>klasa opon:<\/b> Budget &#8211; klasa ekonomiczna (wysoka jako\u015b\u0107 za przyst\u0119pn\u0105 cen\u0119)<\/p>\n<p style=\"margin: 15px 0; line-height: 1.8; clear: both; display: block; width: 100%; float: none; position: static;\"><b>indeks \u0142adowno\u015bci:<\/b> 105 &#8211; max 925 kg<\/p>\n<p style=\"margin: 15px 0; line-height: 1.8; clear: both; display: block; width: 100%; float: none; position: static;\"><b>indeks pr\u0119dko\u015bci:<\/b> Y &#8211; max 300 km\/h<\/p>\n<p style=\"margin: 15px 0; line-height: 1.8; clear: both; display: block; width: 100%; float: none; position: static;\"><b>gwarancja:<\/b> 10 lat od daty zakupu<\/p>\n<p style=\"margin: 15px 0; line-height: 1.8; clear: both; display: block; width: 100%; float: none; position: static;\"><b>stan opon:<\/b> fabrycznie nowe, pierwszy gatunek<\/p>\n<p style=\"margin: 15px 0; line-height: 1.8; clear: both; display: block; width: 100%; float: none; position: static;\"><b>produkcja:<\/b> Azjatyckie &#8211; Chiny<\/p>\n<p style=\"margin: 15px 0; line-height: 1.8; clear: both; display: block; width: 100%; float: none; position: static;\"><b>rok produkcji:<\/b> Wszystkie oferowane przez nas opony s\u0105 fabrycznie nowe (dla nas opony NOWE to opony nie starsze ni\u017c 0-12, w wyj\u0105tkowych przypadkach 18 miesi\u0119cy, a nie 3-5 letnie jak u innych sprzedaj\u0105cych) i obj\u0119te pe\u0142n\u0105 gwarancj\u0105 producenta.<\/p>\n<p style=\"margin: 15px 0; line-height: 1.8; clear: both; display: block; width: 100%; float: none; position: static;\"><b>klasa energetyczna:<\/b> B<\/p>\n<p style=\"margin: 15px 0; line-height: 1.8; clear: both; display: block; width: 100%; float: none; position: static;\"><b>klasa przyczepno\u015bci:<\/b> A<\/p>\n<p style=\"margin: 15px 0; line-height: 1.8; clear: both; display: block; width: 100%; float: none; position: static;\"><b>poziom ha\u0142asu:<\/b> 69<\/p>\n<p style=\"margin: 15px 0; line-height: 1.8; clear: both; display: block; width: 100%; float: none; position: static;\"><b>klasa ha\u0142asu:<\/b> 2<\/p>\n<\/div>\n<\/div>\n<\/div>\n<div style=\"clear: both; display: block; margin: 10px 0;\">\n<div style=\"clear: both; display: block; margin: 10px 0;\">\n<div style=\"clear: both; display: block; margin: 10px 0;\">\n<h1>Sailun Atrezzo ZSR 2: Doskona\u0142a Wydajno\u015b\u0107, Komfort i <\/p>\n","protected":false},"excerpt":{"rendered":"<p>SPECYFIKACJA PRODUKTU<\/p>\n<p>sezon: letnie<\/p>\n<p>typ pojazdu: osobowe<\/p>\n<p>producent: Sailun<\/p>\n<p>model \/ rozmiar: 255\/45 R20<\/p>\n<p>klasa opon: Budget &#8211; klasa ekonomiczna (wysoka jako\u015b\u0107 za przyst\u0119pn\u0105 cen\u0119)<\/p>\n<p>indeks \u0142adowno\u015bci: 105 &#8211; max 925 kg<\/p>\n<p>indeks pr\u0119dko\u015bci: Y &#8211; max 300 km\/h<\/p>\n","protected":false},"featured_media":14251,"template":"","meta":{"_uag_custom_page_level_css":""},"product_brand":[398],"product_cat":[414,418,413,412],"product_tag":[],"class_list":{"0":"post-14250","1":"product","2":"type-product","3":"status-publish","4":"has-post-thumbnail","6":"product_brand-sailun","7":"product_cat-do-samochodow-osobowych-i-suv","8":"product_cat-letnie","9":"product_cat-opony","10":"product_cat-opony-i-felgi","12":"first","13":"instock","14":"shipping-taxable","15":"purchasable","16":"product-type-simple"},"uagb_featured_image_src":{"full":["https:\/\/oponixo.shop\/tire\/wp-content\/uploads\/2026\/01\/allegro-image-14250.jpg",2560,2132,false],"thumbnail":["https:\/\/oponixo.shop\/tire\/wp-content\/uploads\/2026\/01\/allegro-image-14250-150x150.jpg",150,150,true],"medium":["https:\/\/oponixo.shop\/tire\/wp-content\/uploads\/2026\/01\/allegro-image-14250-300x250.jpg",300,250,true],"medium_large":["https:\/\/oponixo.shop\/tire\/wp-content\/uploads\/2026\/01\/allegro-image-14250-768x640.jpg",768,640,true],"large":["https:\/\/oponixo.shop\/tire\/wp-content\/uploads\/2026\/01\/allegro-image-14250-1024x853.jpg",1024,853,true],"1536x1536":["https:\/\/oponixo.shop\/tire\/wp-content\/uploads\/2026\/01\/allegro-image-14250-1536x1279.jpg",1536,1279,true],"2048x2048":["https:\/\/oponixo.shop\/tire\/wp-content\/uploads\/2026\/01\/allegro-image-14250-2048x1706.jpg",2048,1706,true],"woocommerce_thumbnail":["https:\/\/oponixo.shop\/tire\/wp-content\/uploads\/2026\/01\/allegro-image-14250-300x300.jpg",300,300,true],"woocommerce_single":["https:\/\/oponixo.shop\/tire\/wp-content\/uploads\/2026\/01\/allegro-image-14250-600x500.jpg",600,500,true],"woocommerce_gallery_thumbnail":["https:\/\/oponixo.shop\/tire\/wp-content\/uploads\/2026\/01\/allegro-image-14250-100x100.jpg",100,100,true]},"uagb_author_info":{"display_name":"admin","author_link":"https:\/\/oponixo.shop\/tire\/author\/"},"uagb_comment_info":0,"uagb_excerpt":"SPECYFIKACJA PRODUKTU sezon: letnie typ pojazdu: osobowe producent: Sailun model \/ rozmiar: 255\/45 R20 klasa opon: Budget - klasa ekonomiczna (wysoka jako\u015b\u0107 za przyst\u0119pn\u0105 cen\u0119) indeks \u0142adowno\u015bci: 105 - max 925 kg indeks pr\u0119dko\u015bci: Y - max 300 km\/h","_links":{"self":[{"href":"https:\/\/oponixo.shop\/tire\/wp-json\/wp\/v2\/product\/14250","targetHints":{"allow":["GET"]}}],"collection":[{"href":"https:\/\/oponixo.shop\/tire\/wp-json\/wp\/v2\/product"}],"about":[{"href":"https:\/\/oponixo.shop\/tire\/wp-json\/wp\/v2\/types\/product"}],"wp:featuredmedia":[{"embeddable":true,"href":"https:\/\/oponixo.shop\/tire\/wp-json\/wp\/v2\/media\/14251"}],"wp:attachment":[{"href":"https:\/\/oponixo.shop\/tire\/wp-json\/wp\/v2\/media?parent=14250"}],"wp:term":[{"taxonomy":"product_brand","embeddable":true,"href":"https:\/\/oponixo.shop\/tire\/wp-json\/wp\/v2\/product_brand?post=14250"},{"taxonomy":"product_cat","embeddable":true,"href":"https:\/\/oponixo.shop\/tire\/wp-json\/wp\/v2\/product_cat?post=14250"},{"taxonomy":"product_tag","embeddable":true,"href":"https:\/\/oponixo.shop\/tire\/wp-json\/wp\/v2\/product_tag?post=14250"}],"curies":[{"name":"wp","href":"https:\/\/api.w.org\/{rel}","templated":true}]}}