{"id":14192,"date":"2026-01-12T01:34:51","date_gmt":"2026-01-12T00:34:51","guid":{"rendered":"https:\/\/oponyspeed.shop\/xef5\/produkt\/2x-debica-165-65r14-passio-2-79t\/"},"modified":"2026-01-12T01:34:51","modified_gmt":"2026-01-12T00:34:51","slug":"2x-debica-165-65r14-passio-2-79t","status":"publish","type":"product","link":"https:\/\/oponexa.shop\/tire\/produkt\/2x-debica-165-65r14-passio-2-79t\/","title":{"rendered":"2x D\u0119bica 165\/65R14 PASSIO 2 79T"},"content":{"rendered":"<div style=\"font-family: Arial, sans-serif; line-height: 1.6; color: #333; padding: 20px; clear: both; display: block; width: 100%; float: none; position: static; overflow: hidden;\">\n<div style=\"clear: both; display: block; margin: 10px 0;\">\n<div style=\"clear: both; display: block; margin: 10px 0;\">\n<div style=\"clear: both; display: block; margin: 10px 0;\">\n<h2>Opona letnia D\u0119bica PASSIO 2 165\/65R14 79T<\/h2>\n<h2>Grupa koncernu GoodYear<\/h2>\n<p style=\"margin: 15px 0; line-height: 1.8; clear: both; display: block; width: 100%; float: none; position: static;\">Passio 2<\/p>\n<p style=\"margin: 15px 0; line-height: 1.8; clear: both; display: block; width: 100%; float: none; position: static;\">Jeden z najpopularniejszych modeli na rynku polskim. Zapewnia dobre prowadzenie oraz d\u0142ugie przebiegi. Produkt szczeg\u00f3lnie polecany dla os\u00f3b, kt\u00f3re ceni\u0105 oszcz\u0119dn\u0105 i komfortow\u0105 jazd\u0119.<\/p>\n<ul style=\"margin: 15px 0; padding-left: 20px; clear: both; display: block; width: 100%; float: none; position: static;\">\n<li style=\"margin: 5px 0; padding: 2px 0; clear: both; display: list-item; float: none; position: static;\">Dzi\u0119ki nowemu bie\u017cnikowi z szerokimi rowkami obwodowymi i poprzecznymi D\u0119bica Passio 2 dobrze sprawdza si\u0119 na mokrej drodze i jest odporna na zjawisko aquaplaningu.<\/li>\n<li style=\"margin: 5px 0; padding: 2px 0; clear: both; display: list-item; float: none; position: static;\">Jednocze\u015bnie optymalne rozmieszczenie klock\u00f3w bie\u017cnika gwarantuje wyd\u0142u\u017cone przebiegi oraz trwa\u0142o\u015b\u0107 ogumienia.<\/li>\n<\/ul>\n<p style=\"margin: 15px 0; line-height: 1.8; clear: both; display: block; width: 100%; float: none; position: static;\">Firma Oponiarska D\u0119bica S.A. to wiod\u0105cy na polskim rynku producent opon do samochod\u00f3w osobowych, dostawczych i ci\u0119\u017carowych. Od 1995 roku inwestorem strategicznym w Sp\u00f3\u0142ce jest ameryka\u0144ski koncern The Goodyear Tire &amp; Rubber Company, kt\u00f3ry poprzez Goodyear S.A. z siedzib\u0105 w Luksemburgu posiada ok. 81,4% kapita\u0142u zak\u0142adowego Sp\u00f3\u0142ki. Firma Oponiarska D\u0119bica S.A. jest najwi\u0119kszym w Europie i jednym z najwi\u0119kszych na \u015bwiecie zak\u0142ad\u00f3w koncernu Goodyear. Sp\u00f3\u0142ka produkuje opony takich marek, jak: D\u0119bica, Goodyear, Dunlop, Fulda i Sava. Sprzedaje swoje produkty w Polsce i 60 krajach na sze\u015bciu kontynentach, m.in. w Wielkiej Brytanii, Niemczech, Francji, Hiszpanii, W\u0142oszech, USA i Brazylii.<\/p>\n<p style=\"margin: 15px 0; line-height: 1.8; clear: both; display: block; width: 100%; float: none; position: static;\">Wed\u0142ug danych Instytutu Nauk Ekonomicznych Polskiej Akademii Nauk, T.C. D\u0119bica S.A. jest najwi\u0119kszym inwestorem i zak\u0142adem pracy w D\u0119bicy i na Podkarpaciu. Zatrudnia blisko 2900 pracownik\u00f3w, wsp\u00f3\u0142pracuj\u0105c z ponad 300 firmami lokalnymi.<\/p>\n<p style=\"margin: 15px 0; line-height: 1.8; clear: both; display: block; width: 100%; float: none; position: static;\">Kwota 15 milion\u00f3w dolar\u00f3w przeznaczona zosta\u0142a na budow\u0119 supernowoczesnej ciep\u0142owni gazowej, kt\u00f3rej wydajno\u015b\u0107 zaspokaja potrzeby Firmy i pozwala\u0142a do 2004 roku na ogrzewanie czyst\u0105 ekologicznie energi\u0105 1\/3 cz\u0119\u015bci D\u0119bicy. Pozwoli\u0142o to na wy\u0142\u0105czenie wielu przestarza\u0142ych ciep\u0142owni osiedlowych. Inwestycja ta umo\u017cliwi\u0142a redukcj\u0119 emisji gaz\u00f3w o 98%, py\u0142\u00f3w o 100% oraz redukcj\u0119 odpad\u00f3w o 40%. Na terenie firmy dzia\u0142a te\u017c nowoczesna oczyszczalnia \u015bciek\u00f3w. Jako\u015b\u0107 odprowadzanej przez ni\u0105 wody jest lepsza od tej, kt\u00f3r\u0105 Firma pobiera z rzeki. Zmiany technologiczne umo\u017cliwi\u0142y redukcj\u0119 emisji w\u0119glowodor\u00f3w o 49%, zmniejszenie zu\u017cycia energii na 1 kg wyrobu o 19% oraz poboru wody o 55%.<\/p>\n<p style=\"margin: 15px 0; line-height: 1.8; clear: both; display: block; width: 100%; float: none; position: static;\">Dzi\u0119ki tym inwestycjom emisja substancji szkodliwych podczas proces\u00f3w produkcyjnych sta\u0142a si\u0119 wielokrotnie mniejsza ni\u017c to, co zosta\u0142o okre\u015blone w normach. Najlepszym potwierdzeniem tego stanu rzeczy jest otrzymany we wrze\u015bniu 1999 r. mi\u0119dzynarodowy Certyfikat ISO 14001, kt\u00f3ry gwarantuje funkcjonowanie w TC D\u0119bica S.A. systemu zarz\u0105dzania \u015brodowiskowego. Firma wdro\u017cy\u0142a i utrzymuje ten system, a jego zakresem obj\u0119\u0142a produkcj\u0119 i magazynowanie opon. Certyfikat zosta\u0142 wydany przez mi\u0119dzynarodow\u0105 organizacj\u0119 certyfikuj\u0105c\u0105 Bureau Veritas Quality International. Godnym podkre\u015blenia jest fakt, \u017ce D\u0119bica by\u0142a pierwsz\u0105 w Polsce firm\u0105 w bran\u017cy oponiarskiej, kt\u00f3ra posiada\u0142a taki dokument.<\/p>\n<\/div>\n<\/div>\n<\/div>\n<div style=\"clear: both; display: block; margin: 10px 0;\">\n<div style=\"clear: both; display: block; margin: 10px 0;\">\n<div style=\"clear: both; display: block; margin: 10px 0;\">\n<div  style=\"max-width:500px;max-height:500px\">\n<div style=\"clear: both; display: block; margin: 10px 0;\">\n<div style=\"clear: both; width: 100%; display: block; margin: 20px 0; padding: 0; float: none; position: static; text-align: center;\"><img decoding=\"async\"  src=\"https:\/\/a.allegroimg.com\/original\/110b29\/9ad1e6b1480cb04e020b1a3caf43\/2x-Debica-165-65R14-PASSIO-2-79T\" srcset=\"https:\/\/a.allegroimg.com\/original\/110b29\/9ad1e6b1480cb04e020b1a3caf43\/2x-Debica-165-65R14-PASSIO-2-79T 360w,https:\/\/a.allegroimg.com\/original\/110b29\/9ad1e6b1480cb04e020b1a3caf43\/2x-Debica-165-65R14-PASSIO-2-79T 500w,https:\/\/a.allegroimg.com\/original\/110b29\/9ad1e6b1480cb04e020b1a3caf43\/2x-Debica-165-65R14-PASSIO-2-79T 500w\" sizes=\"(min-width: 1200px) 560px, (min-width: 992px) 50vw, 100vw\" width=\"500px\" alt=\"2x D\u0119bica 165\/65R14 PASSIO 2 79T\" style=\"max-width: 100%; height: auto; display: block; margin: 0 auto;\"><\/div>\n<\/div>\n<\/div>\n<\/div>\n<\/div>\n<div style=\"clear: both; display: block; margin: 10px 0;\">\n<div style=\"clear: both; display: block; margin: 10px 0;\">\n<ul style=\"margin: 15px 0; padding-left: 20px; clear: both; display: block; width: 100%; float: none; position: static;\">\n<li style=\"margin: 5px 0; padding: 2px 0; clear: both; display: list-item; float: none; position: static;\"><b>Marka:<\/b> D\u0119bica<\/li>\n<li style=\"margin: 5px 0; padding: 2px 0; clear: both; display: list-item; float: none; position: static;\"><b>Grupa koncernu:<\/b> GoodYear<\/li>\n<li style=\"margin: 5px 0; padding: 2px 0; clear: both; display: list-item; float: none; position: static;\"><b>Liczba opon w ofercie:<\/b> 2 szt.<\/li>\n<li style=\"margin: 5px 0; padding: 2px 0; clear: both; display: list-item; float: none; position: static;\"><b>Run flat:<\/b> Nie<\/li>\n<li style=\"margin: 5px 0; padding: 2px 0; clear: both; display: list-item; float: none; position: static;\"><b>Sezon:<\/b> Letnie<\/li>\n<li style=\"margin: 5px 0; padding: 2px 0; clear: both; display: list-item; float: none; position: static;\"><b>Model:<\/b> PASSIO 2<\/li>\n<li style=\"margin: 5px 0; padding: 2px 0; clear: both; display: list-item; float: none; position: static;\"><b>Szeroko\u015b\u0107 opony:<\/b> 165 mm<\/li>\n<li style=\"margin: 5px 0; padding: 2px 0; clear: both; display: list-item; float: none; position: static;\"><b>Profil opony:<\/b> 65<\/li>\n<li style=\"margin: 5px 0; padding: 2px 0; clear: both; display: list-item; float: none; position: static;\"><b>\u015arednica:<\/b> 14&#8243;<\/li>\n<li style=\"margin: 5px 0; padding: 2px 0; clear: both; display: list-item; float: none; position: static;\"><b>Indeks no\u015bno\u015bci:<\/b> 79 &#8211; 437 kg<\/li>\n<li style=\"margin: 5px 0; padding: 2px 0; clear: both; display: list-item; float: none; position: static;\"><b>Indeks pr\u0119dko\u015bci:<\/b> T do 190 km\/h<\/li>\n<li style=\"margin: 5px 0; padding: 2px 0; clear: both; display: list-item; float: none; position: static;\"><b>Przyczepno\u015b\u0107 na mokrej nawierzchni:<\/b> Klasa B<\/li>\n<li style=\"margin: 5px 0; padding: 2px 0; clear: both; display: list-item; float: none; position: static;\"><b>Op\u00f3r toczenia:<\/b> Klasa C<\/li>\n<li style=\"margin: 5px 0; padding: 2px 0; clear: both; display: list-item; float: none; position: static;\"><b>Ha\u0142as zewn\u0119trzny:<\/b> 70 dB<\/li>\n<li style=\"margin: 5px 0; padding: 2px 0; clear: both; display: list-item; float: none; position: static;\"><b>Rok produkcji (DOT):<\/b> <b>2023<\/b><b> &#8211; opony z roku 2023 lub nowsze<\/b><\/li>\n<\/ul>\n<\/div>\n<\/div>\n<\/div>\n<\/div>\n<\/div>\n<\/div>\n<div style=\"clear: both; display: block; margin: 10px 0;\">\n","protected":false},"excerpt":{"rendered":"<p>Opona letnia D\u0119bica PASSIO 2 165\/65R14 79T<\/p>\n<p>Grupa koncernu GoodYear<\/p>\n<p>Passio 2<\/p>\n<p>Jeden z najpopularniejszych modeli na rynku polskim. Zapewnia dobre prowadzenie oraz d\u0142ugie przebiegi. Produkt szczeg\u00f3lnie polecany dla os\u00f3b, kt\u00f3re ceni\u0105 oszcz\u0119dn\u0105 i komfortow\u0105 jazd\u0119.<\/p>\n<p>Dzi\u0119ki nowemu bie\u017cnikowi z szerokimi rowkami obwodowymi i poprzecznymi D\u0119bica Passio 2 dobrze sprawdza si\u0119 na mokrej drodze i jest odporna na zjawisko aquaplaningu.<\/p>\n<p>Jednocze\u015bnie optymalne rozmieszczenie klock\u00f3w bie\u017cnika gwarantuje wyd\u0142u\u017cone przebiegi oraz trwa\u0142o\u015b\u0107 ogumienia.<\/p>\n","protected":false},"featured_media":14193,"template":"","meta":{"_uag_custom_page_level_css":""},"product_brand":[378],"product_cat":[414,418,413,412],"product_tag":[],"class_list":{"0":"post-14192","1":"product","2":"type-product","3":"status-publish","4":"has-post-thumbnail","6":"product_brand-debica","7":"product_cat-do-samochodow-osobowych-i-suv","8":"product_cat-letnie","9":"product_cat-opony","10":"product_cat-opony-i-felgi","12":"first","13":"instock","14":"shipping-taxable","15":"purchasable","16":"product-type-simple"},"uagb_featured_image_src":{"full":["https:\/\/oponexa.shop\/tire\/wp-content\/uploads\/2026\/01\/allegro-image-14192.jpg",500,500,false],"thumbnail":["https:\/\/oponexa.shop\/tire\/wp-content\/uploads\/2026\/01\/allegro-image-14192-150x150.jpg",150,150,true],"medium":["https:\/\/oponexa.shop\/tire\/wp-content\/uploads\/2026\/01\/allegro-image-14192-300x300.jpg",300,300,true],"medium_large":["https:\/\/oponexa.shop\/tire\/wp-content\/uploads\/2026\/01\/allegro-image-14192.jpg",500,500,false],"large":["https:\/\/oponexa.shop\/tire\/wp-content\/uploads\/2026\/01\/allegro-image-14192.jpg",500,500,false],"1536x1536":["https:\/\/oponexa.shop\/tire\/wp-content\/uploads\/2026\/01\/allegro-image-14192.jpg",500,500,false],"2048x2048":["https:\/\/oponexa.shop\/tire\/wp-content\/uploads\/2026\/01\/allegro-image-14192.jpg",500,500,false],"woocommerce_thumbnail":["https:\/\/oponexa.shop\/tire\/wp-content\/uploads\/2026\/01\/allegro-image-14192-300x300.jpg",300,300,true],"woocommerce_single":["https:\/\/oponexa.shop\/tire\/wp-content\/uploads\/2026\/01\/allegro-image-14192.jpg",500,500,false],"woocommerce_gallery_thumbnail":["https:\/\/oponexa.shop\/tire\/wp-content\/uploads\/2026\/01\/allegro-image-14192-100x100.jpg",100,100,true]},"uagb_author_info":{"display_name":"admin","author_link":"https:\/\/oponexa.shop\/tire\/author\/"},"uagb_comment_info":0,"uagb_excerpt":"Opona letnia D\u0119bica PASSIO 2 165\/65R14 79T Grupa koncernu GoodYear Passio 2 Jeden z najpopularniejszych modeli na rynku polskim. Zapewnia dobre prowadzenie oraz d\u0142ugie przebiegi. Produkt szczeg\u00f3lnie polecany dla os\u00f3b, kt\u00f3re ceni\u0105 oszcz\u0119dn\u0105 i komfortow\u0105 jazd\u0119. Dzi\u0119ki nowemu bie\u017cnikowi z szerokimi rowkami obwodowymi i poprzecznymi D\u0119bica Passio 2 dobrze sprawdza si\u0119 na mokrej drodze i&hellip;","_links":{"self":[{"href":"https:\/\/oponexa.shop\/tire\/wp-json\/wp\/v2\/product\/14192","targetHints":{"allow":["GET"]}}],"collection":[{"href":"https:\/\/oponexa.shop\/tire\/wp-json\/wp\/v2\/product"}],"about":[{"href":"https:\/\/oponexa.shop\/tire\/wp-json\/wp\/v2\/types\/product"}],"wp:featuredmedia":[{"embeddable":true,"href":"https:\/\/oponexa.shop\/tire\/wp-json\/wp\/v2\/media\/14193"}],"wp:attachment":[{"href":"https:\/\/oponexa.shop\/tire\/wp-json\/wp\/v2\/media?parent=14192"}],"wp:term":[{"taxonomy":"product_brand","embeddable":true,"href":"https:\/\/oponexa.shop\/tire\/wp-json\/wp\/v2\/product_brand?post=14192"},{"taxonomy":"product_cat","embeddable":true,"href":"https:\/\/oponexa.shop\/tire\/wp-json\/wp\/v2\/product_cat?post=14192"},{"taxonomy":"product_tag","embeddable":true,"href":"https:\/\/oponexa.shop\/tire\/wp-json\/wp\/v2\/product_tag?post=14192"}],"curies":[{"name":"wp","href":"https:\/\/api.w.org\/{rel}","templated":true}]}}