{"id":14162,"date":"2026-01-12T01:34:43","date_gmt":"2026-01-12T00:34:43","guid":{"rendered":"https:\/\/oponyspeed.shop\/xef5\/produkt\/2x-175-65-14-t-dot2022-hankook-kinergy-eco-2-k435\/"},"modified":"2026-01-12T01:34:44","modified_gmt":"2026-01-12T00:34:44","slug":"2x-175-65-14-t-dot2022-hankook-kinergy-eco-2-k435","status":"publish","type":"product","link":"https:\/\/oponixo.shop\/tire\/produkt\/2x-175-65-14-t-dot2022-hankook-kinergy-eco-2-k435\/","title":{"rendered":"2x 175\/65\/14 T DOT2022 Hankook KINERGY ECO 2 K435"},"content":{"rendered":"<div style=\"font-family: Arial, sans-serif; line-height: 1.6; color: #333; padding: 20px; clear: both; display: block; width: 100%; float: none; position: static; overflow: hidden;\">\n<div style=\"clear: both; display: block; margin: 10px 0;\">\n<div style=\"clear: both; display: block; margin: 10px 0;\">\n<div style=\"clear: both; display: block; margin: 10px 0;\">\n<div  style=\"max-width:485px;max-height:485px\">\n<div style=\"clear: both; display: block; margin: 10px 0;\">\n<div style=\"clear: both; width: 100%; display: block; margin: 20px 0; padding: 0; float: none; position: static; text-align: center;\"><img decoding=\"async\"  src=\"https:\/\/a.allegroimg.com\/original\/1102bb\/120a623a4aafa274b2aa809888a5\/2x-175-65-14-T-DOT2022-Hankook-KINERGY-ECO-2-K435-Liczba-opon-w-ofercie-2-szt\" srcset=\"https:\/\/a.allegroimg.com\/original\/1102bb\/120a623a4aafa274b2aa809888a5\/2x-175-65-14-T-DOT2022-Hankook-KINERGY-ECO-2-K435-Liczba-opon-w-ofercie-2-szt 360w,https:\/\/a.allegroimg.com\/original\/1102bb\/120a623a4aafa274b2aa809888a5\/2x-175-65-14-T-DOT2022-Hankook-KINERGY-ECO-2-K435-Liczba-opon-w-ofercie-2-szt 485w,https:\/\/a.allegroimg.com\/original\/1102bb\/120a623a4aafa274b2aa809888a5\/2x-175-65-14-T-DOT2022-Hankook-KINERGY-ECO-2-K435-Liczba-opon-w-ofercie-2-szt 485w\" sizes=\"(min-width: 1200px) 560px, (min-width: 992px) 50vw, 100vw\" width=\"485px\" alt=\"2x 175\/65\/14 T DOT2022 Hankook KINERGY ECO 2 K435 Liczba opon w ofercie 2 szt.\" style=\"max-width: 100%; height: auto; display: block; margin: 0 auto;\"><\/div>\n<\/div>\n<\/div>\n<\/div>\n<\/div>\n<div style=\"clear: both; display: block; margin: 10px 0;\">\n<div style=\"clear: both; display: block; margin: 10px 0;\">\n<h1>SPECYFIKACJA PRODUKTU<\/h1>\n<p style=\"margin: 15px 0; line-height: 1.8; clear: both; display: block; width: 100%; float: none; position: static;\"><b>sezon:<\/b> letnie<\/p>\n<p style=\"margin: 15px 0; line-height: 1.8; clear: both; display: block; width: 100%; float: none; position: static;\"><b>typ pojazdu:<\/b> osobowe<\/p>\n<p style=\"margin: 15px 0; line-height: 1.8; clear: both; display: block; width: 100%; float: none; position: static;\"><b>producent:<\/b> Hankook<\/p>\n<p style=\"margin: 15px 0; line-height: 1.8; clear: both; display: block; width: 100%; float: none; position: static;\"><b>model \/ rozmiar:<\/b> 175\/65 R14<\/p>\n<p style=\"margin: 15px 0; line-height: 1.8; clear: both; display: block; width: 100%; float: none; position: static;\"><b>klasa opon:<\/b> Premium &#8211; klasa premium (najwy\u017csza jako\u015b\u0107)<\/p>\n<p style=\"margin: 15px 0; line-height: 1.8; clear: both; display: block; width: 100%; float: none; position: static;\"><b>indeks \u0142adowno\u015bci:<\/b> 82 &#8211; max 475 kg<\/p>\n<p style=\"margin: 15px 0; line-height: 1.8; clear: both; display: block; width: 100%; float: none; position: static;\"><b>indeks pr\u0119dko\u015bci:<\/b> T &#8211; max 190 km\/h<\/p>\n<p style=\"margin: 15px 0; line-height: 1.8; clear: both; display: block; width: 100%; float: none; position: static;\"><b>informacje dodatkowe:<\/b> DOT2022<\/p>\n<p style=\"margin: 15px 0; line-height: 1.8; clear: both; display: block; width: 100%; float: none; position: static;\"><b>gwarancja:<\/b> WIECZYSTA &#8211; do zu\u017cycia bie\u017cnika r\u00f3wnego poziomowi wska\u017anika TWI<\/p>\n<p style=\"margin: 15px 0; line-height: 1.8; clear: both; display: block; width: 100%; float: none; position: static;\"><b>stan opon:<\/b> fabrycznie nowe, pierwszy gatunek<\/p>\n<p style=\"margin: 15px 0; line-height: 1.8; clear: both; display: block; width: 100%; float: none; position: static;\"><b>produkcja:<\/b> Azjatyckie<\/p>\n<p style=\"margin: 15px 0; line-height: 1.8; clear: both; display: block; width: 100%; float: none; position: static;\"><b>rok produkcji:<\/b> 2022<\/p>\n<p style=\"margin: 15px 0; line-height: 1.8; clear: both; display: block; width: 100%; float: none; position: static;\"><b>klasa energetyczna:<\/b> D<\/p>\n<p style=\"margin: 15px 0; line-height: 1.8; clear: both; display: block; width: 100%; float: none; position: static;\"><b>klasa przyczepno\u015bci:<\/b> B<\/p>\n<p style=\"margin: 15px 0; line-height: 1.8; clear: both; display: block; width: 100%; float: none; position: static;\"><b>poziom ha\u0142asu:<\/b> 70<\/p>\n<p style=\"margin: 15px 0; line-height: 1.8; clear: both; display: block; width: 100%; float: none; position: static;\"><b>klasa ha\u0142asu:<\/b> 2<\/p>\n<\/div>\n<\/div>\n<\/div>\n<div style=\"clear: both; display: block; margin: 10px 0;\">\n<div style=\"clear: both; display: block; margin: 10px 0;\">\n<div style=\"clear: both; display: block; margin: 10px 0;\">\n<h1>Nowoczesne Opony Letnie Hankook KINERGY ECO 2 K435 &#8211; <\/p>\n","protected":false},"excerpt":{"rendered":"<p>SPECYFIKACJA PRODUKTU<\/p>\n<p>sezon: letnie<\/p>\n<p>typ pojazdu: osobowe<\/p>\n<p>producent: Hankook<\/p>\n<p>model \/ rozmiar: 175\/65 R14<\/p>\n<p>klasa opon: Premium &#8211; klasa premium (najwy\u017csza jako\u015b\u0107)<\/p>\n<p>indeks \u0142adowno\u015bci: 82 &#8211; max 475 kg<\/p>\n<p>indeks pr\u0119dko\u015bci: T &#8211; max 190 km\/h<\/p>\n","protected":false},"featured_media":14163,"template":"","meta":{"_uag_custom_page_level_css":""},"product_brand":[411],"product_cat":[414,418,413,412],"product_tag":[],"class_list":{"0":"post-14162","1":"product","2":"type-product","3":"status-publish","4":"has-post-thumbnail","6":"product_brand-hankook","7":"product_cat-do-samochodow-osobowych-i-suv","8":"product_cat-letnie","9":"product_cat-opony","10":"product_cat-opony-i-felgi","12":"first","13":"instock","14":"shipping-taxable","15":"purchasable","16":"product-type-simple"},"uagb_featured_image_src":{"full":["https:\/\/oponixo.shop\/tire\/wp-content\/uploads\/2026\/01\/allegro-image-14162.jpg",2560,1969,false],"thumbnail":["https:\/\/oponixo.shop\/tire\/wp-content\/uploads\/2026\/01\/allegro-image-14162-150x150.jpg",150,150,true],"medium":["https:\/\/oponixo.shop\/tire\/wp-content\/uploads\/2026\/01\/allegro-image-14162-300x231.jpg",300,231,true],"medium_large":["https:\/\/oponixo.shop\/tire\/wp-content\/uploads\/2026\/01\/allegro-image-14162-768x591.jpg",768,591,true],"large":["https:\/\/oponixo.shop\/tire\/wp-content\/uploads\/2026\/01\/allegro-image-14162-1024x788.jpg",1024,788,true],"1536x1536":["https:\/\/oponixo.shop\/tire\/wp-content\/uploads\/2026\/01\/allegro-image-14162-1536x1181.jpg",1536,1181,true],"2048x2048":["https:\/\/oponixo.shop\/tire\/wp-content\/uploads\/2026\/01\/allegro-image-14162-2048x1575.jpg",2048,1575,true],"woocommerce_thumbnail":["https:\/\/oponixo.shop\/tire\/wp-content\/uploads\/2026\/01\/allegro-image-14162-300x300.jpg",300,300,true],"woocommerce_single":["https:\/\/oponixo.shop\/tire\/wp-content\/uploads\/2026\/01\/allegro-image-14162-600x461.jpg",600,461,true],"woocommerce_gallery_thumbnail":["https:\/\/oponixo.shop\/tire\/wp-content\/uploads\/2026\/01\/allegro-image-14162-100x100.jpg",100,100,true]},"uagb_author_info":{"display_name":"admin","author_link":"https:\/\/oponixo.shop\/tire\/author\/"},"uagb_comment_info":0,"uagb_excerpt":"SPECYFIKACJA PRODUKTU sezon: letnie typ pojazdu: osobowe producent: Hankook model \/ rozmiar: 175\/65 R14 klasa opon: Premium - klasa premium (najwy\u017csza jako\u015b\u0107) indeks \u0142adowno\u015bci: 82 - max 475 kg indeks pr\u0119dko\u015bci: T - max 190 km\/h","_links":{"self":[{"href":"https:\/\/oponixo.shop\/tire\/wp-json\/wp\/v2\/product\/14162","targetHints":{"allow":["GET"]}}],"collection":[{"href":"https:\/\/oponixo.shop\/tire\/wp-json\/wp\/v2\/product"}],"about":[{"href":"https:\/\/oponixo.shop\/tire\/wp-json\/wp\/v2\/types\/product"}],"wp:featuredmedia":[{"embeddable":true,"href":"https:\/\/oponixo.shop\/tire\/wp-json\/wp\/v2\/media\/14163"}],"wp:attachment":[{"href":"https:\/\/oponixo.shop\/tire\/wp-json\/wp\/v2\/media?parent=14162"}],"wp:term":[{"taxonomy":"product_brand","embeddable":true,"href":"https:\/\/oponixo.shop\/tire\/wp-json\/wp\/v2\/product_brand?post=14162"},{"taxonomy":"product_cat","embeddable":true,"href":"https:\/\/oponixo.shop\/tire\/wp-json\/wp\/v2\/product_cat?post=14162"},{"taxonomy":"product_tag","embeddable":true,"href":"https:\/\/oponixo.shop\/tire\/wp-json\/wp\/v2\/product_tag?post=14162"}],"curies":[{"name":"wp","href":"https:\/\/api.w.org\/{rel}","templated":true}]}}