{"id":14124,"date":"2026-01-12T01:34:31","date_gmt":"2026-01-12T00:34:31","guid":{"rendered":"https:\/\/oponyspeed.shop\/xef5\/produkt\/2x-205-55r16-opona-debica-presto-hp-2-91v\/"},"modified":"2026-01-12T01:34:32","modified_gmt":"2026-01-12T00:34:32","slug":"2x-205-55r16-opona-debica-presto-hp-2-91v","status":"publish","type":"product","link":"https:\/\/oponexa.shop\/tire\/produkt\/2x-205-55r16-opona-debica-presto-hp-2-91v\/","title":{"rendered":"2x 205\/55R16 opona D\u0118BICA PRESTO HP 2 91V"},"content":{"rendered":"<div style=\"font-family: Arial, sans-serif; line-height: 1.6; color: #333; padding: 20px; clear: both; display: block; width: 100%; float: none; position: static; overflow: hidden;\">\n<div style=\"clear: both; display: block; margin: 10px 0;\">\n<div style=\"clear: both; display: block; margin: 10px 0;\">\n<div style=\"clear: both; display: block; margin: 10px 0;\">\n<div  style=\"max-width:500px;max-height:953px\">\n<div style=\"clear: both; display: block; margin: 10px 0;\">\n<div style=\"clear: both; width: 100%; display: block; margin: 20px 0; padding: 0; float: none; position: static; text-align: center;\"><img decoding=\"async\"  src=\"https:\/\/a.allegroimg.com\/original\/1106b0\/a9c2785a4544b9539113a4c16a0a\/2x-205-55R16-opona-DEBICA-PRESTO-HP-2-91V\" srcset=\"https:\/\/a.allegroimg.com\/original\/1106b0\/a9c2785a4544b9539113a4c16a0a\/2x-205-55R16-opona-DEBICA-PRESTO-HP-2-91V 188w,https:\/\/a.allegroimg.com\/original\/1106b0\/a9c2785a4544b9539113a4c16a0a\/2x-205-55R16-opona-DEBICA-PRESTO-HP-2-91V 377w,https:\/\/a.allegroimg.com\/original\/1106b0\/a9c2785a4544b9539113a4c16a0a\/2x-205-55R16-opona-DEBICA-PRESTO-HP-2-91V 500w,https:\/\/a.allegroimg.com\/original\/1106b0\/a9c2785a4544b9539113a4c16a0a\/2x-205-55R16-opona-DEBICA-PRESTO-HP-2-91V 500w\" sizes=\"(min-width: 1200px) 560px, (min-width: 992px) 50vw, 100vw\" width=\"500px\" alt=\"2x 205\/55R16 opona D\u0118BICA PRESTO HP 2 91V\" style=\"max-width: 100%; height: auto; display: block; margin: 0 auto;\"><\/div>\n<\/div>\n<\/div>\n<\/div>\n<\/div>\n<div style=\"clear: both; display: block; margin: 10px 0;\">\n<div style=\"clear: both; display: block; margin: 10px 0;\">\n<h1>2x 205\/55R16 opona D\u0118BICA PRESTO HP 2 91V<\/h1>\n<h2>Specyfikacja produktu:<\/h2>\n<ul style=\"margin: 15px 0; padding-left: 20px; clear: both; display: block; width: 100%; float: none; position: static;\">\n<li style=\"margin: 5px 0; padding: 2px 0; clear: both; display: list-item; float: none; position: static;\">Rozmiar: <b>205\/55R16<\/b><\/li>\n<li style=\"margin: 5px 0; padding: 2px 0; clear: both; display: list-item; float: none; position: static;\">Sezon: <b>LATO<\/b><\/li>\n<li style=\"margin: 5px 0; padding: 2px 0; clear: both; display: list-item; float: none; position: static;\">Model: <b>PRESTO HP 2<\/b><\/li>\n<li style=\"margin: 5px 0; padding: 2px 0; clear: both; display: list-item; float: none; position: static;\">Czas dostawy: <b>1 dni<\/b><\/li>\n<li style=\"margin: 5px 0; padding: 2px 0; clear: both; display: list-item; float: none; position: static;\">Szeroko\u015b\u0107: <b>205<\/b><\/li>\n<li style=\"margin: 5px 0; padding: 2px 0; clear: both; display: list-item; float: none; position: static;\">Gwarancja: <b>5 LAT<\/b><\/li>\n<li style=\"margin: 5px 0; padding: 2px 0; clear: both; display: list-item; float: none; position: static;\">Profil: <b>55<\/b><\/li>\n<li style=\"margin: 5px 0; padding: 2px 0; clear: both; display: list-item; float: none; position: static;\">Poziom ha\u0142asu dB: <b>70<\/b><\/li>\n<li style=\"margin: 5px 0; padding: 2px 0; clear: both; display: list-item; float: none; position: static;\">No\u015bno\u015b\u0107: <b>91<\/b><\/li>\n<li style=\"margin: 5px 0; padding: 2px 0; clear: both; display: list-item; float: none; position: static;\">Przyczepno\u015b\u0107 na mokrym: <b>B<\/b><\/li>\n<li style=\"margin: 5px 0; padding: 2px 0; clear: both; display: list-item; float: none; position: static;\">Poziom ha\u0142asu: <b>B<\/b><\/li>\n<li style=\"margin: 5px 0; padding: 2px 0; clear: both; display: list-item; float: none; position: static;\">Op\u00f3r toczenia: <b>E<\/b><\/li>\n<li style=\"margin: 5px 0; padding: 2px 0; clear: both; display: list-item; float: none; position: static;\">Typ pojazdu: <b>OSOBOWE<\/b><\/li>\n<li style=\"margin: 5px 0; padding: 2px 0; clear: both; display: list-item; float: none; position: static;\">Dodatkowe: <b>Rant ochronny<\/b><\/li>\n<li style=\"margin: 5px 0; padding: 2px 0; clear: both; display: list-item; float: none; position: static;\">Indeks pr\u0119dko\u015bci: <b>V<\/b><\/li>\n<li style=\"margin: 5px 0; padding: 2px 0; clear: both; display: list-item; float: none; position: static;\">Rok Produkcji: <b>2023<\/b><\/li>\n<li style=\"margin: 5px 0; padding: 2px 0; clear: both; display: list-item; float: none; position: static;\">Producent: <b>D\u0118BICA<\/b><\/li>\n<\/ul>\n<h2>Sprzedajemy tylko nowe opony i zawsze pierwszego gatunku!<\/h2>\n<\/div>\n<\/div>\n<\/div>\n<div style=\"clear: both; display: block; margin: 10px 0;\">\n<div style=\"clear: both; display: block; margin: 10px 0;\">\n<div style=\"clear: both; display: block; margin: 10px 0;\">\n<h2>Dlaczego warto kupi\u0107 te opony:<\/h2>\n<ul style=\"margin: 15px 0; padding-left: 20px; clear: both; display: block; width: 100%; float: none; position: static;\">\n<li style=\"margin: 5px 0; padding: 2px 0; clear: both; display: list-item; float: none; position: static;\">Dlaczego warto kupi\u0107 te opony NOWO\u015a\u0106 2020 D\u0119bica Presto HP2 zosta\u0142 stworzony z my\u015bl\u0105 o sezonie letnim<\/li>\n<li style=\"margin: 5px 0; padding: 2px 0; clear: both; display: list-item; float: none; position: static;\">Bie\u017cnik posiada konstrukcje asymetryczn\u0105 klasy ekonomicznej<\/li>\n<li style=\"margin: 5px 0; padding: 2px 0; clear: both; display: list-item; float: none; position: static;\">Opona jest wyprodukowana na bazie krzemionki kt\u00f3ra zapewnia skuteczne hamowanie na mokrej nawierzchni<\/li>\n<li style=\"margin: 5px 0; padding: 2px 0; clear: both; display: list-item; float: none; position: static;\">Zapewnia utrzymanie toru jazdy nawet w najtrudniejszych warunkach<\/li>\n<li style=\"margin: 5px 0; padding: 2px 0; clear: both; display: list-item; float: none; position: static;\">Opona dedykowana do samochod\u00f3w klasy \u015bredniej<\/li>\n<\/ul>\n<\/div>\n<\/div>\n<div style=\"clear: both; display: block; margin: 10px 0;\">\n<div style=\"clear: both; display: block; margin: 10px 0;\">\n<div  style=\"max-width:313px;max-height:500px\">\n<div style=\"clear: both; display: block; margin: 10px 0;\">\n<div style=\"clear: both; width: 100%; display: block; margin: 20px 0; padding: 0; float: none; position: static; text-align: center;\"><img decoding=\"async\"  src=\"https:\/\/a.allegroimg.com\/original\/11685d\/407067d24ad1936e0c57108ba52a\/2x-205-55R16-opona-DEBICA-PRESTO-HP-2-91V-Liczba-opon-w-ofercie-2-szt\" srcset=\"https:\/\/a.allegroimg.com\/original\/11685d\/407067d24ad1936e0c57108ba52a\/2x-205-55R16-opona-DEBICA-PRESTO-HP-2-91V-Liczba-opon-w-ofercie-2-szt 225w,https:\/\/a.allegroimg.com\/original\/11685d\/407067d24ad1936e0c57108ba52a\/2x-205-55R16-opona-DEBICA-PRESTO-HP-2-91V-Liczba-opon-w-ofercie-2-szt 313w,https:\/\/a.allegroimg.com\/original\/11685d\/407067d24ad1936e0c57108ba52a\/2x-205-55R16-opona-DEBICA-PRESTO-HP-2-91V-Liczba-opon-w-ofercie-2-szt 313w\" sizes=\"(min-width: 1200px) 560px, (min-width: 992px) 50vw, 100vw\" width=\"313px\" alt=\"2x 205\/55R16 opona D\u0118BICA PRESTO HP 2 91V Liczba opon w ofercie 2 szt.\" style=\"max-width: 100%; height: auto; display: block; margin: 0 auto;\"><\/div>\n<\/div>\n<\/div>\n<\/div>\n<\/div>\n<\/div>\n<div style=\"clear: both; display: block; margin: 10px 0;\">\n<div style=\"clear: both; display: block; margin: 10px 0;\">\n<div style=\"clear: both; display: block; margin: 10px 0;\">\n<div  style=\"max-width:1192px;max-height:432px\">\n<div style=\"clear: both; display: block; margin: 10px 0;\">\n<div style=\"clear: both; width: 100%; display: block; margin: 20px 0; padding: 0; float: none; position: static; text-align: center;\"><img decoding=\"async\"  src=\"https:\/\/a.allegroimg.com\/original\/117471\/e5032a6e4b1b9834d0a9278ce29f\/2x-205-55R16-opona-DEBICA-PRESTO-HP-2-91V-Rok-produkcji-2023\" srcset=\"https:\/\/a.allegroimg.com\/original\/117471\/e5032a6e4b1b9834d0a9278ce29f\/2x-205-55R16-opona-DEBICA-PRESTO-HP-2-91V-Rok-produkcji-2023 360w,https:\/\/a.allegroimg.com\/original\/117471\/e5032a6e4b1b9834d0a9278ce29f\/2x-205-55R16-opona-DEBICA-PRESTO-HP-2-91V-Rok-produkcji-2023 720w,https:\/\/a.allegroimg.com\/original\/117471\/e5032a6e4b1b9834d0a9278ce29f\/2x-205-55R16-opona-DEBICA-PRESTO-HP-2-91V-Rok-produkcji-2023 1024w,https:\/\/a.allegroimg.com\/original\/117471\/e5032a6e4b1b9834d0a9278ce29f\/2x-205-55R16-opona-DEBICA-PRESTO-HP-2-91V-Rok-produkcji-2023 1192w,https:\/\/a.allegroimg.com\/original\/117471\/e5032a6e4b1b9834d0a9278ce29f\/2x-205-55R16-opona-DEBICA-PRESTO-HP-2-91V-Rok-produkcji-2023 1192w\" sizes=\"(min-width: 1200px) 560px, (min-width: 992px) 50vw, 100vw\" width=\"1192px\" alt=\"2x 205\/55R16 opona D\u0118BICA PRESTO HP 2 91V Rok produkcji 2023\" style=\"max-width: 100%; height: auto; display: block; margin: 0 auto;\"><\/div>\n<\/div>\n<\/div>\n<\/div>\n<\/div>\n<div style=\"clear: both; display: block; margin: 10px 0;\">\n<div style=\"clear: both; display: block; margin: 10px 0;\">\n<p style=\"margin: 15px 0; line-height: 1.8; clear: both; display: block; width: 100%; float: none; position: static;\">Znaczenie marki D\u0119bica:<\/p>\n<p style=\"margin: 15px 0; line-height: 1.8; clear: both; display: block; width: 100%; float: none; position: static;\">&#8211; D\u0119bicka fabryka to najwi\u0119kszy w Europie i trzeci na \u015bwiecie zak\u0142ad Goodyeara. W przeci\u0105gu roku w fabryce, produkuje si\u0119 15 milion\u00f3w opon.<\/p>\n<p style=\"margin: 15px 0; line-height: 1.8; clear: both; display: block; width: 100%; float: none; position: static;\">&#8211; Dzi\u0119ki \u015bwietnie dobranej mieszance gumy opony maj\u0105 doskona\u0142e osi\u0105gi przedstawiane na etykiecie<\/p>\n<p style=\"margin: 15px 0; line-height: 1.8; clear: both; display: block; width: 100%; float: none; position: static;\">&#8211; opony D\u0119bica s\u0105 cenione przez klient\u00f3w za dobre w\u0142a\u015bciwo\u015bci jezdne. Starannie opracowana rze\u017aba bie\u017cnika sprawia, \u017ce opony dobrze odprowadzaj\u0105 wod\u0119 i zapewniaj\u0105 komfortow\u0105 jazd\u0119 przy wysokich pr\u0119dko\u015bciach.<\/p>\n<\/div>\n<\/div>\n<\/div>\n<\/div>\n<\/div>\n<\/div>\n<div style=\"clear: both; display: block; margin: 10px 0;\">\n","protected":false},"excerpt":{"rendered":"<p>2x 205\/55R16 opona D\u0118BICA PRESTO HP 2 91V<\/p>\n<p>Specyfikacja produktu:<\/p>\n<p>Rozmiar: 205\/55R16<\/p>\n<p>Sezon: LATO<\/p>\n<p>Model: PRESTO HP 2<\/p>\n<p>Czas dostawy: 1 dni<\/p>\n<p>Szeroko\u015b\u0107: 205<\/p>\n<p>Gwarancja: 5 LAT<\/p>\n","protected":false},"featured_media":14125,"template":"","meta":{"_uag_custom_page_level_css":""},"product_brand":[378],"product_cat":[414,418,413,412],"product_tag":[],"class_list":{"0":"post-14124","1":"product","2":"type-product","3":"status-publish","4":"has-post-thumbnail","6":"product_brand-debica","7":"product_cat-do-samochodow-osobowych-i-suv","8":"product_cat-letnie","9":"product_cat-opony","10":"product_cat-opony-i-felgi","12":"first","13":"instock","14":"shipping-taxable","15":"purchasable","16":"product-type-simple"},"uagb_featured_image_src":{"full":["https:\/\/oponexa.shop\/tire\/wp-content\/uploads\/2026\/01\/allegro-image-14124.jpg",500,953,false],"thumbnail":["https:\/\/oponexa.shop\/tire\/wp-content\/uploads\/2026\/01\/allegro-image-14124-150x150.jpg",150,150,true],"medium":["https:\/\/oponexa.shop\/tire\/wp-content\/uploads\/2026\/01\/allegro-image-14124-157x300.jpg",157,300,true],"medium_large":["https:\/\/oponexa.shop\/tire\/wp-content\/uploads\/2026\/01\/allegro-image-14124.jpg",500,953,false],"large":["https:\/\/oponexa.shop\/tire\/wp-content\/uploads\/2026\/01\/allegro-image-14124.jpg",500,953,false],"1536x1536":["https:\/\/oponexa.shop\/tire\/wp-content\/uploads\/2026\/01\/allegro-image-14124.jpg",500,953,false],"2048x2048":["https:\/\/oponexa.shop\/tire\/wp-content\/uploads\/2026\/01\/allegro-image-14124.jpg",500,953,false],"woocommerce_thumbnail":["https:\/\/oponexa.shop\/tire\/wp-content\/uploads\/2026\/01\/allegro-image-14124-300x300.jpg",300,300,true],"woocommerce_single":["https:\/\/oponexa.shop\/tire\/wp-content\/uploads\/2026\/01\/allegro-image-14124.jpg",500,953,false],"woocommerce_gallery_thumbnail":["https:\/\/oponexa.shop\/tire\/wp-content\/uploads\/2026\/01\/allegro-image-14124-100x100.jpg",100,100,true]},"uagb_author_info":{"display_name":"admin","author_link":"https:\/\/oponexa.shop\/tire\/author\/"},"uagb_comment_info":0,"uagb_excerpt":"2x 205\/55R16 opona D\u0118BICA PRESTO HP 2 91V Specyfikacja produktu: Rozmiar: 205\/55R16 Sezon: LATO Model: PRESTO HP 2 Czas dostawy: 1 dni Szeroko\u015b\u0107: 205 Gwarancja: 5 LAT","_links":{"self":[{"href":"https:\/\/oponexa.shop\/tire\/wp-json\/wp\/v2\/product\/14124","targetHints":{"allow":["GET"]}}],"collection":[{"href":"https:\/\/oponexa.shop\/tire\/wp-json\/wp\/v2\/product"}],"about":[{"href":"https:\/\/oponexa.shop\/tire\/wp-json\/wp\/v2\/types\/product"}],"wp:featuredmedia":[{"embeddable":true,"href":"https:\/\/oponexa.shop\/tire\/wp-json\/wp\/v2\/media\/14125"}],"wp:attachment":[{"href":"https:\/\/oponexa.shop\/tire\/wp-json\/wp\/v2\/media?parent=14124"}],"wp:term":[{"taxonomy":"product_brand","embeddable":true,"href":"https:\/\/oponexa.shop\/tire\/wp-json\/wp\/v2\/product_brand?post=14124"},{"taxonomy":"product_cat","embeddable":true,"href":"https:\/\/oponexa.shop\/tire\/wp-json\/wp\/v2\/product_cat?post=14124"},{"taxonomy":"product_tag","embeddable":true,"href":"https:\/\/oponexa.shop\/tire\/wp-json\/wp\/v2\/product_tag?post=14124"}],"curies":[{"name":"wp","href":"https:\/\/api.w.org\/{rel}","templated":true}]}}