{"id":14120,"date":"2026-01-12T01:34:30","date_gmt":"2026-01-12T00:34:30","guid":{"rendered":"https:\/\/oponyspeed.shop\/xef5\/produkt\/2x-debica-205-55r16-91h-presto-hp-2\/"},"modified":"2026-01-12T01:34:31","modified_gmt":"2026-01-12T00:34:31","slug":"2x-debica-205-55r16-91h-presto-hp-2","status":"publish","type":"product","link":"https:\/\/oponexa.shop\/tire\/produkt\/2x-debica-205-55r16-91h-presto-hp-2\/","title":{"rendered":"2x D\u0119bica 205\/55R16 91H PRESTO HP 2"},"content":{"rendered":"<div style=\"font-family: Arial, sans-serif; line-height: 1.6; color: #333; padding: 20px; clear: both; display: block; width: 100%; float: none; position: static; overflow: hidden;\">\n<div style=\"clear: both; display: block; margin: 10px 0;\">\n<div style=\"clear: both; display: block; margin: 10px 0;\">\n<div style=\"clear: both; display: block; margin: 10px 0;\">\n<div  style=\"max-width:2559px;max-height:2560px\">\n<div style=\"clear: both; display: block; margin: 10px 0;\">\n<div style=\"clear: both; width: 100%; display: block; margin: 20px 0; padding: 0; float: none; position: static; text-align: center;\"><img decoding=\"async\"  src=\"https:\/\/a.allegroimg.com\/original\/117f16\/e86e129c4873b1f2b18930f9d4be\/2x-Debica-205-55R16-91H-PRESTO-HP-2-Marka-Debica\" srcset=\"https:\/\/a.allegroimg.com\/original\/117f16\/e86e129c4873b1f2b18930f9d4be\/2x-Debica-205-55R16-91H-PRESTO-HP-2-Marka-Debica 359w,https:\/\/a.allegroimg.com\/original\/117f16\/e86e129c4873b1f2b18930f9d4be\/2x-Debica-205-55R16-91H-PRESTO-HP-2-Marka-Debica 719w,https:\/\/a.allegroimg.com\/original\/117f16\/e86e129c4873b1f2b18930f9d4be\/2x-Debica-205-55R16-91H-PRESTO-HP-2-Marka-Debica 1023w,https:\/\/a.allegroimg.com\/original\/117f16\/e86e129c4873b1f2b18930f9d4be\/2x-Debica-205-55R16-91H-PRESTO-HP-2-Marka-Debica 1439w,https:\/\/a.allegroimg.com\/original\/117f16\/e86e129c4873b1f2b18930f9d4be\/2x-Debica-205-55R16-91H-PRESTO-HP-2-Marka-Debica 2559w\" sizes=\"(min-width: 1200px) 560px, (min-width: 992px) 50vw, 100vw\" width=\"2559px\" alt=\"2x D\u0119bica 205\/55R16 91H PRESTO HP 2 Marka D\u0119bica\" style=\"max-width: 100%; height: auto; display: block; margin: 0 auto;\"><\/div>\n<\/div>\n<\/div>\n<\/div>\n<\/div>\n<div style=\"clear: both; display: block; margin: 10px 0;\">\n<div style=\"clear: both; display: block; margin: 10px 0;\">\n<h1>Opony D\u0119bica Presto HP 2<\/h1>\n<h1>205\/55R16 91H<\/h1>\n<ul style=\"margin: 15px 0; padding-left: 20px; clear: both; display: block; width: 100%; float: none; position: static;\">\n<li style=\"margin: 5px 0; padding: 2px 0; clear: both; display: list-item; float: none; position: static;\">Przeznaczenie: <b>Lato<\/b><\/li>\n<li style=\"margin: 5px 0; padding: 2px 0; clear: both; display: list-item; float: none; position: static;\">Typ pojazdu: <b>Osobowy<\/b><\/li>\n<li style=\"margin: 5px 0; padding: 2px 0; clear: both; display: list-item; float: none; position: static;\">Indeks pr\u0119dko\u015bci:<b>H do 210 km\/h<\/b><\/li>\n<li style=\"margin: 5px 0; padding: 2px 0; clear: both; display: list-item; float: none; position: static;\">Indeks no\u015bno\u015bci: <b>91 &#8211; 615 kg<\/b><\/li>\n<li style=\"margin: 5px 0; padding: 2px 0; clear: both; display: list-item; float: none; position: static;\">Rok produkcji: <b>2024\/2025<\/b><\/li>\n<\/ul>\n<h3 style=\"color: #2c5aa0; font-size: 18px; margin: 30px 0 15px 0; font-weight: bold; clear: both; display: block; width: 100%; float: none; position: static;\">Oznaczenia dodatkowe:<\/h3>\n<\/div>\n<\/div>\n<\/div>\n<div style=\"clear: both; display: block; margin: 10px 0;\">\n<div style=\"clear: both; display: block; margin: 10px 0;\">\n<div style=\"clear: both; display: block; margin: 10px 0;\">\n<h3 style=\"color: #2c5aa0; font-size: 18px; margin: 30px 0 15px 0; font-weight: bold; clear: both; display: block; width: 100%; float: none; position: static;\">Presto HP 2<\/h3>\n<p style=\"margin: 15px 0; line-height: 1.8; clear: both; display: block; width: 100%; float: none; position: static;\">Presto HP 2 jest godnym nast\u0119pn\u0105 zas\u0142u\u017conego modelu Presto HP. Model cechuje du\u017ca poprawa przyczepno\u015bci na mokrej nawierzchni. Nowa konstrukcja oraz mieszanka opony zapewniaj\u0105 komfort podr\u00f3\u017cowania nawet podczas ulewnej pogody. Konstrukcja wewn\u0119trzna opony minimalizuje opory toczenia, dzi\u0119ki czemu Presto HP 2 zapewnia d\u0142u\u017cszy okres u\u017cytkowania oraz oszcz\u0119dn\u0105 jazd\u0119.<\/p>\n<h3 style=\"color: #2c5aa0; font-size: 18px; margin: 30px 0 15px 0; font-weight: bold; clear: both; display: block; width: 100%; float: none; position: static;\">D\u0119bica<\/h3>\n<p style=\"margin: 15px 0; line-height: 1.8; clear: both; display: block; width: 100%; float: none; position: static;\">D\u0119bica to polski producent opon klasy ekonomicznej. Opony tej marki s\u0105 bardzo popularne w\u015br\u00f3d polskich kierowc\u00f3w, kt\u00f3rzy ceni\u0105 je za dobre osi\u0105gi w bardzo przyst\u0119pnej cenie. Nad procesami produkcyjnymi i technologicznymi piecz\u0119 sprawuje koncern Goodyear, kt\u00f3ry od 1995 roku jest w\u0142a\u015bcicielem marki D\u0119bica.<\/p>\n<\/div>\n<\/div>\n<div style=\"clear: both; display: block; margin: 10px 0;\">\n<div style=\"clear: both; display: block; margin: 10px 0;\">\n<div  style=\"max-width:1966px;max-height:1475px\">\n<div style=\"clear: both; display: block; margin: 10px 0;\">\n<div style=\"clear: both; width: 100%; display: block; margin: 20px 0; padding: 0; float: none; position: static; text-align: center;\"><img decoding=\"async\"  src=\"https:\/\/a.allegroimg.com\/original\/11b083\/9065ae474323b82d8d1bd0dae217\/2x-Debica-205-55R16-91H-PRESTO-HP-2\" srcset=\"https:\/\/a.allegroimg.com\/original\/11b083\/9065ae474323b82d8d1bd0dae217\/2x-Debica-205-55R16-91H-PRESTO-HP-2 360w,https:\/\/a.allegroimg.com\/original\/11b083\/9065ae474323b82d8d1bd0dae217\/2x-Debica-205-55R16-91H-PRESTO-HP-2 720w,https:\/\/a.allegroimg.com\/original\/11b083\/9065ae474323b82d8d1bd0dae217\/2x-Debica-205-55R16-91H-PRESTO-HP-2 1024w,https:\/\/a.allegroimg.com\/original\/11b083\/9065ae474323b82d8d1bd0dae217\/2x-Debica-205-55R16-91H-PRESTO-HP-2 1440w,https:\/\/a.allegroimg.com\/original\/11b083\/9065ae474323b82d8d1bd0dae217\/2x-Debica-205-55R16-91H-PRESTO-HP-2 1966w\" sizes=\"(min-width: 1200px) 560px, (min-width: 992px) 50vw, 100vw\" width=\"1966px\" alt=\"2x D\u0119bica 205\/55R16 91H PRESTO HP 2\" style=\"max-width: 100%; height: auto; display: block; margin: 0 auto;\"><\/div>\n<\/div>\n<\/div>\n<\/div>\n<\/div>\n<\/div>\n<div style=\"clear: both; display: block; margin: 10px 0;\">\n<div style=\"clear: both; display: block; margin: 10px 0;\">\n<div style=\"clear: both; display: block; margin: 10px 0;\">\n<div  style=\"max-width:300px;max-height:440px\">\n<div style=\"clear: both; display: block; margin: 10px 0;\">\n<div style=\"clear: both; width: 100%; display: block; margin: 20px 0; padding: 0; float: none; position: static; text-align: center;\"><img decoding=\"async\"  src=\"https:\/\/a.allegroimg.com\/original\/115234\/9e18e9e040588e68bd8fd86f1237\/2x-Debica-205-55R16-91H-PRESTO-HP-2-Liczba-opon-w-ofercie-2-szt\" srcset=\"https:\/\/a.allegroimg.com\/original\/115234\/9e18e9e040588e68bd8fd86f1237\/2x-Debica-205-55R16-91H-PRESTO-HP-2-Liczba-opon-w-ofercie-2-szt 245w,https:\/\/a.allegroimg.com\/original\/115234\/9e18e9e040588e68bd8fd86f1237\/2x-Debica-205-55R16-91H-PRESTO-HP-2-Liczba-opon-w-ofercie-2-szt 300w,https:\/\/a.allegroimg.com\/original\/115234\/9e18e9e040588e68bd8fd86f1237\/2x-Debica-205-55R16-91H-PRESTO-HP-2-Liczba-opon-w-ofercie-2-szt 300w\" sizes=\"(min-width: 1200px) 560px, (min-width: 992px) 50vw, 100vw\" width=\"300px\" alt=\"2x D\u0119bica 205\/55R16 91H PRESTO HP 2 Liczba opon w ofercie 2 szt.\" style=\"max-width: 100%; height: auto; display: block; margin: 0 auto;\"><\/div>\n<\/div>\n<\/div>\n<\/div>\n<\/div>\n<div style=\"clear: both; display: block; margin: 10px 0;\">\n<div style=\"clear: both; display: block; margin: 10px 0;\">\n<h3 style=\"color: #2c5aa0; font-size: 18px; margin: 30px 0 15px 0; font-weight: bold; clear: both; display: block; width: 100%; float: none; position: static;\">Efektywno\u015b\u0107 energetyczna \/ op\u00f3r toczenia<\/h3>\n<p style=\"margin: 15px 0; line-height: 1.8; clear: both; display: block; width: 100%; float: none; position: static;\">Op\u00f3r toczenia mo\u017cna nazwa\u0107 strat\u0105 energii, kt\u00f3ra powstaje, kiedy opona odkszta\u0142ca si\u0119 podczas jazdy na skutek kontaktu z pod\u0142o\u017cem. Ni\u017cszy op\u00f3r toczenia oznacza, \u017ce potrzeba mniej paliwa by utrzyma\u0107 samoch\u00f3d w ruchu.<\/p>\n<h3 style=\"color: #2c5aa0; font-size: 18px; margin: 30px 0 15px 0; font-weight: bold; clear: both; display: block; width: 100%; float: none; position: static;\">Przyczepno\u015b\u0107 na mokrej nawierzchni<\/h3>\n<p style=\"margin: 15px 0; line-height: 1.8; clear: both; display: block; width: 100%; float: none; position: static;\">Hamowanie na mokrej nawierzchni mierzy si\u0119 w metrach od momentu rozpocz\u0119cia hamowania do pe\u0142nego zatrzymania auta. Jest kluczowe dla bezpiecze\u0144stwa jazdy. Ocena A oznacza najkr\u00f3tsz\u0105 drog\u0119 hamowania, ocena G &#8211; najd\u0142u\u017csz\u0105.<\/p>\n<h3 style=\"color: #2c5aa0; font-size: 18px; margin: 30px 0 15px 0; font-weight: bold; clear: both; display: block; width: 100%; float: none; position: static;\">Zewn\u0119trzny ha\u0142as generowany przez opon\u0119<\/h3>\n<p style=\"margin: 15px 0; line-height: 1.8; clear: both; display: block; width: 100%; float: none; position: static;\">Ha\u0142as, kt\u00f3ry wytwarzaj\u0105 opony w trakcie jazdy mierzony jest w decybelach. Cicho\u015b\u0107 opony znacznie wp\u0142ywa na ochron\u0119 \u015brodowiska oraz komfort podr\u00f3\u017cowania. Ha\u0142as mierzony jest przy pr\u0119dko\u015bci 80km\/h.<\/p>\n<\/div>\n<\/div>\n<\/div>\n<\/div>\n<\/div>\n<\/div>\n<div style=\"clear: both; display: block; margin: 10px 0;\">\n","protected":false},"excerpt":{"rendered":"<p>Opony D\u0119bica Presto HP 2<\/p>\n<p>205\/55R16 91H<\/p>\n<p>Przeznaczenie: Lato<\/p>\n<p>Typ pojazdu: Osobowy<\/p>\n<p>Indeks pr\u0119dko\u015bci:H do 210 km\/h<\/p>\n<p>Indeks no\u015bno\u015bci: 91 &#8211; 615 kg<\/p>\n<p>Rok produkcji: 2024\/2025<\/p>\n<p>Oznaczenia dodatkowe:<\/p>\n","protected":false},"featured_media":14121,"template":"","meta":{"_uag_custom_page_level_css":""},"product_brand":[378],"product_cat":[414,418,413,412],"product_tag":[],"class_list":{"0":"post-14120","1":"product","2":"type-product","3":"status-publish","4":"has-post-thumbnail","6":"product_brand-debica","7":"product_cat-do-samochodow-osobowych-i-suv","8":"product_cat-letnie","9":"product_cat-opony","10":"product_cat-opony-i-felgi","12":"first","13":"instock","14":"shipping-taxable","15":"purchasable","16":"product-type-simple"},"uagb_featured_image_src":{"full":["https:\/\/oponexa.shop\/tire\/wp-content\/uploads\/2026\/01\/allegro-image-14120.jpg",1966,1475,false],"thumbnail":["https:\/\/oponexa.shop\/tire\/wp-content\/uploads\/2026\/01\/allegro-image-14120-150x150.jpg",150,150,true],"medium":["https:\/\/oponexa.shop\/tire\/wp-content\/uploads\/2026\/01\/allegro-image-14120-300x225.jpg",300,225,true],"medium_large":["https:\/\/oponexa.shop\/tire\/wp-content\/uploads\/2026\/01\/allegro-image-14120-768x576.jpg",768,576,true],"large":["https:\/\/oponexa.shop\/tire\/wp-content\/uploads\/2026\/01\/allegro-image-14120-1024x768.jpg",1024,768,true],"1536x1536":["https:\/\/oponexa.shop\/tire\/wp-content\/uploads\/2026\/01\/allegro-image-14120-1536x1152.jpg",1536,1152,true],"2048x2048":["https:\/\/oponexa.shop\/tire\/wp-content\/uploads\/2026\/01\/allegro-image-14120.jpg",1966,1475,false],"woocommerce_thumbnail":["https:\/\/oponexa.shop\/tire\/wp-content\/uploads\/2026\/01\/allegro-image-14120-300x300.jpg",300,300,true],"woocommerce_single":["https:\/\/oponexa.shop\/tire\/wp-content\/uploads\/2026\/01\/allegro-image-14120-600x450.jpg",600,450,true],"woocommerce_gallery_thumbnail":["https:\/\/oponexa.shop\/tire\/wp-content\/uploads\/2026\/01\/allegro-image-14120-100x100.jpg",100,100,true]},"uagb_author_info":{"display_name":"admin","author_link":"https:\/\/oponexa.shop\/tire\/author\/"},"uagb_comment_info":0,"uagb_excerpt":"Opony D\u0119bica Presto HP 2 205\/55R16 91H Przeznaczenie: Lato Typ pojazdu: Osobowy Indeks pr\u0119dko\u015bci:H do 210 km\/h Indeks no\u015bno\u015bci: 91 - 615 kg Rok produkcji: 2024\/2025 Oznaczenia dodatkowe:","_links":{"self":[{"href":"https:\/\/oponexa.shop\/tire\/wp-json\/wp\/v2\/product\/14120","targetHints":{"allow":["GET"]}}],"collection":[{"href":"https:\/\/oponexa.shop\/tire\/wp-json\/wp\/v2\/product"}],"about":[{"href":"https:\/\/oponexa.shop\/tire\/wp-json\/wp\/v2\/types\/product"}],"wp:featuredmedia":[{"embeddable":true,"href":"https:\/\/oponexa.shop\/tire\/wp-json\/wp\/v2\/media\/14121"}],"wp:attachment":[{"href":"https:\/\/oponexa.shop\/tire\/wp-json\/wp\/v2\/media?parent=14120"}],"wp:term":[{"taxonomy":"product_brand","embeddable":true,"href":"https:\/\/oponexa.shop\/tire\/wp-json\/wp\/v2\/product_brand?post=14120"},{"taxonomy":"product_cat","embeddable":true,"href":"https:\/\/oponexa.shop\/tire\/wp-json\/wp\/v2\/product_cat?post=14120"},{"taxonomy":"product_tag","embeddable":true,"href":"https:\/\/oponexa.shop\/tire\/wp-json\/wp\/v2\/product_tag?post=14120"}],"curies":[{"name":"wp","href":"https:\/\/api.w.org\/{rel}","templated":true}]}}