{"id":14118,"date":"2026-01-12T01:34:30","date_gmt":"2026-01-12T00:34:30","guid":{"rendered":"https:\/\/oponyspeed.shop\/xef5\/produkt\/4x-opony-letnie-205-55r16-uniroyal-rainsport-5-91v\/"},"modified":"2026-01-12T01:34:30","modified_gmt":"2026-01-12T00:34:30","slug":"4x-opony-letnie-205-55r16-uniroyal-rainsport-5-91v","status":"publish","type":"product","link":"https:\/\/oponexa.shop\/tire\/produkt\/4x-opony-letnie-205-55r16-uniroyal-rainsport-5-91v\/","title":{"rendered":"4x opony letnie 205\/55R16 UNIROYAL RAINSPORT 5 91V"},"content":{"rendered":"<div style=\"font-family: Arial, sans-serif; line-height: 1.6; color: #333; padding: 20px; clear: both; display: block; width: 100%; float: none; position: static; overflow: hidden;\">\n<div style=\"clear: both; display: block; margin: 10px 0;\">\n<div style=\"clear: both; display: block; margin: 10px 0;\">\n<div style=\"clear: both; display: block; margin: 10px 0;\">\n<h2>Opona letnia Uniroyal RainSport 5 205\/55R16 91 V<\/h2>\n<p style=\"margin: 15px 0; line-height: 1.8; clear: both; display: block; width: 100%; float: none; position: static;\">Opona letnia Uniroyal RainSport 5 205\/55R16 91 V<\/p>\n<p style=\"margin: 15px 0; line-height: 1.8; clear: both; display: block; width: 100%; float: none; position: static;\">Cechy produktu:<\/p>\n<ul style=\"margin: 15px 0; padding-left: 20px; clear: both; display: block; width: 100%; float: none; position: static;\">\n<li style=\"margin: 5px 0; padding: 2px 0; clear: both; display: list-item; float: none; position: static;\">sezon: letnie<\/li>\n<li style=\"margin: 5px 0; padding: 2px 0; clear: both; display: list-item; float: none; position: static;\">szeroko\u015b\u0107\/profil\/\u015brednica: 205\/55R16<\/li>\n<li style=\"margin: 5px 0; padding: 2px 0; clear: both; display: list-item; float: none; position: static;\">indeks no\u015bno\u015bci: 91 &#8211; 615 kg<\/li>\n<li style=\"margin: 5px 0; padding: 2px 0; clear: both; display: list-item; float: none; position: static;\">indeks pr\u0119dko\u015bci: V do 240 km\/h<\/li>\n<\/ul>\n<\/div>\n<\/div>\n<div style=\"clear: both; display: block; margin: 10px 0;\">\n<div style=\"clear: both; display: block; margin: 10px 0;\">\n<div  style=\"max-width:500px;max-height:500px\">\n<div style=\"clear: both; display: block; margin: 10px 0;\">\n<div style=\"clear: both; width: 100%; display: block; margin: 20px 0; padding: 0; float: none; position: static; text-align: center;\"><img decoding=\"async\"  src=\"https:\/\/a.allegroimg.com\/original\/110132\/ccc68c024fddaeb9cd68e4609483\/4x-opony-letnie-205-55R16-UNIROYAL-RAINSPORT-5-91V\" srcset=\"https:\/\/a.allegroimg.com\/original\/110132\/ccc68c024fddaeb9cd68e4609483\/4x-opony-letnie-205-55R16-UNIROYAL-RAINSPORT-5-91V 360w,https:\/\/a.allegroimg.com\/original\/110132\/ccc68c024fddaeb9cd68e4609483\/4x-opony-letnie-205-55R16-UNIROYAL-RAINSPORT-5-91V 500w,https:\/\/a.allegroimg.com\/original\/110132\/ccc68c024fddaeb9cd68e4609483\/4x-opony-letnie-205-55R16-UNIROYAL-RAINSPORT-5-91V 500w\" sizes=\"(min-width: 1200px) 560px, (min-width: 992px) 50vw, 100vw\" width=\"500px\" alt=\"4x opony letnie 205\/55R16 UNIROYAL RAINSPORT 5 91V\" style=\"max-width: 100%; height: auto; display: block; margin: 0 auto;\"><\/div>\n<\/div>\n<\/div>\n<\/div>\n<\/div>\n<\/div>\n<div style=\"clear: both; display: block; margin: 10px 0;\">\n<div style=\"clear: both; display: block; margin: 10px 0;\">\n<div style=\"clear: both; display: block; margin: 10px 0;\">\n<h3 style=\"color: #2c5aa0; font-size: 18px; margin: 30px 0 15px 0; font-weight: bold; clear: both; display: block; width: 100%; float: none; position: static;\">Informacje dodatkowe:<\/h3>\n<ul style=\"margin: 15px 0; padding-left: 20px; clear: both; display: block; width: 100%; float: none; position: static;\">\n<li style=\"margin: 5px 0; padding: 2px 0; clear: both; display: list-item; float: none; position: static;\">rok produkcji: 2024\/2025 (kupuj\u0105c z tej oferty otrzymasz opony fabrycznie nowe, pe\u0142nowarto\u015bciowe) <\/li>\n<li style=\"margin: 5px 0; padding: 2px 0; clear: both; display: list-item; float: none; position: static;\">stan: fabrycznie nowe <\/li>\n<\/ul>\n<\/div>\n<\/div>\n<\/div>\n<div style=\"clear: both; display: block; margin: 10px 0;\">\n<div style=\"clear: both; display: block; margin: 10px 0;\">\n<div style=\"clear: both; display: block; margin: 10px 0;\">\n<h3 style=\"color: #2c5aa0; font-size: 18px; margin: 30px 0 15px 0; font-weight: bold; clear: both; display: block; width: 100%; float: none; position: static;\">Przeznaczenie<\/h3>\n<p style=\"margin: 15px 0; line-height: 1.8; clear: both; display: block; width: 100%; float: none; position: static;\">Uniroyal RainSport 5 to opony letnie przeznaczone do montowania na ko\u0142ach samochod\u00f3w osobowych oraz SUV-\u00f3w. Opony opracowano z my\u015bl\u0105 o zwolennikach szybkiej jazdy, kt\u00f3rzy ceni\u0105 najwy\u017cszy stopie\u0144 bezpiecze\u0144stwa, zw\u0142aszcza na mokrych nawierzchniach. Opony opracowano te\u017c z my\u015bl\u0105 o wysokiej trwa\u0142o\u015bci.<\/p>\n<h3 style=\"color: #2c5aa0; font-size: 18px; margin: 30px 0 15px 0; font-weight: bold; clear: both; display: block; width: 100%; float: none; position: static;\">Technologia<\/h3>\n<p style=\"margin: 15px 0; line-height: 1.8; clear: both; display: block; width: 100%; float: none; position: static;\">Opony Uniroyal RainSport 5 zaprojektowano z my\u015bl\u0105 o zagwarantowaniu najwy\u017cszego stopnia bezpiecze\u0144stwa podczas jazdy po mokrych drogach, tak\u017ce z wi\u0119ksz\u0105 pr\u0119dko\u015bci\u0105. Producent zastosowa\u0142 standardowe dla siebie rozwi\u0105zania, znane jako technologia sk\u00f3ry rekina. Zastosowano charakterystyczny bie\u017cnik z d\u0142ugimi rowkami u\u0142o\u017conymi w kierunkowy wz\u00f3r na czole opony. To rozwi\u0105zanie, kt\u00f3re ma na celu jak najszybsze usuwanie wody sprzed czo\u0142a opony, aby chroni\u0107 pojazd przed wpadni\u0119ciem w po\u015blizg. Do produkcji opon zastosowano specjaln\u0105 mieszank\u0119 gumow\u0105, kt\u00f3ra zapewnia d\u0142ugie przebiegi i mniejsze opory toczenia. Dzi\u0119ki odpowiednio dobranym sk\u0142adnikom maksymalizuje ona przyczepno\u015b\u0107 do nawierzchni, tak\u017ce tych mokrych. Sk\u0142adniki mieszanki pozwoli\u0142y tak\u017ce zachowa\u0107 wi\u0119ksz\u0105 odporno\u015b\u0107 na \u015bcieranie si\u0119 bie\u017cnika. Zoptymalizowana konstrukcja opon z kolei doskonale wp\u0142ywa na stabilno\u015b\u0107, a tak\u017ce szybkie reakcje opon na ruchy kierownic\u0105.<\/p>\n<h3 style=\"color: #2c5aa0; font-size: 18px; margin: 30px 0 15px 0; font-weight: bold; clear: both; display: block; width: 100%; float: none; position: static;\">Bie\u017cnik<\/h3>\n<p style=\"margin: 15px 0; line-height: 1.8; clear: both; display: block; width: 100%; float: none; position: static;\">Opony samochodowe Uniroyal RainSport 5 maj\u0105 kierunkowy bie\u017cnik z charakterystycznymi, g\u0142\u0119bokimi rowkami na czole, u\u0142o\u017conymi w kierunkowy wz\u00f3r. Bie\u017cnik ma r\u00f3wnie\u017c mocne barki z poziomymi rowkami i lamelkami.<\/p>\n<h3 style=\"color: #2c5aa0; font-size: 18px; margin: 30px 0 15px 0; font-weight: bold; clear: both; display: block; width: 100%; float: none; position: static;\">Producent<\/h3>\n<p style=\"margin: 15px 0; line-height: 1.8; clear: both; display: block; width: 100%; float: none; position: static;\">Uniroyal to belgijski producent opon. Firma rozpocz\u0119\u0142a dzia\u0142alno\u015bci w 1868 roku od sprzeda\u017cy artyku\u0142\u00f3w gumowych. Kilkana\u015bcie lat p\u00f3\u017aniej firma rozpocz\u0119\u0142a produkcj\u0119 opon rowerowych. Na pocz\u0105tku XIX wieku Uniroyal rozpocz\u0105\u0142 produkcj\u0119 opon do samochod\u00f3w wy\u015bcigowych. Obecnie Uniroyal nale\u017cy do grupy oponiarskiej Continental.<\/p>\n<\/div>\n<\/div>\n<\/div>\n<\/div>\n<\/div>\n<\/div>\n<div style=\"clear: both; display: block; margin: 10px 0;\">\n","protected":false},"excerpt":{"rendered":"<p>Opona letnia Uniroyal RainSport 5 205\/55R16 91 V<\/p>\n<p>Opona letnia Uniroyal RainSport 5 205\/55R16 91 V<\/p>\n<p>Cechy produktu:<\/p>\n<p>sezon: letnie<\/p>\n<p>szeroko\u015b\u0107\/profil\/\u015brednica: 205\/55R16<\/p>\n<p>indeks no\u015bno\u015bci: 91 &#8211; 615 kg<\/p>\n<p>indeks pr\u0119dko\u015bci: V do 240 km\/h<\/p>\n<p>Informacje dodatkowe:<\/p>\n","protected":false},"featured_media":14119,"template":"","meta":{"_uag_custom_page_level_css":""},"product_brand":[394],"product_cat":[414,418,413,412],"product_tag":[],"class_list":{"0":"post-14118","1":"product","2":"type-product","3":"status-publish","4":"has-post-thumbnail","6":"product_brand-uniroyal","7":"product_cat-do-samochodow-osobowych-i-suv","8":"product_cat-letnie","9":"product_cat-opony","10":"product_cat-opony-i-felgi","12":"first","13":"instock","14":"shipping-taxable","15":"purchasable","16":"product-type-simple"},"uagb_featured_image_src":{"full":["https:\/\/oponexa.shop\/tire\/wp-content\/uploads\/2026\/01\/allegro-image-14118.jpg",500,500,false],"thumbnail":["https:\/\/oponexa.shop\/tire\/wp-content\/uploads\/2026\/01\/allegro-image-14118-150x150.jpg",150,150,true],"medium":["https:\/\/oponexa.shop\/tire\/wp-content\/uploads\/2026\/01\/allegro-image-14118-300x300.jpg",300,300,true],"medium_large":["https:\/\/oponexa.shop\/tire\/wp-content\/uploads\/2026\/01\/allegro-image-14118.jpg",500,500,false],"large":["https:\/\/oponexa.shop\/tire\/wp-content\/uploads\/2026\/01\/allegro-image-14118.jpg",500,500,false],"1536x1536":["https:\/\/oponexa.shop\/tire\/wp-content\/uploads\/2026\/01\/allegro-image-14118.jpg",500,500,false],"2048x2048":["https:\/\/oponexa.shop\/tire\/wp-content\/uploads\/2026\/01\/allegro-image-14118.jpg",500,500,false],"woocommerce_thumbnail":["https:\/\/oponexa.shop\/tire\/wp-content\/uploads\/2026\/01\/allegro-image-14118-300x300.jpg",300,300,true],"woocommerce_single":["https:\/\/oponexa.shop\/tire\/wp-content\/uploads\/2026\/01\/allegro-image-14118.jpg",500,500,false],"woocommerce_gallery_thumbnail":["https:\/\/oponexa.shop\/tire\/wp-content\/uploads\/2026\/01\/allegro-image-14118-100x100.jpg",100,100,true]},"uagb_author_info":{"display_name":"admin","author_link":"https:\/\/oponexa.shop\/tire\/author\/"},"uagb_comment_info":0,"uagb_excerpt":"Opona letnia Uniroyal RainSport 5 205\/55R16 91 V Opona letnia Uniroyal RainSport 5 205\/55R16 91 V Cechy produktu: sezon: letnie szeroko\u015b\u0107\/profil\/\u015brednica: 205\/55R16 indeks no\u015bno\u015bci: 91 - 615 kg indeks pr\u0119dko\u015bci: V do 240 km\/h Informacje dodatkowe:","_links":{"self":[{"href":"https:\/\/oponexa.shop\/tire\/wp-json\/wp\/v2\/product\/14118","targetHints":{"allow":["GET"]}}],"collection":[{"href":"https:\/\/oponexa.shop\/tire\/wp-json\/wp\/v2\/product"}],"about":[{"href":"https:\/\/oponexa.shop\/tire\/wp-json\/wp\/v2\/types\/product"}],"wp:featuredmedia":[{"embeddable":true,"href":"https:\/\/oponexa.shop\/tire\/wp-json\/wp\/v2\/media\/14119"}],"wp:attachment":[{"href":"https:\/\/oponexa.shop\/tire\/wp-json\/wp\/v2\/media?parent=14118"}],"wp:term":[{"taxonomy":"product_brand","embeddable":true,"href":"https:\/\/oponexa.shop\/tire\/wp-json\/wp\/v2\/product_brand?post=14118"},{"taxonomy":"product_cat","embeddable":true,"href":"https:\/\/oponexa.shop\/tire\/wp-json\/wp\/v2\/product_cat?post=14118"},{"taxonomy":"product_tag","embeddable":true,"href":"https:\/\/oponexa.shop\/tire\/wp-json\/wp\/v2\/product_tag?post=14118"}],"curies":[{"name":"wp","href":"https:\/\/api.w.org\/{rel}","templated":true}]}}