{"id":14100,"date":"2026-01-11T23:39:57","date_gmt":"2026-01-11T22:39:57","guid":{"rendered":"https:\/\/oponyspeed.shop\/xef5\/produkt\/2-x-dunlop-all-season-2-175-55r20-89-t-xl-fr-3pmsf-opona-caloroczna\/"},"modified":"2026-01-11T23:39:58","modified_gmt":"2026-01-11T22:39:58","slug":"2-x-dunlop-all-season-2-175-55r20-89-t-xl-fr-3pmsf-opona-caloroczna","status":"publish","type":"product","link":"https:\/\/oponixo.shop\/tire\/produkt\/2-x-dunlop-all-season-2-175-55r20-89-t-xl-fr-3pmsf-opona-caloroczna\/","title":{"rendered":"2 x Dunlop ALL SEASON 2 175\/55R20 89 T XL FR 3PMSF opona ca\u0142oroczna"},"content":{"rendered":"<div style=\"font-family: Arial, sans-serif; line-height: 1.6; color: #333; padding: 20px; clear: both; display: block; width: 100%; float: none; position: static; overflow: hidden;\">\n<div style=\"clear: both; display: block; margin: 10px 0;\">\n<div style=\"clear: both; display: block; margin: 10px 0;\">\n<div style=\"clear: both; display: block; margin: 10px 0;\">\n<div  style=\"max-width:373px;max-height:500px\">\n<div style=\"clear: both; display: block; margin: 10px 0;\">\n<div style=\"clear: both; width: 100%; display: block; margin: 20px 0; padding: 0; float: none; position: static; text-align: center;\"><img decoding=\"async\"  src=\"https:\/\/a.allegroimg.com\/original\/11a9ff\/d93b11e0499eb39ad7ce0f153f59\/2-x-Dunlop-ALL-SEASON-2-175-55R20-89-T-XL-FR-3PMSF-opona-caloroczna\" srcset=\"https:\/\/a.allegroimg.com\/original\/11a9ff\/d93b11e0499eb39ad7ce0f153f59\/2-x-Dunlop-ALL-SEASON-2-175-55R20-89-T-XL-FR-3PMSF-opona-caloroczna 268w,https:\/\/a.allegroimg.com\/original\/11a9ff\/d93b11e0499eb39ad7ce0f153f59\/2-x-Dunlop-ALL-SEASON-2-175-55R20-89-T-XL-FR-3PMSF-opona-caloroczna 373w,https:\/\/a.allegroimg.com\/original\/11a9ff\/d93b11e0499eb39ad7ce0f153f59\/2-x-Dunlop-ALL-SEASON-2-175-55R20-89-T-XL-FR-3PMSF-opona-caloroczna 373w\" sizes=\"(min-width: 1200px) 560px, (min-width: 992px) 50vw, 100vw\" width=\"373px\" alt=\"2 x Dunlop ALL SEASON 2 175\/55R20 89 T XL FR 3PMSF opona ca\u0142oroczna\" style=\"max-width: 100%; height: auto; display: block; margin: 0 auto;\"><\/div>\n<\/div>\n<\/div>\n<\/div>\n<\/div>\n<div style=\"clear: both; display: block; margin: 10px 0;\">\n<div style=\"clear: both; display: block; margin: 10px 0;\">\n<h2>Dunlop ALL SEASON 2 175\/55R20 89 T XL FR 3PMSF<\/h2>\n<p style=\"margin: 15px 0; line-height: 1.8; clear: both; display: block; width: 100%; float: none; position: static;\">Producent: Dunlop<\/p>\n<p style=\"margin: 15px 0; line-height: 1.8; clear: both; display: block; width: 100%; float: none; position: static;\">Model: ALL SEASON 2<\/p>\n<p style=\"margin: 15px 0; line-height: 1.8; clear: both; display: block; width: 100%; float: none; position: static;\">Sezon: ca\u0142oroczne<\/p>\n<p style=\"margin: 15px 0; line-height: 1.8; clear: both; display: block; width: 100%; float: none; position: static;\">Rozmiar: 175\/55R20<\/p>\n<p style=\"margin: 15px 0; line-height: 1.8; clear: both; display: block; width: 100%; float: none; position: static;\">Data produkcji: do 36 miesi\u0119cy<\/p>\n<p style=\"margin: 15px 0; line-height: 1.8; clear: both; display: block; width: 100%; float: none; position: static;\">Zu\u017cycie paliwa: klasa B<\/p>\n<p style=\"margin: 15px 0; line-height: 1.8; clear: both; display: block; width: 100%; float: none; position: static;\">Przyczepno\u015b\u0107 na mokrym: klasa C<\/p>\n<p style=\"margin: 15px 0; line-height: 1.8; clear: both; display: block; width: 100%; float: none; position: static;\">Poziom ha\u0142asu: 71 dB<\/p>\n<\/div>\n<\/div>\n<\/div>\n<\/div>\n<\/div>\n<\/div>\n<div style=\"clear: both; display: block; margin: 10px 0;\">\n","protected":false},"excerpt":{"rendered":"<p>Dunlop ALL SEASON 2 175\/55R20 89 T XL FR 3PMSF<\/p>\n<p>Producent: Dunlop<\/p>\n<p>Model: ALL SEASON 2<\/p>\n<p>Sezon: ca\u0142oroczne<\/p>\n<p>Rozmiar: 175\/55R20<\/p>\n<p>Data produkcji: do 36 miesi\u0119cy<\/p>\n<p>Zu\u017cycie paliwa: klasa B<\/p>\n<p>Przyczepno\u015b\u0107 na mokrym: klasa C<\/p>\n","protected":false},"featured_media":14101,"template":"","meta":{"_uag_custom_page_level_css":""},"product_brand":[453],"product_cat":[416,414,413,412],"product_tag":[],"class_list":{"0":"post-14100","1":"product","2":"type-product","3":"status-publish","4":"has-post-thumbnail","6":"product_brand-dunlop","7":"product_cat-caloroczne","8":"product_cat-do-samochodow-osobowych-i-suv","9":"product_cat-opony","10":"product_cat-opony-i-felgi","12":"first","13":"instock","14":"shipping-taxable","15":"purchasable","16":"product-type-simple"},"uagb_featured_image_src":{"full":["https:\/\/oponixo.shop\/tire\/wp-content\/uploads\/2026\/01\/allegro-image-14100.jpg",373,500,false],"thumbnail":["https:\/\/oponixo.shop\/tire\/wp-content\/uploads\/2026\/01\/allegro-image-14100-150x150.jpg",150,150,true],"medium":["https:\/\/oponixo.shop\/tire\/wp-content\/uploads\/2026\/01\/allegro-image-14100-224x300.jpg",224,300,true],"medium_large":["https:\/\/oponixo.shop\/tire\/wp-content\/uploads\/2026\/01\/allegro-image-14100.jpg",373,500,false],"large":["https:\/\/oponixo.shop\/tire\/wp-content\/uploads\/2026\/01\/allegro-image-14100.jpg",373,500,false],"1536x1536":["https:\/\/oponixo.shop\/tire\/wp-content\/uploads\/2026\/01\/allegro-image-14100.jpg",373,500,false],"2048x2048":["https:\/\/oponixo.shop\/tire\/wp-content\/uploads\/2026\/01\/allegro-image-14100.jpg",373,500,false],"woocommerce_thumbnail":["https:\/\/oponixo.shop\/tire\/wp-content\/uploads\/2026\/01\/allegro-image-14100-300x300.jpg",300,300,true],"woocommerce_single":["https:\/\/oponixo.shop\/tire\/wp-content\/uploads\/2026\/01\/allegro-image-14100.jpg",373,500,false],"woocommerce_gallery_thumbnail":["https:\/\/oponixo.shop\/tire\/wp-content\/uploads\/2026\/01\/allegro-image-14100-100x100.jpg",100,100,true]},"uagb_author_info":{"display_name":"admin","author_link":"https:\/\/oponixo.shop\/tire\/author\/"},"uagb_comment_info":0,"uagb_excerpt":"Dunlop ALL SEASON 2 175\/55R20 89 T XL FR 3PMSF Producent: Dunlop Model: ALL SEASON 2 Sezon: ca\u0142oroczne Rozmiar: 175\/55R20 Data produkcji: do 36 miesi\u0119cy Zu\u017cycie paliwa: klasa B Przyczepno\u015b\u0107 na mokrym: klasa C","_links":{"self":[{"href":"https:\/\/oponixo.shop\/tire\/wp-json\/wp\/v2\/product\/14100","targetHints":{"allow":["GET"]}}],"collection":[{"href":"https:\/\/oponixo.shop\/tire\/wp-json\/wp\/v2\/product"}],"about":[{"href":"https:\/\/oponixo.shop\/tire\/wp-json\/wp\/v2\/types\/product"}],"wp:featuredmedia":[{"embeddable":true,"href":"https:\/\/oponixo.shop\/tire\/wp-json\/wp\/v2\/media\/14101"}],"wp:attachment":[{"href":"https:\/\/oponixo.shop\/tire\/wp-json\/wp\/v2\/media?parent=14100"}],"wp:term":[{"taxonomy":"product_brand","embeddable":true,"href":"https:\/\/oponixo.shop\/tire\/wp-json\/wp\/v2\/product_brand?post=14100"},{"taxonomy":"product_cat","embeddable":true,"href":"https:\/\/oponixo.shop\/tire\/wp-json\/wp\/v2\/product_cat?post=14100"},{"taxonomy":"product_tag","embeddable":true,"href":"https:\/\/oponixo.shop\/tire\/wp-json\/wp\/v2\/product_tag?post=14100"}],"curies":[{"name":"wp","href":"https:\/\/api.w.org\/{rel}","templated":true}]}}