{"id":14072,"date":"2026-01-11T23:39:49","date_gmt":"2026-01-11T22:39:49","guid":{"rendered":"https:\/\/oponyspeed.shop\/xef5\/produkt\/2x-barum-185-60r16-86h-quartaris-5-caloroczne-2024-r\/"},"modified":"2026-01-11T23:39:50","modified_gmt":"2026-01-11T22:39:50","slug":"2x-barum-185-60r16-86h-quartaris-5-caloroczne-2024-r","status":"publish","type":"product","link":"https:\/\/oponixo.shop\/tire\/produkt\/2x-barum-185-60r16-86h-quartaris-5-caloroczne-2024-r\/","title":{"rendered":"2x BARUM 185\/60R16 86H Quartaris 5 ca\u0142oroczne 2024 r"},"content":{"rendered":"<div style=\"font-family: Arial, sans-serif; line-height: 1.6; color: #333; padding: 20px; clear: both; display: block; width: 100%; float: none; position: static; overflow: hidden;\">\n<div style=\"clear: both; display: block; margin: 10px 0;\">\n<div style=\"clear: both; display: block; margin: 10px 0;\">\n<div style=\"clear: both; display: block; margin: 10px 0;\">\n<h1>Rok produkcji: 2024<\/h1>\n<\/div>\n<\/div>\n<\/div>\n<div style=\"clear: both; display: block; margin: 10px 0;\">\n<div style=\"clear: both; display: block; margin: 10px 0;\">\n<div style=\"clear: both; display: block; margin: 10px 0;\">\n<div  style=\"max-width:1200px;max-height:1126px\">\n<div style=\"clear: both; display: block; margin: 10px 0;\">\n<div style=\"clear: both; width: 100%; display: block; margin: 20px 0; padding: 0; float: none; position: static; text-align: center;\"><img decoding=\"async\"  src=\"https:\/\/a.allegroimg.com\/original\/11e894\/f77df00443c99617340c3868022e\/2x-BARUM-185-60R16-86H-Quartaris-5-caloroczne-2024-r\" srcset=\"https:\/\/a.allegroimg.com\/original\/11e894\/f77df00443c99617340c3868022e\/2x-BARUM-185-60R16-86H-Quartaris-5-caloroczne-2024-r 360w,https:\/\/a.allegroimg.com\/original\/11e894\/f77df00443c99617340c3868022e\/2x-BARUM-185-60R16-86H-Quartaris-5-caloroczne-2024-r 720w,https:\/\/a.allegroimg.com\/original\/11e894\/f77df00443c99617340c3868022e\/2x-BARUM-185-60R16-86H-Quartaris-5-caloroczne-2024-r 1024w,https:\/\/a.allegroimg.com\/original\/11e894\/f77df00443c99617340c3868022e\/2x-BARUM-185-60R16-86H-Quartaris-5-caloroczne-2024-r 1200w,https:\/\/a.allegroimg.com\/original\/11e894\/f77df00443c99617340c3868022e\/2x-BARUM-185-60R16-86H-Quartaris-5-caloroczne-2024-r 1200w\" sizes=\"(min-width: 1200px) 560px, (min-width: 992px) 50vw, 100vw\" width=\"1200px\" alt=\"2x BARUM 185\/60R16 86H Quartaris 5 ca\u0142oroczne 2024 r\" style=\"max-width: 100%; height: auto; display: block; margin: 0 auto;\"><\/div>\n<\/div>\n<\/div>\n<\/div>\n<\/div>\n<div style=\"clear: both; display: block; margin: 10px 0;\">\n<div style=\"clear: both; display: block; margin: 10px 0;\">\n<h1>BARUM Quartaris 5 185\/60R16 86H<\/h1>\n<h2>G0VJT9<\/h2>\n<ul style=\"margin: 15px 0; padding-left: 20px; clear: both; display: block; width: 100%; float: none; position: static;\">\n<li style=\"margin: 5px 0; padding: 2px 0; clear: both; display: list-item; float: none; position: static;\"><b>Data produkcji :<\/b> 2024<\/li>\n<li style=\"margin: 5px 0; padding: 2px 0; clear: both; display: list-item; float: none; position: static;\"><b>Indeks :<\/b> 185\/60R16 COBA 86H Q5<\/li>\n<li style=\"margin: 5px 0; padding: 2px 0; clear: both; display: list-item; float: none; position: static;\"><b>Indeks no\u015bno\u015bci :<\/b> 86<\/li>\n<li style=\"margin: 5px 0; padding: 2px 0; clear: both; display: list-item; float: none; position: static;\"><b>Indeks pr\u0119dko\u015bci :<\/b> H &#8211; 210 km\/h<\/li>\n<li style=\"margin: 5px 0; padding: 2px 0; clear: both; display: list-item; float: none; position: static;\"><b>Karta informacyjna produktu :<\/b> https:\/\/eprel.ec.europa.eu\/qr\/711598<\/li>\n<li style=\"margin: 5px 0; padding: 2px 0; clear: both; display: list-item; float: none; position: static;\"><b>Kl. efekt. paliwowej :<\/b> D<\/li>\n<li style=\"margin: 5px 0; padding: 2px 0; clear: both; display: list-item; float: none; position: static;\"><b>Kl. przycz. na mokrej naw. :<\/b> C<\/li>\n<li style=\"margin: 5px 0; padding: 2px 0; clear: both; display: list-item; float: none; position: static;\"><b>Kl. zew. ha\u0142asu tocz. :<\/b> B<\/li>\n<li style=\"margin: 5px 0; padding: 2px 0; clear: both; display: list-item; float: none; position: static;\"><b>Klasa opony :<\/b> bud\u017cet<\/li>\n<li style=\"margin: 5px 0; padding: 2px 0; clear: both; display: list-item; float: none; position: static;\"><b>Kod EAN :<\/b> 4024063005891<\/li>\n<li style=\"margin: 5px 0; padding: 2px 0; clear: both; display: list-item; float: none; position: static;\"><b>Kod producenta :<\/b> 15413950000<\/li>\n<li style=\"margin: 5px 0; padding: 2px 0; clear: both; display: list-item; float: none; position: static;\"><b>Model bie\u017cnika :<\/b> Quartaris 5<\/li>\n<li style=\"margin: 5px 0; padding: 2px 0; clear: both; display: list-item; float: none; position: static;\"><b>Nazwa produktu :<\/b> BARUM 185\/60R16 86H Quartaris 5 ca\u0142oroczne<\/li>\n<li style=\"margin: 5px 0; padding: 2px 0; clear: both; display: list-item; float: none; position: static;\"><b>Producent :<\/b> BARUM<\/li>\n<li style=\"margin: 5px 0; padding: 2px 0; clear: both; display: list-item; float: none; position: static;\"><b>Profil :<\/b> 60<\/li>\n<li style=\"margin: 5px 0; padding: 2px 0; clear: both; display: list-item; float: none; position: static;\"><b>Przeznaczenie :<\/b> samochody osobowe\/SUV\/4&#215;4<\/li>\n<li style=\"margin: 5px 0; padding: 2px 0; clear: both; display: list-item; float: none; position: static;\"><b>Przyczepno\u015b\u0107 na lodzie :<\/b> Nie<\/li>\n<li style=\"margin: 5px 0; padding: 2px 0; clear: both; display: list-item; float: none; position: static;\"><b>Przyczepno\u015b\u0107 na \u015bniegu :<\/b> Tak<\/li>\n<li style=\"margin: 5px 0; padding: 2px 0; clear: both; display: list-item; float: none; position: static;\"><b>QR kod :<\/b> https:\/\/eprel.ec.europa.eu\/qr\/711598<\/li>\n<li style=\"margin: 5px 0; padding: 2px 0; clear: both; display: list-item; float: none; position: static;\"><b>Sezon :<\/b> ca\u0142oroczna<\/li>\n<li style=\"margin: 5px 0; padding: 2px 0; clear: both; display: list-item; float: none; position: static;\"><b>\u015arednica :<\/b> 16&#8243;<\/li>\n<li style=\"margin: 5px 0; padding: 2px 0; clear: both; display: list-item; float: none; position: static;\"><b>Szeroko\u015b\u0107 :<\/b> 185<\/li>\n<li style=\"margin: 5px 0; padding: 2px 0; clear: both; display: list-item; float: none; position: static;\"><b>Wart. pom. i kl. zew. ha\u0142asu tocz. [dB] :<\/b> 71<\/li>\n<\/ul>\n<\/div>\n<\/div>\n<\/div>\n<div style=\"clear: both; display: block; margin: 10px 0;\">\n<div style=\"clear: both; display: block; margin: 10px 0;\">\n<div style=\"clear: both; display: block; margin: 10px 0;\">\n<p style=\"margin: 15px 0; line-height: 1.8; clear: both; display: block; width: 100%; float: none; position: static;\"> BARUM Quartaris 5 &#8211; Sezon si\u0119 zmienia, bezpiecze\u0144stwo pozostaje BARUM Quartaris 5 to ca\u0142oroczna opona, stworzona z my\u015bl\u0105 o samochodach miejskich, zapewniaj\u0105ca bezpieczn\u0105 jazd\u0119 i zr\u00f3wnowa\u017cone osi\u0105gi bez wzgl\u0119du na warunki. Zoptymalizowany pod k\u0105tem warunk\u00f3w zimowych bie\u017cnik, wyposa\u017cony w sie\u0107 r\u00f3\u017cnorodnych lameli, wspomaga przyczepno\u015b\u0107 na o\u015bnie\u017conych drogach, skracaj\u0105c tym samym drog\u0119 hamowania. Podr\u00f3\u017cowanie w zimowym krajobrazie staje si\u0119 bardziej efektywne i bezpieczne. Za precyzj\u0119 prowadzenia i stabilno\u015b\u0107 pojazdu na mokrych nawierzchniach oraz podczas pokonywania zakr\u0119t\u00f3w odpowiadaj\u0105 wzmocnione strefy barkowe z usztywnieniami mi\u0119dzyblokowymi bie\u017cnika, kt\u00f3re utrzymaj\u0105 pojazd we w\u0142a\u015bciwym torze jady, nawet przy gwa\u0142townych manewrach. Specjalnie zaprojektowane rowkowanie bie\u017cnika, sk\u0142adaj\u0105ce si\u0119 z szerokich rowk\u00f3w obwodowych i w\u0119\u017cszych rowk\u00f3w poprzecznych oraz optymalnego rowkowania na barkach opony, jeszcze skuteczniej odprowadzaj\u0105 nadmiar wody podczas jazdy przez co opona wykazuje wysok\u0105 odporno\u015b\u0107 na aquaplaning. BARUM Quartaris 5 to ciekawa propozycja dla kierowc\u00f3w poszukuj\u0105cych uniwersalnej opony, zapewniaj\u0105cej optymalne osi\u0105gi w ka\u017cdych warunkach, kt\u00f3ra dodatkowo lokuje si\u0119 w przyst\u0119pnym przedziale cenowym. FAQ Jakie s\u0105 g\u0142\u00f3wne zalety opon Barum Quartaris 5? Opony Barum Quartaris 5 to model ca\u0142oroczny, kt\u00f3ry z powodzeniem mo\u017ce by\u0107 u\u017cytkowany w samochodach miejskich i kompaktowych klasy \u015bredniej i wy\u017cszej. Ogumienie wyr\u00f3\u017cnia si\u0119 unikatowym wzorem bie\u017cnika w kszta\u0142cie jode\u0142ki, kt\u00f3ry bardzo dobrze odprowadza wod\u0119 i zanieczyszczenia podczas jazdy. Dzi\u0119ki temu opony zapewniaj\u0105 stabiln\u0105 jazd\u0119 i zmniejszaj\u0105 ryzyko wpadni\u0119cia w po\u015blizg. Model charakteryzuje si\u0119 r\u00f3wnie\u017c utrzymaniem optymalnej elastyczno\u015bci i sztywno\u015bci o ka\u017cdej porze roku, a tak\u017ce doskona\u0142ym t\u0142umieniem nier\u00f3wno\u015bci. Ze wzgl\u0119du na te cechy opony wyr\u00f3\u017cnia wysoki poziom komfortu w czasie jazdy i zachowanie oczekiwanego poziomu bezpiecze\u0144stwa. Jakie certyfikaty i atesty maj\u0105 opony Barum Quartaris 5? Model Barum Quartaris 5 uzyska\u0142 bardzo dobre wyniki w badaniach efektywno\u015bci paliwowej, zdobywaj\u0105c kategorie C. Oznacza to, \u017ce opony wykazuj\u0105 umiarkowane opory toczenia, co przek\u0142ada si\u0119 na redukcj\u0119 poziomu spalania oraz zminimalizowanie emisji CO2 do atmosfery. Co wi\u0119cej, w\u015br\u00f3d etykiet umieszczonych na tym modelu mo\u017cna znale\u017a\u0107 not\u0119 C w kategorii przyczepno\u015bci na mokrej nawierzchni. Determinuje ona zachowanie ogumienia na drogach, na kt\u00f3rych zalega woda. Uzyskana ocena wskazuje na satysfakcjonuj\u0105cy wynik tego modelu w testach sprawdzaj\u0105cych. Jakie rozmiary opon Barum Quartaris 5 s\u0105 dost\u0119pne? Opony Barum Quartaris 5 dost\u0119pne s\u0105 w wielu rozmiarach, dlatego z \u0142atwo\u015bci\u0105 mo\u017cna dopasowa\u0107 je do swojego pojazdu. Wyst\u0119puj\u0105 w rozmiarach od 13 do 18 cali oraz szeroko\u015bciach 155 do 230 milimetr\u00f3w.<\/p>\n<\/div>\n<\/div>\n<div style=\"clear: both; display: block; margin: 10px 0;\">\n<div style=\"clear: both; display: block; margin: 10px 0;\">\n<div  style=\"max-width:886px;max-height:1299px\">\n<div style=\"clear: both; display: block; margin: 10px 0;\">\n<div style=\"clear: both; width: 100%; display: block; margin: 20px 0; padding: 0; float: none; position: static; text-align: center;\"><img decoding=\"async\"  src=\"https:\/\/a.allegroimg.com\/original\/11b6a3\/fb8c6b7d44f68db936de6f3366f4\/2x-BARUM-185-60R16-86H-Quartaris-5-caloroczne-2024-r-Srednica-16\" srcset=\"https:\/\/a.allegroimg.com\/original\/11b6a3\/fb8c6b7d44f68db936de6f3366f4\/2x-BARUM-185-60R16-86H-Quartaris-5-caloroczne-2024-r-Srednica-16 245w,https:\/\/a.allegroimg.com\/original\/11b6a3\/fb8c6b7d44f68db936de6f3366f4\/2x-BARUM-185-60R16-86H-Quartaris-5-caloroczne-2024-r-Srednica-16 491w,https:\/\/a.allegroimg.com\/original\/11b6a3\/fb8c6b7d44f68db936de6f3366f4\/2x-BARUM-185-60R16-86H-Quartaris-5-caloroczne-2024-r-Srednica-16 698w,https:\/\/a.allegroimg.com\/original\/11b6a3\/fb8c6b7d44f68db936de6f3366f4\/2x-BARUM-185-60R16-86H-Quartaris-5-caloroczne-2024-r-Srednica-16 886w,https:\/\/a.allegroimg.com\/original\/11b6a3\/fb8c6b7d44f68db936de6f3366f4\/2x-BARUM-185-60R16-86H-Quartaris-5-caloroczne-2024-r-Srednica-16 886w\" sizes=\"(min-width: 1200px) 560px, (min-width: 992px) 50vw, 100vw\" width=\"886px\" alt=\"2x BARUM 185\/60R16 86H Quartaris 5 ca\u0142oroczne 2024 r \u015arednica 16&quot;\" style=\"max-width: 100%; height: auto; display: block; margin: 0 auto;\"><\/div>\n<\/div>\n<\/div>\n<\/div>\n<\/div>\n<\/div>\n<div style=\"clear: both; display: block; margin: 10px 0;\">\n<div style=\"clear: both; display: block; margin: 10px 0;\">\n<div style=\"clear: both; display: block; margin: 10px 0;\">\n<p style=\"margin: 15px 0; line-height: 1.8; clear: both; display: block; width: 100%; float: none; position: static;\">Wychodz\u0105c naprzeciw oczekiwaniom Klient\u00f3w i chc\u0105c spe\u0142nia\u0107 jak najwy\u017csze standardy obs\u0142ugi dok\u0142adamy wszelkich stara\u0144, aby podawa\u0107 precyzyjn\u0105 dat\u0119 produkcji opony (DOT). Niestety, w wyj\u0105tkowych przypadkach, mo\u017ce zdarzy\u0107 si\u0119, \u017ce opony, kt\u00f3re wy\u015blemy b\u0119d\u0105 mia\u0142y inn\u0105 dat\u0119 produkcji ni\u017c podana. Sytuacja mo\u017ce dotyczy\u0107 zar\u00f3wno opon z DOT-em wcze\u015bniejszym jak i p\u00f3\u017aniejszym. Chcieliby\u015bmy podkre\u015bli\u0107, \u017ce warunki przechowywania opon w naszych magazynach spe\u0142niaj\u0105 Polsk\u0105 Norm\u0119 PN-C-94300-7 dzi\u0119ki czemu nawet opona przechowywana 24 miesi\u0105ce ma parametry takie same jak opona z bie\u017c\u0105cego roku. Warto pami\u0119ta\u0107 tak\u017ce o fakcie, \u017ce w przypadku wielu rozmiar\u00f3w i producent\u00f3w plany produkcyjne fabryk uniemo\u017cliwiaj\u0105 zakup opony z bie\u017c\u0105cego roku.<\/p>\n<p style=\"margin: 15px 0; line-height: 1.8; clear: both; display: block; width: 100%; float: none; position: static;\">Przy zakupie opon pami\u0119taj o sprawdzeniu w instrukcji samochodu lub na w\u0142a\u015bciwej stronie internetowej, jakie ogumienie zaleca producent Twojego auta. \u0179le dobrane opony mog\u0105 negatywnie wp\u0142yn\u0105\u0107 na poziom Twojego bezpiecze\u0144stwa. Kupuj\u0105c opony zwr\u00f3\u0107 uwag\u0119 na rozmiar oraz indeksy no\u015bno\u015bci i pr\u0119dko\u015bci jakie homologowane s\u0105 do Twojego pojazdu.<\/p>\n<p style=\"margin: 15px 0; line-height: 1.8; clear: both; display: block; width: 100%; float: none; position: static;\">Zamieszczone zdj\u0119cia pe\u0142ni\u0105 funkcj\u0119 pogl\u0105dow\u0105. W zale\u017cno\u015bci od szeroko\u015bci opon, mog\u0105 wyst\u0119powa\u0107 niewielkie r\u00f3\u017cnice w wygl\u0105dzie bie\u017cnika (w obr\u0119bie jednego modelu) na przyk\u0142ad w ilo\u015bci rowk\u00f3w obwodowych lub rozmieszczeniu blok\u00f3w bie\u017cnika, co nie stanowi wady produktu.<\/p>\n<p style=\"margin: 15px 0; line-height: 1.8; clear: both; display: block; width: 100%; float: none; position: static;\">Je\u017celi otrzymane przez Ciebie opony nie spe\u0142niaj\u0105 Twoich oczekiwa\u0144 masz mo\u017cliwo\u015b\u0107 zwrotu lub wymiany nieu\u017cywanego (niemontowanego) ogumienia.<\/p>\n<\/div>\n<\/div>\n<\/div>\n<div style=\"clear: both; display: block; margin: 10px 0;\">\n<div style=\"clear: both; display: block; margin: 10px 0;\">\n<div style=\"clear: both; display: block; margin: 10px 0;\">\n<div  style=\"max-width:1024px;max-height:224px\">\n<div style=\"clear: both; display: block; margin: 10px 0;\">\n<div style=\"clear: both; width: 100%; display: block; margin: 20px 0; padding: 0; float: none; position: static; text-align: center;\"><img decoding=\"async\"  src=\"https:\/\/a.allegroimg.com\/original\/1168b9\/71e10474445a874704ab4588b922\/2x-BARUM-185-60R16-86H-Quartaris-5-caloroczne-2024-r-Halas-zewnetrzny-71-dB\" srcset=\"https:\/\/a.allegroimg.com\/original\/1168b9\/71e10474445a874704ab4588b922\/2x-BARUM-185-60R16-86H-Quartaris-5-caloroczne-2024-r-Halas-zewnetrzny-71-dB 360w,https:\/\/a.allegroimg.com\/original\/1168b9\/71e10474445a874704ab4588b922\/2x-BARUM-185-60R16-86H-Quartaris-5-caloroczne-2024-r-Halas-zewnetrzny-71-dB 720w,https:\/\/a.allegroimg.com\/original\/1168b9\/71e10474445a874704ab4588b922\/2x-BARUM-185-60R16-86H-Quartaris-5-caloroczne-2024-r-Halas-zewnetrzny-71-dB 1024w,https:\/\/a.allegroimg.com\/original\/1168b9\/71e10474445a874704ab4588b922\/2x-BARUM-185-60R16-86H-Quartaris-5-caloroczne-2024-r-Halas-zewnetrzny-71-dB 1024w\" sizes=\"(min-width: 1200px) 560px, (min-width: 992px) 50vw, 100vw\" width=\"1024px\" alt=\"2x BARUM 185\/60R16 86H Quartaris 5 ca\u0142oroczne 2024 r Ha\u0142as zewn\u0119trzny 71 dB\" style=\"max-width: 100%; height: auto; display: block; margin: 0 auto;\"><\/div>\n<\/div>\n<\/div>\n<\/div>\n<\/div>\n<div style=\"clear: both; display: block; margin: 10px 0;\">\n<div style=\"clear: both; display: block; margin: 10px 0;\">\n<h1>Barum<\/h1>\n<p style=\"margin: 15px 0; line-height: 1.8; clear: both; display: block; width: 100%; float: none; position: static;\">Historia marki Barum jest doskona\u0142ym przyk\u0142adem przemiany niewielkiego przedsi\u0119biorstwa z bran\u017cy tekstylnej w \u015bwiatowej s\u0142awy producenta opon zimowych i letnich.<br \/>\nW 1945 roku tr\u00f3jka najwi\u0119kszych czechos\u0142owackich producent\u00f3w wyrob\u00f3w gumowych \u2013 Bata, Rubena oraz Mitas \u2013 zjednoczy\u0142a si\u0119 pod mark\u0105 Barum. Do\u015bwiadczenie specjalist\u00f3w firmy Bata w po\u0142\u0105czeniu z nowoczesnymi technologiami wdra\u017canymi i udoskonalanymi w zbudowanej w 1966 roku fabryce w Otrokovicach pozwoli\u0142o na wypracowanie wielu generacji opon cechuj\u0105cych si\u0119 trwa\u0142o\u015bci\u0105, niezawodno\u015bci\u0105 i nisk\u0105 cen\u0105.<br \/>\nW 1992 roku podpisana zosta\u0142a umowa joint venture z korporacj\u0105 Continental AG, kt\u00f3ra jest obecnym w\u0142a\u015bcicielem marki Barum.<br \/>\nBarum dla samochod\u00f3w osobowych i sportowo-u\u017cytkowych, dzi\u0119ki nowatorskiej konstrukcji bie\u017cnika zapewniaj\u0105 doskonalsz\u0105 przyczepno\u015b\u0107 na o\u015bnie\u017conych nawierzchniach, nie zwi\u0119kszaj\u0105c przy tym opor\u00f3w toczenia w innych warunkach pogodowych. Zawarto\u015b\u0107 krzemionki w materiale, z kt\u00f3rego zosta\u0142y wykonane, przed\u0142u\u017ca \u017cywotno\u015b\u0107 opon, co sprawia, \u017ce s\u0105 one idealnym wyborem dla oszcz\u0119dnych klient\u00f3w. . Opony zimowe i letnie firmy Barum to najwy\u017csza jako\u015b\u0107 w przyst\u0119pnej cenie.<\/p>\n<\/div>\n<\/div>\n<\/div>\n<\/div>\n<\/div>\n<\/div>\n<div style=\"clear: both; display: block; margin: 10px 0;\">\n","protected":false},"excerpt":{"rendered":"<p>Rok produkcji: 2024<\/p>\n<p>BARUM Quartaris 5 185\/60R16 86H<\/p>\n<p>G0VJT9<\/p>\n<p>Data produkcji : 2024<\/p>\n<p>Indeks : 185\/60R16 COBA 86H Q5<\/p>\n<p>Indeks no\u015bno\u015bci : 86<\/p>\n<p>Indeks pr\u0119dko\u015bci : H &#8211; 210 km\/h<\/p>\n<p>Karta informacyjna produktu : https:\/\/eprel.ec.europa.eu\/qr\/711598<\/p>\n","protected":false},"featured_media":14073,"template":"","meta":{"_uag_custom_page_level_css":""},"product_brand":[386],"product_cat":[416,414,413,412],"product_tag":[],"class_list":{"0":"post-14072","1":"product","2":"type-product","3":"status-publish","4":"has-post-thumbnail","6":"product_brand-barum","7":"product_cat-caloroczne","8":"product_cat-do-samochodow-osobowych-i-suv","9":"product_cat-opony","10":"product_cat-opony-i-felgi","12":"first","13":"instock","14":"shipping-taxable","15":"purchasable","16":"product-type-simple"},"uagb_featured_image_src":{"full":["https:\/\/oponixo.shop\/tire\/wp-content\/uploads\/2026\/01\/allegro-image-14072.jpg",1200,1126,false],"thumbnail":["https:\/\/oponixo.shop\/tire\/wp-content\/uploads\/2026\/01\/allegro-image-14072-150x150.jpg",150,150,true],"medium":["https:\/\/oponixo.shop\/tire\/wp-content\/uploads\/2026\/01\/allegro-image-14072-300x282.jpg",300,282,true],"medium_large":["https:\/\/oponixo.shop\/tire\/wp-content\/uploads\/2026\/01\/allegro-image-14072-768x721.jpg",768,721,true],"large":["https:\/\/oponixo.shop\/tire\/wp-content\/uploads\/2026\/01\/allegro-image-14072-1024x961.jpg",1024,961,true],"1536x1536":["https:\/\/oponixo.shop\/tire\/wp-content\/uploads\/2026\/01\/allegro-image-14072.jpg",1200,1126,false],"2048x2048":["https:\/\/oponixo.shop\/tire\/wp-content\/uploads\/2026\/01\/allegro-image-14072.jpg",1200,1126,false],"woocommerce_thumbnail":["https:\/\/oponixo.shop\/tire\/wp-content\/uploads\/2026\/01\/allegro-image-14072-300x300.jpg",300,300,true],"woocommerce_single":["https:\/\/oponixo.shop\/tire\/wp-content\/uploads\/2026\/01\/allegro-image-14072-600x563.jpg",600,563,true],"woocommerce_gallery_thumbnail":["https:\/\/oponixo.shop\/tire\/wp-content\/uploads\/2026\/01\/allegro-image-14072-100x100.jpg",100,100,true]},"uagb_author_info":{"display_name":"admin","author_link":"https:\/\/oponixo.shop\/tire\/author\/"},"uagb_comment_info":0,"uagb_excerpt":"Rok produkcji: 2024 BARUM Quartaris 5 185\/60R16 86H G0VJT9 Data produkcji : 2024 Indeks : 185\/60R16 COBA 86H Q5 Indeks no\u015bno\u015bci : 86 Indeks pr\u0119dko\u015bci : H - 210 km\/h Karta informacyjna produktu : https:\/\/eprel.ec.europa.eu\/qr\/711598","_links":{"self":[{"href":"https:\/\/oponixo.shop\/tire\/wp-json\/wp\/v2\/product\/14072","targetHints":{"allow":["GET"]}}],"collection":[{"href":"https:\/\/oponixo.shop\/tire\/wp-json\/wp\/v2\/product"}],"about":[{"href":"https:\/\/oponixo.shop\/tire\/wp-json\/wp\/v2\/types\/product"}],"wp:featuredmedia":[{"embeddable":true,"href":"https:\/\/oponixo.shop\/tire\/wp-json\/wp\/v2\/media\/14073"}],"wp:attachment":[{"href":"https:\/\/oponixo.shop\/tire\/wp-json\/wp\/v2\/media?parent=14072"}],"wp:term":[{"taxonomy":"product_brand","embeddable":true,"href":"https:\/\/oponixo.shop\/tire\/wp-json\/wp\/v2\/product_brand?post=14072"},{"taxonomy":"product_cat","embeddable":true,"href":"https:\/\/oponixo.shop\/tire\/wp-json\/wp\/v2\/product_cat?post=14072"},{"taxonomy":"product_tag","embeddable":true,"href":"https:\/\/oponixo.shop\/tire\/wp-json\/wp\/v2\/product_tag?post=14072"}],"curies":[{"name":"wp","href":"https:\/\/api.w.org\/{rel}","templated":true}]}}