{"id":14052,"date":"2026-01-11T23:39:43","date_gmt":"2026-01-11T22:39:43","guid":{"rendered":"https:\/\/oponyspeed.shop\/xef5\/produkt\/4x-opony-zimowe-205-55r16-debica-frigo-2-91t\/"},"modified":"2026-01-11T23:39:44","modified_gmt":"2026-01-11T22:39:44","slug":"4x-opony-zimowe-205-55r16-debica-frigo-2-91t","status":"publish","type":"product","link":"https:\/\/oponexa.shop\/tire\/produkt\/4x-opony-zimowe-205-55r16-debica-frigo-2-91t\/","title":{"rendered":"4x opony zimowe 205\/55R16 D\u0118BICA FRIGO 2 91T"},"content":{"rendered":"<div style=\"font-family: Arial, sans-serif; line-height: 1.6; color: #333; padding: 20px; clear: both; display: block; width: 100%; float: none; position: static; overflow: hidden;\">\n<div style=\"clear: both; display: block; margin: 10px 0;\">\n<div style=\"clear: both; display: block; margin: 10px 0;\">\n<div style=\"clear: both; display: block; margin: 10px 0;\">\n<h2>Opona zimowa D\u0119bica Frigo 2 205\/55R16 91 T przyczepno\u015b\u0107 na \u015bniegu (3PMSF)<\/h2>\n<p style=\"margin: 15px 0; line-height: 1.8; clear: both; display: block; width: 100%; float: none; position: static;\">Opona zimowa D\u0119bica Frigo 2 205\/55R16 91 T<\/p>\n<p style=\"margin: 15px 0; line-height: 1.8; clear: both; display: block; width: 100%; float: none; position: static;\">Cechy produktu:<\/p>\n<ul style=\"margin: 15px 0; padding-left: 20px; clear: both; display: block; width: 100%; float: none; position: static;\">\n<li style=\"margin: 5px 0; padding: 2px 0; clear: both; display: list-item; float: none; position: static;\">sezon: zimowe<\/li>\n<li style=\"margin: 5px 0; padding: 2px 0; clear: both; display: list-item; float: none; position: static;\">szeroko\u015b\u0107\/profil\/\u015brednica: 205\/55R16<\/li>\n<li style=\"margin: 5px 0; padding: 2px 0; clear: both; display: list-item; float: none; position: static;\">indeks pr\u0119dko\u015bci: T do 190 km\/h<\/li>\n<li style=\"margin: 5px 0; padding: 2px 0; clear: both; display: list-item; float: none; position: static;\">indeks no\u015bno\u015bci: 91 &#8211; 615 kg<\/li>\n<\/ul>\n<\/div>\n<\/div>\n<div style=\"clear: both; display: block; margin: 10px 0;\">\n<div style=\"clear: both; display: block; margin: 10px 0;\">\n<div  style=\"max-width:1576px;max-height:2500px\">\n<div style=\"clear: both; display: block; margin: 10px 0;\">\n<div style=\"clear: both; width: 100%; display: block; margin: 20px 0; padding: 0; float: none; position: static; text-align: center;\"><img decoding=\"async\"  src=\"https:\/\/8.allegroimg.com\/original\/00a357\/be17db984353a615127129c2b8b8\/4x-opony-zimowe-205-55R16-DEBICA-FRIGO-2-91T\" srcset=\"https:\/\/8.allegroimg.com\/original\/00a357\/be17db984353a615127129c2b8b8\/4x-opony-zimowe-205-55R16-DEBICA-FRIGO-2-91T 226w,https:\/\/8.allegroimg.com\/original\/00a357\/be17db984353a615127129c2b8b8\/4x-opony-zimowe-205-55R16-DEBICA-FRIGO-2-91T 453w,https:\/\/8.allegroimg.com\/original\/00a357\/be17db984353a615127129c2b8b8\/4x-opony-zimowe-205-55R16-DEBICA-FRIGO-2-91T 645w,https:\/\/8.allegroimg.com\/original\/00a357\/be17db984353a615127129c2b8b8\/4x-opony-zimowe-205-55R16-DEBICA-FRIGO-2-91T 907w,https:\/\/8.allegroimg.com\/original\/00a357\/be17db984353a615127129c2b8b8\/4x-opony-zimowe-205-55R16-DEBICA-FRIGO-2-91T 1576w\" sizes=\"(min-width: 1200px) 560px, (min-width: 992px) 50vw, 100vw\" width=\"1576px\" alt=\"4x opony zimowe 205\/55R16 D\u0118BICA FRIGO 2 91T\" style=\"max-width: 100%; height: auto; display: block; margin: 0 auto;\"><\/div>\n<\/div>\n<\/div>\n<\/div>\n<\/div>\n<\/div>\n<div style=\"clear: both; display: block; margin: 10px 0;\">\n<div style=\"clear: both; display: block; margin: 10px 0;\">\n<div style=\"clear: both; display: block; margin: 10px 0;\">\n<h3 style=\"color: #2c5aa0; font-size: 18px; margin: 30px 0 15px 0; font-weight: bold; clear: both; display: block; width: 100%; float: none; position: static;\">Informacje dodatkowe:<\/h3>\n<ul style=\"margin: 15px 0; padding-left: 20px; clear: both; display: block; width: 100%; float: none; position: static;\">\n<li style=\"margin: 5px 0; padding: 2px 0; clear: both; display: list-item; float: none; position: static;\">rok produkcji: 2024\/2025 (kupuj\u0105c z tej oferty otrzymasz opony fabrycznie nowe, pe\u0142nowarto\u015bciowe)<\/li>\n<li style=\"margin: 5px 0; padding: 2px 0; clear: both; display: list-item; float: none; position: static;\">stan: fabrycznie nowe<\/li>\n<\/ul>\n<\/div>\n<\/div>\n<\/div>\n<div style=\"clear: both; display: block; margin: 10px 0;\">\n<div style=\"clear: both; display: block; margin: 10px 0;\">\n<div style=\"clear: both; display: block; margin: 10px 0;\">\n<p style=\"margin: 15px 0; line-height: 1.8; clear: both; display: block; width: 100%; float: none; position: static;\">D\u0119bica Frigo 2 to opona zimowa przeznaczona do u\u017cytkowania w samochodach osobowych. Jest zaliczana do klasy ekonomicznej \u2013 cechuje si\u0119 bardzo dobrym stosunkiem ceny do jako\u015bci. Zosta\u0142\u0105 wyposa\u017cona zosta\u0142a w kierunkowy bie\u017cnik z szerokimi rowkami, kt\u00f3re odprowadzaj\u0105 wod\u0119 oraz b\u0142oto po\u015bniegowe na zewn\u0105trz opony, redukuj\u0105c mo\u017cliwo\u015b\u0107 wyst\u0105pienia efektu aquaplaningu oraz snowplaningu (utraty przyczepno\u015bci na mokrej oraz za\u015bnie\u017conej nawierzchni).<\/p>\n<p style=\"margin: 15px 0; line-height: 1.8; clear: both; display: block; width: 100%; float: none; position: static;\">Optymalizacja powierzchni styku opony z drog\u0105 gwarantuje doskona\u0142\u0105 przyczepno\u015b\u0107 zar\u00f3wno na zmro\u017conych, jak i pokrytych \u015bwie\u017cym \u015bniegiem nawierzchniach, zapewniaj\u0105c jednocze\u015bnie kr\u00f3tk\u0105 drog\u0119 hamowania.<\/p>\n<p style=\"margin: 15px 0; line-height: 1.8; clear: both; display: block; width: 100%; float: none; position: static;\">Opona wyprodukowana zosta\u0142a ze specjalnej mieszanki gumowej z domieszk\u0105 krzemionki, co zapewnia jej bardzo dobr\u0105 elastyczno\u015b\u0107 w niskich temperaturach.<\/p>\n<p style=\"margin: 15px 0; line-height: 1.8; clear: both; display: block; width: 100%; float: none; position: static;\">Konstrukcja opony umo\u017cliwia osi\u0105ganie d\u0142ugich przebieg\u00f3w, a tak\u017ce r\u00f3wnomierne zu\u017cywanie bie\u017cnika.<\/p>\n<\/div>\n<\/div>\n<\/div>\n<div style=\"clear: both; display: block; margin: 10px 0;\">\n<div style=\"clear: both; display: block; margin: 10px 0;\">\n<div style=\"clear: both; display: block; margin: 10px 0;\">\n<div  style=\"max-width:1576px;max-height:2500px\">\n<div style=\"clear: both; display: block; margin: 10px 0;\">\n<div style=\"clear: both; width: 100%; display: block; margin: 20px 0; padding: 0; float: none; position: static; text-align: center;\"><img decoding=\"async\"  src=\"https:\/\/8.allegroimg.com\/original\/00a357\/be17db984353a615127129c2b8b8\/4x-opony-zimowe-205-55R16-DEBICA-FRIGO-2-91T\" srcset=\"https:\/\/8.allegroimg.com\/original\/00a357\/be17db984353a615127129c2b8b8\/4x-opony-zimowe-205-55R16-DEBICA-FRIGO-2-91T 226w,https:\/\/8.allegroimg.com\/original\/00a357\/be17db984353a615127129c2b8b8\/4x-opony-zimowe-205-55R16-DEBICA-FRIGO-2-91T 453w,https:\/\/8.allegroimg.com\/original\/00a357\/be17db984353a615127129c2b8b8\/4x-opony-zimowe-205-55R16-DEBICA-FRIGO-2-91T 645w,https:\/\/8.allegroimg.com\/original\/00a357\/be17db984353a615127129c2b8b8\/4x-opony-zimowe-205-55R16-DEBICA-FRIGO-2-91T 907w,https:\/\/8.allegroimg.com\/original\/00a357\/be17db984353a615127129c2b8b8\/4x-opony-zimowe-205-55R16-DEBICA-FRIGO-2-91T 1576w\" sizes=\"100vw\" width=\"1576px\" alt=\"4x opony zimowe 205\/55R16 D\u0118BICA FRIGO 2 91T\" style=\"max-width: 100%; height: auto; display: block; margin: 0 auto;\"><\/div>\n<\/div>\n<\/div>\n<\/div>\n<\/div>\n<\/div>\n<\/div>\n<\/div>\n<\/div>\n<div style=\"clear: both; display: block; margin: 10px 0;\">\n","protected":false},"excerpt":{"rendered":"<p>Opona zimowa D\u0119bica Frigo 2 205\/55R16 91 T przyczepno\u015b\u0107 na \u015bniegu (3PMSF)<\/p>\n<p>Opona zimowa D\u0119bica Frigo 2 205\/55R16 91 T<\/p>\n<p>Cechy produktu:<\/p>\n<p>sezon: zimowe<\/p>\n<p>szeroko\u015b\u0107\/profil\/\u015brednica: 205\/55R16<\/p>\n<p>indeks pr\u0119dko\u015bci: T do 190 km\/h<\/p>\n<p>indeks no\u015bno\u015bci: 91 &#8211; 615 kg<\/p>\n<p>Informacje dodatkowe:<\/p>\n","protected":false},"featured_media":14053,"template":"","meta":{"_uag_custom_page_level_css":""},"product_brand":[378],"product_cat":[414,413,412,415],"product_tag":[],"class_list":{"0":"post-14052","1":"product","2":"type-product","3":"status-publish","4":"has-post-thumbnail","6":"product_brand-debica","7":"product_cat-do-samochodow-osobowych-i-suv","8":"product_cat-opony","9":"product_cat-opony-i-felgi","10":"product_cat-zimowe","12":"first","13":"instock","14":"shipping-taxable","15":"purchasable","16":"product-type-simple"},"uagb_featured_image_src":{"full":["https:\/\/oponexa.shop\/tire\/wp-content\/uploads\/2026\/01\/allegro-image-14052.jpg",1576,2500,false],"thumbnail":["https:\/\/oponexa.shop\/tire\/wp-content\/uploads\/2026\/01\/allegro-image-14052-150x150.jpg",150,150,true],"medium":["https:\/\/oponexa.shop\/tire\/wp-content\/uploads\/2026\/01\/allegro-image-14052-189x300.jpg",189,300,true],"medium_large":["https:\/\/oponexa.shop\/tire\/wp-content\/uploads\/2026\/01\/allegro-image-14052-768x1218.jpg",768,1218,true],"large":["https:\/\/oponexa.shop\/tire\/wp-content\/uploads\/2026\/01\/allegro-image-14052-646x1024.jpg",646,1024,true],"1536x1536":["https:\/\/oponexa.shop\/tire\/wp-content\/uploads\/2026\/01\/allegro-image-14052-968x1536.jpg",968,1536,true],"2048x2048":["https:\/\/oponexa.shop\/tire\/wp-content\/uploads\/2026\/01\/allegro-image-14052-1291x2048.jpg",1291,2048,true],"woocommerce_thumbnail":["https:\/\/oponexa.shop\/tire\/wp-content\/uploads\/2026\/01\/allegro-image-14052-300x300.jpg",300,300,true],"woocommerce_single":["https:\/\/oponexa.shop\/tire\/wp-content\/uploads\/2026\/01\/allegro-image-14052-600x952.jpg",600,952,true],"woocommerce_gallery_thumbnail":["https:\/\/oponexa.shop\/tire\/wp-content\/uploads\/2026\/01\/allegro-image-14052-100x100.jpg",100,100,true]},"uagb_author_info":{"display_name":"admin","author_link":"https:\/\/oponexa.shop\/tire\/author\/"},"uagb_comment_info":0,"uagb_excerpt":"Opona zimowa D\u0119bica Frigo 2 205\/55R16 91 T przyczepno\u015b\u0107 na \u015bniegu (3PMSF) Opona zimowa D\u0119bica Frigo 2 205\/55R16 91 T Cechy produktu: sezon: zimowe szeroko\u015b\u0107\/profil\/\u015brednica: 205\/55R16 indeks pr\u0119dko\u015bci: T do 190 km\/h indeks no\u015bno\u015bci: 91 - 615 kg Informacje dodatkowe:","_links":{"self":[{"href":"https:\/\/oponexa.shop\/tire\/wp-json\/wp\/v2\/product\/14052","targetHints":{"allow":["GET"]}}],"collection":[{"href":"https:\/\/oponexa.shop\/tire\/wp-json\/wp\/v2\/product"}],"about":[{"href":"https:\/\/oponexa.shop\/tire\/wp-json\/wp\/v2\/types\/product"}],"wp:featuredmedia":[{"embeddable":true,"href":"https:\/\/oponexa.shop\/tire\/wp-json\/wp\/v2\/media\/14053"}],"wp:attachment":[{"href":"https:\/\/oponexa.shop\/tire\/wp-json\/wp\/v2\/media?parent=14052"}],"wp:term":[{"taxonomy":"product_brand","embeddable":true,"href":"https:\/\/oponexa.shop\/tire\/wp-json\/wp\/v2\/product_brand?post=14052"},{"taxonomy":"product_cat","embeddable":true,"href":"https:\/\/oponexa.shop\/tire\/wp-json\/wp\/v2\/product_cat?post=14052"},{"taxonomy":"product_tag","embeddable":true,"href":"https:\/\/oponexa.shop\/tire\/wp-json\/wp\/v2\/product_tag?post=14052"}],"curies":[{"name":"wp","href":"https:\/\/api.w.org\/{rel}","templated":true}]}}