{"id":14046,"date":"2026-01-11T23:39:42","date_gmt":"2026-01-11T22:39:42","guid":{"rendered":"https:\/\/oponyspeed.shop\/xef5\/produkt\/1x-radar-renegade-a-t-at-285-55r20-122-s\/"},"modified":"2026-01-11T23:39:42","modified_gmt":"2026-01-11T22:39:42","slug":"1x-radar-renegade-a-t-at-285-55r20-122-s","status":"publish","type":"product","link":"https:\/\/oponixo.shop\/tire\/produkt\/1x-radar-renegade-a-t-at-285-55r20-122-s\/","title":{"rendered":"1x RADAR RENEGADE A\/T AT 285\/55R20 122 S"},"content":{"rendered":"<div style=\"font-family: Arial, sans-serif; line-height: 1.6; color: #333; padding: 20px; clear: both; display: block; width: 100%; float: none; position: static; overflow: hidden;\">\n<div style=\"clear: both; display: block; margin: 10px 0;\">\n<div style=\"clear: both; display: block; margin: 10px 0;\">\n<div style=\"clear: both; display: block; margin: 10px 0;\">\n<h2>1x RADAR RENEGADE A\/T AT 285\/55R20 122 S<\/h2>\n<\/div>\n<\/div>\n<\/div>\n<div style=\"clear: both; display: block; margin: 10px 0;\">\n<div style=\"clear: both; display: block; margin: 10px 0;\">\n<div style=\"clear: both; display: block; margin: 10px 0;\">\n<div  style=\"max-width:920px;max-height:1120px\">\n<div style=\"clear: both; display: block; margin: 10px 0;\">\n<div style=\"clear: both; width: 100%; display: block; margin: 20px 0; padding: 0; float: none; position: static; text-align: center;\"><img decoding=\"async\"  src=\"https:\/\/a.allegroimg.com\/original\/1129da\/90d0e9e94fefa2d88e6f5ec49c69\/1x-RADAR-RENEGADE-A-T-AT-285-55R20-122-S\" srcset=\"https:\/\/a.allegroimg.com\/original\/1129da\/90d0e9e94fefa2d88e6f5ec49c69\/1x-RADAR-RENEGADE-A-T-AT-285-55R20-122-S 295w,https:\/\/a.allegroimg.com\/original\/1129da\/90d0e9e94fefa2d88e6f5ec49c69\/1x-RADAR-RENEGADE-A-T-AT-285-55R20-122-S 591w,https:\/\/a.allegroimg.com\/original\/1129da\/90d0e9e94fefa2d88e6f5ec49c69\/1x-RADAR-RENEGADE-A-T-AT-285-55R20-122-S 841w,https:\/\/a.allegroimg.com\/original\/1129da\/90d0e9e94fefa2d88e6f5ec49c69\/1x-RADAR-RENEGADE-A-T-AT-285-55R20-122-S 920w,https:\/\/a.allegroimg.com\/original\/1129da\/90d0e9e94fefa2d88e6f5ec49c69\/1x-RADAR-RENEGADE-A-T-AT-285-55R20-122-S 920w\" sizes=\"(min-width: 1200px) 560px, (min-width: 992px) 50vw, 100vw\" width=\"920px\" alt=\"1x RADAR RENEGADE A\/T AT 285\/55R20 122 S\" style=\"max-width: 100%; height: auto; display: block; margin: 0 auto;\"><\/div>\n<\/div>\n<\/div>\n<\/div>\n<\/div>\n<div style=\"clear: both; display: block; margin: 10px 0;\">\n<div style=\"clear: both; display: block; margin: 10px 0;\">\n<h2>Ca\u0142oroczna opona RADAR RENEGADE A\/T AT-5 LRE  BSW 285\/55 R20 122 S<\/h2>\n<p style=\"margin: 15px 0; line-height: 1.8; clear: both; display: block; width: 100%; float: none; position: static;\">Opona RADAR RENEGADE A\/T AT-5 LRE  BSW to znacz\u0105cy model w portfolio producenta.&nbsp;<\/p>\n<p style=\"margin: 15px 0; line-height: 1.8; clear: both; display: block; width: 100%; float: none; position: static;\"> Opony klasy ekonomicznej maj\u0105 \u015bwietny stosunek jako\u015bci do ceny.<\/p>\n<ul style=\"margin: 15px 0; padding-left: 20px; clear: both; display: block; width: 100%; float: none; position: static;\">\n<li style=\"margin: 5px 0; padding: 2px 0; clear: both; display: list-item; float: none; position: static;\"><b>Stan:<\/b>&nbsp;Nowy<\/li>\n<li style=\"margin: 5px 0; padding: 2px 0; clear: both; display: list-item; float: none; position: static;\"><b>EAN:<\/b>&nbsp;8886459516659<\/li>\n<li style=\"margin: 5px 0; padding: 2px 0; clear: both; display: list-item; float: none; position: static;\"><b>Producent:<\/b> RADAR<\/li>\n<li style=\"margin: 5px 0; padding: 2px 0; clear: both; display: list-item; float: none; position: static;\"><b>Model:<\/b> RENEGADE A\/T AT-5 LRE  BSW<\/li>\n<li style=\"margin: 5px 0; padding: 2px 0; clear: both; display: list-item; float: none; position: static;\"><b>Rozmiar:<\/b> 285\/55 R20<\/li>\n<li style=\"margin: 5px 0; padding: 2px 0; clear: both; display: list-item; float: none; position: static;\"><b>Indeks no\u015bno\u015bci:<\/b> 122<\/li>\n<li style=\"margin: 5px 0; padding: 2px 0; clear: both; display: list-item; float: none; position: static;\"><b>Indeks pr\u0119dko\u015bci:<\/b> S<\/li>\n<li style=\"margin: 5px 0; padding: 2px 0; clear: both; display: list-item; float: none; position: static;\"><b>Ha\u0142as db:<\/b>&nbsp;74<\/li>\n<li style=\"margin: 5px 0; padding: 2px 0; clear: both; display: list-item; float: none; position: static;\"><b>Sezon:<\/b> Ca\u0142oroczne<\/li>\n<li style=\"margin: 5px 0; padding: 2px 0; clear: both; display: list-item; float: none; position: static;\"><b>Rok produkcji:<\/b> nie starsze ni\u017c 36 miesi\u0119cy<\/li>\n<li style=\"margin: 5px 0; padding: 2px 0; clear: both; display: list-item; float: none; position: static;\"><b>Przeznaczenie:<\/b> SUV\/4&#215;4<\/li>\n<li style=\"margin: 5px 0; padding: 2px 0; clear: both; display: list-item; float: none; position: static;\"><b>Kl. przycz. na mokrej naw.:<\/b>&nbsp;C<\/li>\n<li style=\"margin: 5px 0; padding: 2px 0; clear: both; display: list-item; float: none; position: static;\"><b>Kl. efekt. paliwowej:&nbsp;<\/b>E<\/li>\n<\/ul>\n<\/div>\n<\/div>\n<\/div>\n<div style=\"clear: both; display: block; margin: 10px 0;\">\n<div style=\"clear: both; display: block; margin: 10px 0;\">\n<div style=\"clear: both; display: block; margin: 10px 0;\">\n<div  style=\"max-width:1200px;max-height:303px\">\n<div style=\"clear: both; display: block; margin: 10px 0;\">\n<div style=\"clear: both; width: 100%; display: block; margin: 20px 0; padding: 0; float: none; position: static; text-align: center;\"><img decoding=\"async\"  src=\"https:\/\/a.allegroimg.com\/original\/115df9\/2ac3d3d14329a57db1c2f74ab4a8\/1x-RADAR-RENEGADE-A-T-AT-285-55R20-122-S-Liczba-opon-w-ofercie-1-szt\" srcset=\"https:\/\/a.allegroimg.com\/original\/115df9\/2ac3d3d14329a57db1c2f74ab4a8\/1x-RADAR-RENEGADE-A-T-AT-285-55R20-122-S-Liczba-opon-w-ofercie-1-szt 360w,https:\/\/a.allegroimg.com\/original\/115df9\/2ac3d3d14329a57db1c2f74ab4a8\/1x-RADAR-RENEGADE-A-T-AT-285-55R20-122-S-Liczba-opon-w-ofercie-1-szt 720w,https:\/\/a.allegroimg.com\/original\/115df9\/2ac3d3d14329a57db1c2f74ab4a8\/1x-RADAR-RENEGADE-A-T-AT-285-55R20-122-S-Liczba-opon-w-ofercie-1-szt 1024w,https:\/\/a.allegroimg.com\/original\/115df9\/2ac3d3d14329a57db1c2f74ab4a8\/1x-RADAR-RENEGADE-A-T-AT-285-55R20-122-S-Liczba-opon-w-ofercie-1-szt 1200w,https:\/\/a.allegroimg.com\/original\/115df9\/2ac3d3d14329a57db1c2f74ab4a8\/1x-RADAR-RENEGADE-A-T-AT-285-55R20-122-S-Liczba-opon-w-ofercie-1-szt 1200w\" sizes=\"100vw\" width=\"1200px\" alt=\"1x RADAR RENEGADE A\/T AT 285\/55R20 122 S Liczba opon w ofercie 1 szt.\" style=\"max-width: 100%; height: auto; display: block; margin: 0 auto;\"><\/div>\n<\/div>\n<\/div>\n<\/div>\n<\/div>\n<\/div>\n<div style=\"clear: both; display: block; margin: 10px 0;\">\n<div style=\"clear: both; display: block; margin: 10px 0;\">\n<div style=\"clear: both; display: block; margin: 10px 0;\">\n<p style=\"margin: 15px 0; line-height: 1.8; clear: both; display: block; width: 100%; float: none; position: static;\">Radar to marka opon pochodz\u0105ca z Singapuru, kt\u00f3ra powsta\u0142a w 2006 roku. Jest ona w\u0142asno\u015bci\u0105 singapurskiego koncernu Omni United. Ogumienie tej marki nie jest produkowane w dedykowanych fabrykach tylko w zak\u0142adach produkcyjnych firm wsp\u00f3\u0142pracuj\u0105cych z koncernem Omni United. Opony te s\u0105 wytwarzane w Indiach, Indonezji, Sri Lance oraz Chinach.<\/p>\n<p style=\"margin: 15px 0; line-height: 1.8; clear: both; display: block; width: 100%; float: none; position: static;\">Dzi\u0119ki sta\u0142emu rozwojowi technologicznemu opony Radar zyska\u0142y uznanie na wielu rynkach. Ogumienie to zyska\u0142o wielk\u0105 popularno\u015b\u0107 w Malezji i Japonii. Aktualnie mo\u017cna zauwa\u017cy\u0107 rosn\u0105c\u0105 popularno\u015b\u0107 produkt\u00f3w tej marki w Stanach Zjednoczonych oraz na terenie wielu europejskich kraj\u00f3w, w tym r\u00f3wnie\u017c Polski.<\/p>\n<p style=\"margin: 15px 0; line-height: 1.8; clear: both; display: block; width: 100%; float: none; position: static;\">Dzisiaj w portfolio producenta mo\u017cemy znale\u017a\u0107 opony do aut osobowych, pojazd\u00f3w typu SUV oraz lekkich pojazd\u00f3w ci\u0119\u017carowych.<\/p>\n<p style=\"margin: 15px 0; line-height: 1.8; clear: both; display: block; width: 100%; float: none; position: static;\">Producent opon Radar wykorzystuje innowacyjne technologie wp\u0142ywaj\u0105ce korzystnie na ekonomi\u0119 oraz ekologi\u0119. Opory toczenia tych opon s\u0105 bardzo niskie, a to przek\u0142ada si\u0119 na mniejsze zu\u017cycie paliwa i ni\u017csze generowanie spalin. Przedsi\u0119biorstwo produkcyjne k\u0142adzie du\u017cy nacisk na ekologi\u0119. Warto wspomnie\u0107, \u017ce specjalnie dobrana mieszanka gumy korzystnie wp\u0142ywa na trwa\u0142o\u015b\u0107 opon tej marki.<\/p>\n<\/div>\n<\/div>\n<\/div>\n<div style=\"clear: both; display: block; margin: 10px 0;\">\n<div style=\"clear: both; display: block; margin: 10px 0;\">\n<div style=\"clear: both; display: block; margin: 10px 0;\">\n<div  style=\"max-width:1200px;max-height:1758px\">\n<div style=\"clear: both; display: block; margin: 10px 0;\">\n<div style=\"clear: both; width: 100%; display: block; margin: 20px 0; padding: 0; float: none; position: static; text-align: center;\"><img decoding=\"async\"  src=\"https:\/\/a.allegroimg.com\/original\/11502f\/32b981fc41dfac147f8da60f2238\/1x-RADAR-RENEGADE-A-T-AT-285-55R20-122-S-Marka-Radar\" srcset=\"https:\/\/a.allegroimg.com\/original\/11502f\/32b981fc41dfac147f8da60f2238\/1x-RADAR-RENEGADE-A-T-AT-285-55R20-122-S-Marka-Radar 245w,https:\/\/a.allegroimg.com\/original\/11502f\/32b981fc41dfac147f8da60f2238\/1x-RADAR-RENEGADE-A-T-AT-285-55R20-122-S-Marka-Radar 491w,https:\/\/a.allegroimg.com\/original\/11502f\/32b981fc41dfac147f8da60f2238\/1x-RADAR-RENEGADE-A-T-AT-285-55R20-122-S-Marka-Radar 698w,https:\/\/a.allegroimg.com\/original\/11502f\/32b981fc41dfac147f8da60f2238\/1x-RADAR-RENEGADE-A-T-AT-285-55R20-122-S-Marka-Radar 982w,https:\/\/a.allegroimg.com\/original\/11502f\/32b981fc41dfac147f8da60f2238\/1x-RADAR-RENEGADE-A-T-AT-285-55R20-122-S-Marka-Radar 1200w\" sizes=\"(min-width: 1200px) 560px, (min-width: 992px) 50vw, 100vw\" width=\"1200px\" alt=\"1x RADAR RENEGADE A\/T AT 285\/55R20 122 S Marka Radar\" style=\"max-width: 100%; height: auto; display: block; margin: 0 auto;\"><\/div>\n<\/div>\n<\/div>\n<\/div>\n<\/div>\n<div style=\"clear: both; display: block; margin: 10px 0;\">\n<div style=\"clear: both; display: block; margin: 10px 0;\">\n<p style=\"margin: 15px 0; line-height: 1.8; clear: both; display: block; width: 100%; float: none; position: static;\">Dlaczego warto kupowa\u0107 u Nas ?<\/p>\n<p style=\"margin: 15px 0; line-height: 1.8; clear: both; display: block; width: 100%; float: none; position: static;\">Jeste\u015bmy firm\u0105, kt\u00f3ra na podstawie wieloletniego do\u015bwiadczenia z zaanga\u017cowaniem pomaga klientom w doborze oraz kupnie opon.<\/p>\n<p style=\"margin: 15px 0; line-height: 1.8; clear: both; display: block; width: 100%; float: none; position: static;\">Posiadamy szerok\u0105 game opon do aut osobowych, dostawczych, cie\u017carowych, motocyki jak i opon przemys\u0142owych.<\/p>\n<p style=\"margin: 15px 0; line-height: 1.8; clear: both; display: block; width: 100%; float: none; position: static;\">Gwarancja satysfakcjii oraz bezpiecznie przejechanych kilometr\u00f3w.<\/p>\n<p style=\"margin: 15px 0; line-height: 1.8; clear: both; display: block; width: 100%; float: none; position: static;\">Zosta\u0144 naszym kolejnym zadowolonym klientem.<\/p>\n<p style=\"margin: 15px 0; line-height: 1.8; clear: both; display: block; width: 100%; float: none; position: static;\">ZAPRASZAMY DO ZAKUP\u00d3W.<\/p>\n<\/div>\n<\/div>\n<\/div>\n<\/div>\n<\/div>\n<\/div>\n<div style=\"clear: both; display: block; margin: 10px 0;\">\n","protected":false},"excerpt":{"rendered":"<p>1x RADAR RENEGADE A\/T AT 285\/55R20 122 S<\/p>\n<p>Ca\u0142oroczna opona RADAR RENEGADE A\/T AT-5 LRE BSW 285\/55 R20 122 S<\/p>\n<p>Opona RADAR RENEGADE A\/T AT-5 LRE BSW to znacz\u0105cy model w portfolio producenta.&nbsp;<\/p>\n<p>Opony klasy ekonomicznej maj\u0105 \u015bwietny stosunek jako\u015bci do ceny.<\/p>\n<p>Stan:&nbsp;Nowy<\/p>\n<p>EAN:&nbsp;8886459516659<\/p>\n<p>Producent: RADAR<\/p>\n<p>Model: RENEGADE A\/T AT-5 LRE BSW<\/p>\n","protected":false},"featured_media":14047,"template":"","meta":{"_uag_custom_page_level_css":""},"product_brand":[486],"product_cat":[416,428,413,412],"product_tag":[],"class_list":{"0":"post-14046","1":"product","2":"type-product","3":"status-publish","4":"has-post-thumbnail","6":"product_brand-radar","7":"product_cat-caloroczne","8":"product_cat-do-samochodow-terenowych-i-4x4","9":"product_cat-opony","10":"product_cat-opony-i-felgi","12":"first","13":"instock","14":"shipping-taxable","15":"purchasable","16":"product-type-simple"},"uagb_featured_image_src":{"full":["https:\/\/oponixo.shop\/tire\/wp-content\/uploads\/2026\/01\/allegro-image-14046.jpg",920,1120,false],"thumbnail":["https:\/\/oponixo.shop\/tire\/wp-content\/uploads\/2026\/01\/allegro-image-14046-150x150.jpg",150,150,true],"medium":["https:\/\/oponixo.shop\/tire\/wp-content\/uploads\/2026\/01\/allegro-image-14046-246x300.jpg",246,300,true],"medium_large":["https:\/\/oponixo.shop\/tire\/wp-content\/uploads\/2026\/01\/allegro-image-14046-768x935.jpg",768,935,true],"large":["https:\/\/oponixo.shop\/tire\/wp-content\/uploads\/2026\/01\/allegro-image-14046-841x1024.jpg",841,1024,true],"1536x1536":["https:\/\/oponixo.shop\/tire\/wp-content\/uploads\/2026\/01\/allegro-image-14046.jpg",920,1120,false],"2048x2048":["https:\/\/oponixo.shop\/tire\/wp-content\/uploads\/2026\/01\/allegro-image-14046.jpg",920,1120,false],"woocommerce_thumbnail":["https:\/\/oponixo.shop\/tire\/wp-content\/uploads\/2026\/01\/allegro-image-14046-300x300.jpg",300,300,true],"woocommerce_single":["https:\/\/oponixo.shop\/tire\/wp-content\/uploads\/2026\/01\/allegro-image-14046-600x730.jpg",600,730,true],"woocommerce_gallery_thumbnail":["https:\/\/oponixo.shop\/tire\/wp-content\/uploads\/2026\/01\/allegro-image-14046-100x100.jpg",100,100,true]},"uagb_author_info":{"display_name":"admin","author_link":"https:\/\/oponixo.shop\/tire\/author\/"},"uagb_comment_info":0,"uagb_excerpt":"1x RADAR RENEGADE A\/T AT 285\/55R20 122 S Ca\u0142oroczna opona RADAR RENEGADE A\/T AT-5 LRE BSW 285\/55 R20 122 S Opona RADAR RENEGADE A\/T AT-5 LRE BSW to znacz\u0105cy model w portfolio producenta.&nbsp; Opony klasy ekonomicznej maj\u0105 \u015bwietny stosunek jako\u015bci do ceny. Stan:&nbsp;Nowy EAN:&nbsp;8886459516659 Producent: RADAR Model: RENEGADE A\/T AT-5 LRE BSW","_links":{"self":[{"href":"https:\/\/oponixo.shop\/tire\/wp-json\/wp\/v2\/product\/14046","targetHints":{"allow":["GET"]}}],"collection":[{"href":"https:\/\/oponixo.shop\/tire\/wp-json\/wp\/v2\/product"}],"about":[{"href":"https:\/\/oponixo.shop\/tire\/wp-json\/wp\/v2\/types\/product"}],"wp:featuredmedia":[{"embeddable":true,"href":"https:\/\/oponixo.shop\/tire\/wp-json\/wp\/v2\/media\/14047"}],"wp:attachment":[{"href":"https:\/\/oponixo.shop\/tire\/wp-json\/wp\/v2\/media?parent=14046"}],"wp:term":[{"taxonomy":"product_brand","embeddable":true,"href":"https:\/\/oponixo.shop\/tire\/wp-json\/wp\/v2\/product_brand?post=14046"},{"taxonomy":"product_cat","embeddable":true,"href":"https:\/\/oponixo.shop\/tire\/wp-json\/wp\/v2\/product_cat?post=14046"},{"taxonomy":"product_tag","embeddable":true,"href":"https:\/\/oponixo.shop\/tire\/wp-json\/wp\/v2\/product_tag?post=14046"}],"curies":[{"name":"wp","href":"https:\/\/api.w.org\/{rel}","templated":true}]}}