{"id":14030,"date":"2026-01-11T23:39:37","date_gmt":"2026-01-11T22:39:37","guid":{"rendered":"https:\/\/oponyspeed.shop\/xef5\/produkt\/4xnowe-opony-letnie-kormoran-195-55r15v-85v-road-performance\/"},"modified":"2026-01-11T23:39:37","modified_gmt":"2026-01-11T22:39:37","slug":"4xnowe-opony-letnie-kormoran-195-55r15v-85v-road-performance","status":"publish","type":"product","link":"https:\/\/oponexa.shop\/tire\/produkt\/4xnowe-opony-letnie-kormoran-195-55r15v-85v-road-performance\/","title":{"rendered":"4XNOWE OPONY LETNIE KORMORAN 195\/55R15V 85V Road Performance"},"content":{"rendered":"<div style=\"font-family: Arial, sans-serif; line-height: 1.6; color: #333; padding: 20px; clear: both; display: block; width: 100%; float: none; position: static; overflow: hidden;\">\n<div style=\"clear: both; display: block; margin: 10px 0;\">\n<div style=\"clear: both; display: block; margin: 10px 0;\">\n<div style=\"clear: both; display: block; margin: 10px 0;\">\n<p style=\"margin: 15px 0; line-height: 1.8; clear: both; display: block; width: 100%; float: none; position: static;\">Opona Kormoran Road Performance 195\/55R15V 85V<\/p>\n<p style=\"margin: 15px 0; line-height: 1.8; clear: both; display: block; width: 100%; float: none; position: static;\">PRODUKCJA OPON 2024 ROK<\/p>\n<ul style=\"margin: 15px 0; padding-left: 20px; clear: both; display: block; width: 100%; float: none; position: static;\">\n<li style=\"margin: 5px 0; padding: 2px 0; clear: both; display: list-item; float: none; position: static;\">KORMORAN ROAD PERFORMANCE<\/li>\n<li style=\"margin: 5px 0; padding: 2px 0; clear: both; display: list-item; float: none; position: static;\"><b>Rodzaj:<\/b>&nbsp;OSOBOWE<\/li>\n<li style=\"margin: 5px 0; padding: 2px 0; clear: both; display: list-item; float: none; position: static;\"><b>Sezon:<\/b>&nbsp;LETNIE<\/li>\n<li style=\"margin: 5px 0; padding: 2px 0; clear: both; display: list-item; float: none; position: static;\"><b>Szeroko\u015b\u0107:195<\/b><\/li>\n<li style=\"margin: 5px 0; padding: 2px 0; clear: both; display: list-item; float: none; position: static;\"><b>Profil:<\/b> 55<\/li>\n<li style=\"margin: 5px 0; padding: 2px 0; clear: both; display: list-item; float: none; position: static;\"><b>\u015arednica:<\/b> 15<\/li>\n<li style=\"margin: 5px 0; padding: 2px 0; clear: both; display: list-item; float: none; position: static;\"><b>Indeks no\u015bno\u015bci:<\/b> 85<\/li>\n<li style=\"margin: 5px 0; padding: 2px 0; clear: both; display: list-item; float: none; position: static;\"><b>Indeks pr\u0119dko\u015bci:<\/b> V<\/li>\n<li style=\"margin: 5px 0; padding: 2px 0; clear: both; display: list-item; float: none; position: static;\"><b>Producent:<\/b> MICHELIN<\/li>\n<\/ul>\n<\/div>\n<\/div>\n<\/div>\n<div style=\"clear: both; display: block; margin: 10px 0;\">\n<div style=\"clear: both; display: block; margin: 10px 0;\">\n<div style=\"clear: both; display: block; margin: 10px 0;\">\n<div  style=\"max-width:920px;max-height:1120px\">\n<div style=\"clear: both; display: block; margin: 10px 0;\">\n<div style=\"clear: both; width: 100%; display: block; margin: 20px 0; padding: 0; float: none; position: static; text-align: center;\"><img decoding=\"async\"  src=\"https:\/\/a.allegroimg.com\/original\/116060\/412a0b5c4acba0cb939412ebfa2b\/4XNOWE-OPONY-LETNIE-KORMORAN-195-55R15V-85V-Road-Performance\" srcset=\"https:\/\/a.allegroimg.com\/original\/116060\/412a0b5c4acba0cb939412ebfa2b\/4XNOWE-OPONY-LETNIE-KORMORAN-195-55R15V-85V-Road-Performance 295w,https:\/\/a.allegroimg.com\/original\/116060\/412a0b5c4acba0cb939412ebfa2b\/4XNOWE-OPONY-LETNIE-KORMORAN-195-55R15V-85V-Road-Performance 591w,https:\/\/a.allegroimg.com\/original\/116060\/412a0b5c4acba0cb939412ebfa2b\/4XNOWE-OPONY-LETNIE-KORMORAN-195-55R15V-85V-Road-Performance 841w,https:\/\/a.allegroimg.com\/original\/116060\/412a0b5c4acba0cb939412ebfa2b\/4XNOWE-OPONY-LETNIE-KORMORAN-195-55R15V-85V-Road-Performance 920w,https:\/\/a.allegroimg.com\/original\/116060\/412a0b5c4acba0cb939412ebfa2b\/4XNOWE-OPONY-LETNIE-KORMORAN-195-55R15V-85V-Road-Performance 920w\" sizes=\"100vw\" width=\"920px\" alt=\"4XNOWE OPONY LETNIE KORMORAN 195\/55R15V 85V Road Performance\" style=\"max-width: 100%; height: auto; display: block; margin: 0 auto;\"><\/div>\n<\/div>\n<\/div>\n<\/div>\n<\/div>\n<\/div>\n<\/div>\n<\/div>\n<\/div>\n<div style=\"clear: both; display: block; margin: 10px 0;\">\n","protected":false},"excerpt":{"rendered":"<p>Opona Kormoran Road Performance 195\/55R15V 85V<\/p>\n<p>PRODUKCJA OPON 2024 ROK<\/p>\n<p>KORMORAN ROAD PERFORMANCE<\/p>\n<p>Rodzaj:&nbsp;OSOBOWE<\/p>\n<p>Sezon:&nbsp;LETNIE<\/p>\n<p>Szeroko\u015b\u0107:195<\/p>\n<p>Profil: 55<\/p>\n<p>\u015arednica: 15<\/p>\n","protected":false},"featured_media":14031,"template":"","meta":{"_uag_custom_page_level_css":""},"product_brand":[382],"product_cat":[414,418,413,412],"product_tag":[],"class_list":{"0":"post-14030","1":"product","2":"type-product","3":"status-publish","4":"has-post-thumbnail","6":"product_brand-kormoran","7":"product_cat-do-samochodow-osobowych-i-suv","8":"product_cat-letnie","9":"product_cat-opony","10":"product_cat-opony-i-felgi","12":"first","13":"instock","14":"shipping-taxable","15":"purchasable","16":"product-type-simple"},"uagb_featured_image_src":{"full":["https:\/\/oponexa.shop\/tire\/wp-content\/uploads\/2026\/01\/allegro-image-14030.jpg",920,1120,false],"thumbnail":["https:\/\/oponexa.shop\/tire\/wp-content\/uploads\/2026\/01\/allegro-image-14030-150x150.jpg",150,150,true],"medium":["https:\/\/oponexa.shop\/tire\/wp-content\/uploads\/2026\/01\/allegro-image-14030-246x300.jpg",246,300,true],"medium_large":["https:\/\/oponexa.shop\/tire\/wp-content\/uploads\/2026\/01\/allegro-image-14030-768x935.jpg",768,935,true],"large":["https:\/\/oponexa.shop\/tire\/wp-content\/uploads\/2026\/01\/allegro-image-14030-841x1024.jpg",841,1024,true],"1536x1536":["https:\/\/oponexa.shop\/tire\/wp-content\/uploads\/2026\/01\/allegro-image-14030.jpg",920,1120,false],"2048x2048":["https:\/\/oponexa.shop\/tire\/wp-content\/uploads\/2026\/01\/allegro-image-14030.jpg",920,1120,false],"woocommerce_thumbnail":["https:\/\/oponexa.shop\/tire\/wp-content\/uploads\/2026\/01\/allegro-image-14030-300x300.jpg",300,300,true],"woocommerce_single":["https:\/\/oponexa.shop\/tire\/wp-content\/uploads\/2026\/01\/allegro-image-14030-600x730.jpg",600,730,true],"woocommerce_gallery_thumbnail":["https:\/\/oponexa.shop\/tire\/wp-content\/uploads\/2026\/01\/allegro-image-14030-100x100.jpg",100,100,true]},"uagb_author_info":{"display_name":"admin","author_link":"https:\/\/oponexa.shop\/tire\/author\/"},"uagb_comment_info":0,"uagb_excerpt":"Opona Kormoran Road Performance 195\/55R15V 85V PRODUKCJA OPON 2024 ROK KORMORAN ROAD PERFORMANCE Rodzaj:&nbsp;OSOBOWE Sezon:&nbsp;LETNIE Szeroko\u015b\u0107:195 Profil: 55 \u015arednica: 15","_links":{"self":[{"href":"https:\/\/oponexa.shop\/tire\/wp-json\/wp\/v2\/product\/14030","targetHints":{"allow":["GET"]}}],"collection":[{"href":"https:\/\/oponexa.shop\/tire\/wp-json\/wp\/v2\/product"}],"about":[{"href":"https:\/\/oponexa.shop\/tire\/wp-json\/wp\/v2\/types\/product"}],"wp:featuredmedia":[{"embeddable":true,"href":"https:\/\/oponexa.shop\/tire\/wp-json\/wp\/v2\/media\/14031"}],"wp:attachment":[{"href":"https:\/\/oponexa.shop\/tire\/wp-json\/wp\/v2\/media?parent=14030"}],"wp:term":[{"taxonomy":"product_brand","embeddable":true,"href":"https:\/\/oponexa.shop\/tire\/wp-json\/wp\/v2\/product_brand?post=14030"},{"taxonomy":"product_cat","embeddable":true,"href":"https:\/\/oponexa.shop\/tire\/wp-json\/wp\/v2\/product_cat?post=14030"},{"taxonomy":"product_tag","embeddable":true,"href":"https:\/\/oponexa.shop\/tire\/wp-json\/wp\/v2\/product_tag?post=14030"}],"curies":[{"name":"wp","href":"https:\/\/api.w.org\/{rel}","templated":true}]}}