{"id":13932,"date":"2026-01-09T13:03:54","date_gmt":"2026-01-09T12:03:54","guid":{"rendered":"https:\/\/oponyspeed.shop\/xef5\/produkt\/2x-225-55r18-kormoran-all-season-suv-102v-nowe-caloroczne-rok-2025\/"},"modified":"2026-01-09T13:03:54","modified_gmt":"2026-01-09T12:03:54","slug":"2x-225-55r18-kormoran-all-season-suv-102v-nowe-caloroczne-rok-2025","status":"publish","type":"product","link":"https:\/\/oponexa.shop\/tire\/produkt\/2x-225-55r18-kormoran-all-season-suv-102v-nowe-caloroczne-rok-2025\/","title":{"rendered":"2x 225\/55R18 Kormoran All Season SUV 102V NOWE CA\u0141OROCZNE ROK 2025"},"content":{"rendered":"<div style=\"font-family: Arial, sans-serif; line-height: 1.6; color: #333; padding: 20px; clear: both; display: block; width: 100%; float: none; position: static; overflow: hidden;\">\n<div style=\"clear: both; display: block; margin: 10px 0;\">\n<div style=\"clear: both; display: block; margin: 10px 0;\">\n<div style=\"clear: both; display: block; margin: 10px 0;\">\n<div  style=\"max-width:1140px;max-height:350px\">\n<div style=\"clear: both; display: block; margin: 10px 0;\">\n<div style=\"clear: both; width: 100%; display: block; margin: 20px 0; padding: 0; float: none; position: static; text-align: center;\"><img decoding=\"async\"  src=\"https:\/\/a.allegroimg.com\/original\/1142a5\/0caa6b3d41f7b8b5fe60a7431c75\/2x-225-55R18-Kormoran-All-Season-SUV-102V-NOWE-CALOROCZNE-ROK-2025-Liczba-opon-w-ofercie-2-szt\" srcset=\"https:\/\/a.allegroimg.com\/original\/1142a5\/0caa6b3d41f7b8b5fe60a7431c75\/2x-225-55R18-Kormoran-All-Season-SUV-102V-NOWE-CALOROCZNE-ROK-2025-Liczba-opon-w-ofercie-2-szt 360w,https:\/\/a.allegroimg.com\/original\/1142a5\/0caa6b3d41f7b8b5fe60a7431c75\/2x-225-55R18-Kormoran-All-Season-SUV-102V-NOWE-CALOROCZNE-ROK-2025-Liczba-opon-w-ofercie-2-szt 720w,https:\/\/a.allegroimg.com\/original\/1142a5\/0caa6b3d41f7b8b5fe60a7431c75\/2x-225-55R18-Kormoran-All-Season-SUV-102V-NOWE-CALOROCZNE-ROK-2025-Liczba-opon-w-ofercie-2-szt 1024w,https:\/\/a.allegroimg.com\/original\/1142a5\/0caa6b3d41f7b8b5fe60a7431c75\/2x-225-55R18-Kormoran-All-Season-SUV-102V-NOWE-CALOROCZNE-ROK-2025-Liczba-opon-w-ofercie-2-szt 1140w,https:\/\/a.allegroimg.com\/original\/1142a5\/0caa6b3d41f7b8b5fe60a7431c75\/2x-225-55R18-Kormoran-All-Season-SUV-102V-NOWE-CALOROCZNE-ROK-2025-Liczba-opon-w-ofercie-2-szt 1140w\" sizes=\"100vw\" width=\"1140px\" alt=\"2x 225\/55R18 Kormoran All Season SUV 102V NOWE CA\u0141OROCZNE ROK 2025 Liczba opon w ofercie 2 szt.\" style=\"max-width: 100%; height: auto; display: block; margin: 0 auto;\"><\/div>\n<\/div>\n<\/div>\n<\/div>\n<\/div>\n<\/div>\n<div style=\"clear: both; display: block; margin: 10px 0;\">\n<div style=\"clear: both; display: block; margin: 10px 0;\">\n<div style=\"clear: both; display: block; margin: 10px 0;\">\n<div  style=\"max-width:616px;max-height:483px\">\n<div style=\"clear: both; display: block; margin: 10px 0;\">\n<div style=\"clear: both; width: 100%; display: block; margin: 20px 0; padding: 0; float: none; position: static; text-align: center;\"><img decoding=\"async\"  src=\"https:\/\/a.allegroimg.com\/original\/11158f\/79d3174e4de5bf5a23ab17bce393\/2x-225-55R18-Kormoran-All-Season-SUV-102V-NOWE-CALOROCZNE-ROK-2025\" srcset=\"https:\/\/a.allegroimg.com\/original\/11158f\/79d3174e4de5bf5a23ab17bce393\/2x-225-55R18-Kormoran-All-Season-SUV-102V-NOWE-CALOROCZNE-ROK-2025 360w,https:\/\/a.allegroimg.com\/original\/11158f\/79d3174e4de5bf5a23ab17bce393\/2x-225-55R18-Kormoran-All-Season-SUV-102V-NOWE-CALOROCZNE-ROK-2025 616w,https:\/\/a.allegroimg.com\/original\/11158f\/79d3174e4de5bf5a23ab17bce393\/2x-225-55R18-Kormoran-All-Season-SUV-102V-NOWE-CALOROCZNE-ROK-2025 616w\" sizes=\"(min-width: 1200px) 560px, (min-width: 992px) 50vw, 100vw\" width=\"616px\" alt=\"2x 225\/55R18 Kormoran All Season SUV 102V NOWE CA\u0141OROCZNE ROK 2025\" style=\"max-width: 100%; height: auto; display: block; margin: 0 auto;\"><\/div>\n<\/div>\n<\/div>\n<\/div>\n<\/div>\n<div style=\"clear: both; display: block; margin: 10px 0;\">\n<div style=\"clear: both; display: block; margin: 10px 0;\">\n<h3 style=\"color: #2c5aa0; font-size: 18px; margin: 30px 0 15px 0; font-weight: bold; clear: both; display: block; width: 100%; float: none; position: static;\">PARAMETRY OPON:<\/h3>\n<p style=\"margin: 15px 0; line-height: 1.8; clear: both; display: block; width: 100%; float: none; position: static;\">Producent: Kormoran<\/p>\n<p style=\"margin: 15px 0; line-height: 1.8; clear: both; display: block; width: 100%; float: none; position: static;\">Kod producenta: 517831<\/p>\n<p style=\"margin: 15px 0; line-height: 1.8; clear: both; display: block; width: 100%; float: none; position: static;\">EAN (GTIN): 3528705178314<\/p>\n<p style=\"margin: 15px 0; line-height: 1.8; clear: both; display: block; width: 100%; float: none; position: static;\">Rozmiar: 225\/55R18<\/p>\n<p style=\"margin: 15px 0; line-height: 1.8; clear: both; display: block; width: 100%; float: none; position: static;\">Model: All Season SUV<\/p>\n<p style=\"margin: 15px 0; line-height: 1.8; clear: both; display: block; width: 100%; float: none; position: static;\">Indeks no\u015bno\u015bci: 102 &#8211; 850 kg<\/p>\n<p style=\"margin: 15px 0; line-height: 1.8; clear: both; display: block; width: 100%; float: none; position: static;\">Indeks pr\u0119dko\u015bci: V do 240 km\/h<\/p>\n<p style=\"margin: 15px 0; line-height: 1.8; clear: both; display: block; width: 100%; float: none; position: static;\">Homologacja:<\/p>\n<p style=\"margin: 15px 0; line-height: 1.8; clear: both; display: block; width: 100%; float: none; position: static;\">Rok produkcji: 2025<\/p>\n<\/div>\n<\/div>\n<\/div>\n<div style=\"clear: both; display: block; margin: 10px 0;\">\n<div style=\"clear: both; display: block; margin: 10px 0;\">\n<div style=\"clear: both; display: block; margin: 10px 0;\">\n<p style=\"margin: 15px 0; line-height: 1.8; clear: both; display: block; width: 100%; float: none; position: static;\">Kormoran All Season SUV &#8211; solidna opona ca\u0142oroczna dla samochod\u00f3w typu SUV<\/p>\n<h3 style=\"color: #2c5aa0; font-size: 18px; margin: 30px 0 15px 0; font-weight: bold; clear: both; display: block; width: 100%; float: none; position: static;\">Kormoran All Season SUV to ekonomiczna opona wielosezonowa zaprojektowana z my\u015bl\u0105 o wi\u0119kszych i ci\u0119\u017cszych pojazdach, takich jak SUV-y. \u0141\u0105czy trwa\u0142o\u015b\u0107 z uniwersalno\u015bci\u0105, zapewniaj\u0105c bezpiecze\u0144stwo w zmiennych warunkach drogowych przez ca\u0142y rok.<\/h3>\n<p style=\"margin: 15px 0; line-height: 1.8; clear: both; display: block; width: 100%; float: none; position: static;\">Dlaczego warto wybra\u0107 Kormoran All Season SUV?<\/p>\n<ul style=\"margin: 15px 0; padding-left: 20px; clear: both; display: block; width: 100%; float: none; position: static;\">\n<li style=\"margin: 5px 0; padding: 2px 0; clear: both; display: list-item; float: none; position: static;\"><b>Kierunkowy bie\u017cnik<\/b> &#8211; Wz\u00f3r w kszta\u0142cie rybich o\u015bci skutecznie odprowadza wod\u0119 i b\u0142oto po\u015bniegowe, poprawiaj\u0105c trakcj\u0119 w deszczu i \u015bniegu.<\/li>\n<li style=\"margin: 5px 0; padding: 2px 0; clear: both; display: list-item; float: none; position: static;\"><b>Dobre zachowanie pod obci\u0105\u017ceniem<\/b> &#8211; Wzmocniona konstrukcja zapewnia stabilno\u015b\u0107 i trwa\u0142o\u015b\u0107 nawet przy pe\u0142nym za\u0142adunku lub intensywnej eksploatacji.<\/li>\n<li style=\"margin: 5px 0; padding: 2px 0; clear: both; display: list-item; float: none; position: static;\"><b>Skuteczne hamowanie na mokrej nawierzchni<\/b> &#8211; Krzemionka w mieszance gumowej skraca drog\u0119 hamowania w trudnych warunkach pogodowych.<\/li>\n<li style=\"margin: 5px 0; padding: 2px 0; clear: both; display: list-item; float: none; position: static;\"><b>Ni\u017csze opory toczenia<\/b> &#8211; Zoptymalizowany sk\u0142ad mieszanki przyczynia si\u0119 do mniejszego zu\u017cycia paliwa i redukcji emisji spalin.<\/li>\n<li style=\"margin: 5px 0; padding: 2px 0; clear: both; display: list-item; float: none; position: static;\"><b>Op\u0142acalna jako\u015b\u0107<\/b> &#8211; Atrakcyjny stosunek ceny do osi\u0105g\u00f3w sprawia, \u017ce to rozs\u0105dna propozycja dla kierowc\u00f3w szukaj\u0105cych ca\u0142orocznego rozwi\u0105zania.<\/li>\n<\/ul>\n<h3 style=\"color: #2c5aa0; font-size: 18px; margin: 30px 0 15px 0; font-weight: bold; clear: both; display: block; width: 100%; float: none; position: static;\">Kormoran All Season SUV &#8211; niezawodne ogumienie ca\u0142oroczne do wymagaj\u0105cych SUV-\u00f3w.<\/h3>\n<\/div>\n<\/div>\n<\/div>\n<\/div>\n<\/div>\n<\/div>\n<div style=\"clear: both; display: block; margin: 10px 0;\">\n","protected":false},"excerpt":{"rendered":"<p>PARAMETRY OPON:<\/p>\n<p>Producent: Kormoran<\/p>\n<p>Kod producenta: 517831<\/p>\n<p>EAN (GTIN): 3528705178314<\/p>\n<p>Rozmiar: 225\/55R18<\/p>\n<p>Model: All Season SUV<\/p>\n<p>Indeks no\u015bno\u015bci: 102 &#8211; 850 kg<\/p>\n<p>Indeks pr\u0119dko\u015bci: V do 240 km\/h<\/p>\n","protected":false},"featured_media":13933,"template":"","meta":{"_uag_custom_page_level_css":""},"product_brand":[382],"product_cat":[416,414,413,412],"product_tag":[],"class_list":{"0":"post-13932","1":"product","2":"type-product","3":"status-publish","4":"has-post-thumbnail","6":"product_brand-kormoran","7":"product_cat-caloroczne","8":"product_cat-do-samochodow-osobowych-i-suv","9":"product_cat-opony","10":"product_cat-opony-i-felgi","12":"first","13":"instock","14":"shipping-taxable","15":"purchasable","16":"product-type-simple"},"uagb_featured_image_src":{"full":["https:\/\/oponexa.shop\/tire\/wp-content\/uploads\/2026\/01\/allegro-image-13932.jpg",616,483,false],"thumbnail":["https:\/\/oponexa.shop\/tire\/wp-content\/uploads\/2026\/01\/allegro-image-13932-150x150.jpg",150,150,true],"medium":["https:\/\/oponexa.shop\/tire\/wp-content\/uploads\/2026\/01\/allegro-image-13932-300x235.jpg",300,235,true],"medium_large":["https:\/\/oponexa.shop\/tire\/wp-content\/uploads\/2026\/01\/allegro-image-13932.jpg",616,483,false],"large":["https:\/\/oponexa.shop\/tire\/wp-content\/uploads\/2026\/01\/allegro-image-13932.jpg",616,483,false],"1536x1536":["https:\/\/oponexa.shop\/tire\/wp-content\/uploads\/2026\/01\/allegro-image-13932.jpg",616,483,false],"2048x2048":["https:\/\/oponexa.shop\/tire\/wp-content\/uploads\/2026\/01\/allegro-image-13932.jpg",616,483,false],"woocommerce_thumbnail":["https:\/\/oponexa.shop\/tire\/wp-content\/uploads\/2026\/01\/allegro-image-13932-300x300.jpg",300,300,true],"woocommerce_single":["https:\/\/oponexa.shop\/tire\/wp-content\/uploads\/2026\/01\/allegro-image-13932-600x470.jpg",600,470,true],"woocommerce_gallery_thumbnail":["https:\/\/oponexa.shop\/tire\/wp-content\/uploads\/2026\/01\/allegro-image-13932-100x100.jpg",100,100,true]},"uagb_author_info":{"display_name":"admin","author_link":"https:\/\/oponexa.shop\/tire\/author\/"},"uagb_comment_info":0,"uagb_excerpt":"PARAMETRY OPON: Producent: Kormoran Kod producenta: 517831 EAN (GTIN): 3528705178314 Rozmiar: 225\/55R18 Model: All Season SUV Indeks no\u015bno\u015bci: 102 - 850 kg Indeks pr\u0119dko\u015bci: V do 240 km\/h","_links":{"self":[{"href":"https:\/\/oponexa.shop\/tire\/wp-json\/wp\/v2\/product\/13932","targetHints":{"allow":["GET"]}}],"collection":[{"href":"https:\/\/oponexa.shop\/tire\/wp-json\/wp\/v2\/product"}],"about":[{"href":"https:\/\/oponexa.shop\/tire\/wp-json\/wp\/v2\/types\/product"}],"wp:featuredmedia":[{"embeddable":true,"href":"https:\/\/oponexa.shop\/tire\/wp-json\/wp\/v2\/media\/13933"}],"wp:attachment":[{"href":"https:\/\/oponexa.shop\/tire\/wp-json\/wp\/v2\/media?parent=13932"}],"wp:term":[{"taxonomy":"product_brand","embeddable":true,"href":"https:\/\/oponexa.shop\/tire\/wp-json\/wp\/v2\/product_brand?post=13932"},{"taxonomy":"product_cat","embeddable":true,"href":"https:\/\/oponexa.shop\/tire\/wp-json\/wp\/v2\/product_cat?post=13932"},{"taxonomy":"product_tag","embeddable":true,"href":"https:\/\/oponexa.shop\/tire\/wp-json\/wp\/v2\/product_tag?post=13932"}],"curies":[{"name":"wp","href":"https:\/\/api.w.org\/{rel}","templated":true}]}}