{"id":13920,"date":"2026-01-09T13:03:51","date_gmt":"2026-01-09T12:03:51","guid":{"rendered":"https:\/\/oponyspeed.shop\/xef5\/produkt\/2-x-opony-zimowe-pirelli-225-55r18-102v\/"},"modified":"2026-01-09T13:03:51","modified_gmt":"2026-01-09T12:03:51","slug":"2-x-opony-zimowe-pirelli-225-55r18-102v","status":"publish","type":"product","link":"https:\/\/oponixo.shop\/tire\/produkt\/2-x-opony-zimowe-pirelli-225-55r18-102v\/","title":{"rendered":"2 x Opony zimowe PIRELLI 225\/55R18 102V"},"content":{"rendered":"<div style=\"font-family: Arial, sans-serif; line-height: 1.6; color: #333; padding: 20px; clear: both; display: block; width: 100%; float: none; position: static; overflow: hidden;\">\n<div style=\"clear: both; display: block; margin: 10px 0;\">\n<div style=\"clear: both; display: block; margin: 10px 0;\">\n<div style=\"clear: both; display: block; margin: 10px 0;\">\n<p style=\"margin: 15px 0; line-height: 1.8; clear: both; display: block; width: 100%; float: none; position: static;\">PRZEDMIOTEM AUKCJI JEST PARA NOWYCH OPON ZIMOWYCH<\/p>\n<p style=\"margin: 15px 0; line-height: 1.8; clear: both; display: block; width: 100%; float: none; position: static;\">PIRELLI Cinturato Winter 2 225\/55R18 102V<\/p>\n<p style=\"margin: 15px 0; line-height: 1.8; clear: both; display: block; width: 100%; float: none; position: static;\">Gwarancja &#8211; 5 lat<br \/>\n    (liczone od daty zakupu) Rok produkcji opon &#8211; 2024\/2025<\/p>\n<p style=\"margin: 15px 0; line-height: 1.8; clear: both; display: block; width: 100%; float: none; position: static;\">Opony te s\u0105 zaprojektowane specjalnie dla wymagaj\u0105cych<br \/>\n    klient\u00f3w. Opony doskonale radz\u0105 sobie na mokrej i suchej nawierzchni, szybko odprowadzaj\u0105 wod\u0119 &nbsp;i minimalizuj\u0105<br \/>\n    ryzyko wyst\u0105pienia aquaplaningu. Opony zapewnia kr\u00f3tk\u0105 drog\u0119 hamowania oraz doskona\u0142e trzymanie w<br \/>\n    zakr\u0119tach.<\/p>\n<\/div>\n<\/div>\n<div style=\"clear: both; display: block; margin: 10px 0;\">\n<div style=\"clear: both; display: block; margin: 10px 0;\">\n<div  style=\"max-width:420px;max-height:420px\">\n<div style=\"clear: both; display: block; margin: 10px 0;\">\n<div style=\"clear: both; width: 100%; display: block; margin: 20px 0; padding: 0; float: none; position: static; text-align: center;\"><img decoding=\"async\"  src=\"https:\/\/a.allegroimg.com\/original\/111dcd\/1ecbd5d64949aaaa121ed1290c8f\/2-x-Opony-zimowe-PIRELLI-225-55R18-102V\" srcset=\"https:\/\/a.allegroimg.com\/original\/111dcd\/1ecbd5d64949aaaa121ed1290c8f\/2-x-Opony-zimowe-PIRELLI-225-55R18-102V 360w,https:\/\/a.allegroimg.com\/original\/111dcd\/1ecbd5d64949aaaa121ed1290c8f\/2-x-Opony-zimowe-PIRELLI-225-55R18-102V 420w,https:\/\/a.allegroimg.com\/original\/111dcd\/1ecbd5d64949aaaa121ed1290c8f\/2-x-Opony-zimowe-PIRELLI-225-55R18-102V 420w\" sizes=\"(min-width: 1200px) 560px, (min-width: 992px) 50vw, 100vw\" width=\"420px\" alt=\"2 x Opony zimowe PIRELLI 225\/55R18 102V\" style=\"max-width: 100%; height: auto; display: block; margin: 0 auto;\"><\/div>\n<\/div>\n<\/div>\n<\/div>\n<\/div>\n<\/div>\n<\/div>\n<\/div>\n<\/div>\n<div style=\"clear: both; display: block; margin: 10px 0;\">\n","protected":false},"excerpt":{"rendered":"<p>PRZEDMIOTEM AUKCJI JEST PARA NOWYCH OPON ZIMOWYCH<\/p>\n<p>PIRELLI Cinturato Winter 2 225\/55R18 102V<\/p>\n<p>Gwarancja &#8211; 5 lat<\/p>\n<p>(liczone od daty zakupu) Rok produkcji opon &#8211; 2024\/2025<\/p>\n<p>Opony te s\u0105 zaprojektowane specjalnie dla wymagaj\u0105cych<\/p>\n<p>klient\u00f3w. Opony doskonale radz\u0105 sobie na mokrej i suchej nawierzchni, szybko odprowadzaj\u0105 wod\u0119 &nbsp;i minimalizuj\u0105<\/p>\n<p>ryzyko wyst\u0105pienia aquaplaningu. Opony zapewnia kr\u00f3tk\u0105 drog\u0119 hamowania oraz doskona\u0142e trzymanie w<\/p>\n<p>zakr\u0119tach.<\/p>\n","protected":false},"featured_media":13921,"template":"","meta":{"_uag_custom_page_level_css":""},"product_brand":[433],"product_cat":[414,413,412,415],"product_tag":[],"class_list":{"0":"post-13920","1":"product","2":"type-product","3":"status-publish","4":"has-post-thumbnail","6":"product_brand-pirelli","7":"product_cat-do-samochodow-osobowych-i-suv","8":"product_cat-opony","9":"product_cat-opony-i-felgi","10":"product_cat-zimowe","12":"first","13":"instock","14":"shipping-taxable","15":"purchasable","16":"product-type-simple"},"uagb_featured_image_src":{"full":["https:\/\/oponixo.shop\/tire\/wp-content\/uploads\/2026\/01\/allegro-image-13920.jpg",420,420,false],"thumbnail":["https:\/\/oponixo.shop\/tire\/wp-content\/uploads\/2026\/01\/allegro-image-13920-150x150.jpg",150,150,true],"medium":["https:\/\/oponixo.shop\/tire\/wp-content\/uploads\/2026\/01\/allegro-image-13920-300x300.jpg",300,300,true],"medium_large":["https:\/\/oponixo.shop\/tire\/wp-content\/uploads\/2026\/01\/allegro-image-13920.jpg",420,420,false],"large":["https:\/\/oponixo.shop\/tire\/wp-content\/uploads\/2026\/01\/allegro-image-13920.jpg",420,420,false],"1536x1536":["https:\/\/oponixo.shop\/tire\/wp-content\/uploads\/2026\/01\/allegro-image-13920.jpg",420,420,false],"2048x2048":["https:\/\/oponixo.shop\/tire\/wp-content\/uploads\/2026\/01\/allegro-image-13920.jpg",420,420,false],"woocommerce_thumbnail":["https:\/\/oponixo.shop\/tire\/wp-content\/uploads\/2026\/01\/allegro-image-13920-300x300.jpg",300,300,true],"woocommerce_single":["https:\/\/oponixo.shop\/tire\/wp-content\/uploads\/2026\/01\/allegro-image-13920.jpg",420,420,false],"woocommerce_gallery_thumbnail":["https:\/\/oponixo.shop\/tire\/wp-content\/uploads\/2026\/01\/allegro-image-13920-100x100.jpg",100,100,true]},"uagb_author_info":{"display_name":"admin","author_link":"https:\/\/oponixo.shop\/tire\/author\/"},"uagb_comment_info":0,"uagb_excerpt":"PRZEDMIOTEM AUKCJI JEST PARA NOWYCH OPON ZIMOWYCH PIRELLI Cinturato Winter 2 225\/55R18 102V Gwarancja - 5 lat (liczone od daty zakupu) Rok produkcji opon - 2024\/2025 Opony te s\u0105 zaprojektowane specjalnie dla wymagaj\u0105cych klient\u00f3w. Opony doskonale radz\u0105 sobie na mokrej i suchej nawierzchni, szybko odprowadzaj\u0105 wod\u0119 &nbsp;i minimalizuj\u0105 ryzyko wyst\u0105pienia aquaplaningu. Opony zapewnia kr\u00f3tk\u0105 drog\u0119&hellip;","_links":{"self":[{"href":"https:\/\/oponixo.shop\/tire\/wp-json\/wp\/v2\/product\/13920","targetHints":{"allow":["GET"]}}],"collection":[{"href":"https:\/\/oponixo.shop\/tire\/wp-json\/wp\/v2\/product"}],"about":[{"href":"https:\/\/oponixo.shop\/tire\/wp-json\/wp\/v2\/types\/product"}],"wp:featuredmedia":[{"embeddable":true,"href":"https:\/\/oponixo.shop\/tire\/wp-json\/wp\/v2\/media\/13921"}],"wp:attachment":[{"href":"https:\/\/oponixo.shop\/tire\/wp-json\/wp\/v2\/media?parent=13920"}],"wp:term":[{"taxonomy":"product_brand","embeddable":true,"href":"https:\/\/oponixo.shop\/tire\/wp-json\/wp\/v2\/product_brand?post=13920"},{"taxonomy":"product_cat","embeddable":true,"href":"https:\/\/oponixo.shop\/tire\/wp-json\/wp\/v2\/product_cat?post=13920"},{"taxonomy":"product_tag","embeddable":true,"href":"https:\/\/oponixo.shop\/tire\/wp-json\/wp\/v2\/product_tag?post=13920"}],"curies":[{"name":"wp","href":"https:\/\/api.w.org\/{rel}","templated":true}]}}