{"id":13872,"date":"2026-01-09T11:37:31","date_gmt":"2026-01-09T10:37:31","guid":{"rendered":"https:\/\/oponyspeed.shop\/xef5\/produkt\/2x-opony-zimowe-225-40r18-nokian-wr-snowproof-p\/"},"modified":"2026-01-09T11:37:32","modified_gmt":"2026-01-09T10:37:32","slug":"2x-opony-zimowe-225-40r18-nokian-wr-snowproof-p","status":"publish","type":"product","link":"https:\/\/oponixo.shop\/tire\/produkt\/2x-opony-zimowe-225-40r18-nokian-wr-snowproof-p\/","title":{"rendered":"2x opony zimowe 225\/40R18 Nokian WR SNOWPROOF P"},"content":{"rendered":"<div style=\"font-family: Arial, sans-serif; line-height: 1.6; color: #333; padding: 20px; clear: both; display: block; width: 100%; float: none; position: static; overflow: hidden;\">\n<div style=\"clear: both; display: block; margin: 10px 0;\">\n<div style=\"clear: both; display: block; margin: 10px 0;\">\n<div style=\"clear: both; display: block; margin: 10px 0;\">\n<div  style=\"max-width:2113px;max-height:859px\">\n<div style=\"clear: both; display: block; margin: 10px 0;\">\n<div style=\"clear: both; width: 100%; display: block; margin: 20px 0; padding: 0; float: none; position: static; text-align: center;\"><img decoding=\"async\"  src=\"https:\/\/a.allegroimg.com\/original\/119026\/8a69b2994085a3227d3a8bc88cf7\/2x-opony-zimowe-225-40R18-Nokian-WR-SNOWPROOF-P-Rok-produkcji-2025\" srcset=\"https:\/\/a.allegroimg.com\/original\/119026\/8a69b2994085a3227d3a8bc88cf7\/2x-opony-zimowe-225-40R18-Nokian-WR-SNOWPROOF-P-Rok-produkcji-2025 360w,https:\/\/a.allegroimg.com\/original\/119026\/8a69b2994085a3227d3a8bc88cf7\/2x-opony-zimowe-225-40R18-Nokian-WR-SNOWPROOF-P-Rok-produkcji-2025 720w,https:\/\/a.allegroimg.com\/original\/119026\/8a69b2994085a3227d3a8bc88cf7\/2x-opony-zimowe-225-40R18-Nokian-WR-SNOWPROOF-P-Rok-produkcji-2025 1024w,https:\/\/a.allegroimg.com\/original\/119026\/8a69b2994085a3227d3a8bc88cf7\/2x-opony-zimowe-225-40R18-Nokian-WR-SNOWPROOF-P-Rok-produkcji-2025 1440w,https:\/\/a.allegroimg.com\/original\/119026\/8a69b2994085a3227d3a8bc88cf7\/2x-opony-zimowe-225-40R18-Nokian-WR-SNOWPROOF-P-Rok-produkcji-2025 2113w\" sizes=\"100vw\" width=\"2113px\" alt=\"2x opony zimowe 225\/40R18 Nokian WR SNOWPROOF P Rok produkcji 2025\" style=\"max-width: 100%; height: auto; display: block; margin: 0 auto;\"><\/div>\n<\/div>\n<\/div>\n<\/div>\n<\/div>\n<\/div>\n<div style=\"clear: both; display: block; margin: 10px 0;\">\n<div style=\"clear: both; display: block; margin: 10px 0;\">\n<div style=\"clear: both; display: block; margin: 10px 0;\">\n<div  style=\"max-width:899px;max-height:1204px\">\n<div style=\"clear: both; display: block; margin: 10px 0;\">\n<div style=\"clear: both; width: 100%; display: block; margin: 20px 0; padding: 0; float: none; position: static; text-align: center;\"><img decoding=\"async\"  src=\"https:\/\/a.allegroimg.com\/original\/11f3ac\/3a25b88a43e886dd76815a5f35d4\/2x-opony-zimowe-225-40R18-Nokian-WR-SNOWPROOF-P\" srcset=\"https:\/\/a.allegroimg.com\/original\/11f3ac\/3a25b88a43e886dd76815a5f35d4\/2x-opony-zimowe-225-40R18-Nokian-WR-SNOWPROOF-P 268w,https:\/\/a.allegroimg.com\/original\/11f3ac\/3a25b88a43e886dd76815a5f35d4\/2x-opony-zimowe-225-40R18-Nokian-WR-SNOWPROOF-P 537w,https:\/\/a.allegroimg.com\/original\/11f3ac\/3a25b88a43e886dd76815a5f35d4\/2x-opony-zimowe-225-40R18-Nokian-WR-SNOWPROOF-P 764w,https:\/\/a.allegroimg.com\/original\/11f3ac\/3a25b88a43e886dd76815a5f35d4\/2x-opony-zimowe-225-40R18-Nokian-WR-SNOWPROOF-P 899w,https:\/\/a.allegroimg.com\/original\/11f3ac\/3a25b88a43e886dd76815a5f35d4\/2x-opony-zimowe-225-40R18-Nokian-WR-SNOWPROOF-P 899w\" sizes=\"(min-width: 1200px) 560px, (min-width: 992px) 50vw, 100vw\" width=\"899px\" alt=\"2x opony zimowe 225\/40R18 Nokian WR SNOWPROOF P\" style=\"max-width: 100%; height: auto; display: block; margin: 0 auto;\"><\/div>\n<\/div>\n<\/div>\n<\/div>\n<\/div>\n<div style=\"clear: both; display: block; margin: 10px 0;\">\n<div style=\"clear: both; display: block; margin: 10px 0;\">\n<h1>Cechy Opony:<\/h1>\n<ul style=\"margin: 15px 0; padding-left: 20px; clear: both; display: block; width: 100%; float: none; position: static;\">\n<li style=\"margin: 5px 0; padding: 2px 0; clear: both; display: list-item; float: none; position: static;\">Stan: <b>Fabrycznie nowa<\/b><\/li>\n<\/ul>\n<ul style=\"margin: 15px 0; padding-left: 20px; clear: both; display: block; width: 100%; float: none; position: static;\">\n<li style=\"margin: 5px 0; padding: 2px 0; clear: both; display: list-item; float: none; position: static;\">Dystrybucja: <b>Oficjalny dystrybutor w Polsce<\/b><\/li>\n<\/ul>\n<ul style=\"margin: 15px 0; padding-left: 20px; clear: both; display: block; width: 100%; float: none; position: static;\">\n<li style=\"margin: 5px 0; padding: 2px 0; clear: both; display: list-item; float: none; position: static;\">Sezon: <b>zimowe<\/b><\/li>\n<\/ul>\n<ul style=\"margin: 15px 0; padding-left: 20px; clear: both; display: block; width: 100%; float: none; position: static;\">\n<li style=\"margin: 5px 0; padding: 2px 0; clear: both; display: list-item; float: none; position: static;\">Producent: <b>Nokian<\/b><\/li>\n<\/ul>\n<ul style=\"margin: 15px 0; padding-left: 20px; clear: both; display: block; width: 100%; float: none; position: static;\">\n<li style=\"margin: 5px 0; padding: 2px 0; clear: both; display: list-item; float: none; position: static;\">Bie\u017cnik: <b>WR SNOWPROOF P<\/b><\/li>\n<\/ul>\n<ul style=\"margin: 15px 0; padding-left: 20px; clear: both; display: block; width: 100%; float: none; position: static;\">\n<li style=\"margin: 5px 0; padding: 2px 0; clear: both; display: list-item; float: none; position: static;\">Rozmiar: <b>225\/40R18<\/b><\/li>\n<\/ul>\n<ul style=\"margin: 15px 0; padding-left: 20px; clear: both; display: block; width: 100%; float: none; position: static;\">\n<li style=\"margin: 5px 0; padding: 2px 0; clear: both; display: list-item; float: none; position: static;\">Indeks no\u015bno\u015bci: <b>92<\/b><\/li>\n<\/ul>\n<ul style=\"margin: 15px 0; padding-left: 20px; clear: both; display: block; width: 100%; float: none; position: static;\">\n<li style=\"margin: 5px 0; padding: 2px 0; clear: both; display: list-item; float: none; position: static;\">Indeks pr\u0119dko\u015bci: <b>V<\/b><\/li>\n<\/ul>\n<ul style=\"margin: 15px 0; padding-left: 20px; clear: both; display: block; width: 100%; float: none; position: static;\">\n<li style=\"margin: 5px 0; padding: 2px 0; clear: both; display: list-item; float: none; position: static;\">Rok produkcji:<b> 2025 (Ka\u017cda opona zosta\u0142a sprawdzona przy dostawie, co gwarantuje rok produkcji podany na aukcji)<\/b><\/li>\n<\/ul>\n<ul style=\"margin: 15px 0; padding-left: 20px; clear: both; display: block; width: 100%; float: none; position: static;\">\n<li style=\"margin: 5px 0; padding: 2px 0; clear: both; display: list-item; float: none; position: static;\">EAN: <b>6419440408798<\/b><\/li>\n<\/ul>\n<ul style=\"margin: 15px 0; padding-left: 20px; clear: both; display: block; width: 100%; float: none; position: static;\">\n<li style=\"margin: 5px 0; padding: 2px 0; clear: both; display: list-item; float: none; position: static;\">Wzmocniona konstrukcja (XL): <b>Tak<\/b><\/li>\n<\/ul>\n<ul style=\"margin: 15px 0; padding-left: 20px; clear: both; display: block; width: 100%; float: none; position: static;\">\n<li style=\"margin: 5px 0; padding: 2px 0; clear: both; display: list-item; float: none; position: static;\">Rant ochronny na felg\u0119: <b>Tak<\/b><\/li>\n<\/ul><\/div>\n<\/div>\n<\/div>\n<div style=\"clear: both; display: block; margin: 10px 0;\">\n<div style=\"clear: both; display: block; margin: 10px 0;\">\n<div style=\"clear: both; display: block; margin: 10px 0;\">\n<h2>Zu\u017cycie paliwa \/ opory toczenia<\/h2>\n<p style=\"margin: 15px 0; line-height: 1.8; clear: both; display: block; width: 100%; float: none; position: static;\">Klasa A okre\u015bla opony o najmniejszych oporach toczenia, klasa E o najwi\u0119kszych. Op\u00f3r toczenia wp\u0142ywa na zu\u017cycie paliwa oraz emisj\u0119 spalin przez samoch\u00f3d. Im ni\u017cszy op\u00f3r toczenia, tym wi\u0119ksza oszcz\u0119dno\u015b\u0107 paliwa i mniejszy wp\u0142yw na \u015brodowisko.<\/p>\n<p style=\"margin: 15px 0; line-height: 1.8; clear: both; display: block; width: 100%; float: none; position: static;\">\n<h2>Przyczepno\u015b\u0107 na mokrej nawierzchni \/ droga hamowania<\/h2>\n<p style=\"margin: 15px 0; line-height: 1.8; clear: both; display: block; width: 100%; float: none; position: static;\">Klasa A oznacza najkr\u00f3tsz\u0105, a E najd\u0142u\u017csz\u0105 drog\u0119 hamowania na mokrej nawierzchni. Parametr ten zwi\u0105zany jest z przyczepno\u015bci\u0105 opony podczas jazdy po mokrej drodze, co ma znaczenie dla bezpiecze\u0144stwa podr\u00f3\u017cowania. Im wy\u017csza klasa, tym lepsze w\u0142a\u015bciwo\u015bci ogumienia.<\/p>\n<p style=\"margin: 15px 0; line-height: 1.8; clear: both; display: block; width: 100%; float: none; position: static;\">\n<h2>Zewn\u0119trzny ha\u0142as toczenia \/ emisja ha\u0142asu<\/h2>\n<p style=\"margin: 15px 0; line-height: 1.8; clear: both; display: block; width: 100%; float: none; position: static;\">Klasa A przeznaczona jest dla najcichszych opon, B i C \u2013 dla g\u0142o\u015bniejszych. Wp\u0142ywa na komfort podr\u00f3\u017cowania samochodem. Ha\u0142as, kt\u00f3ry powstaje przy toczeniu si\u0119 opony jest wyra\u017cony w decybelach. Im ni\u017csza liczba tym cichsza opona.<\/p>\n<p style=\"margin: 15px 0; line-height: 1.8; clear: both; display: block; width: 100%; float: none; position: static;\">\n<\/div>\n<\/div>\n<div style=\"clear: both; display: block; margin: 10px 0;\">\n<div style=\"clear: both; display: block; margin: 10px 0;\">\n<div  style=\"max-width:738px;max-height:1082px\">\n<div style=\"clear: both; display: block; margin: 10px 0;\">\n<div style=\"clear: both; width: 100%; display: block; margin: 20px 0; padding: 0; float: none; position: static; text-align: center;\"><img decoding=\"async\"  src=\"https:\/\/a.allegroimg.com\/original\/115761\/e1852ccb4f55a29c08788318fcbc\/2x-opony-zimowe-225-40R18-Nokian-WR-SNOWPROOF-P-Liczba-opon-w-ofercie-2-szt\" srcset=\"https:\/\/a.allegroimg.com\/original\/115761\/e1852ccb4f55a29c08788318fcbc\/2x-opony-zimowe-225-40R18-Nokian-WR-SNOWPROOF-P-Liczba-opon-w-ofercie-2-szt 245w,https:\/\/a.allegroimg.com\/original\/115761\/e1852ccb4f55a29c08788318fcbc\/2x-opony-zimowe-225-40R18-Nokian-WR-SNOWPROOF-P-Liczba-opon-w-ofercie-2-szt 491w,https:\/\/a.allegroimg.com\/original\/115761\/e1852ccb4f55a29c08788318fcbc\/2x-opony-zimowe-225-40R18-Nokian-WR-SNOWPROOF-P-Liczba-opon-w-ofercie-2-szt 698w,https:\/\/a.allegroimg.com\/original\/115761\/e1852ccb4f55a29c08788318fcbc\/2x-opony-zimowe-225-40R18-Nokian-WR-SNOWPROOF-P-Liczba-opon-w-ofercie-2-szt 738w,https:\/\/a.allegroimg.com\/original\/115761\/e1852ccb4f55a29c08788318fcbc\/2x-opony-zimowe-225-40R18-Nokian-WR-SNOWPROOF-P-Liczba-opon-w-ofercie-2-szt 738w\" sizes=\"(min-width: 1200px) 560px, (min-width: 992px) 50vw, 100vw\" width=\"738px\" alt=\"2x opony zimowe 225\/40R18 Nokian WR SNOWPROOF P Liczba opon w ofercie 2 szt.\" style=\"max-width: 100%; height: auto; display: block; margin: 0 auto;\"><\/div>\n<\/div>\n<\/div>\n<\/div>\n<\/div>\n<\/div>\n<div style=\"clear: both; display: block; margin: 10px 0;\">\n<div style=\"clear: both; display: block; margin: 10px 0;\">\n<div style=\"clear: both; display: block; margin: 10px 0;\">\n<h2>O producencie<\/h2>\n<p style=\"margin: 15px 0; line-height: 1.8; clear: both; display: block; width: 100%; float: none; position: static;\">Nokian Tyres to Fi\u0144ski producent opon z siedzib\u0105 w Nokii,&nbsp;produkuje&nbsp;opony&nbsp;do samochod\u00f3w osobowych, ci\u0119\u017carowych, autobus\u00f3w i ci\u0119\u017ckiego sprz\u0119tu.&nbsp;Znana ze swoich&nbsp;opon zimowych, Nokian jest jedynym producentem opon z w\u0142asnym sta\u0142ym o\u015brodkiem testowania opon zimowych na \u015bwiecie.&nbsp;Korzenie firmy si\u0119gaj\u0105 1898 roku, kiedy za\u0142o\u017cono Suomen Gummitehdas Oy (Finnish Rubber Factory). Produkcj\u0119 opon do samochod\u00f3w osobowych rozpocz\u0119to w 1932 roku, a pierwsz\u0105 na \u015bwiecie opon\u0119 zimow\u0105 wyprodukowano w 1934 r.&nbsp;Kluczowe produkty s\u0105 wytwarzane w&nbsp;fabrykach w Nokii w Finlandii, we Wsiewo\u0142o\u017csku w Rosji i w Dayton w USA.&nbsp;W 2019 roku Nokian Tyres zatrudnia\u0142 oko\u0142o 4700 os\u00f3b.<\/p>\n<\/div>\n<\/div>\n<div style=\"clear: both; display: block; margin: 10px 0;\">\n<div style=\"clear: both; display: block; margin: 10px 0;\">\n<div  style=\"max-width:2113px;max-height:859px\">\n<div style=\"clear: both; display: block; margin: 10px 0;\">\n<div style=\"clear: both; width: 100%; display: block; margin: 20px 0; padding: 0; float: none; position: static; text-align: center;\"><img decoding=\"async\"  src=\"https:\/\/a.allegroimg.com\/original\/119026\/8a69b2994085a3227d3a8bc88cf7\/2x-opony-zimowe-225-40R18-Nokian-WR-SNOWPROOF-P-Rok-produkcji-2025\" srcset=\"https:\/\/a.allegroimg.com\/original\/119026\/8a69b2994085a3227d3a8bc88cf7\/2x-opony-zimowe-225-40R18-Nokian-WR-SNOWPROOF-P-Rok-produkcji-2025 360w,https:\/\/a.allegroimg.com\/original\/119026\/8a69b2994085a3227d3a8bc88cf7\/2x-opony-zimowe-225-40R18-Nokian-WR-SNOWPROOF-P-Rok-produkcji-2025 720w,https:\/\/a.allegroimg.com\/original\/119026\/8a69b2994085a3227d3a8bc88cf7\/2x-opony-zimowe-225-40R18-Nokian-WR-SNOWPROOF-P-Rok-produkcji-2025 1024w,https:\/\/a.allegroimg.com\/original\/119026\/8a69b2994085a3227d3a8bc88cf7\/2x-opony-zimowe-225-40R18-Nokian-WR-SNOWPROOF-P-Rok-produkcji-2025 1440w,https:\/\/a.allegroimg.com\/original\/119026\/8a69b2994085a3227d3a8bc88cf7\/2x-opony-zimowe-225-40R18-Nokian-WR-SNOWPROOF-P-Rok-produkcji-2025 2113w\" sizes=\"(min-width: 1200px) 560px, (min-width: 992px) 50vw, 100vw\" width=\"2113px\" alt=\"2x opony zimowe 225\/40R18 Nokian WR SNOWPROOF P Rok produkcji 2025\" style=\"max-width: 100%; height: auto; display: block; margin: 0 auto;\"><\/div>\n<\/div>\n<\/div>\n<\/div>\n<\/div>\n<\/div>\n<\/div>\n<\/div>\n<\/div>\n<div style=\"clear: both; display: block; margin: 10px 0;\">\n","protected":false},"excerpt":{"rendered":"<p>Cechy Opony:<\/p>\n<p>Stan: Fabrycznie nowa<\/p>\n<p>Dystrybucja: Oficjalny dystrybutor w Polsce<\/p>\n<p>Sezon: zimowe<\/p>\n<p>Producent: Nokian<\/p>\n<p>Bie\u017cnik: WR SNOWPROOF P<\/p>\n<p>Rozmiar: 225\/40R18<\/p>\n<p>Indeks no\u015bno\u015bci: 92<\/p>\n","protected":false},"featured_media":13873,"template":"","meta":{"_uag_custom_page_level_css":""},"product_brand":[387],"product_cat":[414,413,412,415],"product_tag":[],"class_list":{"0":"post-13872","1":"product","2":"type-product","3":"status-publish","4":"has-post-thumbnail","6":"product_brand-nokian-tyres","7":"product_cat-do-samochodow-osobowych-i-suv","8":"product_cat-opony","9":"product_cat-opony-i-felgi","10":"product_cat-zimowe","12":"first","13":"instock","14":"shipping-taxable","15":"purchasable","16":"product-type-simple"},"uagb_featured_image_src":{"full":["https:\/\/oponixo.shop\/tire\/wp-content\/uploads\/2026\/01\/allegro-image-13872.jpg",899,1204,false],"thumbnail":["https:\/\/oponixo.shop\/tire\/wp-content\/uploads\/2026\/01\/allegro-image-13872-150x150.jpg",150,150,true],"medium":["https:\/\/oponixo.shop\/tire\/wp-content\/uploads\/2026\/01\/allegro-image-13872-224x300.jpg",224,300,true],"medium_large":["https:\/\/oponixo.shop\/tire\/wp-content\/uploads\/2026\/01\/allegro-image-13872-768x1029.jpg",768,1029,true],"large":["https:\/\/oponixo.shop\/tire\/wp-content\/uploads\/2026\/01\/allegro-image-13872-765x1024.jpg",765,1024,true],"1536x1536":["https:\/\/oponixo.shop\/tire\/wp-content\/uploads\/2026\/01\/allegro-image-13872.jpg",899,1204,false],"2048x2048":["https:\/\/oponixo.shop\/tire\/wp-content\/uploads\/2026\/01\/allegro-image-13872.jpg",899,1204,false],"woocommerce_thumbnail":["https:\/\/oponixo.shop\/tire\/wp-content\/uploads\/2026\/01\/allegro-image-13872-300x300.jpg",300,300,true],"woocommerce_single":["https:\/\/oponixo.shop\/tire\/wp-content\/uploads\/2026\/01\/allegro-image-13872-600x804.jpg",600,804,true],"woocommerce_gallery_thumbnail":["https:\/\/oponixo.shop\/tire\/wp-content\/uploads\/2026\/01\/allegro-image-13872-100x100.jpg",100,100,true]},"uagb_author_info":{"display_name":"admin","author_link":"https:\/\/oponixo.shop\/tire\/author\/"},"uagb_comment_info":0,"uagb_excerpt":"Cechy Opony: Stan: Fabrycznie nowa Dystrybucja: Oficjalny dystrybutor w Polsce Sezon: zimowe Producent: Nokian Bie\u017cnik: WR SNOWPROOF P Rozmiar: 225\/40R18 Indeks no\u015bno\u015bci: 92","_links":{"self":[{"href":"https:\/\/oponixo.shop\/tire\/wp-json\/wp\/v2\/product\/13872","targetHints":{"allow":["GET"]}}],"collection":[{"href":"https:\/\/oponixo.shop\/tire\/wp-json\/wp\/v2\/product"}],"about":[{"href":"https:\/\/oponixo.shop\/tire\/wp-json\/wp\/v2\/types\/product"}],"wp:featuredmedia":[{"embeddable":true,"href":"https:\/\/oponixo.shop\/tire\/wp-json\/wp\/v2\/media\/13873"}],"wp:attachment":[{"href":"https:\/\/oponixo.shop\/tire\/wp-json\/wp\/v2\/media?parent=13872"}],"wp:term":[{"taxonomy":"product_brand","embeddable":true,"href":"https:\/\/oponixo.shop\/tire\/wp-json\/wp\/v2\/product_brand?post=13872"},{"taxonomy":"product_cat","embeddable":true,"href":"https:\/\/oponixo.shop\/tire\/wp-json\/wp\/v2\/product_cat?post=13872"},{"taxonomy":"product_tag","embeddable":true,"href":"https:\/\/oponixo.shop\/tire\/wp-json\/wp\/v2\/product_tag?post=13872"}],"curies":[{"name":"wp","href":"https:\/\/api.w.org\/{rel}","templated":true}]}}