{"id":13793,"date":"2026-01-09T09:45:05","date_gmt":"2026-01-09T08:45:05","guid":{"rendered":"https:\/\/oponyspeed.shop\/xef5\/produkt\/2-x-yokohama-blueearth-winter-v905-285-30r20-99-w-xl-fr-3pmsf-opona-zimowa\/"},"modified":"2026-01-09T09:45:05","modified_gmt":"2026-01-09T08:45:05","slug":"2-x-yokohama-blueearth-winter-v905-285-30r20-99-w-xl-fr-3pmsf-opona-zimowa","status":"publish","type":"product","link":"https:\/\/oponixo.shop\/tire\/produkt\/2-x-yokohama-blueearth-winter-v905-285-30r20-99-w-xl-fr-3pmsf-opona-zimowa\/","title":{"rendered":"2 x Yokohama BlueEarth Winter V905 285\/30R20 99 W XL FR 3PMSF opona zimowa"},"content":{"rendered":"<div style=\"font-family: Arial, sans-serif; line-height: 1.6; color: #333; padding: 20px; clear: both; display: block; width: 100%; float: none; position: static; overflow: hidden;\">\n<div style=\"clear: both; display: block; margin: 10px 0;\">\n<div style=\"clear: both; display: block; margin: 10px 0;\">\n<div style=\"clear: both; display: block; margin: 10px 0;\">\n<div  style=\"max-width:282px;max-height:500px\">\n<div style=\"clear: both; display: block; margin: 10px 0;\">\n<div style=\"clear: both; width: 100%; display: block; margin: 20px 0; padding: 0; float: none; position: static; text-align: center;\"><img decoding=\"async\"  src=\"https:\/\/a.allegroimg.com\/original\/11ff37\/4572cb8f4c2f8d7f04d48e687ad6\/2-x-Yokohama-BlueEarth-Winter-V905-285-30R20-99-W-XL-FR-3PMSF-opona-zimowa\" srcset=\"https:\/\/a.allegroimg.com\/original\/11ff37\/4572cb8f4c2f8d7f04d48e687ad6\/2-x-Yokohama-BlueEarth-Winter-V905-285-30R20-99-W-XL-FR-3PMSF-opona-zimowa 203w,https:\/\/a.allegroimg.com\/original\/11ff37\/4572cb8f4c2f8d7f04d48e687ad6\/2-x-Yokohama-BlueEarth-Winter-V905-285-30R20-99-W-XL-FR-3PMSF-opona-zimowa 282w,https:\/\/a.allegroimg.com\/original\/11ff37\/4572cb8f4c2f8d7f04d48e687ad6\/2-x-Yokohama-BlueEarth-Winter-V905-285-30R20-99-W-XL-FR-3PMSF-opona-zimowa 282w\" sizes=\"(min-width: 1200px) 560px, (min-width: 992px) 50vw, 100vw\" width=\"282px\" alt=\"2 x Yokohama BlueEarth Winter V905 285\/30R20 99 W XL FR 3PMSF opona zimowa\" style=\"max-width: 100%; height: auto; display: block; margin: 0 auto;\"><\/div>\n<\/div>\n<\/div>\n<\/div>\n<\/div>\n<div style=\"clear: both; display: block; margin: 10px 0;\">\n<div style=\"clear: both; display: block; margin: 10px 0;\">\n<h2>Yokohama BlueEarth Winter V905 285\/30R20 99 W XL FR 3PMSF<\/h2>\n<p style=\"margin: 15px 0; line-height: 1.8; clear: both; display: block; width: 100%; float: none; position: static;\">Producent: Yokohama<\/p>\n<p style=\"margin: 15px 0; line-height: 1.8; clear: both; display: block; width: 100%; float: none; position: static;\">Model: BlueEarth Winter V905<\/p>\n<p style=\"margin: 15px 0; line-height: 1.8; clear: both; display: block; width: 100%; float: none; position: static;\">Sezon: zimowe<\/p>\n<p style=\"margin: 15px 0; line-height: 1.8; clear: both; display: block; width: 100%; float: none; position: static;\">Rozmiar: 285\/30R20<\/p>\n<p style=\"margin: 15px 0; line-height: 1.8; clear: both; display: block; width: 100%; float: none; position: static;\">Data produkcji: do 36 miesi\u0119cy<\/p>\n<p style=\"margin: 15px 0; line-height: 1.8; clear: both; display: block; width: 100%; float: none; position: static;\">Zu\u017cycie paliwa: klasa D<\/p>\n<p style=\"margin: 15px 0; line-height: 1.8; clear: both; display: block; width: 100%; float: none; position: static;\">Przyczepno\u015b\u0107 na mokrym: klasa C<\/p>\n<p style=\"margin: 15px 0; line-height: 1.8; clear: both; display: block; width: 100%; float: none; position: static;\">Poziom ha\u0142asu: 74 dB<\/p>\n<\/div>\n<\/div>\n<\/div>\n<div style=\"clear: both; display: block; margin: 10px 0;\">\n<div style=\"clear: both; display: block; margin: 10px 0;\">\n<div style=\"clear: both; display: block; margin: 10px 0;\">\n<div  style=\"max-width:760px;max-height:624px\">\n<div style=\"clear: both; display: block; margin: 10px 0;\">\n<div style=\"clear: both; width: 100%; display: block; margin: 20px 0; padding: 0; float: none; position: static; text-align: center;\"><img decoding=\"async\"  src=\"https:\/\/a.allegroimg.com\/original\/11c4b5\/aa3c507945ec8738525ddc3662be\/2-x-Yokohama-BlueEarth-Winter-V905-285-30R20-99-W-XL-FR-3PMSF-opona-zimowa-Liczba-opon-w-ofercie-2-szt\" srcset=\"https:\/\/a.allegroimg.com\/original\/11c4b5\/aa3c507945ec8738525ddc3662be\/2-x-Yokohama-BlueEarth-Winter-V905-285-30R20-99-W-XL-FR-3PMSF-opona-zimowa-Liczba-opon-w-ofercie-2-szt 360w,https:\/\/a.allegroimg.com\/original\/11c4b5\/aa3c507945ec8738525ddc3662be\/2-x-Yokohama-BlueEarth-Winter-V905-285-30R20-99-W-XL-FR-3PMSF-opona-zimowa-Liczba-opon-w-ofercie-2-szt 720w,https:\/\/a.allegroimg.com\/original\/11c4b5\/aa3c507945ec8738525ddc3662be\/2-x-Yokohama-BlueEarth-Winter-V905-285-30R20-99-W-XL-FR-3PMSF-opona-zimowa-Liczba-opon-w-ofercie-2-szt 760w,https:\/\/a.allegroimg.com\/original\/11c4b5\/aa3c507945ec8738525ddc3662be\/2-x-Yokohama-BlueEarth-Winter-V905-285-30R20-99-W-XL-FR-3PMSF-opona-zimowa-Liczba-opon-w-ofercie-2-szt 760w\" sizes=\"(min-width: 1200px) 560px, (min-width: 992px) 50vw, 100vw\" width=\"760px\" alt=\"2 x Yokohama BlueEarth Winter V905 285\/30R20 99 W XL FR 3PMSF opona zimowa Liczba opon w ofercie 2 szt.\" style=\"max-width: 100%; height: auto; display: block; margin: 0 auto;\"><\/div>\n<\/div>\n<\/div>\n<\/div>\n<\/div>\n<div style=\"clear: both; display: block; margin: 10px 0;\">\n<div style=\"clear: both; display: block; margin: 10px 0;\">\n<h1>Yokohama BlueEarth Winter V905 \u2013 zimowe bezpiecze\u0144stwo klasy premium<\/h1>\n<p style=\"margin: 15px 0; line-height: 1.8; clear: both; display: block; width: 100%; float: none; position: static;\">Yokohama BluEarth Winter V905 to flagowa zimowa opona japo\u0144skiej marki klasy premium, stworzona z my\u015bl\u0105 o kierowcach samochod\u00f3w osobowych oraz SUV\u2011\u00f3w oczekuj\u0105cych maksymalnej kontroli i bezpiecze\u0144stwa w najtrudniejszych warunkach pogodowych. Opracowana przy wykorzystaniu najnowszych technologii oraz z wysokiej jako\u015bci materia\u0142\u00f3w, opona \u0142\u0105czy sportowy charakter z komfortem u\u017cytkowania i wysokimi osi\u0105gami nawet w temperaturach spadaj\u0105cych znacznie poni\u017cej zera. Znakomicie radzi sobie zar\u00f3wno na za\u015bnie\u017conych g\u00f3rskich drogach, jak i na typowo miejskich, mokrych nawierzchniach.<\/p>\n<\/div>\n<\/div>\n<\/div>\n<div style=\"clear: both; display: block; margin: 10px 0;\">\n<div style=\"clear: both; display: block; margin: 10px 0;\">\n<div style=\"clear: both; display: block; margin: 10px 0;\">\n<div  style=\"max-width:760px;max-height:624px\">\n<div style=\"clear: both; display: block; margin: 10px 0;\">\n<div style=\"clear: both; width: 100%; display: block; margin: 20px 0; padding: 0; float: none; position: static; text-align: center;\"><img decoding=\"async\"  src=\"https:\/\/a.allegroimg.com\/original\/11ad36\/18097b43497997e01ee9c3482b3f\/2-x-Yokohama-BlueEarth-Winter-V905-285-30R20-99-W-XL-FR-3PMSF-opona-zimowa-Marka-Yokohama\" srcset=\"https:\/\/a.allegroimg.com\/original\/11ad36\/18097b43497997e01ee9c3482b3f\/2-x-Yokohama-BlueEarth-Winter-V905-285-30R20-99-W-XL-FR-3PMSF-opona-zimowa-Marka-Yokohama 360w,https:\/\/a.allegroimg.com\/original\/11ad36\/18097b43497997e01ee9c3482b3f\/2-x-Yokohama-BlueEarth-Winter-V905-285-30R20-99-W-XL-FR-3PMSF-opona-zimowa-Marka-Yokohama 720w,https:\/\/a.allegroimg.com\/original\/11ad36\/18097b43497997e01ee9c3482b3f\/2-x-Yokohama-BlueEarth-Winter-V905-285-30R20-99-W-XL-FR-3PMSF-opona-zimowa-Marka-Yokohama 760w,https:\/\/a.allegroimg.com\/original\/11ad36\/18097b43497997e01ee9c3482b3f\/2-x-Yokohama-BlueEarth-Winter-V905-285-30R20-99-W-XL-FR-3PMSF-opona-zimowa-Marka-Yokohama 760w\" sizes=\"(min-width: 1200px) 560px, (min-width: 992px) 50vw, 100vw\" width=\"760px\" alt=\"2 x Yokohama BlueEarth Winter V905 285\/30R20 99 W XL FR 3PMSF opona zimowa Marka Yokohama\" style=\"max-width: 100%; height: auto; display: block; margin: 0 auto;\"><\/div>\n<\/div>\n<\/div>\n<\/div>\n<\/div>\n<div style=\"clear: both; display: block; margin: 10px 0;\">\n<div style=\"clear: both; display: block; margin: 10px 0;\">\n<h1>Zaawansowany bie\u017cnik i technologia \u201esee-through\u201d<\/h1>\n<p style=\"margin: 15px 0; line-height: 1.8; clear: both; display: block; width: 100%; float: none; position: static;\">Bie\u017cnik o kierunkowej rze\u017abie wyposa\u017cono w rowki o zmiennym k\u0105cie nachylenia, mikrolamelki oraz szerokie, sko\u015bne kana\u0142y, kt\u00f3re tworz\u0105 wewn\u0119trzn\u0105 siatk\u0119 odprowadzaj\u0105c\u0105 \u015bnieg, b\u0142oto po\u015bniegowe i wod\u0119 \u2013 tzw. technologia see-through. Dzi\u0119ki temu opona skutecznie minimalizuje ryzyko aquaplaningu i zapewnia doskona\u0142\u0105 przyczepno\u015b\u0107 na mokrych oraz o\u015bnie\u017conych drogach. Dodatkowo, lamele 3D i 2D w strefach barkowych stabilizuj\u0105 opon\u0119 w zakr\u0119tach i podczas manewr\u00f3w awaryjnych. Specjalny profil o wyd\u0142u\u017conej i w\u0105skiej powierzchni styku maksymalizuje kontakt z nawierzchni\u0105, co przek\u0142ada si\u0119 na precyzyjne prowadzenie i kr\u00f3tk\u0105 drog\u0119 hamowania.<\/p>\n<\/div>\n<\/div>\n<\/div>\n<div style=\"clear: both; display: block; margin: 10px 0;\">\n<div style=\"clear: both; display: block; margin: 10px 0;\">\n<div style=\"clear: both; display: block; margin: 10px 0;\">\n<div  style=\"max-width:760px;max-height:624px\">\n<div style=\"clear: both; display: block; margin: 10px 0;\">\n<div style=\"clear: both; width: 100%; display: block; margin: 20px 0; padding: 0; float: none; position: static; text-align: center;\"><img decoding=\"async\"  src=\"https:\/\/a.allegroimg.com\/original\/11fa72\/c33f193d465ca3095901a7361761\/2-x-Yokohama-BlueEarth-Winter-V905-285-30R20-99-W-XL-FR-3PMSF-opona-zimowa-Szerokosc-opony-285-mm\" srcset=\"https:\/\/a.allegroimg.com\/original\/11fa72\/c33f193d465ca3095901a7361761\/2-x-Yokohama-BlueEarth-Winter-V905-285-30R20-99-W-XL-FR-3PMSF-opona-zimowa-Szerokosc-opony-285-mm 360w,https:\/\/a.allegroimg.com\/original\/11fa72\/c33f193d465ca3095901a7361761\/2-x-Yokohama-BlueEarth-Winter-V905-285-30R20-99-W-XL-FR-3PMSF-opona-zimowa-Szerokosc-opony-285-mm 720w,https:\/\/a.allegroimg.com\/original\/11fa72\/c33f193d465ca3095901a7361761\/2-x-Yokohama-BlueEarth-Winter-V905-285-30R20-99-W-XL-FR-3PMSF-opona-zimowa-Szerokosc-opony-285-mm 760w,https:\/\/a.allegroimg.com\/original\/11fa72\/c33f193d465ca3095901a7361761\/2-x-Yokohama-BlueEarth-Winter-V905-285-30R20-99-W-XL-FR-3PMSF-opona-zimowa-Szerokosc-opony-285-mm 760w\" sizes=\"(min-width: 1200px) 560px, (min-width: 992px) 50vw, 100vw\" width=\"760px\" alt=\"2 x Yokohama BlueEarth Winter V905 285\/30R20 99 W XL FR 3PMSF opona zimowa Szeroko\u015b\u0107 opony 285 mm\" style=\"max-width: 100%; height: auto; display: block; margin: 0 auto;\"><\/div>\n<\/div>\n<\/div>\n<\/div>\n<\/div>\n<div style=\"clear: both; display: block; margin: 10px 0;\">\n<div style=\"clear: both; display: block; margin: 10px 0;\">\n<h1>Ekologiczna mieszanka<\/h1>\n<p style=\"margin: 15px 0; line-height: 1.8; clear: both; display: block; width: 100%; float: none; position: static;\">Yokohama BluEarth Winter V905 to nie tylko opona bezpieczna, ale te\u017c przyjazna \u015brodowisku. Producent zastosowa\u0142 innowacyjn\u0105 mieszank\u0119 gumow\u0105 wzbogacon\u0105 mikrokrzemionk\u0105 i naturalnym olejkiem ze sk\u00f3rki pomara\u0144czy, co pozwala zachowa\u0107 elastyczno\u015b\u0107 w mrozie, zwi\u0119kszy\u0107 powierzchni\u0119 styku z pod\u0142o\u017cem i ograniczy\u0107 ilo\u015b\u0107 materia\u0142\u00f3w ropopochodnych. Pod bie\u017cnikiem znajduje si\u0119 warstwa bardziej sztywnej mieszanki, kt\u00f3ra redukuje straty energii i obni\u017ca opory toczenia, wp\u0142ywaj\u0105c na mniejsze zu\u017cycie paliwa i d\u0142u\u017csz\u0105 \u017cywotno\u015b\u0107 opony. Dzi\u0119ki temu kierowca otrzymuje opon\u0119 o wysokiej efektywno\u015bci i ni\u017cszym wp\u0142ywie na \u015brodowisko.<\/p>\n<\/div>\n<\/div>\n<\/div>\n<div style=\"clear: both; display: block; margin: 10px 0;\">\n<div style=\"clear: both; display: block; margin: 10px 0;\">\n<div style=\"clear: both; display: block; margin: 10px 0;\">\n<div  style=\"max-width:760px;max-height:624px\">\n<div style=\"clear: both; display: block; margin: 10px 0;\">\n<div style=\"clear: both; width: 100%; display: block; margin: 20px 0; padding: 0; float: none; position: static; text-align: center;\"><img decoding=\"async\"  src=\"https:\/\/a.allegroimg.com\/original\/114fa0\/009dd59f40cfa4f46f673b94151f\/2-x-Yokohama-BlueEarth-Winter-V905-285-30R20-99-W-XL-FR-3PMSF-opona-zimowa-Profil-opony-30\" srcset=\"https:\/\/a.allegroimg.com\/original\/114fa0\/009dd59f40cfa4f46f673b94151f\/2-x-Yokohama-BlueEarth-Winter-V905-285-30R20-99-W-XL-FR-3PMSF-opona-zimowa-Profil-opony-30 360w,https:\/\/a.allegroimg.com\/original\/114fa0\/009dd59f40cfa4f46f673b94151f\/2-x-Yokohama-BlueEarth-Winter-V905-285-30R20-99-W-XL-FR-3PMSF-opona-zimowa-Profil-opony-30 720w,https:\/\/a.allegroimg.com\/original\/114fa0\/009dd59f40cfa4f46f673b94151f\/2-x-Yokohama-BlueEarth-Winter-V905-285-30R20-99-W-XL-FR-3PMSF-opona-zimowa-Profil-opony-30 760w,https:\/\/a.allegroimg.com\/original\/114fa0\/009dd59f40cfa4f46f673b94151f\/2-x-Yokohama-BlueEarth-Winter-V905-285-30R20-99-W-XL-FR-3PMSF-opona-zimowa-Profil-opony-30 760w\" sizes=\"(min-width: 1200px) 560px, (min-width: 992px) 50vw, 100vw\" width=\"760px\" alt=\"2 x Yokohama BlueEarth Winter V905 285\/30R20 99 W XL FR 3PMSF opona zimowa Profil opony 30\" style=\"max-width: 100%; height: auto; display: block; margin: 0 auto;\"><\/div>\n<\/div>\n<\/div>\n<\/div>\n<\/div>\n<div style=\"clear: both; display: block; margin: 10px 0;\">\n<div style=\"clear: both; display: block; margin: 10px 0;\">\n<h1>Testy i opinie potwierdzaj\u0105 klas\u0119<\/h1>\n<p style=\"margin: 15px 0; line-height: 1.8; clear: both; display: block; width: 100%; float: none; position: static;\">Model V905 regularnie bra\u0142 udzia\u0142 w testach renomowanych organizacji i redakcji motoryzacyjnych: ADAC, Auto Bild, TCS, \u00d6AMTC, uzyskuj\u0105c oceny \u201ezadowalaj\u0105ca\u201d lub \u201epolecana\u201d. Szczeg\u00f3lnie dobrze oceniano przyczepno\u015b\u0107 na suchym i mokrym, a tak\u017ce komfort jazdy i stabilno\u015b\u0107 przy wy\u017cszych pr\u0119dko\u015bciach. U\u017cytkownicy chwal\u0105 opon\u0119 za pewno\u015b\u0107 prowadzenia na za\u015bnie\u017conej nawierzchni, kr\u00f3tk\u0105 drog\u0119 hamowania oraz d\u0142ug\u0105 trwa\u0142o\u015b\u0107, cho\u0107 przy wysokich temperaturach zimowych i zu\u017cyciu poni\u017cej 5 mm zauwa\u017calne s\u0105 spadki wydajno\u015bci. Oferowana w szerokiej gamie rozmiar\u00f3w, BluEarth Winter V905 to znakomita propozycja dla wymagaj\u0105cych kierowc\u00f3w ceni\u0105cych sobie innowacyjno\u015b\u0107, ekologi\u0119 i bezpiecze\u0144stwo.<\/p>\n<\/div>\n<\/div>\n<\/div>\n<\/div>\n<\/div>\n<\/div>\n<div style=\"clear: both; display: block; margin: 10px 0;\">\n","protected":false},"excerpt":{"rendered":"<p>Yokohama BlueEarth Winter V905 285\/30R20 99 W XL FR 3PMSF<\/p>\n<p>Producent: Yokohama<\/p>\n<p>Model: BlueEarth Winter V905<\/p>\n<p>Sezon: zimowe<\/p>\n<p>Rozmiar: 285\/30R20<\/p>\n<p>Data produkcji: do 36 miesi\u0119cy<\/p>\n<p>Zu\u017cycie paliwa: klasa D<\/p>\n<p>Przyczepno\u015b\u0107 na mokrym: klasa C<\/p>\n","protected":false},"featured_media":13794,"template":"","meta":{"_uag_custom_page_level_css":""},"product_brand":[410],"product_cat":[414,413,412,415],"product_tag":[],"class_list":{"0":"post-13793","1":"product","2":"type-product","3":"status-publish","4":"has-post-thumbnail","6":"product_brand-yokohama","7":"product_cat-do-samochodow-osobowych-i-suv","8":"product_cat-opony","9":"product_cat-opony-i-felgi","10":"product_cat-zimowe","12":"first","13":"instock","14":"shipping-taxable","15":"purchasable","16":"product-type-simple"},"uagb_featured_image_src":{"full":["https:\/\/oponixo.shop\/tire\/wp-content\/uploads\/2026\/01\/allegro-image-13793.jpg",282,500,false],"thumbnail":["https:\/\/oponixo.shop\/tire\/wp-content\/uploads\/2026\/01\/allegro-image-13793-150x150.jpg",150,150,true],"medium":["https:\/\/oponixo.shop\/tire\/wp-content\/uploads\/2026\/01\/allegro-image-13793-169x300.jpg",169,300,true],"medium_large":["https:\/\/oponixo.shop\/tire\/wp-content\/uploads\/2026\/01\/allegro-image-13793.jpg",282,500,false],"large":["https:\/\/oponixo.shop\/tire\/wp-content\/uploads\/2026\/01\/allegro-image-13793.jpg",282,500,false],"1536x1536":["https:\/\/oponixo.shop\/tire\/wp-content\/uploads\/2026\/01\/allegro-image-13793.jpg",282,500,false],"2048x2048":["https:\/\/oponixo.shop\/tire\/wp-content\/uploads\/2026\/01\/allegro-image-13793.jpg",282,500,false],"woocommerce_thumbnail":["https:\/\/oponixo.shop\/tire\/wp-content\/uploads\/2026\/01\/allegro-image-13793-282x300.jpg",282,300,true],"woocommerce_single":["https:\/\/oponixo.shop\/tire\/wp-content\/uploads\/2026\/01\/allegro-image-13793.jpg",282,500,false],"woocommerce_gallery_thumbnail":["https:\/\/oponixo.shop\/tire\/wp-content\/uploads\/2026\/01\/allegro-image-13793-100x100.jpg",100,100,true]},"uagb_author_info":{"display_name":"admin","author_link":"https:\/\/oponixo.shop\/tire\/author\/"},"uagb_comment_info":0,"uagb_excerpt":"Yokohama BlueEarth Winter V905 285\/30R20 99 W XL FR 3PMSF Producent: Yokohama Model: BlueEarth Winter V905 Sezon: zimowe Rozmiar: 285\/30R20 Data produkcji: do 36 miesi\u0119cy Zu\u017cycie paliwa: klasa D Przyczepno\u015b\u0107 na mokrym: klasa C","_links":{"self":[{"href":"https:\/\/oponixo.shop\/tire\/wp-json\/wp\/v2\/product\/13793","targetHints":{"allow":["GET"]}}],"collection":[{"href":"https:\/\/oponixo.shop\/tire\/wp-json\/wp\/v2\/product"}],"about":[{"href":"https:\/\/oponixo.shop\/tire\/wp-json\/wp\/v2\/types\/product"}],"wp:featuredmedia":[{"embeddable":true,"href":"https:\/\/oponixo.shop\/tire\/wp-json\/wp\/v2\/media\/13794"}],"wp:attachment":[{"href":"https:\/\/oponixo.shop\/tire\/wp-json\/wp\/v2\/media?parent=13793"}],"wp:term":[{"taxonomy":"product_brand","embeddable":true,"href":"https:\/\/oponixo.shop\/tire\/wp-json\/wp\/v2\/product_brand?post=13793"},{"taxonomy":"product_cat","embeddable":true,"href":"https:\/\/oponixo.shop\/tire\/wp-json\/wp\/v2\/product_cat?post=13793"},{"taxonomy":"product_tag","embeddable":true,"href":"https:\/\/oponixo.shop\/tire\/wp-json\/wp\/v2\/product_tag?post=13793"}],"curies":[{"name":"wp","href":"https:\/\/api.w.org\/{rel}","templated":true}]}}