{"id":13791,"date":"2026-01-09T09:45:04","date_gmt":"2026-01-09T08:45:04","guid":{"rendered":"https:\/\/oponyspeed.shop\/xef5\/produkt\/4x-hankook-w330-275-35r19-285-30r20-zestaw-zima-zimowe\/"},"modified":"2026-01-17T14:20:26","modified_gmt":"2026-01-17T13:20:26","slug":"4x-hankook-w330-275-35r19-285-30r20-zestaw-zima-zimowe","status":"publish","type":"product","link":"https:\/\/oponixo.shop\/tire\/produkt\/4x-hankook-w330-275-35r19-285-30r20-zestaw-zima-zimowe\/","title":{"rendered":"4x Hankook W330 275\/35R19 + 285\/30R20 Zestaw Zima Zimowe"},"content":{"rendered":"<div style=\"font-family: Arial, sans-serif; line-height: 1.6; color: #333; padding: 20px; clear: both; display: block; width: 100%; float: none; position: static; overflow: hidden;\">\n<div style=\"clear: both; display: block; margin: 10px 0;\">\n<div style=\"clear: both; display: block; margin: 10px 0;\">\n<div style=\"clear: both; display: block; margin: 10px 0;\">\n<h3 style=\"color: #2c5aa0; font-size: 18px; margin: 30px 0 15px 0; font-weight: bold; clear: both; display: block; width: 100%; float: none; position: static;\">Hankook Winter i*cept evo3 W330 &#8211; Opony zimowe,<\/h3>\n<h3 style=\"color: #2c5aa0; font-size: 18px; margin: 30px 0 15px 0; font-weight: bold; clear: both; display: block; width: 100%; float: none; position: static;\">Zestaw: 2x 275\/35 R19 + 2x 285\/30 R20<\/h3>\n<ul style=\"margin: 15px 0; padding-left: 20px; clear: both; display: block; width: 100%; float: none; position: static;\">\n<li style=\"margin: 5px 0; padding: 2px 0; clear: both; display: list-item; float: none; position: static;\">Opony fabrycznie nowe<\/li>\n<\/ul>\n<ul style=\"margin: 15px 0; padding-left: 20px; clear: both; display: block; width: 100%; float: none; position: static;\">\n<li style=\"margin: 5px 0; padding: 2px 0; clear: both; display: list-item; float: none; position: static;\"><b>Rok produkcji opon &#8211; nie starsze ni\u017c 2024<\/b><\/li>\n<\/ul>\n<ul style=\"margin: 15px 0; padding-left: 20px; clear: both; display: block; width: 100%; float: none; position: static;\">\n<li style=\"margin: 5px 0; padding: 2px 0; clear: both; display: list-item; float: none; position: static;\">Opony z rantem ochronnym na felg\u0119<\/li>\n<\/ul>\n<ul style=\"margin: 15px 0; padding-left: 20px; clear: both; display: block; width: 100%; float: none; position: static;\">\n<li style=\"margin: 5px 0; padding: 2px 0; clear: both; display: list-item; float: none; position: static;\">Do ka\u017cdego zam\u00f3wienia do\u0142\u0105czamy dokument sprzeda\u017cy<\/li>\n<\/ul>\n<\/div>\n<\/div>\n<div style=\"clear: both; display: block; margin: 10px 0;\">\n<div style=\"clear: both; display: block; margin: 10px 0;\">\n<div  style=\"max-width:2560px;max-height:1920px\">\n<div style=\"clear: both; display: block; margin: 10px 0;\">\n<div style=\"clear: both; width: 100%; display: block; margin: 20px 0; padding: 0; float: none; position: static; text-align: center;\"><img decoding=\"async\"  src=\"https:\/\/a.allegroimg.com\/original\/11ec70\/636999c743d7b3a324ca6ab67e90\/4x-Hankook-W330-275-35R19-285-30R20-Zestaw-Zima-Zimowe-EAN-GTIN-8808563479033\" srcset=\"https:\/\/a.allegroimg.com\/original\/11ec70\/636999c743d7b3a324ca6ab67e90\/4x-Hankook-W330-275-35R19-285-30R20-Zestaw-Zima-Zimowe-EAN-GTIN-8808563479033 360w,https:\/\/a.allegroimg.com\/original\/11ec70\/636999c743d7b3a324ca6ab67e90\/4x-Hankook-W330-275-35R19-285-30R20-Zestaw-Zima-Zimowe-EAN-GTIN-8808563479033 720w,https:\/\/a.allegroimg.com\/original\/11ec70\/636999c743d7b3a324ca6ab67e90\/4x-Hankook-W330-275-35R19-285-30R20-Zestaw-Zima-Zimowe-EAN-GTIN-8808563479033 1024w,https:\/\/a.allegroimg.com\/original\/11ec70\/636999c743d7b3a324ca6ab67e90\/4x-Hankook-W330-275-35R19-285-30R20-Zestaw-Zima-Zimowe-EAN-GTIN-8808563479033 1440w,https:\/\/a.allegroimg.com\/original\/11ec70\/636999c743d7b3a324ca6ab67e90\/4x-Hankook-W330-275-35R19-285-30R20-Zestaw-Zima-Zimowe-EAN-GTIN-8808563479033 2560w\" sizes=\"(min-width: 1200px) 560px, (min-width: 992px) 50vw, 100vw\" width=\"2560px\" alt=\"4x Hankook W330 275\/35R19 + 285\/30R20 Zestaw Zima Zimowe EAN (GTIN) 8808563479033\" style=\"max-width: 100%; height: auto; display: block; margin: 0 auto;\"><\/div>\n<\/div>\n<\/div>\n<\/div>\n<\/div>\n<\/div>\n<\/div>\n<\/div>\n<\/div>\n<div style=\"clear: both; display: block; margin: 10px 0;\">\n","protected":false},"excerpt":{"rendered":"<p>Hankook Winter i*cept evo3 W330 &#8211; Opony zimowe,<\/p>\n<p>Zestaw: 2x 275\/35 R19 + 2x 285\/30 R20<\/p>\n<p>Opony fabrycznie nowe<\/p>\n<p>Rok produkcji opon &#8211; nie starsze ni\u017c 2024<\/p>\n<p>Opony z rantem ochronnym na felg\u0119<\/p>\n<p>Do ka\u017cdego zam\u00f3wienia do\u0142\u0105czamy dokument sprzeda\u017cy<\/p>\n","protected":false},"featured_media":13792,"template":"","meta":{"_uag_custom_page_level_css":""},"product_brand":[411],"product_cat":[414,413,412,415],"product_tag":[],"class_list":{"0":"post-13791","1":"product","2":"type-product","3":"status-publish","4":"has-post-thumbnail","6":"product_brand-hankook","7":"product_cat-do-samochodow-osobowych-i-suv","8":"product_cat-opony","9":"product_cat-opony-i-felgi","10":"product_cat-zimowe","12":"first","13":"instock","14":"sale","15":"shipping-taxable","16":"purchasable","17":"product-type-simple"},"uagb_featured_image_src":{"full":["https:\/\/oponixo.shop\/tire\/wp-content\/uploads\/2026\/01\/allegro-image-13791.jpg",1942,1184,false],"thumbnail":["https:\/\/oponixo.shop\/tire\/wp-content\/uploads\/2026\/01\/allegro-image-13791-150x150.jpg",150,150,true],"medium":["https:\/\/oponixo.shop\/tire\/wp-content\/uploads\/2026\/01\/allegro-image-13791-300x183.jpg",300,183,true],"medium_large":["https:\/\/oponixo.shop\/tire\/wp-content\/uploads\/2026\/01\/allegro-image-13791-768x468.jpg",768,468,true],"large":["https:\/\/oponixo.shop\/tire\/wp-content\/uploads\/2026\/01\/allegro-image-13791-1024x624.jpg",1024,624,true],"1536x1536":["https:\/\/oponixo.shop\/tire\/wp-content\/uploads\/2026\/01\/allegro-image-13791-1536x936.jpg",1536,936,true],"2048x2048":["https:\/\/oponixo.shop\/tire\/wp-content\/uploads\/2026\/01\/allegro-image-13791.jpg",1942,1184,false],"woocommerce_thumbnail":["https:\/\/oponixo.shop\/tire\/wp-content\/uploads\/2026\/01\/allegro-image-13791-300x300.jpg",300,300,true],"woocommerce_single":["https:\/\/oponixo.shop\/tire\/wp-content\/uploads\/2026\/01\/allegro-image-13791-600x366.jpg",600,366,true],"woocommerce_gallery_thumbnail":["https:\/\/oponixo.shop\/tire\/wp-content\/uploads\/2026\/01\/allegro-image-13791-100x100.jpg",100,100,true]},"uagb_author_info":{"display_name":"admin","author_link":"https:\/\/oponixo.shop\/tire\/author\/"},"uagb_comment_info":0,"uagb_excerpt":"Hankook Winter i*cept evo3 W330 - Opony zimowe, Zestaw: 2x 275\/35 R19 + 2x 285\/30 R20 Opony fabrycznie nowe Rok produkcji opon - nie starsze ni\u017c 2024 Opony z rantem ochronnym na felg\u0119 Do ka\u017cdego zam\u00f3wienia do\u0142\u0105czamy dokument sprzeda\u017cy","_links":{"self":[{"href":"https:\/\/oponixo.shop\/tire\/wp-json\/wp\/v2\/product\/13791","targetHints":{"allow":["GET"]}}],"collection":[{"href":"https:\/\/oponixo.shop\/tire\/wp-json\/wp\/v2\/product"}],"about":[{"href":"https:\/\/oponixo.shop\/tire\/wp-json\/wp\/v2\/types\/product"}],"wp:featuredmedia":[{"embeddable":true,"href":"https:\/\/oponixo.shop\/tire\/wp-json\/wp\/v2\/media\/13792"}],"wp:attachment":[{"href":"https:\/\/oponixo.shop\/tire\/wp-json\/wp\/v2\/media?parent=13791"}],"wp:term":[{"taxonomy":"product_brand","embeddable":true,"href":"https:\/\/oponixo.shop\/tire\/wp-json\/wp\/v2\/product_brand?post=13791"},{"taxonomy":"product_cat","embeddable":true,"href":"https:\/\/oponixo.shop\/tire\/wp-json\/wp\/v2\/product_cat?post=13791"},{"taxonomy":"product_tag","embeddable":true,"href":"https:\/\/oponixo.shop\/tire\/wp-json\/wp\/v2\/product_tag?post=13791"}],"curies":[{"name":"wp","href":"https:\/\/api.w.org\/{rel}","templated":true}]}}