{"id":13787,"date":"2026-01-09T09:45:03","date_gmt":"2026-01-09T08:45:03","guid":{"rendered":"https:\/\/oponyspeed.shop\/xef5\/produkt\/2-x-yokohama-blueearth-winter-v906-295-30r20-101-w-xl-fr-3pmsf-opona-zimowa\/"},"modified":"2026-01-09T09:45:03","modified_gmt":"2026-01-09T08:45:03","slug":"2-x-yokohama-blueearth-winter-v906-295-30r20-101-w-xl-fr-3pmsf-opona-zimowa","status":"publish","type":"product","link":"https:\/\/oponixo.shop\/tire\/produkt\/2-x-yokohama-blueearth-winter-v906-295-30r20-101-w-xl-fr-3pmsf-opona-zimowa\/","title":{"rendered":"2 x Yokohama BlueEarth Winter V906 295\/30R20 101 W XL FR 3PMSF opona zimowa"},"content":{"rendered":"<div style=\"font-family: Arial, sans-serif; line-height: 1.6; color: #333; padding: 20px; clear: both; display: block; width: 100%; float: none; position: static; overflow: hidden;\">\n<div style=\"clear: both; display: block; margin: 10px 0;\">\n<div style=\"clear: both; display: block; margin: 10px 0;\">\n<div style=\"clear: both; display: block; margin: 10px 0;\">\n<div  style=\"max-width:277px;max-height:500px\">\n<div style=\"clear: both; display: block; margin: 10px 0;\">\n<div style=\"clear: both; width: 100%; display: block; margin: 20px 0; padding: 0; float: none; position: static; text-align: center;\"><img decoding=\"async\"  src=\"https:\/\/a.allegroimg.com\/original\/114728\/7e36292745e493b148281cd13483\/2-x-Yokohama-BlueEarth-Winter-V906-295-30R20-101-W-XL-FR-3PMSF-opona-zimowa\" srcset=\"https:\/\/a.allegroimg.com\/original\/114728\/7e36292745e493b148281cd13483\/2-x-Yokohama-BlueEarth-Winter-V906-295-30R20-101-W-XL-FR-3PMSF-opona-zimowa 199w,https:\/\/a.allegroimg.com\/original\/114728\/7e36292745e493b148281cd13483\/2-x-Yokohama-BlueEarth-Winter-V906-295-30R20-101-W-XL-FR-3PMSF-opona-zimowa 277w,https:\/\/a.allegroimg.com\/original\/114728\/7e36292745e493b148281cd13483\/2-x-Yokohama-BlueEarth-Winter-V906-295-30R20-101-W-XL-FR-3PMSF-opona-zimowa 277w\" sizes=\"(min-width: 1200px) 560px, (min-width: 992px) 50vw, 100vw\" width=\"277px\" alt=\"2 x Yokohama BlueEarth Winter V906 295\/30R20 101 W XL FR 3PMSF opona zimowa\" style=\"max-width: 100%; height: auto; display: block; margin: 0 auto;\"><\/div>\n<\/div>\n<\/div>\n<\/div>\n<\/div>\n<div style=\"clear: both; display: block; margin: 10px 0;\">\n<div style=\"clear: both; display: block; margin: 10px 0;\">\n<h2>Yokohama BlueEarth Winter V906 295\/30R20 101 W XL FR 3PMSF<\/h2>\n<p style=\"margin: 15px 0; line-height: 1.8; clear: both; display: block; width: 100%; float: none; position: static;\">Producent: Yokohama<\/p>\n<p style=\"margin: 15px 0; line-height: 1.8; clear: both; display: block; width: 100%; float: none; position: static;\">Model: BlueEarth Winter V906<\/p>\n<p style=\"margin: 15px 0; line-height: 1.8; clear: both; display: block; width: 100%; float: none; position: static;\">Sezon: zimowe<\/p>\n<p style=\"margin: 15px 0; line-height: 1.8; clear: both; display: block; width: 100%; float: none; position: static;\">Rozmiar: 295\/30R20<\/p>\n<p style=\"margin: 15px 0; line-height: 1.8; clear: both; display: block; width: 100%; float: none; position: static;\">Data produkcji: do 36 miesi\u0119cy<\/p>\n<p style=\"margin: 15px 0; line-height: 1.8; clear: both; display: block; width: 100%; float: none; position: static;\">Zu\u017cycie paliwa: klasa D<\/p>\n<p style=\"margin: 15px 0; line-height: 1.8; clear: both; display: block; width: 100%; float: none; position: static;\">Przyczepno\u015b\u0107 na mokrym: klasa B<\/p>\n<p style=\"margin: 15px 0; line-height: 1.8; clear: both; display: block; width: 100%; float: none; position: static;\">Poziom ha\u0142asu: 74 dB<\/p>\n<\/div>\n<\/div>\n<\/div>\n<div style=\"clear: both; display: block; margin: 10px 0;\">\n<div style=\"clear: both; display: block; margin: 10px 0;\">\n<div style=\"clear: both; display: block; margin: 10px 0;\">\n<div  style=\"max-width:760px;max-height:624px\">\n<div style=\"clear: both; display: block; margin: 10px 0;\">\n<div style=\"clear: both; width: 100%; display: block; margin: 20px 0; padding: 0; float: none; position: static; text-align: center;\"><img decoding=\"async\"  src=\"https:\/\/a.allegroimg.com\/original\/117bea\/8ea3349947b5b098bc162327cf31\/2-x-Yokohama-BlueEarth-Winter-V906-295-30R20-101-W-XL-FR-3PMSF-opona-zimowa-Liczba-opon-w-ofercie-2-szt\" srcset=\"https:\/\/a.allegroimg.com\/original\/117bea\/8ea3349947b5b098bc162327cf31\/2-x-Yokohama-BlueEarth-Winter-V906-295-30R20-101-W-XL-FR-3PMSF-opona-zimowa-Liczba-opon-w-ofercie-2-szt 360w,https:\/\/a.allegroimg.com\/original\/117bea\/8ea3349947b5b098bc162327cf31\/2-x-Yokohama-BlueEarth-Winter-V906-295-30R20-101-W-XL-FR-3PMSF-opona-zimowa-Liczba-opon-w-ofercie-2-szt 720w,https:\/\/a.allegroimg.com\/original\/117bea\/8ea3349947b5b098bc162327cf31\/2-x-Yokohama-BlueEarth-Winter-V906-295-30R20-101-W-XL-FR-3PMSF-opona-zimowa-Liczba-opon-w-ofercie-2-szt 760w,https:\/\/a.allegroimg.com\/original\/117bea\/8ea3349947b5b098bc162327cf31\/2-x-Yokohama-BlueEarth-Winter-V906-295-30R20-101-W-XL-FR-3PMSF-opona-zimowa-Liczba-opon-w-ofercie-2-szt 760w\" sizes=\"(min-width: 1200px) 560px, (min-width: 992px) 50vw, 100vw\" width=\"760px\" alt=\"2 x Yokohama BlueEarth Winter V906 295\/30R20 101 W XL FR 3PMSF opona zimowa Liczba opon w ofercie 2 szt.\" style=\"max-width: 100%; height: auto; display: block; margin: 0 auto;\"><\/div>\n<\/div>\n<\/div>\n<\/div>\n<\/div>\n<div style=\"clear: both; display: block; margin: 10px 0;\">\n<div style=\"clear: both; display: block; margin: 10px 0;\">\n<h1>Yokohama BlueEarth Winter V906 \u2013 technologia zimowa premium, nast\u0119pca V905<\/h1>\n<p style=\"margin: 15px 0; line-height: 1.8; clear: both; display: block; width: 100%; float: none; position: static;\">Yokohama BluEarth Winter V906 to zimowa opona klasy premium, zaprojektowana z my\u015bl\u0105 o samochodach osobowych, kompaktowych SUV-ach i pojazdach klasy \u015bredniej. Model ten stanowi nast\u0119pc\u0119 uznanego V905, oferuj\u0105c poprawion\u0105 przyczepno\u015b\u0107, trakcj\u0119 oraz d\u0142u\u017csze przebiegi. Wzbogacony o nowe technologie model \u0142\u0105czy japo\u0144sk\u0105 precyzj\u0119 z innowacjami opracowanymi w motorsporcie. Opona zosta\u0142a stworzona z my\u015bl\u0105 o europejskich zimach \u2013 skutecznie radzi sobie zar\u00f3wno na o\u015bnie\u017conych, jak i mokrych nawierzchniach, zapewniaj\u0105c bezpieczne i komfortowe prowadzenie w niskich temperaturach.<\/p>\n<\/div>\n<\/div>\n<\/div>\n<div style=\"clear: both; display: block; margin: 10px 0;\">\n<div style=\"clear: both; display: block; margin: 10px 0;\">\n<div style=\"clear: both; display: block; margin: 10px 0;\">\n<div  style=\"max-width:760px;max-height:624px\">\n<div style=\"clear: both; display: block; margin: 10px 0;\">\n<div style=\"clear: both; width: 100%; display: block; margin: 20px 0; padding: 0; float: none; position: static; text-align: center;\"><img decoding=\"async\"  src=\"https:\/\/a.allegroimg.com\/original\/11d897\/286f3c6f4ed5a14da02b7fc04c83\/2-x-Yokohama-BlueEarth-Winter-V906-295-30R20-101-W-XL-FR-3PMSF-opona-zimowa-Marka-Yokohama\" srcset=\"https:\/\/a.allegroimg.com\/original\/11d897\/286f3c6f4ed5a14da02b7fc04c83\/2-x-Yokohama-BlueEarth-Winter-V906-295-30R20-101-W-XL-FR-3PMSF-opona-zimowa-Marka-Yokohama 360w,https:\/\/a.allegroimg.com\/original\/11d897\/286f3c6f4ed5a14da02b7fc04c83\/2-x-Yokohama-BlueEarth-Winter-V906-295-30R20-101-W-XL-FR-3PMSF-opona-zimowa-Marka-Yokohama 720w,https:\/\/a.allegroimg.com\/original\/11d897\/286f3c6f4ed5a14da02b7fc04c83\/2-x-Yokohama-BlueEarth-Winter-V906-295-30R20-101-W-XL-FR-3PMSF-opona-zimowa-Marka-Yokohama 760w,https:\/\/a.allegroimg.com\/original\/11d897\/286f3c6f4ed5a14da02b7fc04c83\/2-x-Yokohama-BlueEarth-Winter-V906-295-30R20-101-W-XL-FR-3PMSF-opona-zimowa-Marka-Yokohama 760w\" sizes=\"(min-width: 1200px) 560px, (min-width: 992px) 50vw, 100vw\" width=\"760px\" alt=\"2 x Yokohama BlueEarth Winter V906 295\/30R20 101 W XL FR 3PMSF opona zimowa Marka Yokohama\" style=\"max-width: 100%; height: auto; display: block; margin: 0 auto;\"><\/div>\n<\/div>\n<\/div>\n<\/div>\n<\/div>\n<div style=\"clear: both; display: block; margin: 10px 0;\">\n<div style=\"clear: both; display: block; margin: 10px 0;\">\n<h1>Przyczepno\u015b\u0107 i trwa\u0142o\u015b\u0107 dzi\u0119ki bie\u017cnikowi \u201eHarmony\u201d<\/h1>\n<p style=\"margin: 15px 0; line-height: 1.8; clear: both; display: block; width: 100%; float: none; position: static;\">Kluczow\u0105 cech\u0105 V906 jest bie\u017cnik \u201eHarmony\u201d \u2013 zoptymalizowany uk\u0142ad blok\u00f3w z tr\u00f3jwymiarowymi lamelami 3D, kt\u00f3re tworz\u0105 setki aktywnych kraw\u0119dzi \u201ewgryzaj\u0105cych si\u0119\u201d w \u015bnieg i l\u00f3d. Dzi\u0119ki temu opona zachowuje znakomit\u0105 stabilno\u015b\u0107 i trakcj\u0119 nawet na za\u015bnie\u017conej nawierzchni. Rowki w kszta\u0142cie litery V szybko odprowadzaj\u0105 wod\u0119 i b\u0142oto po\u015bniegowe, minimalizuj\u0105c ryzyko aquaplaningu. R\u00f3wnomierne rozmieszczenie blok\u00f3w centralnych zwi\u0119ksza powierzchni\u0119 styku z drog\u0105 o 10% w por\u00f3wnaniu do poprzednika, co nie tylko poprawia prowadzenie, ale te\u017c ogranicza zakopywanie si\u0119 w g\u0142\u0119bokim \u015bniegu.<\/p>\n<\/div>\n<\/div>\n<\/div>\n<div style=\"clear: both; display: block; margin: 10px 0;\">\n<div style=\"clear: both; display: block; margin: 10px 0;\">\n<div style=\"clear: both; display: block; margin: 10px 0;\">\n<div  style=\"max-width:760px;max-height:624px\">\n<div style=\"clear: both; display: block; margin: 10px 0;\">\n<div style=\"clear: both; width: 100%; display: block; margin: 20px 0; padding: 0; float: none; position: static; text-align: center;\"><img decoding=\"async\"  src=\"https:\/\/a.allegroimg.com\/original\/1125e5\/1abe64b841ee931e6205cce2ec98\/2-x-Yokohama-BlueEarth-Winter-V906-295-30R20-101-W-XL-FR-3PMSF-opona-zimowa-Szerokosc-opony-295-mm\" srcset=\"https:\/\/a.allegroimg.com\/original\/1125e5\/1abe64b841ee931e6205cce2ec98\/2-x-Yokohama-BlueEarth-Winter-V906-295-30R20-101-W-XL-FR-3PMSF-opona-zimowa-Szerokosc-opony-295-mm 360w,https:\/\/a.allegroimg.com\/original\/1125e5\/1abe64b841ee931e6205cce2ec98\/2-x-Yokohama-BlueEarth-Winter-V906-295-30R20-101-W-XL-FR-3PMSF-opona-zimowa-Szerokosc-opony-295-mm 720w,https:\/\/a.allegroimg.com\/original\/1125e5\/1abe64b841ee931e6205cce2ec98\/2-x-Yokohama-BlueEarth-Winter-V906-295-30R20-101-W-XL-FR-3PMSF-opona-zimowa-Szerokosc-opony-295-mm 760w,https:\/\/a.allegroimg.com\/original\/1125e5\/1abe64b841ee931e6205cce2ec98\/2-x-Yokohama-BlueEarth-Winter-V906-295-30R20-101-W-XL-FR-3PMSF-opona-zimowa-Szerokosc-opony-295-mm 760w\" sizes=\"(min-width: 1200px) 560px, (min-width: 992px) 50vw, 100vw\" width=\"760px\" alt=\"2 x Yokohama BlueEarth Winter V906 295\/30R20 101 W XL FR 3PMSF opona zimowa Szeroko\u015b\u0107 opony 295 mm\" style=\"max-width: 100%; height: auto; display: block; margin: 0 auto;\"><\/div>\n<\/div>\n<\/div>\n<\/div>\n<\/div>\n<div style=\"clear: both; display: block; margin: 10px 0;\">\n<div style=\"clear: both; display: block; margin: 10px 0;\">\n<h1>Mieszanka A.R.T. \u2013 elastyczno\u015b\u0107 i oszcz\u0119dno\u015b\u0107<\/h1>\n<p style=\"margin: 15px 0; line-height: 1.8; clear: both; display: block; width: 100%; float: none; position: static;\">Opona powstaje z nowoczesnej mieszanki gumowej opracowanej w technologii A.R.T. (Advanced Rubber Technology). W jej sk\u0142adzie znajdziemy mikrokrzemionk\u0119, kt\u00f3ra zapewnia \u015bwietne osi\u0105gi na mokrym asfalcie, oraz elastyczny polimer zwi\u0119kszaj\u0105cy przyczepno\u015b\u0107 na \u015bniegu. Co wi\u0119cej, zastosowano naturalny olejek pomara\u0144czowy, kt\u00f3ry poprawia elastyczno\u015b\u0107 w niskich temperaturach i zwi\u0119ksza powierzchni\u0119 styku z nawierzchni\u0105. Pod bie\u017cnikiem znajduje si\u0119 dodatkowa warstwa o niskiej emisji ciep\u0142a, co wp\u0142ywa na redukcj\u0119 opor\u00f3w toczenia i pozwala na oszcz\u0119dno\u015b\u0107 paliwa. Ca\u0142o\u015b\u0107 konstrukcji zosta\u0142a zaprojektowana z my\u015bl\u0105 o d\u0142ugowieczno\u015bci i r\u00f3wnomiernym zu\u017cyciu.<\/p>\n<\/div>\n<\/div>\n<\/div>\n<div style=\"clear: both; display: block; margin: 10px 0;\">\n<div style=\"clear: both; display: block; margin: 10px 0;\">\n<div style=\"clear: both; display: block; margin: 10px 0;\">\n<div  style=\"max-width:760px;max-height:624px\">\n<div style=\"clear: both; display: block; margin: 10px 0;\">\n<div style=\"clear: both; width: 100%; display: block; margin: 20px 0; padding: 0; float: none; position: static; text-align: center;\"><img decoding=\"async\"  src=\"https:\/\/a.allegroimg.com\/original\/11cdd4\/7a5b7797455997f57ac0c4e3b2de\/2-x-Yokohama-BlueEarth-Winter-V906-295-30R20-101-W-XL-FR-3PMSF-opona-zimowa-Profil-opony-30\" srcset=\"https:\/\/a.allegroimg.com\/original\/11cdd4\/7a5b7797455997f57ac0c4e3b2de\/2-x-Yokohama-BlueEarth-Winter-V906-295-30R20-101-W-XL-FR-3PMSF-opona-zimowa-Profil-opony-30 360w,https:\/\/a.allegroimg.com\/original\/11cdd4\/7a5b7797455997f57ac0c4e3b2de\/2-x-Yokohama-BlueEarth-Winter-V906-295-30R20-101-W-XL-FR-3PMSF-opona-zimowa-Profil-opony-30 720w,https:\/\/a.allegroimg.com\/original\/11cdd4\/7a5b7797455997f57ac0c4e3b2de\/2-x-Yokohama-BlueEarth-Winter-V906-295-30R20-101-W-XL-FR-3PMSF-opona-zimowa-Profil-opony-30 760w,https:\/\/a.allegroimg.com\/original\/11cdd4\/7a5b7797455997f57ac0c4e3b2de\/2-x-Yokohama-BlueEarth-Winter-V906-295-30R20-101-W-XL-FR-3PMSF-opona-zimowa-Profil-opony-30 760w\" sizes=\"(min-width: 1200px) 560px, (min-width: 992px) 50vw, 100vw\" width=\"760px\" alt=\"2 x Yokohama BlueEarth Winter V906 295\/30R20 101 W XL FR 3PMSF opona zimowa Profil opony 30\" style=\"max-width: 100%; height: auto; display: block; margin: 0 auto;\"><\/div>\n<\/div>\n<\/div>\n<\/div>\n<\/div>\n<div style=\"clear: both; display: block; margin: 10px 0;\">\n<div style=\"clear: both; display: block; margin: 10px 0;\">\n<h1>Testy, osi\u0105gi i pozycja rynkowa<\/h1>\n<p style=\"margin: 15px 0; line-height: 1.8; clear: both; display: block; width: 100%; float: none; position: static;\">Model Yokohama BluEarth Winter V906 by\u0142 testowany przez ADAC, \u00d6AMTC, TCS i Auto Bild, gdzie wielokrotnie otrzyma\u0142 not\u0119 \u201ezadowalaj\u0105ca\u201d lub \u201epolecana\u201d. W testach por\u00f3wnawczych wypada solidnie \u2013 uzyskuj\u0105c 100% skuteczno\u015bci w zakresie komfortu, suchej drogi i aquaplaningu, oraz \u015brednie wyniki w warunkach mokrych i \u015bnie\u017cnych. Cho\u0107 nie jest liderem w ka\u017cdej kategorii, zapewnia bardzo dobre osi\u0105gi w szerokim zakresie warunk\u00f3w, szczeg\u00f3lnie doceniane przez u\u017cytkownik\u00f3w ceni\u0105cych komfort, wyciszenie i trwa\u0142o\u015b\u0107 ogumienia.<\/p>\n<\/div>\n<\/div>\n<\/div>\n<\/div>\n<\/div>\n<\/div>\n<div style=\"clear: both; display: block; margin: 10px 0;\">\n","protected":false},"excerpt":{"rendered":"<p>Yokohama BlueEarth Winter V906 295\/30R20 101 W XL FR 3PMSF<\/p>\n<p>Producent: Yokohama<\/p>\n<p>Model: BlueEarth Winter V906<\/p>\n<p>Sezon: zimowe<\/p>\n<p>Rozmiar: 295\/30R20<\/p>\n<p>Data produkcji: do 36 miesi\u0119cy<\/p>\n<p>Zu\u017cycie paliwa: klasa D<\/p>\n<p>Przyczepno\u015b\u0107 na mokrym: klasa B<\/p>\n","protected":false},"featured_media":13788,"template":"","meta":{"_uag_custom_page_level_css":""},"product_brand":[410],"product_cat":[414,413,412,415],"product_tag":[],"class_list":{"0":"post-13787","1":"product","2":"type-product","3":"status-publish","4":"has-post-thumbnail","6":"product_brand-yokohama","7":"product_cat-do-samochodow-osobowych-i-suv","8":"product_cat-opony","9":"product_cat-opony-i-felgi","10":"product_cat-zimowe","12":"first","13":"instock","14":"shipping-taxable","15":"purchasable","16":"product-type-simple"},"uagb_featured_image_src":{"full":["https:\/\/oponixo.shop\/tire\/wp-content\/uploads\/2026\/01\/allegro-image-13787.jpg",277,500,false],"thumbnail":["https:\/\/oponixo.shop\/tire\/wp-content\/uploads\/2026\/01\/allegro-image-13787-150x150.jpg",150,150,true],"medium":["https:\/\/oponixo.shop\/tire\/wp-content\/uploads\/2026\/01\/allegro-image-13787-166x300.jpg",166,300,true],"medium_large":["https:\/\/oponixo.shop\/tire\/wp-content\/uploads\/2026\/01\/allegro-image-13787.jpg",277,500,false],"large":["https:\/\/oponixo.shop\/tire\/wp-content\/uploads\/2026\/01\/allegro-image-13787.jpg",277,500,false],"1536x1536":["https:\/\/oponixo.shop\/tire\/wp-content\/uploads\/2026\/01\/allegro-image-13787.jpg",277,500,false],"2048x2048":["https:\/\/oponixo.shop\/tire\/wp-content\/uploads\/2026\/01\/allegro-image-13787.jpg",277,500,false],"woocommerce_thumbnail":["https:\/\/oponixo.shop\/tire\/wp-content\/uploads\/2026\/01\/allegro-image-13787-277x300.jpg",277,300,true],"woocommerce_single":["https:\/\/oponixo.shop\/tire\/wp-content\/uploads\/2026\/01\/allegro-image-13787.jpg",277,500,false],"woocommerce_gallery_thumbnail":["https:\/\/oponixo.shop\/tire\/wp-content\/uploads\/2026\/01\/allegro-image-13787-100x100.jpg",100,100,true]},"uagb_author_info":{"display_name":"admin","author_link":"https:\/\/oponixo.shop\/tire\/author\/"},"uagb_comment_info":0,"uagb_excerpt":"Yokohama BlueEarth Winter V906 295\/30R20 101 W XL FR 3PMSF Producent: Yokohama Model: BlueEarth Winter V906 Sezon: zimowe Rozmiar: 295\/30R20 Data produkcji: do 36 miesi\u0119cy Zu\u017cycie paliwa: klasa D Przyczepno\u015b\u0107 na mokrym: klasa B","_links":{"self":[{"href":"https:\/\/oponixo.shop\/tire\/wp-json\/wp\/v2\/product\/13787","targetHints":{"allow":["GET"]}}],"collection":[{"href":"https:\/\/oponixo.shop\/tire\/wp-json\/wp\/v2\/product"}],"about":[{"href":"https:\/\/oponixo.shop\/tire\/wp-json\/wp\/v2\/types\/product"}],"wp:featuredmedia":[{"embeddable":true,"href":"https:\/\/oponixo.shop\/tire\/wp-json\/wp\/v2\/media\/13788"}],"wp:attachment":[{"href":"https:\/\/oponixo.shop\/tire\/wp-json\/wp\/v2\/media?parent=13787"}],"wp:term":[{"taxonomy":"product_brand","embeddable":true,"href":"https:\/\/oponixo.shop\/tire\/wp-json\/wp\/v2\/product_brand?post=13787"},{"taxonomy":"product_cat","embeddable":true,"href":"https:\/\/oponixo.shop\/tire\/wp-json\/wp\/v2\/product_cat?post=13787"},{"taxonomy":"product_tag","embeddable":true,"href":"https:\/\/oponixo.shop\/tire\/wp-json\/wp\/v2\/product_tag?post=13787"}],"curies":[{"name":"wp","href":"https:\/\/api.w.org\/{rel}","templated":true}]}}