{"id":13741,"date":"2026-01-09T09:39:46","date_gmt":"2026-01-09T08:39:46","guid":{"rendered":"https:\/\/oponyspeed.shop\/xef5\/produkt\/2-opony-zimowe-225-55r17-101v-leao-winter-defender-uhp\/"},"modified":"2026-01-09T09:39:47","modified_gmt":"2026-01-09T08:39:47","slug":"2-opony-zimowe-225-55r17-101v-leao-winter-defender-uhp","status":"publish","type":"product","link":"https:\/\/oponixo.shop\/tire\/produkt\/2-opony-zimowe-225-55r17-101v-leao-winter-defender-uhp\/","title":{"rendered":"2 opony zimowe 225\/55R17 101V Leao WINTER DEFENDER UHP"},"content":{"rendered":"<div style=\"font-family: Arial, sans-serif; line-height: 1.6; color: #333; padding: 20px; clear: both; display: block; width: 100%; float: none; position: static; overflow: hidden;\">\n<div style=\"clear: both; display: block; margin: 10px 0;\">\n<div style=\"clear: both; display: block; margin: 10px 0;\">\n<div style=\"clear: both; display: block; margin: 10px 0;\">\n<ul style=\"margin: 15px 0; padding-left: 20px; clear: both; display: block; width: 100%; float: none; position: static;\">\n<li style=\"margin: 5px 0; padding: 2px 0; clear: both; display: list-item; float: none; position: static;\">MARKA\/MODEL: <b>Leao Winter Defender UHP<\/b><\/li>\n<li style=\"margin: 5px 0; padding: 2px 0; clear: both; display: list-item; float: none; position: static;\">ROZMIAR OPON: <b> 225\/55R17<\/b><\/li>\n<li style=\"margin: 5px 0; padding: 2px 0; clear: both; display: list-item; float: none; position: static;\">INDEKS PR\u0118DKO\u015aCI: <b>V<\/b><\/li>\n<li style=\"margin: 5px 0; padding: 2px 0; clear: both; display: list-item; float: none; position: static;\">INDEKS NO\u015aNO\u015aCI: <b>101 XL<\/b><\/li>\n<li style=\"margin: 5px 0; padding: 2px 0; clear: both; display: list-item; float: none; position: static;\">DATA PRODUKCJI: <b>nie starsze ni\u017c maj 2025<\/b><\/li>\n<li style=\"margin: 5px 0; padding: 2px 0; clear: both; display: list-item; float: none; position: static;\">SEZON: <b>Zimowe<\/b><\/li>\n<li style=\"margin: 5px 0; padding: 2px 0; clear: both; display: list-item; float: none; position: static;\">STAN: <b>Nowy<\/b><\/li>\n<li style=\"margin: 5px 0; padding: 2px 0; clear: both; display: list-item; float: none; position: static;\">RANT OCHRONNY NA FELG\u0118: <b>Brak<\/b><\/li>\n<li style=\"margin: 5px 0; padding: 2px 0; clear: both; display: list-item; float: none; position: static;\">DODATKOWE OZNACZENIA: <\/li>\n<\/ul>\n<p style=\"margin: 15px 0; line-height: 1.8; clear: both; display: block; width: 100%; float: none; position: static;\"><b>Leao<\/b> w zimowym bie\u017cniku <b>Winter Defender UHP<\/b> posiada nowoczesny <b>asymetryczny<\/b> wz\u00f3r bie\u017cnika. Przeznaczona jest do aut <b>osobowych<\/b>. Szerokie rowki boczne efektywnie <b>odprowadzaj\u0105<\/b> wod\u0119, a tak\u017ce przyczyniaj\u0105 si\u0119 do szybkiego osuszania opony, tym samym skutecznie ograniczaj\u0105c ryzyko <b>aquaplaningu<\/b>. Zapewnia dobr\u0105 <b>przyczepno\u015b\u0107<\/b> na \u015bniegu, lodzie, a tak\u017ce <b>b\u0142ocie po\u015bniegowym<\/b>. Poradzi sobie nawet w najbardziej <b>ekstremalnych<\/b> warunkach pogodowych. Opona zapewnia <b>stabilno\u015b\u0107<\/b> i <b>komfort<\/b> prowadzenia. Niew\u0105tpliw\u0105 zalet\u0105 jest dobry stosunek jako\u015bci do <b>ceny<\/b>. Kupuj\u0105c produkt tej marki wybierasz <b>solidnie<\/b> wykonan\u0105, <b>trwa\u0142\u0105<\/b> i ciesz\u0105c\u0105 si\u0119 uznaniem kierowc\u00f3w, opon\u0119.<\/p>\n<\/div>\n<\/div>\n<div style=\"clear: both; display: block; margin: 10px 0;\">\n<div style=\"clear: both; display: block; margin: 10px 0;\">\n<div  style=\"max-width:1276px;max-height:886px\">\n<div style=\"clear: both; display: block; margin: 10px 0;\">\n<div style=\"clear: both; width: 100%; display: block; margin: 20px 0; padding: 0; float: none; position: static; text-align: center;\"><img decoding=\"async\"  src=\"https:\/\/a.allegroimg.com\/original\/1147d9\/274df24a46b19772f0810df87f7b\/2-opony-zimowe-225-55R17-101V-Leao-WINTER-DEFENDER-UHP\" srcset=\"https:\/\/a.allegroimg.com\/original\/1147d9\/274df24a46b19772f0810df87f7b\/2-opony-zimowe-225-55R17-101V-Leao-WINTER-DEFENDER-UHP 359w,https:\/\/a.allegroimg.com\/original\/1147d9\/274df24a46b19772f0810df87f7b\/2-opony-zimowe-225-55R17-101V-Leao-WINTER-DEFENDER-UHP 719w,https:\/\/a.allegroimg.com\/original\/1147d9\/274df24a46b19772f0810df87f7b\/2-opony-zimowe-225-55R17-101V-Leao-WINTER-DEFENDER-UHP 1024w,https:\/\/a.allegroimg.com\/original\/1147d9\/274df24a46b19772f0810df87f7b\/2-opony-zimowe-225-55R17-101V-Leao-WINTER-DEFENDER-UHP 1276w,https:\/\/a.allegroimg.com\/original\/1147d9\/274df24a46b19772f0810df87f7b\/2-opony-zimowe-225-55R17-101V-Leao-WINTER-DEFENDER-UHP 1276w\" sizes=\"(min-width: 1200px) 560px, (min-width: 992px) 50vw, 100vw\" width=\"1276px\" alt=\"2 opony zimowe 225\/55R17 101V Leao WINTER DEFENDER UHP\" style=\"max-width: 100%; height: auto; display: block; margin: 0 auto;\"><\/div>\n<\/div>\n<\/div>\n<\/div>\n<\/div>\n<\/div>\n<div style=\"clear: both; display: block; margin: 10px 0;\">\n<div style=\"clear: both; display: block; margin: 10px 0;\">\n<div style=\"clear: both; display: block; margin: 10px 0;\">\n<div  style=\"max-width:213px;max-height:312px\">\n<div style=\"clear: both; display: block; margin: 10px 0;\">\n<div style=\"clear: both; width: 100%; display: block; margin: 20px 0; padding: 0; float: none; position: static; text-align: center;\"><img decoding=\"async\"  src=\"https:\/\/a.allegroimg.com\/original\/11dfe2\/b857c1ff46d29c80b6fd2332959d\/2-opony-zimowe-225-55R17-101V-Leao-WINTER-DEFENDER-UHP-Liczba-opon-w-ofercie-2-szt\" srcset=\"https:\/\/a.allegroimg.com\/original\/11dfe2\/b857c1ff46d29c80b6fd2332959d\/2-opony-zimowe-225-55R17-101V-Leao-WINTER-DEFENDER-UHP-Liczba-opon-w-ofercie-2-szt 213w,https:\/\/a.allegroimg.com\/original\/11dfe2\/b857c1ff46d29c80b6fd2332959d\/2-opony-zimowe-225-55R17-101V-Leao-WINTER-DEFENDER-UHP-Liczba-opon-w-ofercie-2-szt 213w\" sizes=\"100vw\" width=\"213px\" alt=\"2 opony zimowe 225\/55R17 101V Leao WINTER DEFENDER UHP Liczba opon w ofercie 2 szt.\" style=\"max-width: 100%; height: auto; display: block; margin: 0 auto;\"><\/div>\n<\/div>\n<\/div>\n<\/div>\n<\/div>\n<\/div>\n<div style=\"clear: both; display: block; margin: 10px 0;\">\n<div style=\"clear: both; display: block; margin: 10px 0;\">\n<div style=\"clear: both; display: block; margin: 10px 0;\">\n<h2>Na naszych innych aukcjach Allegro znajdziesz felgi stalowe i aluminiowe, czujniki (TPMS) oraz \u015bruby i nakr\u0119tki.<\/h2>\n<\/div>\n<\/div>\n<\/div>\n<\/div>\n<\/div>\n<\/div>\n<div style=\"clear: both; display: block; margin: 10px 0;\">\n","protected":false},"excerpt":{"rendered":"<p>MARKA\/MODEL: Leao Winter Defender UHP<\/p>\n<p>ROZMIAR OPON: 225\/55R17<\/p>\n<p>INDEKS PR\u0118DKO\u015aCI: V<\/p>\n<p>INDEKS NO\u015aNO\u015aCI: 101 XL<\/p>\n<p>DATA PRODUKCJI: nie starsze ni\u017c maj 2025<\/p>\n<p>SEZON: Zimowe<\/p>\n<p>STAN: Nowy<\/p>\n<p>RANT OCHRONNY NA FELG\u0118: Brak<\/p>\n","protected":false},"featured_media":13742,"template":"","meta":{"_uag_custom_page_level_css":""},"product_brand":[465],"product_cat":[414,413,412,415],"product_tag":[],"class_list":{"0":"post-13741","1":"product","2":"type-product","3":"status-publish","4":"has-post-thumbnail","6":"product_brand-leao","7":"product_cat-do-samochodow-osobowych-i-suv","8":"product_cat-opony","9":"product_cat-opony-i-felgi","10":"product_cat-zimowe","12":"first","13":"instock","14":"shipping-taxable","15":"purchasable","16":"product-type-simple"},"uagb_featured_image_src":{"full":["https:\/\/oponixo.shop\/tire\/wp-content\/uploads\/2026\/01\/allegro-image-13741.jpg",1276,886,false],"thumbnail":["https:\/\/oponixo.shop\/tire\/wp-content\/uploads\/2026\/01\/allegro-image-13741-150x150.jpg",150,150,true],"medium":["https:\/\/oponixo.shop\/tire\/wp-content\/uploads\/2026\/01\/allegro-image-13741-300x208.jpg",300,208,true],"medium_large":["https:\/\/oponixo.shop\/tire\/wp-content\/uploads\/2026\/01\/allegro-image-13741-768x533.jpg",768,533,true],"large":["https:\/\/oponixo.shop\/tire\/wp-content\/uploads\/2026\/01\/allegro-image-13741-1024x711.jpg",1024,711,true],"1536x1536":["https:\/\/oponixo.shop\/tire\/wp-content\/uploads\/2026\/01\/allegro-image-13741.jpg",1276,886,false],"2048x2048":["https:\/\/oponixo.shop\/tire\/wp-content\/uploads\/2026\/01\/allegro-image-13741.jpg",1276,886,false],"woocommerce_thumbnail":["https:\/\/oponixo.shop\/tire\/wp-content\/uploads\/2026\/01\/allegro-image-13741-300x300.jpg",300,300,true],"woocommerce_single":["https:\/\/oponixo.shop\/tire\/wp-content\/uploads\/2026\/01\/allegro-image-13741-600x417.jpg",600,417,true],"woocommerce_gallery_thumbnail":["https:\/\/oponixo.shop\/tire\/wp-content\/uploads\/2026\/01\/allegro-image-13741-100x100.jpg",100,100,true]},"uagb_author_info":{"display_name":"admin","author_link":"https:\/\/oponixo.shop\/tire\/author\/"},"uagb_comment_info":0,"uagb_excerpt":"MARKA\/MODEL: Leao Winter Defender UHP ROZMIAR OPON: 225\/55R17 INDEKS PR\u0118DKO\u015aCI: V INDEKS NO\u015aNO\u015aCI: 101 XL DATA PRODUKCJI: nie starsze ni\u017c maj 2025 SEZON: Zimowe STAN: Nowy RANT OCHRONNY NA FELG\u0118: Brak","_links":{"self":[{"href":"https:\/\/oponixo.shop\/tire\/wp-json\/wp\/v2\/product\/13741","targetHints":{"allow":["GET"]}}],"collection":[{"href":"https:\/\/oponixo.shop\/tire\/wp-json\/wp\/v2\/product"}],"about":[{"href":"https:\/\/oponixo.shop\/tire\/wp-json\/wp\/v2\/types\/product"}],"wp:featuredmedia":[{"embeddable":true,"href":"https:\/\/oponixo.shop\/tire\/wp-json\/wp\/v2\/media\/13742"}],"wp:attachment":[{"href":"https:\/\/oponixo.shop\/tire\/wp-json\/wp\/v2\/media?parent=13741"}],"wp:term":[{"taxonomy":"product_brand","embeddable":true,"href":"https:\/\/oponixo.shop\/tire\/wp-json\/wp\/v2\/product_brand?post=13741"},{"taxonomy":"product_cat","embeddable":true,"href":"https:\/\/oponixo.shop\/tire\/wp-json\/wp\/v2\/product_cat?post=13741"},{"taxonomy":"product_tag","embeddable":true,"href":"https:\/\/oponixo.shop\/tire\/wp-json\/wp\/v2\/product_tag?post=13741"}],"curies":[{"name":"wp","href":"https:\/\/api.w.org\/{rel}","templated":true}]}}