{"id":13697,"date":"2026-01-09T07:58:27","date_gmt":"2026-01-09T06:58:27","guid":{"rendered":"https:\/\/gumatop.shop\/xef5\/produkt\/2x-aplus-225-65r16-100h-a701-zimowe-2024-r\/"},"modified":"2026-01-09T07:58:28","modified_gmt":"2026-01-09T06:58:28","slug":"2x-aplus-225-65r16-100h-a701-zimowe-2024-r","status":"publish","type":"product","link":"https:\/\/oponixo.shop\/tire\/produkt\/2x-aplus-225-65r16-100h-a701-zimowe-2024-r\/","title":{"rendered":"2x APLUS 225\/65R16 100H A701 zimowe 2024 r"},"content":{"rendered":"<div style=\"font-family: Arial, sans-serif; line-height: 1.6; color: #333; padding: 20px; clear: both; display: block; width: 100%; float: none; position: static; overflow: hidden;\">\n<div style=\"clear: both; display: block; margin: 10px 0;\">\n<div style=\"clear: both; display: block; margin: 10px 0;\">\n<div style=\"clear: both; display: block; margin: 10px 0;\">\n<h1>Rok produkcji: 2024<\/h1>\n<\/div>\n<\/div>\n<\/div>\n<div style=\"clear: both; display: block; margin: 10px 0;\">\n<div style=\"clear: both; display: block; margin: 10px 0;\">\n<div style=\"clear: both; display: block; margin: 10px 0;\">\n<div  style=\"max-width:1200px;max-height:1126px\">\n<div style=\"clear: both; display: block; margin: 10px 0;\">\n<div style=\"clear: both; width: 100%; display: block; margin: 20px 0; padding: 0; float: none; position: static; text-align: center;\"><img decoding=\"async\"  src=\"https:\/\/a.allegroimg.com\/original\/11c2bc\/94d569604f5899d982276f9b08f3\/2x-APLUS-225-65R16-100H-A701-zimowe-2024-r\" srcset=\"https:\/\/a.allegroimg.com\/original\/11c2bc\/94d569604f5899d982276f9b08f3\/2x-APLUS-225-65R16-100H-A701-zimowe-2024-r 360w,https:\/\/a.allegroimg.com\/original\/11c2bc\/94d569604f5899d982276f9b08f3\/2x-APLUS-225-65R16-100H-A701-zimowe-2024-r 720w,https:\/\/a.allegroimg.com\/original\/11c2bc\/94d569604f5899d982276f9b08f3\/2x-APLUS-225-65R16-100H-A701-zimowe-2024-r 1024w,https:\/\/a.allegroimg.com\/original\/11c2bc\/94d569604f5899d982276f9b08f3\/2x-APLUS-225-65R16-100H-A701-zimowe-2024-r 1200w,https:\/\/a.allegroimg.com\/original\/11c2bc\/94d569604f5899d982276f9b08f3\/2x-APLUS-225-65R16-100H-A701-zimowe-2024-r 1200w\" sizes=\"(min-width: 1200px) 560px, (min-width: 992px) 50vw, 100vw\" width=\"1200px\" alt=\"2x APLUS 225\/65R16 100H A701 zimowe 2024 r\" style=\"max-width: 100%; height: auto; display: block; margin: 0 auto;\"><\/div>\n<\/div>\n<\/div>\n<\/div>\n<\/div>\n<div style=\"clear: both; display: block; margin: 10px 0;\">\n<div style=\"clear: both; display: block; margin: 10px 0;\">\n<h1>APLUS A701 225\/65R16 100H<\/h1>\n<h2>G0YLQG<\/h2>\n<ul style=\"margin: 15px 0; padding-left: 20px; clear: both; display: block; width: 100%; float: none; position: static;\">\n<li style=\"margin: 5px 0; padding: 2px 0; clear: both; display: list-item; float: none; position: static;\"><b>Data produkcji :<\/b> 2024<\/li>\n<li style=\"margin: 5px 0; padding: 2px 0; clear: both; display: list-item; float: none; position: static;\"><b>Indeks :<\/b> 225\/65R16 ZOAS 100H A701<\/li>\n<li style=\"margin: 5px 0; padding: 2px 0; clear: both; display: list-item; float: none; position: static;\"><b>Indeks no\u015bno\u015bci :<\/b> 100<\/li>\n<li style=\"margin: 5px 0; padding: 2px 0; clear: both; display: list-item; float: none; position: static;\"><b>Indeks pr\u0119dko\u015bci :<\/b> H &#8211; 210 km\/h<\/li>\n<li style=\"margin: 5px 0; padding: 2px 0; clear: both; display: list-item; float: none; position: static;\"><b>Karta informacyjna produktu :<\/b> https:\/\/eprel.ec.europa.eu\/qr\/722254<\/li>\n<li style=\"margin: 5px 0; padding: 2px 0; clear: both; display: list-item; float: none; position: static;\"><b>Kl. efekt. paliwowej :<\/b> D<\/li>\n<li style=\"margin: 5px 0; padding: 2px 0; clear: both; display: list-item; float: none; position: static;\"><b>Kl. przycz. na mokrej naw. :<\/b> C<\/li>\n<li style=\"margin: 5px 0; padding: 2px 0; clear: both; display: list-item; float: none; position: static;\"><b>Kl. zew. ha\u0142asu tocz. :<\/b> B<\/li>\n<li style=\"margin: 5px 0; padding: 2px 0; clear: both; display: list-item; float: none; position: static;\"><b>Klasa opony :<\/b> bud\u017cet<\/li>\n<li style=\"margin: 5px 0; padding: 2px 0; clear: both; display: list-item; float: none; position: static;\"><b>Kod EAN :<\/b> 6924064125216<\/li>\n<li style=\"margin: 5px 0; padding: 2px 0; clear: both; display: list-item; float: none; position: static;\"><b>Kod producenta :<\/b> 2AP2166H1<\/li>\n<li style=\"margin: 5px 0; padding: 2px 0; clear: both; display: list-item; float: none; position: static;\"><b>Model bie\u017cnika :<\/b> A701<\/li>\n<li style=\"margin: 5px 0; padding: 2px 0; clear: both; display: list-item; float: none; position: static;\"><b>Nazwa produktu :<\/b> APLUS 225\/65R16 100H A701 zimowe<\/li>\n<li style=\"margin: 5px 0; padding: 2px 0; clear: both; display: list-item; float: none; position: static;\"><b>Producent :<\/b> APLUS<\/li>\n<li style=\"margin: 5px 0; padding: 2px 0; clear: both; display: list-item; float: none; position: static;\"><b>Profil :<\/b> 65<\/li>\n<li style=\"margin: 5px 0; padding: 2px 0; clear: both; display: list-item; float: none; position: static;\"><b>Przeznaczenie :<\/b> samochody osobowe\/SUV\/crossover<\/li>\n<li style=\"margin: 5px 0; padding: 2px 0; clear: both; display: list-item; float: none; position: static;\"><b>Przyczepno\u015b\u0107 na lodzie :<\/b> Nie<\/li>\n<li style=\"margin: 5px 0; padding: 2px 0; clear: both; display: list-item; float: none; position: static;\"><b>Przyczepno\u015b\u0107 na \u015bniegu :<\/b> Tak<\/li>\n<li style=\"margin: 5px 0; padding: 2px 0; clear: both; display: list-item; float: none; position: static;\"><b>QR kod :<\/b> https:\/\/eprel.ec.europa.eu\/qr\/722254<\/li>\n<li style=\"margin: 5px 0; padding: 2px 0; clear: both; display: list-item; float: none; position: static;\"><b>Sezon :<\/b> zimowa<\/li>\n<li style=\"margin: 5px 0; padding: 2px 0; clear: both; display: list-item; float: none; position: static;\"><b>\u015arednica :<\/b> 16&#8243;<\/li>\n<li style=\"margin: 5px 0; padding: 2px 0; clear: both; display: list-item; float: none; position: static;\"><b>Szeroko\u015b\u0107 :<\/b> 225<\/li>\n<li style=\"margin: 5px 0; padding: 2px 0; clear: both; display: list-item; float: none; position: static;\"><b>Wart. pom. i kl. zew. ha\u0142asu tocz. [dB] :<\/b> 72<\/li>\n<\/ul>\n<\/div>\n<\/div>\n<\/div>\n<div style=\"clear: both; display: block; margin: 10px 0;\">\n<div style=\"clear: both; display: block; margin: 10px 0;\">\n<div style=\"clear: both; display: block; margin: 10px 0;\">\n<p style=\"margin: 15px 0; line-height: 1.8; clear: both; display: block; width: 100%; float: none; position: static;\"> APLUS A701 to zimowa opona klasy bud\u017cetowej, kt\u00f3ra zosta\u0142a opracowana, aby poprawi\u0107 bezpiecze\u0144stwo jazdy w zmiennych warunkach zimowych. Model dedykowany jest dla aut osobowych, kt\u00f3re codziennie pokonuj\u0105 r\u00f3\u017cnorodne obszary. <\/p>\n<p style=\"margin: 15px 0; line-height: 1.8; clear: both; display: block; width: 100%; float: none; position: static;\"> Kierunkowa, &#8222;agresywna&#8221; rze\u017aba bie\u017cnika sprzyja efektywnemu pokonywaniu pokrywy \u015bnie\u017cnej oraz warstwy zalegaj\u0105cego b\u0142ota po\u015bniegowego, dzi\u0119ki czemu opona pozostaje w bezpiecznym kontakcie z drog\u0105 dla niezawodnej przyczepno\u015bci i bezpiecze\u0144stwa jazdy. <\/p>\n<p style=\"margin: 15px 0; line-height: 1.8; clear: both; display: block; width: 100%; float: none; position: static;\"> System kanalik\u00f3w poprzecznych, u\u0142o\u017conych sko\u015bnie tworzy system efektywnego drena\u017cu, aby szybko i skutecznie odprowadza\u0107 nadmiar wody z przestrzeni miedzybie\u017cnikowych. Zapobiega to powstawaniu klina wodnego mi\u0119dzy opona a nawierzchni\u0105, aby korzysta\u0107 z pe\u0142nej trakcji zar\u00f3wno podczas jazdy jak i hamowania w nag\u0142ych sytuacjach. <\/p>\n<p style=\"margin: 15px 0; line-height: 1.8; clear: both; display: block; width: 100%; float: none; position: static;\"> Poszerzone strefy barkowe, pokryte \u015bnie\u017cnymi lamelami, wspieraj\u0105 stabilno\u015b\u0107 kierunkow\u0105 i boczn\u0105 oraz niweluj\u0105 odczucie &#8222;p\u0142ywania&#8221; auta na drodze. Wspiera to pewno\u015b\u0107 i komfort prowadzenia na ka\u017cdym rodzaju zimowych nawierzchni. <\/p>\n<p style=\"margin: 15px 0; line-height: 1.8; clear: both; display: block; width: 100%; float: none; position: static;\"> APLUS A701 to nowoczesna zimowa opona, \u0142\u0105cz\u0105ca zoptymalizowane parametry i korzystny przedzia\u0142 cenowy, przez co doceni\u0105 j\u0105 kierowcy poszukuj\u0105cy uniwersalnych i \u0142atwo dost\u0119pnych rozwi\u0105za\u0144. <\/p>\n<\/div>\n<\/div>\n<div style=\"clear: both; display: block; margin: 10px 0;\">\n<div style=\"clear: both; display: block; margin: 10px 0;\">\n<div  style=\"max-width:886px;max-height:1299px\">\n<div style=\"clear: both; display: block; margin: 10px 0;\">\n<div style=\"clear: both; width: 100%; display: block; margin: 20px 0; padding: 0; float: none; position: static; text-align: center;\"><img decoding=\"async\"  src=\"https:\/\/a.allegroimg.com\/original\/11d3b6\/510b43e3404c86e7a2850902d079\/2x-APLUS-225-65R16-100H-A701-zimowe-2024-r-Srednica-16\" srcset=\"https:\/\/a.allegroimg.com\/original\/11d3b6\/510b43e3404c86e7a2850902d079\/2x-APLUS-225-65R16-100H-A701-zimowe-2024-r-Srednica-16 245w,https:\/\/a.allegroimg.com\/original\/11d3b6\/510b43e3404c86e7a2850902d079\/2x-APLUS-225-65R16-100H-A701-zimowe-2024-r-Srednica-16 491w,https:\/\/a.allegroimg.com\/original\/11d3b6\/510b43e3404c86e7a2850902d079\/2x-APLUS-225-65R16-100H-A701-zimowe-2024-r-Srednica-16 698w,https:\/\/a.allegroimg.com\/original\/11d3b6\/510b43e3404c86e7a2850902d079\/2x-APLUS-225-65R16-100H-A701-zimowe-2024-r-Srednica-16 886w,https:\/\/a.allegroimg.com\/original\/11d3b6\/510b43e3404c86e7a2850902d079\/2x-APLUS-225-65R16-100H-A701-zimowe-2024-r-Srednica-16 886w\" sizes=\"(min-width: 1200px) 560px, (min-width: 992px) 50vw, 100vw\" width=\"886px\" alt=\"2x APLUS 225\/65R16 100H A701 zimowe 2024 r \u015arednica 16&quot;\" style=\"max-width: 100%; height: auto; display: block; margin: 0 auto;\"><\/div>\n<\/div>\n<\/div>\n<\/div>\n<\/div>\n<\/div>\n<div style=\"clear: both; display: block; margin: 10px 0;\">\n<div style=\"clear: both; display: block; margin: 10px 0;\">\n<div style=\"clear: both; display: block; margin: 10px 0;\">\n<p style=\"margin: 15px 0; line-height: 1.8; clear: both; display: block; width: 100%; float: none; position: static;\">Wychodz\u0105c naprzeciw oczekiwaniom Klient\u00f3w i chc\u0105c spe\u0142nia\u0107 jak najwy\u017csze standardy obs\u0142ugi dok\u0142adamy wszelkich stara\u0144, aby podawa\u0107 precyzyjn\u0105 dat\u0119 produkcji opony (DOT). Niestety, w wyj\u0105tkowych przypadkach, mo\u017ce zdarzy\u0107 si\u0119, \u017ce opony, kt\u00f3re wy\u015blemy b\u0119d\u0105 mia\u0142y inn\u0105 dat\u0119 produkcji ni\u017c podana. Sytuacja mo\u017ce dotyczy\u0107 zar\u00f3wno opon z DOT-em wcze\u015bniejszym jak i p\u00f3\u017aniejszym. Chcieliby\u015bmy podkre\u015bli\u0107, \u017ce warunki przechowywania opon w naszych magazynach spe\u0142niaj\u0105 Polsk\u0105 Norm\u0119 PN-C-94300-7 dzi\u0119ki czemu nawet opona przechowywana 24 miesi\u0105ce ma parametry takie same jak opona z bie\u017c\u0105cego roku. Warto pami\u0119ta\u0107 tak\u017ce o fakcie, \u017ce w przypadku wielu rozmiar\u00f3w i producent\u00f3w plany produkcyjne fabryk uniemo\u017cliwiaj\u0105 zakup opony z bie\u017c\u0105cego roku.<\/p>\n<p style=\"margin: 15px 0; line-height: 1.8; clear: both; display: block; width: 100%; float: none; position: static;\">Przy zakupie opon pami\u0119taj o sprawdzeniu w instrukcji samochodu lub na w\u0142a\u015bciwej stronie internetowej, jakie ogumienie zaleca producent Twojego auta. \u0179le dobrane opony mog\u0105 negatywnie wp\u0142yn\u0105\u0107 na poziom Twojego bezpiecze\u0144stwa. Kupuj\u0105c opony zwr\u00f3\u0107 uwag\u0119 na rozmiar oraz indeksy no\u015bno\u015bci i pr\u0119dko\u015bci jakie homologowane s\u0105 do Twojego pojazdu.<\/p>\n<p style=\"margin: 15px 0; line-height: 1.8; clear: both; display: block; width: 100%; float: none; position: static;\">Zamieszczone zdj\u0119cia pe\u0142ni\u0105 funkcj\u0119 pogl\u0105dow\u0105. W zale\u017cno\u015bci od szeroko\u015bci opon, mog\u0105 wyst\u0119powa\u0107 niewielkie r\u00f3\u017cnice w wygl\u0105dzie bie\u017cnika (w obr\u0119bie jednego modelu) na przyk\u0142ad w ilo\u015bci rowk\u00f3w obwodowych lub rozmieszczeniu blok\u00f3w bie\u017cnika, co nie stanowi wady produktu.<\/p>\n<p style=\"margin: 15px 0; line-height: 1.8; clear: both; display: block; width: 100%; float: none; position: static;\">Je\u017celi otrzymane przez Ciebie opony nie spe\u0142niaj\u0105 Twoich oczekiwa\u0144 masz mo\u017cliwo\u015b\u0107 zwrotu lub wymiany nieu\u017cywanego (niemontowanego) ogumienia.<\/p>\n<\/div>\n<\/div>\n<\/div>\n<div style=\"clear: both; display: block; margin: 10px 0;\">\n<div style=\"clear: both; display: block; margin: 10px 0;\">\n<div style=\"clear: both; display: block; margin: 10px 0;\">\n<div  style=\"max-width:689px;max-height:145px\">\n<div style=\"clear: both; display: block; margin: 10px 0;\">\n<div style=\"clear: both; width: 100%; display: block; margin: 20px 0; padding: 0; float: none; position: static; text-align: center;\"><img decoding=\"async\"  src=\"https:\/\/a.allegroimg.com\/original\/1193d8\/fdd37933433a84d0d2df3c9e27c8\/2x-APLUS-225-65R16-100H-A701-zimowe-2024-r-Halas-zewnetrzny-72-dB\" srcset=\"https:\/\/a.allegroimg.com\/original\/1193d8\/fdd37933433a84d0d2df3c9e27c8\/2x-APLUS-225-65R16-100H-A701-zimowe-2024-r-Halas-zewnetrzny-72-dB 360w,https:\/\/a.allegroimg.com\/original\/1193d8\/fdd37933433a84d0d2df3c9e27c8\/2x-APLUS-225-65R16-100H-A701-zimowe-2024-r-Halas-zewnetrzny-72-dB 689w,https:\/\/a.allegroimg.com\/original\/1193d8\/fdd37933433a84d0d2df3c9e27c8\/2x-APLUS-225-65R16-100H-A701-zimowe-2024-r-Halas-zewnetrzny-72-dB 689w\" sizes=\"(min-width: 1200px) 560px, (min-width: 992px) 50vw, 100vw\" width=\"689px\" alt=\"2x APLUS 225\/65R16 100H A701 zimowe 2024 r Ha\u0142as zewn\u0119trzny 72 dB\" style=\"max-width: 100%; height: auto; display: block; margin: 0 auto;\"><\/div>\n<\/div>\n<\/div>\n<\/div>\n<\/div>\n<div style=\"clear: both; display: block; margin: 10px 0;\">\n<div style=\"clear: both; display: block; margin: 10px 0;\">\n<h1>Aplus<\/h1>\n<p style=\"margin: 15px 0; line-height: 1.8; clear: both; display: block; width: 100%; float: none; position: static;\">Marka Aplus nale\u017cy do chi\u0144skiej firmy Shandong Haohua Tire Co., kt\u00f3ra powsta\u0142a w 2011 r. dysponuj\u0105c ogromnymi mo\u017cliwo\u015bciami badawczo-rozwojowymi w zakresie produkcji opon. Dzi\u0119ki wykorzystaniu innowacyjnych technologii przedsi\u0119biorstwo na pocz\u0105tku swojej dzia\u0142alno\u015bci wyprodukowa\u0142o w ci\u0105gu roku 12 milion\u00f3w opon. Firma uzyska\u0142a mi\u0119dzynarodowe certyfikaty jako\u015bciowe potwierdzaj\u0105ce przystosowanie opon do europejskich warunk\u00f3w. Oferta Aplus obejmuje nie tylko opony dla samochod\u00f3w osobowych, ale tak\u017ce dla pojazd\u00f3w dostawczych i ci\u0119\u017carowych oraz pojazd\u00f3w typu SUV. Opony Aplus wyr\u00f3\u017cniaj\u0105 si\u0119 przede wszystkim wysok\u0105 wydajno\u015bci\u0105 i nisk\u0105 emisyjno\u015bci\u0105. Dewiz\u0105 producenta jest produkcja opon przy zachowaniu jak najlepszych wska\u017anik\u00f3w ekologicznych i ekonomicznych. Opr\u00f3cz tego opony zapewniaj\u0105 bezpieczniejsz\u0105 i bardziej komfortow\u0105 jazd\u0119. Opony Aplus to doskona\u0142a alternatywa dla innych znanych marek opon z p\u00f3\u0142ki ekonomicznej.<\/p>\n<\/div>\n<\/div>\n<\/div>\n<\/div>\n<\/div>\n<\/div>\n<div style=\"clear: both; display: block; margin: 10px 0;\">\n","protected":false},"excerpt":{"rendered":"<p>Rok produkcji: 2024<\/p>\n<p>APLUS A701 225\/65R16 100H<\/p>\n<p>G0YLQG<\/p>\n<p>Data produkcji : 2024<\/p>\n<p>Indeks : 225\/65R16 ZOAS 100H A701<\/p>\n<p>Indeks no\u015bno\u015bci : 100<\/p>\n<p>Indeks pr\u0119dko\u015bci : H &#8211; 210 km\/h<\/p>\n<p>Karta informacyjna produktu : https:\/\/eprel.ec.europa.eu\/qr\/722254<\/p>\n","protected":false},"featured_media":13698,"template":"","meta":{"_uag_custom_page_level_css":""},"product_brand":[395],"product_cat":[414,413,412,415],"product_tag":[],"class_list":{"0":"post-13697","1":"product","2":"type-product","3":"status-publish","4":"has-post-thumbnail","6":"product_brand-aplus","7":"product_cat-do-samochodow-osobowych-i-suv","8":"product_cat-opony","9":"product_cat-opony-i-felgi","10":"product_cat-zimowe","12":"first","13":"instock","14":"shipping-taxable","15":"purchasable","16":"product-type-simple"},"uagb_featured_image_src":{"full":["https:\/\/oponixo.shop\/tire\/wp-content\/uploads\/2026\/01\/allegro-image-13697.jpg",1200,1126,false],"thumbnail":["https:\/\/oponixo.shop\/tire\/wp-content\/uploads\/2026\/01\/allegro-image-13697-150x150.jpg",150,150,true],"medium":["https:\/\/oponixo.shop\/tire\/wp-content\/uploads\/2026\/01\/allegro-image-13697-300x282.jpg",300,282,true],"medium_large":["https:\/\/oponixo.shop\/tire\/wp-content\/uploads\/2026\/01\/allegro-image-13697-768x721.jpg",768,721,true],"large":["https:\/\/oponixo.shop\/tire\/wp-content\/uploads\/2026\/01\/allegro-image-13697-1024x961.jpg",1024,961,true],"1536x1536":["https:\/\/oponixo.shop\/tire\/wp-content\/uploads\/2026\/01\/allegro-image-13697.jpg",1200,1126,false],"2048x2048":["https:\/\/oponixo.shop\/tire\/wp-content\/uploads\/2026\/01\/allegro-image-13697.jpg",1200,1126,false],"woocommerce_thumbnail":["https:\/\/oponixo.shop\/tire\/wp-content\/uploads\/2026\/01\/allegro-image-13697-300x300.jpg",300,300,true],"woocommerce_single":["https:\/\/oponixo.shop\/tire\/wp-content\/uploads\/2026\/01\/allegro-image-13697-600x563.jpg",600,563,true],"woocommerce_gallery_thumbnail":["https:\/\/oponixo.shop\/tire\/wp-content\/uploads\/2026\/01\/allegro-image-13697-100x100.jpg",100,100,true]},"uagb_author_info":{"display_name":"admin","author_link":"https:\/\/oponixo.shop\/tire\/author\/"},"uagb_comment_info":0,"uagb_excerpt":"Rok produkcji: 2024 APLUS A701 225\/65R16 100H G0YLQG Data produkcji : 2024 Indeks : 225\/65R16 ZOAS 100H A701 Indeks no\u015bno\u015bci : 100 Indeks pr\u0119dko\u015bci : H - 210 km\/h Karta informacyjna produktu : https:\/\/eprel.ec.europa.eu\/qr\/722254","_links":{"self":[{"href":"https:\/\/oponixo.shop\/tire\/wp-json\/wp\/v2\/product\/13697","targetHints":{"allow":["GET"]}}],"collection":[{"href":"https:\/\/oponixo.shop\/tire\/wp-json\/wp\/v2\/product"}],"about":[{"href":"https:\/\/oponixo.shop\/tire\/wp-json\/wp\/v2\/types\/product"}],"wp:featuredmedia":[{"embeddable":true,"href":"https:\/\/oponixo.shop\/tire\/wp-json\/wp\/v2\/media\/13698"}],"wp:attachment":[{"href":"https:\/\/oponixo.shop\/tire\/wp-json\/wp\/v2\/media?parent=13697"}],"wp:term":[{"taxonomy":"product_brand","embeddable":true,"href":"https:\/\/oponixo.shop\/tire\/wp-json\/wp\/v2\/product_brand?post=13697"},{"taxonomy":"product_cat","embeddable":true,"href":"https:\/\/oponixo.shop\/tire\/wp-json\/wp\/v2\/product_cat?post=13697"},{"taxonomy":"product_tag","embeddable":true,"href":"https:\/\/oponixo.shop\/tire\/wp-json\/wp\/v2\/product_tag?post=13697"}],"curies":[{"name":"wp","href":"https:\/\/api.w.org\/{rel}","templated":true}]}}