{"id":13629,"date":"2026-01-09T07:57:49","date_gmt":"2026-01-09T06:57:49","guid":{"rendered":"https:\/\/gumatop.shop\/xef5\/produkt\/2x-opony-zimowe-205-55r16-debica-frigo-hp2-niemcy\/"},"modified":"2026-01-09T07:57:51","modified_gmt":"2026-01-09T06:57:51","slug":"2x-opony-zimowe-205-55r16-debica-frigo-hp2-niemcy","status":"publish","type":"product","link":"https:\/\/oponixo.shop\/tire\/produkt\/2x-opony-zimowe-205-55r16-debica-frigo-hp2-niemcy\/","title":{"rendered":"2x OPONY ZIMOWE 205\/55R16 D\u0118BICA FRIGO HP2 NIEMCY"},"content":{"rendered":"<div style=\"font-family: Arial, sans-serif; line-height: 1.6; color: #333; padding: 20px; clear: both; display: block; width: 100%; float: none; position: static; overflow: hidden;\">\n<div style=\"clear: both; display: block; margin: 10px 0;\">\n<div style=\"clear: both; display: block; margin: 10px 0;\">\n<div style=\"clear: both; display: block; margin: 10px 0;\">\n<div  style=\"max-width:335px;max-height:745px\">\n<div style=\"clear: both; display: block; margin: 10px 0;\">\n<div style=\"clear: both; width: 100%; display: block; margin: 20px 0; padding: 0; float: none; position: static; text-align: center;\"><img decoding=\"async\"  src=\"https:\/\/a.allegroimg.com\/original\/1140a3\/ceb172d24c56b995dab9873cc6b3\/2x-OPONY-ZIMOWE-205-55R16-DEBICA-FRIGO-HP2-NIEMCY\" srcset=\"https:\/\/a.allegroimg.com\/original\/1140a3\/ceb172d24c56b995dab9873cc6b3\/2x-OPONY-ZIMOWE-205-55R16-DEBICA-FRIGO-HP2-NIEMCY 161w,https:\/\/a.allegroimg.com\/original\/1140a3\/ceb172d24c56b995dab9873cc6b3\/2x-OPONY-ZIMOWE-205-55R16-DEBICA-FRIGO-HP2-NIEMCY 323w,https:\/\/a.allegroimg.com\/original\/1140a3\/ceb172d24c56b995dab9873cc6b3\/2x-OPONY-ZIMOWE-205-55R16-DEBICA-FRIGO-HP2-NIEMCY 335w,https:\/\/a.allegroimg.com\/original\/1140a3\/ceb172d24c56b995dab9873cc6b3\/2x-OPONY-ZIMOWE-205-55R16-DEBICA-FRIGO-HP2-NIEMCY 335w\" sizes=\"(min-width: 1200px) 560px, (min-width: 992px) 50vw, 100vw\" width=\"335px\" alt=\"2x OPONY ZIMOWE 205\/55R16 D\u0118BICA FRIGO HP2 NIEMCY\" style=\"max-width: 100%; height: auto; display: block; margin: 0 auto;\"><\/div>\n<\/div>\n<\/div>\n<\/div>\n<\/div>\n<div style=\"clear: both; display: block; margin: 10px 0;\">\n<div style=\"clear: both; display: block; margin: 10px 0;\">\n<p style=\"margin: 15px 0; line-height: 1.8; clear: both; display: block; width: 100%; float: none; position: static;\">Marka:&nbsp;<b>D\u0119bica<\/b><\/p>\n<p style=\"margin: 15px 0; line-height: 1.8; clear: both; display: block; width: 100%; float: none; position: static;\">Szeroko\u015b\u0107 opony:&nbsp;<b>205 mm<\/b><\/p>\n<p style=\"margin: 15px 0; line-height: 1.8; clear: both; display: block; width: 100%; float: none; position: static;\">Profil opony:&nbsp;<b>55<\/b><\/p>\n<p style=\"margin: 15px 0; line-height: 1.8; clear: both; display: block; width: 100%; float: none; position: static;\">\u015arednica:&nbsp;<b>16&#8243;<\/b><\/p>\n<p style=\"margin: 15px 0; line-height: 1.8; clear: both; display: block; width: 100%; float: none; position: static;\">EAN (GTIN):&nbsp;<b>4038526356123<\/b><\/p>\n<h3 style=\"color: #2c5aa0; font-size: 18px; margin: 30px 0 15px 0; font-weight: bold; clear: both; display: block; width: 100%; float: none; position: static;\">Pozosta\u0142e parametry<\/h3>\n<p style=\"margin: 15px 0; line-height: 1.8; clear: both; display: block; width: 100%; float: none; position: static;\">Model:&nbsp;<b>Frigo HP 2<\/b><\/p>\n<p style=\"margin: 15px 0; line-height: 1.8; clear: both; display: block; width: 100%; float: none; position: static;\">Kod producenta:&nbsp;<b>588362<\/b><\/p>\n<p style=\"margin: 15px 0; line-height: 1.8; clear: both; display: block; width: 100%; float: none; position: static;\">Kod EPREL:&nbsp;<b>181156<\/b><\/p>\n<p style=\"margin: 15px 0; line-height: 1.8; clear: both; display: block; width: 100%; float: none; position: static;\">Indeks pr\u0119dko\u015bci:&nbsp;<b>H do 210 km\/h<\/b><\/p>\n<p style=\"margin: 15px 0; line-height: 1.8; clear: both; display: block; width: 100%; float: none; position: static;\">Indeks no\u015bno\u015bci:&nbsp;<b>91 &#8211; 615 kg<\/b><\/p>\n<p style=\"margin: 15px 0; line-height: 1.8; clear: both; display: block; width: 100%; float: none; position: static;\">Op\u00f3r toczenia:&nbsp;<b>Klasa C<\/b><\/p>\n<p style=\"margin: 15px 0; line-height: 1.8; clear: both; display: block; width: 100%; float: none; position: static;\">Przyczepno\u015b\u0107 na mokrej nawierzchni:&nbsp;<b>Klasa C<\/b><\/p>\n<p style=\"margin: 15px 0; line-height: 1.8; clear: both; display: block; width: 100%; float: none; position: static;\">Poziom ha\u0142asu zewn\u0119trznego:&nbsp;<b>B<\/b><\/p>\n<p style=\"margin: 15px 0; line-height: 1.8; clear: both; display: block; width: 100%; float: none; position: static;\">Ha\u0142as zewn\u0119trzny:&nbsp;<b>72 dB<\/b><\/p>\n<p style=\"margin: 15px 0; line-height: 1.8; clear: both; display: block; width: 100%; float: none; position: static;\">Rok produkcji: <b>2024<\/b><\/p>\n<p style=\"margin: 15px 0; line-height: 1.8; clear: both; display: block; width: 100%; float: none; position: static;\">Kraj produkcji: <b>Niemcy<\/b><\/p>\n<\/div>\n<\/div>\n<\/div>\n<div style=\"clear: both; display: block; margin: 10px 0;\">\n<div style=\"clear: both; display: block; margin: 10px 0;\">\n<div style=\"clear: both; display: block; margin: 10px 0;\">\n<div  style=\"max-width:335px;max-height:745px\">\n<div style=\"clear: both; display: block; margin: 10px 0;\">\n<div style=\"clear: both; width: 100%; display: block; margin: 20px 0; padding: 0; float: none; position: static; text-align: center;\"><img decoding=\"async\"  src=\"https:\/\/a.allegroimg.com\/original\/11ba3e\/df737e844712a802d79ea1762567\/2x-OPONY-ZIMOWE-205-55R16-DEBICA-FRIGO-HP2-NIEMCY-EAN-GTIN-4038526356123\" srcset=\"https:\/\/a.allegroimg.com\/original\/11ba3e\/df737e844712a802d79ea1762567\/2x-OPONY-ZIMOWE-205-55R16-DEBICA-FRIGO-HP2-NIEMCY-EAN-GTIN-4038526356123 161w,https:\/\/a.allegroimg.com\/original\/11ba3e\/df737e844712a802d79ea1762567\/2x-OPONY-ZIMOWE-205-55R16-DEBICA-FRIGO-HP2-NIEMCY-EAN-GTIN-4038526356123 323w,https:\/\/a.allegroimg.com\/original\/11ba3e\/df737e844712a802d79ea1762567\/2x-OPONY-ZIMOWE-205-55R16-DEBICA-FRIGO-HP2-NIEMCY-EAN-GTIN-4038526356123 335w,https:\/\/a.allegroimg.com\/original\/11ba3e\/df737e844712a802d79ea1762567\/2x-OPONY-ZIMOWE-205-55R16-DEBICA-FRIGO-HP2-NIEMCY-EAN-GTIN-4038526356123 335w\" sizes=\"(min-width: 1200px) 560px, (min-width: 992px) 50vw, 100vw\" width=\"335px\" alt=\"2x OPONY ZIMOWE 205\/55R16 D\u0118BICA FRIGO HP2 NIEMCY EAN (GTIN) 4038526356123\" style=\"max-width: 100%; height: auto; display: block; margin: 0 auto;\"><\/div>\n<\/div>\n<\/div>\n<\/div>\n<\/div>\n<div style=\"clear: both; display: block; margin: 10px 0;\">\n<div style=\"clear: both; display: block; margin: 10px 0;\">\n<div  style=\"max-width:335px;max-height:745px\">\n<div style=\"clear: both; display: block; margin: 10px 0;\">\n<div style=\"clear: both; width: 100%; display: block; margin: 20px 0; padding: 0; float: none; position: static; text-align: center;\"><img decoding=\"async\"  src=\"https:\/\/a.allegroimg.com\/original\/11a29d\/3b05245f4827a54f60a91ab868b8\/2x-OPONY-ZIMOWE-205-55R16-DEBICA-FRIGO-HP2-NIEMCY-Kod-producenta-4038526356123\" srcset=\"https:\/\/a.allegroimg.com\/original\/11a29d\/3b05245f4827a54f60a91ab868b8\/2x-OPONY-ZIMOWE-205-55R16-DEBICA-FRIGO-HP2-NIEMCY-Kod-producenta-4038526356123 161w,https:\/\/a.allegroimg.com\/original\/11a29d\/3b05245f4827a54f60a91ab868b8\/2x-OPONY-ZIMOWE-205-55R16-DEBICA-FRIGO-HP2-NIEMCY-Kod-producenta-4038526356123 323w,https:\/\/a.allegroimg.com\/original\/11a29d\/3b05245f4827a54f60a91ab868b8\/2x-OPONY-ZIMOWE-205-55R16-DEBICA-FRIGO-HP2-NIEMCY-Kod-producenta-4038526356123 335w,https:\/\/a.allegroimg.com\/original\/11a29d\/3b05245f4827a54f60a91ab868b8\/2x-OPONY-ZIMOWE-205-55R16-DEBICA-FRIGO-HP2-NIEMCY-Kod-producenta-4038526356123 335w\" sizes=\"(min-width: 1200px) 560px, (min-width: 992px) 50vw, 100vw\" width=\"335px\" alt=\"2x OPONY ZIMOWE 205\/55R16 D\u0118BICA FRIGO HP2 NIEMCY Kod producenta 4038526356123\" style=\"max-width: 100%; height: auto; display: block; margin: 0 auto;\"><\/div>\n<\/div>\n<\/div>\n<\/div>\n<\/div>\n<\/div>\n<div style=\"clear: both; display: block; margin: 10px 0;\">\n<div style=\"clear: both; display: block; margin: 10px 0;\">\n<div style=\"clear: both; display: block; margin: 10px 0;\">\n<div  style=\"max-width:335px;max-height:745px\">\n<div style=\"clear: both; display: block; margin: 10px 0;\">\n<div style=\"clear: both; width: 100%; display: block; margin: 20px 0; padding: 0; float: none; position: static; text-align: center;\"><img decoding=\"async\"  src=\"https:\/\/a.allegroimg.com\/original\/113ea2\/b419885941ff9e4e4339b4dcd0d0\/2x-OPONY-ZIMOWE-205-55R16-DEBICA-FRIGO-HP2-NIEMCY-Marka-Debica\" srcset=\"https:\/\/a.allegroimg.com\/original\/113ea2\/b419885941ff9e4e4339b4dcd0d0\/2x-OPONY-ZIMOWE-205-55R16-DEBICA-FRIGO-HP2-NIEMCY-Marka-Debica 161w,https:\/\/a.allegroimg.com\/original\/113ea2\/b419885941ff9e4e4339b4dcd0d0\/2x-OPONY-ZIMOWE-205-55R16-DEBICA-FRIGO-HP2-NIEMCY-Marka-Debica 323w,https:\/\/a.allegroimg.com\/original\/113ea2\/b419885941ff9e4e4339b4dcd0d0\/2x-OPONY-ZIMOWE-205-55R16-DEBICA-FRIGO-HP2-NIEMCY-Marka-Debica 335w,https:\/\/a.allegroimg.com\/original\/113ea2\/b419885941ff9e4e4339b4dcd0d0\/2x-OPONY-ZIMOWE-205-55R16-DEBICA-FRIGO-HP2-NIEMCY-Marka-Debica 335w\" sizes=\"(min-width: 1200px) 560px, (min-width: 992px) 50vw, 100vw\" width=\"335px\" alt=\"2x OPONY ZIMOWE 205\/55R16 D\u0118BICA FRIGO HP2 NIEMCY Marka D\u0119bica\" style=\"max-width: 100%; height: auto; display: block; margin: 0 auto;\"><\/div>\n<\/div>\n<\/div>\n<\/div>\n<\/div>\n<div style=\"clear: both; display: block; margin: 10px 0;\">\n<div style=\"clear: both; display: block; margin: 10px 0;\">\n<div  style=\"max-width:745px;max-height:335px\">\n<div style=\"clear: both; display: block; margin: 10px 0;\">\n<div style=\"clear: both; width: 100%; display: block; margin: 20px 0; padding: 0; float: none; position: static; text-align: center;\"><img decoding=\"async\"  src=\"https:\/\/a.allegroimg.com\/original\/1171ee\/f0f05f5e4a0096011b85714ff7a0\/2x-OPONY-ZIMOWE-205-55R16-DEBICA-FRIGO-HP2-NIEMCY-Model-Frigo-HP2\" srcset=\"https:\/\/a.allegroimg.com\/original\/1171ee\/f0f05f5e4a0096011b85714ff7a0\/2x-OPONY-ZIMOWE-205-55R16-DEBICA-FRIGO-HP2-NIEMCY-Model-Frigo-HP2 360w,https:\/\/a.allegroimg.com\/original\/1171ee\/f0f05f5e4a0096011b85714ff7a0\/2x-OPONY-ZIMOWE-205-55R16-DEBICA-FRIGO-HP2-NIEMCY-Model-Frigo-HP2 720w,https:\/\/a.allegroimg.com\/original\/1171ee\/f0f05f5e4a0096011b85714ff7a0\/2x-OPONY-ZIMOWE-205-55R16-DEBICA-FRIGO-HP2-NIEMCY-Model-Frigo-HP2 745w,https:\/\/a.allegroimg.com\/original\/1171ee\/f0f05f5e4a0096011b85714ff7a0\/2x-OPONY-ZIMOWE-205-55R16-DEBICA-FRIGO-HP2-NIEMCY-Model-Frigo-HP2 745w\" sizes=\"(min-width: 1200px) 560px, (min-width: 992px) 50vw, 100vw\" width=\"745px\" alt=\"2x OPONY ZIMOWE 205\/55R16 D\u0118BICA FRIGO HP2 NIEMCY Model Frigo HP2\" style=\"max-width: 100%; height: auto; display: block; margin: 0 auto;\"><\/div>\n<\/div>\n<\/div>\n<\/div>\n<\/div>\n<\/div>\n<div style=\"clear: both; display: block; margin: 10px 0;\">\n<div style=\"clear: both; display: block; margin: 10px 0;\">\n<div style=\"clear: both; display: block; margin: 10px 0;\">\n<div  style=\"max-width:745px;max-height:335px\">\n<div style=\"clear: both; display: block; margin: 10px 0;\">\n<div style=\"clear: both; width: 100%; display: block; margin: 20px 0; padding: 0; float: none; position: static; text-align: center;\"><img decoding=\"async\"  src=\"https:\/\/a.allegroimg.com\/original\/115560\/a3bb27bf404b92f0caad9bbd54cd\/2x-OPONY-ZIMOWE-205-55R16-DEBICA-FRIGO-HP2-NIEMCY-Klasa-ekonomiczna\" srcset=\"https:\/\/a.allegroimg.com\/original\/115560\/a3bb27bf404b92f0caad9bbd54cd\/2x-OPONY-ZIMOWE-205-55R16-DEBICA-FRIGO-HP2-NIEMCY-Klasa-ekonomiczna 360w,https:\/\/a.allegroimg.com\/original\/115560\/a3bb27bf404b92f0caad9bbd54cd\/2x-OPONY-ZIMOWE-205-55R16-DEBICA-FRIGO-HP2-NIEMCY-Klasa-ekonomiczna 720w,https:\/\/a.allegroimg.com\/original\/115560\/a3bb27bf404b92f0caad9bbd54cd\/2x-OPONY-ZIMOWE-205-55R16-DEBICA-FRIGO-HP2-NIEMCY-Klasa-ekonomiczna 745w,https:\/\/a.allegroimg.com\/original\/115560\/a3bb27bf404b92f0caad9bbd54cd\/2x-OPONY-ZIMOWE-205-55R16-DEBICA-FRIGO-HP2-NIEMCY-Klasa-ekonomiczna 745w\" sizes=\"100vw\" width=\"745px\" alt=\"2x OPONY ZIMOWE 205\/55R16 D\u0118BICA FRIGO HP2 NIEMCY Klasa ekonomiczna\" style=\"max-width: 100%; height: auto; display: block; margin: 0 auto;\"><\/div>\n<\/div>\n<\/div>\n<\/div>\n<\/div>\n<\/div>\n<div style=\"clear: both; display: block; margin: 10px 0;\">\n<div style=\"clear: both; display: block; margin: 10px 0;\">\n<div style=\"clear: both; display: block; margin: 10px 0;\">\n<h3 style=\"color: #2c5aa0; font-size: 18px; margin: 30px 0 15px 0; font-weight: bold; clear: both; display: block; width: 100%; float: none; position: static;\">OPIS PRODUCENTA :<\/h3>\n<p style=\"margin: 15px 0; line-height: 1.8; clear: both; display: block; width: 100%; float: none; position: static;\"><b>Frigo HP2<\/b> to nast\u0119pca modelu Frigo HP, pierwszej w historii D\u0119bicy zimowej opony przeznaczonej do samochod\u00f3w o wysokich osi\u0105gach. D\u0119bica Frigo HP2 zosta\u0142a zaprojektowana z my\u015bl\u0105 o kierowcach ceni\u0105cych dynamiczn\u0105 jazd\u0119 oraz poszukuj\u0105cych zaawansowanego technicznie i trwa\u0142ego produktu<\/p>\n<p style=\"margin: 15px 0; line-height: 1.8; clear: both; display: block; width: 100%; float: none; position: static;\">Zosta\u0142a zaprojektowana z my\u015bl\u0105 o kierowcach ceni\u0105cych wygod\u0119 oraz oszcz\u0119dno\u015b\u0107.<\/p>\n<p style=\"margin: 15px 0; line-height: 1.8; clear: both; display: block; width: 100%; float: none; position: static;\">&#8211; Nowy wz\u00f3r bie\u017cnika sprawia, \u017ce opona posiada wi\u0119cej kraw\u0119dzi tn\u0105cych, wgryzaj\u0105cych si\u0119 w za\u015bnie\u017con\u0105 nawierzchni\u0119 i zapewniaj\u0105cych lepsz\u0105 kontrol\u0119 w zimowych warunkach.<\/p>\n<p style=\"margin: 15px 0; line-height: 1.8; clear: both; display: block; width: 100%; float: none; position: static;\">&#8211; Samoblokuj\u0105ce si\u0119 lamele wgryzaj\u0105 si\u0119 w \u015bnieg, poprawiaj\u0105c kontrol\u0119 nad pojazdem oraz zapewniaj\u0105c znakomite zachowanie i w\u0142a\u015bciwo\u015bci trakcyjne na \u015bniegu.<\/p>\n<p style=\"margin: 15px 0; line-height: 1.8; clear: both; display: block; width: 100%; float: none; position: static;\">&#8211; Zoptymalizowana konstrukcja opony i zwi\u0119kszona g\u0142\u0119boko\u015b\u0107 bie\u017cnika zapewnia d\u0142ugie przebiegi oraz oszcz\u0119dno\u015bci finansowe.<\/p>\n<\/div>\n<\/div>\n<\/div>\n<\/div>\n<\/div>\n<\/div>\n<div style=\"clear: both; display: block; margin: 10px 0;\">\n","protected":false},"excerpt":{"rendered":"<p>Marka:&nbsp;D\u0119bica<\/p>\n<p>Szeroko\u015b\u0107 opony:&nbsp;205 mm<\/p>\n<p>Profil opony:&nbsp;55<\/p>\n<p>\u015arednica:&nbsp;16&quot;<\/p>\n<p>EAN (GTIN):&nbsp;4038526356123<\/p>\n<p>Pozosta\u0142e parametry<\/p>\n<p>Model:&nbsp;Frigo HP 2<\/p>\n<p>Kod producenta:&nbsp;588362<\/p>\n","protected":false},"featured_media":13630,"template":"","meta":{"_uag_custom_page_level_css":""},"product_brand":[378],"product_cat":[414,413,412,415],"product_tag":[],"class_list":{"0":"post-13629","1":"product","2":"type-product","3":"status-publish","4":"has-post-thumbnail","6":"product_brand-debica","7":"product_cat-do-samochodow-osobowych-i-suv","8":"product_cat-opony","9":"product_cat-opony-i-felgi","10":"product_cat-zimowe","12":"first","13":"instock","14":"shipping-taxable","15":"purchasable","16":"product-type-simple"},"uagb_featured_image_src":{"full":["https:\/\/oponixo.shop\/tire\/wp-content\/uploads\/2026\/01\/allegro-image-13629.jpg",335,745,false],"thumbnail":["https:\/\/oponixo.shop\/tire\/wp-content\/uploads\/2026\/01\/allegro-image-13629-150x150.jpg",150,150,true],"medium":["https:\/\/oponixo.shop\/tire\/wp-content\/uploads\/2026\/01\/allegro-image-13629-135x300.jpg",135,300,true],"medium_large":["https:\/\/oponixo.shop\/tire\/wp-content\/uploads\/2026\/01\/allegro-image-13629.jpg",335,745,false],"large":["https:\/\/oponixo.shop\/tire\/wp-content\/uploads\/2026\/01\/allegro-image-13629.jpg",335,745,false],"1536x1536":["https:\/\/oponixo.shop\/tire\/wp-content\/uploads\/2026\/01\/allegro-image-13629.jpg",335,745,false],"2048x2048":["https:\/\/oponixo.shop\/tire\/wp-content\/uploads\/2026\/01\/allegro-image-13629.jpg",335,745,false],"woocommerce_thumbnail":["https:\/\/oponixo.shop\/tire\/wp-content\/uploads\/2026\/01\/allegro-image-13629-300x300.jpg",300,300,true],"woocommerce_single":["https:\/\/oponixo.shop\/tire\/wp-content\/uploads\/2026\/01\/allegro-image-13629.jpg",335,745,false],"woocommerce_gallery_thumbnail":["https:\/\/oponixo.shop\/tire\/wp-content\/uploads\/2026\/01\/allegro-image-13629-100x100.jpg",100,100,true]},"uagb_author_info":{"display_name":"admin","author_link":"https:\/\/oponixo.shop\/tire\/author\/"},"uagb_comment_info":0,"uagb_excerpt":"Marka:&nbsp;D\u0119bica Szeroko\u015b\u0107 opony:&nbsp;205 mm Profil opony:&nbsp;55 \u015arednica:&nbsp;16&quot; EAN (GTIN):&nbsp;4038526356123 Pozosta\u0142e parametry Model:&nbsp;Frigo HP 2 Kod producenta:&nbsp;588362","_links":{"self":[{"href":"https:\/\/oponixo.shop\/tire\/wp-json\/wp\/v2\/product\/13629","targetHints":{"allow":["GET"]}}],"collection":[{"href":"https:\/\/oponixo.shop\/tire\/wp-json\/wp\/v2\/product"}],"about":[{"href":"https:\/\/oponixo.shop\/tire\/wp-json\/wp\/v2\/types\/product"}],"wp:featuredmedia":[{"embeddable":true,"href":"https:\/\/oponixo.shop\/tire\/wp-json\/wp\/v2\/media\/13630"}],"wp:attachment":[{"href":"https:\/\/oponixo.shop\/tire\/wp-json\/wp\/v2\/media?parent=13629"}],"wp:term":[{"taxonomy":"product_brand","embeddable":true,"href":"https:\/\/oponixo.shop\/tire\/wp-json\/wp\/v2\/product_brand?post=13629"},{"taxonomy":"product_cat","embeddable":true,"href":"https:\/\/oponixo.shop\/tire\/wp-json\/wp\/v2\/product_cat?post=13629"},{"taxonomy":"product_tag","embeddable":true,"href":"https:\/\/oponixo.shop\/tire\/wp-json\/wp\/v2\/product_tag?post=13629"}],"curies":[{"name":"wp","href":"https:\/\/api.w.org\/{rel}","templated":true}]}}