{"id":13591,"date":"2026-01-09T06:53:03","date_gmt":"2026-01-09T05:53:03","guid":{"rendered":"https:\/\/gumatop.shop\/xef5\/produkt\/1x-michelin-245-35r18-pilot-alpin-5-92-v-xl-fr-zimowe\/"},"modified":"2026-01-09T06:53:04","modified_gmt":"2026-01-09T05:53:04","slug":"1x-michelin-245-35r18-pilot-alpin-5-92-v-xl-fr-zimowe","status":"publish","type":"product","link":"https:\/\/oponixo.shop\/tire\/produkt\/1x-michelin-245-35r18-pilot-alpin-5-92-v-xl-fr-zimowe\/","title":{"rendered":"1x MICHELIN 245\/35R18 PILOT ALPIN 5 92 V XL FR zimowe"},"content":{"rendered":"<div style=\"font-family: Arial, sans-serif; line-height: 1.6; color: #333; padding: 20px; clear: both; display: block; width: 100%; float: none; position: static; overflow: hidden;\">\n<div style=\"clear: both; display: block; margin: 10px 0;\">\n<div style=\"clear: both; display: block; margin: 10px 0;\">\n<div style=\"clear: both; display: block; margin: 10px 0;\">\n<h2>Przedmiotem oferty s\u0105 opony 1x MICHELIN 245\/35R18 PILOT ALPIN 5 92 V XL FR zimowe<\/h2>\n<\/div>\n<\/div>\n<\/div>\n<div style=\"clear: both; display: block; margin: 10px 0;\">\n<div style=\"clear: both; display: block; margin: 10px 0;\">\n<div style=\"clear: both; display: block; margin: 10px 0;\">\n<h3 style=\"color: #2c5aa0; font-size: 18px; margin: 30px 0 15px 0; font-weight: bold; clear: both; display: block; width: 100%; float: none; position: static;\">Parametry:<\/h3>\n<p style=\"margin: 15px 0; line-height: 1.8; clear: both; display: block; width: 100%; float: none; position: static;\">Marka: <b>MICHELIN<\/b><\/p>\n<p style=\"margin: 15px 0; line-height: 1.8; clear: both; display: block; width: 100%; float: none; position: static;\">Szeroko\u015b\u0107 opony:&nbsp;<b>&nbsp;245 mm<\/b><\/p>\n<p style=\"margin: 15px 0; line-height: 1.8; clear: both; display: block; width: 100%; float: none; position: static;\">Profil opony:&nbsp; <b>35<\/b><\/p>\n<p style=\"margin: 15px 0; line-height: 1.8; clear: both; display: block; width: 100%; float: none; position: static;\">\u015arednica:&nbsp; <b>18&#8243;<\/b><\/p>\n<p style=\"margin: 15px 0; line-height: 1.8; clear: both; display: block; width: 100%; float: none; position: static;\">Model:&nbsp; <b>PILOT ALPIN 5<\/b><\/p>\n<p style=\"margin: 15px 0; line-height: 1.8; clear: both; display: block; width: 100%; float: none; position: static;\">Kod producenta:&nbsp; <b>167859<\/b><\/p>\n<p style=\"margin: 15px 0; line-height: 1.8; clear: both; display: block; width: 100%; float: none; position: static;\">Indeks pr\u0119dko\u015bci:&nbsp; <b>V  &#8211;  240 km\/h<\/b><\/p>\n<p style=\"margin: 15px 0; line-height: 1.8; clear: both; display: block; width: 100%; float: none; position: static;\">Indeks no\u015bno\u015bci:&nbsp; <b>92<\/b><\/p>\n<p style=\"margin: 15px 0; line-height: 1.8; clear: both; display: block; width: 100%; float: none; position: static;\">Op\u00f3r toczenia:&nbsp; <b>Klasa D<\/b><\/p>\n<p style=\"margin: 15px 0; line-height: 1.8; clear: both; display: block; width: 100%; float: none; position: static;\">Przyczepno\u015b\u0107 na mokrej nawierzchni:&nbsp; <b>Klasa B<\/b><\/p>\n<p style=\"margin: 15px 0; line-height: 1.8; clear: both; display: block; width: 100%; float: none; position: static;\">Ha\u0142as zewn\u0119trzny:&nbsp; <b>70dB<\/b><\/p>\n<\/div>\n<\/div>\n<div style=\"clear: both; display: block; margin: 10px 0;\">\n<div style=\"clear: both; display: block; margin: 10px 0;\">\n<div  style=\"max-width:448px;max-height:500px\">\n<div style=\"clear: both; display: block; margin: 10px 0;\">\n<div style=\"clear: both; width: 100%; display: block; margin: 20px 0; padding: 0; float: none; position: static; text-align: center;\"><img decoding=\"async\"  src=\"https:\/\/a.allegroimg.com\/original\/118731\/4fb14ef540bd90c114229d31b01b\/1x-MICHELIN-245-35R18-PILOT-ALPIN-5-92-V-XL-FR-zimowe\" srcset=\"https:\/\/a.allegroimg.com\/original\/118731\/4fb14ef540bd90c114229d31b01b\/1x-MICHELIN-245-35R18-PILOT-ALPIN-5-92-V-XL-FR-zimowe 322w,https:\/\/a.allegroimg.com\/original\/118731\/4fb14ef540bd90c114229d31b01b\/1x-MICHELIN-245-35R18-PILOT-ALPIN-5-92-V-XL-FR-zimowe 448w,https:\/\/a.allegroimg.com\/original\/118731\/4fb14ef540bd90c114229d31b01b\/1x-MICHELIN-245-35R18-PILOT-ALPIN-5-92-V-XL-FR-zimowe 448w\" sizes=\"(min-width: 1200px) 560px, (min-width: 992px) 50vw, 100vw\" width=\"448px\" alt=\"1x MICHELIN 245\/35R18 PILOT ALPIN 5 92 V XL FR zimowe\" style=\"max-width: 100%; height: auto; display: block; margin: 0 auto;\"><\/div>\n<\/div>\n<\/div>\n<\/div>\n<\/div>\n<\/div>\n<div style=\"clear: both; display: block; margin: 10px 0;\">\n<div style=\"clear: both; display: block; margin: 10px 0;\">\n<div style=\"clear: both; display: block; margin: 10px 0;\">\n<h1>Michelin PILOT ALPIN 5<\/h1>\n<h3 style=\"color: #2c5aa0; font-size: 18px; margin: 30px 0 15px 0; font-weight: bold; clear: both; display: block; width: 100%; float: none; position: static;\">STWORZONE BY ZAPEWNI\u0106 D\u0141UGOTRWA\u0141\u0104 KONTROL\u0118 ZIM\u0104 <\/h3>\n<p style=\"margin: 15px 0; line-height: 1.8; clear: both; display: block; width: 100%; float: none; position: static;\">Opona zimowa MICHELIN Pilot Alpin 5 zapewnia skr\u00f3con\u0105 drog\u0119 hamowania i wi\u0119ksz\u0105 precyzj\u0119 jazdy dla samochod\u00f3w o wysokich osi\u0105gach w trudnych warunkach zimowych.<\/p>\n<ul style=\"margin: 15px 0; padding-left: 20px; clear: both; display: block; width: 100%; float: none; position: static;\">\n<li style=\"margin: 5px 0; padding: 2px 0; clear: both; display: list-item; float: none; position: static;\">Wysokie osi\u0105gi opony zimowej MICHELIN zapewniaj\u0105 bezpieczn\u0105 jazd\u0119 w warunkach zimowych.<\/li>\n<li style=\"margin: 5px 0; padding: 2px 0; clear: both; display: list-item; float: none; position: static;\">Pewna kontrola i precyzja toru jazdy na mokrych drogach i w warunkach \u015bniegowych (3PMSF).<\/li>\n<li style=\"margin: 5px 0; padding: 2px 0; clear: both; display: list-item; float: none; position: static;\">Kr\u00f3tsza droga hamowania zapewnia bezpiecze\u0144stwo na o\u015bnie\u017conych drogach.<\/li>\n<li style=\"margin: 5px 0; padding: 2px 0; clear: both; display: list-item; float: none; position: static;\">Numer 1 pod wzg\u0119dem trwa\u0142o\u015bci opon i mniejszego zu\u017cycia paliwa.<\/li>\n<\/ul>\n<\/div>\n<\/div>\n<div style=\"clear: both; display: block; margin: 10px 0;\">\n<div style=\"clear: both; display: block; margin: 10px 0;\">\n<div  style=\"max-width:243px;max-height:550px\">\n<div style=\"clear: both; display: block; margin: 10px 0;\">\n<div style=\"clear: both; width: 100%; display: block; margin: 20px 0; padding: 0; float: none; position: static; text-align: center;\"><img decoding=\"async\"  src=\"https:\/\/a.allegroimg.com\/original\/1127da\/369a1bca49959df8a112c4c97963\/1x-MICHELIN-245-35R18-PILOT-ALPIN-5-92-V-XL-FR-zimowe-Liczba-opon-w-ofercie-1-szt\" srcset=\"https:\/\/a.allegroimg.com\/original\/1127da\/369a1bca49959df8a112c4c97963\/1x-MICHELIN-245-35R18-PILOT-ALPIN-5-92-V-XL-FR-zimowe-Liczba-opon-w-ofercie-1-szt 159w,https:\/\/a.allegroimg.com\/original\/1127da\/369a1bca49959df8a112c4c97963\/1x-MICHELIN-245-35R18-PILOT-ALPIN-5-92-V-XL-FR-zimowe-Liczba-opon-w-ofercie-1-szt 243w,https:\/\/a.allegroimg.com\/original\/1127da\/369a1bca49959df8a112c4c97963\/1x-MICHELIN-245-35R18-PILOT-ALPIN-5-92-V-XL-FR-zimowe-Liczba-opon-w-ofercie-1-szt 243w\" sizes=\"(min-width: 1200px) 560px, (min-width: 992px) 50vw, 100vw\" width=\"243px\" alt=\"1x MICHELIN 245\/35R18 PILOT ALPIN 5 92 V XL FR zimowe Liczba opon w ofercie 1 szt.\" style=\"max-width: 100%; height: auto; display: block; margin: 0 auto;\"><\/div>\n<\/div>\n<\/div>\n<\/div>\n<\/div>\n<\/div>\n<div style=\"clear: both; display: block; margin: 10px 0;\">\n<div style=\"clear: both; display: block; margin: 10px 0;\">\n<div style=\"clear: both; display: block; margin: 10px 0;\">\n<h2>Kontrola i precyzja jazdy zim\u0105 na mokrych drogach i \u015bniegu.<\/h2>\n<ul style=\"margin: 15px 0; padding-left: 20px; clear: both; display: block; width: 100%; float: none; position: static;\">\n<li style=\"margin: 5px 0; padding: 2px 0; clear: both; display: list-item; float: none; position: static;\">Poczuj si\u0119 pewnie w swoim samochodzie o wysokich osi\u0105gach, dzi\u0119ki kierunkowemu i symetrycznemu wzorowi bie\u017cnika, kt\u00f3ry optymalizuje przyczepno\u015b\u0107 na drodze podczas jazdy po \u015bniegu i mokrej nawierzchni. Rowek umieszczony w \u015brodkowej cz\u0119\u015b\u0107i czo\u0142a bie\u017cnika to wi\u0119ksza odporno\u015b\u0107 na aquaplaning i lepsza kontrola hamowania. Wszystko to zapewnia bezpieczniejsz\u0105 i przyjemniejsz\u0105 jazd\u0119 zim\u0105.<\/li>\n<\/ul>\n<h2>Skr\u00f3cona droga hamowania zapewnia bezpieczn\u0105iejsz\u0105 jazd\u0119 w zimie, niezale\u017cnie od warunk\u00f3w panuj\u0105cych na drogach.<\/h2>\n<ul style=\"margin: 15px 0; padding-left: 20px; clear: both; display: block; width: 100%; float: none; position: static;\">\n<li style=\"margin: 5px 0; padding: 2px 0; clear: both; display: list-item; float: none; position: static;\">Poznaj lepsze osi\u0105gi podczas hamowania na zimowych drogach dzi\u0119ki oponie MICHELIN Pilot Alpin 5. Oferuje ona skr\u00f3con\u0105 drog\u0119 hamowania podczas jazdy po \u015bniegu i w trudnych warunkach zimowych. Mieszanka bie\u017cnika najnowszej generacji zawiera nowe, funkcjonalne polimery, kt\u00f3re zwi\u0119kszaj\u0105 przyczepno\u015b\u0107 na mokrej i za\u015bnie\u017conej nawierzchni. To pozwala cieszy\u0107 si\u0119 jazd\u0105 niezale\u017cnie od warunk\u00f3w zimowych panuj\u0105cych na drodze.<\/li>\n<\/ul>\n<\/div>\n<\/div>\n<\/div>\n<div style=\"clear: both; display: block; margin: 10px 0;\">\n<div style=\"clear: both; display: block; margin: 10px 0;\">\n<div style=\"clear: both; display: block; margin: 10px 0;\">\n<h2>MICHELIN<\/h2>\n<p style=\"margin: 15px 0; line-height: 1.8; clear: both; display: block; width: 100%; float: none; position: static;\"><b>Michelin<\/b> &#8211; najwi\u0119kszy w Europie i jeden z najwi\u0119kszych na \u015bwiecie producent opon. Jego siedziba znajduje si\u0119 w Clermont-Ferrand (Puy-de-D\u00f4me) we Francji. Firma zosta\u0142a za\u0142o\u017cona przez braci Andr\u00e9go i \u00c9douarda Michelin\u00f3w w 1889.<\/p>\n<p style=\"margin: 15px 0; line-height: 1.8; clear: both; display: block; width: 100%; float: none; position: static;\"><b>Michelin<\/b> posiada 56 zak\u0142ad\u00f3w produkcyjnych w 17 krajach oraz 3 centra technologiczne zlokalizowane we Francji, Japonii i Stanach Zjednoczonych.<\/p>\n<\/div>\n<\/div>\n<\/div>\n<div style=\"clear: both; display: block; margin: 10px 0;\">\n<div style=\"clear: both; display: block; margin: 10px 0;\">\n<div style=\"clear: both; display: block; margin: 10px 0;\">\n<div  style=\"max-width:1200px;max-height:637px\">\n<div style=\"clear: both; display: block; margin: 10px 0;\">\n<div style=\"clear: both; width: 100%; display: block; margin: 20px 0; padding: 0; float: none; position: static; text-align: center;\"><img decoding=\"async\"  src=\"https:\/\/a.allegroimg.com\/original\/117a56\/9fccd9e048cd810618c7650c7d32\/1x-MICHELIN-245-35R18-PILOT-ALPIN-5-92-V-XL-FR-zimowe-Marka-Michelin\" srcset=\"https:\/\/a.allegroimg.com\/original\/117a56\/9fccd9e048cd810618c7650c7d32\/1x-MICHELIN-245-35R18-PILOT-ALPIN-5-92-V-XL-FR-zimowe-Marka-Michelin 360w,https:\/\/a.allegroimg.com\/original\/117a56\/9fccd9e048cd810618c7650c7d32\/1x-MICHELIN-245-35R18-PILOT-ALPIN-5-92-V-XL-FR-zimowe-Marka-Michelin 720w,https:\/\/a.allegroimg.com\/original\/117a56\/9fccd9e048cd810618c7650c7d32\/1x-MICHELIN-245-35R18-PILOT-ALPIN-5-92-V-XL-FR-zimowe-Marka-Michelin 1024w,https:\/\/a.allegroimg.com\/original\/117a56\/9fccd9e048cd810618c7650c7d32\/1x-MICHELIN-245-35R18-PILOT-ALPIN-5-92-V-XL-FR-zimowe-Marka-Michelin 1200w,https:\/\/a.allegroimg.com\/original\/117a56\/9fccd9e048cd810618c7650c7d32\/1x-MICHELIN-245-35R18-PILOT-ALPIN-5-92-V-XL-FR-zimowe-Marka-Michelin 1200w\" sizes=\"100vw\" width=\"1200px\" alt=\"1x MICHELIN 245\/35R18 PILOT ALPIN 5 92 V XL FR zimowe Marka Michelin\" style=\"max-width: 100%; height: auto; display: block; margin: 0 auto;\"><\/div>\n<\/div>\n<\/div>\n<\/div>\n<\/div>\n<\/div>\n<\/div>\n<\/div>\n<\/div>\n<div style=\"clear: both; display: block; margin: 10px 0;\">\n","protected":false},"excerpt":{"rendered":"<p>Przedmiotem oferty s\u0105 opony 1x MICHELIN 245\/35R18 PILOT ALPIN 5 92 V XL FR zimowe<\/p>\n<p>Parametry:<\/p>\n<p>Marka: MICHELIN<\/p>\n<p>Szeroko\u015b\u0107 opony:&nbsp;&nbsp;245 mm<\/p>\n<p>Profil opony:&nbsp; 35<\/p>\n<p>\u015arednica:&nbsp; 18&quot;<\/p>\n<p>Model:&nbsp; PILOT ALPIN 5<\/p>\n<p>Kod producenta:&nbsp; 167859<\/p>\n","protected":false},"featured_media":13592,"template":"","meta":{"_uag_custom_page_level_css":""},"product_brand":[429],"product_cat":[414,413,412,415],"product_tag":[],"class_list":{"0":"post-13591","1":"product","2":"type-product","3":"status-publish","4":"has-post-thumbnail","6":"product_brand-michelin","7":"product_cat-do-samochodow-osobowych-i-suv","8":"product_cat-opony","9":"product_cat-opony-i-felgi","10":"product_cat-zimowe","12":"first","13":"instock","14":"shipping-taxable","15":"purchasable","16":"product-type-simple"},"uagb_featured_image_src":{"full":["https:\/\/oponixo.shop\/tire\/wp-content\/uploads\/2026\/01\/allegro-image-13591.jpg",448,500,false],"thumbnail":["https:\/\/oponixo.shop\/tire\/wp-content\/uploads\/2026\/01\/allegro-image-13591-150x150.jpg",150,150,true],"medium":["https:\/\/oponixo.shop\/tire\/wp-content\/uploads\/2026\/01\/allegro-image-13591-269x300.jpg",269,300,true],"medium_large":["https:\/\/oponixo.shop\/tire\/wp-content\/uploads\/2026\/01\/allegro-image-13591.jpg",448,500,false],"large":["https:\/\/oponixo.shop\/tire\/wp-content\/uploads\/2026\/01\/allegro-image-13591.jpg",448,500,false],"1536x1536":["https:\/\/oponixo.shop\/tire\/wp-content\/uploads\/2026\/01\/allegro-image-13591.jpg",448,500,false],"2048x2048":["https:\/\/oponixo.shop\/tire\/wp-content\/uploads\/2026\/01\/allegro-image-13591.jpg",448,500,false],"woocommerce_thumbnail":["https:\/\/oponixo.shop\/tire\/wp-content\/uploads\/2026\/01\/allegro-image-13591-300x300.jpg",300,300,true],"woocommerce_single":["https:\/\/oponixo.shop\/tire\/wp-content\/uploads\/2026\/01\/allegro-image-13591.jpg",448,500,false],"woocommerce_gallery_thumbnail":["https:\/\/oponixo.shop\/tire\/wp-content\/uploads\/2026\/01\/allegro-image-13591-100x100.jpg",100,100,true]},"uagb_author_info":{"display_name":"admin","author_link":"https:\/\/oponixo.shop\/tire\/author\/"},"uagb_comment_info":0,"uagb_excerpt":"Przedmiotem oferty s\u0105 opony 1x MICHELIN 245\/35R18 PILOT ALPIN 5 92 V XL FR zimowe Parametry: Marka: MICHELIN Szeroko\u015b\u0107 opony:&nbsp;&nbsp;245 mm Profil opony:&nbsp; 35 \u015arednica:&nbsp; 18&quot; Model:&nbsp; PILOT ALPIN 5 Kod producenta:&nbsp; 167859","_links":{"self":[{"href":"https:\/\/oponixo.shop\/tire\/wp-json\/wp\/v2\/product\/13591","targetHints":{"allow":["GET"]}}],"collection":[{"href":"https:\/\/oponixo.shop\/tire\/wp-json\/wp\/v2\/product"}],"about":[{"href":"https:\/\/oponixo.shop\/tire\/wp-json\/wp\/v2\/types\/product"}],"wp:featuredmedia":[{"embeddable":true,"href":"https:\/\/oponixo.shop\/tire\/wp-json\/wp\/v2\/media\/13592"}],"wp:attachment":[{"href":"https:\/\/oponixo.shop\/tire\/wp-json\/wp\/v2\/media?parent=13591"}],"wp:term":[{"taxonomy":"product_brand","embeddable":true,"href":"https:\/\/oponixo.shop\/tire\/wp-json\/wp\/v2\/product_brand?post=13591"},{"taxonomy":"product_cat","embeddable":true,"href":"https:\/\/oponixo.shop\/tire\/wp-json\/wp\/v2\/product_cat?post=13591"},{"taxonomy":"product_tag","embeddable":true,"href":"https:\/\/oponixo.shop\/tire\/wp-json\/wp\/v2\/product_tag?post=13591"}],"curies":[{"name":"wp","href":"https:\/\/api.w.org\/{rel}","templated":true}]}}