{"id":13557,"date":"2026-01-09T06:52:54","date_gmt":"2026-01-09T05:52:54","guid":{"rendered":"https:\/\/gumatop.shop\/xef5\/produkt\/1x-opona-zimowa-205-60r18-vredestein-wintrac-pro\/"},"modified":"2026-01-09T06:52:55","modified_gmt":"2026-01-09T05:52:55","slug":"1x-opona-zimowa-205-60r18-vredestein-wintrac-pro","status":"publish","type":"product","link":"https:\/\/oponixo.shop\/tire\/produkt\/1x-opona-zimowa-205-60r18-vredestein-wintrac-pro\/","title":{"rendered":"1x opona zimowa 205\/60R18 Vredestein Wintrac Pro"},"content":{"rendered":"<div style=\"font-family: Arial, sans-serif; line-height: 1.6; color: #333; padding: 20px; clear: both; display: block; width: 100%; float: none; position: static; overflow: hidden;\">\n<div style=\"clear: both; display: block; margin: 10px 0;\">\n<div style=\"clear: both; display: block; margin: 10px 0;\">\n<div style=\"clear: both; display: block; margin: 10px 0;\">\n<div  style=\"max-width:880px;max-height:259px\">\n<div style=\"clear: both; display: block; margin: 10px 0;\">\n<div style=\"clear: both; width: 100%; display: block; margin: 20px 0; padding: 0; float: none; position: static; text-align: center;\"><img decoding=\"async\"  src=\"https:\/\/a.allegroimg.com\/original\/11b5c6\/d632c70846a7a8d950c961d2a620\/1x-opona-zimowa-205-60R18-Vredestein-Wintrac-Pro-Rok-produkcji-2024\" srcset=\"https:\/\/a.allegroimg.com\/original\/11b5c6\/d632c70846a7a8d950c961d2a620\/1x-opona-zimowa-205-60R18-Vredestein-Wintrac-Pro-Rok-produkcji-2024 360w,https:\/\/a.allegroimg.com\/original\/11b5c6\/d632c70846a7a8d950c961d2a620\/1x-opona-zimowa-205-60R18-Vredestein-Wintrac-Pro-Rok-produkcji-2024 720w,https:\/\/a.allegroimg.com\/original\/11b5c6\/d632c70846a7a8d950c961d2a620\/1x-opona-zimowa-205-60R18-Vredestein-Wintrac-Pro-Rok-produkcji-2024 880w,https:\/\/a.allegroimg.com\/original\/11b5c6\/d632c70846a7a8d950c961d2a620\/1x-opona-zimowa-205-60R18-Vredestein-Wintrac-Pro-Rok-produkcji-2024 880w\" sizes=\"100vw\" width=\"880px\" alt=\"1x opona zimowa 205\/60R18 Vredestein Wintrac Pro Rok produkcji 2024\" style=\"max-width: 100%; height: auto; display: block; margin: 0 auto;\"><\/div>\n<\/div>\n<\/div>\n<\/div>\n<\/div>\n<\/div>\n<div style=\"clear: both; display: block; margin: 10px 0;\">\n<div style=\"clear: both; display: block; margin: 10px 0;\">\n<div style=\"clear: both; display: block; margin: 10px 0;\">\n<div  style=\"max-width:450px;max-height:747px\">\n<div style=\"clear: both; display: block; margin: 10px 0;\">\n<div style=\"clear: both; width: 100%; display: block; margin: 20px 0; padding: 0; float: none; position: static; text-align: center;\"><img decoding=\"async\"  src=\"https:\/\/a.allegroimg.com\/original\/11f1d1\/1c30dfdc4027be1d745973abf8c1\/1x-opona-zimowa-205-60R18-Vredestein-Wintrac-Pro\" srcset=\"https:\/\/a.allegroimg.com\/original\/11f1d1\/1c30dfdc4027be1d745973abf8c1\/1x-opona-zimowa-205-60R18-Vredestein-Wintrac-Pro 216w,https:\/\/a.allegroimg.com\/original\/11f1d1\/1c30dfdc4027be1d745973abf8c1\/1x-opona-zimowa-205-60R18-Vredestein-Wintrac-Pro 433w,https:\/\/a.allegroimg.com\/original\/11f1d1\/1c30dfdc4027be1d745973abf8c1\/1x-opona-zimowa-205-60R18-Vredestein-Wintrac-Pro 450w,https:\/\/a.allegroimg.com\/original\/11f1d1\/1c30dfdc4027be1d745973abf8c1\/1x-opona-zimowa-205-60R18-Vredestein-Wintrac-Pro 450w\" sizes=\"(min-width: 1200px) 560px, (min-width: 992px) 50vw, 100vw\" width=\"450px\" alt=\"1x opona zimowa 205\/60R18 Vredestein Wintrac Pro\" style=\"max-width: 100%; height: auto; display: block; margin: 0 auto;\"><\/div>\n<\/div>\n<\/div>\n<\/div>\n<\/div>\n<div style=\"clear: both; display: block; margin: 10px 0;\">\n<div style=\"clear: both; display: block; margin: 10px 0;\">\n<h1>Cechy Opony:<\/h1>\n<ul style=\"margin: 15px 0; padding-left: 20px; clear: both; display: block; width: 100%; float: none; position: static;\">\n<li style=\"margin: 5px 0; padding: 2px 0; clear: both; display: list-item; float: none; position: static;\">Stan: <b>Fabrycznie nowa<\/b><\/li>\n<\/ul>\n<ul style=\"margin: 15px 0; padding-left: 20px; clear: both; display: block; width: 100%; float: none; position: static;\">\n<li style=\"margin: 5px 0; padding: 2px 0; clear: both; display: list-item; float: none; position: static;\">Dystrybucja: <b>Oficjalny dystrybutor w Polsce<\/b><\/li>\n<\/ul>\n<ul style=\"margin: 15px 0; padding-left: 20px; clear: both; display: block; width: 100%; float: none; position: static;\">\n<li style=\"margin: 5px 0; padding: 2px 0; clear: both; display: list-item; float: none; position: static;\">Sezon: <b>zimowe<\/b><\/li>\n<\/ul>\n<ul style=\"margin: 15px 0; padding-left: 20px; clear: both; display: block; width: 100%; float: none; position: static;\">\n<li style=\"margin: 5px 0; padding: 2px 0; clear: both; display: list-item; float: none; position: static;\">Producent: <b>Vredestein<\/b><\/li>\n<\/ul>\n<ul style=\"margin: 15px 0; padding-left: 20px; clear: both; display: block; width: 100%; float: none; position: static;\">\n<li style=\"margin: 5px 0; padding: 2px 0; clear: both; display: list-item; float: none; position: static;\">Bie\u017cnik: <b>Wintrac Pro<\/b><\/li>\n<\/ul>\n<ul style=\"margin: 15px 0; padding-left: 20px; clear: both; display: block; width: 100%; float: none; position: static;\">\n<li style=\"margin: 5px 0; padding: 2px 0; clear: both; display: list-item; float: none; position: static;\">Rozmiar: <b>205\/60R18<\/b><\/li>\n<\/ul>\n<ul style=\"margin: 15px 0; padding-left: 20px; clear: both; display: block; width: 100%; float: none; position: static;\">\n<li style=\"margin: 5px 0; padding: 2px 0; clear: both; display: list-item; float: none; position: static;\">Indeks no\u015bno\u015bci: <b>99<\/b><\/li>\n<\/ul>\n<ul style=\"margin: 15px 0; padding-left: 20px; clear: both; display: block; width: 100%; float: none; position: static;\">\n<li style=\"margin: 5px 0; padding: 2px 0; clear: both; display: list-item; float: none; position: static;\">Indeks pr\u0119dko\u015bci: <b>H<\/b><\/li>\n<\/ul>\n<ul style=\"margin: 15px 0; padding-left: 20px; clear: both; display: block; width: 100%; float: none; position: static;\">\n<li style=\"margin: 5px 0; padding: 2px 0; clear: both; display: list-item; float: none; position: static;\">Rok produkcji:<b> 2024<\/b><\/li>\n<\/ul>\n<ul style=\"margin: 15px 0; padding-left: 20px; clear: both; display: block; width: 100%; float: none; position: static;\">\n<li style=\"margin: 5px 0; padding: 2px 0; clear: both; display: list-item; float: none; position: static;\">EAN: <b>8714692801730<\/b><\/li>\n<\/ul>\n<ul style=\"margin: 15px 0; padding-left: 20px; clear: both; display: block; width: 100%; float: none; position: static;\">\n<li style=\"margin: 5px 0; padding: 2px 0; clear: both; display: list-item; float: none; position: static;\">Rant ochronny na felg\u0119: <b>Tak<\/b><\/li>\n<\/ul><\/div>\n<\/div>\n<\/div>\n<div style=\"clear: both; display: block; margin: 10px 0;\">\n<div style=\"clear: both; display: block; margin: 10px 0;\">\n<div style=\"clear: both; display: block; margin: 10px 0;\">\n<h2>Zu\u017cycie paliwa \/ opory toczenia<\/h2>\n<p style=\"margin: 15px 0; line-height: 1.8; clear: both; display: block; width: 100%; float: none; position: static;\">Klasa A okre\u015bla opony o najmniejszych oporach toczenia, klasa E o najwi\u0119kszych. Op\u00f3r toczenia wp\u0142ywa na zu\u017cycie paliwa oraz emisj\u0119 spalin przez samoch\u00f3d. Im ni\u017cszy op\u00f3r toczenia, tym wi\u0119ksza oszcz\u0119dno\u015b\u0107 paliwa i mniejszy wp\u0142yw na \u015brodowisko.<\/p>\n<p style=\"margin: 15px 0; line-height: 1.8; clear: both; display: block; width: 100%; float: none; position: static;\">\n<h2>Przyczepno\u015b\u0107 na mokrej nawierzchni \/ droga hamowania<\/h2>\n<p style=\"margin: 15px 0; line-height: 1.8; clear: both; display: block; width: 100%; float: none; position: static;\">Klasa A oznacza najkr\u00f3tsz\u0105, a E najd\u0142u\u017csz\u0105 drog\u0119 hamowania na mokrej nawierzchni. Parametr ten zwi\u0105zany jest z przyczepno\u015bci\u0105 opony podczas jazdy po mokrej drodze, co ma znaczenie dla bezpiecze\u0144stwa podr\u00f3\u017cowania. Im wy\u017csza klasa, tym lepsze w\u0142a\u015bciwo\u015bci ogumienia.<\/p>\n<p style=\"margin: 15px 0; line-height: 1.8; clear: both; display: block; width: 100%; float: none; position: static;\">\n<h2>Zewn\u0119trzny ha\u0142as toczenia \/ emisja ha\u0142asu<\/h2>\n<p style=\"margin: 15px 0; line-height: 1.8; clear: both; display: block; width: 100%; float: none; position: static;\">Klasa A przeznaczona jest dla najcichszych opon, B i C \u2013 dla g\u0142o\u015bniejszych. Wp\u0142ywa na komfort podr\u00f3\u017cowania samochodem. Ha\u0142as, kt\u00f3ry powstaje przy toczeniu si\u0119 opony jest wyra\u017cony w decybelach. Im ni\u017csza liczba tym cichsza opona.<\/p>\n<p style=\"margin: 15px 0; line-height: 1.8; clear: both; display: block; width: 100%; float: none; position: static;\">\n<\/div>\n<\/div>\n<div style=\"clear: both; display: block; margin: 10px 0;\">\n<div style=\"clear: both; display: block; margin: 10px 0;\">\n<div  style=\"max-width:738px;max-height:1082px\">\n<div style=\"clear: both; display: block; margin: 10px 0;\">\n<div style=\"clear: both; width: 100%; display: block; margin: 20px 0; padding: 0; float: none; position: static; text-align: center;\"><img decoding=\"async\"  src=\"https:\/\/a.allegroimg.com\/original\/1178e6\/630cc82c48b0a59e8a7c931f44fb\/1x-opona-zimowa-205-60R18-Vredestein-Wintrac-Pro-Liczba-opon-w-ofercie-1-szt\" srcset=\"https:\/\/a.allegroimg.com\/original\/1178e6\/630cc82c48b0a59e8a7c931f44fb\/1x-opona-zimowa-205-60R18-Vredestein-Wintrac-Pro-Liczba-opon-w-ofercie-1-szt 245w,https:\/\/a.allegroimg.com\/original\/1178e6\/630cc82c48b0a59e8a7c931f44fb\/1x-opona-zimowa-205-60R18-Vredestein-Wintrac-Pro-Liczba-opon-w-ofercie-1-szt 491w,https:\/\/a.allegroimg.com\/original\/1178e6\/630cc82c48b0a59e8a7c931f44fb\/1x-opona-zimowa-205-60R18-Vredestein-Wintrac-Pro-Liczba-opon-w-ofercie-1-szt 698w,https:\/\/a.allegroimg.com\/original\/1178e6\/630cc82c48b0a59e8a7c931f44fb\/1x-opona-zimowa-205-60R18-Vredestein-Wintrac-Pro-Liczba-opon-w-ofercie-1-szt 738w,https:\/\/a.allegroimg.com\/original\/1178e6\/630cc82c48b0a59e8a7c931f44fb\/1x-opona-zimowa-205-60R18-Vredestein-Wintrac-Pro-Liczba-opon-w-ofercie-1-szt 738w\" sizes=\"(min-width: 1200px) 560px, (min-width: 992px) 50vw, 100vw\" width=\"738px\" alt=\"1x opona zimowa 205\/60R18 Vredestein Wintrac Pro Liczba opon w ofercie 1 szt.\" style=\"max-width: 100%; height: auto; display: block; margin: 0 auto;\"><\/div>\n<\/div>\n<\/div>\n<\/div>\n<\/div>\n<\/div>\n<div style=\"clear: both; display: block; margin: 10px 0;\">\n<div style=\"clear: both; display: block; margin: 10px 0;\">\n<div style=\"clear: both; display: block; margin: 10px 0;\">\n<div  style=\"max-width:880px;max-height:259px\">\n<div style=\"clear: both; display: block; margin: 10px 0;\">\n<div style=\"clear: both; width: 100%; display: block; margin: 20px 0; padding: 0; float: none; position: static; text-align: center;\"><img decoding=\"async\"  src=\"https:\/\/a.allegroimg.com\/original\/11b5c6\/d632c70846a7a8d950c961d2a620\/1x-opona-zimowa-205-60R18-Vredestein-Wintrac-Pro-Rok-produkcji-2024\" srcset=\"https:\/\/a.allegroimg.com\/original\/11b5c6\/d632c70846a7a8d950c961d2a620\/1x-opona-zimowa-205-60R18-Vredestein-Wintrac-Pro-Rok-produkcji-2024 360w,https:\/\/a.allegroimg.com\/original\/11b5c6\/d632c70846a7a8d950c961d2a620\/1x-opona-zimowa-205-60R18-Vredestein-Wintrac-Pro-Rok-produkcji-2024 720w,https:\/\/a.allegroimg.com\/original\/11b5c6\/d632c70846a7a8d950c961d2a620\/1x-opona-zimowa-205-60R18-Vredestein-Wintrac-Pro-Rok-produkcji-2024 880w,https:\/\/a.allegroimg.com\/original\/11b5c6\/d632c70846a7a8d950c961d2a620\/1x-opona-zimowa-205-60R18-Vredestein-Wintrac-Pro-Rok-produkcji-2024 880w\" sizes=\"(min-width: 1200px) 560px, (min-width: 992px) 50vw, 100vw\" width=\"880px\" alt=\"1x opona zimowa 205\/60R18 Vredestein Wintrac Pro Rok produkcji 2024\" style=\"max-width: 100%; height: auto; display: block; margin: 0 auto;\"><\/div>\n<\/div>\n<\/div>\n<\/div>\n<\/div>\n<div style=\"clear: both; display: block; margin: 10px 0;\">\n<div style=\"clear: both; display: block; margin: 10px 0;\">\n<h2>O producencie<\/h2>\n<p style=\"margin: 15px 0; line-height: 1.8; clear: both; display: block; width: 100%; float: none; position: static;\"><b>Apollo Vredestein BV<\/b>&nbsp;to&nbsp;producent opon z siedzib\u0105 w&nbsp;Holandii.&nbsp;W 2009 roku zosta\u0142 przej\u0119ty przez&nbsp;Apollo Tires&nbsp;Ltd.&nbsp;Apollo Vredestein BV ma swoj\u0105 siedzib\u0119 w Amsterdamie, Holandii i zak\u0142adzie produkcyjnym w Enschede.&nbsp;Projektuje, produkuje i sprzedaje&nbsp;opony&nbsp;pod markami Apollo i Vredestein za po\u015brednictwem biur w Europie i Ameryce P\u00f3\u0142nocnej.<\/p>\n<p style=\"margin: 15px 0; line-height: 1.8; clear: both; display: block; width: 100%; float: none; position: static;\">Produkty Vredestein obejmuj\u0105 opony samochodowe, opony do zastosowa\u0144 rolniczych i przemys\u0142owych oraz opony rowerowe.&nbsp;Znaczna liczba opon samochodowych zosta\u0142a zaprojektowana przez w\u0142oskiego projektanta&nbsp;Giugiaro Design.&nbsp;Marka ma ponad 100 lat.<\/p>\n<\/div>\n<\/div>\n<\/div>\n<\/div>\n<\/div>\n<\/div>\n<div style=\"clear: both; display: block; margin: 10px 0;\">\n","protected":false},"excerpt":{"rendered":"<p>Cechy Opony:<\/p>\n<p>Stan: Fabrycznie nowa<\/p>\n<p>Dystrybucja: Oficjalny dystrybutor w Polsce<\/p>\n<p>Sezon: zimowe<\/p>\n<p>Producent: Vredestein<\/p>\n<p>Bie\u017cnik: Wintrac Pro<\/p>\n<p>Rozmiar: 205\/60R18<\/p>\n<p>Indeks no\u015bno\u015bci: 99<\/p>\n","protected":false},"featured_media":13558,"template":"","meta":{"_uag_custom_page_level_css":""},"product_brand":[436],"product_cat":[414,413,412,415],"product_tag":[],"class_list":{"0":"post-13557","1":"product","2":"type-product","3":"status-publish","4":"has-post-thumbnail","6":"product_brand-vredestein","7":"product_cat-do-samochodow-osobowych-i-suv","8":"product_cat-opony","9":"product_cat-opony-i-felgi","10":"product_cat-zimowe","12":"first","13":"instock","14":"shipping-taxable","15":"purchasable","16":"product-type-simple"},"uagb_featured_image_src":{"full":["https:\/\/oponixo.shop\/tire\/wp-content\/uploads\/2026\/01\/allegro-image-13557.jpg",450,747,false],"thumbnail":["https:\/\/oponixo.shop\/tire\/wp-content\/uploads\/2026\/01\/allegro-image-13557-150x150.jpg",150,150,true],"medium":["https:\/\/oponixo.shop\/tire\/wp-content\/uploads\/2026\/01\/allegro-image-13557-181x300.jpg",181,300,true],"medium_large":["https:\/\/oponixo.shop\/tire\/wp-content\/uploads\/2026\/01\/allegro-image-13557.jpg",450,747,false],"large":["https:\/\/oponixo.shop\/tire\/wp-content\/uploads\/2026\/01\/allegro-image-13557.jpg",450,747,false],"1536x1536":["https:\/\/oponixo.shop\/tire\/wp-content\/uploads\/2026\/01\/allegro-image-13557.jpg",450,747,false],"2048x2048":["https:\/\/oponixo.shop\/tire\/wp-content\/uploads\/2026\/01\/allegro-image-13557.jpg",450,747,false],"woocommerce_thumbnail":["https:\/\/oponixo.shop\/tire\/wp-content\/uploads\/2026\/01\/allegro-image-13557-300x300.jpg",300,300,true],"woocommerce_single":["https:\/\/oponixo.shop\/tire\/wp-content\/uploads\/2026\/01\/allegro-image-13557.jpg",450,747,false],"woocommerce_gallery_thumbnail":["https:\/\/oponixo.shop\/tire\/wp-content\/uploads\/2026\/01\/allegro-image-13557-100x100.jpg",100,100,true]},"uagb_author_info":{"display_name":"admin","author_link":"https:\/\/oponixo.shop\/tire\/author\/"},"uagb_comment_info":0,"uagb_excerpt":"Cechy Opony: Stan: Fabrycznie nowa Dystrybucja: Oficjalny dystrybutor w Polsce Sezon: zimowe Producent: Vredestein Bie\u017cnik: Wintrac Pro Rozmiar: 205\/60R18 Indeks no\u015bno\u015bci: 99","_links":{"self":[{"href":"https:\/\/oponixo.shop\/tire\/wp-json\/wp\/v2\/product\/13557","targetHints":{"allow":["GET"]}}],"collection":[{"href":"https:\/\/oponixo.shop\/tire\/wp-json\/wp\/v2\/product"}],"about":[{"href":"https:\/\/oponixo.shop\/tire\/wp-json\/wp\/v2\/types\/product"}],"wp:featuredmedia":[{"embeddable":true,"href":"https:\/\/oponixo.shop\/tire\/wp-json\/wp\/v2\/media\/13558"}],"wp:attachment":[{"href":"https:\/\/oponixo.shop\/tire\/wp-json\/wp\/v2\/media?parent=13557"}],"wp:term":[{"taxonomy":"product_brand","embeddable":true,"href":"https:\/\/oponixo.shop\/tire\/wp-json\/wp\/v2\/product_brand?post=13557"},{"taxonomy":"product_cat","embeddable":true,"href":"https:\/\/oponixo.shop\/tire\/wp-json\/wp\/v2\/product_cat?post=13557"},{"taxonomy":"product_tag","embeddable":true,"href":"https:\/\/oponixo.shop\/tire\/wp-json\/wp\/v2\/product_tag?post=13557"}],"curies":[{"name":"wp","href":"https:\/\/api.w.org\/{rel}","templated":true}]}}