{"id":13396,"date":"2026-01-07T00:56:33","date_gmt":"2026-01-06T23:56:33","guid":{"rendered":"https:\/\/oponyprofi.shop\/xef5\/produkt\/2x-dunlop-sp-winter-sport-265-50r19-110-v\/"},"modified":"2026-01-07T00:56:33","modified_gmt":"2026-01-06T23:56:33","slug":"2x-dunlop-sp-winter-sport-265-50r19-110-v","status":"publish","type":"product","link":"https:\/\/oponexa.shop\/tire\/produkt\/2x-dunlop-sp-winter-sport-265-50r19-110-v\/","title":{"rendered":"2x DUNLOP SP WINTER SPORT 265\/50R19 110 V"},"content":{"rendered":"<div style=\"font-family: Arial, sans-serif; line-height: 1.6; color: #333; padding: 20px; clear: both; display: block; width: 100%; float: none; position: static; overflow: hidden;\">\n<div style=\"clear: both; display: block; margin: 10px 0;\">\n<div style=\"clear: both; display: block; margin: 10px 0;\">\n<div style=\"clear: both; display: block; margin: 10px 0;\">\n<h1>2x DUNLOP SP WINTER SPORT 265\/50R19 110 V<\/h1>\n<\/div>\n<\/div>\n<\/div>\n<div style=\"clear: both; display: block; margin: 10px 0;\">\n<div style=\"clear: both; display: block; margin: 10px 0;\">\n<div style=\"clear: both; display: block; margin: 10px 0;\">\n<div  style=\"max-width:920px;max-height:1120px\">\n<div style=\"clear: both; display: block; margin: 10px 0;\">\n<div style=\"clear: both; width: 100%; display: block; margin: 20px 0; padding: 0; float: none; position: static; text-align: center;\"><img decoding=\"async\"  src=\"https:\/\/a.allegroimg.com\/original\/11bb59\/57f40bde4f109fec4dd8fb94c3ca\/2x-DUNLOP-SP-WINTER-SPORT-265-50R19-110-V\" srcset=\"https:\/\/a.allegroimg.com\/original\/11bb59\/57f40bde4f109fec4dd8fb94c3ca\/2x-DUNLOP-SP-WINTER-SPORT-265-50R19-110-V 295w,https:\/\/a.allegroimg.com\/original\/11bb59\/57f40bde4f109fec4dd8fb94c3ca\/2x-DUNLOP-SP-WINTER-SPORT-265-50R19-110-V 591w,https:\/\/a.allegroimg.com\/original\/11bb59\/57f40bde4f109fec4dd8fb94c3ca\/2x-DUNLOP-SP-WINTER-SPORT-265-50R19-110-V 841w,https:\/\/a.allegroimg.com\/original\/11bb59\/57f40bde4f109fec4dd8fb94c3ca\/2x-DUNLOP-SP-WINTER-SPORT-265-50R19-110-V 920w,https:\/\/a.allegroimg.com\/original\/11bb59\/57f40bde4f109fec4dd8fb94c3ca\/2x-DUNLOP-SP-WINTER-SPORT-265-50R19-110-V 920w\" sizes=\"(min-width: 1200px) 560px, (min-width: 992px) 50vw, 100vw\" width=\"920px\" alt=\"2x DUNLOP SP WINTER SPORT 265\/50R19 110 V\" style=\"max-width: 100%; height: auto; display: block; margin: 0 auto;\"><\/div>\n<\/div>\n<\/div>\n<\/div>\n<\/div>\n<div style=\"clear: both; display: block; margin: 10px 0;\">\n<div style=\"clear: both; display: block; margin: 10px 0;\">\n<h2>Zimowe opony SUV\/4&#215;4 DUNLOP SP WINTER SPORT 3D XL MFS N0 265\/50 R19 110V 110 V<\/h2>\n<p style=\"margin: 15px 0; line-height: 1.8; clear: both; display: block; width: 100%; float: none; position: static;\">Rok produkcji: <b>2022<\/b><\/p>\n<p style=\"margin: 15px 0; line-height: 1.8; clear: both; display: block; width: 100%; float: none; position: static;\">EAN: 3188649805136<\/p>\n<p style=\"margin: 15px 0; line-height: 1.8; clear: both; display: block; width: 100%; float: none; position: static;\">Producent: DUNLOP<\/p>\n<p style=\"margin: 15px 0; line-height: 1.8; clear: both; display: block; width: 100%; float: none; position: static;\">Klasa: Premium<\/p>\n<p style=\"margin: 15px 0; line-height: 1.8; clear: both; display: block; width: 100%; float: none; position: static;\">Model: SP WINTER SPORT 3D XL MFS N0<\/p>\n<p style=\"margin: 15px 0; line-height: 1.8; clear: both; display: block; width: 100%; float: none; position: static;\">Rozmiar: 265\/50 R19 110V<\/p>\n<p style=\"margin: 15px 0; line-height: 1.8; clear: both; display: block; width: 100%; float: none; position: static;\">Indeks no\u015bno\u015bci: 110<\/p>\n<p style=\"margin: 15px 0; line-height: 1.8; clear: both; display: block; width: 100%; float: none; position: static;\">Indeks pr\u0119dko\u015bci: V<\/p>\n<p style=\"margin: 15px 0; line-height: 1.8; clear: both; display: block; width: 100%; float: none; position: static;\">Ha\u0142as db: 73<\/p>\n<p style=\"margin: 15px 0; line-height: 1.8; clear: both; display: block; width: 100%; float: none; position: static;\">Sezon: Zimowe<\/p>\n<p style=\"margin: 15px 0; line-height: 1.8; clear: both; display: block; width: 100%; float: none; position: static;\">Przeznaczenie: SUV\/4&#215;4<\/p>\n<p style=\"margin: 15px 0; line-height: 1.8; clear: both; display: block; width: 100%; float: none; position: static;\">* Zdj\u0119cia opon na aukcjach maj\u0105 charakter pogl\u0105dowy. Opony mog\u0105 si\u0119 r\u00f3\u017cni\u0107 od tej prezentowanej na zdj\u0119ciu. (np. mo\u017ce mie\u0107 rant ochronny, wi\u0119cej lub mniej rowk\u00f3w obwodowych, bia\u0142e napisy albo ich brak).<\/p>\n<p style=\"margin: 15px 0; line-height: 1.8; clear: both; display: block; width: 100%; float: none; position: static;\">W sezonie wysy\u0142kowym mog\u0105 nast\u0105pi\u0107 nieznaczne op\u00f3\u017anienia w realizacji i dostawie. Prosz\u0119 mie\u0107 to na uwadze sk\u0142adaj\u0105c zam\u00f3wienie.<\/p>\n<\/div>\n<\/div>\n<\/div>\n<div style=\"clear: both; display: block; margin: 10px 0;\">\n<div style=\"clear: both; display: block; margin: 10px 0;\">\n<div style=\"clear: both; display: block; margin: 10px 0;\">\n<div  style=\"max-width:865px;max-height:257px\">\n<div style=\"clear: both; display: block; margin: 10px 0;\">\n<div style=\"clear: both; width: 100%; display: block; margin: 20px 0; padding: 0; float: none; position: static; text-align: center;\"><img decoding=\"async\"  src=\"https:\/\/a.allegroimg.com\/original\/11de89\/9f124fc542cbb2b12e2f7bd4f760\/2x-DUNLOP-SP-WINTER-SPORT-265-50R19-110-V-Liczba-opon-w-ofercie-2-szt\" srcset=\"https:\/\/a.allegroimg.com\/original\/11de89\/9f124fc542cbb2b12e2f7bd4f760\/2x-DUNLOP-SP-WINTER-SPORT-265-50R19-110-V-Liczba-opon-w-ofercie-2-szt 360w,https:\/\/a.allegroimg.com\/original\/11de89\/9f124fc542cbb2b12e2f7bd4f760\/2x-DUNLOP-SP-WINTER-SPORT-265-50R19-110-V-Liczba-opon-w-ofercie-2-szt 720w,https:\/\/a.allegroimg.com\/original\/11de89\/9f124fc542cbb2b12e2f7bd4f760\/2x-DUNLOP-SP-WINTER-SPORT-265-50R19-110-V-Liczba-opon-w-ofercie-2-szt 865w,https:\/\/a.allegroimg.com\/original\/11de89\/9f124fc542cbb2b12e2f7bd4f760\/2x-DUNLOP-SP-WINTER-SPORT-265-50R19-110-V-Liczba-opon-w-ofercie-2-szt 865w\" sizes=\"100vw\" width=\"865px\" alt=\"2x DUNLOP SP WINTER SPORT 265\/50R19 110 V Liczba opon w ofercie 2 szt.\" style=\"max-width: 100%; height: auto; display: block; margin: 0 auto;\"><\/div>\n<\/div>\n<\/div>\n<\/div>\n<\/div>\n<\/div>\n<div style=\"clear: both; display: block; margin: 10px 0;\">\n<div style=\"clear: both; display: block; margin: 10px 0;\">\n<div style=\"clear: both; display: block; margin: 10px 0;\">\n<p style=\"margin: 15px 0; line-height: 1.8; clear: both; display: block; width: 100%; float: none; position: static;\">Dunlop &#8211; z pasj\u0105 do pr\u0119dko\u015bci<\/p>\n<p style=\"margin: 15px 0; line-height: 1.8; clear: both; display: block; width: 100%; float: none; position: static;\">Przez ponad wiek Dunlop pozostaje synonimem doskona\u0142o\u015bci i niezawodno\u015bci w \u015bwiecie oponiarskim. Ta renomowana marka, za\u0142o\u017cona w 1888 roku przez Johna Boyda Dunlopa, od samego pocz\u0105tku d\u0105\u017cy\u0142a do stworzenia opon, kt\u00f3re podnios\u0105 poziom jazdy na nowe wy\u017cyny.<\/p>\n<p style=\"margin: 15px 0; line-height: 1.8; clear: both; display: block; width: 100%; float: none; position: static;\">Historia Dunlop to opowie\u015b\u0107 o nieustannym d\u0105\u017ceniu do doskona\u0142o\u015bci. Marka ta rozpocz\u0119\u0142a swoj\u0105 podr\u00f3\u017c w Szkocji, a szybko zdoby\u0142a uznanie na ca\u0142ym \u015bwiecie. Obecnie Dunlop ma fabryki w r\u00f3\u017cnych miejscach, w tym w Europie, Ameryce P\u00f3\u0142nocnej i Azji. Nale\u017cy r\u00f3wnie\u017c wspomnie\u0107, \u017ce Dunlop posiada swoj\u0105 fabryk\u0119 w Polsce, co \u015bwiadczy o ich zaanga\u017cowaniu w rozw\u00f3j przemys\u0142u oponiarskiego w kraju.<\/p>\n<p style=\"margin: 15px 0; line-height: 1.8; clear: both; display: block; width: 100%; float: none; position: static;\">Opony Dunlop s\u0105 przeznaczone dla r\u00f3\u017cnych segment\u00f3w rynku, od samochod\u00f3w osobowych po pojazdy terenowe, a nawet wy\u015bcigowe. Innowacyjne rozwi\u0105zania technologiczne zapewniaj\u0105 doskona\u0142\u0105 przyczepno\u015b\u0107, precyzyjne sterowanie i wyj\u0105tkowy komfort jazdy. Bez wzgl\u0119du na styl jazdy i warunki drogowe, Dunlop ma idealne opony, kt\u00f3re sprostaj\u0105 oczekiwaniom nawet najbardziej wymagaj\u0105cych kierowc\u00f3w.<\/p>\n<p style=\"margin: 15px 0; line-height: 1.8; clear: both; display: block; width: 100%; float: none; position: static;\">Jednak Dunlop to nie tylko producent opon &#8211; to marka z d\u0142ugim dziedzictwem w \u015bwiecie motorsportu. Od dawna zwi\u0105zana z wy\u015bcigami, Dunlop dostarcza opony dla czo\u0142owych zespo\u0142\u00f3w i kierowc\u00f3w na ca\u0142ym \u015bwiecie. Ich zaanga\u017cowanie w sport motorowy przek\u0142ada si\u0119 na innowacyjne technologie i niezawodno\u015b\u0107 opon Dunlop, kt\u00f3re przekraczaj\u0105 granice pr\u0119dko\u015bci i dominuj\u0105 na torach wy\u015bcigowych.<\/p>\n<p style=\"margin: 15px 0; line-height: 1.8; clear: both; display: block; width: 100%; float: none; position: static;\">Ciekawostk\u0105 jest fakt, \u017ce Dunlop by\u0142 pierwszym producentem, kt\u00f3ry zastosowa\u0142 bie\u017cnik na oponach, co znacz\u0105co poprawi\u0142o przyczepno\u015b\u0107 i bezpiecze\u0144stwo na drodze. Ta rewolucyjna innowacja, zapocz\u0105tkowana przez Dunlopa, wyznaczy\u0142a standardy w przemy\u015ble oponiarskim.<\/p>\n<p style=\"margin: 15px 0; line-height: 1.8; clear: both; display: block; width: 100%; float: none; position: static;\">Dunlop to marka, kt\u00f3ra \u0142\u0105czy w sobie tradycj\u0119 i innowacj\u0119. Ich pasja do pr\u0119dko\u015bci, po\u0142\u0105czona z nieustannym rozwojem, sprawia, \u017ce opony Dunlop s\u0105 nieod\u0142\u0105cznym elementem motoryzacji. Wybieraj\u0105c opony Dunlop, kierowcy mog\u0105 by\u0107 pewni, \u017ce ich podr\u00f3\u017c b\u0119dzie pe\u0142na ekscytuj\u0105cych wra\u017ce\u0144 i niezawodno\u015bci.<\/p>\n<\/div>\n<\/div>\n<\/div>\n<div style=\"clear: both; display: block; margin: 10px 0;\">\n<div style=\"clear: both; display: block; margin: 10px 0;\">\n<div style=\"clear: both; display: block; margin: 10px 0;\">\n<div  style=\"max-width:1200px;max-height:1758px\">\n<div style=\"clear: both; display: block; margin: 10px 0;\">\n<div style=\"clear: both; width: 100%; display: block; margin: 20px 0; padding: 0; float: none; position: static; text-align: center;\"><img decoding=\"async\"  src=\"https:\/\/a.allegroimg.com\/original\/11595e\/85d4032b4d76a03dd1334cc8b767\/2x-DUNLOP-SP-WINTER-SPORT-265-50R19-110-V-Rok-produkcji-2022\" srcset=\"https:\/\/a.allegroimg.com\/original\/11595e\/85d4032b4d76a03dd1334cc8b767\/2x-DUNLOP-SP-WINTER-SPORT-265-50R19-110-V-Rok-produkcji-2022 245w,https:\/\/a.allegroimg.com\/original\/11595e\/85d4032b4d76a03dd1334cc8b767\/2x-DUNLOP-SP-WINTER-SPORT-265-50R19-110-V-Rok-produkcji-2022 491w,https:\/\/a.allegroimg.com\/original\/11595e\/85d4032b4d76a03dd1334cc8b767\/2x-DUNLOP-SP-WINTER-SPORT-265-50R19-110-V-Rok-produkcji-2022 698w,https:\/\/a.allegroimg.com\/original\/11595e\/85d4032b4d76a03dd1334cc8b767\/2x-DUNLOP-SP-WINTER-SPORT-265-50R19-110-V-Rok-produkcji-2022 982w,https:\/\/a.allegroimg.com\/original\/11595e\/85d4032b4d76a03dd1334cc8b767\/2x-DUNLOP-SP-WINTER-SPORT-265-50R19-110-V-Rok-produkcji-2022 1200w\" sizes=\"(min-width: 1200px) 560px, (min-width: 992px) 50vw, 100vw\" width=\"1200px\" alt=\"2x DUNLOP SP WINTER SPORT 265\/50R19 110 V Rok produkcji 2022\" style=\"max-width: 100%; height: auto; display: block; margin: 0 auto;\"><\/div>\n<\/div>\n<\/div>\n<\/div>\n<\/div>\n<div style=\"clear: both; display: block; margin: 10px 0;\">\n<div style=\"clear: both; display: block; margin: 10px 0;\">\n<h3 style=\"color: #2c5aa0; font-size: 18px; margin: 30px 0 15px 0; font-weight: bold; clear: both; display: block; width: 100%; float: none; position: static;\">Dlaczego warto kupowa\u0107 u nas?<\/h3>\n<p style=\"margin: 15px 0; line-height: 1.8; clear: both; display: block; width: 100%; float: none; position: static;\">Nasza firma dzia\u0142a na rynku ju\u017c od 2007 roku, dlatego mamy naprawd\u0119 bogate do\u015bwiadczenie w tym, co robimy.<\/p>\n<p style=\"margin: 15px 0; line-height: 1.8; clear: both; display: block; width: 100%; float: none; position: static;\">Oferujemy Pa\u0144stwu szeroki asortyment towar\u00f3w i stale pracujemy nad jego poszerzaniem.<\/p>\n<p style=\"margin: 15px 0; line-height: 1.8; clear: both; display: block; width: 100%; float: none; position: static;\">W naszej ofercie ka\u017cdy znajdzie co\u015b dla siebie, zar\u00f3wno wymagaj\u0105cy klient, jak r\u00f3wnie\u017c ten, kt\u00f3ry chce zaoszcz\u0119dzi\u0107.<\/p>\n<p style=\"margin: 15px 0; line-height: 1.8; clear: both; display: block; width: 100%; float: none; position: static;\">Zakupy mo\u017cna u nas robi\u0107 spokojnie i z zaufaniem.<\/p>\n<p style=\"margin: 15px 0; line-height: 1.8; clear: both; display: block; width: 100%; float: none; position: static;\">Je\u015bli z jakiego\u015b powodu nie b\u0119dziesz zadowolony z naszego towaru, mo\u017cna go zwr\u00f3ci\u0107 w ci\u0105gu 14 dni bez podania przyczyny, a my zwr\u00f3cimy pieni\u0105dze.<\/p>\n<p style=\"margin: 15px 0; line-height: 1.8; clear: both; display: block; width: 100%; float: none; position: static;\">W razie jakichkolwiek problem\u00f3w do dyspozycji s\u0105 r\u00f3wnie\u017c nasi operatorzy z\u202fDzia\u0142u Obs\u0142ugi Klienta.<\/p>\n<\/div>\n<\/div>\n<\/div>\n<\/div>\n<\/div>\n<\/div>\n<div style=\"clear: both; display: block; margin: 10px 0;\">\n","protected":false},"excerpt":{"rendered":"<p>2x DUNLOP SP WINTER SPORT 265\/50R19 110 V<\/p>\n<p>Zimowe opony SUV\/4&#215;4 DUNLOP SP WINTER SPORT 3D XL MFS N0 265\/50 R19 110V 110 V<\/p>\n<p>Rok produkcji: 2022<\/p>\n<p>EAN: 3188649805136<\/p>\n<p>Producent: DUNLOP<\/p>\n<p>Klasa: Premium<\/p>\n<p>Model: SP WINTER SPORT 3D XL MFS N0<\/p>\n<p>Rozmiar: 265\/50 R19 110V<\/p>\n","protected":false},"featured_media":13397,"template":"","meta":{"_uag_custom_page_level_css":""},"product_brand":[453],"product_cat":[414,413,412,415],"product_tag":[],"class_list":{"0":"post-13396","1":"product","2":"type-product","3":"status-publish","4":"has-post-thumbnail","6":"product_brand-dunlop","7":"product_cat-do-samochodow-osobowych-i-suv","8":"product_cat-opony","9":"product_cat-opony-i-felgi","10":"product_cat-zimowe","12":"first","13":"instock","14":"shipping-taxable","15":"purchasable","16":"product-type-simple"},"uagb_featured_image_src":{"full":["https:\/\/oponexa.shop\/tire\/wp-content\/uploads\/2026\/01\/allegro-image-13396.jpg",920,1120,false],"thumbnail":["https:\/\/oponexa.shop\/tire\/wp-content\/uploads\/2026\/01\/allegro-image-13396-150x150.jpg",150,150,true],"medium":["https:\/\/oponexa.shop\/tire\/wp-content\/uploads\/2026\/01\/allegro-image-13396-246x300.jpg",246,300,true],"medium_large":["https:\/\/oponexa.shop\/tire\/wp-content\/uploads\/2026\/01\/allegro-image-13396-768x935.jpg",768,935,true],"large":["https:\/\/oponexa.shop\/tire\/wp-content\/uploads\/2026\/01\/allegro-image-13396-841x1024.jpg",841,1024,true],"1536x1536":["https:\/\/oponexa.shop\/tire\/wp-content\/uploads\/2026\/01\/allegro-image-13396.jpg",920,1120,false],"2048x2048":["https:\/\/oponexa.shop\/tire\/wp-content\/uploads\/2026\/01\/allegro-image-13396.jpg",920,1120,false],"woocommerce_thumbnail":["https:\/\/oponexa.shop\/tire\/wp-content\/uploads\/2026\/01\/allegro-image-13396-300x300.jpg",300,300,true],"woocommerce_single":["https:\/\/oponexa.shop\/tire\/wp-content\/uploads\/2026\/01\/allegro-image-13396-600x730.jpg",600,730,true],"woocommerce_gallery_thumbnail":["https:\/\/oponexa.shop\/tire\/wp-content\/uploads\/2026\/01\/allegro-image-13396-100x100.jpg",100,100,true]},"uagb_author_info":{"display_name":"admin","author_link":"https:\/\/oponexa.shop\/tire\/author\/"},"uagb_comment_info":0,"uagb_excerpt":"2x DUNLOP SP WINTER SPORT 265\/50R19 110 V Zimowe opony SUV\/4x4 DUNLOP SP WINTER SPORT 3D XL MFS N0 265\/50 R19 110V 110 V Rok produkcji: 2022 EAN: 3188649805136 Producent: DUNLOP Klasa: Premium Model: SP WINTER SPORT 3D XL MFS N0 Rozmiar: 265\/50 R19 110V","_links":{"self":[{"href":"https:\/\/oponexa.shop\/tire\/wp-json\/wp\/v2\/product\/13396","targetHints":{"allow":["GET"]}}],"collection":[{"href":"https:\/\/oponexa.shop\/tire\/wp-json\/wp\/v2\/product"}],"about":[{"href":"https:\/\/oponexa.shop\/tire\/wp-json\/wp\/v2\/types\/product"}],"wp:featuredmedia":[{"embeddable":true,"href":"https:\/\/oponexa.shop\/tire\/wp-json\/wp\/v2\/media\/13397"}],"wp:attachment":[{"href":"https:\/\/oponexa.shop\/tire\/wp-json\/wp\/v2\/media?parent=13396"}],"wp:term":[{"taxonomy":"product_brand","embeddable":true,"href":"https:\/\/oponexa.shop\/tire\/wp-json\/wp\/v2\/product_brand?post=13396"},{"taxonomy":"product_cat","embeddable":true,"href":"https:\/\/oponexa.shop\/tire\/wp-json\/wp\/v2\/product_cat?post=13396"},{"taxonomy":"product_tag","embeddable":true,"href":"https:\/\/oponexa.shop\/tire\/wp-json\/wp\/v2\/product_tag?post=13396"}],"curies":[{"name":"wp","href":"https:\/\/api.w.org\/{rel}","templated":true}]}}