{"id":13248,"date":"2026-01-06T11:18:02","date_gmt":"2026-01-06T10:18:02","guid":{"rendered":"https:\/\/oponyprofi.shop\/xef5\/produkt\/2x-michelin-pilot-alpin-5-265-35r20-99w\/"},"modified":"2026-01-06T11:18:03","modified_gmt":"2026-01-06T10:18:03","slug":"2x-michelin-pilot-alpin-5-265-35r20-99w","status":"publish","type":"product","link":"https:\/\/oponexa.shop\/tire\/produkt\/2x-michelin-pilot-alpin-5-265-35r20-99w\/","title":{"rendered":"2x Michelin PILOT ALPIN 5 265\/35R20 99W"},"content":{"rendered":"<div style=\"font-family: Arial, sans-serif; line-height: 1.6; color: #333; padding: 20px; clear: both; display: block; width: 100%; float: none; position: static; overflow: hidden;\">\n<div style=\"clear: both; display: block; margin: 10px 0;\">\n<div style=\"clear: both; display: block; margin: 10px 0;\">\n<div style=\"clear: both; display: block; margin: 10px 0;\">\n<h1>2x nowe opony zimowe MICHELIN PILOT ALPIN 5 265\/35R20 99W<\/h1>\n<p style=\"margin: 15px 0; line-height: 1.8; clear: both; display: block; width: 100%; float: none; position: static;\">Cechy produktu<\/p>\n<ul style=\"margin: 15px 0; padding-left: 20px; clear: both; display: block; width: 100%; float: none; position: static;\">\n<li style=\"margin: 5px 0; padding: 2px 0; clear: both; display: list-item; float: none; position: static;\">Marka: Michelin<\/li>\n<li style=\"margin: 5px 0; padding: 2px 0; clear: both; display: list-item; float: none; position: static;\">Model: PILOT ALPIN 5<\/li>\n<li style=\"margin: 5px 0; padding: 2px 0; clear: both; display: list-item; float: none; position: static;\">Szeroko\u015b\u0107\/profil\/\u015brednica: 265\/35R20<\/li>\n<li style=\"margin: 5px 0; padding: 2px 0; clear: both; display: list-item; float: none; position: static;\">Indeks no\u015bno\u015bci: do 99 (775 kg na opon\u0119)<\/li>\n<li style=\"margin: 5px 0; padding: 2px 0; clear: both; display: list-item; float: none; position: static;\">Indeks pr\u0119dko\u015bci: W (do 270 km\/h)<\/li>\n<li style=\"margin: 5px 0; padding: 2px 0; clear: both; display: list-item; float: none; position: static;\">Sezon: zimowe<\/li>\n<li style=\"margin: 5px 0; padding: 2px 0; clear: both; display: list-item; float: none; position: static;\">Typ pojazdu: osobowy<\/li>\n<li style=\"margin: 5px 0; padding: 2px 0; clear: both; display: list-item; float: none; position: static;\">Klasa energetyczna: C<\/li>\n<li style=\"margin: 5px 0; padding: 2px 0; clear: both; display: list-item; float: none; position: static;\">Klasa przyczepno\u015bci: B<\/li>\n<li style=\"margin: 5px 0; padding: 2px 0; clear: both; display: list-item; float: none; position: static;\">Poziom ha\u0142asu: 71<\/li>\n<li style=\"margin: 5px 0; padding: 2px 0; clear: both; display: list-item; float: none; position: static;\">Klasa ha\u0142asu: B<\/li>\n<li style=\"margin: 5px 0; padding: 2px 0; clear: both; display: list-item; float: none; position: static;\">Rok produkcji: 2025<\/li>\n<li style=\"margin: 5px 0; padding: 2px 0; clear: both; display: list-item; float: none; position: static;\">Oznaczenia_dodatkowe: XL<\/li>\n<\/ul>\n<\/div>\n<\/div>\n<div style=\"clear: both; display: block; margin: 10px 0;\">\n<div style=\"clear: both; display: block; margin: 10px 0;\">\n<div  style=\"max-width:800px;max-height:800px\">\n<div style=\"clear: both; display: block; margin: 10px 0;\">\n<div style=\"clear: both; width: 100%; display: block; margin: 20px 0; padding: 0; float: none; position: static; text-align: center;\"><img decoding=\"async\"  src=\"https:\/\/a.allegroimg.com\/original\/113aee\/44fe2ec8404785e0b031b2fbccc6\/2x-Michelin-PILOT-ALPIN-5-265-35R20-99W\" srcset=\"https:\/\/a.allegroimg.com\/original\/113aee\/44fe2ec8404785e0b031b2fbccc6\/2x-Michelin-PILOT-ALPIN-5-265-35R20-99W 360w,https:\/\/a.allegroimg.com\/original\/113aee\/44fe2ec8404785e0b031b2fbccc6\/2x-Michelin-PILOT-ALPIN-5-265-35R20-99W 720w,https:\/\/a.allegroimg.com\/original\/113aee\/44fe2ec8404785e0b031b2fbccc6\/2x-Michelin-PILOT-ALPIN-5-265-35R20-99W 800w,https:\/\/a.allegroimg.com\/original\/113aee\/44fe2ec8404785e0b031b2fbccc6\/2x-Michelin-PILOT-ALPIN-5-265-35R20-99W 800w\" sizes=\"(min-width: 1200px) 560px, (min-width: 992px) 50vw, 100vw\" width=\"800px\" alt=\"2x Michelin PILOT ALPIN 5 265\/35R20 99W\" style=\"max-width: 100%; height: auto; display: block; margin: 0 auto;\"><\/div>\n<\/div>\n<\/div>\n<\/div>\n<\/div>\n<\/div>\n<div style=\"clear: both; display: block; margin: 10px 0;\">\n<div style=\"clear: both; display: block; margin: 10px 0;\">\n<div style=\"clear: both; display: block; margin: 10px 0;\">\n<div  style=\"max-width:212px;max-height:305px\">\n<div style=\"clear: both; display: block; margin: 10px 0;\">\n<div style=\"clear: both; width: 100%; display: block; margin: 20px 0; padding: 0; float: none; position: static; text-align: center;\"><img decoding=\"async\"  src=\"https:\/\/a.allegroimg.com\/original\/1145bd\/5ac2cbd446c69a5412409fedb461\/2x-Michelin-PILOT-ALPIN-5-265-35R20-99W-Liczba-opon-w-ofercie-2-szt\" srcset=\"https:\/\/a.allegroimg.com\/original\/1145bd\/5ac2cbd446c69a5412409fedb461\/2x-Michelin-PILOT-ALPIN-5-265-35R20-99W-Liczba-opon-w-ofercie-2-szt 212w,https:\/\/a.allegroimg.com\/original\/1145bd\/5ac2cbd446c69a5412409fedb461\/2x-Michelin-PILOT-ALPIN-5-265-35R20-99W-Liczba-opon-w-ofercie-2-szt 212w\" sizes=\"(min-width: 1200px) 560px, (min-width: 992px) 50vw, 100vw\" width=\"212px\" alt=\"2x Michelin PILOT ALPIN 5 265\/35R20 99W Liczba opon w ofercie 2 szt.\" style=\"max-width: 100%; height: auto; display: block; margin: 0 auto;\"><\/div>\n<\/div>\n<\/div>\n<\/div>\n<\/div>\n<div style=\"clear: both; display: block; margin: 10px 0;\">\n<div style=\"clear: both; display: block; margin: 10px 0;\">\n<div  style=\"max-width:584px;max-height:178px\">\n<div style=\"clear: both; display: block; margin: 10px 0;\">\n<div style=\"clear: both; width: 100%; display: block; margin: 20px 0; padding: 0; float: none; position: static; text-align: center;\"><img decoding=\"async\"  src=\"https:\/\/a.allegroimg.com\/original\/11283d\/bcaf93ab49c8b3bc4d02694b479b\/2x-Michelin-PILOT-ALPIN-5-265-35R20-99W-Rok-produkcji-2025\" srcset=\"https:\/\/a.allegroimg.com\/original\/11283d\/bcaf93ab49c8b3bc4d02694b479b\/2x-Michelin-PILOT-ALPIN-5-265-35R20-99W-Rok-produkcji-2025 360w,https:\/\/a.allegroimg.com\/original\/11283d\/bcaf93ab49c8b3bc4d02694b479b\/2x-Michelin-PILOT-ALPIN-5-265-35R20-99W-Rok-produkcji-2025 584w,https:\/\/a.allegroimg.com\/original\/11283d\/bcaf93ab49c8b3bc4d02694b479b\/2x-Michelin-PILOT-ALPIN-5-265-35R20-99W-Rok-produkcji-2025 584w\" sizes=\"(min-width: 1200px) 560px, (min-width: 992px) 50vw, 100vw\" width=\"584px\" alt=\"2x Michelin PILOT ALPIN 5 265\/35R20 99W Rok produkcji 2025\" style=\"max-width: 100%; height: auto; display: block; margin: 0 auto;\"><\/div>\n<\/div>\n<\/div>\n<\/div>\n<\/div>\n<\/div>\n<div style=\"clear: both; display: block; margin: 10px 0;\">\n<div style=\"clear: both; display: block; margin: 10px 0;\">\n<div style=\"clear: both; display: block; margin: 10px 0;\">\n<p style=\"margin: 15px 0; line-height: 1.8; clear: both; display: block; width: 100%; float: none; position: static;\">Michelin to najwi\u0119kszy w Europie i jeden z najwi\u0119kszych na \u015bwiecie producent opon. Jego siedziba znajduje si\u0119 w Clermont-Ferrand (Puy-de-D\u00f4me) we Francji. Michelin znany jest r\u00f3wnie\u017c z wydawanych przez siebie map i przewodnik\u00f3w (\u201eGuide Michelin\u201d) dla turyst\u00f3w zmotoryzowanych.<\/p>\n<p style=\"margin: 15px 0; line-height: 1.8; clear: both; display: block; width: 100%; float: none; position: static;\">Opony Michelin nale\u017c\u0105 do najwy\u017cszej klasy jako\u015bciowej i ciesz\u0105 si\u0119 uznaniem w ponad 170 krajach ca\u0142ego \u015bwiata. Grupa Michelin produkuje niespe\u0142na 200 milion\u00f3w opon rocznie w 68 zak\u0142adach produkcyjnych rozmieszczonych w 17 krajach, m.in. w Polsce (Olsztyn)<\/p>\n<p style=\"margin: 15px 0; line-height: 1.8; clear: both; display: block; width: 100%; float: none; position: static;\">W sk\u0142ad koncernu wchodz\u0105 nast\u0119puj\u0105ce marki:<\/p>\n<ul style=\"margin: 15px 0; padding-left: 20px; clear: both; display: block; width: 100%; float: none; position: static;\">\n<li style=\"margin: 5px 0; padding: 2px 0; clear: both; display: list-item; float: none; position: static;\">marka premium &#8211; <b>Michelin<\/b>,<\/li>\n<li style=\"margin: 5px 0; padding: 2px 0; clear: both; display: list-item; float: none; position: static;\">marki klasy \u015bredniej &#8211; <b>Kleber<\/b> i <b>BFGoodrich<\/b>,<\/li>\n<li style=\"margin: 5px 0; padding: 2px 0; clear: both; display: list-item; float: none; position: static;\">marki klasy bud\u017cet &#8211; <b>Riken<\/b>, <b>Taurus<\/b>, <b>Kormoran<\/b>, <b>Warrior<\/b> oraz <b>Tigar<\/b>.<\/li>\n<\/ul>\n<\/div>\n<\/div>\n<\/div>\n<\/div>\n<\/div>\n<\/div>\n<div style=\"clear: both; display: block; margin: 10px 0;\">\n","protected":false},"excerpt":{"rendered":"<p>2x nowe opony zimowe MICHELIN PILOT ALPIN 5 265\/35R20 99W<\/p>\n<p>Cechy produktu<\/p>\n<p>Marka: Michelin<\/p>\n<p>Model: PILOT ALPIN 5<\/p>\n<p>Szeroko\u015b\u0107\/profil\/\u015brednica: 265\/35R20<\/p>\n<p>Indeks no\u015bno\u015bci: do 99 (775 kg na opon\u0119)<\/p>\n<p>Indeks pr\u0119dko\u015bci: W (do 270 km\/h)<\/p>\n<p>Sezon: zimowe<\/p>\n","protected":false},"featured_media":13249,"template":"","meta":{"_uag_custom_page_level_css":""},"product_brand":[429],"product_cat":[414,413,412,415],"product_tag":[],"class_list":{"0":"post-13248","1":"product","2":"type-product","3":"status-publish","4":"has-post-thumbnail","6":"product_brand-michelin","7":"product_cat-do-samochodow-osobowych-i-suv","8":"product_cat-opony","9":"product_cat-opony-i-felgi","10":"product_cat-zimowe","12":"first","13":"instock","14":"shipping-taxable","15":"purchasable","16":"product-type-simple"},"uagb_featured_image_src":{"full":["https:\/\/oponexa.shop\/tire\/wp-content\/uploads\/2026\/01\/allegro-image-13248.jpg",800,800,false],"thumbnail":["https:\/\/oponexa.shop\/tire\/wp-content\/uploads\/2026\/01\/allegro-image-13248-150x150.jpg",150,150,true],"medium":["https:\/\/oponexa.shop\/tire\/wp-content\/uploads\/2026\/01\/allegro-image-13248-300x300.jpg",300,300,true],"medium_large":["https:\/\/oponexa.shop\/tire\/wp-content\/uploads\/2026\/01\/allegro-image-13248-768x768.jpg",768,768,true],"large":["https:\/\/oponexa.shop\/tire\/wp-content\/uploads\/2026\/01\/allegro-image-13248.jpg",800,800,false],"1536x1536":["https:\/\/oponexa.shop\/tire\/wp-content\/uploads\/2026\/01\/allegro-image-13248.jpg",800,800,false],"2048x2048":["https:\/\/oponexa.shop\/tire\/wp-content\/uploads\/2026\/01\/allegro-image-13248.jpg",800,800,false],"woocommerce_thumbnail":["https:\/\/oponexa.shop\/tire\/wp-content\/uploads\/2026\/01\/allegro-image-13248-300x300.jpg",300,300,true],"woocommerce_single":["https:\/\/oponexa.shop\/tire\/wp-content\/uploads\/2026\/01\/allegro-image-13248-600x600.jpg",600,600,true],"woocommerce_gallery_thumbnail":["https:\/\/oponexa.shop\/tire\/wp-content\/uploads\/2026\/01\/allegro-image-13248-100x100.jpg",100,100,true]},"uagb_author_info":{"display_name":"admin","author_link":"https:\/\/oponexa.shop\/tire\/author\/"},"uagb_comment_info":0,"uagb_excerpt":"2x nowe opony zimowe MICHELIN PILOT ALPIN 5 265\/35R20 99W Cechy produktu Marka: Michelin Model: PILOT ALPIN 5 Szeroko\u015b\u0107\/profil\/\u015brednica: 265\/35R20 Indeks no\u015bno\u015bci: do 99 (775 kg na opon\u0119) Indeks pr\u0119dko\u015bci: W (do 270 km\/h) Sezon: zimowe","_links":{"self":[{"href":"https:\/\/oponexa.shop\/tire\/wp-json\/wp\/v2\/product\/13248","targetHints":{"allow":["GET"]}}],"collection":[{"href":"https:\/\/oponexa.shop\/tire\/wp-json\/wp\/v2\/product"}],"about":[{"href":"https:\/\/oponexa.shop\/tire\/wp-json\/wp\/v2\/types\/product"}],"wp:featuredmedia":[{"embeddable":true,"href":"https:\/\/oponexa.shop\/tire\/wp-json\/wp\/v2\/media\/13249"}],"wp:attachment":[{"href":"https:\/\/oponexa.shop\/tire\/wp-json\/wp\/v2\/media?parent=13248"}],"wp:term":[{"taxonomy":"product_brand","embeddable":true,"href":"https:\/\/oponexa.shop\/tire\/wp-json\/wp\/v2\/product_brand?post=13248"},{"taxonomy":"product_cat","embeddable":true,"href":"https:\/\/oponexa.shop\/tire\/wp-json\/wp\/v2\/product_cat?post=13248"},{"taxonomy":"product_tag","embeddable":true,"href":"https:\/\/oponexa.shop\/tire\/wp-json\/wp\/v2\/product_tag?post=13248"}],"curies":[{"name":"wp","href":"https:\/\/api.w.org\/{rel}","templated":true}]}}