{"id":13157,"date":"2026-01-05T20:51:50","date_gmt":"2026-01-05T19:51:50","guid":{"rendered":"https:\/\/oponyprofi.shop\/xef5\/produkt\/2-x-yokohama-advan-sport-v105t-265-55r19-109-w-fr-opona-letnia\/"},"modified":"2026-01-05T20:51:51","modified_gmt":"2026-01-05T19:51:51","slug":"2-x-yokohama-advan-sport-v105t-265-55r19-109-w-fr-opona-letnia","status":"publish","type":"product","link":"https:\/\/oponixo.shop\/tire\/produkt\/2-x-yokohama-advan-sport-v105t-265-55r19-109-w-fr-opona-letnia\/","title":{"rendered":"2 x Yokohama Advan Sport V105T 265\/55R19 109 W FR opona letnia"},"content":{"rendered":"<div style=\"font-family: Arial, sans-serif; line-height: 1.6; color: #333; padding: 20px; clear: both; display: block; width: 100%; float: none; position: static; overflow: hidden;\">\n<div style=\"clear: both; display: block; margin: 10px 0;\">\n<div style=\"clear: both; display: block; margin: 10px 0;\">\n<div style=\"clear: both; display: block; margin: 10px 0;\">\n<div  style=\"max-width:333px;max-height:500px\">\n<div style=\"clear: both; display: block; margin: 10px 0;\">\n<div style=\"clear: both; width: 100%; display: block; margin: 20px 0; padding: 0; float: none; position: static; text-align: center;\"><img decoding=\"async\"  src=\"https:\/\/a.allegroimg.com\/original\/114109\/d2ca704849af8465128dd6277c3f\/2-x-Yokohama-Advan-Sport-V105T-265-55R19-109-W-FR-opona-letnia\" srcset=\"https:\/\/a.allegroimg.com\/original\/114109\/d2ca704849af8465128dd6277c3f\/2-x-Yokohama-Advan-Sport-V105T-265-55R19-109-W-FR-opona-letnia 239w,https:\/\/a.allegroimg.com\/original\/114109\/d2ca704849af8465128dd6277c3f\/2-x-Yokohama-Advan-Sport-V105T-265-55R19-109-W-FR-opona-letnia 333w,https:\/\/a.allegroimg.com\/original\/114109\/d2ca704849af8465128dd6277c3f\/2-x-Yokohama-Advan-Sport-V105T-265-55R19-109-W-FR-opona-letnia 333w\" sizes=\"(min-width: 1200px) 560px, (min-width: 992px) 50vw, 100vw\" width=\"333px\" alt=\"2 x Yokohama Advan Sport V105T 265\/55R19 109 W FR opona letnia\"\/ style=\"max-width: 100%; height: auto; display: block; margin: 0 auto;\"><\/div>\n<\/div>\n<\/div>\n<\/div>\n<\/div>\n<div style=\"clear: both; display: block; margin: 10px 0;\">\n<div style=\"clear: both; display: block; margin: 10px 0;\">\n<h2>Yokohama Advan Sport V105T 265\/55R19 109 W FR<\/h2>\n<p style=\"margin: 15px 0; line-height: 1.8; clear: both; display: block; width: 100%; float: none; position: static;\">Producent: Yokohama<\/p>\n<p style=\"margin: 15px 0; line-height: 1.8; clear: both; display: block; width: 100%; float: none; position: static;\">Model: Advan Sport V105T<\/p>\n<p style=\"margin: 15px 0; line-height: 1.8; clear: both; display: block; width: 100%; float: none; position: static;\">Sezon: letnie<\/p>\n<p style=\"margin: 15px 0; line-height: 1.8; clear: both; display: block; width: 100%; float: none; position: static;\">Rozmiar: 265\/55R19<\/p>\n<p style=\"margin: 15px 0; line-height: 1.8; clear: both; display: block; width: 100%; float: none; position: static;\">Data produkcji: do 36 miesi\u0119cy<\/p>\n<p style=\"margin: 15px 0; line-height: 1.8; clear: both; display: block; width: 100%; float: none; position: static;\">Zu\u017cycie paliwa: klasa D<\/p>\n<p style=\"margin: 15px 0; line-height: 1.8; clear: both; display: block; width: 100%; float: none; position: static;\">Przyczepno\u015b\u0107 na mokrym: klasa A<\/p>\n<p style=\"margin: 15px 0; line-height: 1.8; clear: both; display: block; width: 100%; float: none; position: static;\">Poziom ha\u0142asu: 72 dB<\/p>\n<\/div>\n<\/div>\n<\/div>\n<\/div>\n<\/div>\n<\/div>\n<div style=\"clear: both; display: block; margin: 10px 0;\">\n","protected":false},"excerpt":{"rendered":"<p>Yokohama Advan Sport V105T 265\/55R19 109 W FR<\/p>\n<p>Producent: Yokohama<\/p>\n<p>Model: Advan Sport V105T<\/p>\n<p>Sezon: letnie<\/p>\n<p>Rozmiar: 265\/55R19<\/p>\n<p>Data produkcji: do 36 miesi\u0119cy<\/p>\n<p>Zu\u017cycie paliwa: klasa D<\/p>\n<p>Przyczepno\u015b\u0107 na mokrym: klasa A<\/p>\n","protected":false},"featured_media":13158,"template":"","meta":{"_uag_custom_page_level_css":""},"product_brand":[410],"product_cat":[414,418,413,412],"product_tag":[],"class_list":{"0":"post-13157","1":"product","2":"type-product","3":"status-publish","4":"has-post-thumbnail","6":"product_brand-yokohama","7":"product_cat-do-samochodow-osobowych-i-suv","8":"product_cat-letnie","9":"product_cat-opony","10":"product_cat-opony-i-felgi","12":"first","13":"instock","14":"shipping-taxable","15":"purchasable","16":"product-type-simple"},"uagb_featured_image_src":{"full":["https:\/\/oponixo.shop\/tire\/wp-content\/uploads\/2026\/01\/allegro-image-13157.jpg",333,500,false],"thumbnail":["https:\/\/oponixo.shop\/tire\/wp-content\/uploads\/2026\/01\/allegro-image-13157-150x150.jpg",150,150,true],"medium":["https:\/\/oponixo.shop\/tire\/wp-content\/uploads\/2026\/01\/allegro-image-13157-200x300.jpg",200,300,true],"medium_large":["https:\/\/oponixo.shop\/tire\/wp-content\/uploads\/2026\/01\/allegro-image-13157.jpg",333,500,false],"large":["https:\/\/oponixo.shop\/tire\/wp-content\/uploads\/2026\/01\/allegro-image-13157.jpg",333,500,false],"1536x1536":["https:\/\/oponixo.shop\/tire\/wp-content\/uploads\/2026\/01\/allegro-image-13157.jpg",333,500,false],"2048x2048":["https:\/\/oponixo.shop\/tire\/wp-content\/uploads\/2026\/01\/allegro-image-13157.jpg",333,500,false],"woocommerce_thumbnail":["https:\/\/oponixo.shop\/tire\/wp-content\/uploads\/2026\/01\/allegro-image-13157-300x300.jpg",300,300,true],"woocommerce_single":["https:\/\/oponixo.shop\/tire\/wp-content\/uploads\/2026\/01\/allegro-image-13157.jpg",333,500,false],"woocommerce_gallery_thumbnail":["https:\/\/oponixo.shop\/tire\/wp-content\/uploads\/2026\/01\/allegro-image-13157-100x100.jpg",100,100,true]},"uagb_author_info":{"display_name":"admin","author_link":"https:\/\/oponixo.shop\/tire\/author\/"},"uagb_comment_info":0,"uagb_excerpt":"Yokohama Advan Sport V105T 265\/55R19 109 W FR Producent: Yokohama Model: Advan Sport V105T Sezon: letnie Rozmiar: 265\/55R19 Data produkcji: do 36 miesi\u0119cy Zu\u017cycie paliwa: klasa D Przyczepno\u015b\u0107 na mokrym: klasa A","_links":{"self":[{"href":"https:\/\/oponixo.shop\/tire\/wp-json\/wp\/v2\/product\/13157","targetHints":{"allow":["GET"]}}],"collection":[{"href":"https:\/\/oponixo.shop\/tire\/wp-json\/wp\/v2\/product"}],"about":[{"href":"https:\/\/oponixo.shop\/tire\/wp-json\/wp\/v2\/types\/product"}],"wp:featuredmedia":[{"embeddable":true,"href":"https:\/\/oponixo.shop\/tire\/wp-json\/wp\/v2\/media\/13158"}],"wp:attachment":[{"href":"https:\/\/oponixo.shop\/tire\/wp-json\/wp\/v2\/media?parent=13157"}],"wp:term":[{"taxonomy":"product_brand","embeddable":true,"href":"https:\/\/oponixo.shop\/tire\/wp-json\/wp\/v2\/product_brand?post=13157"},{"taxonomy":"product_cat","embeddable":true,"href":"https:\/\/oponixo.shop\/tire\/wp-json\/wp\/v2\/product_cat?post=13157"},{"taxonomy":"product_tag","embeddable":true,"href":"https:\/\/oponixo.shop\/tire\/wp-json\/wp\/v2\/product_tag?post=13157"}],"curies":[{"name":"wp","href":"https:\/\/api.w.org\/{rel}","templated":true}]}}