{"id":13125,"date":"2026-01-05T20:51:42","date_gmt":"2026-01-05T19:51:42","guid":{"rendered":"https:\/\/oponyprofi.shop\/xef5\/produkt\/2x-185-65r14-goodride-all-season-elite-z401-86h-rok-2025\/"},"modified":"2026-01-05T20:51:43","modified_gmt":"2026-01-05T19:51:43","slug":"2x-185-65r14-goodride-all-season-elite-z401-86h-rok-2025","status":"publish","type":"product","link":"https:\/\/oponexa.shop\/tire\/produkt\/2x-185-65r14-goodride-all-season-elite-z401-86h-rok-2025\/","title":{"rendered":"2x 185\/65R14 Goodride All Season Elite Z401 86H rok 2025"},"content":{"rendered":"<div style=\"font-family: Arial, sans-serif; line-height: 1.6; color: #333; padding: 20px; clear: both; display: block; width: 100%; float: none; position: static; overflow: hidden;\">\n<div style=\"clear: both; display: block; margin: 10px 0;\">\n<div style=\"clear: both; display: block; margin: 10px 0;\">\n<div style=\"clear: both; display: block; margin: 10px 0;\">\n<div  style=\"max-width:1440px;max-height:262px\">\n<div style=\"clear: both; display: block; margin: 10px 0;\">\n<div style=\"clear: both; width: 100%; display: block; margin: 20px 0; padding: 0; float: none; position: static; text-align: center;\"><img decoding=\"async\"  src=\"https:\/\/a.allegroimg.com\/original\/117a0e\/3b9416e94c92b903d2902a609caa\/2x-185-65R14-Goodride-All-Season-Elite-Z401-86H-rok-2025-Srednica-14\" srcset=\"https:\/\/a.allegroimg.com\/original\/117a0e\/3b9416e94c92b903d2902a609caa\/2x-185-65R14-Goodride-All-Season-Elite-Z401-86H-rok-2025-Srednica-14 360w,https:\/\/a.allegroimg.com\/original\/117a0e\/3b9416e94c92b903d2902a609caa\/2x-185-65R14-Goodride-All-Season-Elite-Z401-86H-rok-2025-Srednica-14 720w,https:\/\/a.allegroimg.com\/original\/117a0e\/3b9416e94c92b903d2902a609caa\/2x-185-65R14-Goodride-All-Season-Elite-Z401-86H-rok-2025-Srednica-14 1024w,https:\/\/a.allegroimg.com\/original\/117a0e\/3b9416e94c92b903d2902a609caa\/2x-185-65R14-Goodride-All-Season-Elite-Z401-86H-rok-2025-Srednica-14 1440w,https:\/\/a.allegroimg.com\/original\/117a0e\/3b9416e94c92b903d2902a609caa\/2x-185-65R14-Goodride-All-Season-Elite-Z401-86H-rok-2025-Srednica-14 1440w\" sizes=\"100vw\" width=\"1440px\" alt=\"2x 185\/65R14 Goodride All Season Elite Z401 86H rok 2025 \u015arednica 14&quot;\"\/ style=\"max-width: 100%; height: auto; display: block; margin: 0 auto;\"><\/div>\n<\/div>\n<\/div>\n<\/div>\n<\/div>\n<\/div>\n<div style=\"clear: both; display: block; margin: 10px 0;\">\n<div style=\"clear: both; display: block; margin: 10px 0;\">\n<div style=\"clear: both; display: block; margin: 10px 0;\">\n<div  style=\"max-width:1800px;max-height:2560px\">\n<div style=\"clear: both; display: block; margin: 10px 0;\">\n<div style=\"clear: both; width: 100%; display: block; margin: 20px 0; padding: 0; float: none; position: static; text-align: center;\"><img decoding=\"async\"  src=\"https:\/\/a.allegroimg.com\/original\/11c664\/ab4594ef4e8188bf8dfb299d56cb\/2x-185-65R14-Goodride-All-Season-Elite-Z401-86H-rok-2025-Model-All-Season-Elite-Z-401\" srcset=\"https:\/\/a.allegroimg.com\/original\/11c664\/ab4594ef4e8188bf8dfb299d56cb\/2x-185-65R14-Goodride-All-Season-Elite-Z401-86H-rok-2025-Model-All-Season-Elite-Z-401 253w,https:\/\/a.allegroimg.com\/original\/11c664\/ab4594ef4e8188bf8dfb299d56cb\/2x-185-65R14-Goodride-All-Season-Elite-Z401-86H-rok-2025-Model-All-Season-Elite-Z-401 506w,https:\/\/a.allegroimg.com\/original\/11c664\/ab4594ef4e8188bf8dfb299d56cb\/2x-185-65R14-Goodride-All-Season-Elite-Z401-86H-rok-2025-Model-All-Season-Elite-Z-401 720w,https:\/\/a.allegroimg.com\/original\/11c664\/ab4594ef4e8188bf8dfb299d56cb\/2x-185-65R14-Goodride-All-Season-Elite-Z401-86H-rok-2025-Model-All-Season-Elite-Z-401 1012w,https:\/\/a.allegroimg.com\/original\/11c664\/ab4594ef4e8188bf8dfb299d56cb\/2x-185-65R14-Goodride-All-Season-Elite-Z401-86H-rok-2025-Model-All-Season-Elite-Z-401 1800w\" sizes=\"(min-width: 1200px) 560px, (min-width: 992px) 50vw, 100vw\" width=\"1800px\" alt=\"2x 185\/65R14 Goodride All Season Elite Z401 86H rok 2025 Model All Season Elite Z-401\"\/ style=\"max-width: 100%; height: auto; display: block; margin: 0 auto;\"><\/div>\n<\/div>\n<\/div>\n<\/div>\n<\/div>\n<div style=\"clear: both; display: block; margin: 10px 0;\">\n<div style=\"clear: both; display: block; margin: 10px 0;\">\n<h2>Przedmiot aukcji: Zestaw 2 sztuk fabrycznie nowych opon<\/h2>\n<p style=\"margin: 15px 0; line-height: 1.8; clear: both; display: block; width: 100%; float: none; position: static;\">Rozmiar: <b>185\/65R14<\/b><\/p>\n<p style=\"margin: 15px 0; line-height: 1.8; clear: both; display: block; width: 100%; float: none; position: static;\">Indeksy pr\u0119dko\u015bci i no\u015bno\u015bci: <b>86H (do 210km\/h)<\/b><\/p>\n<p style=\"margin: 15px 0; line-height: 1.8; clear: both; display: block; width: 100%; float: none; position: static;\">Marka: <b>Goodride<\/b><\/p>\n<p style=\"margin: 15px 0; line-height: 1.8; clear: both; display: block; width: 100%; float: none; position: static;\">Rok produkcji: <b>2025<\/b><\/p>\n<p style=\"margin: 15px 0; line-height: 1.8; clear: both; display: block; width: 100%; float: none; position: static;\">Sezon:&nbsp;<b>opony ca\u0142oroczne z homologacj\u0105 zimow\u0105 <\/b><b>3PMSF<\/b><\/p>\n<p style=\"margin: 15px 0; line-height: 1.8; clear: both; display: block; width: 100%; float: none; position: static;\">Segment:&nbsp;<b>klasa ekonomiczna<\/b><\/p>\n<h1>Nowoczesna, kierunkowa, atrakcyjna wizualnie rze\u017aba bie\u017cnika.<\/h1>\n<p style=\"margin: 15px 0; line-height: 1.8; clear: both; display: block; width: 100%; float: none; position: static;\">Zalety:<\/p>\n<p style=\"margin: 15px 0; line-height: 1.8; clear: both; display: block; width: 100%; float: none; position: static;\">Bardzo dobre odprowadzanie wody i b\u0142ota po\u015bniegowego z czo\u0142a opony<\/p>\n<p style=\"margin: 15px 0; line-height: 1.8; clear: both; display: block; width: 100%; float: none; position: static;\">R\u00f3wnomierny rozk\u0142ad obci\u0105\u017ce\u0144<\/p>\n<p style=\"margin: 15px 0; line-height: 1.8; clear: both; display: block; width: 100%; float: none; position: static;\">Niski op\u00f3r toczenia<\/p>\n<p style=\"margin: 15px 0; line-height: 1.8; clear: both; display: block; width: 100%; float: none; position: static;\">Bardzo dobra kierowalno\u015b\u0107<\/p>\n<\/div>\n<\/div>\n<\/div>\n<div style=\"clear: both; display: block; margin: 10px 0;\">\n<div style=\"clear: both; display: block; margin: 10px 0;\">\n<div style=\"clear: both; display: block; margin: 10px 0;\">\n<div  style=\"max-width:1613px;max-height:2560px\">\n<div style=\"clear: both; display: block; margin: 10px 0;\">\n<div style=\"clear: both; width: 100%; display: block; margin: 20px 0; padding: 0; float: none; position: static; text-align: center;\"><img decoding=\"async\"  src=\"https:\/\/a.allegroimg.com\/original\/11e0b2\/927969224015bcdda51c357d74f3\/2x-185-65R14-Goodride-All-Season-Elite-Z401-86H-rok-2025-Klasa-ekonomiczna\" srcset=\"https:\/\/a.allegroimg.com\/original\/11e0b2\/927969224015bcdda51c357d74f3\/2x-185-65R14-Goodride-All-Season-Elite-Z401-86H-rok-2025-Klasa-ekonomiczna 226w,https:\/\/a.allegroimg.com\/original\/11e0b2\/927969224015bcdda51c357d74f3\/2x-185-65R14-Goodride-All-Season-Elite-Z401-86H-rok-2025-Klasa-ekonomiczna 453w,https:\/\/a.allegroimg.com\/original\/11e0b2\/927969224015bcdda51c357d74f3\/2x-185-65R14-Goodride-All-Season-Elite-Z401-86H-rok-2025-Klasa-ekonomiczna 645w,https:\/\/a.allegroimg.com\/original\/11e0b2\/927969224015bcdda51c357d74f3\/2x-185-65R14-Goodride-All-Season-Elite-Z401-86H-rok-2025-Klasa-ekonomiczna 907w,https:\/\/a.allegroimg.com\/original\/11e0b2\/927969224015bcdda51c357d74f3\/2x-185-65R14-Goodride-All-Season-Elite-Z401-86H-rok-2025-Klasa-ekonomiczna 1613w\" sizes=\"100vw\" width=\"1613px\" alt=\"2x 185\/65R14 Goodride All Season Elite Z401 86H rok 2025 Klasa ekonomiczna\"\/ style=\"max-width: 100%; height: auto; display: block; margin: 0 auto;\"><\/div>\n<\/div>\n<\/div>\n<\/div>\n<\/div>\n<\/div>\n<div style=\"clear: both; display: block; margin: 10px 0;\">\n<div style=\"clear: both; display: block; margin: 10px 0;\">\n<div style=\"clear: both; display: block; margin: 10px 0;\">\n<div  style=\"max-width:1440px;max-height:388px\">\n<div style=\"clear: both; display: block; margin: 10px 0;\">\n<div style=\"clear: both; width: 100%; display: block; margin: 20px 0; padding: 0; float: none; position: static; text-align: center;\"><img decoding=\"async\"  src=\"https:\/\/a.allegroimg.com\/original\/11da42\/e2b778b643c2ba70a3e368c9fc0b\/2x-185-65R14-Goodride-All-Season-Elite-Z401-86H-rok-2025-Liczba-opon-w-ofercie-2-szt\" srcset=\"https:\/\/a.allegroimg.com\/original\/11da42\/e2b778b643c2ba70a3e368c9fc0b\/2x-185-65R14-Goodride-All-Season-Elite-Z401-86H-rok-2025-Liczba-opon-w-ofercie-2-szt 360w,https:\/\/a.allegroimg.com\/original\/11da42\/e2b778b643c2ba70a3e368c9fc0b\/2x-185-65R14-Goodride-All-Season-Elite-Z401-86H-rok-2025-Liczba-opon-w-ofercie-2-szt 720w,https:\/\/a.allegroimg.com\/original\/11da42\/e2b778b643c2ba70a3e368c9fc0b\/2x-185-65R14-Goodride-All-Season-Elite-Z401-86H-rok-2025-Liczba-opon-w-ofercie-2-szt 1024w,https:\/\/a.allegroimg.com\/original\/11da42\/e2b778b643c2ba70a3e368c9fc0b\/2x-185-65R14-Goodride-All-Season-Elite-Z401-86H-rok-2025-Liczba-opon-w-ofercie-2-szt 1440w,https:\/\/a.allegroimg.com\/original\/11da42\/e2b778b643c2ba70a3e368c9fc0b\/2x-185-65R14-Goodride-All-Season-Elite-Z401-86H-rok-2025-Liczba-opon-w-ofercie-2-szt 1440w\" sizes=\"100vw\" width=\"1440px\" alt=\"2x 185\/65R14 Goodride All Season Elite Z401 86H rok 2025 Liczba opon w ofercie 2 szt.\"\/ style=\"max-width: 100%; height: auto; display: block; margin: 0 auto;\"><\/div>\n<\/div>\n<\/div>\n<\/div>\n<\/div>\n<\/div>\n<div style=\"clear: both; display: block; margin: 10px 0;\">\n<div style=\"clear: both; display: block; margin: 10px 0;\">\n<div style=\"clear: both; display: block; margin: 10px 0;\">\n<div  style=\"max-width:1800px;max-height:2560px\">\n<div style=\"clear: both; display: block; margin: 10px 0;\">\n<div style=\"clear: both; width: 100%; display: block; margin: 20px 0; padding: 0; float: none; position: static; text-align: center;\"><img decoding=\"async\"  src=\"https:\/\/a.allegroimg.com\/original\/11c664\/ab4594ef4e8188bf8dfb299d56cb\/2x-185-65R14-Goodride-All-Season-Elite-Z401-86H-rok-2025-Model-All-Season-Elite-Z-401\" srcset=\"https:\/\/a.allegroimg.com\/original\/11c664\/ab4594ef4e8188bf8dfb299d56cb\/2x-185-65R14-Goodride-All-Season-Elite-Z401-86H-rok-2025-Model-All-Season-Elite-Z-401 253w,https:\/\/a.allegroimg.com\/original\/11c664\/ab4594ef4e8188bf8dfb299d56cb\/2x-185-65R14-Goodride-All-Season-Elite-Z401-86H-rok-2025-Model-All-Season-Elite-Z-401 506w,https:\/\/a.allegroimg.com\/original\/11c664\/ab4594ef4e8188bf8dfb299d56cb\/2x-185-65R14-Goodride-All-Season-Elite-Z401-86H-rok-2025-Model-All-Season-Elite-Z-401 720w,https:\/\/a.allegroimg.com\/original\/11c664\/ab4594ef4e8188bf8dfb299d56cb\/2x-185-65R14-Goodride-All-Season-Elite-Z401-86H-rok-2025-Model-All-Season-Elite-Z-401 1012w,https:\/\/a.allegroimg.com\/original\/11c664\/ab4594ef4e8188bf8dfb299d56cb\/2x-185-65R14-Goodride-All-Season-Elite-Z401-86H-rok-2025-Model-All-Season-Elite-Z-401 1800w\" sizes=\"100vw\" width=\"1800px\" alt=\"2x 185\/65R14 Goodride All Season Elite Z401 86H rok 2025 Model All Season Elite Z-401\"\/ style=\"max-width: 100%; height: auto; display: block; margin: 0 auto;\"><\/div>\n<\/div>\n<\/div>\n<\/div>\n<\/div>\n<\/div>\n<div style=\"clear: both; display: block; margin: 10px 0;\">\n<div style=\"clear: both; display: block; margin: 10px 0;\">\n<div style=\"clear: both; display: block; margin: 10px 0;\">\n<div  style=\"max-width:1440px;max-height:262px\">\n<div style=\"clear: both; display: block; margin: 10px 0;\">\n<div style=\"clear: both; width: 100%; display: block; margin: 20px 0; padding: 0; float: none; position: static; text-align: center;\"><img decoding=\"async\"  src=\"https:\/\/a.allegroimg.com\/original\/117a0e\/3b9416e94c92b903d2902a609caa\/2x-185-65R14-Goodride-All-Season-Elite-Z401-86H-rok-2025-Srednica-14\" srcset=\"https:\/\/a.allegroimg.com\/original\/117a0e\/3b9416e94c92b903d2902a609caa\/2x-185-65R14-Goodride-All-Season-Elite-Z401-86H-rok-2025-Srednica-14 360w,https:\/\/a.allegroimg.com\/original\/117a0e\/3b9416e94c92b903d2902a609caa\/2x-185-65R14-Goodride-All-Season-Elite-Z401-86H-rok-2025-Srednica-14 720w,https:\/\/a.allegroimg.com\/original\/117a0e\/3b9416e94c92b903d2902a609caa\/2x-185-65R14-Goodride-All-Season-Elite-Z401-86H-rok-2025-Srednica-14 1024w,https:\/\/a.allegroimg.com\/original\/117a0e\/3b9416e94c92b903d2902a609caa\/2x-185-65R14-Goodride-All-Season-Elite-Z401-86H-rok-2025-Srednica-14 1440w,https:\/\/a.allegroimg.com\/original\/117a0e\/3b9416e94c92b903d2902a609caa\/2x-185-65R14-Goodride-All-Season-Elite-Z401-86H-rok-2025-Srednica-14 1440w\" sizes=\"100vw\" width=\"1440px\" alt=\"2x 185\/65R14 Goodride All Season Elite Z401 86H rok 2025 \u015arednica 14&quot;\"\/ style=\"max-width: 100%; height: auto; display: block; margin: 0 auto;\"><\/div>\n<\/div>\n<\/div>\n<\/div>\n<\/div>\n<\/div>\n<div style=\"clear: both; display: block; margin: 10px 0;\">\n<div style=\"clear: both; display: block; margin: 10px 0;\">\n<div style=\"clear: both; display: block; margin: 10px 0;\">\n<h2>Zhongce Rubber Group Co., Ltd.<\/h2>\n<p style=\"margin: 15px 0; line-height: 1.8; clear: both; display: block; width: 100%; float: none; position: static;\">jest producentem opon marki Goodride<\/p>\n<h3 style=\"color: #2c5aa0; font-size: 18px; margin: 30px 0 15px 0; font-weight: bold; clear: both; display: block; width: 100%; float: none; position: static;\">Najwa\u017cniejsze informacje:<\/h3>\n<p style=\"margin: 15px 0; line-height: 1.8; clear: both; display: block; width: 100%; float: none; position: static;\">Najwi\u0119kszy producent opon w Chinach<\/p>\n<p style=\"margin: 15px 0; line-height: 1.8; clear: both; display: block; width: 100%; float: none; position: static;\">Sta\u0142a dost\u0119pno\u015b\u0107 w Polsce od 16 lat<\/p>\n<h1>Opony na tej aukcji sprzedaje<\/h1>\n<h1>Oficjalny Sklep Goodride.<\/h1>\n<\/div>\n<\/div>\n<div style=\"clear: both; display: block; margin: 10px 0;\">\n<div style=\"clear: both; display: block; margin: 10px 0;\">\n<div  style=\"max-width:2454px;max-height:1500px\">\n<div style=\"clear: both; display: block; margin: 10px 0;\">\n<div style=\"clear: both; width: 100%; display: block; margin: 20px 0; padding: 0; float: none; position: static; text-align: center;\"><img decoding=\"async\"  src=\"https:\/\/a.allegroimg.com\/original\/111b9d\/ac1133374917bfce3838f173c384\/2x-185-65R14-Goodride-All-Season-Elite-Z401-86H-rok-2025-Profil-opony-65\" srcset=\"https:\/\/a.allegroimg.com\/original\/111b9d\/ac1133374917bfce3838f173c384\/2x-185-65R14-Goodride-All-Season-Elite-Z401-86H-rok-2025-Profil-opony-65 360w,https:\/\/a.allegroimg.com\/original\/111b9d\/ac1133374917bfce3838f173c384\/2x-185-65R14-Goodride-All-Season-Elite-Z401-86H-rok-2025-Profil-opony-65 720w,https:\/\/a.allegroimg.com\/original\/111b9d\/ac1133374917bfce3838f173c384\/2x-185-65R14-Goodride-All-Season-Elite-Z401-86H-rok-2025-Profil-opony-65 1024w,https:\/\/a.allegroimg.com\/original\/111b9d\/ac1133374917bfce3838f173c384\/2x-185-65R14-Goodride-All-Season-Elite-Z401-86H-rok-2025-Profil-opony-65 1440w,https:\/\/a.allegroimg.com\/original\/111b9d\/ac1133374917bfce3838f173c384\/2x-185-65R14-Goodride-All-Season-Elite-Z401-86H-rok-2025-Profil-opony-65 2454w\" sizes=\"(min-width: 1200px) 560px, (min-width: 992px) 50vw, 100vw\" width=\"2454px\" alt=\"2x 185\/65R14 Goodride All Season Elite Z401 86H rok 2025 Profil opony 65\"\/ style=\"max-width: 100%; height: auto; display: block; margin: 0 auto;\"><\/div>\n<\/div>\n<\/div>\n<\/div>\n<\/div>\n<\/div>\n<div style=\"clear: both; display: block; margin: 10px 0;\">\n<div style=\"clear: both; display: block; margin: 10px 0;\">\n<div style=\"clear: both; display: block; margin: 10px 0;\">\n<p style=\"margin: 15px 0; line-height: 1.8; clear: both; display: block; width: 100%; float: none; position: static;\">[185\/65R14HZ401][185\/65R14HZ401]<\/p>\n<\/div>\n<\/div>\n<\/div>\n<\/div>\n<\/div>\n<\/div>\n<div style=\"clear: both; display: block; margin: 10px 0;\">\n","protected":false},"excerpt":{"rendered":"<p>Przedmiot aukcji: Zestaw 2 sztuk fabrycznie nowych opon<\/p>\n<p>Rozmiar: 185\/65R14<\/p>\n<p>Indeksy pr\u0119dko\u015bci i no\u015bno\u015bci: 86H (do 210km\/h)<\/p>\n<p>Marka: Goodride<\/p>\n<p>Rok produkcji: 2025<\/p>\n<p>Sezon:&nbsp;opony ca\u0142oroczne z homologacj\u0105 zimow\u0105 3PMSF<\/p>\n<p>Segment:&nbsp;klasa ekonomiczna<\/p>\n<p>Nowoczesna, kierunkowa, atrakcyjna wizualnie rze\u017aba bie\u017cnika.<\/p>\n","protected":false},"featured_media":13126,"template":"","meta":{"_uag_custom_page_level_css":""},"product_brand":[379],"product_cat":[416,414,413,412],"product_tag":[],"class_list":{"0":"post-13125","1":"product","2":"type-product","3":"status-publish","4":"has-post-thumbnail","6":"product_brand-goodride","7":"product_cat-caloroczne","8":"product_cat-do-samochodow-osobowych-i-suv","9":"product_cat-opony","10":"product_cat-opony-i-felgi","12":"first","13":"instock","14":"shipping-taxable","15":"purchasable","16":"product-type-simple"},"uagb_featured_image_src":{"full":["https:\/\/oponexa.shop\/tire\/wp-content\/uploads\/2026\/01\/allegro-image-13125.jpg",2000,2000,false],"thumbnail":["https:\/\/oponexa.shop\/tire\/wp-content\/uploads\/2026\/01\/allegro-image-13125-150x150.jpg",150,150,true],"medium":["https:\/\/oponexa.shop\/tire\/wp-content\/uploads\/2026\/01\/allegro-image-13125-300x300.jpg",300,300,true],"medium_large":["https:\/\/oponexa.shop\/tire\/wp-content\/uploads\/2026\/01\/allegro-image-13125-768x768.jpg",768,768,true],"large":["https:\/\/oponexa.shop\/tire\/wp-content\/uploads\/2026\/01\/allegro-image-13125-1024x1024.jpg",1024,1024,true],"1536x1536":["https:\/\/oponexa.shop\/tire\/wp-content\/uploads\/2026\/01\/allegro-image-13125-1536x1536.jpg",1536,1536,true],"2048x2048":["https:\/\/oponexa.shop\/tire\/wp-content\/uploads\/2026\/01\/allegro-image-13125.jpg",2000,2000,false],"woocommerce_thumbnail":["https:\/\/oponexa.shop\/tire\/wp-content\/uploads\/2026\/01\/allegro-image-13125-300x300.jpg",300,300,true],"woocommerce_single":["https:\/\/oponexa.shop\/tire\/wp-content\/uploads\/2026\/01\/allegro-image-13125-600x600.jpg",600,600,true],"woocommerce_gallery_thumbnail":["https:\/\/oponexa.shop\/tire\/wp-content\/uploads\/2026\/01\/allegro-image-13125-100x100.jpg",100,100,true]},"uagb_author_info":{"display_name":"admin","author_link":"https:\/\/oponexa.shop\/tire\/author\/"},"uagb_comment_info":0,"uagb_excerpt":"Przedmiot aukcji: Zestaw 2 sztuk fabrycznie nowych opon Rozmiar: 185\/65R14 Indeksy pr\u0119dko\u015bci i no\u015bno\u015bci: 86H (do 210km\/h) Marka: Goodride Rok produkcji: 2025 Sezon:&nbsp;opony ca\u0142oroczne z homologacj\u0105 zimow\u0105 3PMSF Segment:&nbsp;klasa ekonomiczna Nowoczesna, kierunkowa, atrakcyjna wizualnie rze\u017aba bie\u017cnika.","_links":{"self":[{"href":"https:\/\/oponexa.shop\/tire\/wp-json\/wp\/v2\/product\/13125","targetHints":{"allow":["GET"]}}],"collection":[{"href":"https:\/\/oponexa.shop\/tire\/wp-json\/wp\/v2\/product"}],"about":[{"href":"https:\/\/oponexa.shop\/tire\/wp-json\/wp\/v2\/types\/product"}],"wp:featuredmedia":[{"embeddable":true,"href":"https:\/\/oponexa.shop\/tire\/wp-json\/wp\/v2\/media\/13126"}],"wp:attachment":[{"href":"https:\/\/oponexa.shop\/tire\/wp-json\/wp\/v2\/media?parent=13125"}],"wp:term":[{"taxonomy":"product_brand","embeddable":true,"href":"https:\/\/oponexa.shop\/tire\/wp-json\/wp\/v2\/product_brand?post=13125"},{"taxonomy":"product_cat","embeddable":true,"href":"https:\/\/oponexa.shop\/tire\/wp-json\/wp\/v2\/product_cat?post=13125"},{"taxonomy":"product_tag","embeddable":true,"href":"https:\/\/oponexa.shop\/tire\/wp-json\/wp\/v2\/product_tag?post=13125"}],"curies":[{"name":"wp","href":"https:\/\/api.w.org\/{rel}","templated":true}]}}