{"id":13091,"date":"2026-01-05T20:51:33","date_gmt":"2026-01-05T19:51:33","guid":{"rendered":"https:\/\/oponyprofi.shop\/xef5\/produkt\/2-nowe-opony-zimowe-215-65r15-sailun-ice-blazer-plus\/"},"modified":"2026-01-05T20:51:33","modified_gmt":"2026-01-05T19:51:33","slug":"2-nowe-opony-zimowe-215-65r15-sailun-ice-blazer-plus","status":"publish","type":"product","link":"https:\/\/oponexa.shop\/tire\/produkt\/2-nowe-opony-zimowe-215-65r15-sailun-ice-blazer-plus\/","title":{"rendered":"2 NOWE OPONY ZIMOWE 215\/65R15 SAILUN ICE BLAZER PLUS"},"content":{"rendered":"<div style=\"font-family: Arial, sans-serif; line-height: 1.6; color: #333; padding: 20px; clear: both; display: block; width: 100%; float: none; position: static; overflow: hidden;\">\n<div style=\"clear: both; display: block; margin: 10px 0;\">\n<div style=\"clear: both; display: block; margin: 10px 0;\">\n<div style=\"clear: both; display: block; margin: 10px 0;\">\n<p style=\"margin: 15px 0; line-height: 1.8; clear: both; display: block; width: 100%; float: none; position: static;\">Opona zimowa Sailun Ice Blazer Alpine+ 215\/65R15 96 H<\/p>\n<p style=\"margin: 15px 0; line-height: 1.8; clear: both; display: block; width: 100%; float: none; position: static;\">Cechy produktu:<\/p>\n<ul style=\"margin: 15px 0; padding-left: 20px; clear: both; display: block; width: 100%; float: none; position: static;\">\n<li style=\"margin: 5px 0; padding: 2px 0; clear: both; display: list-item; float: none; position: static;\">sezon: zimowe<\/li>\n<li style=\"margin: 5px 0; padding: 2px 0; clear: both; display: list-item; float: none; position: static;\">szeroko\u015b\u0107\/profil\/\u015brednica: 215\/65R15<\/li>\n<li style=\"margin: 5px 0; padding: 2px 0; clear: both; display: list-item; float: none; position: static;\">indeks pr\u0119dko\u015bci: H do 210 km\/h<\/li>\n<li style=\"margin: 5px 0; padding: 2px 0; clear: both; display: list-item; float: none; position: static;\">indeks no\u015bno\u015bci: 96 &#8211; 710 kg<\/li>\n<li style=\"margin: 5px 0; padding: 2px 0; clear: both; display: list-item; float: none; position: static;\">op\u00f3r toczenia: Klasa D<\/li>\n<li style=\"margin: 5px 0; padding: 2px 0; clear: both; display: list-item; float: none; position: static;\">przyczepno\u015b\u0107 na mokrej nawierzchni: Klasa C<\/li>\n<li style=\"margin: 5px 0; padding: 2px 0; clear: both; display: list-item; float: none; position: static;\">ha\u0142as zewn\u0119trzny: 72 dB<\/li>\n<li style=\"margin: 5px 0; padding: 2px 0; clear: both; display: list-item; float: none; position: static;\">Rok produkcji: Rok bie\u017c\u0105cy lub poprzedni &#8211; kupuj\u0105c z tej oferty otrzymasz opony fabrycznie nowe, pe\u0142nowarto\u015bciowe, a ich rok produkcji jest nie starszy ni\u017c ubieg\u0142y rok kalendarzowy<\/li>\n<\/ul>\n<p style=\"margin: 15px 0; line-height: 1.8; clear: both; display: block; width: 100%; float: none; position: static;\">Przeznaczenie<\/p>\n<p style=\"margin: 15px 0; line-height: 1.8; clear: both; display: block; width: 100%; float: none; position: static;\">Opony Sailun Ice Blazer Alpine+ to ogumienie zimowe przeznaczone do montowania na ko\u0142ach samochod\u00f3w osobowych. Producent opon Sailun Ice Blazer Alpine+ po\u0142o\u017cy\u0142 nacisk na zapewnienie przyczepno\u015bci i kr\u00f3tkiej drogi hamowania na zimowych drogach.<\/p>\n<p style=\"margin: 15px 0; line-height: 1.8; clear: both; display: block; width: 100%; float: none; position: static;\">Technologia<\/p>\n<p style=\"margin: 15px 0; line-height: 1.8; clear: both; display: block; width: 100%; float: none; position: static;\">Zimowe opony samochodowe Sailun Ice Blazer Alpine+ wyprodukowano ze specjalnej mieszanki gumowej z szeregiem nowoczesnych dodatk\u00f3w i wype\u0142niaczy. Dzi\u0119ki temu mo\u017ce ona gwarantowa\u0107 optymaln\u0105 elastyczno\u015b\u0107 w warunkach niskich temperatur. Opony wyposa\u017cono w nowoczesny bie\u017cnik kierunkowy opracowany z my\u015bl\u0105 o jak najlepszej przyczepno\u015bci na drogach pokrytych \u015bniegiem i lodem.<\/p>\n<p style=\"margin: 15px 0; line-height: 1.8; clear: both; display: block; width: 100%; float: none; position: static;\">Bie\u017cnik<\/p>\n<p style=\"margin: 15px 0; line-height: 1.8; clear: both; display: block; width: 100%; float: none; position: static;\">Zimowe opony samochodowe Sailun Ice Blazer Alpine+ maj\u0105 kierunkowy bie\u017cnik, w kt\u00f3rym \u0142ukowate rowki definiuj\u0105 kszta\u0142t klock\u00f3w bie\u017cnika i kierunek toczenia. G\u0119sta sie\u0107 rowk\u00f3w ma na celu sprawne usuwanie wody, \u015bniegu i po\u015bniegowego b\u0142ota. G\u0119sta sie\u0107 lamelek odpowiada za w\u0142a\u015bciw\u0105 przyczepno\u015b\u0107 i kr\u00f3tk\u0105 drog\u0119 hamowania.<\/p>\n<p style=\"margin: 15px 0; line-height: 1.8; clear: both; display: block; width: 100%; float: none; position: static;\">Producent<\/p>\n<p style=\"margin: 15px 0; line-height: 1.8; clear: both; display: block; width: 100%; float: none; position: static;\">Sailun to chi\u0144ski producent ogumienia samochodowego. Firma Sailun rozpocz\u0119\u0142a swoj\u0105 dzia\u0142alno\u015b\u0107 w 2002 roku w Quingdao. Sailun produkuje opony pod mark\u0105 w\u0142asn\u0105 i pod mark\u0105 Rovelo. W ofercie Sailun znajduj\u0105 si\u0119 opony do samochod\u00f3w osobowych, dostawczych, ci\u0119\u017carowych i terenowych. S\u0105 one sprzedawane w wielu krajach \u015bwiata.<\/p>\n<\/div>\n<\/div>\n<div style=\"clear: both; display: block; margin: 10px 0;\">\n<div style=\"clear: both; display: block; margin: 10px 0;\">\n<div  style=\"max-width:1200px;max-height:1043px\">\n<div style=\"clear: both; display: block; margin: 10px 0;\">\n<div style=\"clear: both; width: 100%; display: block; margin: 20px 0; padding: 0; float: none; position: static; text-align: center;\"><img decoding=\"async\"  src=\"https:\/\/a.allegroimg.com\/original\/1155a6\/b089ebc64a62a12e9c3025316a07\/2-NOWE-OPONY-ZIMOWE-215-65R15-SAILUN-ICE-BLAZER-PLUS\" srcset=\"https:\/\/a.allegroimg.com\/original\/1155a6\/b089ebc64a62a12e9c3025316a07\/2-NOWE-OPONY-ZIMOWE-215-65R15-SAILUN-ICE-BLAZER-PLUS 360w,https:\/\/a.allegroimg.com\/original\/1155a6\/b089ebc64a62a12e9c3025316a07\/2-NOWE-OPONY-ZIMOWE-215-65R15-SAILUN-ICE-BLAZER-PLUS 720w,https:\/\/a.allegroimg.com\/original\/1155a6\/b089ebc64a62a12e9c3025316a07\/2-NOWE-OPONY-ZIMOWE-215-65R15-SAILUN-ICE-BLAZER-PLUS 1024w,https:\/\/a.allegroimg.com\/original\/1155a6\/b089ebc64a62a12e9c3025316a07\/2-NOWE-OPONY-ZIMOWE-215-65R15-SAILUN-ICE-BLAZER-PLUS 1200w,https:\/\/a.allegroimg.com\/original\/1155a6\/b089ebc64a62a12e9c3025316a07\/2-NOWE-OPONY-ZIMOWE-215-65R15-SAILUN-ICE-BLAZER-PLUS 1200w\" sizes=\"(min-width: 1200px) 560px, (min-width: 992px) 50vw, 100vw\" width=\"1200px\" alt=\"2 NOWE OPONY ZIMOWE 215\/65R15 SAILUN ICE BLAZER PLUS\"\/ style=\"max-width: 100%; height: auto; display: block; margin: 0 auto;\"><\/div>\n<\/div>\n<\/div>\n<\/div>\n<\/div>\n<\/div>\n<\/div>\n<\/div>\n<\/div>\n<div style=\"clear: both; display: block; margin: 10px 0;\">\n","protected":false},"excerpt":{"rendered":"<p>Opona zimowa Sailun Ice Blazer Alpine+ 215\/65R15 96 H<\/p>\n<p>Cechy produktu:<\/p>\n<p>sezon: zimowe<\/p>\n<p>szeroko\u015b\u0107\/profil\/\u015brednica: 215\/65R15<\/p>\n<p>indeks pr\u0119dko\u015bci: H do 210 km\/h<\/p>\n<p>indeks no\u015bno\u015bci: 96 &#8211; 710 kg<\/p>\n<p>op\u00f3r toczenia: Klasa D<\/p>\n<p>przyczepno\u015b\u0107 na mokrej nawierzchni: Klasa C<\/p>\n","protected":false},"featured_media":13092,"template":"","meta":{"_uag_custom_page_level_css":""},"product_brand":[398],"product_cat":[414,413,412,415],"product_tag":[],"class_list":{"0":"post-13091","1":"product","2":"type-product","3":"status-publish","4":"has-post-thumbnail","6":"product_brand-sailun","7":"product_cat-do-samochodow-osobowych-i-suv","8":"product_cat-opony","9":"product_cat-opony-i-felgi","10":"product_cat-zimowe","12":"first","13":"instock","14":"shipping-taxable","15":"purchasable","16":"product-type-simple"},"uagb_featured_image_src":{"full":["https:\/\/oponexa.shop\/tire\/wp-content\/uploads\/2026\/01\/allegro-image-13091.jpg",1200,1043,false],"thumbnail":["https:\/\/oponexa.shop\/tire\/wp-content\/uploads\/2026\/01\/allegro-image-13091-150x150.jpg",150,150,true],"medium":["https:\/\/oponexa.shop\/tire\/wp-content\/uploads\/2026\/01\/allegro-image-13091-300x261.jpg",300,261,true],"medium_large":["https:\/\/oponexa.shop\/tire\/wp-content\/uploads\/2026\/01\/allegro-image-13091-768x668.jpg",768,668,true],"large":["https:\/\/oponexa.shop\/tire\/wp-content\/uploads\/2026\/01\/allegro-image-13091-1024x890.jpg",1024,890,true],"1536x1536":["https:\/\/oponexa.shop\/tire\/wp-content\/uploads\/2026\/01\/allegro-image-13091.jpg",1200,1043,false],"2048x2048":["https:\/\/oponexa.shop\/tire\/wp-content\/uploads\/2026\/01\/allegro-image-13091.jpg",1200,1043,false],"woocommerce_thumbnail":["https:\/\/oponexa.shop\/tire\/wp-content\/uploads\/2026\/01\/allegro-image-13091-300x300.jpg",300,300,true],"woocommerce_single":["https:\/\/oponexa.shop\/tire\/wp-content\/uploads\/2026\/01\/allegro-image-13091-600x522.jpg",600,522,true],"woocommerce_gallery_thumbnail":["https:\/\/oponexa.shop\/tire\/wp-content\/uploads\/2026\/01\/allegro-image-13091-100x100.jpg",100,100,true]},"uagb_author_info":{"display_name":"admin","author_link":"https:\/\/oponexa.shop\/tire\/author\/"},"uagb_comment_info":0,"uagb_excerpt":"Opona zimowa Sailun Ice Blazer Alpine+ 215\/65R15 96 H Cechy produktu: sezon: zimowe szeroko\u015b\u0107\/profil\/\u015brednica: 215\/65R15 indeks pr\u0119dko\u015bci: H do 210 km\/h indeks no\u015bno\u015bci: 96 - 710 kg op\u00f3r toczenia: Klasa D przyczepno\u015b\u0107 na mokrej nawierzchni: Klasa C","_links":{"self":[{"href":"https:\/\/oponexa.shop\/tire\/wp-json\/wp\/v2\/product\/13091","targetHints":{"allow":["GET"]}}],"collection":[{"href":"https:\/\/oponexa.shop\/tire\/wp-json\/wp\/v2\/product"}],"about":[{"href":"https:\/\/oponexa.shop\/tire\/wp-json\/wp\/v2\/types\/product"}],"wp:featuredmedia":[{"embeddable":true,"href":"https:\/\/oponexa.shop\/tire\/wp-json\/wp\/v2\/media\/13092"}],"wp:attachment":[{"href":"https:\/\/oponexa.shop\/tire\/wp-json\/wp\/v2\/media?parent=13091"}],"wp:term":[{"taxonomy":"product_brand","embeddable":true,"href":"https:\/\/oponexa.shop\/tire\/wp-json\/wp\/v2\/product_brand?post=13091"},{"taxonomy":"product_cat","embeddable":true,"href":"https:\/\/oponexa.shop\/tire\/wp-json\/wp\/v2\/product_cat?post=13091"},{"taxonomy":"product_tag","embeddable":true,"href":"https:\/\/oponexa.shop\/tire\/wp-json\/wp\/v2\/product_tag?post=13091"}],"curies":[{"name":"wp","href":"https:\/\/api.w.org\/{rel}","templated":true}]}}