{"id":12881,"date":"2026-01-04T14:42:13","date_gmt":"2026-01-04T13:42:13","guid":{"rendered":"https:\/\/oponyexpert.shop\/xef5\/produkt\/2x-michelin-pilot-alpin-5-suv-265-35r22-102w-xl\/"},"modified":"2026-01-04T14:42:14","modified_gmt":"2026-01-04T13:42:14","slug":"2x-michelin-pilot-alpin-5-suv-265-35r22-102w-xl","status":"publish","type":"product","link":"https:\/\/oponixo.shop\/tire\/produkt\/2x-michelin-pilot-alpin-5-suv-265-35r22-102w-xl\/","title":{"rendered":"2x Michelin Pilot Alpin 5 SUV 265\/35R22 102W XL"},"content":{"rendered":"<div style=\"font-family: Arial, sans-serif; line-height: 1.6; color: #333; padding: 20px; clear: both; display: block; width: 100%; float: none; position: static; overflow: hidden;\">\n<div style=\"clear: both; display: block; margin: 10px 0;\">\n<div style=\"clear: both; display: block; margin: 10px 0;\">\n<div style=\"clear: both; display: block; margin: 10px 0;\">\n<h1>Michelin Pilot Alpin 5 SUV <\/h1>\n<h1>265\/35 R22 102W do 270 km\/h<\/h1>\n<h2>Kod produktu: 3528705076771<\/h2>\n<p style=\"margin: 15px 0; line-height: 1.8; clear: both; display: block; width: 100%; float: none; position: static;\">Opony zimowe Michelin Pilot Alpin 5 to produkty klasy premium doskonale sprawdzaj\u0105ce si\u0119 w zmiennych, zimowych warunkach. Zosta\u0142y stworzone dla wymagaj\u0105cych kierowc\u00f3w, kt\u00f3rzy ceni\u0105 sobie komfort i bezpiecze\u0144stwo podczas jazdy, tak\u017ce dynamicznej. Kierunkowa rze\u017aba bie\u017cnika zapewnia szybkie usuwanie wody i \u015bniegu spod opony, dzi\u0119ki czemu ryzyko po\u015blizgu i utraty stabilno\u015bci jest zminimalizowane. Model ten cechuje si\u0119 du\u017c\u0105 przyczepno\u015bci\u0105 i precyzj\u0105 prowadzenia. Jego nowoczesna mieszanka gumowa gwarantuje trwa\u0142o\u015b\u0107, r\u00f3wnomierne zu\u017cycie i odporno\u015b\u0107 na niskie temperatury<\/p>\n<h2>Zakupione na tej aukcji opony mo\u017cesz odebra\u0107 i wymieni\u0107 w jednym z naszych serwis\u00f3w: MOTOHURT MARKI &#8211; MOTOHURT WOLA &#8211; MOTOHURT MOKOT\u00d3W<\/h2>\n<\/div>\n<\/div>\n<div style=\"clear: both; display: block; margin: 10px 0;\">\n<div style=\"clear: both; display: block; margin: 10px 0;\">\n<div  style=\"max-width:750px;max-height:1024px\">\n<div style=\"clear: both; display: block; margin: 10px 0;\">\n<div style=\"clear: both; width: 100%; display: block; margin: 20px 0; padding: 0; float: none; position: static; text-align: center;\"><img decoding=\"async\"  src=\"https:\/\/a.allegroimg.com\/original\/116c4d\/33c8af11494da551e3c55e8bd194\/2x-Michelin-Pilot-Alpin-5-SUV-265-35R22-102W-XL\" srcset=\"https:\/\/a.allegroimg.com\/original\/116c4d\/33c8af11494da551e3c55e8bd194\/2x-Michelin-Pilot-Alpin-5-SUV-265-35R22-102W-XL 263w,https:\/\/a.allegroimg.com\/original\/116c4d\/33c8af11494da551e3c55e8bd194\/2x-Michelin-Pilot-Alpin-5-SUV-265-35R22-102W-XL 527w,https:\/\/a.allegroimg.com\/original\/116c4d\/33c8af11494da551e3c55e8bd194\/2x-Michelin-Pilot-Alpin-5-SUV-265-35R22-102W-XL 750w,https:\/\/a.allegroimg.com\/original\/116c4d\/33c8af11494da551e3c55e8bd194\/2x-Michelin-Pilot-Alpin-5-SUV-265-35R22-102W-XL 750w\" sizes=\"(min-width: 1200px) 560px, (min-width: 992px) 50vw, 100vw\" width=\"750px\" alt=\"2x Michelin Pilot Alpin 5 SUV 265\/35R22 102W XL\"\/ style=\"max-width: 100%; height: auto; display: block; margin: 0 auto;\"><\/div>\n<\/div>\n<\/div>\n<\/div>\n<\/div>\n<\/div>\n<div style=\"clear: both; display: block; margin: 10px 0;\">\n<div style=\"clear: both; display: block; margin: 10px 0;\">\n<div style=\"clear: both; display: block; margin: 10px 0;\">\n<div  style=\"max-width:212px;max-height:305px\">\n<div style=\"clear: both; display: block; margin: 10px 0;\">\n<div style=\"clear: both; width: 100%; display: block; margin: 20px 0; padding: 0; float: none; position: static; text-align: center;\"><img decoding=\"async\"  src=\"https:\/\/a.allegroimg.com\/original\/111f79\/5bd941fe407cb316a51ba0953308\/2x-Michelin-Pilot-Alpin-5-SUV-265-35R22-102W-XL-Liczba-opon-w-ofercie-2-szt\" srcset=\"https:\/\/a.allegroimg.com\/original\/111f79\/5bd941fe407cb316a51ba0953308\/2x-Michelin-Pilot-Alpin-5-SUV-265-35R22-102W-XL-Liczba-opon-w-ofercie-2-szt 212w,https:\/\/a.allegroimg.com\/original\/111f79\/5bd941fe407cb316a51ba0953308\/2x-Michelin-Pilot-Alpin-5-SUV-265-35R22-102W-XL-Liczba-opon-w-ofercie-2-szt 212w\" sizes=\"(min-width: 1200px) 560px, (min-width: 992px) 50vw, 100vw\" width=\"212px\" alt=\"2x Michelin Pilot Alpin 5 SUV 265\/35R22 102W XL Liczba opon w ofercie 2 szt.\"\/ style=\"max-width: 100%; height: auto; display: block; margin: 0 auto;\"><\/div>\n<\/div>\n<\/div>\n<\/div>\n<\/div>\n<div style=\"clear: both; display: block; margin: 10px 0;\">\n<div style=\"clear: both; display: block; margin: 10px 0;\">\n<h2>Marka: Michelin<\/h2>\n<h2>Liczba opon w ofercie: 2<\/h2>\n<h2>Rok produkcji: <\/h2>\n<h2>Szeroko\u015b\u0107 opony: 265 mm<\/h2>\n<h2>Profil opony: 35<\/h2>\n<h2>\u015arednica: 22<\/h2>\n<h2>Indeks no\u015bno\u015bci: 102<\/h2>\n<h2>Indeks pr\u0119dko\u015bci: W do 270 km\/h<\/h2>\n<h2>Op\u00f3r toczenia: Klasa C<\/h2>\n<h2>Przyczepno\u015b\u0107 na mokrej nawierzchni: Klasa C<\/h2>\n<h2>Ha\u0142as zewn\u0119trzny: 71 dB<\/h2>\n<h2>Kod producenta: 507677<\/h2>\n<h2>Sezon: Zimowe<\/h2>\n<\/div>\n<\/div>\n<\/div>\n<\/div>\n<\/div>\n<\/div>\n<div style=\"clear: both; display: block; margin: 10px 0;\">\n","protected":false},"excerpt":{"rendered":"<p>Michelin Pilot Alpin 5 SUV<\/p>\n<p>265\/35 R22 102W do 270 km\/h<\/p>\n<p>Kod produktu: 3528705076771<\/p>\n","protected":false},"featured_media":12882,"template":"","meta":{"_uag_custom_page_level_css":""},"product_brand":[429],"product_cat":[414,413,412,415],"product_tag":[],"class_list":{"0":"post-12881","1":"product","2":"type-product","3":"status-publish","4":"has-post-thumbnail","6":"product_brand-michelin","7":"product_cat-do-samochodow-osobowych-i-suv","8":"product_cat-opony","9":"product_cat-opony-i-felgi","10":"product_cat-zimowe","12":"first","13":"instock","14":"shipping-taxable","15":"purchasable","16":"product-type-simple"},"uagb_featured_image_src":{"full":["https:\/\/oponixo.shop\/tire\/wp-content\/uploads\/2026\/01\/allegro-image-12881.jpg",750,1024,false],"thumbnail":["https:\/\/oponixo.shop\/tire\/wp-content\/uploads\/2026\/01\/allegro-image-12881-150x150.jpg",150,150,true],"medium":["https:\/\/oponixo.shop\/tire\/wp-content\/uploads\/2026\/01\/allegro-image-12881-220x300.jpg",220,300,true],"medium_large":["https:\/\/oponixo.shop\/tire\/wp-content\/uploads\/2026\/01\/allegro-image-12881.jpg",750,1024,false],"large":["https:\/\/oponixo.shop\/tire\/wp-content\/uploads\/2026\/01\/allegro-image-12881.jpg",750,1024,false],"1536x1536":["https:\/\/oponixo.shop\/tire\/wp-content\/uploads\/2026\/01\/allegro-image-12881.jpg",750,1024,false],"2048x2048":["https:\/\/oponixo.shop\/tire\/wp-content\/uploads\/2026\/01\/allegro-image-12881.jpg",750,1024,false],"woocommerce_thumbnail":["https:\/\/oponixo.shop\/tire\/wp-content\/uploads\/2026\/01\/allegro-image-12881-300x300.jpg",300,300,true],"woocommerce_single":["https:\/\/oponixo.shop\/tire\/wp-content\/uploads\/2026\/01\/allegro-image-12881-600x819.jpg",600,819,true],"woocommerce_gallery_thumbnail":["https:\/\/oponixo.shop\/tire\/wp-content\/uploads\/2026\/01\/allegro-image-12881-100x100.jpg",100,100,true]},"uagb_author_info":{"display_name":"admin","author_link":"https:\/\/oponixo.shop\/tire\/author\/"},"uagb_comment_info":0,"uagb_excerpt":"Michelin Pilot Alpin 5 SUV 265\/35 R22 102W do 270 km\/h Kod produktu: 3528705076771","_links":{"self":[{"href":"https:\/\/oponixo.shop\/tire\/wp-json\/wp\/v2\/product\/12881","targetHints":{"allow":["GET"]}}],"collection":[{"href":"https:\/\/oponixo.shop\/tire\/wp-json\/wp\/v2\/product"}],"about":[{"href":"https:\/\/oponixo.shop\/tire\/wp-json\/wp\/v2\/types\/product"}],"wp:featuredmedia":[{"embeddable":true,"href":"https:\/\/oponixo.shop\/tire\/wp-json\/wp\/v2\/media\/12882"}],"wp:attachment":[{"href":"https:\/\/oponixo.shop\/tire\/wp-json\/wp\/v2\/media?parent=12881"}],"wp:term":[{"taxonomy":"product_brand","embeddable":true,"href":"https:\/\/oponixo.shop\/tire\/wp-json\/wp\/v2\/product_brand?post=12881"},{"taxonomy":"product_cat","embeddable":true,"href":"https:\/\/oponixo.shop\/tire\/wp-json\/wp\/v2\/product_cat?post=12881"},{"taxonomy":"product_tag","embeddable":true,"href":"https:\/\/oponixo.shop\/tire\/wp-json\/wp\/v2\/product_tag?post=12881"}],"curies":[{"name":"wp","href":"https:\/\/api.w.org\/{rel}","templated":true}]}}