{"id":12873,"date":"2026-01-04T14:42:11","date_gmt":"2026-01-04T13:42:11","guid":{"rendered":"https:\/\/oponyexpert.shop\/xef5\/produkt\/2-opony-zimowe-285-35r20-michelin-pilot-alpin-pa4\/"},"modified":"2026-01-04T14:42:11","modified_gmt":"2026-01-04T13:42:11","slug":"2-opony-zimowe-285-35r20-michelin-pilot-alpin-pa4","status":"publish","type":"product","link":"https:\/\/oponixo.shop\/tire\/produkt\/2-opony-zimowe-285-35r20-michelin-pilot-alpin-pa4\/","title":{"rendered":"2 opony zimowe 285\/35R20 MICHELIN Pilot Alpin PA4"},"content":{"rendered":"<div style=\"font-family: Arial, sans-serif; line-height: 1.6; color: #333; padding: 20px; clear: both; display: block; width: 100%; float: none; position: static; overflow: hidden;\">\n<div style=\"clear: both; display: block; margin: 10px 0;\">\n<div style=\"clear: both; display: block; margin: 10px 0;\">\n<div style=\"clear: both; display: block; margin: 10px 0;\">\n<ul style=\"margin: 15px 0; padding-left: 20px; clear: both; display: block; width: 100%; float: none; position: static;\">\n<li style=\"margin: 5px 0; padding: 2px 0; clear: both; display: list-item; float: none; position: static;\">MARKA\/MODEL: <b>MICHELIN Pilot Alpin PA4 MO<\/b><\/li>\n<li style=\"margin: 5px 0; padding: 2px 0; clear: both; display: list-item; float: none; position: static;\">ROZMIAR OPON: <b> 285\/35R20<\/b><\/li>\n<li style=\"margin: 5px 0; padding: 2px 0; clear: both; display: list-item; float: none; position: static;\">INDEKS PR\u0118DKO\u015aCI: <b>V<\/b><\/li>\n<li style=\"margin: 5px 0; padding: 2px 0; clear: both; display: list-item; float: none; position: static;\">INDEKS NO\u015aNO\u015aCI: <b>104 XL<\/b><\/li>\n<li style=\"margin: 5px 0; padding: 2px 0; clear: both; display: list-item; float: none; position: static;\">DATA PRODUKCJI: <b>nie starsze ni\u017c grudzie\u0144 2021<\/b><\/li>\n<li style=\"margin: 5px 0; padding: 2px 0; clear: both; display: list-item; float: none; position: static;\">SEZON: <b>Zimowe<\/b><\/li>\n<li style=\"margin: 5px 0; padding: 2px 0; clear: both; display: list-item; float: none; position: static;\">STAN: <b>Nowy<\/b><\/li>\n<li style=\"margin: 5px 0; padding: 2px 0; clear: both; display: list-item; float: none; position: static;\">RANT OCHRONNY NA FELG\u0118: <b>TAK<\/b><\/li>\n<li style=\"margin: 5px 0; padding: 2px 0; clear: both; display: list-item; float: none; position: static;\">DODATKOWE OZNACZENIA: <\/li>\n<\/ul>\n<p style=\"margin: 15px 0; line-height: 1.8; clear: both; display: block; width: 100%; float: none; position: static;\"><b>Michelin<\/b> w zimowym bie\u017cniku <b>Pilot Alpin PA4<\/b> jest propozycj\u0105 z <b>najwy\u017cszej<\/b> p\u00f3\u0142ki, przeznaczon\u0105 do aut o charakterze <b>sportowym<\/b>. Posiada nowoczesny, asymetryczny wz\u00f3r bie\u017cnika. Du\u017ca liczba kraw\u0119dzi i lameli wp\u0142ywa na <b>wysok\u0105<\/b> <b>trakcj\u0119<\/b> i efektywne hamowanie na \u015bniegu i lodzie. G\u0142\u0119bokie, u\u0142o\u017cone pod r\u00f3\u017cnymi k\u0105tem <b>tr\u00f3jwymiarowe<\/b> lamele zapewniaj\u0105ce prze\u0142amywanie warstwy wody i odprowadzanie wody spod opony, niweluj\u0105c ryzyko <b>aquaplaningu<\/b>. Unikatowy wz\u00f3r bie\u017cnika zapewnia stabilno\u015b\u0107 prowadzenia a tak\u017ce <b>precyzj\u0119<\/b> toru jazdy. Opatentowana mieszanka <b>gumowa Helio 3G<\/b> z domieszk\u0105 <b>krzemionki<\/b> i <b>oleju s\u0142onecznikowego<\/b> gwarantuje wysok\u0105 przyczepno\u015b\u0107 w niskiej temperaturze a tak\u017ce niesamowit\u0105 <b>trwa\u0142o\u015b\u0107<\/b> opony. Technologia <b>StabiliGrip<\/b> zapewnia bezpiecze\u0144stwo nawet w najbardziej wymagaj\u0105cych zimowych warunkach. Na uwag\u0119 zas\u0142uguje fakt, \u017ce bie\u017cnik ten zosta\u0142 doceniony przez producent\u00f3w samochod\u00f3w, opona uzyska\u0142a <b>homologacje<\/b> <b>Porsche, BMW, Mercedes i Audi <\/b>w 31 rozmiarach. Je\u015bli cenisz <b>komfortow\u0105<\/b>, <b>bezpieczn\u0105<\/b> jazd\u0119 i <b>d\u0142ugie przebiegi<\/b> to Pilot Alpin PA4 jest doskona\u0142ym wyborem.<\/p>\n<\/div>\n<\/div>\n<div style=\"clear: both; display: block; margin: 10px 0;\">\n<div style=\"clear: both; display: block; margin: 10px 0;\">\n<div  style=\"max-width:1144px;max-height:1400px\">\n<div style=\"clear: both; display: block; margin: 10px 0;\">\n<div style=\"clear: both; width: 100%; display: block; margin: 20px 0; padding: 0; float: none; position: static; text-align: center;\"><img decoding=\"async\"  src=\"https:\/\/a.allegroimg.com\/original\/11c31c\/8006631f49e69dedc4dac48a381c\/2-opony-zimowe-285-35R20-MICHELIN-Pilot-Alpin-PA4\" srcset=\"https:\/\/a.allegroimg.com\/original\/11c31c\/8006631f49e69dedc4dac48a381c\/2-opony-zimowe-285-35R20-MICHELIN-Pilot-Alpin-PA4 294w,https:\/\/a.allegroimg.com\/original\/11c31c\/8006631f49e69dedc4dac48a381c\/2-opony-zimowe-285-35R20-MICHELIN-Pilot-Alpin-PA4 588w,https:\/\/a.allegroimg.com\/original\/11c31c\/8006631f49e69dedc4dac48a381c\/2-opony-zimowe-285-35R20-MICHELIN-Pilot-Alpin-PA4 836w,https:\/\/a.allegroimg.com\/original\/11c31c\/8006631f49e69dedc4dac48a381c\/2-opony-zimowe-285-35R20-MICHELIN-Pilot-Alpin-PA4 1144w,https:\/\/a.allegroimg.com\/original\/11c31c\/8006631f49e69dedc4dac48a381c\/2-opony-zimowe-285-35R20-MICHELIN-Pilot-Alpin-PA4 1144w\" sizes=\"(min-width: 1200px) 560px, (min-width: 992px) 50vw, 100vw\" width=\"1144px\" alt=\"2 opony zimowe 285\/35R20 MICHELIN Pilot Alpin PA4\"\/ style=\"max-width: 100%; height: auto; display: block; margin: 0 auto;\"><\/div>\n<\/div>\n<\/div>\n<\/div>\n<\/div>\n<\/div>\n<div style=\"clear: both; display: block; margin: 10px 0;\">\n<div style=\"clear: both; display: block; margin: 10px 0;\">\n<div style=\"clear: both; display: block; margin: 10px 0;\">\n<div  style=\"max-width:213px;max-height:312px\">\n<div style=\"clear: both; display: block; margin: 10px 0;\">\n<div style=\"clear: both; width: 100%; display: block; margin: 20px 0; padding: 0; float: none; position: static; text-align: center;\"><img decoding=\"async\"  src=\"https:\/\/a.allegroimg.com\/original\/119cfc\/116335774dd88dbe3d6366307593\/2-opony-zimowe-285-35R20-MICHELIN-Pilot-Alpin-PA4-Marka-Michelin\" srcset=\"https:\/\/a.allegroimg.com\/original\/119cfc\/116335774dd88dbe3d6366307593\/2-opony-zimowe-285-35R20-MICHELIN-Pilot-Alpin-PA4-Marka-Michelin 213w,https:\/\/a.allegroimg.com\/original\/119cfc\/116335774dd88dbe3d6366307593\/2-opony-zimowe-285-35R20-MICHELIN-Pilot-Alpin-PA4-Marka-Michelin 213w\" sizes=\"(min-width: 1200px) 560px, (min-width: 992px) 50vw, 100vw\" width=\"213px\" alt=\"2 opony zimowe 285\/35R20 MICHELIN Pilot Alpin PA4 Marka Michelin\"\/ style=\"max-width: 100%; height: auto; display: block; margin: 0 auto;\"><\/div>\n<\/div>\n<\/div>\n<\/div>\n<\/div>\n<div style=\"clear: both; display: block; margin: 10px 0;\">\n<div style=\"clear: both; display: block; margin: 10px 0;\">\n<div  style=\"max-width:640px;max-height:640px\">\n<div style=\"clear: both; display: block; margin: 10px 0;\">\n<div style=\"clear: both; width: 100%; display: block; margin: 20px 0; padding: 0; float: none; position: static; text-align: center;\"><img decoding=\"async\"  src=\"https:\/\/a.allegroimg.com\/original\/116289\/78331c54482ab14313acb78ac2d2\/2-opony-zimowe-285-35R20-MICHELIN-Pilot-Alpin-PA4-Liczba-opon-w-ofercie-2-szt\" srcset=\"https:\/\/a.allegroimg.com\/original\/116289\/78331c54482ab14313acb78ac2d2\/2-opony-zimowe-285-35R20-MICHELIN-Pilot-Alpin-PA4-Liczba-opon-w-ofercie-2-szt 360w,https:\/\/a.allegroimg.com\/original\/116289\/78331c54482ab14313acb78ac2d2\/2-opony-zimowe-285-35R20-MICHELIN-Pilot-Alpin-PA4-Liczba-opon-w-ofercie-2-szt 640w,https:\/\/a.allegroimg.com\/original\/116289\/78331c54482ab14313acb78ac2d2\/2-opony-zimowe-285-35R20-MICHELIN-Pilot-Alpin-PA4-Liczba-opon-w-ofercie-2-szt 640w\" sizes=\"(min-width: 1200px) 560px, (min-width: 992px) 50vw, 100vw\" width=\"640px\" alt=\"2 opony zimowe 285\/35R20 MICHELIN Pilot Alpin PA4 Liczba opon w ofercie 2 szt.\"\/ style=\"max-width: 100%; height: auto; display: block; margin: 0 auto;\"><\/div>\n<\/div>\n<\/div>\n<\/div>\n<\/div>\n<\/div>\n<div style=\"clear: both; display: block; margin: 10px 0;\">\n<div style=\"clear: both; display: block; margin: 10px 0;\">\n<div style=\"clear: both; display: block; margin: 10px 0;\">\n<div  style=\"max-width:1600px;max-height:841px\">\n<div style=\"clear: both; display: block; margin: 10px 0;\">\n<div style=\"clear: both; width: 100%; display: block; margin: 20px 0; padding: 0; float: none; position: static; text-align: center;\"><img decoding=\"async\"  src=\"https:\/\/a.allegroimg.com\/original\/1126bf\/9ca477024880b31d11dc79a39208\/2-opony-zimowe-285-35R20-MICHELIN-Pilot-Alpin-PA4-Rok-produkcji-2021\" srcset=\"https:\/\/a.allegroimg.com\/original\/1126bf\/9ca477024880b31d11dc79a39208\/2-opony-zimowe-285-35R20-MICHELIN-Pilot-Alpin-PA4-Rok-produkcji-2021 360w,https:\/\/a.allegroimg.com\/original\/1126bf\/9ca477024880b31d11dc79a39208\/2-opony-zimowe-285-35R20-MICHELIN-Pilot-Alpin-PA4-Rok-produkcji-2021 720w,https:\/\/a.allegroimg.com\/original\/1126bf\/9ca477024880b31d11dc79a39208\/2-opony-zimowe-285-35R20-MICHELIN-Pilot-Alpin-PA4-Rok-produkcji-2021 1024w,https:\/\/a.allegroimg.com\/original\/1126bf\/9ca477024880b31d11dc79a39208\/2-opony-zimowe-285-35R20-MICHELIN-Pilot-Alpin-PA4-Rok-produkcji-2021 1440w,https:\/\/a.allegroimg.com\/original\/1126bf\/9ca477024880b31d11dc79a39208\/2-opony-zimowe-285-35R20-MICHELIN-Pilot-Alpin-PA4-Rok-produkcji-2021 1600w\" sizes=\"(min-width: 1200px) 560px, (min-width: 992px) 50vw, 100vw\" width=\"1600px\" alt=\"2 opony zimowe 285\/35R20 MICHELIN Pilot Alpin PA4 Rok produkcji 2021\"\/ style=\"max-width: 100%; height: auto; display: block; margin: 0 auto;\"><\/div>\n<\/div>\n<\/div>\n<\/div>\n<\/div>\n<div style=\"clear: both; display: block; margin: 10px 0;\">\n<div style=\"clear: both; display: block; margin: 10px 0;\">\n<p style=\"margin: 15px 0; line-height: 1.8; clear: both; display: block; width: 100%; float: none; position: static;\"><b>Michelin<\/b> to najwi\u0119kszy w Europie i jeden z najwi\u0119kszych na \u015bwiecie producent\u00f3w opon. Marka powsta\u0142a w 1889 roku w Francji. Obecnie koncern posiada 67 zak\u0142ad\u00f3w produkcyjnych w 17 krajach oraz 3 centra technologiczne zlokalizowane we Francji, Japonii i Stanach Zjednoczonych. Produkty marki dost\u0119pne s\u0105 w ponad 170 krajach \u015bwiata. Przedsi\u0119biorstwo s\u0142ynie g\u0142\u00f3wnie z produkcji opon do pojazd\u00f3w osobowych, ci\u0119\u017carowych, rolniczych, motocykli, a tak\u017ce d\u0119tek i opon rowerowych oraz opon do samolot\u00f3w i prom\u00f3w kosmicznych. Firma s\u0142ynie z innowacyjnych technologicznie rozwi\u0105za\u0144 i produkt\u00f3w najwy\u017cszej jako\u015bci. Do grupy Michelin nale\u017c\u0105 m.in. takie marki opon jak: Kleber, BFGoodrich, Riken, Kormoran, Tigar.<\/p>\n<\/div>\n<\/div>\n<\/div>\n<div style=\"clear: both; display: block; margin: 10px 0;\">\n<div style=\"clear: both; display: block; margin: 10px 0;\">\n<div style=\"clear: both; display: block; margin: 10px 0;\">\n<div  style=\"max-width:700px;max-height:700px\">\n<div style=\"clear: both; display: block; margin: 10px 0;\">\n<div style=\"clear: both; width: 100%; display: block; margin: 20px 0; padding: 0; float: none; position: static; text-align: center;\"><img decoding=\"async\"  src=\"https:\/\/a.allegroimg.com\/original\/11f5b8\/9c127d7f4eae8d63c32d9de6eaaa\/2-opony-zimowe-285-35R20-MICHELIN-Pilot-Alpin-PA4-Profil-opony-35\" srcset=\"https:\/\/a.allegroimg.com\/original\/11f5b8\/9c127d7f4eae8d63c32d9de6eaaa\/2-opony-zimowe-285-35R20-MICHELIN-Pilot-Alpin-PA4-Profil-opony-35 359w,https:\/\/a.allegroimg.com\/original\/11f5b8\/9c127d7f4eae8d63c32d9de6eaaa\/2-opony-zimowe-285-35R20-MICHELIN-Pilot-Alpin-PA4-Profil-opony-35 700w,https:\/\/a.allegroimg.com\/original\/11f5b8\/9c127d7f4eae8d63c32d9de6eaaa\/2-opony-zimowe-285-35R20-MICHELIN-Pilot-Alpin-PA4-Profil-opony-35 700w\" sizes=\"100vw\" width=\"700px\" alt=\"2 opony zimowe 285\/35R20 MICHELIN Pilot Alpin PA4 Profil opony 35\"\/ style=\"max-width: 100%; height: auto; display: block; margin: 0 auto;\"><\/div>\n<\/div>\n<\/div>\n<\/div>\n<\/div>\n<\/div>\n<div style=\"clear: both; display: block; margin: 10px 0;\">\n<div style=\"clear: both; display: block; margin: 10px 0;\">\n<div style=\"clear: both; display: block; margin: 10px 0;\">\n<h2>Na naszych innych aukcjach Allegro znajdziesz felgi stalowe i aluminiowe, czujniki (TPMS) oraz \u015bruby i nakr\u0119tki.<\/h2>\n<\/div>\n<\/div>\n<\/div>\n<\/div>\n<\/div>\n<\/div>\n<div style=\"clear: both; display: block; margin: 10px 0;\">\n","protected":false},"excerpt":{"rendered":"<p>MARKA\/MODEL: MICHELIN Pilot Alpin PA4 MO<\/p>\n<p>ROZMIAR OPON: 285\/35R20<\/p>\n<p>INDEKS PR\u0118DKO\u015aCI: V<\/p>\n<p>INDEKS NO\u015aNO\u015aCI: 104 XL<\/p>\n<p>DATA PRODUKCJI: nie starsze ni\u017c grudzie\u0144 2021<\/p>\n<p>SEZON: Zimowe<\/p>\n<p>STAN: Nowy<\/p>\n<p>RANT OCHRONNY NA FELG\u0118: TAK<\/p>\n","protected":false},"featured_media":12874,"template":"","meta":{"_uag_custom_page_level_css":""},"product_brand":[429],"product_cat":[414,413,412,415],"product_tag":[],"class_list":{"0":"post-12873","1":"product","2":"type-product","3":"status-publish","4":"has-post-thumbnail","6":"product_brand-michelin","7":"product_cat-do-samochodow-osobowych-i-suv","8":"product_cat-opony","9":"product_cat-opony-i-felgi","10":"product_cat-zimowe","12":"first","13":"instock","14":"shipping-taxable","15":"purchasable","16":"product-type-simple"},"uagb_featured_image_src":{"full":["https:\/\/oponixo.shop\/tire\/wp-content\/uploads\/2026\/01\/allegro-image-12873.jpg",1144,1400,false],"thumbnail":["https:\/\/oponixo.shop\/tire\/wp-content\/uploads\/2026\/01\/allegro-image-12873-150x150.jpg",150,150,true],"medium":["https:\/\/oponixo.shop\/tire\/wp-content\/uploads\/2026\/01\/allegro-image-12873-245x300.jpg",245,300,true],"medium_large":["https:\/\/oponixo.shop\/tire\/wp-content\/uploads\/2026\/01\/allegro-image-12873-768x940.jpg",768,940,true],"large":["https:\/\/oponixo.shop\/tire\/wp-content\/uploads\/2026\/01\/allegro-image-12873-837x1024.jpg",837,1024,true],"1536x1536":["https:\/\/oponixo.shop\/tire\/wp-content\/uploads\/2026\/01\/allegro-image-12873.jpg",1144,1400,false],"2048x2048":["https:\/\/oponixo.shop\/tire\/wp-content\/uploads\/2026\/01\/allegro-image-12873.jpg",1144,1400,false],"woocommerce_thumbnail":["https:\/\/oponixo.shop\/tire\/wp-content\/uploads\/2026\/01\/allegro-image-12873-300x300.jpg",300,300,true],"woocommerce_single":["https:\/\/oponixo.shop\/tire\/wp-content\/uploads\/2026\/01\/allegro-image-12873-600x734.jpg",600,734,true],"woocommerce_gallery_thumbnail":["https:\/\/oponixo.shop\/tire\/wp-content\/uploads\/2026\/01\/allegro-image-12873-100x100.jpg",100,100,true]},"uagb_author_info":{"display_name":"admin","author_link":"https:\/\/oponixo.shop\/tire\/author\/"},"uagb_comment_info":0,"uagb_excerpt":"MARKA\/MODEL: MICHELIN Pilot Alpin PA4 MO ROZMIAR OPON: 285\/35R20 INDEKS PR\u0118DKO\u015aCI: V INDEKS NO\u015aNO\u015aCI: 104 XL DATA PRODUKCJI: nie starsze ni\u017c grudzie\u0144 2021 SEZON: Zimowe STAN: Nowy RANT OCHRONNY NA FELG\u0118: TAK","_links":{"self":[{"href":"https:\/\/oponixo.shop\/tire\/wp-json\/wp\/v2\/product\/12873","targetHints":{"allow":["GET"]}}],"collection":[{"href":"https:\/\/oponixo.shop\/tire\/wp-json\/wp\/v2\/product"}],"about":[{"href":"https:\/\/oponixo.shop\/tire\/wp-json\/wp\/v2\/types\/product"}],"wp:featuredmedia":[{"embeddable":true,"href":"https:\/\/oponixo.shop\/tire\/wp-json\/wp\/v2\/media\/12874"}],"wp:attachment":[{"href":"https:\/\/oponixo.shop\/tire\/wp-json\/wp\/v2\/media?parent=12873"}],"wp:term":[{"taxonomy":"product_brand","embeddable":true,"href":"https:\/\/oponixo.shop\/tire\/wp-json\/wp\/v2\/product_brand?post=12873"},{"taxonomy":"product_cat","embeddable":true,"href":"https:\/\/oponixo.shop\/tire\/wp-json\/wp\/v2\/product_cat?post=12873"},{"taxonomy":"product_tag","embeddable":true,"href":"https:\/\/oponixo.shop\/tire\/wp-json\/wp\/v2\/product_tag?post=12873"}],"curies":[{"name":"wp","href":"https:\/\/api.w.org\/{rel}","templated":true}]}}