{"id":12872,"date":"2026-01-04T14:40:16","date_gmt":"2026-01-04T13:40:16","guid":{"rendered":"https:\/\/oponyexpert.shop\/xef5\/produkt\/2-opony-zimowe-285-35r20-104v-pirelli-winter-sottozero-3\/"},"modified":"2026-01-04T14:40:16","modified_gmt":"2026-01-04T13:40:16","slug":"2-opony-zimowe-285-35r20-104v-pirelli-winter-sottozero-3","status":"publish","type":"product","link":"https:\/\/oponixo.shop\/tire\/produkt\/2-opony-zimowe-285-35r20-104v-pirelli-winter-sottozero-3\/","title":{"rendered":"2 opony zimowe 285\/35R20 104V PIRELLI Winter SottoZero 3"},"content":{"rendered":"<div style=\"font-family: Arial, sans-serif; line-height: 1.6; color: #333; padding: 20px; clear: both; display: block; width: 100%; float: none; position: static; overflow: hidden;\">\n<div style=\"clear: both; display: block; margin: 10px 0;\">\n<div style=\"clear: both; display: block; margin: 10px 0;\">\n<div style=\"clear: both; display: block; margin: 10px 0;\">\n<ul style=\"margin: 15px 0; padding-left: 20px; clear: both; display: block; width: 100%; float: none; position: static;\">\n<li style=\"margin: 5px 0; padding: 2px 0; clear: both; display: list-item; float: none; position: static;\">MARKA\/MODEL: <b>PIRELLI Winter SottoZero 3 MO<\/b><\/li>\n<li style=\"margin: 5px 0; padding: 2px 0; clear: both; display: list-item; float: none; position: static;\">ROZMIAR OPON: <b> 285\/35R20<\/b><\/li>\n<li style=\"margin: 5px 0; padding: 2px 0; clear: both; display: list-item; float: none; position: static;\">INDEKS PR\u0118DKO\u015aCI: <b>V<\/b><\/li>\n<li style=\"margin: 5px 0; padding: 2px 0; clear: both; display: list-item; float: none; position: static;\">INDEKS NO\u015aNO\u015aCI: <b>104 XL<\/b><\/li>\n<li style=\"margin: 5px 0; padding: 2px 0; clear: both; display: list-item; float: none; position: static;\">DATA PRODUKCJI: <b>nie starsze ni\u017c 2022<\/b><\/li>\n<li style=\"margin: 5px 0; padding: 2px 0; clear: both; display: list-item; float: none; position: static;\">SEZON: <b>Zimowe<\/b><\/li>\n<li style=\"margin: 5px 0; padding: 2px 0; clear: both; display: list-item; float: none; position: static;\">STAN: <b>Nowy<\/b><\/li>\n<li style=\"margin: 5px 0; padding: 2px 0; clear: both; display: list-item; float: none; position: static;\">RANT OCHRONNY NA FELG\u0118: <b>TAK<\/b><\/li>\n<li style=\"margin: 5px 0; padding: 2px 0; clear: both; display: list-item; float: none; position: static;\">DODATKOWE OZNACZENIA: <\/li>\n<\/ul>\n<\/div>\n<\/div>\n<div style=\"clear: both; display: block; margin: 10px 0;\">\n<div style=\"clear: both; display: block; margin: 10px 0;\">\n<div  style=\"max-width:992px;max-height:992px\">\n<div style=\"clear: both; display: block; margin: 10px 0;\">\n<div style=\"clear: both; width: 100%; display: block; margin: 20px 0; padding: 0; float: none; position: static; text-align: center;\"><img decoding=\"async\"  src=\"https:\/\/a.allegroimg.com\/original\/11d062\/f0efd7774ad9b679f0b22e7f72a1\/2-opony-zimowe-285-35R20-104V-PIRELLI-Winter-SottoZero-3\" srcset=\"https:\/\/a.allegroimg.com\/original\/11d062\/f0efd7774ad9b679f0b22e7f72a1\/2-opony-zimowe-285-35R20-104V-PIRELLI-Winter-SottoZero-3 360w,https:\/\/a.allegroimg.com\/original\/11d062\/f0efd7774ad9b679f0b22e7f72a1\/2-opony-zimowe-285-35R20-104V-PIRELLI-Winter-SottoZero-3 720w,https:\/\/a.allegroimg.com\/original\/11d062\/f0efd7774ad9b679f0b22e7f72a1\/2-opony-zimowe-285-35R20-104V-PIRELLI-Winter-SottoZero-3 992w,https:\/\/a.allegroimg.com\/original\/11d062\/f0efd7774ad9b679f0b22e7f72a1\/2-opony-zimowe-285-35R20-104V-PIRELLI-Winter-SottoZero-3 992w\" sizes=\"(min-width: 1200px) 560px, (min-width: 992px) 50vw, 100vw\" width=\"992px\" alt=\"2 opony zimowe 285\/35R20 104V PIRELLI Winter SottoZero 3\"\/ style=\"max-width: 100%; height: auto; display: block; margin: 0 auto;\"><\/div>\n<\/div>\n<\/div>\n<\/div>\n<\/div>\n<\/div>\n<div style=\"clear: both; display: block; margin: 10px 0;\">\n<div style=\"clear: both; display: block; margin: 10px 0;\">\n<div style=\"clear: both; display: block; margin: 10px 0;\">\n<div  style=\"max-width:886px;max-height:1299px\">\n<div style=\"clear: both; display: block; margin: 10px 0;\">\n<div style=\"clear: both; width: 100%; display: block; margin: 20px 0; padding: 0; float: none; position: static; text-align: center;\"><img decoding=\"async\"  src=\"https:\/\/a.allegroimg.com\/original\/111b36\/8954c5fa4140a642758995305c4b\/2-opony-zimowe-285-35R20-104V-PIRELLI-Winter-SottoZero-3-Liczba-opon-w-ofercie-2-szt\" srcset=\"https:\/\/a.allegroimg.com\/original\/111b36\/8954c5fa4140a642758995305c4b\/2-opony-zimowe-285-35R20-104V-PIRELLI-Winter-SottoZero-3-Liczba-opon-w-ofercie-2-szt 245w,https:\/\/a.allegroimg.com\/original\/111b36\/8954c5fa4140a642758995305c4b\/2-opony-zimowe-285-35R20-104V-PIRELLI-Winter-SottoZero-3-Liczba-opon-w-ofercie-2-szt 491w,https:\/\/a.allegroimg.com\/original\/111b36\/8954c5fa4140a642758995305c4b\/2-opony-zimowe-285-35R20-104V-PIRELLI-Winter-SottoZero-3-Liczba-opon-w-ofercie-2-szt 698w,https:\/\/a.allegroimg.com\/original\/111b36\/8954c5fa4140a642758995305c4b\/2-opony-zimowe-285-35R20-104V-PIRELLI-Winter-SottoZero-3-Liczba-opon-w-ofercie-2-szt 886w,https:\/\/a.allegroimg.com\/original\/111b36\/8954c5fa4140a642758995305c4b\/2-opony-zimowe-285-35R20-104V-PIRELLI-Winter-SottoZero-3-Liczba-opon-w-ofercie-2-szt 886w\" sizes=\"100vw\" width=\"886px\" alt=\"2 opony zimowe 285\/35R20 104V PIRELLI Winter SottoZero 3 Liczba opon w ofercie 2 szt.\"\/ style=\"max-width: 100%; height: auto; display: block; margin: 0 auto;\"><\/div>\n<\/div>\n<\/div>\n<\/div>\n<\/div>\n<\/div>\n<div style=\"clear: both; display: block; margin: 10px 0;\">\n<div style=\"clear: both; display: block; margin: 10px 0;\">\n<div style=\"clear: both; display: block; margin: 10px 0;\">\n<div  style=\"max-width:1600px;max-height:418px\">\n<div style=\"clear: both; display: block; margin: 10px 0;\">\n<div style=\"clear: both; width: 100%; display: block; margin: 20px 0; padding: 0; float: none; position: static; text-align: center;\"><img decoding=\"async\"  src=\"https:\/\/a.allegroimg.com\/original\/119d99\/b09325a54a589d2fdab4b2039b4f\/2-opony-zimowe-285-35R20-104V-PIRELLI-Winter-SottoZero-3-Rok-produkcji-2022\" srcset=\"https:\/\/a.allegroimg.com\/original\/119d99\/b09325a54a589d2fdab4b2039b4f\/2-opony-zimowe-285-35R20-104V-PIRELLI-Winter-SottoZero-3-Rok-produkcji-2022 360w,https:\/\/a.allegroimg.com\/original\/119d99\/b09325a54a589d2fdab4b2039b4f\/2-opony-zimowe-285-35R20-104V-PIRELLI-Winter-SottoZero-3-Rok-produkcji-2022 720w,https:\/\/a.allegroimg.com\/original\/119d99\/b09325a54a589d2fdab4b2039b4f\/2-opony-zimowe-285-35R20-104V-PIRELLI-Winter-SottoZero-3-Rok-produkcji-2022 1024w,https:\/\/a.allegroimg.com\/original\/119d99\/b09325a54a589d2fdab4b2039b4f\/2-opony-zimowe-285-35R20-104V-PIRELLI-Winter-SottoZero-3-Rok-produkcji-2022 1440w,https:\/\/a.allegroimg.com\/original\/119d99\/b09325a54a589d2fdab4b2039b4f\/2-opony-zimowe-285-35R20-104V-PIRELLI-Winter-SottoZero-3-Rok-produkcji-2022 1600w\" sizes=\"(min-width: 1200px) 560px, (min-width: 992px) 50vw, 100vw\" width=\"1600px\" alt=\"2 opony zimowe 285\/35R20 104V PIRELLI Winter SottoZero 3 Rok produkcji 2022\"\/ style=\"max-width: 100%; height: auto; display: block; margin: 0 auto;\"><\/div>\n<\/div>\n<\/div>\n<\/div>\n<\/div>\n<div style=\"clear: both; display: block; margin: 10px 0;\">\n<div style=\"clear: both; display: block; margin: 10px 0;\">\n<p style=\"margin: 15px 0; line-height: 1.8; clear: both; display: block; width: 100%; float: none; position: static;\"><b>Pirelli<\/b>&#8211; w\u0142oska marka opon za\u0142o\u017cona przez Giovanniego Battist\u0119 Pirelli w 1872 roku. Przedsi\u0119biorstwo od zawsze kojarzy si\u0119 ze sportem. G\u0142\u00f3wnymi produktami s\u0105 opony osobowe oraz motocyklowe. Posiada zak\u0142ady produkcyjne ulokowane na ka\u017cdym kontynencie. Jest jednym z pi\u0119ciu najwi\u0119kszych przedsi\u0119biorstw na \u015bwiatowym rynku opon. Od 2011 roku nieprzerwanie dostarcza ogumienie dla F1. Pirelli znane jest r\u00f3wnie\u017c z wydawanych corocznie kalendarzy zawieraj\u0105cych fotograficzne akty modelek oraz portrety gwiazd.<\/p>\n<\/div>\n<\/div>\n<\/div>\n<div style=\"clear: both; display: block; margin: 10px 0;\">\n<div style=\"clear: both; display: block; margin: 10px 0;\">\n<div style=\"clear: both; display: block; margin: 10px 0;\">\n<div  style=\"max-width:992px;max-height:992px\">\n<div style=\"clear: both; display: block; margin: 10px 0;\">\n<div style=\"clear: both; width: 100%; display: block; margin: 20px 0; padding: 0; float: none; position: static; text-align: center;\"><img decoding=\"async\"  src=\"https:\/\/a.allegroimg.com\/original\/11ea2e\/b0ab6d384a5c8bd0b22d41a88ee1\/2-opony-zimowe-285-35R20-104V-PIRELLI-Winter-SottoZero-3-Marka-Pirelli\" srcset=\"https:\/\/a.allegroimg.com\/original\/11ea2e\/b0ab6d384a5c8bd0b22d41a88ee1\/2-opony-zimowe-285-35R20-104V-PIRELLI-Winter-SottoZero-3-Marka-Pirelli 360w,https:\/\/a.allegroimg.com\/original\/11ea2e\/b0ab6d384a5c8bd0b22d41a88ee1\/2-opony-zimowe-285-35R20-104V-PIRELLI-Winter-SottoZero-3-Marka-Pirelli 720w,https:\/\/a.allegroimg.com\/original\/11ea2e\/b0ab6d384a5c8bd0b22d41a88ee1\/2-opony-zimowe-285-35R20-104V-PIRELLI-Winter-SottoZero-3-Marka-Pirelli 992w,https:\/\/a.allegroimg.com\/original\/11ea2e\/b0ab6d384a5c8bd0b22d41a88ee1\/2-opony-zimowe-285-35R20-104V-PIRELLI-Winter-SottoZero-3-Marka-Pirelli 992w\" sizes=\"100vw\" width=\"992px\" alt=\"2 opony zimowe 285\/35R20 104V PIRELLI Winter SottoZero 3 Marka Pirelli\"\/ style=\"max-width: 100%; height: auto; display: block; margin: 0 auto;\"><\/div>\n<\/div>\n<\/div>\n<\/div>\n<\/div>\n<\/div>\n<div style=\"clear: both; display: block; margin: 10px 0;\">\n<div style=\"clear: both; display: block; margin: 10px 0;\">\n<div style=\"clear: both; display: block; margin: 10px 0;\">\n<h2>Na naszych innych aukcjach Allegro znajdziesz felgi stalowe i aluminiowe, czujniki (TPMS) oraz \u015bruby i nakr\u0119tki.<\/h2>\n<\/div>\n<\/div>\n<\/div>\n<\/div>\n<\/div>\n<\/div>\n<div style=\"clear: both; display: block; margin: 10px 0;\">\n","protected":false},"excerpt":{"rendered":"<p>MARKA\/MODEL: PIRELLI Winter SottoZero 3 MO<\/p>\n<p>ROZMIAR OPON: 285\/35R20<\/p>\n<p>INDEKS PR\u0118DKO\u015aCI: V<\/p>\n<p>INDEKS NO\u015aNO\u015aCI: 104 XL<\/p>\n<p>DATA PRODUKCJI: nie starsze ni\u017c 2022<\/p>\n<p>SEZON: Zimowe<\/p>\n<p>STAN: Nowy<\/p>\n<p>RANT OCHRONNY NA FELG\u0118: TAK<\/p>\n","protected":false},"featured_media":0,"template":"","meta":{"_uag_custom_page_level_css":""},"product_brand":[433],"product_cat":[414,413,412,415],"product_tag":[],"class_list":{"0":"post-12872","1":"product","2":"type-product","3":"status-publish","5":"product_brand-pirelli","6":"product_cat-do-samochodow-osobowych-i-suv","7":"product_cat-opony","8":"product_cat-opony-i-felgi","9":"product_cat-zimowe","11":"first","12":"instock","13":"shipping-taxable","14":"purchasable","15":"product-type-simple"},"uagb_featured_image_src":{"full":false,"thumbnail":false,"medium":false,"medium_large":false,"large":false,"1536x1536":false,"2048x2048":false,"woocommerce_thumbnail":false,"woocommerce_single":false,"woocommerce_gallery_thumbnail":false},"uagb_author_info":{"display_name":"admin","author_link":"https:\/\/oponixo.shop\/tire\/author\/"},"uagb_comment_info":0,"uagb_excerpt":"MARKA\/MODEL: PIRELLI Winter SottoZero 3 MO ROZMIAR OPON: 285\/35R20 INDEKS PR\u0118DKO\u015aCI: V INDEKS NO\u015aNO\u015aCI: 104 XL DATA PRODUKCJI: nie starsze ni\u017c 2022 SEZON: Zimowe STAN: Nowy RANT OCHRONNY NA FELG\u0118: TAK","_links":{"self":[{"href":"https:\/\/oponixo.shop\/tire\/wp-json\/wp\/v2\/product\/12872","targetHints":{"allow":["GET"]}}],"collection":[{"href":"https:\/\/oponixo.shop\/tire\/wp-json\/wp\/v2\/product"}],"about":[{"href":"https:\/\/oponixo.shop\/tire\/wp-json\/wp\/v2\/types\/product"}],"wp:attachment":[{"href":"https:\/\/oponixo.shop\/tire\/wp-json\/wp\/v2\/media?parent=12872"}],"wp:term":[{"taxonomy":"product_brand","embeddable":true,"href":"https:\/\/oponixo.shop\/tire\/wp-json\/wp\/v2\/product_brand?post=12872"},{"taxonomy":"product_cat","embeddable":true,"href":"https:\/\/oponixo.shop\/tire\/wp-json\/wp\/v2\/product_cat?post=12872"},{"taxonomy":"product_tag","embeddable":true,"href":"https:\/\/oponixo.shop\/tire\/wp-json\/wp\/v2\/product_tag?post=12872"}],"curies":[{"name":"wp","href":"https:\/\/api.w.org\/{rel}","templated":true}]}}