{"id":12786,"date":"2026-01-04T14:39:21","date_gmt":"2026-01-04T13:39:21","guid":{"rendered":"https:\/\/oponyexpert.shop\/xef5\/produkt\/2-x-opony-caloroczne-tristar-255-35r20-97y\/"},"modified":"2026-01-04T14:39:22","modified_gmt":"2026-01-04T13:39:22","slug":"2-x-opony-caloroczne-tristar-255-35r20-97y","status":"publish","type":"product","link":"https:\/\/oponexa.shop\/tire\/produkt\/2-x-opony-caloroczne-tristar-255-35r20-97y\/","title":{"rendered":"2 x Opony ca\u0142oroczne TRISTAR 255\/35R20 97Y"},"content":{"rendered":"<div style=\"font-family: Arial, sans-serif; line-height: 1.6; color: #333; padding: 20px; clear: both; display: block; width: 100%; float: none; position: static; overflow: hidden;\">\n<div style=\"clear: both; display: block; margin: 10px 0;\">\n<div style=\"clear: both; display: block; margin: 10px 0;\">\n<div style=\"clear: both; display: block; margin: 10px 0;\">\n<p style=\"margin: 15px 0; line-height: 1.8; clear: both; display: block; width: 100%; float: none; position: static;\">PRZEDMIOTEM AUKCJI JEST PARA NOWYCH OPON CA\u0141OROCZNYCH<\/p>\n<p style=\"margin: 15px 0; line-height: 1.8; clear: both; display: block; width: 100%; float: none; position: static;\">TRISTAR AS POWER 255\/35R20 97Y<\/p>\n<p style=\"margin: 15px 0; line-height: 1.8; clear: both; display: block; width: 100%; float: none; position: static;\">Gwarancja &#8211; 5 lat<br \/>\n    (liczone od daty zakupu) Rok produkcji opon &#8211; 2024\/2025<\/p>\n<p style=\"margin: 15px 0; line-height: 1.8; clear: both; display: block; width: 100%; float: none; position: static;\">Opony te s\u0105 zaprojektowane specjalnie dla wymagaj\u0105cych<br \/>\n    klient\u00f3w. Opony doskonale radz\u0105 sobie na mokrej i suchej nawierzchni, szybko odprowadzaj\u0105 wod\u0119 \u00a0i minimalizuj\u0105<br \/>\n    ryzyko wyst\u0105pienia aquaplaningu. Opony zapewnia kr\u00f3tk\u0105 drog\u0119 hamowania oraz doskona\u0142e trzymanie w<br \/>\n    zakr\u0119tach.<\/p>\n<\/div>\n<\/div>\n<div style=\"clear: both; display: block; margin: 10px 0;\">\n<div style=\"clear: both; display: block; margin: 10px 0;\">\n<div  style=\"max-width:420px;max-height:420px\">\n<div style=\"clear: both; display: block; margin: 10px 0;\">\n<div style=\"clear: both; width: 100%; display: block; margin: 20px 0; padding: 0; float: none; position: static; text-align: center;\"><img decoding=\"async\"  src=\"https:\/\/a.allegroimg.com\/original\/110b79\/f0f26215485b928dd0450a023577\/2-x-Opony-caloroczne-TRISTAR-255-35R20-97Y\" srcset=\"https:\/\/a.allegroimg.com\/original\/110b79\/f0f26215485b928dd0450a023577\/2-x-Opony-caloroczne-TRISTAR-255-35R20-97Y 360w,https:\/\/a.allegroimg.com\/original\/110b79\/f0f26215485b928dd0450a023577\/2-x-Opony-caloroczne-TRISTAR-255-35R20-97Y 420w,https:\/\/a.allegroimg.com\/original\/110b79\/f0f26215485b928dd0450a023577\/2-x-Opony-caloroczne-TRISTAR-255-35R20-97Y 420w\" sizes=\"(min-width: 1200px) 560px, (min-width: 992px) 50vw, 100vw\" width=\"420px\" alt=\"2 x Opony ca\u0142oroczne TRISTAR 255\/35R20 97Y\"\/ style=\"max-width: 100%; height: auto; display: block; margin: 0 auto;\"><\/div>\n<\/div>\n<\/div>\n<\/div>\n<\/div>\n<\/div>\n<\/div>\n<\/div>\n<\/div>\n<div style=\"clear: both; display: block; margin: 10px 0;\">\n","protected":false},"excerpt":{"rendered":"<p>PRZEDMIOTEM AUKCJI JEST PARA NOWYCH OPON CA\u0141OROCZNYCH<\/p>\n<p>TRISTAR AS POWER 255\/35R20 97Y<\/p>\n<p>Gwarancja &#8211; 5 lat<\/p>\n<p>(liczone od daty zakupu) Rok produkcji opon &#8211; 2024\/2025<\/p>\n<p>Opony te s\u0105 zaprojektowane specjalnie dla wymagaj\u0105cych<\/p>\n<p>klient\u00f3w. Opony doskonale radz\u0105 sobie na mokrej i suchej nawierzchni, szybko odprowadzaj\u0105 wod\u0119 \u00a0i minimalizuj\u0105<\/p>\n<p>ryzyko wyst\u0105pienia aquaplaningu. Opony zapewnia kr\u00f3tk\u0105 drog\u0119 hamowania oraz doskona\u0142e trzymanie w<\/p>\n<p>zakr\u0119tach.<\/p>\n","protected":false},"featured_media":12787,"template":"","meta":{"_uag_custom_page_level_css":""},"product_brand":[463],"product_cat":[416,414,413,412],"product_tag":[],"class_list":{"0":"post-12786","1":"product","2":"type-product","3":"status-publish","4":"has-post-thumbnail","6":"product_brand-tristar","7":"product_cat-caloroczne","8":"product_cat-do-samochodow-osobowych-i-suv","9":"product_cat-opony","10":"product_cat-opony-i-felgi","12":"first","13":"instock","14":"shipping-taxable","15":"purchasable","16":"product-type-simple"},"uagb_featured_image_src":{"full":["https:\/\/oponexa.shop\/tire\/wp-content\/uploads\/2026\/01\/allegro-image-12786.jpg",420,420,false],"thumbnail":["https:\/\/oponexa.shop\/tire\/wp-content\/uploads\/2026\/01\/allegro-image-12786-150x150.jpg",150,150,true],"medium":["https:\/\/oponexa.shop\/tire\/wp-content\/uploads\/2026\/01\/allegro-image-12786-300x300.jpg",300,300,true],"medium_large":["https:\/\/oponexa.shop\/tire\/wp-content\/uploads\/2026\/01\/allegro-image-12786.jpg",420,420,false],"large":["https:\/\/oponexa.shop\/tire\/wp-content\/uploads\/2026\/01\/allegro-image-12786.jpg",420,420,false],"1536x1536":["https:\/\/oponexa.shop\/tire\/wp-content\/uploads\/2026\/01\/allegro-image-12786.jpg",420,420,false],"2048x2048":["https:\/\/oponexa.shop\/tire\/wp-content\/uploads\/2026\/01\/allegro-image-12786.jpg",420,420,false],"woocommerce_thumbnail":["https:\/\/oponexa.shop\/tire\/wp-content\/uploads\/2026\/01\/allegro-image-12786-300x300.jpg",300,300,true],"woocommerce_single":["https:\/\/oponexa.shop\/tire\/wp-content\/uploads\/2026\/01\/allegro-image-12786.jpg",420,420,false],"woocommerce_gallery_thumbnail":["https:\/\/oponexa.shop\/tire\/wp-content\/uploads\/2026\/01\/allegro-image-12786-100x100.jpg",100,100,true]},"uagb_author_info":{"display_name":"admin","author_link":"https:\/\/oponexa.shop\/tire\/author\/"},"uagb_comment_info":0,"uagb_excerpt":"PRZEDMIOTEM AUKCJI JEST PARA NOWYCH OPON CA\u0141OROCZNYCH TRISTAR AS POWER 255\/35R20 97Y Gwarancja - 5 lat (liczone od daty zakupu) Rok produkcji opon - 2024\/2025 Opony te s\u0105 zaprojektowane specjalnie dla wymagaj\u0105cych klient\u00f3w. Opony doskonale radz\u0105 sobie na mokrej i suchej nawierzchni, szybko odprowadzaj\u0105 wod\u0119 \u00a0i minimalizuj\u0105 ryzyko wyst\u0105pienia aquaplaningu. Opony zapewnia kr\u00f3tk\u0105 drog\u0119 hamowania&hellip;","_links":{"self":[{"href":"https:\/\/oponexa.shop\/tire\/wp-json\/wp\/v2\/product\/12786","targetHints":{"allow":["GET"]}}],"collection":[{"href":"https:\/\/oponexa.shop\/tire\/wp-json\/wp\/v2\/product"}],"about":[{"href":"https:\/\/oponexa.shop\/tire\/wp-json\/wp\/v2\/types\/product"}],"wp:featuredmedia":[{"embeddable":true,"href":"https:\/\/oponexa.shop\/tire\/wp-json\/wp\/v2\/media\/12787"}],"wp:attachment":[{"href":"https:\/\/oponexa.shop\/tire\/wp-json\/wp\/v2\/media?parent=12786"}],"wp:term":[{"taxonomy":"product_brand","embeddable":true,"href":"https:\/\/oponexa.shop\/tire\/wp-json\/wp\/v2\/product_brand?post=12786"},{"taxonomy":"product_cat","embeddable":true,"href":"https:\/\/oponexa.shop\/tire\/wp-json\/wp\/v2\/product_cat?post=12786"},{"taxonomy":"product_tag","embeddable":true,"href":"https:\/\/oponexa.shop\/tire\/wp-json\/wp\/v2\/product_tag?post=12786"}],"curies":[{"name":"wp","href":"https:\/\/api.w.org\/{rel}","templated":true}]}}